{"id":105562,"date":"2026-02-24T06:12:01","date_gmt":"2026-02-24T05:12:01","guid":{"rendered":"https:\/\/truusk.store\/product\/metallverktygshus-11-m%c2%b2-verktygsskjul-med-sadeltak-lasbar-skjutdorr-handskar-136-x-87-x-179-cm\/"},"modified":"2026-03-12T08:50:53","modified_gmt":"2026-03-12T07:50:53","slug":"truusk-metallverktygshus-11-m%c2%b2-verktygsskjul-med-sadeltak-lasbar-skjutdorr-handskar-136-x-87-x-179-cm","status":"publish","type":"product","link":"https:\/\/truusk.store\/sv\/produkt\/truusk-metallverktygshus-11-m%c2%b2-verktygsskjul-med-sadeltak-lasbar-skjutdorr-handskar-136-x-87-x-179-cm\/","title":{"rendered":"TRUUSK Metallverktygshus 1,1 M\u00b2 &#8211; Verktygsskjul Med Sadeltak &#8211; L\u00e5sbar Skjutd\u00f6rr &#8211; Handskar &#8211; 136 x 87 x 179 cm"},"content":{"rendered":"<p>St\u00f6rd av instabila skjul som inte skyddar dina verktyg mot v\u00e4derp\u00e5verkan? Oro f\u00f6r rost och vattenskador vid d\u00e5ligt v\u00e4der \u00e4r ett minne blott. Detta [BRAND NAME] metalltr\u00e4dg\u00e5rdshus \u00f6vertygar med en robust design. Ett lutande tak och galvaniserat st\u00e5l h\u00e5ller allt torrt, medan skjutd\u00f6rren m\u00f6jligg\u00f6r enkel tillg\u00e5ng till tr\u00e4dg\u00e5rdshuset &#8211; \u00e4ven i smala omr\u00e5den.<\/p>\n<p>Beskrivning:<\/p>\n<ul>\n<li> Tillverkad av galvaniserat st\u00e5l, erbjuder det \u00e5ret runt skydd<\/li>\n<li> En platsbesparande l\u00e5sbar skjutd\u00f6rr m\u00f6jligg\u00f6r enkel tillg\u00e5ng f\u00f6r mindre tr\u00e4dg\u00e5rdar<\/li>\n<li> Sadeltakdesignen f\u00f6rhindrar ansamling av regn och h\u00e5ller alla dina f\u00f6rem\u00e5l torra<\/li>\n<li> Detta metallverktygshus erbjuder gener\u00f6st lagringsutrymme p\u00e5 en liten yta och h\u00e5ller ordning i tr\u00e4dg\u00e5rden<\/li>\n<li> Underh\u00e5llsfritt st\u00e5l i tr\u00e4dg\u00e5rdsskjulet motst\u00e5r f\u00f6rruttnelse och rost<\/li>\n<li> Monteringen rekommenderas av 2-3 personer och tar vanligtvis cirka 1-2 timmar, installationshandskar ing\u00e5r f\u00f6r att skydda h\u00e4nderna<\/li>\n<\/ul>\n<p> Tekniska data:<\/p>\n<ul>\n<li> F\u00e4rg: Brun<\/li>\n<li> Material: Galvaniserat st\u00e5l<\/li>\n<li> Totala dimensioner: 136B x 87D x 179H cm<\/li>\n<li> Golvstorlek: 127B x 87D cm<\/li>\n<li> Inre dimensioner: 120B x 74D cm<\/li>\n<li> D\u00f6rrstorlek: 56B x 155H cm<\/li>\n<li> Sn\u00f6lastkapacitet: 20 kg\/m\u00b2<\/li>\n<\/ul>\n<p>Ing\u00e5r:<\/p>\n<ul>\n<li> 1 x Tr\u00e4dg\u00e5rdslager<\/li>\n<li> Ett par handskar<\/li>\n<li> 1 x Instruktioner<\/li>\n<\/ul>\n","protected":false},"excerpt":{"rendered":"<p>St\u00f6rd av instabila skjul som inte skyddar dina verktyg mot v\u00e4derp\u00e5verkan? Oro f\u00f6r rost och vattenskador vid d\u00e5ligt v\u00e4der \u00e4r&#8230;<\/p>\n","protected":false},"featured_media":105551,"template":"","meta":[],"product_brand":[],"product_cat":[901,1013,858],"product_tag":[],"class_list":{"0":"post-105562","1":"product","2":"type-product","3":"status-publish","4":"has-post-thumbnail","6":"product_cat-ordning-i-tradgarden","7":"product_cat-redskapsskjul-och-verktygshus","8":"product_cat-tradgard-terrass","10":"first","11":"instock","12":"sale","13":"taxable","14":"shipping-taxable","15":"purchasable","16":"product-type-simple"},"yoast_head":"<!-- This site is optimized with the Yoast SEO plugin v25.4 - https:\/\/yoast.com\/wordpress\/plugins\/seo\/ -->\n<title>TRUUSK Metallverktygshus 1,1 M\u00b2 - Verktygsskjul Med Sadeltak - L\u00e5sbar Skjutd\u00f6rr - Handskar - 136 x 87 x 179 cm - TRUUSK - Hem, Tr\u00e4dg\u00e5rd &amp; Fritid<\/title>\n<meta name=\"robots\" content=\"index, follow, max-snippet:-1, max-image-preview:large, max-video-preview:-1\" \/>\n<link rel=\"canonical\" href=\"https:\/\/truusk.store\/sv\/produkt\/truusk-metallverktygshus-11-m%c2%b2-verktygsskjul-med-sadeltak-lasbar-skjutdorr-handskar-136-x-87-x-179-cm\/\" \/>\n<meta property=\"og:locale\" content=\"sv_SE\" \/>\n<meta property=\"og:type\" content=\"article\" \/>\n<meta property=\"og:title\" content=\"TRUUSK Metallverktygshus 1,1 M\u00b2 - Verktygsskjul Med Sadeltak - L\u00e5sbar Skjutd\u00f6rr - Handskar - 136 x 87 x 179 cm - TRUUSK - Hem, Tr\u00e4dg\u00e5rd &amp; Fritid\" \/>\n<meta property=\"og:description\" content=\"St\u00f6rd av instabila skjul som inte skyddar dina verktyg mot v\u00e4derp\u00e5verkan? Oro f\u00f6r rost och vattenskador vid d\u00e5ligt v\u00e4der \u00e4r...\" \/>\n<meta property=\"og:url\" content=\"https:\/\/truusk.store\/sv\/produkt\/truusk-metallverktygshus-11-m%c2%b2-verktygsskjul-med-sadeltak-lasbar-skjutdorr-handskar-136-x-87-x-179-cm\/\" \/>\n<meta property=\"og:site_name\" content=\"TRUUSK - Hem, Tr\u00e4dg\u00e5rd &amp; Fritid\" \/>\n<meta property=\"article:modified_time\" content=\"2026-03-12T07:50:53+00:00\" \/>\n<meta property=\"og:image\" content=\"https:\/\/i0.wp.com\/truusk.se\/wp-content\/uploads\/2026\/02\/metallverktygshus-11-mc2b2-verktygsskjul-med-sadeltak-lasbar-skjutdorr-handskar-136-x-87-x-179-cm-1.webp?fit=2000%2C2000&ssl=1\" \/>\n\t<meta property=\"og:image:width\" content=\"2000\" \/>\n\t<meta property=\"og:image:height\" content=\"2000\" \/>\n\t<meta property=\"og:image:type\" content=\"image\/webp\" \/>\n<meta name=\"twitter:card\" content=\"summary_large_image\" \/>\n<meta name=\"twitter:label1\" content=\"Ber\u00e4knad l\u00e4stid\" \/>\n\t<meta name=\"twitter:data1\" content=\"1 minut\" \/>\n<!-- \/ Yoast SEO plugin. -->","yoast_head_json":{"title":"TRUUSK Metallverktygshus 1,1 M\u00b2 - Verktygsskjul Med Sadeltak - L\u00e5sbar Skjutd\u00f6rr - Handskar - 136 x 87 x 179 cm - TRUUSK - Hem, Tr\u00e4dg\u00e5rd &amp; Fritid","robots":{"index":"index","follow":"follow","max-snippet":"max-snippet:-1","max-image-preview":"max-image-preview:large","max-video-preview":"max-video-preview:-1"},"canonical":"https:\/\/truusk.store\/sv\/produkt\/truusk-metallverktygshus-11-m%c2%b2-verktygsskjul-med-sadeltak-lasbar-skjutdorr-handskar-136-x-87-x-179-cm\/","og_locale":"sv_SE","og_type":"article","og_title":"TRUUSK Metallverktygshus 1,1 M\u00b2 - Verktygsskjul Med Sadeltak - L\u00e5sbar Skjutd\u00f6rr - Handskar - 136 x 87 x 179 cm - TRUUSK - Hem, Tr\u00e4dg\u00e5rd &amp; Fritid","og_description":"St\u00f6rd av instabila skjul som inte skyddar dina verktyg mot v\u00e4derp\u00e5verkan? Oro f\u00f6r rost och vattenskador vid d\u00e5ligt v\u00e4der \u00e4r...","og_url":"https:\/\/truusk.store\/sv\/produkt\/truusk-metallverktygshus-11-m%c2%b2-verktygsskjul-med-sadeltak-lasbar-skjutdorr-handskar-136-x-87-x-179-cm\/","og_site_name":"TRUUSK - Hem, Tr\u00e4dg\u00e5rd &amp; Fritid","article_modified_time":"2026-03-12T07:50:53+00:00","og_image":[{"width":2000,"height":2000,"url":"https:\/\/i0.wp.com\/truusk.se\/wp-content\/uploads\/2026\/02\/metallverktygshus-11-mc2b2-verktygsskjul-med-sadeltak-lasbar-skjutdorr-handskar-136-x-87-x-179-cm-1.webp?fit=2000%2C2000&ssl=1","type":"image\/webp"}],"twitter_card":"summary_large_image","twitter_misc":{"Ber\u00e4knad l\u00e4stid":"1 minut"},"schema":{"@context":"https:\/\/schema.org","@graph":[{"@type":"WebPage","@id":"https:\/\/truusk.store\/sv\/produkt\/truusk-metallverktygshus-11-m%c2%b2-verktygsskjul-med-sadeltak-lasbar-skjutdorr-handskar-136-x-87-x-179-cm\/","url":"https:\/\/truusk.store\/sv\/produkt\/truusk-metallverktygshus-11-m%c2%b2-verktygsskjul-med-sadeltak-lasbar-skjutdorr-handskar-136-x-87-x-179-cm\/","name":"TRUUSK Metallverktygshus 1,1 M\u00b2 - Verktygsskjul Med Sadeltak - L\u00e5sbar Skjutd\u00f6rr - Handskar - 136 x 87 x 179 cm - TRUUSK - Hem, Tr\u00e4dg\u00e5rd &amp; Fritid","isPartOf":{"@id":"https:\/\/truusk.store\/sv\/#website"},"primaryImageOfPage":{"@id":"https:\/\/truusk.store\/sv\/produkt\/truusk-metallverktygshus-11-m%c2%b2-verktygsskjul-med-sadeltak-lasbar-skjutdorr-handskar-136-x-87-x-179-cm\/#primaryimage"},"image":{"@id":"https:\/\/truusk.store\/sv\/produkt\/truusk-metallverktygshus-11-m%c2%b2-verktygsskjul-med-sadeltak-lasbar-skjutdorr-handskar-136-x-87-x-179-cm\/#primaryimage"},"thumbnailUrl":"https:\/\/i0.wp.com\/truusk.store\/wp-content\/uploads\/2026\/02\/metallverktygshus-11-mc2b2-verktygsskjul-med-sadeltak-lasbar-skjutdorr-handskar-136-x-87-x-179-cm-1.webp?fit=2000%2C2000&ssl=1","datePublished":"2026-02-24T05:12:01+00:00","dateModified":"2026-03-12T07:50:53+00:00","breadcrumb":{"@id":"https:\/\/truusk.store\/sv\/produkt\/truusk-metallverktygshus-11-m%c2%b2-verktygsskjul-med-sadeltak-lasbar-skjutdorr-handskar-136-x-87-x-179-cm\/#breadcrumb"},"inLanguage":"sv-SE","potentialAction":[{"@type":"ReadAction","target":["https:\/\/truusk.store\/sv\/produkt\/truusk-metallverktygshus-11-m%c2%b2-verktygsskjul-med-sadeltak-lasbar-skjutdorr-handskar-136-x-87-x-179-cm\/"]}]},{"@type":"ImageObject","inLanguage":"sv-SE","@id":"https:\/\/truusk.store\/sv\/produkt\/truusk-metallverktygshus-11-m%c2%b2-verktygsskjul-med-sadeltak-lasbar-skjutdorr-handskar-136-x-87-x-179-cm\/#primaryimage","url":"https:\/\/i0.wp.com\/truusk.store\/wp-content\/uploads\/2026\/02\/metallverktygshus-11-mc2b2-verktygsskjul-med-sadeltak-lasbar-skjutdorr-handskar-136-x-87-x-179-cm-1.webp?fit=2000%2C2000&ssl=1","contentUrl":"https:\/\/i0.wp.com\/truusk.store\/wp-content\/uploads\/2026\/02\/metallverktygshus-11-mc2b2-verktygsskjul-med-sadeltak-lasbar-skjutdorr-handskar-136-x-87-x-179-cm-1.webp?fit=2000%2C2000&ssl=1","width":2000,"height":2000},{"@type":"BreadcrumbList","@id":"https:\/\/truusk.store\/sv\/produkt\/truusk-metallverktygshus-11-m%c2%b2-verktygsskjul-med-sadeltak-lasbar-skjutdorr-handskar-136-x-87-x-179-cm\/#breadcrumb","itemListElement":[{"@type":"ListItem","position":1,"name":"Home","item":"https:\/\/truusk.store\/sv\/"},{"@type":"ListItem","position":2,"name":"Shop","item":"https:\/\/truusk.store\/shop\/"},{"@type":"ListItem","position":3,"name":"TRUUSK Metallverktygshus 1,1 M\u00b2 &#8211; Verktygsskjul Med Sadeltak &#8211; L\u00e5sbar Skjutd\u00f6rr &#8211; Handskar &#8211; 136 x 87 x 179 cm"}]},{"@type":"WebSite","@id":"https:\/\/truusk.store\/sv\/#website","url":"https:\/\/truusk.store\/sv\/","name":"TRUUSK - Hem, Tr\u00e4dg\u00e5rd & Fritid","description":"","publisher":{"@id":"https:\/\/truusk.store\/sv\/#organization"},"potentialAction":[{"@type":"SearchAction","target":{"@type":"EntryPoint","urlTemplate":"https:\/\/truusk.store\/sv\/?s={search_term_string}"},"query-input":{"@type":"PropertyValueSpecification","valueRequired":true,"valueName":"search_term_string"}}],"inLanguage":"sv-SE"},{"@type":"Organization","@id":"https:\/\/truusk.store\/sv\/#organization","name":"TRUUSK - Hem, Tr\u00e4dg\u00e5rd & Fritid","url":"https:\/\/truusk.store\/sv\/","logo":{"@type":"ImageObject","inLanguage":"sv-SE","@id":"https:\/\/truusk.store\/sv\/#\/schema\/logo\/image\/","url":"https:\/\/i0.wp.com\/truusk.store\/wp-content\/uploads\/2026\/03\/cropped-TRUUSK.png?fit=2032%2C917&ssl=1","contentUrl":"https:\/\/i0.wp.com\/truusk.store\/wp-content\/uploads\/2026\/03\/cropped-TRUUSK.png?fit=2032%2C917&ssl=1","width":2032,"height":917,"caption":"TRUUSK - Hem, Tr\u00e4dg\u00e5rd & Fritid"},"image":{"@id":"https:\/\/truusk.store\/sv\/#\/schema\/logo\/image\/"}}]}},"jetpack_sharing_enabled":true,"_links":{"self":[{"href":"https:\/\/truusk.store\/sv\/wp-json\/wp\/v2\/product\/105562","targetHints":{"allow":["GET"]}}],"collection":[{"href":"https:\/\/truusk.store\/sv\/wp-json\/wp\/v2\/product"}],"about":[{"href":"https:\/\/truusk.store\/sv\/wp-json\/wp\/v2\/types\/product"}],"wp:featuredmedia":[{"embeddable":true,"href":"https:\/\/truusk.store\/sv\/wp-json\/wp\/v2\/media\/105551"}],"wp:attachment":[{"href":"https:\/\/truusk.store\/sv\/wp-json\/wp\/v2\/media?parent=105562"}],"wp:term":[{"taxonomy":"product_brand","embeddable":true,"href":"https:\/\/truusk.store\/sv\/wp-json\/wp\/v2\/product_brand?post=105562"},{"taxonomy":"product_cat","embeddable":true,"href":"https:\/\/truusk.store\/sv\/wp-json\/wp\/v2\/product_cat?post=105562"},{"taxonomy":"product_tag","embeddable":true,"href":"https:\/\/truusk.store\/sv\/wp-json\/wp\/v2\/product_tag?post=105562"}],"curies":[{"name":"wp","href":"https:\/\/api.w.org\/{rel}","templated":true}]}}