{"id":105583,"date":"2026-02-24T06:13:42","date_gmt":"2026-02-24T05:13:42","guid":{"rendered":"https:\/\/truusk.store\/product\/vaxthusfilm-4-x-2-m-vattentat-tradgardsfilm-med-dorr-8-fonster-uv-skydd-rivfast-polyeten-gron\/"},"modified":"2026-03-12T08:51:06","modified_gmt":"2026-03-12T07:51:06","slug":"truusk-vaxthusfilm-4-x-2-m-vattentat-tradgardsfilm-med-dorr-8-fonster-uv-skydd-rivfast-polyeten-gron","status":"publish","type":"product","link":"https:\/\/truusk.store\/sv\/produkt\/truusk-vaxthusfilm-4-x-2-m-vattentat-tradgardsfilm-med-dorr-8-fonster-uv-skydd-rivfast-polyeten-gron\/","title":{"rendered":"TRUUSK V\u00e4xthusfilm 4 x 2 m &#8211; Vattent\u00e4t tr\u00e4dg\u00e5rdsfilm med d\u00f6rr &#8211; 8 f\u00f6nster &#8211; UV-skydd &#8211; Rivfast polyeten &#8211; Gr\u00f6n"},"content":{"rendered":"<p>\u00c4r du en entusiastisk hobbytr\u00e4dg\u00e5rdsm\u00e4stare som vill bearbeta marken \u00e5ret runt? Ingen anledning att k\u00f6pa ett nytt v\u00e4xthus bara f\u00f6r att det nuvarande saknar ett skydd! [BRAND NAME] v\u00e4xthusfilm erbjuder l\u00f6sningen och sparar din pl\u00e5nbok. Tillverkad av PE-n\u00e4ttyg, reglerar den temperaturen p\u00e5 dina v\u00e4xter och har 15 cm f\u00f6rl\u00e4ngda kanter f\u00f6r optimalt vattenskydd. Utveckla dina tr\u00e4dg\u00e5rdskonster med [BRAND NAME].<\/p>\n<p>Beskrivning:<\/p>\n<ul>\n<li> En vattent\u00e4t PE-v\u00e4xthusfilm, l\u00e4mplig f\u00f6r ett tunnelv\u00e4xthus<\/li>\n<li> Anv\u00e4nds f\u00f6r att ers\u00e4tta skadade skydd, f\u00f6rl\u00e4nga produktens livsl\u00e4ngd och spara budget<\/li>\n<li> Tillverkad av solid, slitstark PE-plast med f\u00f6rst\u00e4rkningsn\u00e4t<\/li>\n<li> Skyddar v\u00e4xter p\u00e5 vintern mot kyla, frost och hagel och fr\u00e4mjar tillv\u00e4xten p\u00e5 v\u00e5ren och sommaren<\/li>\n<li> Framsidan har en upprullbar d\u00f6rr f\u00f6r snabb och enkel tillg\u00e5ng till insidan<\/li>\n<li> 8 f\u00f6nster f\u00f6r b\u00e4ttre ventilation<\/li>\n<li> De 15 cm f\u00f6rl\u00e4ngda kanterna b\u00f6r gr\u00e4vas djupt in i marken<\/li>\n<li> Var v\u00e4nlig m\u00e4t storleken p\u00e5 ditt v\u00e4xthus innan k\u00f6p<\/li>\n<li> Montering kr\u00e4vs<\/li>\n<\/ul>\n<p> Tekniska data:<\/p>\n<ul>\n<li> F\u00e4rg: Gr\u00f6n<\/li>\n<li> Material: PE<\/li>\n<li> Totala dimensioner: 400L x 200B x 200H cm<\/li>\n<li> D\u00f6rrstorlek: 120B x 170H cm<\/li>\n<li> F\u00f6nsterstorlek: 37L x 37B cm<\/li>\n<\/ul>\n<p>Ing\u00e5r i leveransen:<\/p>\n<ul>\n<li> 1 x Skydd;<\/li>\n<\/ul>\n","protected":false},"excerpt":{"rendered":"<p>\u00c4r du en entusiastisk hobbytr\u00e4dg\u00e5rdsm\u00e4stare som vill bearbeta marken \u00e5ret runt? Ingen anledning att k\u00f6pa ett nytt v\u00e4xthus bara f\u00f6r&#8230;<\/p>\n","protected":false},"featured_media":105569,"template":"","meta":[],"product_brand":[],"product_cat":[923,858,443],"product_tag":[],"class_list":{"0":"post-105583","1":"product","2":"type-product","3":"status-publish","4":"has-post-thumbnail","6":"product_cat-plastfilm-vaxthus","7":"product_cat-tradgard-terrass","8":"product_cat-vaxthus-tradgardsskotsel","10":"first","11":"instock","12":"sale","13":"taxable","14":"shipping-taxable","15":"purchasable","16":"product-type-simple"},"yoast_head":"<!-- This site is optimized with the Yoast SEO plugin v25.4 - https:\/\/yoast.com\/wordpress\/plugins\/seo\/ -->\n<title>TRUUSK V\u00e4xthusfilm 4 x 2 m - Vattent\u00e4t tr\u00e4dg\u00e5rdsfilm med d\u00f6rr - 8 f\u00f6nster - UV-skydd - Rivfast polyeten - Gr\u00f6n - TRUUSK - Hem, Tr\u00e4dg\u00e5rd &amp; Fritid<\/title>\n<meta name=\"robots\" content=\"index, follow, max-snippet:-1, max-image-preview:large, max-video-preview:-1\" \/>\n<link rel=\"canonical\" href=\"https:\/\/truusk.store\/sv\/produkt\/truusk-vaxthusfilm-4-x-2-m-vattentat-tradgardsfilm-med-dorr-8-fonster-uv-skydd-rivfast-polyeten-gron\/\" \/>\n<meta property=\"og:locale\" content=\"sv_SE\" \/>\n<meta property=\"og:type\" content=\"article\" \/>\n<meta property=\"og:title\" content=\"TRUUSK V\u00e4xthusfilm 4 x 2 m - Vattent\u00e4t tr\u00e4dg\u00e5rdsfilm med d\u00f6rr - 8 f\u00f6nster - UV-skydd - Rivfast polyeten - Gr\u00f6n - TRUUSK - Hem, Tr\u00e4dg\u00e5rd &amp; Fritid\" \/>\n<meta property=\"og:description\" content=\"\u00c4r du en entusiastisk hobbytr\u00e4dg\u00e5rdsm\u00e4stare som vill bearbeta marken \u00e5ret runt? Ingen anledning att k\u00f6pa ett nytt v\u00e4xthus bara f\u00f6r...\" \/>\n<meta property=\"og:url\" content=\"https:\/\/truusk.store\/sv\/produkt\/truusk-vaxthusfilm-4-x-2-m-vattentat-tradgardsfilm-med-dorr-8-fonster-uv-skydd-rivfast-polyeten-gron\/\" \/>\n<meta property=\"og:site_name\" content=\"TRUUSK - Hem, Tr\u00e4dg\u00e5rd &amp; Fritid\" \/>\n<meta property=\"article:modified_time\" content=\"2026-03-12T07:51:06+00:00\" \/>\n<meta property=\"og:image\" content=\"https:\/\/i0.wp.com\/truusk.se\/wp-content\/uploads\/2026\/02\/vaxthusfilm-4-x-2-m-vattentat-tradgardsfilm-med-dorr-8-fonster-uv-skydd-rivfast-polyeten-gron-1.webp?fit=2000%2C2000&ssl=1\" \/>\n\t<meta property=\"og:image:width\" content=\"2000\" \/>\n\t<meta property=\"og:image:height\" content=\"2000\" \/>\n\t<meta property=\"og:image:type\" content=\"image\/webp\" \/>\n<meta name=\"twitter:card\" content=\"summary_large_image\" \/>\n<meta name=\"twitter:label1\" content=\"Ber\u00e4knad l\u00e4stid\" \/>\n\t<meta name=\"twitter:data1\" content=\"1 minut\" \/>\n<!-- \/ Yoast SEO plugin. -->","yoast_head_json":{"title":"TRUUSK V\u00e4xthusfilm 4 x 2 m - Vattent\u00e4t tr\u00e4dg\u00e5rdsfilm med d\u00f6rr - 8 f\u00f6nster - UV-skydd - Rivfast polyeten - Gr\u00f6n - TRUUSK - Hem, Tr\u00e4dg\u00e5rd &amp; Fritid","robots":{"index":"index","follow":"follow","max-snippet":"max-snippet:-1","max-image-preview":"max-image-preview:large","max-video-preview":"max-video-preview:-1"},"canonical":"https:\/\/truusk.store\/sv\/produkt\/truusk-vaxthusfilm-4-x-2-m-vattentat-tradgardsfilm-med-dorr-8-fonster-uv-skydd-rivfast-polyeten-gron\/","og_locale":"sv_SE","og_type":"article","og_title":"TRUUSK V\u00e4xthusfilm 4 x 2 m - Vattent\u00e4t tr\u00e4dg\u00e5rdsfilm med d\u00f6rr - 8 f\u00f6nster - UV-skydd - Rivfast polyeten - Gr\u00f6n - TRUUSK - Hem, Tr\u00e4dg\u00e5rd &amp; Fritid","og_description":"\u00c4r du en entusiastisk hobbytr\u00e4dg\u00e5rdsm\u00e4stare som vill bearbeta marken \u00e5ret runt? Ingen anledning att k\u00f6pa ett nytt v\u00e4xthus bara f\u00f6r...","og_url":"https:\/\/truusk.store\/sv\/produkt\/truusk-vaxthusfilm-4-x-2-m-vattentat-tradgardsfilm-med-dorr-8-fonster-uv-skydd-rivfast-polyeten-gron\/","og_site_name":"TRUUSK - Hem, Tr\u00e4dg\u00e5rd &amp; Fritid","article_modified_time":"2026-03-12T07:51:06+00:00","og_image":[{"width":2000,"height":2000,"url":"https:\/\/i0.wp.com\/truusk.se\/wp-content\/uploads\/2026\/02\/vaxthusfilm-4-x-2-m-vattentat-tradgardsfilm-med-dorr-8-fonster-uv-skydd-rivfast-polyeten-gron-1.webp?fit=2000%2C2000&ssl=1","type":"image\/webp"}],"twitter_card":"summary_large_image","twitter_misc":{"Ber\u00e4knad l\u00e4stid":"1 minut"},"schema":{"@context":"https:\/\/schema.org","@graph":[{"@type":"WebPage","@id":"https:\/\/truusk.store\/sv\/produkt\/truusk-vaxthusfilm-4-x-2-m-vattentat-tradgardsfilm-med-dorr-8-fonster-uv-skydd-rivfast-polyeten-gron\/","url":"https:\/\/truusk.store\/sv\/produkt\/truusk-vaxthusfilm-4-x-2-m-vattentat-tradgardsfilm-med-dorr-8-fonster-uv-skydd-rivfast-polyeten-gron\/","name":"TRUUSK V\u00e4xthusfilm 4 x 2 m - Vattent\u00e4t tr\u00e4dg\u00e5rdsfilm med d\u00f6rr - 8 f\u00f6nster - UV-skydd - Rivfast polyeten - Gr\u00f6n - TRUUSK - Hem, Tr\u00e4dg\u00e5rd &amp; Fritid","isPartOf":{"@id":"https:\/\/truusk.store\/sv\/#website"},"primaryImageOfPage":{"@id":"https:\/\/truusk.store\/sv\/produkt\/truusk-vaxthusfilm-4-x-2-m-vattentat-tradgardsfilm-med-dorr-8-fonster-uv-skydd-rivfast-polyeten-gron\/#primaryimage"},"image":{"@id":"https:\/\/truusk.store\/sv\/produkt\/truusk-vaxthusfilm-4-x-2-m-vattentat-tradgardsfilm-med-dorr-8-fonster-uv-skydd-rivfast-polyeten-gron\/#primaryimage"},"thumbnailUrl":"https:\/\/i0.wp.com\/truusk.store\/wp-content\/uploads\/2026\/02\/vaxthusfilm-4-x-2-m-vattentat-tradgardsfilm-med-dorr-8-fonster-uv-skydd-rivfast-polyeten-gron-1.webp?fit=2000%2C2000&ssl=1","datePublished":"2026-02-24T05:13:42+00:00","dateModified":"2026-03-12T07:51:06+00:00","breadcrumb":{"@id":"https:\/\/truusk.store\/sv\/produkt\/truusk-vaxthusfilm-4-x-2-m-vattentat-tradgardsfilm-med-dorr-8-fonster-uv-skydd-rivfast-polyeten-gron\/#breadcrumb"},"inLanguage":"sv-SE","potentialAction":[{"@type":"ReadAction","target":["https:\/\/truusk.store\/sv\/produkt\/truusk-vaxthusfilm-4-x-2-m-vattentat-tradgardsfilm-med-dorr-8-fonster-uv-skydd-rivfast-polyeten-gron\/"]}]},{"@type":"ImageObject","inLanguage":"sv-SE","@id":"https:\/\/truusk.store\/sv\/produkt\/truusk-vaxthusfilm-4-x-2-m-vattentat-tradgardsfilm-med-dorr-8-fonster-uv-skydd-rivfast-polyeten-gron\/#primaryimage","url":"https:\/\/i0.wp.com\/truusk.store\/wp-content\/uploads\/2026\/02\/vaxthusfilm-4-x-2-m-vattentat-tradgardsfilm-med-dorr-8-fonster-uv-skydd-rivfast-polyeten-gron-1.webp?fit=2000%2C2000&ssl=1","contentUrl":"https:\/\/i0.wp.com\/truusk.store\/wp-content\/uploads\/2026\/02\/vaxthusfilm-4-x-2-m-vattentat-tradgardsfilm-med-dorr-8-fonster-uv-skydd-rivfast-polyeten-gron-1.webp?fit=2000%2C2000&ssl=1","width":2000,"height":2000},{"@type":"BreadcrumbList","@id":"https:\/\/truusk.store\/sv\/produkt\/truusk-vaxthusfilm-4-x-2-m-vattentat-tradgardsfilm-med-dorr-8-fonster-uv-skydd-rivfast-polyeten-gron\/#breadcrumb","itemListElement":[{"@type":"ListItem","position":1,"name":"Home","item":"https:\/\/truusk.store\/sv\/"},{"@type":"ListItem","position":2,"name":"Shop","item":"https:\/\/truusk.store\/shop\/"},{"@type":"ListItem","position":3,"name":"TRUUSK V\u00e4xthusfilm 4 x 2 m &#8211; Vattent\u00e4t tr\u00e4dg\u00e5rdsfilm med d\u00f6rr &#8211; 8 f\u00f6nster &#8211; UV-skydd &#8211; Rivfast polyeten &#8211; Gr\u00f6n"}]},{"@type":"WebSite","@id":"https:\/\/truusk.store\/sv\/#website","url":"https:\/\/truusk.store\/sv\/","name":"TRUUSK - Hem, Tr\u00e4dg\u00e5rd & Fritid","description":"","publisher":{"@id":"https:\/\/truusk.store\/sv\/#organization"},"potentialAction":[{"@type":"SearchAction","target":{"@type":"EntryPoint","urlTemplate":"https:\/\/truusk.store\/sv\/?s={search_term_string}"},"query-input":{"@type":"PropertyValueSpecification","valueRequired":true,"valueName":"search_term_string"}}],"inLanguage":"sv-SE"},{"@type":"Organization","@id":"https:\/\/truusk.store\/sv\/#organization","name":"TRUUSK - Hem, Tr\u00e4dg\u00e5rd & Fritid","url":"https:\/\/truusk.store\/sv\/","logo":{"@type":"ImageObject","inLanguage":"sv-SE","@id":"https:\/\/truusk.store\/sv\/#\/schema\/logo\/image\/","url":"https:\/\/i0.wp.com\/truusk.store\/wp-content\/uploads\/2026\/03\/cropped-TRUUSK.png?fit=2032%2C917&ssl=1","contentUrl":"https:\/\/i0.wp.com\/truusk.store\/wp-content\/uploads\/2026\/03\/cropped-TRUUSK.png?fit=2032%2C917&ssl=1","width":2032,"height":917,"caption":"TRUUSK - Hem, Tr\u00e4dg\u00e5rd & Fritid"},"image":{"@id":"https:\/\/truusk.store\/sv\/#\/schema\/logo\/image\/"}}]}},"jetpack_sharing_enabled":true,"_links":{"self":[{"href":"https:\/\/truusk.store\/sv\/wp-json\/wp\/v2\/product\/105583","targetHints":{"allow":["GET"]}}],"collection":[{"href":"https:\/\/truusk.store\/sv\/wp-json\/wp\/v2\/product"}],"about":[{"href":"https:\/\/truusk.store\/sv\/wp-json\/wp\/v2\/types\/product"}],"wp:featuredmedia":[{"embeddable":true,"href":"https:\/\/truusk.store\/sv\/wp-json\/wp\/v2\/media\/105569"}],"wp:attachment":[{"href":"https:\/\/truusk.store\/sv\/wp-json\/wp\/v2\/media?parent=105583"}],"wp:term":[{"taxonomy":"product_brand","embeddable":true,"href":"https:\/\/truusk.store\/sv\/wp-json\/wp\/v2\/product_brand?post=105583"},{"taxonomy":"product_cat","embeddable":true,"href":"https:\/\/truusk.store\/sv\/wp-json\/wp\/v2\/product_cat?post=105583"},{"taxonomy":"product_tag","embeddable":true,"href":"https:\/\/truusk.store\/sv\/wp-json\/wp\/v2\/product_tag?post=105583"}],"curies":[{"name":"wp","href":"https:\/\/api.w.org\/{rel}","templated":true}]}}