{"id":105602,"date":"2026-02-24T06:15:42","date_gmt":"2026-02-24T05:15:42","guid":{"rendered":"https:\/\/truusk.store\/product\/led-badrumspegel-anti-dimma-dimbar-sminkspegel-med-belysning-80-x-60-cm-svart-ram\/"},"modified":"2026-03-12T08:51:08","modified_gmt":"2026-03-12T07:51:08","slug":"truusk-led-badrumspegel-anti-dimma-dimbar-sminkspegel-med-belysning-80-x-60-cm-svart-ram","status":"publish","type":"product","link":"https:\/\/truusk.store\/sv\/produkt\/truusk-led-badrumspegel-anti-dimma-dimbar-sminkspegel-med-belysning-80-x-60-cm-svart-ram\/","title":{"rendered":"TRUUSK LED-Badrumspegel &#8211; Anti-dimma &#8211; Dimbar &#8211; Sminkspegel med Belysning &#8211; 80 x 60 cm &#8211; Svart Ram"},"content":{"rendered":"<p>Morgonen b\u00f6rjar ofta med svag belysning och en immig spegel. [BRAND NAME]-badrumsspegeln l\u00f6ser problemet med anti-imma-funktion och anpassningsbart, sminkv\u00e4nligt ljus. Det s\u00f6mnv\u00e4nliga designet p\u00e5 badrumsspegeln f\u00f6rhindrar s\u00f6mnst\u00f6rningar orsakade av knappljus. Njut av kristallklar sikt efter duschen och optimera din rutin p\u00e5 h\u00f6gsta niv\u00e5.<\/p>\n<p>Beskrivning:<\/p>\n<ul>\n<li> Njut av tre ljusf\u00e4rger och stegl\u00f6s dimning med en intelligent minnesfunktion<\/li>\n<li> En separat knapp p\u00e5 spegeln aktiverar en timmes auto-off-avfuktare f\u00f6r klar sikt<\/li>\n<li> Genom att h\u00e5lla in knappen l\u00e4nge st\u00e4ngs bakgrundsbelysningen av f\u00f6r ost\u00f6rd s\u00f6mn<\/li>\n<li> Denna IP44 vattent\u00e4ta badrumsspegel \u00e4r designad f\u00f6r fuktiga badrumsmilj\u00f6er<\/li>\n<li> Tillverkad av 4 mm s\u00e4kerhetsglas f\u00f6r \u00f6kad familjes\u00e4kerhet<\/li>\n<li> Montera denna 80B x 5T x 60H cm spegel vertikalt eller horisontellt f\u00f6r att anpassa ditt utrymme<\/li>\n<li> Ingen montering kr\u00e4vs<\/li>\n<\/ul>\n<p> Tekniska specifikationer:<\/p>\n<ul>\n<li> F\u00e4rg: Svart+Silver<\/li>\n<li> Material: S\u00e4kerhetsglas, Metall<\/li>\n<li> Totala dimensioner: 80B x 5T x 60H cm<\/li>\n<li> Storlek p\u00e5 bakgrundsbelyst ring: 69,5L x 49,5B x 2H cm<\/li>\n<li> Avfuktarens storlek: 30L x 40B cm<\/li>\n<li> Effekt: 48W<\/li>\n<li> Lumen: 2000lm<\/li>\n<li> F\u00e4rgtemperatur: 3000K\/4500K\/6500K<\/li>\n<li> Skyddsklass: IP44<\/li>\n<li> Kabell\u00e4ngd: 60 cm<\/li>\n<li> Adapterutg\u00e5ng: DC 12V 1,5A 20W<\/li>\n<li> Adaptering\u00e5ng: 220-240V 50\/60HZ 0,15A<\/li>\n<\/ul>\n<p>Leveransinneh\u00e5ll:<\/p>\n<ul>\n<li> 1 x LED-badrumsspegel<\/li>\n<li> 1 x skruvset<\/li>\n<li> 2 x handske<\/li>\n<li> 1 x bruksanvisning<\/li>\n<\/ul>\n","protected":false},"excerpt":{"rendered":"<p>Morgonen b\u00f6rjar ofta med svag belysning och en immig spegel. [BRAND NAME]-badrumsspegeln l\u00f6ser problemet med anti-imma-funktion och anpassningsbart, sminkv\u00e4nligt ljus&#8230;.<\/p>\n","protected":false},"featured_media":105591,"template":"","meta":[],"product_brand":[],"product_cat":[915,969,871],"product_tag":[],"class_list":{"0":"post-105602","1":"product","2":"type-product","3":"status-publish","4":"has-post-thumbnail","6":"product_cat-badrum","7":"product_cat-badrumsspegel","8":"product_cat-hus-hem","10":"first","11":"instock","12":"sale","13":"taxable","14":"shipping-taxable","15":"purchasable","16":"product-type-simple"},"yoast_head":"<!-- This site is optimized with the Yoast SEO plugin v25.4 - https:\/\/yoast.com\/wordpress\/plugins\/seo\/ -->\n<title>TRUUSK LED-Badrumspegel - Anti-dimma - Dimbar - Sminkspegel med Belysning - 80 x 60 cm - Svart Ram - TRUUSK - Hem, Tr\u00e4dg\u00e5rd &amp; Fritid<\/title>\n<meta name=\"robots\" content=\"index, follow, max-snippet:-1, max-image-preview:large, max-video-preview:-1\" \/>\n<link rel=\"canonical\" href=\"https:\/\/truusk.store\/sv\/produkt\/truusk-led-badrumspegel-anti-dimma-dimbar-sminkspegel-med-belysning-80-x-60-cm-svart-ram\/\" \/>\n<meta property=\"og:locale\" content=\"sv_SE\" \/>\n<meta property=\"og:type\" content=\"article\" \/>\n<meta property=\"og:title\" content=\"TRUUSK LED-Badrumspegel - Anti-dimma - Dimbar - Sminkspegel med Belysning - 80 x 60 cm - Svart Ram - TRUUSK - Hem, Tr\u00e4dg\u00e5rd &amp; Fritid\" \/>\n<meta property=\"og:description\" content=\"Morgonen b\u00f6rjar ofta med svag belysning och en immig spegel. [BRAND NAME]-badrumsspegeln l\u00f6ser problemet med anti-imma-funktion och anpassningsbart, sminkv\u00e4nligt ljus....\" \/>\n<meta property=\"og:url\" content=\"https:\/\/truusk.store\/sv\/produkt\/truusk-led-badrumspegel-anti-dimma-dimbar-sminkspegel-med-belysning-80-x-60-cm-svart-ram\/\" \/>\n<meta property=\"og:site_name\" content=\"TRUUSK - Hem, Tr\u00e4dg\u00e5rd &amp; Fritid\" \/>\n<meta property=\"article:modified_time\" content=\"2026-03-12T07:51:08+00:00\" \/>\n<meta property=\"og:image\" content=\"https:\/\/i0.wp.com\/truusk.se\/wp-content\/uploads\/2026\/02\/led-badrumspegel-anti-dimma-dimbar-sminkspegel-med-belysning-80-x-60-cm-svart-ram-1.webp?fit=2000%2C2000&ssl=1\" \/>\n\t<meta property=\"og:image:width\" content=\"2000\" \/>\n\t<meta property=\"og:image:height\" content=\"2000\" \/>\n\t<meta property=\"og:image:type\" content=\"image\/webp\" \/>\n<meta name=\"twitter:card\" content=\"summary_large_image\" \/>\n<meta name=\"twitter:label1\" content=\"Ber\u00e4knad l\u00e4stid\" \/>\n\t<meta name=\"twitter:data1\" content=\"1 minut\" \/>\n<!-- \/ Yoast SEO plugin. -->","yoast_head_json":{"title":"TRUUSK LED-Badrumspegel - Anti-dimma - Dimbar - Sminkspegel med Belysning - 80 x 60 cm - Svart Ram - TRUUSK - Hem, Tr\u00e4dg\u00e5rd &amp; Fritid","robots":{"index":"index","follow":"follow","max-snippet":"max-snippet:-1","max-image-preview":"max-image-preview:large","max-video-preview":"max-video-preview:-1"},"canonical":"https:\/\/truusk.store\/sv\/produkt\/truusk-led-badrumspegel-anti-dimma-dimbar-sminkspegel-med-belysning-80-x-60-cm-svart-ram\/","og_locale":"sv_SE","og_type":"article","og_title":"TRUUSK LED-Badrumspegel - Anti-dimma - Dimbar - Sminkspegel med Belysning - 80 x 60 cm - Svart Ram - TRUUSK - Hem, Tr\u00e4dg\u00e5rd &amp; Fritid","og_description":"Morgonen b\u00f6rjar ofta med svag belysning och en immig spegel. [BRAND NAME]-badrumsspegeln l\u00f6ser problemet med anti-imma-funktion och anpassningsbart, sminkv\u00e4nligt ljus....","og_url":"https:\/\/truusk.store\/sv\/produkt\/truusk-led-badrumspegel-anti-dimma-dimbar-sminkspegel-med-belysning-80-x-60-cm-svart-ram\/","og_site_name":"TRUUSK - Hem, Tr\u00e4dg\u00e5rd &amp; Fritid","article_modified_time":"2026-03-12T07:51:08+00:00","og_image":[{"width":2000,"height":2000,"url":"https:\/\/i0.wp.com\/truusk.se\/wp-content\/uploads\/2026\/02\/led-badrumspegel-anti-dimma-dimbar-sminkspegel-med-belysning-80-x-60-cm-svart-ram-1.webp?fit=2000%2C2000&ssl=1","type":"image\/webp"}],"twitter_card":"summary_large_image","twitter_misc":{"Ber\u00e4knad l\u00e4stid":"1 minut"},"schema":{"@context":"https:\/\/schema.org","@graph":[{"@type":"WebPage","@id":"https:\/\/truusk.store\/sv\/produkt\/truusk-led-badrumspegel-anti-dimma-dimbar-sminkspegel-med-belysning-80-x-60-cm-svart-ram\/","url":"https:\/\/truusk.store\/sv\/produkt\/truusk-led-badrumspegel-anti-dimma-dimbar-sminkspegel-med-belysning-80-x-60-cm-svart-ram\/","name":"TRUUSK LED-Badrumspegel - Anti-dimma - Dimbar - Sminkspegel med Belysning - 80 x 60 cm - Svart Ram - TRUUSK - Hem, Tr\u00e4dg\u00e5rd &amp; Fritid","isPartOf":{"@id":"https:\/\/truusk.store\/sv\/#website"},"primaryImageOfPage":{"@id":"https:\/\/truusk.store\/sv\/produkt\/truusk-led-badrumspegel-anti-dimma-dimbar-sminkspegel-med-belysning-80-x-60-cm-svart-ram\/#primaryimage"},"image":{"@id":"https:\/\/truusk.store\/sv\/produkt\/truusk-led-badrumspegel-anti-dimma-dimbar-sminkspegel-med-belysning-80-x-60-cm-svart-ram\/#primaryimage"},"thumbnailUrl":"https:\/\/i0.wp.com\/truusk.store\/wp-content\/uploads\/2026\/02\/led-badrumspegel-anti-dimma-dimbar-sminkspegel-med-belysning-80-x-60-cm-svart-ram-1.webp?fit=2000%2C2000&ssl=1","datePublished":"2026-02-24T05:15:42+00:00","dateModified":"2026-03-12T07:51:08+00:00","breadcrumb":{"@id":"https:\/\/truusk.store\/sv\/produkt\/truusk-led-badrumspegel-anti-dimma-dimbar-sminkspegel-med-belysning-80-x-60-cm-svart-ram\/#breadcrumb"},"inLanguage":"sv-SE","potentialAction":[{"@type":"ReadAction","target":["https:\/\/truusk.store\/sv\/produkt\/truusk-led-badrumspegel-anti-dimma-dimbar-sminkspegel-med-belysning-80-x-60-cm-svart-ram\/"]}]},{"@type":"ImageObject","inLanguage":"sv-SE","@id":"https:\/\/truusk.store\/sv\/produkt\/truusk-led-badrumspegel-anti-dimma-dimbar-sminkspegel-med-belysning-80-x-60-cm-svart-ram\/#primaryimage","url":"https:\/\/i0.wp.com\/truusk.store\/wp-content\/uploads\/2026\/02\/led-badrumspegel-anti-dimma-dimbar-sminkspegel-med-belysning-80-x-60-cm-svart-ram-1.webp?fit=2000%2C2000&ssl=1","contentUrl":"https:\/\/i0.wp.com\/truusk.store\/wp-content\/uploads\/2026\/02\/led-badrumspegel-anti-dimma-dimbar-sminkspegel-med-belysning-80-x-60-cm-svart-ram-1.webp?fit=2000%2C2000&ssl=1","width":2000,"height":2000},{"@type":"BreadcrumbList","@id":"https:\/\/truusk.store\/sv\/produkt\/truusk-led-badrumspegel-anti-dimma-dimbar-sminkspegel-med-belysning-80-x-60-cm-svart-ram\/#breadcrumb","itemListElement":[{"@type":"ListItem","position":1,"name":"Home","item":"https:\/\/truusk.store\/sv\/"},{"@type":"ListItem","position":2,"name":"Shop","item":"https:\/\/truusk.store\/shop\/"},{"@type":"ListItem","position":3,"name":"TRUUSK LED-Badrumspegel &#8211; Anti-dimma &#8211; Dimbar &#8211; Sminkspegel med Belysning &#8211; 80 x 60 cm &#8211; Svart Ram"}]},{"@type":"WebSite","@id":"https:\/\/truusk.store\/sv\/#website","url":"https:\/\/truusk.store\/sv\/","name":"TRUUSK - Hem, Tr\u00e4dg\u00e5rd & Fritid","description":"","publisher":{"@id":"https:\/\/truusk.store\/sv\/#organization"},"potentialAction":[{"@type":"SearchAction","target":{"@type":"EntryPoint","urlTemplate":"https:\/\/truusk.store\/sv\/?s={search_term_string}"},"query-input":{"@type":"PropertyValueSpecification","valueRequired":true,"valueName":"search_term_string"}}],"inLanguage":"sv-SE"},{"@type":"Organization","@id":"https:\/\/truusk.store\/sv\/#organization","name":"TRUUSK - Hem, Tr\u00e4dg\u00e5rd & Fritid","url":"https:\/\/truusk.store\/sv\/","logo":{"@type":"ImageObject","inLanguage":"sv-SE","@id":"https:\/\/truusk.store\/sv\/#\/schema\/logo\/image\/","url":"https:\/\/i0.wp.com\/truusk.store\/wp-content\/uploads\/2026\/03\/cropped-TRUUSK.png?fit=2032%2C917&ssl=1","contentUrl":"https:\/\/i0.wp.com\/truusk.store\/wp-content\/uploads\/2026\/03\/cropped-TRUUSK.png?fit=2032%2C917&ssl=1","width":2032,"height":917,"caption":"TRUUSK - Hem, Tr\u00e4dg\u00e5rd & Fritid"},"image":{"@id":"https:\/\/truusk.store\/sv\/#\/schema\/logo\/image\/"}}]}},"jetpack_sharing_enabled":true,"_links":{"self":[{"href":"https:\/\/truusk.store\/sv\/wp-json\/wp\/v2\/product\/105602","targetHints":{"allow":["GET"]}}],"collection":[{"href":"https:\/\/truusk.store\/sv\/wp-json\/wp\/v2\/product"}],"about":[{"href":"https:\/\/truusk.store\/sv\/wp-json\/wp\/v2\/types\/product"}],"wp:featuredmedia":[{"embeddable":true,"href":"https:\/\/truusk.store\/sv\/wp-json\/wp\/v2\/media\/105591"}],"wp:attachment":[{"href":"https:\/\/truusk.store\/sv\/wp-json\/wp\/v2\/media?parent=105602"}],"wp:term":[{"taxonomy":"product_brand","embeddable":true,"href":"https:\/\/truusk.store\/sv\/wp-json\/wp\/v2\/product_brand?post=105602"},{"taxonomy":"product_cat","embeddable":true,"href":"https:\/\/truusk.store\/sv\/wp-json\/wp\/v2\/product_cat?post=105602"},{"taxonomy":"product_tag","embeddable":true,"href":"https:\/\/truusk.store\/sv\/wp-json\/wp\/v2\/product_tag?post=105602"}],"curies":[{"name":"wp","href":"https:\/\/api.w.org\/{rel}","templated":true}]}}