{"id":105614,"date":"2026-02-24T06:17:32","date_gmt":"2026-02-24T05:17:32","guid":{"rendered":"https:\/\/truusk.store\/product\/hogbadd-med-klatterstallning-2-stegs-hojd-blomlada-med-2-planteringslador-tra-108-x-62-x-120-cm\/"},"modified":"2026-03-12T08:51:12","modified_gmt":"2026-03-12T07:51:12","slug":"truusk-blomlada-med-klatterstallning-2-stegs-hojd-2-planteringslador-tra-108-x-62-x-120-cm","status":"publish","type":"product","link":"https:\/\/truusk.store\/sv\/produkt\/truusk-blomlada-med-klatterstallning-2-stegs-hojd-2-planteringslador-tra-108-x-62-x-120-cm\/","title":{"rendered":"TRUUSK Bloml\u00e5da Med Kl\u00e4tterst\u00e4llning &#8211; 2-stegs H\u00f6jd &#8211; 2 Planteringsl\u00e5dor &#8211; Tr\u00e4 &#8211; 108 x 62 x 120 cm"},"content":{"rendered":"<p>Kolliderar din tr\u00e4dg\u00e5rds passion med b\u00f6jning och brist p\u00e5 utrymme? Denna [BRAND NAME] h\u00f6g s\u00e4ng l\u00f6ser problemet: Den stegade designen p\u00e5 planteringsl\u00e5dan underl\u00e4ttar tr\u00e4dg\u00e5rdsarbete, kl\u00e4tterst\u00f6det st\u00f6der kl\u00e4tterv\u00e4xter och omvandlar din tr\u00e4dg\u00e5rd till en snygg, f\u00f6rtrollande retr\u00e4tt.<\/p>\n<p>Beskrivning:<\/p>\n<ul>\n<li> Denna tv\u00e5-i-ett-design kombinerar tv\u00e5 planteringsl\u00e5dor med en integrerad spalj\u00e9<\/li>\n<li> H\u00f6g s\u00e4ng f\u00f6r tr\u00e4dg\u00e5rden, l\u00e4mplig f\u00f6r odling av \u00f6rter, gr\u00f6nsaker eller blommor p\u00e5 din terrass<\/li>\n<li> Ergonomisk, stegad struktur minskar b\u00f6jning<\/li>\n<li> Dekorativ spalj\u00e9 ger tillr\u00e4ckligt st\u00f6d f\u00f6r kl\u00e4tterv\u00e4xter och rustik charm<\/li>\n<li> Tv\u00e5 rymliga planteringsl\u00e5dor med inkluderade foder<\/li>\n<li> Tillverkad av grantr\u00e4 med dr\u00e4neringsh\u00e5l f\u00f6r att fr\u00e4mja h\u00e4lsosam rotv\u00e4xt<\/li>\n<li> Montering kr\u00e4vs<\/li>\n<\/ul>\n<p> Tekniska data:<\/p>\n<ul>\n<li> F\u00e4rg: Naturtr\u00e4<\/li>\n<li> Material: Grantr\u00e4, non-woven tyg<\/li>\n<li> Totala dimensioner: 108B x 62T x 120H cm<\/li>\n<li> Planteringsomr\u00e5dets storlek: 105L x 30B x 16H cm (Enskilt)<\/li>\n<li> Spalj\u00e9storlek: 108B x 52H cm<\/li>\n<li> B\u00e4rkapacitet: 40 kg<\/li>\n<\/ul>\n<p>Leveransinneh\u00e5ll:<\/p>\n<ul>\n<li> 1 x h\u00f6g s\u00e4ng med spalj\u00e9<\/li>\n<li> 1 x instruktioner<\/li>\n<\/ul>\n","protected":false},"excerpt":{"rendered":"<p>Kolliderar din tr\u00e4dg\u00e5rds passion med b\u00f6jning och brist p\u00e5 utrymme? Denna [BRAND NAME] h\u00f6g s\u00e4ng l\u00f6ser problemet: Den stegade designen&#8230;<\/p>\n","protected":false},"featured_media":105603,"template":"","meta":[],"product_brand":[],"product_cat":[922,858,443],"product_tag":[],"class_list":{"0":"post-105614","1":"product","2":"type-product","3":"status-publish","4":"has-post-thumbnail","6":"product_cat-planteringskarl","7":"product_cat-tradgard-terrass","8":"product_cat-vaxthus-tradgardsskotsel","10":"first","11":"instock","12":"sale","13":"taxable","14":"shipping-taxable","15":"purchasable","16":"product-type-simple"},"yoast_head":"<!-- This site is optimized with the Yoast SEO plugin v25.4 - https:\/\/yoast.com\/wordpress\/plugins\/seo\/ -->\n<title>TRUUSK Bloml\u00e5da Med Kl\u00e4tterst\u00e4llning - 2-stegs H\u00f6jd - 2 Planteringsl\u00e5dor - Tr\u00e4 - 108 x 62 x 120 cm - TRUUSK - Hem, Tr\u00e4dg\u00e5rd &amp; Fritid<\/title>\n<meta name=\"robots\" content=\"index, follow, max-snippet:-1, max-image-preview:large, max-video-preview:-1\" \/>\n<link rel=\"canonical\" href=\"https:\/\/truusk.store\/sv\/produkt\/truusk-blomlada-med-klatterstallning-2-stegs-hojd-2-planteringslador-tra-108-x-62-x-120-cm\/\" \/>\n<meta property=\"og:locale\" content=\"sv_SE\" \/>\n<meta property=\"og:type\" content=\"article\" \/>\n<meta property=\"og:title\" content=\"TRUUSK Bloml\u00e5da Med Kl\u00e4tterst\u00e4llning - 2-stegs H\u00f6jd - 2 Planteringsl\u00e5dor - Tr\u00e4 - 108 x 62 x 120 cm - TRUUSK - Hem, Tr\u00e4dg\u00e5rd &amp; Fritid\" \/>\n<meta property=\"og:description\" content=\"Kolliderar din tr\u00e4dg\u00e5rds passion med b\u00f6jning och brist p\u00e5 utrymme? Denna [BRAND NAME] h\u00f6g s\u00e4ng l\u00f6ser problemet: Den stegade designen...\" \/>\n<meta property=\"og:url\" content=\"https:\/\/truusk.store\/sv\/produkt\/truusk-blomlada-med-klatterstallning-2-stegs-hojd-2-planteringslador-tra-108-x-62-x-120-cm\/\" \/>\n<meta property=\"og:site_name\" content=\"TRUUSK - Hem, Tr\u00e4dg\u00e5rd &amp; Fritid\" \/>\n<meta property=\"article:modified_time\" content=\"2026-03-12T07:51:12+00:00\" \/>\n<meta property=\"og:image\" content=\"https:\/\/i0.wp.com\/truusk.se\/wp-content\/uploads\/2026\/02\/hogbadd-med-klatterstallning-2-stegs-hojd-blomlada-med-2-planteringslador-tra-108-x-62-x-120-cm-1.webp?fit=2000%2C2000&ssl=1\" \/>\n\t<meta property=\"og:image:width\" content=\"2000\" \/>\n\t<meta property=\"og:image:height\" content=\"2000\" \/>\n\t<meta property=\"og:image:type\" content=\"image\/webp\" \/>\n<meta name=\"twitter:card\" content=\"summary_large_image\" \/>\n<meta name=\"twitter:label1\" content=\"Ber\u00e4knad l\u00e4stid\" \/>\n\t<meta name=\"twitter:data1\" content=\"1 minut\" \/>\n<!-- \/ Yoast SEO plugin. -->","yoast_head_json":{"title":"TRUUSK Bloml\u00e5da Med Kl\u00e4tterst\u00e4llning - 2-stegs H\u00f6jd - 2 Planteringsl\u00e5dor - Tr\u00e4 - 108 x 62 x 120 cm - TRUUSK - Hem, Tr\u00e4dg\u00e5rd &amp; Fritid","robots":{"index":"index","follow":"follow","max-snippet":"max-snippet:-1","max-image-preview":"max-image-preview:large","max-video-preview":"max-video-preview:-1"},"canonical":"https:\/\/truusk.store\/sv\/produkt\/truusk-blomlada-med-klatterstallning-2-stegs-hojd-2-planteringslador-tra-108-x-62-x-120-cm\/","og_locale":"sv_SE","og_type":"article","og_title":"TRUUSK Bloml\u00e5da Med Kl\u00e4tterst\u00e4llning - 2-stegs H\u00f6jd - 2 Planteringsl\u00e5dor - Tr\u00e4 - 108 x 62 x 120 cm - TRUUSK - Hem, Tr\u00e4dg\u00e5rd &amp; Fritid","og_description":"Kolliderar din tr\u00e4dg\u00e5rds passion med b\u00f6jning och brist p\u00e5 utrymme? Denna [BRAND NAME] h\u00f6g s\u00e4ng l\u00f6ser problemet: Den stegade designen...","og_url":"https:\/\/truusk.store\/sv\/produkt\/truusk-blomlada-med-klatterstallning-2-stegs-hojd-2-planteringslador-tra-108-x-62-x-120-cm\/","og_site_name":"TRUUSK - Hem, Tr\u00e4dg\u00e5rd &amp; Fritid","article_modified_time":"2026-03-12T07:51:12+00:00","og_image":[{"width":2000,"height":2000,"url":"https:\/\/i0.wp.com\/truusk.se\/wp-content\/uploads\/2026\/02\/hogbadd-med-klatterstallning-2-stegs-hojd-blomlada-med-2-planteringslador-tra-108-x-62-x-120-cm-1.webp?fit=2000%2C2000&ssl=1","type":"image\/webp"}],"twitter_card":"summary_large_image","twitter_misc":{"Ber\u00e4knad l\u00e4stid":"1 minut"},"schema":{"@context":"https:\/\/schema.org","@graph":[{"@type":"WebPage","@id":"https:\/\/truusk.store\/sv\/produkt\/truusk-blomlada-med-klatterstallning-2-stegs-hojd-2-planteringslador-tra-108-x-62-x-120-cm\/","url":"https:\/\/truusk.store\/sv\/produkt\/truusk-blomlada-med-klatterstallning-2-stegs-hojd-2-planteringslador-tra-108-x-62-x-120-cm\/","name":"TRUUSK Bloml\u00e5da Med Kl\u00e4tterst\u00e4llning - 2-stegs H\u00f6jd - 2 Planteringsl\u00e5dor - Tr\u00e4 - 108 x 62 x 120 cm - TRUUSK - Hem, Tr\u00e4dg\u00e5rd &amp; Fritid","isPartOf":{"@id":"https:\/\/truusk.store\/sv\/#website"},"primaryImageOfPage":{"@id":"https:\/\/truusk.store\/sv\/produkt\/truusk-blomlada-med-klatterstallning-2-stegs-hojd-2-planteringslador-tra-108-x-62-x-120-cm\/#primaryimage"},"image":{"@id":"https:\/\/truusk.store\/sv\/produkt\/truusk-blomlada-med-klatterstallning-2-stegs-hojd-2-planteringslador-tra-108-x-62-x-120-cm\/#primaryimage"},"thumbnailUrl":"https:\/\/i0.wp.com\/truusk.store\/wp-content\/uploads\/2026\/02\/hogbadd-med-klatterstallning-2-stegs-hojd-blomlada-med-2-planteringslador-tra-108-x-62-x-120-cm-1.webp?fit=2000%2C2000&ssl=1","datePublished":"2026-02-24T05:17:32+00:00","dateModified":"2026-03-12T07:51:12+00:00","breadcrumb":{"@id":"https:\/\/truusk.store\/sv\/produkt\/truusk-blomlada-med-klatterstallning-2-stegs-hojd-2-planteringslador-tra-108-x-62-x-120-cm\/#breadcrumb"},"inLanguage":"sv-SE","potentialAction":[{"@type":"ReadAction","target":["https:\/\/truusk.store\/sv\/produkt\/truusk-blomlada-med-klatterstallning-2-stegs-hojd-2-planteringslador-tra-108-x-62-x-120-cm\/"]}]},{"@type":"ImageObject","inLanguage":"sv-SE","@id":"https:\/\/truusk.store\/sv\/produkt\/truusk-blomlada-med-klatterstallning-2-stegs-hojd-2-planteringslador-tra-108-x-62-x-120-cm\/#primaryimage","url":"https:\/\/i0.wp.com\/truusk.store\/wp-content\/uploads\/2026\/02\/hogbadd-med-klatterstallning-2-stegs-hojd-blomlada-med-2-planteringslador-tra-108-x-62-x-120-cm-1.webp?fit=2000%2C2000&ssl=1","contentUrl":"https:\/\/i0.wp.com\/truusk.store\/wp-content\/uploads\/2026\/02\/hogbadd-med-klatterstallning-2-stegs-hojd-blomlada-med-2-planteringslador-tra-108-x-62-x-120-cm-1.webp?fit=2000%2C2000&ssl=1","width":2000,"height":2000},{"@type":"BreadcrumbList","@id":"https:\/\/truusk.store\/sv\/produkt\/truusk-blomlada-med-klatterstallning-2-stegs-hojd-2-planteringslador-tra-108-x-62-x-120-cm\/#breadcrumb","itemListElement":[{"@type":"ListItem","position":1,"name":"Home","item":"https:\/\/truusk.store\/sv\/"},{"@type":"ListItem","position":2,"name":"Shop","item":"https:\/\/truusk.store\/shop\/"},{"@type":"ListItem","position":3,"name":"TRUUSK Bloml\u00e5da Med Kl\u00e4tterst\u00e4llning &#8211; 2-stegs H\u00f6jd &#8211; 2 Planteringsl\u00e5dor &#8211; Tr\u00e4 &#8211; 108 x 62 x 120 cm"}]},{"@type":"WebSite","@id":"https:\/\/truusk.store\/sv\/#website","url":"https:\/\/truusk.store\/sv\/","name":"TRUUSK - Hem, Tr\u00e4dg\u00e5rd & Fritid","description":"","publisher":{"@id":"https:\/\/truusk.store\/sv\/#organization"},"potentialAction":[{"@type":"SearchAction","target":{"@type":"EntryPoint","urlTemplate":"https:\/\/truusk.store\/sv\/?s={search_term_string}"},"query-input":{"@type":"PropertyValueSpecification","valueRequired":true,"valueName":"search_term_string"}}],"inLanguage":"sv-SE"},{"@type":"Organization","@id":"https:\/\/truusk.store\/sv\/#organization","name":"TRUUSK - Hem, Tr\u00e4dg\u00e5rd & Fritid","url":"https:\/\/truusk.store\/sv\/","logo":{"@type":"ImageObject","inLanguage":"sv-SE","@id":"https:\/\/truusk.store\/sv\/#\/schema\/logo\/image\/","url":"https:\/\/i0.wp.com\/truusk.store\/wp-content\/uploads\/2026\/03\/cropped-TRUUSK.png?fit=2032%2C917&ssl=1","contentUrl":"https:\/\/i0.wp.com\/truusk.store\/wp-content\/uploads\/2026\/03\/cropped-TRUUSK.png?fit=2032%2C917&ssl=1","width":2032,"height":917,"caption":"TRUUSK - Hem, Tr\u00e4dg\u00e5rd & Fritid"},"image":{"@id":"https:\/\/truusk.store\/sv\/#\/schema\/logo\/image\/"}}]}},"jetpack_sharing_enabled":true,"_links":{"self":[{"href":"https:\/\/truusk.store\/sv\/wp-json\/wp\/v2\/product\/105614","targetHints":{"allow":["GET"]}}],"collection":[{"href":"https:\/\/truusk.store\/sv\/wp-json\/wp\/v2\/product"}],"about":[{"href":"https:\/\/truusk.store\/sv\/wp-json\/wp\/v2\/types\/product"}],"wp:featuredmedia":[{"embeddable":true,"href":"https:\/\/truusk.store\/sv\/wp-json\/wp\/v2\/media\/105603"}],"wp:attachment":[{"href":"https:\/\/truusk.store\/sv\/wp-json\/wp\/v2\/media?parent=105614"}],"wp:term":[{"taxonomy":"product_brand","embeddable":true,"href":"https:\/\/truusk.store\/sv\/wp-json\/wp\/v2\/product_brand?post=105614"},{"taxonomy":"product_cat","embeddable":true,"href":"https:\/\/truusk.store\/sv\/wp-json\/wp\/v2\/product_cat?post=105614"},{"taxonomy":"product_tag","embeddable":true,"href":"https:\/\/truusk.store\/sv\/wp-json\/wp\/v2\/product_tag?post=105614"}],"curies":[{"name":"wp","href":"https:\/\/api.w.org\/{rel}","templated":true}]}}