{"id":105635,"date":"2026-02-24T06:19:34","date_gmt":"2026-02-24T05:19:34","guid":{"rendered":"https:\/\/truusk.store\/product\/100-tum-169-hd-4k-8k-projektor-skarm-med-stativ-barbar-dubbelsidig-skarm-med-hopfallbara-stativ-vit\/"},"modified":"2026-03-12T08:51:16","modified_gmt":"2026-03-12T07:51:16","slug":"truusk-100-tum-169-hd-4k-8k-projektor-skarm-med-stativ-barbar-dubbelhojd-skarm-hopfallbara-stativ-vit","status":"publish","type":"product","link":"https:\/\/truusk.store\/sv\/produkt\/truusk-100-tum-169-hd-4k-8k-projektor-skarm-med-stativ-barbar-dubbelhojd-skarm-hopfallbara-stativ-vit\/","title":{"rendered":"TRUUSK 100 tum 16:9 HD 4K\/8K Projektor-sk\u00e4rm med stativ &#8211; B\u00e4rbar dubbelh\u00f6jd sk\u00e4rm &#8211; Hopf\u00e4llbara stativ &#8211; Vit"},"content":{"rendered":"<p>Filmkv\u00e4llar kan bli en besvikelse: matta bilder, d\u00e5liga sittplatser, ostabilt uppst\u00e4llning. [BRAND NAME] projektor sk\u00e4rm erbjuder en 100-tums display f\u00f6r 4K\/8K-bilder, breda betraktningsvinklar och stabilitet tack vare dubbla stativ. Den f\u00f6rvandlar filmer, m\u00f6ten eller festligheter till uppslukande \u00f6gonblick som alla kan njuta av avslappnat.<\/p>\n<p>Beskrivning:<\/p>\n<ul>\n<li> 100&#8243;, 16:9 projektor sk\u00e4rm st\u00f6der skarp 4K\/8K-\u00e5tergivning<\/li>\n<li> Skrynkelfri polyesteryta m\u00f6jligg\u00f6r klar front- och bakprojektion<\/li>\n<li> 160-graders vidvinkel ger ljusa bilder fr\u00e5n alla vinklar<\/li>\n<li> Dubbelt aluminiumstativdesign h\u00e5ller projektorsk\u00e4rmen med stativ stabil<\/li>\n<li> Hopf\u00e4llbara stativben p\u00e5 sk\u00e4rmen kan l\u00e4tt f\u00f6rvaras efter anv\u00e4ndning<\/li>\n<li> Kompatibel med de flesta projektorer f\u00f6r hemmabio, spel sessioner eller fotbollsmatcher<\/li>\n<li> Tv\u00e4ttbart tyg h\u00e5ller projektorsk\u00e4rmen fr\u00e4sch f\u00f6r upprepad anv\u00e4ndning<\/li>\n<li> Enkel att montera<\/li>\n<\/ul>\n<p> Tekniska data:<\/p>\n<ul>\n<li> F\u00e4rg: Vit+Svart<\/li>\n<li> Material: Polyester, Aluminium, Metall<\/li>\n<li> Totala dimensioner: 268B x 58T x 181H cm<\/li>\n<li> Sk\u00e4rmstorlek: 100&#8243;<\/li>\n<li> Bildf\u00f6rh\u00e5llande: 16:9<\/li>\n<li> Projektionsstorlek: 220B x 127H cm<\/li>\n<li> Bredd p\u00e5 svart kant: 5 cm<\/li>\n<\/ul>\n<p>Leveransinneh\u00e5ll:<\/p>\n<ul>\n<li> 1 x Projektor sk\u00e4rm<\/li>\n<li> 2 x Stativ<\/li>\n<li> 8 x Markankare<\/li>\n<li> 2 x Rep<\/li>\n<li> 1 x Instruktioner<\/li>\n<\/ul>\n","protected":false},"excerpt":{"rendered":"<p>Filmkv\u00e4llar kan bli en besvikelse: matta bilder, d\u00e5liga sittplatser, ostabilt uppst\u00e4llning. [BRAND NAME] projektor sk\u00e4rm erbjuder en 100-tums display f\u00f6r&#8230;<\/p>\n","protected":false},"featured_media":105620,"template":"","meta":[],"product_brand":[],"product_cat":[989,1067,963],"product_tag":[],"class_list":{"0":"post-105635","1":"product","2":"type-product","3":"status-publish","4":"has-post-thumbnail","6":"product_cat-byggvaruhus","7":"product_cat-projektor-skarmar","8":"product_cat-runt-om-huset","10":"first","11":"instock","12":"sale","13":"taxable","14":"shipping-taxable","15":"purchasable","16":"product-type-simple"},"yoast_head":"<!-- This site is optimized with the Yoast SEO plugin v25.4 - https:\/\/yoast.com\/wordpress\/plugins\/seo\/ -->\n<title>TRUUSK 100 tum 16:9 HD 4K\/8K Projektor-sk\u00e4rm med stativ - B\u00e4rbar dubbelh\u00f6jd sk\u00e4rm - Hopf\u00e4llbara stativ - Vit - TRUUSK - Hem, Tr\u00e4dg\u00e5rd &amp; Fritid<\/title>\n<meta name=\"robots\" content=\"index, follow, max-snippet:-1, max-image-preview:large, max-video-preview:-1\" \/>\n<link rel=\"canonical\" href=\"https:\/\/truusk.store\/sv\/produkt\/truusk-100-tum-169-hd-4k-8k-projektor-skarm-med-stativ-barbar-dubbelhojd-skarm-hopfallbara-stativ-vit\/\" \/>\n<meta property=\"og:locale\" content=\"sv_SE\" \/>\n<meta property=\"og:type\" content=\"article\" \/>\n<meta property=\"og:title\" content=\"TRUUSK 100 tum 16:9 HD 4K\/8K Projektor-sk\u00e4rm med stativ - B\u00e4rbar dubbelh\u00f6jd sk\u00e4rm - Hopf\u00e4llbara stativ - Vit - TRUUSK - Hem, Tr\u00e4dg\u00e5rd &amp; Fritid\" \/>\n<meta property=\"og:description\" content=\"Filmkv\u00e4llar kan bli en besvikelse: matta bilder, d\u00e5liga sittplatser, ostabilt uppst\u00e4llning. [BRAND NAME] projektor sk\u00e4rm erbjuder en 100-tums display f\u00f6r...\" \/>\n<meta property=\"og:url\" content=\"https:\/\/truusk.store\/sv\/produkt\/truusk-100-tum-169-hd-4k-8k-projektor-skarm-med-stativ-barbar-dubbelhojd-skarm-hopfallbara-stativ-vit\/\" \/>\n<meta property=\"og:site_name\" content=\"TRUUSK - Hem, Tr\u00e4dg\u00e5rd &amp; Fritid\" \/>\n<meta property=\"article:modified_time\" content=\"2026-03-12T07:51:16+00:00\" \/>\n<meta property=\"og:image\" content=\"https:\/\/i0.wp.com\/truusk.se\/wp-content\/uploads\/2026\/02\/100-tum-169-hd-4k-8k-projektor-skarm-med-stativ-barbar-dubbelsidig-skarm-med-hopfallbara-stativ-vit-1-1.webp?fit=2000%2C2000&ssl=1\" \/>\n\t<meta property=\"og:image:width\" content=\"2000\" \/>\n\t<meta property=\"og:image:height\" content=\"2000\" \/>\n\t<meta property=\"og:image:type\" content=\"image\/webp\" \/>\n<meta name=\"twitter:card\" content=\"summary_large_image\" \/>\n<meta name=\"twitter:label1\" content=\"Ber\u00e4knad l\u00e4stid\" \/>\n\t<meta name=\"twitter:data1\" content=\"1 minut\" \/>\n<!-- \/ Yoast SEO plugin. -->","yoast_head_json":{"title":"TRUUSK 100 tum 16:9 HD 4K\/8K Projektor-sk\u00e4rm med stativ - B\u00e4rbar dubbelh\u00f6jd sk\u00e4rm - Hopf\u00e4llbara stativ - Vit - TRUUSK - Hem, Tr\u00e4dg\u00e5rd &amp; Fritid","robots":{"index":"index","follow":"follow","max-snippet":"max-snippet:-1","max-image-preview":"max-image-preview:large","max-video-preview":"max-video-preview:-1"},"canonical":"https:\/\/truusk.store\/sv\/produkt\/truusk-100-tum-169-hd-4k-8k-projektor-skarm-med-stativ-barbar-dubbelhojd-skarm-hopfallbara-stativ-vit\/","og_locale":"sv_SE","og_type":"article","og_title":"TRUUSK 100 tum 16:9 HD 4K\/8K Projektor-sk\u00e4rm med stativ - B\u00e4rbar dubbelh\u00f6jd sk\u00e4rm - Hopf\u00e4llbara stativ - Vit - TRUUSK - Hem, Tr\u00e4dg\u00e5rd &amp; Fritid","og_description":"Filmkv\u00e4llar kan bli en besvikelse: matta bilder, d\u00e5liga sittplatser, ostabilt uppst\u00e4llning. [BRAND NAME] projektor sk\u00e4rm erbjuder en 100-tums display f\u00f6r...","og_url":"https:\/\/truusk.store\/sv\/produkt\/truusk-100-tum-169-hd-4k-8k-projektor-skarm-med-stativ-barbar-dubbelhojd-skarm-hopfallbara-stativ-vit\/","og_site_name":"TRUUSK - Hem, Tr\u00e4dg\u00e5rd &amp; Fritid","article_modified_time":"2026-03-12T07:51:16+00:00","og_image":[{"width":2000,"height":2000,"url":"https:\/\/i0.wp.com\/truusk.se\/wp-content\/uploads\/2026\/02\/100-tum-169-hd-4k-8k-projektor-skarm-med-stativ-barbar-dubbelsidig-skarm-med-hopfallbara-stativ-vit-1-1.webp?fit=2000%2C2000&ssl=1","type":"image\/webp"}],"twitter_card":"summary_large_image","twitter_misc":{"Ber\u00e4knad l\u00e4stid":"1 minut"},"schema":{"@context":"https:\/\/schema.org","@graph":[{"@type":"WebPage","@id":"https:\/\/truusk.store\/sv\/produkt\/truusk-100-tum-169-hd-4k-8k-projektor-skarm-med-stativ-barbar-dubbelhojd-skarm-hopfallbara-stativ-vit\/","url":"https:\/\/truusk.store\/sv\/produkt\/truusk-100-tum-169-hd-4k-8k-projektor-skarm-med-stativ-barbar-dubbelhojd-skarm-hopfallbara-stativ-vit\/","name":"TRUUSK 100 tum 16:9 HD 4K\/8K Projektor-sk\u00e4rm med stativ - B\u00e4rbar dubbelh\u00f6jd sk\u00e4rm - Hopf\u00e4llbara stativ - Vit - TRUUSK - Hem, Tr\u00e4dg\u00e5rd &amp; Fritid","isPartOf":{"@id":"https:\/\/truusk.store\/sv\/#website"},"primaryImageOfPage":{"@id":"https:\/\/truusk.store\/sv\/produkt\/truusk-100-tum-169-hd-4k-8k-projektor-skarm-med-stativ-barbar-dubbelhojd-skarm-hopfallbara-stativ-vit\/#primaryimage"},"image":{"@id":"https:\/\/truusk.store\/sv\/produkt\/truusk-100-tum-169-hd-4k-8k-projektor-skarm-med-stativ-barbar-dubbelhojd-skarm-hopfallbara-stativ-vit\/#primaryimage"},"thumbnailUrl":"https:\/\/i0.wp.com\/truusk.store\/wp-content\/uploads\/2026\/02\/100-tum-169-hd-4k-8k-projektor-skarm-med-stativ-barbar-dubbelsidig-skarm-med-hopfallbara-stativ-vit-1-1.webp?fit=2000%2C2000&ssl=1","datePublished":"2026-02-24T05:19:34+00:00","dateModified":"2026-03-12T07:51:16+00:00","breadcrumb":{"@id":"https:\/\/truusk.store\/sv\/produkt\/truusk-100-tum-169-hd-4k-8k-projektor-skarm-med-stativ-barbar-dubbelhojd-skarm-hopfallbara-stativ-vit\/#breadcrumb"},"inLanguage":"sv-SE","potentialAction":[{"@type":"ReadAction","target":["https:\/\/truusk.store\/sv\/produkt\/truusk-100-tum-169-hd-4k-8k-projektor-skarm-med-stativ-barbar-dubbelhojd-skarm-hopfallbara-stativ-vit\/"]}]},{"@type":"ImageObject","inLanguage":"sv-SE","@id":"https:\/\/truusk.store\/sv\/produkt\/truusk-100-tum-169-hd-4k-8k-projektor-skarm-med-stativ-barbar-dubbelhojd-skarm-hopfallbara-stativ-vit\/#primaryimage","url":"https:\/\/i0.wp.com\/truusk.store\/wp-content\/uploads\/2026\/02\/100-tum-169-hd-4k-8k-projektor-skarm-med-stativ-barbar-dubbelsidig-skarm-med-hopfallbara-stativ-vit-1-1.webp?fit=2000%2C2000&ssl=1","contentUrl":"https:\/\/i0.wp.com\/truusk.store\/wp-content\/uploads\/2026\/02\/100-tum-169-hd-4k-8k-projektor-skarm-med-stativ-barbar-dubbelsidig-skarm-med-hopfallbara-stativ-vit-1-1.webp?fit=2000%2C2000&ssl=1","width":2000,"height":2000},{"@type":"BreadcrumbList","@id":"https:\/\/truusk.store\/sv\/produkt\/truusk-100-tum-169-hd-4k-8k-projektor-skarm-med-stativ-barbar-dubbelhojd-skarm-hopfallbara-stativ-vit\/#breadcrumb","itemListElement":[{"@type":"ListItem","position":1,"name":"Home","item":"https:\/\/truusk.store\/sv\/"},{"@type":"ListItem","position":2,"name":"Shop","item":"https:\/\/truusk.store\/shop\/"},{"@type":"ListItem","position":3,"name":"TRUUSK 100 tum 16:9 HD 4K\/8K Projektor-sk\u00e4rm med stativ &#8211; B\u00e4rbar dubbelh\u00f6jd sk\u00e4rm &#8211; Hopf\u00e4llbara stativ &#8211; Vit"}]},{"@type":"WebSite","@id":"https:\/\/truusk.store\/sv\/#website","url":"https:\/\/truusk.store\/sv\/","name":"TRUUSK - Hem, Tr\u00e4dg\u00e5rd & Fritid","description":"","publisher":{"@id":"https:\/\/truusk.store\/sv\/#organization"},"potentialAction":[{"@type":"SearchAction","target":{"@type":"EntryPoint","urlTemplate":"https:\/\/truusk.store\/sv\/?s={search_term_string}"},"query-input":{"@type":"PropertyValueSpecification","valueRequired":true,"valueName":"search_term_string"}}],"inLanguage":"sv-SE"},{"@type":"Organization","@id":"https:\/\/truusk.store\/sv\/#organization","name":"TRUUSK - Hem, Tr\u00e4dg\u00e5rd & Fritid","url":"https:\/\/truusk.store\/sv\/","logo":{"@type":"ImageObject","inLanguage":"sv-SE","@id":"https:\/\/truusk.store\/sv\/#\/schema\/logo\/image\/","url":"https:\/\/i0.wp.com\/truusk.store\/wp-content\/uploads\/2026\/03\/cropped-TRUUSK.png?fit=2032%2C917&ssl=1","contentUrl":"https:\/\/i0.wp.com\/truusk.store\/wp-content\/uploads\/2026\/03\/cropped-TRUUSK.png?fit=2032%2C917&ssl=1","width":2032,"height":917,"caption":"TRUUSK - Hem, Tr\u00e4dg\u00e5rd & Fritid"},"image":{"@id":"https:\/\/truusk.store\/sv\/#\/schema\/logo\/image\/"}}]}},"jetpack_sharing_enabled":true,"_links":{"self":[{"href":"https:\/\/truusk.store\/sv\/wp-json\/wp\/v2\/product\/105635","targetHints":{"allow":["GET"]}}],"collection":[{"href":"https:\/\/truusk.store\/sv\/wp-json\/wp\/v2\/product"}],"about":[{"href":"https:\/\/truusk.store\/sv\/wp-json\/wp\/v2\/types\/product"}],"wp:featuredmedia":[{"embeddable":true,"href":"https:\/\/truusk.store\/sv\/wp-json\/wp\/v2\/media\/105620"}],"wp:attachment":[{"href":"https:\/\/truusk.store\/sv\/wp-json\/wp\/v2\/media?parent=105635"}],"wp:term":[{"taxonomy":"product_brand","embeddable":true,"href":"https:\/\/truusk.store\/sv\/wp-json\/wp\/v2\/product_brand?post=105635"},{"taxonomy":"product_cat","embeddable":true,"href":"https:\/\/truusk.store\/sv\/wp-json\/wp\/v2\/product_cat?post=105635"},{"taxonomy":"product_tag","embeddable":true,"href":"https:\/\/truusk.store\/sv\/wp-json\/wp\/v2\/product_tag?post=105635"}],"curies":[{"name":"wp","href":"https:\/\/api.w.org\/{rel}","templated":true}]}}