{"id":105644,"date":"2026-02-24T06:20:23","date_gmt":"2026-02-24T05:20:23","guid":{"rendered":"https:\/\/truusk.store\/product\/kattunnel-kattleksak-i-tra-med-3-dorrar-utbyggbar-lektunnel-for-katter-upp-till-10-kg-1515-x-385-cm-gra\/"},"modified":"2026-03-12T08:51:18","modified_gmt":"2026-03-12T07:51:18","slug":"truusk-kattleksak-i-tra-med-3-dorrar-utbyggbar-kattunnel-for-katter-upp-till-10-kg-gra-1515-x-385-cm","status":"publish","type":"product","link":"https:\/\/truusk.store\/sv\/produkt\/truusk-kattleksak-i-tra-med-3-dorrar-utbyggbar-kattunnel-for-katter-upp-till-10-kg-gra-1515-x-385-cm\/","title":{"rendered":"TRUUSK Kattleksak i Tr\u00e4 med 3 D\u00f6rrar &#8211; Utbyggbar Kattunnel f\u00f6r Katter upp till 10 kg &#8211; Gr\u00e5 &#8211; 151,5 x 38,5 cm"},"content":{"rendered":"<p>Ororar du f\u00f6r din innekatt som saknar naturen? Detta f\u00f6rst\u00e4rks om det inte finns n\u00e5got dynamiskt, s\u00e4kert omr\u00e5de tillg\u00e4ngligt. [BRAND NAME] kattunneln \u00e4r l\u00f6sningen. Den erbjuder genom sin v\u00e4derbest\u00e4ndiga konstruktion en s\u00e4ker v\u00e4g f\u00f6r utomhus\u00e4ventyr. Koppla samman flera enheter f\u00f6r en ut\u00f6kad utforskningsv\u00e4rld och integrera dem s\u00f6ml\u00f6st i ditt hem eller andra katth\u00e4gn med flexibla d\u00f6rrar f\u00f6r att ge din katt den stimulerande, s\u00e4kra platsen den f\u00f6rtj\u00e4nar.<\/p>\n<p>Beskrivning:<\/p>\n<ul>\n<li> Stabil lektunnel av grantr\u00e4 med plasttak och tr\u00e5dn\u00e4t f\u00f6r l\u00e5ng h\u00e5llbarhet<\/li>\n<li> Anslut flera katttunnlar f\u00f6r ut\u00f6kad utomhusutforskning<\/li>\n<li> Tre avtagbara d\u00f6rrar m\u00f6jligg\u00f6r flexibel tillg\u00e5ng och anslutningar mellan burarna<\/li>\n<li> En inre l\u00e4ngd p\u00e5 146 cm ger gott om utrymme f\u00f6r katter att springa<\/li>\n<li> St\u00f6djer s\u00e4kert katter upp till 10 kg i tunneln<\/li>\n<li> Montering av kattunneln kr\u00e4vs p\u00e5 cirka 30 minuter<\/li>\n<\/ul>\n<p> Tekniska data:<\/p>\n<ul>\n<li> F\u00e4rg: Gr\u00e5<\/li>\n<li> Material: Grantr\u00e4, plast, metall<\/li>\n<li> Totala dimensioner: 151,5L x 38,5B x 40H cm<\/li>\n<li> Tunnelstorlek: 150L x 38B x 38H cm<\/li>\n<li> Inre tunnelstorlek: 146L x 34B x 36H cm<\/li>\n<li> D\u00f6rrstorlek: 31,5B x 31,5H cm (varje)<\/li>\n<li> Metalln\u00e4tsstorlek: 12L x 12B mm<\/li>\n<li> Tr\u00e5ddiameter: \u00d80,7 mm<\/li>\n<li> B\u00e4rkapacitet: 10 kg<\/li>\n<\/ul>\n<p>Leveransinneh\u00e5ll:<\/p>\n<ul>\n<li> 1 x kattunnel<\/li>\n<li> 1 x bruksanvisning<\/li>\n<\/ul>\n","protected":false},"excerpt":{"rendered":"<p>Ororar du f\u00f6r din innekatt som saknar naturen? Detta f\u00f6rst\u00e4rks om det inte finns n\u00e5got dynamiskt, s\u00e4kert omr\u00e5de tillg\u00e4ngligt. [BRAND&#8230;<\/p>\n","protected":false},"featured_media":105630,"template":"","meta":[],"product_brand":[],"product_cat":[878,590,588],"product_tag":[],"class_list":{"0":"post-105644","1":"product","2":"type-product","3":"status-publish","4":"has-post-thumbnail","6":"product_cat-djurbehov","7":"product_cat-kattgrottor-kattsangar","8":"product_cat-katttillbehor","10":"first","11":"instock","12":"sale","13":"taxable","14":"shipping-taxable","15":"purchasable","16":"product-type-simple"},"yoast_head":"<!-- This site is optimized with the Yoast SEO plugin v25.4 - https:\/\/yoast.com\/wordpress\/plugins\/seo\/ -->\n<title>TRUUSK Kattleksak i Tr\u00e4 med 3 D\u00f6rrar - Utbyggbar Kattunnel f\u00f6r Katter upp till 10 kg - Gr\u00e5 - 151,5 x 38,5 cm - TRUUSK - Hem, Tr\u00e4dg\u00e5rd &amp; Fritid<\/title>\n<meta name=\"robots\" content=\"index, follow, max-snippet:-1, max-image-preview:large, max-video-preview:-1\" \/>\n<link rel=\"canonical\" href=\"https:\/\/truusk.store\/sv\/produkt\/truusk-kattleksak-i-tra-med-3-dorrar-utbyggbar-kattunnel-for-katter-upp-till-10-kg-gra-1515-x-385-cm\/\" \/>\n<meta property=\"og:locale\" content=\"sv_SE\" \/>\n<meta property=\"og:type\" content=\"article\" \/>\n<meta property=\"og:title\" content=\"TRUUSK Kattleksak i Tr\u00e4 med 3 D\u00f6rrar - Utbyggbar Kattunnel f\u00f6r Katter upp till 10 kg - Gr\u00e5 - 151,5 x 38,5 cm - TRUUSK - Hem, Tr\u00e4dg\u00e5rd &amp; Fritid\" \/>\n<meta property=\"og:description\" content=\"Ororar du f\u00f6r din innekatt som saknar naturen? Detta f\u00f6rst\u00e4rks om det inte finns n\u00e5got dynamiskt, s\u00e4kert omr\u00e5de tillg\u00e4ngligt. [BRAND...\" \/>\n<meta property=\"og:url\" content=\"https:\/\/truusk.store\/sv\/produkt\/truusk-kattleksak-i-tra-med-3-dorrar-utbyggbar-kattunnel-for-katter-upp-till-10-kg-gra-1515-x-385-cm\/\" \/>\n<meta property=\"og:site_name\" content=\"TRUUSK - Hem, Tr\u00e4dg\u00e5rd &amp; Fritid\" \/>\n<meta property=\"article:modified_time\" content=\"2026-03-12T07:51:18+00:00\" \/>\n<meta property=\"og:image\" content=\"https:\/\/i0.wp.com\/truusk.se\/wp-content\/uploads\/2026\/02\/kattunnel-kattleksak-i-tra-med-3-dorrar-utbyggbar-lektunnel-for-katter-upp-till-10-kg-1515-x-385-cm-gra-1.webp?fit=2000%2C2000&ssl=1\" \/>\n\t<meta property=\"og:image:width\" content=\"2000\" \/>\n\t<meta property=\"og:image:height\" content=\"2000\" \/>\n\t<meta property=\"og:image:type\" content=\"image\/webp\" \/>\n<meta name=\"twitter:card\" content=\"summary_large_image\" \/>\n<meta name=\"twitter:label1\" content=\"Ber\u00e4knad l\u00e4stid\" \/>\n\t<meta name=\"twitter:data1\" content=\"1 minut\" \/>\n<!-- \/ Yoast SEO plugin. -->","yoast_head_json":{"title":"TRUUSK Kattleksak i Tr\u00e4 med 3 D\u00f6rrar - Utbyggbar Kattunnel f\u00f6r Katter upp till 10 kg - Gr\u00e5 - 151,5 x 38,5 cm - TRUUSK - Hem, Tr\u00e4dg\u00e5rd &amp; Fritid","robots":{"index":"index","follow":"follow","max-snippet":"max-snippet:-1","max-image-preview":"max-image-preview:large","max-video-preview":"max-video-preview:-1"},"canonical":"https:\/\/truusk.store\/sv\/produkt\/truusk-kattleksak-i-tra-med-3-dorrar-utbyggbar-kattunnel-for-katter-upp-till-10-kg-gra-1515-x-385-cm\/","og_locale":"sv_SE","og_type":"article","og_title":"TRUUSK Kattleksak i Tr\u00e4 med 3 D\u00f6rrar - Utbyggbar Kattunnel f\u00f6r Katter upp till 10 kg - Gr\u00e5 - 151,5 x 38,5 cm - TRUUSK - Hem, Tr\u00e4dg\u00e5rd &amp; Fritid","og_description":"Ororar du f\u00f6r din innekatt som saknar naturen? Detta f\u00f6rst\u00e4rks om det inte finns n\u00e5got dynamiskt, s\u00e4kert omr\u00e5de tillg\u00e4ngligt. [BRAND...","og_url":"https:\/\/truusk.store\/sv\/produkt\/truusk-kattleksak-i-tra-med-3-dorrar-utbyggbar-kattunnel-for-katter-upp-till-10-kg-gra-1515-x-385-cm\/","og_site_name":"TRUUSK - Hem, Tr\u00e4dg\u00e5rd &amp; Fritid","article_modified_time":"2026-03-12T07:51:18+00:00","og_image":[{"width":2000,"height":2000,"url":"https:\/\/i0.wp.com\/truusk.se\/wp-content\/uploads\/2026\/02\/kattunnel-kattleksak-i-tra-med-3-dorrar-utbyggbar-lektunnel-for-katter-upp-till-10-kg-1515-x-385-cm-gra-1.webp?fit=2000%2C2000&ssl=1","type":"image\/webp"}],"twitter_card":"summary_large_image","twitter_misc":{"Ber\u00e4knad l\u00e4stid":"1 minut"},"schema":{"@context":"https:\/\/schema.org","@graph":[{"@type":"WebPage","@id":"https:\/\/truusk.store\/sv\/produkt\/truusk-kattleksak-i-tra-med-3-dorrar-utbyggbar-kattunnel-for-katter-upp-till-10-kg-gra-1515-x-385-cm\/","url":"https:\/\/truusk.store\/sv\/produkt\/truusk-kattleksak-i-tra-med-3-dorrar-utbyggbar-kattunnel-for-katter-upp-till-10-kg-gra-1515-x-385-cm\/","name":"TRUUSK Kattleksak i Tr\u00e4 med 3 D\u00f6rrar - Utbyggbar Kattunnel f\u00f6r Katter upp till 10 kg - Gr\u00e5 - 151,5 x 38,5 cm - TRUUSK - Hem, Tr\u00e4dg\u00e5rd &amp; Fritid","isPartOf":{"@id":"https:\/\/truusk.store\/sv\/#website"},"primaryImageOfPage":{"@id":"https:\/\/truusk.store\/sv\/produkt\/truusk-kattleksak-i-tra-med-3-dorrar-utbyggbar-kattunnel-for-katter-upp-till-10-kg-gra-1515-x-385-cm\/#primaryimage"},"image":{"@id":"https:\/\/truusk.store\/sv\/produkt\/truusk-kattleksak-i-tra-med-3-dorrar-utbyggbar-kattunnel-for-katter-upp-till-10-kg-gra-1515-x-385-cm\/#primaryimage"},"thumbnailUrl":"https:\/\/i0.wp.com\/truusk.store\/wp-content\/uploads\/2026\/02\/kattunnel-kattleksak-i-tra-med-3-dorrar-utbyggbar-lektunnel-for-katter-upp-till-10-kg-1515-x-385-cm-gra-1.webp?fit=2000%2C2000&ssl=1","datePublished":"2026-02-24T05:20:23+00:00","dateModified":"2026-03-12T07:51:18+00:00","breadcrumb":{"@id":"https:\/\/truusk.store\/sv\/produkt\/truusk-kattleksak-i-tra-med-3-dorrar-utbyggbar-kattunnel-for-katter-upp-till-10-kg-gra-1515-x-385-cm\/#breadcrumb"},"inLanguage":"sv-SE","potentialAction":[{"@type":"ReadAction","target":["https:\/\/truusk.store\/sv\/produkt\/truusk-kattleksak-i-tra-med-3-dorrar-utbyggbar-kattunnel-for-katter-upp-till-10-kg-gra-1515-x-385-cm\/"]}]},{"@type":"ImageObject","inLanguage":"sv-SE","@id":"https:\/\/truusk.store\/sv\/produkt\/truusk-kattleksak-i-tra-med-3-dorrar-utbyggbar-kattunnel-for-katter-upp-till-10-kg-gra-1515-x-385-cm\/#primaryimage","url":"https:\/\/i0.wp.com\/truusk.store\/wp-content\/uploads\/2026\/02\/kattunnel-kattleksak-i-tra-med-3-dorrar-utbyggbar-lektunnel-for-katter-upp-till-10-kg-1515-x-385-cm-gra-1.webp?fit=2000%2C2000&ssl=1","contentUrl":"https:\/\/i0.wp.com\/truusk.store\/wp-content\/uploads\/2026\/02\/kattunnel-kattleksak-i-tra-med-3-dorrar-utbyggbar-lektunnel-for-katter-upp-till-10-kg-1515-x-385-cm-gra-1.webp?fit=2000%2C2000&ssl=1","width":2000,"height":2000},{"@type":"BreadcrumbList","@id":"https:\/\/truusk.store\/sv\/produkt\/truusk-kattleksak-i-tra-med-3-dorrar-utbyggbar-kattunnel-for-katter-upp-till-10-kg-gra-1515-x-385-cm\/#breadcrumb","itemListElement":[{"@type":"ListItem","position":1,"name":"Home","item":"https:\/\/truusk.store\/sv\/"},{"@type":"ListItem","position":2,"name":"Shop","item":"https:\/\/truusk.store\/shop\/"},{"@type":"ListItem","position":3,"name":"TRUUSK Kattleksak i Tr\u00e4 med 3 D\u00f6rrar &#8211; Utbyggbar Kattunnel f\u00f6r Katter upp till 10 kg &#8211; Gr\u00e5 &#8211; 151,5 x 38,5 cm"}]},{"@type":"WebSite","@id":"https:\/\/truusk.store\/sv\/#website","url":"https:\/\/truusk.store\/sv\/","name":"TRUUSK - Hem, Tr\u00e4dg\u00e5rd & Fritid","description":"","publisher":{"@id":"https:\/\/truusk.store\/sv\/#organization"},"potentialAction":[{"@type":"SearchAction","target":{"@type":"EntryPoint","urlTemplate":"https:\/\/truusk.store\/sv\/?s={search_term_string}"},"query-input":{"@type":"PropertyValueSpecification","valueRequired":true,"valueName":"search_term_string"}}],"inLanguage":"sv-SE"},{"@type":"Organization","@id":"https:\/\/truusk.store\/sv\/#organization","name":"TRUUSK - Hem, Tr\u00e4dg\u00e5rd & Fritid","url":"https:\/\/truusk.store\/sv\/","logo":{"@type":"ImageObject","inLanguage":"sv-SE","@id":"https:\/\/truusk.store\/sv\/#\/schema\/logo\/image\/","url":"https:\/\/i0.wp.com\/truusk.store\/wp-content\/uploads\/2026\/03\/cropped-TRUUSK.png?fit=2032%2C917&ssl=1","contentUrl":"https:\/\/i0.wp.com\/truusk.store\/wp-content\/uploads\/2026\/03\/cropped-TRUUSK.png?fit=2032%2C917&ssl=1","width":2032,"height":917,"caption":"TRUUSK - Hem, Tr\u00e4dg\u00e5rd & Fritid"},"image":{"@id":"https:\/\/truusk.store\/sv\/#\/schema\/logo\/image\/"}}]}},"jetpack_sharing_enabled":true,"_links":{"self":[{"href":"https:\/\/truusk.store\/sv\/wp-json\/wp\/v2\/product\/105644","targetHints":{"allow":["GET"]}}],"collection":[{"href":"https:\/\/truusk.store\/sv\/wp-json\/wp\/v2\/product"}],"about":[{"href":"https:\/\/truusk.store\/sv\/wp-json\/wp\/v2\/types\/product"}],"wp:featuredmedia":[{"embeddable":true,"href":"https:\/\/truusk.store\/sv\/wp-json\/wp\/v2\/media\/105630"}],"wp:attachment":[{"href":"https:\/\/truusk.store\/sv\/wp-json\/wp\/v2\/media?parent=105644"}],"wp:term":[{"taxonomy":"product_brand","embeddable":true,"href":"https:\/\/truusk.store\/sv\/wp-json\/wp\/v2\/product_brand?post=105644"},{"taxonomy":"product_cat","embeddable":true,"href":"https:\/\/truusk.store\/sv\/wp-json\/wp\/v2\/product_cat?post=105644"},{"taxonomy":"product_tag","embeddable":true,"href":"https:\/\/truusk.store\/sv\/wp-json\/wp\/v2\/product_tag?post=105644"}],"curies":[{"name":"wp","href":"https:\/\/api.w.org\/{rel}","templated":true}]}}