{"id":105664,"date":"2026-02-24T06:22:03","date_gmt":"2026-02-24T05:22:03","guid":{"rendered":"https:\/\/truusk.store\/product\/hopfallbar-hundvagn-med-reflekterande-remsa-forvaringskorg-kudde-for-sma-hundar-upp-till-10-kg-77x44x102-cm-svart\/"},"modified":"2026-03-12T08:51:19","modified_gmt":"2026-03-12T07:51:19","slug":"truusk-hopfallbar-hundvagn-reflekterande-remsa-forvaringskorg-kudde-hundar-upp-till-10-kg-77x44x102-cm-svart","status":"publish","type":"product","link":"https:\/\/truusk.store\/sv\/produkt\/truusk-hopfallbar-hundvagn-reflekterande-remsa-forvaringskorg-kudde-hundar-upp-till-10-kg-77x44x102-cm-svart\/","title":{"rendered":"TRUUSK Hopf\u00e4llbar Hundvagn &#8211; Reflekterande Remsa &#8211; F\u00f6rvaringskorg &#8211; Kudde &#8211; Hundar Upp Till 10 kg &#8211; 77x44x102 cm &#8211; Svart"},"content":{"rendered":"<p>Har du f\u00e5tt nog av att l\u00e4mna ditt \u00e4ngsliga eller \u00e4ldre husdjur hemma? Det saknar soliga dagar &#8211; och du saknar dess s\u00e4llskap. [BRAND NAME] hundvagn erbjuder en luftig oas att titta ut fr\u00e5n med panoramaf\u00f6nster av mesh. Tack vare en robust, hopf\u00e4llbar ram och en tv\u00e4ttbar, avtagbar plyschmatta blir varje utflykt bekv\u00e4m och praktisk. Njut av alla \u00e4ventyr tillsammans utan bekymmer!<\/p>\n<p>Beskrivning:<\/p>\n<ul>\n<li> Robust st\u00e5lram och slitstarkt tyg kan f\u00e4llas ihop kompakt f\u00f6r enkel transport<\/li>\n<li> Tre meshf\u00f6nster p\u00e5 hundvagnen ger utm\u00e4rkt utsikt och h\u00e5ller ditt husdjur svalt<\/li>\n<li> Inneh\u00e5ller en tjock, tv\u00e4ttbar kudde som ger extra komfort f\u00f6r ditt husdjur<\/li>\n<li> 360\u00b0-fr\u00e4mre hjul och bakre bromsar p\u00e5 hundvagnen ger en mjuk, s\u00e4ker \u00e5ktur<\/li>\n<li> Reflekterande remsor p\u00e5 fram- och baksidan \u00f6kar synligheten vid nattliga promenader<\/li>\n<li> Levereras med en mugg h\u00e5llare och en stor korg f\u00f6r handsfree komfort<\/li>\n<li> Utvecklad f\u00f6r sm\u00e5 husdjur under 10 kg, perfekt f\u00f6r veterin\u00e4rbes\u00f6k<\/li>\n<li> Montering kr\u00e4vs<\/li>\n<\/ul>\n<p> Tekniska specifikationer:<\/p>\n<ul>\n<li> F\u00e4rg: Svart<\/li>\n<li> Material: St\u00e5l, Polyester<\/li>\n<li> Totala dimensioner: 77L x 44B x 102H cm<\/li>\n<li> Inre utrymme: 55L x 35B x 50\/25H<\/li>\n<li> Hopf\u00e4lld: 87L x 44B x 30H cm<\/li>\n<li> F\u00f6rvaringskorg: 47L x 30B x 20T cm<\/li>\n<li> B\u00e4rkapacitet: 10 kg<\/li>\n<li> OBS: M\u00e4t ditt husdjurs kroppsl\u00e4ngd innan k\u00f6p.<\/li>\n<\/ul>\n<p>Leverans inneh\u00e5ller:<\/p>\n<ul>\n<li> 1 x Husdjursvagn<\/li>\n<li> 1 x Instruktioner<\/li>\n<\/ul>\n","protected":false},"excerpt":{"rendered":"<p>Har du f\u00e5tt nog av att l\u00e4mna ditt \u00e4ngsliga eller \u00e4ldre husdjur hemma? Det saknar soliga dagar &#8211; och du&#8230;<\/p>\n","protected":false},"featured_media":105650,"template":"","meta":[],"product_brand":[],"product_cat":[895,574,579],"product_tag":[],"class_list":{"0":"post-105664","1":"product","2":"type-product","3":"status-publish","4":"has-post-thumbnail","6":"product_cat-djurutrustning","7":"product_cat-hundtillbehor","8":"product_cat-hundvagn","10":"first","11":"instock","12":"sale","13":"taxable","14":"shipping-taxable","15":"purchasable","16":"product-type-simple"},"yoast_head":"<!-- This site is optimized with the Yoast SEO plugin v25.4 - https:\/\/yoast.com\/wordpress\/plugins\/seo\/ -->\n<title>TRUUSK Hopf\u00e4llbar Hundvagn - Reflekterande Remsa - F\u00f6rvaringskorg - Kudde - Hundar Upp Till 10 kg - 77x44x102 cm - Svart - TRUUSK - Hem, Tr\u00e4dg\u00e5rd &amp; Fritid<\/title>\n<meta name=\"robots\" content=\"index, follow, max-snippet:-1, max-image-preview:large, max-video-preview:-1\" \/>\n<link rel=\"canonical\" href=\"https:\/\/truusk.store\/sv\/produkt\/truusk-hopfallbar-hundvagn-reflekterande-remsa-forvaringskorg-kudde-hundar-upp-till-10-kg-77x44x102-cm-svart\/\" \/>\n<meta property=\"og:locale\" content=\"sv_SE\" \/>\n<meta property=\"og:type\" content=\"article\" \/>\n<meta property=\"og:title\" content=\"TRUUSK Hopf\u00e4llbar Hundvagn - Reflekterande Remsa - F\u00f6rvaringskorg - Kudde - Hundar Upp Till 10 kg - 77x44x102 cm - Svart - TRUUSK - Hem, Tr\u00e4dg\u00e5rd &amp; Fritid\" \/>\n<meta property=\"og:description\" content=\"Har du f\u00e5tt nog av att l\u00e4mna ditt \u00e4ngsliga eller \u00e4ldre husdjur hemma? Det saknar soliga dagar &#8211; och du...\" \/>\n<meta property=\"og:url\" content=\"https:\/\/truusk.store\/sv\/produkt\/truusk-hopfallbar-hundvagn-reflekterande-remsa-forvaringskorg-kudde-hundar-upp-till-10-kg-77x44x102-cm-svart\/\" \/>\n<meta property=\"og:site_name\" content=\"TRUUSK - Hem, Tr\u00e4dg\u00e5rd &amp; Fritid\" \/>\n<meta property=\"article:modified_time\" content=\"2026-03-12T07:51:19+00:00\" \/>\n<meta property=\"og:image\" content=\"https:\/\/i0.wp.com\/truusk.se\/wp-content\/uploads\/2026\/02\/hopfallbar-hundvagn-med-reflekterande-remsa-forvaringskorg-kudde-for-sma-hundar-upp-till-10-kg-77x44x102-cm-svart-1.webp?fit=2000%2C2000&ssl=1\" \/>\n\t<meta property=\"og:image:width\" content=\"2000\" \/>\n\t<meta property=\"og:image:height\" content=\"2000\" \/>\n\t<meta property=\"og:image:type\" content=\"image\/webp\" \/>\n<meta name=\"twitter:card\" content=\"summary_large_image\" \/>\n<meta name=\"twitter:label1\" content=\"Ber\u00e4knad l\u00e4stid\" \/>\n\t<meta name=\"twitter:data1\" content=\"1 minut\" \/>\n<!-- \/ Yoast SEO plugin. -->","yoast_head_json":{"title":"TRUUSK Hopf\u00e4llbar Hundvagn - Reflekterande Remsa - F\u00f6rvaringskorg - Kudde - Hundar Upp Till 10 kg - 77x44x102 cm - Svart - TRUUSK - Hem, Tr\u00e4dg\u00e5rd &amp; Fritid","robots":{"index":"index","follow":"follow","max-snippet":"max-snippet:-1","max-image-preview":"max-image-preview:large","max-video-preview":"max-video-preview:-1"},"canonical":"https:\/\/truusk.store\/sv\/produkt\/truusk-hopfallbar-hundvagn-reflekterande-remsa-forvaringskorg-kudde-hundar-upp-till-10-kg-77x44x102-cm-svart\/","og_locale":"sv_SE","og_type":"article","og_title":"TRUUSK Hopf\u00e4llbar Hundvagn - Reflekterande Remsa - F\u00f6rvaringskorg - Kudde - Hundar Upp Till 10 kg - 77x44x102 cm - Svart - TRUUSK - Hem, Tr\u00e4dg\u00e5rd &amp; Fritid","og_description":"Har du f\u00e5tt nog av att l\u00e4mna ditt \u00e4ngsliga eller \u00e4ldre husdjur hemma? Det saknar soliga dagar &#8211; och du...","og_url":"https:\/\/truusk.store\/sv\/produkt\/truusk-hopfallbar-hundvagn-reflekterande-remsa-forvaringskorg-kudde-hundar-upp-till-10-kg-77x44x102-cm-svart\/","og_site_name":"TRUUSK - Hem, Tr\u00e4dg\u00e5rd &amp; Fritid","article_modified_time":"2026-03-12T07:51:19+00:00","og_image":[{"width":2000,"height":2000,"url":"https:\/\/i0.wp.com\/truusk.se\/wp-content\/uploads\/2026\/02\/hopfallbar-hundvagn-med-reflekterande-remsa-forvaringskorg-kudde-for-sma-hundar-upp-till-10-kg-77x44x102-cm-svart-1.webp?fit=2000%2C2000&ssl=1","type":"image\/webp"}],"twitter_card":"summary_large_image","twitter_misc":{"Ber\u00e4knad l\u00e4stid":"1 minut"},"schema":{"@context":"https:\/\/schema.org","@graph":[{"@type":"WebPage","@id":"https:\/\/truusk.store\/sv\/produkt\/truusk-hopfallbar-hundvagn-reflekterande-remsa-forvaringskorg-kudde-hundar-upp-till-10-kg-77x44x102-cm-svart\/","url":"https:\/\/truusk.store\/sv\/produkt\/truusk-hopfallbar-hundvagn-reflekterande-remsa-forvaringskorg-kudde-hundar-upp-till-10-kg-77x44x102-cm-svart\/","name":"TRUUSK Hopf\u00e4llbar Hundvagn - Reflekterande Remsa - F\u00f6rvaringskorg - Kudde - Hundar Upp Till 10 kg - 77x44x102 cm - Svart - TRUUSK - Hem, Tr\u00e4dg\u00e5rd &amp; Fritid","isPartOf":{"@id":"https:\/\/truusk.store\/sv\/#website"},"primaryImageOfPage":{"@id":"https:\/\/truusk.store\/sv\/produkt\/truusk-hopfallbar-hundvagn-reflekterande-remsa-forvaringskorg-kudde-hundar-upp-till-10-kg-77x44x102-cm-svart\/#primaryimage"},"image":{"@id":"https:\/\/truusk.store\/sv\/produkt\/truusk-hopfallbar-hundvagn-reflekterande-remsa-forvaringskorg-kudde-hundar-upp-till-10-kg-77x44x102-cm-svart\/#primaryimage"},"thumbnailUrl":"https:\/\/i0.wp.com\/truusk.store\/wp-content\/uploads\/2026\/02\/hopfallbar-hundvagn-med-reflekterande-remsa-forvaringskorg-kudde-for-sma-hundar-upp-till-10-kg-77x44x102-cm-svart-1.webp?fit=2000%2C2000&ssl=1","datePublished":"2026-02-24T05:22:03+00:00","dateModified":"2026-03-12T07:51:19+00:00","breadcrumb":{"@id":"https:\/\/truusk.store\/sv\/produkt\/truusk-hopfallbar-hundvagn-reflekterande-remsa-forvaringskorg-kudde-hundar-upp-till-10-kg-77x44x102-cm-svart\/#breadcrumb"},"inLanguage":"sv-SE","potentialAction":[{"@type":"ReadAction","target":["https:\/\/truusk.store\/sv\/produkt\/truusk-hopfallbar-hundvagn-reflekterande-remsa-forvaringskorg-kudde-hundar-upp-till-10-kg-77x44x102-cm-svart\/"]}]},{"@type":"ImageObject","inLanguage":"sv-SE","@id":"https:\/\/truusk.store\/sv\/produkt\/truusk-hopfallbar-hundvagn-reflekterande-remsa-forvaringskorg-kudde-hundar-upp-till-10-kg-77x44x102-cm-svart\/#primaryimage","url":"https:\/\/i0.wp.com\/truusk.store\/wp-content\/uploads\/2026\/02\/hopfallbar-hundvagn-med-reflekterande-remsa-forvaringskorg-kudde-for-sma-hundar-upp-till-10-kg-77x44x102-cm-svart-1.webp?fit=2000%2C2000&ssl=1","contentUrl":"https:\/\/i0.wp.com\/truusk.store\/wp-content\/uploads\/2026\/02\/hopfallbar-hundvagn-med-reflekterande-remsa-forvaringskorg-kudde-for-sma-hundar-upp-till-10-kg-77x44x102-cm-svart-1.webp?fit=2000%2C2000&ssl=1","width":2000,"height":2000},{"@type":"BreadcrumbList","@id":"https:\/\/truusk.store\/sv\/produkt\/truusk-hopfallbar-hundvagn-reflekterande-remsa-forvaringskorg-kudde-hundar-upp-till-10-kg-77x44x102-cm-svart\/#breadcrumb","itemListElement":[{"@type":"ListItem","position":1,"name":"Home","item":"https:\/\/truusk.store\/sv\/"},{"@type":"ListItem","position":2,"name":"Shop","item":"https:\/\/truusk.store\/shop\/"},{"@type":"ListItem","position":3,"name":"TRUUSK Hopf\u00e4llbar Hundvagn &#8211; Reflekterande Remsa &#8211; F\u00f6rvaringskorg &#8211; Kudde &#8211; Hundar Upp Till 10 kg &#8211; 77x44x102 cm &#8211; Svart"}]},{"@type":"WebSite","@id":"https:\/\/truusk.store\/sv\/#website","url":"https:\/\/truusk.store\/sv\/","name":"TRUUSK - Hem, Tr\u00e4dg\u00e5rd & Fritid","description":"","publisher":{"@id":"https:\/\/truusk.store\/sv\/#organization"},"potentialAction":[{"@type":"SearchAction","target":{"@type":"EntryPoint","urlTemplate":"https:\/\/truusk.store\/sv\/?s={search_term_string}"},"query-input":{"@type":"PropertyValueSpecification","valueRequired":true,"valueName":"search_term_string"}}],"inLanguage":"sv-SE"},{"@type":"Organization","@id":"https:\/\/truusk.store\/sv\/#organization","name":"TRUUSK - Hem, Tr\u00e4dg\u00e5rd & Fritid","url":"https:\/\/truusk.store\/sv\/","logo":{"@type":"ImageObject","inLanguage":"sv-SE","@id":"https:\/\/truusk.store\/sv\/#\/schema\/logo\/image\/","url":"https:\/\/i0.wp.com\/truusk.store\/wp-content\/uploads\/2026\/03\/cropped-TRUUSK.png?fit=2032%2C917&ssl=1","contentUrl":"https:\/\/i0.wp.com\/truusk.store\/wp-content\/uploads\/2026\/03\/cropped-TRUUSK.png?fit=2032%2C917&ssl=1","width":2032,"height":917,"caption":"TRUUSK - Hem, Tr\u00e4dg\u00e5rd & Fritid"},"image":{"@id":"https:\/\/truusk.store\/sv\/#\/schema\/logo\/image\/"}}]}},"jetpack_sharing_enabled":true,"_links":{"self":[{"href":"https:\/\/truusk.store\/sv\/wp-json\/wp\/v2\/product\/105664","targetHints":{"allow":["GET"]}}],"collection":[{"href":"https:\/\/truusk.store\/sv\/wp-json\/wp\/v2\/product"}],"about":[{"href":"https:\/\/truusk.store\/sv\/wp-json\/wp\/v2\/types\/product"}],"wp:featuredmedia":[{"embeddable":true,"href":"https:\/\/truusk.store\/sv\/wp-json\/wp\/v2\/media\/105650"}],"wp:attachment":[{"href":"https:\/\/truusk.store\/sv\/wp-json\/wp\/v2\/media?parent=105664"}],"wp:term":[{"taxonomy":"product_brand","embeddable":true,"href":"https:\/\/truusk.store\/sv\/wp-json\/wp\/v2\/product_brand?post=105664"},{"taxonomy":"product_cat","embeddable":true,"href":"https:\/\/truusk.store\/sv\/wp-json\/wp\/v2\/product_cat?post=105664"},{"taxonomy":"product_tag","embeddable":true,"href":"https:\/\/truusk.store\/sv\/wp-json\/wp\/v2\/product_tag?post=105664"}],"curies":[{"name":"wp","href":"https:\/\/api.w.org\/{rel}","templated":true}]}}