{"id":105673,"date":"2026-02-24T06:22:47","date_gmt":"2026-02-24T05:22:47","guid":{"rendered":"https:\/\/truusk.store\/product\/hundvagn-hundbuggy-hopfallbar-kattvagn-upp-till-10kg-med-regnskydd-reflektorband-forvaringskorg-77x44x102cm-bla\/"},"modified":"2026-03-12T08:51:19","modified_gmt":"2026-03-12T07:51:19","slug":"truusk-hundvagn-och-kattbuggy-hopfallbar-med-regnskydd-reflektorband-forvaringskorg-upp-till-10-kg-bla","status":"publish","type":"product","link":"https:\/\/truusk.store\/sv\/produkt\/truusk-hundvagn-och-kattbuggy-hopfallbar-med-regnskydd-reflektorband-forvaringskorg-upp-till-10-kg-bla\/","title":{"rendered":"TRUUSK Hundvagn och Kattbuggy &#8211; Hopf\u00e4llbar med Regnskydd &#8211; Reflektorband &#8211; F\u00f6rvaringskorg &#8211; Upp Till 10 kg &#8211; Bl\u00e5"},"content":{"rendered":"<p>Tr\u00f6tt p\u00e5 att l\u00e4mna din \u00e4ngsliga eller \u00e4ldre fyrbenta v\u00e4n hemma? Du missar soliga dagar och deras s\u00e4llskap. Denna [BRAND NAME] hundvagn erbjuder ett luftigt tillflyktsort med panoramaf\u00f6nster i n\u00e4t, d\u00e4r din \u00e4lskling kan njuta av omgivningen. Den robusta, hopf\u00e4llbara ramen med en avtagbar plyschmatta och ett regnskydd garanterar att varje utflykt \u00e4r bekv\u00e4m och praktisk f\u00f6r er b\u00e5da. \u00c4ntligen kan ni uppleva varje \u00e4ventyr tillsammans utan stress.<\/p>\n<p>Beskrivning:<\/p>\n<ul>\n<li> Robust st\u00e5lram och slitstarkt tyg, kompakt hopf\u00e4llbar f\u00f6r enkel transport<\/li>\n<li> Tre n\u00e4tvinduer p\u00e5 hundvagnen ger utm\u00e4rkt sikt och h\u00e5ller ditt husdjur svalt<\/li>\n<li> Inkluderar tjock, tv\u00e4ttbar stoppning som ger extra komfort f\u00f6r ditt husdjur<\/li>\n<li> 360\u00b0-fr\u00e4mre hjul och bakbromsar s\u00e4kerst\u00e4ller en smidig och s\u00e4ker resa<\/li>\n<li> Reflekterande remsor fram och bak \u00f6kar synligheten vid promenader p\u00e5 natten<\/li>\n<li> Hundvagnen levereras med regnskydd, muggst\u00e4ll och stor korg f\u00f6r handsfree-komfort<\/li>\n<li> Utformad f\u00f6r sm\u00e5 husdjur under 10 kg, idealisk f\u00f6r veterin\u00e4rbes\u00f6k<\/li>\n<li> Montering kr\u00e4vs<\/li>\n<\/ul>\n<p> Tekniska specifikationer:<\/p>\n<ul>\n<li> F\u00e4rg: Bl\u00e5<\/li>\n<li> Material: St\u00e5l, Polyester<\/li>\n<li> Totala dimensioner: 77L x 44B x 102H cm<\/li>\n<li> Inre utrymme: 55L x 35B x 50\/25H<\/li>\n<li> Hopf\u00e4lld: 87L x 44B x 30H cm<\/li>\n<li> F\u00f6rvaringskorg: 47L x 30B x 20T cm<\/li>\n<li> B\u00e4rkapacitet: 10 kg<\/li>\n<li> OBS: Var v\u00e4nlig m\u00e4t ditt husdjurs kroppsl\u00e4ngd f\u00f6re k\u00f6p<\/li>\n<\/ul>\n<p>Leverans inneh\u00e5ller:<\/p>\n<ul>\n<li> 1 x Husdjursvagn<\/li>\n<li> 1 x Instruktioner<\/li>\n<\/ul>\n","protected":false},"excerpt":{"rendered":"<p>Tr\u00f6tt p\u00e5 att l\u00e4mna din \u00e4ngsliga eller \u00e4ldre fyrbenta v\u00e4n hemma? Du missar soliga dagar och deras s\u00e4llskap. Denna [BRAND&#8230;<\/p>\n","protected":false},"featured_media":105660,"template":"","meta":[],"product_brand":[],"product_cat":[878,574,579],"product_tag":[],"class_list":{"0":"post-105673","1":"product","2":"type-product","3":"status-publish","4":"has-post-thumbnail","6":"product_cat-djurbehov","7":"product_cat-hundtillbehor","8":"product_cat-hundvagn","10":"first","11":"instock","12":"sale","13":"taxable","14":"shipping-taxable","15":"purchasable","16":"product-type-simple"},"yoast_head":"<!-- This site is optimized with the Yoast SEO plugin v25.4 - https:\/\/yoast.com\/wordpress\/plugins\/seo\/ -->\n<title>TRUUSK Hundvagn och Kattbuggy - Hopf\u00e4llbar med Regnskydd - Reflektorband - F\u00f6rvaringskorg - Upp Till 10 kg - Bl\u00e5 - TRUUSK - Hem, Tr\u00e4dg\u00e5rd &amp; Fritid<\/title>\n<meta name=\"robots\" content=\"index, follow, max-snippet:-1, max-image-preview:large, max-video-preview:-1\" \/>\n<link rel=\"canonical\" href=\"https:\/\/truusk.store\/sv\/produkt\/truusk-hundvagn-och-kattbuggy-hopfallbar-med-regnskydd-reflektorband-forvaringskorg-upp-till-10-kg-bla\/\" \/>\n<meta property=\"og:locale\" content=\"sv_SE\" \/>\n<meta property=\"og:type\" content=\"article\" \/>\n<meta property=\"og:title\" content=\"TRUUSK Hundvagn och Kattbuggy - Hopf\u00e4llbar med Regnskydd - Reflektorband - F\u00f6rvaringskorg - Upp Till 10 kg - Bl\u00e5 - TRUUSK - Hem, Tr\u00e4dg\u00e5rd &amp; Fritid\" \/>\n<meta property=\"og:description\" content=\"Tr\u00f6tt p\u00e5 att l\u00e4mna din \u00e4ngsliga eller \u00e4ldre fyrbenta v\u00e4n hemma? Du missar soliga dagar och deras s\u00e4llskap. Denna [BRAND...\" \/>\n<meta property=\"og:url\" content=\"https:\/\/truusk.store\/sv\/produkt\/truusk-hundvagn-och-kattbuggy-hopfallbar-med-regnskydd-reflektorband-forvaringskorg-upp-till-10-kg-bla\/\" \/>\n<meta property=\"og:site_name\" content=\"TRUUSK - Hem, Tr\u00e4dg\u00e5rd &amp; Fritid\" \/>\n<meta property=\"article:modified_time\" content=\"2026-03-12T07:51:19+00:00\" \/>\n<meta property=\"og:image\" content=\"https:\/\/i0.wp.com\/truusk.se\/wp-content\/uploads\/2026\/02\/hundvagn-hundbuggy-hopfallbar-kattvagn-upp-till-10kg-med-regnskydd-reflektorband-forvaringskorg-77x44x102cm-bla-1.webp?fit=2000%2C2000&ssl=1\" \/>\n\t<meta property=\"og:image:width\" content=\"2000\" \/>\n\t<meta property=\"og:image:height\" content=\"2000\" \/>\n\t<meta property=\"og:image:type\" content=\"image\/webp\" \/>\n<meta name=\"twitter:card\" content=\"summary_large_image\" \/>\n<meta name=\"twitter:label1\" content=\"Ber\u00e4knad l\u00e4stid\" \/>\n\t<meta name=\"twitter:data1\" content=\"1 minut\" \/>\n<!-- \/ Yoast SEO plugin. -->","yoast_head_json":{"title":"TRUUSK Hundvagn och Kattbuggy - Hopf\u00e4llbar med Regnskydd - Reflektorband - F\u00f6rvaringskorg - Upp Till 10 kg - Bl\u00e5 - TRUUSK - Hem, Tr\u00e4dg\u00e5rd &amp; Fritid","robots":{"index":"index","follow":"follow","max-snippet":"max-snippet:-1","max-image-preview":"max-image-preview:large","max-video-preview":"max-video-preview:-1"},"canonical":"https:\/\/truusk.store\/sv\/produkt\/truusk-hundvagn-och-kattbuggy-hopfallbar-med-regnskydd-reflektorband-forvaringskorg-upp-till-10-kg-bla\/","og_locale":"sv_SE","og_type":"article","og_title":"TRUUSK Hundvagn och Kattbuggy - Hopf\u00e4llbar med Regnskydd - Reflektorband - F\u00f6rvaringskorg - Upp Till 10 kg - Bl\u00e5 - TRUUSK - Hem, Tr\u00e4dg\u00e5rd &amp; Fritid","og_description":"Tr\u00f6tt p\u00e5 att l\u00e4mna din \u00e4ngsliga eller \u00e4ldre fyrbenta v\u00e4n hemma? Du missar soliga dagar och deras s\u00e4llskap. Denna [BRAND...","og_url":"https:\/\/truusk.store\/sv\/produkt\/truusk-hundvagn-och-kattbuggy-hopfallbar-med-regnskydd-reflektorband-forvaringskorg-upp-till-10-kg-bla\/","og_site_name":"TRUUSK - Hem, Tr\u00e4dg\u00e5rd &amp; Fritid","article_modified_time":"2026-03-12T07:51:19+00:00","og_image":[{"width":2000,"height":2000,"url":"https:\/\/i0.wp.com\/truusk.se\/wp-content\/uploads\/2026\/02\/hundvagn-hundbuggy-hopfallbar-kattvagn-upp-till-10kg-med-regnskydd-reflektorband-forvaringskorg-77x44x102cm-bla-1.webp?fit=2000%2C2000&ssl=1","type":"image\/webp"}],"twitter_card":"summary_large_image","twitter_misc":{"Ber\u00e4knad l\u00e4stid":"1 minut"},"schema":{"@context":"https:\/\/schema.org","@graph":[{"@type":"WebPage","@id":"https:\/\/truusk.store\/sv\/produkt\/truusk-hundvagn-och-kattbuggy-hopfallbar-med-regnskydd-reflektorband-forvaringskorg-upp-till-10-kg-bla\/","url":"https:\/\/truusk.store\/sv\/produkt\/truusk-hundvagn-och-kattbuggy-hopfallbar-med-regnskydd-reflektorband-forvaringskorg-upp-till-10-kg-bla\/","name":"TRUUSK Hundvagn och Kattbuggy - Hopf\u00e4llbar med Regnskydd - Reflektorband - F\u00f6rvaringskorg - Upp Till 10 kg - Bl\u00e5 - TRUUSK - Hem, Tr\u00e4dg\u00e5rd &amp; Fritid","isPartOf":{"@id":"https:\/\/truusk.store\/sv\/#website"},"primaryImageOfPage":{"@id":"https:\/\/truusk.store\/sv\/produkt\/truusk-hundvagn-och-kattbuggy-hopfallbar-med-regnskydd-reflektorband-forvaringskorg-upp-till-10-kg-bla\/#primaryimage"},"image":{"@id":"https:\/\/truusk.store\/sv\/produkt\/truusk-hundvagn-och-kattbuggy-hopfallbar-med-regnskydd-reflektorband-forvaringskorg-upp-till-10-kg-bla\/#primaryimage"},"thumbnailUrl":"https:\/\/i0.wp.com\/truusk.store\/wp-content\/uploads\/2026\/02\/hundvagn-hundbuggy-hopfallbar-kattvagn-upp-till-10kg-med-regnskydd-reflektorband-forvaringskorg-77x44x102cm-bla-1.webp?fit=2000%2C2000&ssl=1","datePublished":"2026-02-24T05:22:47+00:00","dateModified":"2026-03-12T07:51:19+00:00","breadcrumb":{"@id":"https:\/\/truusk.store\/sv\/produkt\/truusk-hundvagn-och-kattbuggy-hopfallbar-med-regnskydd-reflektorband-forvaringskorg-upp-till-10-kg-bla\/#breadcrumb"},"inLanguage":"sv-SE","potentialAction":[{"@type":"ReadAction","target":["https:\/\/truusk.store\/sv\/produkt\/truusk-hundvagn-och-kattbuggy-hopfallbar-med-regnskydd-reflektorband-forvaringskorg-upp-till-10-kg-bla\/"]}]},{"@type":"ImageObject","inLanguage":"sv-SE","@id":"https:\/\/truusk.store\/sv\/produkt\/truusk-hundvagn-och-kattbuggy-hopfallbar-med-regnskydd-reflektorband-forvaringskorg-upp-till-10-kg-bla\/#primaryimage","url":"https:\/\/i0.wp.com\/truusk.store\/wp-content\/uploads\/2026\/02\/hundvagn-hundbuggy-hopfallbar-kattvagn-upp-till-10kg-med-regnskydd-reflektorband-forvaringskorg-77x44x102cm-bla-1.webp?fit=2000%2C2000&ssl=1","contentUrl":"https:\/\/i0.wp.com\/truusk.store\/wp-content\/uploads\/2026\/02\/hundvagn-hundbuggy-hopfallbar-kattvagn-upp-till-10kg-med-regnskydd-reflektorband-forvaringskorg-77x44x102cm-bla-1.webp?fit=2000%2C2000&ssl=1","width":2000,"height":2000},{"@type":"BreadcrumbList","@id":"https:\/\/truusk.store\/sv\/produkt\/truusk-hundvagn-och-kattbuggy-hopfallbar-med-regnskydd-reflektorband-forvaringskorg-upp-till-10-kg-bla\/#breadcrumb","itemListElement":[{"@type":"ListItem","position":1,"name":"Home","item":"https:\/\/truusk.store\/sv\/"},{"@type":"ListItem","position":2,"name":"Shop","item":"https:\/\/truusk.store\/shop\/"},{"@type":"ListItem","position":3,"name":"TRUUSK Hundvagn och Kattbuggy &#8211; Hopf\u00e4llbar med Regnskydd &#8211; Reflektorband &#8211; F\u00f6rvaringskorg &#8211; Upp Till 10 kg &#8211; Bl\u00e5"}]},{"@type":"WebSite","@id":"https:\/\/truusk.store\/sv\/#website","url":"https:\/\/truusk.store\/sv\/","name":"TRUUSK - Hem, Tr\u00e4dg\u00e5rd & Fritid","description":"","publisher":{"@id":"https:\/\/truusk.store\/sv\/#organization"},"potentialAction":[{"@type":"SearchAction","target":{"@type":"EntryPoint","urlTemplate":"https:\/\/truusk.store\/sv\/?s={search_term_string}"},"query-input":{"@type":"PropertyValueSpecification","valueRequired":true,"valueName":"search_term_string"}}],"inLanguage":"sv-SE"},{"@type":"Organization","@id":"https:\/\/truusk.store\/sv\/#organization","name":"TRUUSK - Hem, Tr\u00e4dg\u00e5rd & Fritid","url":"https:\/\/truusk.store\/sv\/","logo":{"@type":"ImageObject","inLanguage":"sv-SE","@id":"https:\/\/truusk.store\/sv\/#\/schema\/logo\/image\/","url":"https:\/\/i0.wp.com\/truusk.store\/wp-content\/uploads\/2026\/03\/cropped-TRUUSK.png?fit=2032%2C917&ssl=1","contentUrl":"https:\/\/i0.wp.com\/truusk.store\/wp-content\/uploads\/2026\/03\/cropped-TRUUSK.png?fit=2032%2C917&ssl=1","width":2032,"height":917,"caption":"TRUUSK - Hem, Tr\u00e4dg\u00e5rd & Fritid"},"image":{"@id":"https:\/\/truusk.store\/sv\/#\/schema\/logo\/image\/"}}]}},"jetpack_sharing_enabled":true,"_links":{"self":[{"href":"https:\/\/truusk.store\/sv\/wp-json\/wp\/v2\/product\/105673","targetHints":{"allow":["GET"]}}],"collection":[{"href":"https:\/\/truusk.store\/sv\/wp-json\/wp\/v2\/product"}],"about":[{"href":"https:\/\/truusk.store\/sv\/wp-json\/wp\/v2\/types\/product"}],"wp:featuredmedia":[{"embeddable":true,"href":"https:\/\/truusk.store\/sv\/wp-json\/wp\/v2\/media\/105660"}],"wp:attachment":[{"href":"https:\/\/truusk.store\/sv\/wp-json\/wp\/v2\/media?parent=105673"}],"wp:term":[{"taxonomy":"product_brand","embeddable":true,"href":"https:\/\/truusk.store\/sv\/wp-json\/wp\/v2\/product_brand?post=105673"},{"taxonomy":"product_cat","embeddable":true,"href":"https:\/\/truusk.store\/sv\/wp-json\/wp\/v2\/product_cat?post=105673"},{"taxonomy":"product_tag","embeddable":true,"href":"https:\/\/truusk.store\/sv\/wp-json\/wp\/v2\/product_tag?post=105673"}],"curies":[{"name":"wp","href":"https:\/\/api.w.org\/{rel}","templated":true}]}}