{"id":105683,"date":"2026-02-24T06:23:46","date_gmt":"2026-02-24T05:23:46","guid":{"rendered":"https:\/\/truusk.store\/product\/grillpaviljong-24-x-15-m-flamsaker-tradgardspaviljong-med-bagtak-sidohyllor-krokar-morkgra\/"},"modified":"2026-03-12T08:52:11","modified_gmt":"2026-03-12T07:52:11","slug":"truusk-grillpaviljong-24-x-15-m-flamsaker-tradgardspaviljong-bagtak-sidohyllor-krokar-morkgra","status":"publish","type":"product","link":"https:\/\/truusk.store\/sv\/produkt\/truusk-grillpaviljong-24-x-15-m-flamsaker-tradgardspaviljong-bagtak-sidohyllor-krokar-morkgra\/","title":{"rendered":"TRUUSK Grillpaviljong 2,4 x 1,5 m &#8211; Flams\u00e4ker Tr\u00e4dg\u00e5rdspaviljong &#8211; B\u00e5gtak &#8211; Sidohyllor &#8211; Krokar &#8211; M\u00f6rkgr\u00e5"},"content":{"rendered":"<p>[BRAND NAME] grillpaviljong erbjuder ett rymligt och bekv\u00e4mt utrymme f\u00f6r att organisera dina grillredskap och njuta av din grillning ost\u00f6rt. Grillpaviljongens eldfasta tak ger behaglig skugga, medan den rostbest\u00e4ndiga, pulverlackerade st\u00e5lramen med markankare garanterar stabilitet och s\u00e4kerhet. Njut av varje stund med familj och v\u00e4nner, med vetskapen om att din grillplats \u00e4r redo n\u00e4r du \u00e4r det.<\/p>\n<p>Beskrivning:<\/p>\n<ul>\n<li> 245 x 152 cm grillpaviljong passar f\u00f6r grillar upp till en bredd av 180 cm<\/li>\n<li> Tv\u00e5 sidohyllor och fem krokar h\u00e5ller dina grillredskap snyggt organiserade<\/li>\n<li> St\u00e5lram med pulverlackering garanterar stabilitet och rostbest\u00e4ndighet<\/li>\n<li> Eldfast tak skyddar mot gnistor och sol f\u00f6r s\u00e4ker grillning<\/li>\n<li> B\u00e5gformat tak f\u00f6rhindrar vattenansamling<\/li>\n<li> Markankare ing\u00e5r f\u00f6r att f\u00e4sta grillpaviljongen i marken<\/li>\n<li> Monteringen kr\u00e4vs<\/li>\n<\/ul>\n<p> Tekniska specifikationer:<\/p>\n<ul>\n<li> F\u00e4rg: Svart+M\u00f6rkgr\u00e5<\/li>\n<li> Material: St\u00e5l, Polyester<\/li>\n<li> Totala dimensioner: 245L x 152B x 218H cm<\/li>\n<li> H\u00f6jd till takfot: 192H cm<\/li>\n<li> Avst\u00e5nd mellan pelare: 200L x 144B cm<\/li>\n<li> Hyllans dimensioner: 144L x 20B x 102H cm<\/li>\n<li> Passar f\u00f6r grillbredd: upp till 180 cm<\/li>\n<li> Maximal belastning: 20 kg (hylla), 2 kg (krok)<\/li>\n<\/ul>\n<p>Leverans inneh\u00e5ller:<\/p>\n<ul>\n<li> 1 x Grillpaviljong<\/li>\n<li> 1 x Instruktioner<\/li>\n<\/ul>\n","protected":false},"excerpt":{"rendered":"<p>[BRAND NAME] grillpaviljong erbjuder ett rymligt och bekv\u00e4mt utrymme f\u00f6r att organisera dina grillredskap och njuta av din grillning ost\u00f6rt&#8230;.<\/p>\n","protected":false},"featured_media":105672,"template":"","meta":[],"product_brand":[],"product_cat":[480,858,476],"product_tag":[],"class_list":{"0":"post-105683","1":"product","2":"type-product","3":"status-publish","4":"has-post-thumbnail","6":"product_cat-grillpaviljonger","7":"product_cat-tradgard-terrass","8":"product_cat-tradgardspaviljonger","10":"first","11":"instock","12":"sale","13":"taxable","14":"shipping-taxable","15":"purchasable","16":"product-type-simple"},"yoast_head":"<!-- This site is optimized with the Yoast SEO plugin v25.4 - https:\/\/yoast.com\/wordpress\/plugins\/seo\/ -->\n<title>TRUUSK Grillpaviljong 2,4 x 1,5 m - Flams\u00e4ker Tr\u00e4dg\u00e5rdspaviljong - B\u00e5gtak - Sidohyllor - Krokar - M\u00f6rkgr\u00e5 - TRUUSK - Hem, Tr\u00e4dg\u00e5rd &amp; Fritid<\/title>\n<meta name=\"robots\" content=\"index, follow, max-snippet:-1, max-image-preview:large, max-video-preview:-1\" \/>\n<link rel=\"canonical\" href=\"https:\/\/truusk.store\/sv\/produkt\/truusk-grillpaviljong-24-x-15-m-flamsaker-tradgardspaviljong-bagtak-sidohyllor-krokar-morkgra\/\" \/>\n<meta property=\"og:locale\" content=\"sv_SE\" \/>\n<meta property=\"og:type\" content=\"article\" \/>\n<meta property=\"og:title\" content=\"TRUUSK Grillpaviljong 2,4 x 1,5 m - Flams\u00e4ker Tr\u00e4dg\u00e5rdspaviljong - B\u00e5gtak - Sidohyllor - Krokar - M\u00f6rkgr\u00e5 - TRUUSK - Hem, Tr\u00e4dg\u00e5rd &amp; Fritid\" \/>\n<meta property=\"og:description\" content=\"[BRAND NAME] grillpaviljong erbjuder ett rymligt och bekv\u00e4mt utrymme f\u00f6r att organisera dina grillredskap och njuta av din grillning ost\u00f6rt....\" \/>\n<meta property=\"og:url\" content=\"https:\/\/truusk.store\/sv\/produkt\/truusk-grillpaviljong-24-x-15-m-flamsaker-tradgardspaviljong-bagtak-sidohyllor-krokar-morkgra\/\" \/>\n<meta property=\"og:site_name\" content=\"TRUUSK - Hem, Tr\u00e4dg\u00e5rd &amp; Fritid\" \/>\n<meta property=\"article:modified_time\" content=\"2026-03-12T07:52:11+00:00\" \/>\n<meta property=\"og:image\" content=\"https:\/\/i0.wp.com\/truusk.se\/wp-content\/uploads\/2026\/02\/grillpaviljong-24-x-15-m-flamsaker-tradgardspaviljong-med-bagtak-sidohyllor-krokar-morkgra-1.webp?fit=2000%2C2000&ssl=1\" \/>\n\t<meta property=\"og:image:width\" content=\"2000\" \/>\n\t<meta property=\"og:image:height\" content=\"2000\" \/>\n\t<meta property=\"og:image:type\" content=\"image\/webp\" \/>\n<meta name=\"twitter:card\" content=\"summary_large_image\" \/>\n<meta name=\"twitter:label1\" content=\"Ber\u00e4knad l\u00e4stid\" \/>\n\t<meta name=\"twitter:data1\" content=\"1 minut\" \/>\n<!-- \/ Yoast SEO plugin. -->","yoast_head_json":{"title":"TRUUSK Grillpaviljong 2,4 x 1,5 m - Flams\u00e4ker Tr\u00e4dg\u00e5rdspaviljong - B\u00e5gtak - Sidohyllor - Krokar - M\u00f6rkgr\u00e5 - TRUUSK - Hem, Tr\u00e4dg\u00e5rd &amp; Fritid","robots":{"index":"index","follow":"follow","max-snippet":"max-snippet:-1","max-image-preview":"max-image-preview:large","max-video-preview":"max-video-preview:-1"},"canonical":"https:\/\/truusk.store\/sv\/produkt\/truusk-grillpaviljong-24-x-15-m-flamsaker-tradgardspaviljong-bagtak-sidohyllor-krokar-morkgra\/","og_locale":"sv_SE","og_type":"article","og_title":"TRUUSK Grillpaviljong 2,4 x 1,5 m - Flams\u00e4ker Tr\u00e4dg\u00e5rdspaviljong - B\u00e5gtak - Sidohyllor - Krokar - M\u00f6rkgr\u00e5 - TRUUSK - Hem, Tr\u00e4dg\u00e5rd &amp; Fritid","og_description":"[BRAND NAME] grillpaviljong erbjuder ett rymligt och bekv\u00e4mt utrymme f\u00f6r att organisera dina grillredskap och njuta av din grillning ost\u00f6rt....","og_url":"https:\/\/truusk.store\/sv\/produkt\/truusk-grillpaviljong-24-x-15-m-flamsaker-tradgardspaviljong-bagtak-sidohyllor-krokar-morkgra\/","og_site_name":"TRUUSK - Hem, Tr\u00e4dg\u00e5rd &amp; Fritid","article_modified_time":"2026-03-12T07:52:11+00:00","og_image":[{"width":2000,"height":2000,"url":"https:\/\/i0.wp.com\/truusk.se\/wp-content\/uploads\/2026\/02\/grillpaviljong-24-x-15-m-flamsaker-tradgardspaviljong-med-bagtak-sidohyllor-krokar-morkgra-1.webp?fit=2000%2C2000&ssl=1","type":"image\/webp"}],"twitter_card":"summary_large_image","twitter_misc":{"Ber\u00e4knad l\u00e4stid":"1 minut"},"schema":{"@context":"https:\/\/schema.org","@graph":[{"@type":"WebPage","@id":"https:\/\/truusk.store\/sv\/produkt\/truusk-grillpaviljong-24-x-15-m-flamsaker-tradgardspaviljong-bagtak-sidohyllor-krokar-morkgra\/","url":"https:\/\/truusk.store\/sv\/produkt\/truusk-grillpaviljong-24-x-15-m-flamsaker-tradgardspaviljong-bagtak-sidohyllor-krokar-morkgra\/","name":"TRUUSK Grillpaviljong 2,4 x 1,5 m - Flams\u00e4ker Tr\u00e4dg\u00e5rdspaviljong - B\u00e5gtak - Sidohyllor - Krokar - M\u00f6rkgr\u00e5 - TRUUSK - Hem, Tr\u00e4dg\u00e5rd &amp; Fritid","isPartOf":{"@id":"https:\/\/truusk.store\/sv\/#website"},"primaryImageOfPage":{"@id":"https:\/\/truusk.store\/sv\/produkt\/truusk-grillpaviljong-24-x-15-m-flamsaker-tradgardspaviljong-bagtak-sidohyllor-krokar-morkgra\/#primaryimage"},"image":{"@id":"https:\/\/truusk.store\/sv\/produkt\/truusk-grillpaviljong-24-x-15-m-flamsaker-tradgardspaviljong-bagtak-sidohyllor-krokar-morkgra\/#primaryimage"},"thumbnailUrl":"https:\/\/i0.wp.com\/truusk.store\/wp-content\/uploads\/2026\/02\/grillpaviljong-24-x-15-m-flamsaker-tradgardspaviljong-med-bagtak-sidohyllor-krokar-morkgra-1.webp?fit=2000%2C2000&ssl=1","datePublished":"2026-02-24T05:23:46+00:00","dateModified":"2026-03-12T07:52:11+00:00","breadcrumb":{"@id":"https:\/\/truusk.store\/sv\/produkt\/truusk-grillpaviljong-24-x-15-m-flamsaker-tradgardspaviljong-bagtak-sidohyllor-krokar-morkgra\/#breadcrumb"},"inLanguage":"sv-SE","potentialAction":[{"@type":"ReadAction","target":["https:\/\/truusk.store\/sv\/produkt\/truusk-grillpaviljong-24-x-15-m-flamsaker-tradgardspaviljong-bagtak-sidohyllor-krokar-morkgra\/"]}]},{"@type":"ImageObject","inLanguage":"sv-SE","@id":"https:\/\/truusk.store\/sv\/produkt\/truusk-grillpaviljong-24-x-15-m-flamsaker-tradgardspaviljong-bagtak-sidohyllor-krokar-morkgra\/#primaryimage","url":"https:\/\/i0.wp.com\/truusk.store\/wp-content\/uploads\/2026\/02\/grillpaviljong-24-x-15-m-flamsaker-tradgardspaviljong-med-bagtak-sidohyllor-krokar-morkgra-1.webp?fit=2000%2C2000&ssl=1","contentUrl":"https:\/\/i0.wp.com\/truusk.store\/wp-content\/uploads\/2026\/02\/grillpaviljong-24-x-15-m-flamsaker-tradgardspaviljong-med-bagtak-sidohyllor-krokar-morkgra-1.webp?fit=2000%2C2000&ssl=1","width":2000,"height":2000},{"@type":"BreadcrumbList","@id":"https:\/\/truusk.store\/sv\/produkt\/truusk-grillpaviljong-24-x-15-m-flamsaker-tradgardspaviljong-bagtak-sidohyllor-krokar-morkgra\/#breadcrumb","itemListElement":[{"@type":"ListItem","position":1,"name":"Home","item":"https:\/\/truusk.store\/sv\/"},{"@type":"ListItem","position":2,"name":"Shop","item":"https:\/\/truusk.store\/shop\/"},{"@type":"ListItem","position":3,"name":"TRUUSK Grillpaviljong 2,4 x 1,5 m &#8211; Flams\u00e4ker Tr\u00e4dg\u00e5rdspaviljong &#8211; B\u00e5gtak &#8211; Sidohyllor &#8211; Krokar &#8211; M\u00f6rkgr\u00e5"}]},{"@type":"WebSite","@id":"https:\/\/truusk.store\/sv\/#website","url":"https:\/\/truusk.store\/sv\/","name":"TRUUSK - Hem, Tr\u00e4dg\u00e5rd & Fritid","description":"","publisher":{"@id":"https:\/\/truusk.store\/sv\/#organization"},"potentialAction":[{"@type":"SearchAction","target":{"@type":"EntryPoint","urlTemplate":"https:\/\/truusk.store\/sv\/?s={search_term_string}"},"query-input":{"@type":"PropertyValueSpecification","valueRequired":true,"valueName":"search_term_string"}}],"inLanguage":"sv-SE"},{"@type":"Organization","@id":"https:\/\/truusk.store\/sv\/#organization","name":"TRUUSK - Hem, Tr\u00e4dg\u00e5rd & Fritid","url":"https:\/\/truusk.store\/sv\/","logo":{"@type":"ImageObject","inLanguage":"sv-SE","@id":"https:\/\/truusk.store\/sv\/#\/schema\/logo\/image\/","url":"https:\/\/i0.wp.com\/truusk.store\/wp-content\/uploads\/2026\/03\/cropped-TRUUSK.png?fit=2032%2C917&ssl=1","contentUrl":"https:\/\/i0.wp.com\/truusk.store\/wp-content\/uploads\/2026\/03\/cropped-TRUUSK.png?fit=2032%2C917&ssl=1","width":2032,"height":917,"caption":"TRUUSK - Hem, Tr\u00e4dg\u00e5rd & Fritid"},"image":{"@id":"https:\/\/truusk.store\/sv\/#\/schema\/logo\/image\/"}}]}},"jetpack_sharing_enabled":true,"_links":{"self":[{"href":"https:\/\/truusk.store\/sv\/wp-json\/wp\/v2\/product\/105683","targetHints":{"allow":["GET"]}}],"collection":[{"href":"https:\/\/truusk.store\/sv\/wp-json\/wp\/v2\/product"}],"about":[{"href":"https:\/\/truusk.store\/sv\/wp-json\/wp\/v2\/types\/product"}],"wp:featuredmedia":[{"embeddable":true,"href":"https:\/\/truusk.store\/sv\/wp-json\/wp\/v2\/media\/105672"}],"wp:attachment":[{"href":"https:\/\/truusk.store\/sv\/wp-json\/wp\/v2\/media?parent=105683"}],"wp:term":[{"taxonomy":"product_brand","embeddable":true,"href":"https:\/\/truusk.store\/sv\/wp-json\/wp\/v2\/product_brand?post=105683"},{"taxonomy":"product_cat","embeddable":true,"href":"https:\/\/truusk.store\/sv\/wp-json\/wp\/v2\/product_cat?post=105683"},{"taxonomy":"product_tag","embeddable":true,"href":"https:\/\/truusk.store\/sv\/wp-json\/wp\/v2\/product_tag?post=105683"}],"curies":[{"name":"wp","href":"https:\/\/api.w.org\/{rel}","templated":true}]}}