{"id":10571,"date":"2024-02-13T10:17:35","date_gmt":"2024-02-13T09:17:35","guid":{"rendered":"https:\/\/truusk.store\/product\/fallbart-campingbord-i-aluminium-70cm-x-70cm-x-69cm\/"},"modified":"2026-03-12T08:57:11","modified_gmt":"2026-03-12T07:57:11","slug":"truusk-fallbart-campingbord-i-aluminium-lattviktigt-enkelt-att-falla-ihop-matt-70cm-x-70cm-x-69cm-perfekt-for-camping","status":"publish","type":"product","link":"https:\/\/truusk.store\/sv\/produkt\/truusk-fallbart-campingbord-i-aluminium-lattviktigt-enkelt-att-falla-ihop-matt-70cm-x-70cm-x-69cm-perfekt-for-camping\/","title":{"rendered":"TRUUSK F\u00e4llbart Campingbord i Aluminium &#8211; L\u00e4ttviktigt &#8211; Enkelt att F\u00e4lla ihop &#8211; M\u00e5tt 70cm x 70cm x 69cm &#8211; Perfekt f\u00f6r Camping &#8211;"},"content":{"rendered":"<p>Ta med trendiga innovationer till dina utomhus\u00e4ventyr och resor &#8211; v\u00e4lj detta praktiska hopf\u00e4llbara bord. Designen kombinerar ett litet fyrkantigt bord med en n\u00e4tficka under &#8211; s\u00e5 att du kan f\u00f6rvara mat och allt du beh\u00f6ver direkt under bordet. Ett viktigt tillbeh\u00f6r f\u00f6r uteservering som kommer att g\u00f6ra dina utflykter \u00e4nnu roligare \u00e4n tidigare.<\/p>\n<p><strong>Beskrivning:<\/strong><\/p>\n<ul>\n<li>&#8211; Perfekt bord f\u00f6r camping, vandring och andra utomhusaktiviteter och sammankomster<\/li>\n<li>&#8211; L\u00e4tt att s\u00e4tta upp och f\u00e4lla ihop, vilket sparar tid och anstr\u00e4ngning<\/li>\n<li>&#8211; Tv\u00e5-i-ett-design, kombinerar ett litet fyrkantigt bord med en f\u00f6rvarings-\/avfallsp\u00e5se under<\/li>\n<li>&#8211; Roll-up-bordsskivan i aluminium, l\u00e4tt och l\u00e4tt att b\u00e4ra<\/li>\n<li>&#8211; St\u00e5lram f\u00f6r ett stabilt stativ vid anv\u00e4ndning<\/li>\n<li>&#8211; B\u00e4rv\u00e4ska ing\u00e5r, montering kr\u00e4vs<\/li>\n<li><\/ul>\n<p><strong>Teknisk data:<\/strong><\/p>\n<ul>\n<li>&#8211; Svart f\u00e4rg<\/li>\n<li>&#8211; Material: aluminium, st\u00e5l<\/li>\n<li>&#8211; Totala m\u00e5tt: 70L x 70W x 69H cm<\/li>\n<li>&#8211; Meshp\u00e5sestorlek: 48L x 48W x 18H cm<\/li>\n<li>&#8211; Lastkapacitet: 30 kg (totalt), 5 kg (n\u00e4tp\u00e5se)<\/li>\n<li><\/ul>\n<p><strong>Leveransens omfattning:<\/strong><\/p>\n<ul>\n<li>&#8211; 1 x tr\u00e4dg\u00e5rdsbord<\/li>\n<li>&#8211; 1 x instruktion<\/li>\n<li><\/ul>\n","protected":false},"excerpt":{"rendered":"<p>Ta med trendiga innovationer till dina utomhus\u00e4ventyr och resor &#8211; v\u00e4lj detta praktiska hopf\u00e4llbara bord. Designen kombinerar ett litet fyrkantigt&#8230;<\/p>\n","protected":false},"featured_media":10572,"template":"","meta":[],"product_brand":[],"product_cat":[648,649,647],"product_tag":[],"class_list":{"0":"post-10571","1":"product","2":"type-product","3":"status-publish","4":"has-post-thumbnail","6":"product_cat-camping-tillbehor","7":"product_cat-campingbord","8":"product_cat-sport-fritid","10":"first","11":"instock","12":"sale","13":"taxable","14":"shipping-taxable","15":"purchasable","16":"product-type-simple"},"yoast_head":"<!-- This site is optimized with the Yoast SEO plugin v25.4 - https:\/\/yoast.com\/wordpress\/plugins\/seo\/ -->\n<title>TRUUSK F\u00e4llbart Campingbord i Aluminium - L\u00e4ttviktigt - Enkelt att F\u00e4lla ihop - M\u00e5tt 70cm x 70cm x 69cm - Perfekt f\u00f6r Camping - TRUUSK - Hem, Tr\u00e4dg\u00e5rd &amp; Fritid<\/title>\n<meta name=\"robots\" content=\"index, follow, max-snippet:-1, max-image-preview:large, max-video-preview:-1\" \/>\n<link rel=\"canonical\" href=\"https:\/\/truusk.store\/sv\/produkt\/truusk-fallbart-campingbord-i-aluminium-lattviktigt-enkelt-att-falla-ihop-matt-70cm-x-70cm-x-69cm-perfekt-for-camping\/\" \/>\n<meta property=\"og:locale\" content=\"sv_SE\" \/>\n<meta property=\"og:type\" content=\"article\" \/>\n<meta property=\"og:title\" content=\"TRUUSK F\u00e4llbart Campingbord i Aluminium - L\u00e4ttviktigt - Enkelt att F\u00e4lla ihop - M\u00e5tt 70cm x 70cm x 69cm - Perfekt f\u00f6r Camping - TRUUSK - Hem, Tr\u00e4dg\u00e5rd &amp; Fritid\" \/>\n<meta property=\"og:description\" content=\"Ta med trendiga innovationer till dina utomhus\u00e4ventyr och resor &#8211; v\u00e4lj detta praktiska hopf\u00e4llbara bord. Designen kombinerar ett litet fyrkantigt...\" \/>\n<meta property=\"og:url\" content=\"https:\/\/truusk.store\/sv\/produkt\/truusk-fallbart-campingbord-i-aluminium-lattviktigt-enkelt-att-falla-ihop-matt-70cm-x-70cm-x-69cm-perfekt-for-camping\/\" \/>\n<meta property=\"og:site_name\" content=\"TRUUSK - Hem, Tr\u00e4dg\u00e5rd &amp; Fritid\" \/>\n<meta property=\"article:modified_time\" content=\"2026-03-12T07:57:11+00:00\" \/>\n<meta property=\"og:image\" content=\"https:\/\/i0.wp.com\/truusk.se\/wp-content\/uploads\/2024\/02\/fallbart-campingbord-i-aluminium-70cm-x-70cm-x-69cm.webp?fit=800%2C800&ssl=1\" \/>\n\t<meta property=\"og:image:width\" content=\"800\" \/>\n\t<meta property=\"og:image:height\" content=\"800\" \/>\n\t<meta property=\"og:image:type\" content=\"image\/webp\" \/>\n<meta name=\"twitter:card\" content=\"summary_large_image\" \/>\n<meta name=\"twitter:label1\" content=\"Ber\u00e4knad l\u00e4stid\" \/>\n\t<meta name=\"twitter:data1\" content=\"1 minut\" \/>\n<!-- \/ Yoast SEO plugin. -->","yoast_head_json":{"title":"TRUUSK F\u00e4llbart Campingbord i Aluminium - L\u00e4ttviktigt - Enkelt att F\u00e4lla ihop - M\u00e5tt 70cm x 70cm x 69cm - Perfekt f\u00f6r Camping - TRUUSK - Hem, Tr\u00e4dg\u00e5rd &amp; Fritid","robots":{"index":"index","follow":"follow","max-snippet":"max-snippet:-1","max-image-preview":"max-image-preview:large","max-video-preview":"max-video-preview:-1"},"canonical":"https:\/\/truusk.store\/sv\/produkt\/truusk-fallbart-campingbord-i-aluminium-lattviktigt-enkelt-att-falla-ihop-matt-70cm-x-70cm-x-69cm-perfekt-for-camping\/","og_locale":"sv_SE","og_type":"article","og_title":"TRUUSK F\u00e4llbart Campingbord i Aluminium - L\u00e4ttviktigt - Enkelt att F\u00e4lla ihop - M\u00e5tt 70cm x 70cm x 69cm - Perfekt f\u00f6r Camping - TRUUSK - Hem, Tr\u00e4dg\u00e5rd &amp; Fritid","og_description":"Ta med trendiga innovationer till dina utomhus\u00e4ventyr och resor &#8211; v\u00e4lj detta praktiska hopf\u00e4llbara bord. Designen kombinerar ett litet fyrkantigt...","og_url":"https:\/\/truusk.store\/sv\/produkt\/truusk-fallbart-campingbord-i-aluminium-lattviktigt-enkelt-att-falla-ihop-matt-70cm-x-70cm-x-69cm-perfekt-for-camping\/","og_site_name":"TRUUSK - Hem, Tr\u00e4dg\u00e5rd &amp; Fritid","article_modified_time":"2026-03-12T07:57:11+00:00","og_image":[{"width":800,"height":800,"url":"https:\/\/i0.wp.com\/truusk.se\/wp-content\/uploads\/2024\/02\/fallbart-campingbord-i-aluminium-70cm-x-70cm-x-69cm.webp?fit=800%2C800&ssl=1","type":"image\/webp"}],"twitter_card":"summary_large_image","twitter_misc":{"Ber\u00e4knad l\u00e4stid":"1 minut"},"schema":{"@context":"https:\/\/schema.org","@graph":[{"@type":"WebPage","@id":"https:\/\/truusk.store\/sv\/produkt\/truusk-fallbart-campingbord-i-aluminium-lattviktigt-enkelt-att-falla-ihop-matt-70cm-x-70cm-x-69cm-perfekt-for-camping\/","url":"https:\/\/truusk.store\/sv\/produkt\/truusk-fallbart-campingbord-i-aluminium-lattviktigt-enkelt-att-falla-ihop-matt-70cm-x-70cm-x-69cm-perfekt-for-camping\/","name":"TRUUSK F\u00e4llbart Campingbord i Aluminium - L\u00e4ttviktigt - Enkelt att F\u00e4lla ihop - M\u00e5tt 70cm x 70cm x 69cm - Perfekt f\u00f6r Camping - TRUUSK - Hem, Tr\u00e4dg\u00e5rd &amp; Fritid","isPartOf":{"@id":"https:\/\/truusk.store\/sv\/#website"},"primaryImageOfPage":{"@id":"https:\/\/truusk.store\/sv\/produkt\/truusk-fallbart-campingbord-i-aluminium-lattviktigt-enkelt-att-falla-ihop-matt-70cm-x-70cm-x-69cm-perfekt-for-camping\/#primaryimage"},"image":{"@id":"https:\/\/truusk.store\/sv\/produkt\/truusk-fallbart-campingbord-i-aluminium-lattviktigt-enkelt-att-falla-ihop-matt-70cm-x-70cm-x-69cm-perfekt-for-camping\/#primaryimage"},"thumbnailUrl":"https:\/\/i0.wp.com\/truusk.store\/wp-content\/uploads\/2024\/02\/fallbart-campingbord-i-aluminium-70cm-x-70cm-x-69cm.webp?fit=800%2C800&ssl=1","datePublished":"2024-02-13T09:17:35+00:00","dateModified":"2026-03-12T07:57:11+00:00","breadcrumb":{"@id":"https:\/\/truusk.store\/sv\/produkt\/truusk-fallbart-campingbord-i-aluminium-lattviktigt-enkelt-att-falla-ihop-matt-70cm-x-70cm-x-69cm-perfekt-for-camping\/#breadcrumb"},"inLanguage":"sv-SE","potentialAction":[{"@type":"ReadAction","target":["https:\/\/truusk.store\/sv\/produkt\/truusk-fallbart-campingbord-i-aluminium-lattviktigt-enkelt-att-falla-ihop-matt-70cm-x-70cm-x-69cm-perfekt-for-camping\/"]}]},{"@type":"ImageObject","inLanguage":"sv-SE","@id":"https:\/\/truusk.store\/sv\/produkt\/truusk-fallbart-campingbord-i-aluminium-lattviktigt-enkelt-att-falla-ihop-matt-70cm-x-70cm-x-69cm-perfekt-for-camping\/#primaryimage","url":"https:\/\/i0.wp.com\/truusk.store\/wp-content\/uploads\/2024\/02\/fallbart-campingbord-i-aluminium-70cm-x-70cm-x-69cm.webp?fit=800%2C800&ssl=1","contentUrl":"https:\/\/i0.wp.com\/truusk.store\/wp-content\/uploads\/2024\/02\/fallbart-campingbord-i-aluminium-70cm-x-70cm-x-69cm.webp?fit=800%2C800&ssl=1","width":800,"height":800,"caption":"F\u00e4llbart Campingbord I Aluminium 70cm X 70cm X 69cm 1"},{"@type":"BreadcrumbList","@id":"https:\/\/truusk.store\/sv\/produkt\/truusk-fallbart-campingbord-i-aluminium-lattviktigt-enkelt-att-falla-ihop-matt-70cm-x-70cm-x-69cm-perfekt-for-camping\/#breadcrumb","itemListElement":[{"@type":"ListItem","position":1,"name":"Home","item":"https:\/\/truusk.store\/sv\/"},{"@type":"ListItem","position":2,"name":"Shop","item":"https:\/\/truusk.store\/shop\/"},{"@type":"ListItem","position":3,"name":"TRUUSK F\u00e4llbart Campingbord i Aluminium &#8211; L\u00e4ttviktigt &#8211; Enkelt att F\u00e4lla ihop &#8211; M\u00e5tt 70cm x 70cm x 69cm &#8211; Perfekt f\u00f6r Camping &#8211;"}]},{"@type":"WebSite","@id":"https:\/\/truusk.store\/sv\/#website","url":"https:\/\/truusk.store\/sv\/","name":"TRUUSK - Hem, Tr\u00e4dg\u00e5rd & Fritid","description":"","publisher":{"@id":"https:\/\/truusk.store\/sv\/#organization"},"potentialAction":[{"@type":"SearchAction","target":{"@type":"EntryPoint","urlTemplate":"https:\/\/truusk.store\/sv\/?s={search_term_string}"},"query-input":{"@type":"PropertyValueSpecification","valueRequired":true,"valueName":"search_term_string"}}],"inLanguage":"sv-SE"},{"@type":"Organization","@id":"https:\/\/truusk.store\/sv\/#organization","name":"TRUUSK - Hem, Tr\u00e4dg\u00e5rd & Fritid","url":"https:\/\/truusk.store\/sv\/","logo":{"@type":"ImageObject","inLanguage":"sv-SE","@id":"https:\/\/truusk.store\/sv\/#\/schema\/logo\/image\/","url":"https:\/\/i0.wp.com\/truusk.store\/wp-content\/uploads\/2026\/03\/cropped-TRUUSK.png?fit=2032%2C917&ssl=1","contentUrl":"https:\/\/i0.wp.com\/truusk.store\/wp-content\/uploads\/2026\/03\/cropped-TRUUSK.png?fit=2032%2C917&ssl=1","width":2032,"height":917,"caption":"TRUUSK - Hem, Tr\u00e4dg\u00e5rd & Fritid"},"image":{"@id":"https:\/\/truusk.store\/sv\/#\/schema\/logo\/image\/"}}]}},"jetpack_sharing_enabled":true,"_links":{"self":[{"href":"https:\/\/truusk.store\/sv\/wp-json\/wp\/v2\/product\/10571","targetHints":{"allow":["GET"]}}],"collection":[{"href":"https:\/\/truusk.store\/sv\/wp-json\/wp\/v2\/product"}],"about":[{"href":"https:\/\/truusk.store\/sv\/wp-json\/wp\/v2\/types\/product"}],"wp:featuredmedia":[{"embeddable":true,"href":"https:\/\/truusk.store\/sv\/wp-json\/wp\/v2\/media\/10572"}],"wp:attachment":[{"href":"https:\/\/truusk.store\/sv\/wp-json\/wp\/v2\/media?parent=10571"}],"wp:term":[{"taxonomy":"product_brand","embeddable":true,"href":"https:\/\/truusk.store\/sv\/wp-json\/wp\/v2\/product_brand?post=10571"},{"taxonomy":"product_cat","embeddable":true,"href":"https:\/\/truusk.store\/sv\/wp-json\/wp\/v2\/product_cat?post=10571"},{"taxonomy":"product_tag","embeddable":true,"href":"https:\/\/truusk.store\/sv\/wp-json\/wp\/v2\/product_tag?post=10571"}],"curies":[{"name":"wp","href":"https:\/\/api.w.org\/{rel}","templated":true}]}}