{"id":105712,"date":"2026-02-24T06:26:53","date_gmt":"2026-02-24T05:26:53","guid":{"rendered":"https:\/\/truusk.store\/product\/gamingbord-i-l-form-med-stromanslutning-led-belysning-4-lador-skarmstativ-155x110x914-cm-brun\/"},"modified":"2026-03-12T08:52:14","modified_gmt":"2026-03-12T07:52:14","slug":"truusk-gamingbord-l-form-led-belysning-stromanslutning-4-lador-skarmstativ-155x110x914-cm-brun","status":"publish","type":"product","link":"https:\/\/truusk.store\/sv\/produkt\/truusk-gamingbord-l-form-led-belysning-stromanslutning-4-lador-skarmstativ-155x110x914-cm-brun\/","title":{"rendered":"TRUUSK Gamingbord L-form &#8211; LED-belysning &#8211; Str\u00f6manslutning &#8211; 4 L\u00e5dor &#8211; Sk\u00e4rmstativ &#8211; 155x110x91,4 cm &#8211; Brun"},"content":{"rendered":"<p>Gaming-setups blir ofta kaotiska, vilket g\u00f6r det sv\u00e5rt att koncentrera sig. Det reversibla L-formade [BRAND NAME] gaming-skrivbordet skapar ordning med inbyggd str\u00f6mf\u00f6rs\u00f6rjning, LED-belysning, fyra l\u00e5dor och hyllor. Det f\u00f6rvandlar ditt utrymme till en organiserad, omslutande atmosf\u00e4r, perfekt anpassad till rummets layout och behov.<\/p>\n<p>Beskrivning:<\/p>\n<ul>\n<li> Inbyggd grenuttag och 7-f\u00e4rgade LED-lampor skapar en omslutande atmosf\u00e4r<\/li>\n<li> Har fyra tygl\u00e5dor och flera hyllor f\u00f6r att h\u00e5lla din inredning organiserad<\/li>\n<li> Det reversibla L-formade designen kan konfigureras f\u00f6r att passa perfekt i varje h\u00f6rn<\/li>\n<li> Ergonomisk monitorstativ som kan justeras till tre h\u00f6jder f\u00f6r bekv\u00e4ma betraktningsvinklar<\/li>\n<li> Detta gaming-skrivbord \u00e4r byggt med en robust st\u00e5lram f\u00f6r f\u00f6rb\u00e4ttrad stabilitet<\/li>\n<li> Justerbara f\u00f6tter s\u00e4kerst\u00e4ller att skrivbordet f\u00f6rblir stabilt \u00e4ven p\u00e5 oj\u00e4mna golv<\/li>\n<li> Montering kr\u00e4vs<\/li>\n<\/ul>\n<p> Tekniska specifikationer:<\/p>\n<ul>\n<li> F\u00e4rg: Rustik brun<\/li>\n<li> Material: Sp\u00e5nskiva, st\u00e5l<\/li>\n<li> Totala dimensioner: 155B x 110D x 91,4H cm<\/li>\n<li> Skrivbordsh\u00f6jd: 75 cm<\/li>\n<li> Bordsskivans dimensioner: 120B x 47D cm (huvud), 110L x 35B cm (sida)<\/li>\n<li> Monitorstativets dimensioner: 120B x 16D cm<\/li>\n<li> RGB-ljusf\u00e4rg: R\u00f6d, Orange, Gul, Gr\u00f6n, Cyan, Bl\u00e5, Lila<\/li>\n<li> Belastningskapacitet: 75 kg (totalt), 50 kg (bordsskiva), 5 kg (gallerhylla), 5 kg (skrivbordshylla\/hyllplan)<\/li>\n<\/ul>\n<p>Ing\u00e5r:<\/p>\n<ul>\n<li> 1 x Gaming-skrivbord<\/li>\n<li> 1 x Instruktioner<\/li>\n<\/ul>\n","protected":false},"excerpt":{"rendered":"<p>Gaming-setups blir ofta kaotiska, vilket g\u00f6r det sv\u00e5rt att koncentrera sig. Det reversibla L-formade [BRAND NAME] gaming-skrivbordet skapar ordning med&#8230;<\/p>\n","protected":false},"featured_media":105700,"template":"","meta":[],"product_brand":[],"product_cat":[872,871,508],"product_tag":[],"class_list":{"0":"post-105712","1":"product","2":"type-product","3":"status-publish","4":"has-post-thumbnail","6":"product_cat-hemmakontor-arbetsplats","7":"product_cat-hus-hem","8":"product_cat-spelbord","10":"first","11":"instock","12":"sale","13":"taxable","14":"shipping-taxable","15":"purchasable","16":"product-type-simple"},"yoast_head":"<!-- This site is optimized with the Yoast SEO plugin v25.4 - https:\/\/yoast.com\/wordpress\/plugins\/seo\/ -->\n<title>TRUUSK Gamingbord L-form - LED-belysning - Str\u00f6manslutning - 4 L\u00e5dor - Sk\u00e4rmstativ - 155x110x91,4 cm - Brun - TRUUSK - Hem, Tr\u00e4dg\u00e5rd &amp; Fritid<\/title>\n<meta name=\"robots\" content=\"index, follow, max-snippet:-1, max-image-preview:large, max-video-preview:-1\" \/>\n<link rel=\"canonical\" href=\"https:\/\/truusk.store\/sv\/produkt\/truusk-gamingbord-l-form-led-belysning-stromanslutning-4-lador-skarmstativ-155x110x914-cm-brun\/\" \/>\n<meta property=\"og:locale\" content=\"sv_SE\" \/>\n<meta property=\"og:type\" content=\"article\" \/>\n<meta property=\"og:title\" content=\"TRUUSK Gamingbord L-form - LED-belysning - Str\u00f6manslutning - 4 L\u00e5dor - Sk\u00e4rmstativ - 155x110x91,4 cm - Brun - TRUUSK - Hem, Tr\u00e4dg\u00e5rd &amp; Fritid\" \/>\n<meta property=\"og:description\" content=\"Gaming-setups blir ofta kaotiska, vilket g\u00f6r det sv\u00e5rt att koncentrera sig. Det reversibla L-formade [BRAND NAME] gaming-skrivbordet skapar ordning med...\" \/>\n<meta property=\"og:url\" content=\"https:\/\/truusk.store\/sv\/produkt\/truusk-gamingbord-l-form-led-belysning-stromanslutning-4-lador-skarmstativ-155x110x914-cm-brun\/\" \/>\n<meta property=\"og:site_name\" content=\"TRUUSK - Hem, Tr\u00e4dg\u00e5rd &amp; Fritid\" \/>\n<meta property=\"article:modified_time\" content=\"2026-03-12T07:52:14+00:00\" \/>\n<meta property=\"og:image\" content=\"https:\/\/i0.wp.com\/truusk.se\/wp-content\/uploads\/2026\/02\/gamingbord-i-l-form-med-stromanslutning-led-belysning-4-lador-skarmstativ-155x110x914-cm-brun-1.webp?fit=2000%2C2000&ssl=1\" \/>\n\t<meta property=\"og:image:width\" content=\"2000\" \/>\n\t<meta property=\"og:image:height\" content=\"2000\" \/>\n\t<meta property=\"og:image:type\" content=\"image\/webp\" \/>\n<meta name=\"twitter:card\" content=\"summary_large_image\" \/>\n<meta name=\"twitter:label1\" content=\"Ber\u00e4knad l\u00e4stid\" \/>\n\t<meta name=\"twitter:data1\" content=\"1 minut\" \/>\n<!-- \/ Yoast SEO plugin. -->","yoast_head_json":{"title":"TRUUSK Gamingbord L-form - LED-belysning - Str\u00f6manslutning - 4 L\u00e5dor - Sk\u00e4rmstativ - 155x110x91,4 cm - Brun - TRUUSK - Hem, Tr\u00e4dg\u00e5rd &amp; Fritid","robots":{"index":"index","follow":"follow","max-snippet":"max-snippet:-1","max-image-preview":"max-image-preview:large","max-video-preview":"max-video-preview:-1"},"canonical":"https:\/\/truusk.store\/sv\/produkt\/truusk-gamingbord-l-form-led-belysning-stromanslutning-4-lador-skarmstativ-155x110x914-cm-brun\/","og_locale":"sv_SE","og_type":"article","og_title":"TRUUSK Gamingbord L-form - LED-belysning - Str\u00f6manslutning - 4 L\u00e5dor - Sk\u00e4rmstativ - 155x110x91,4 cm - Brun - TRUUSK - Hem, Tr\u00e4dg\u00e5rd &amp; Fritid","og_description":"Gaming-setups blir ofta kaotiska, vilket g\u00f6r det sv\u00e5rt att koncentrera sig. Det reversibla L-formade [BRAND NAME] gaming-skrivbordet skapar ordning med...","og_url":"https:\/\/truusk.store\/sv\/produkt\/truusk-gamingbord-l-form-led-belysning-stromanslutning-4-lador-skarmstativ-155x110x914-cm-brun\/","og_site_name":"TRUUSK - Hem, Tr\u00e4dg\u00e5rd &amp; Fritid","article_modified_time":"2026-03-12T07:52:14+00:00","og_image":[{"width":2000,"height":2000,"url":"https:\/\/i0.wp.com\/truusk.se\/wp-content\/uploads\/2026\/02\/gamingbord-i-l-form-med-stromanslutning-led-belysning-4-lador-skarmstativ-155x110x914-cm-brun-1.webp?fit=2000%2C2000&ssl=1","type":"image\/webp"}],"twitter_card":"summary_large_image","twitter_misc":{"Ber\u00e4knad l\u00e4stid":"1 minut"},"schema":{"@context":"https:\/\/schema.org","@graph":[{"@type":"WebPage","@id":"https:\/\/truusk.store\/sv\/produkt\/truusk-gamingbord-l-form-led-belysning-stromanslutning-4-lador-skarmstativ-155x110x914-cm-brun\/","url":"https:\/\/truusk.store\/sv\/produkt\/truusk-gamingbord-l-form-led-belysning-stromanslutning-4-lador-skarmstativ-155x110x914-cm-brun\/","name":"TRUUSK Gamingbord L-form - LED-belysning - Str\u00f6manslutning - 4 L\u00e5dor - Sk\u00e4rmstativ - 155x110x91,4 cm - Brun - TRUUSK - Hem, Tr\u00e4dg\u00e5rd &amp; Fritid","isPartOf":{"@id":"https:\/\/truusk.store\/sv\/#website"},"primaryImageOfPage":{"@id":"https:\/\/truusk.store\/sv\/produkt\/truusk-gamingbord-l-form-led-belysning-stromanslutning-4-lador-skarmstativ-155x110x914-cm-brun\/#primaryimage"},"image":{"@id":"https:\/\/truusk.store\/sv\/produkt\/truusk-gamingbord-l-form-led-belysning-stromanslutning-4-lador-skarmstativ-155x110x914-cm-brun\/#primaryimage"},"thumbnailUrl":"https:\/\/i0.wp.com\/truusk.store\/wp-content\/uploads\/2026\/02\/gamingbord-i-l-form-med-stromanslutning-led-belysning-4-lador-skarmstativ-155x110x914-cm-brun-1.webp?fit=2000%2C2000&ssl=1","datePublished":"2026-02-24T05:26:53+00:00","dateModified":"2026-03-12T07:52:14+00:00","breadcrumb":{"@id":"https:\/\/truusk.store\/sv\/produkt\/truusk-gamingbord-l-form-led-belysning-stromanslutning-4-lador-skarmstativ-155x110x914-cm-brun\/#breadcrumb"},"inLanguage":"sv-SE","potentialAction":[{"@type":"ReadAction","target":["https:\/\/truusk.store\/sv\/produkt\/truusk-gamingbord-l-form-led-belysning-stromanslutning-4-lador-skarmstativ-155x110x914-cm-brun\/"]}]},{"@type":"ImageObject","inLanguage":"sv-SE","@id":"https:\/\/truusk.store\/sv\/produkt\/truusk-gamingbord-l-form-led-belysning-stromanslutning-4-lador-skarmstativ-155x110x914-cm-brun\/#primaryimage","url":"https:\/\/i0.wp.com\/truusk.store\/wp-content\/uploads\/2026\/02\/gamingbord-i-l-form-med-stromanslutning-led-belysning-4-lador-skarmstativ-155x110x914-cm-brun-1.webp?fit=2000%2C2000&ssl=1","contentUrl":"https:\/\/i0.wp.com\/truusk.store\/wp-content\/uploads\/2026\/02\/gamingbord-i-l-form-med-stromanslutning-led-belysning-4-lador-skarmstativ-155x110x914-cm-brun-1.webp?fit=2000%2C2000&ssl=1","width":2000,"height":2000},{"@type":"BreadcrumbList","@id":"https:\/\/truusk.store\/sv\/produkt\/truusk-gamingbord-l-form-led-belysning-stromanslutning-4-lador-skarmstativ-155x110x914-cm-brun\/#breadcrumb","itemListElement":[{"@type":"ListItem","position":1,"name":"Home","item":"https:\/\/truusk.store\/sv\/"},{"@type":"ListItem","position":2,"name":"Shop","item":"https:\/\/truusk.store\/shop\/"},{"@type":"ListItem","position":3,"name":"TRUUSK Gamingbord L-form &#8211; LED-belysning &#8211; Str\u00f6manslutning &#8211; 4 L\u00e5dor &#8211; Sk\u00e4rmstativ &#8211; 155x110x91,4 cm &#8211; Brun"}]},{"@type":"WebSite","@id":"https:\/\/truusk.store\/sv\/#website","url":"https:\/\/truusk.store\/sv\/","name":"TRUUSK - Hem, Tr\u00e4dg\u00e5rd & Fritid","description":"","publisher":{"@id":"https:\/\/truusk.store\/sv\/#organization"},"potentialAction":[{"@type":"SearchAction","target":{"@type":"EntryPoint","urlTemplate":"https:\/\/truusk.store\/sv\/?s={search_term_string}"},"query-input":{"@type":"PropertyValueSpecification","valueRequired":true,"valueName":"search_term_string"}}],"inLanguage":"sv-SE"},{"@type":"Organization","@id":"https:\/\/truusk.store\/sv\/#organization","name":"TRUUSK - Hem, Tr\u00e4dg\u00e5rd & Fritid","url":"https:\/\/truusk.store\/sv\/","logo":{"@type":"ImageObject","inLanguage":"sv-SE","@id":"https:\/\/truusk.store\/sv\/#\/schema\/logo\/image\/","url":"https:\/\/i0.wp.com\/truusk.store\/wp-content\/uploads\/2026\/03\/cropped-TRUUSK.png?fit=2032%2C917&ssl=1","contentUrl":"https:\/\/i0.wp.com\/truusk.store\/wp-content\/uploads\/2026\/03\/cropped-TRUUSK.png?fit=2032%2C917&ssl=1","width":2032,"height":917,"caption":"TRUUSK - Hem, Tr\u00e4dg\u00e5rd & Fritid"},"image":{"@id":"https:\/\/truusk.store\/sv\/#\/schema\/logo\/image\/"}}]}},"jetpack_sharing_enabled":true,"_links":{"self":[{"href":"https:\/\/truusk.store\/sv\/wp-json\/wp\/v2\/product\/105712","targetHints":{"allow":["GET"]}}],"collection":[{"href":"https:\/\/truusk.store\/sv\/wp-json\/wp\/v2\/product"}],"about":[{"href":"https:\/\/truusk.store\/sv\/wp-json\/wp\/v2\/types\/product"}],"wp:featuredmedia":[{"embeddable":true,"href":"https:\/\/truusk.store\/sv\/wp-json\/wp\/v2\/media\/105700"}],"wp:attachment":[{"href":"https:\/\/truusk.store\/sv\/wp-json\/wp\/v2\/media?parent=105712"}],"wp:term":[{"taxonomy":"product_brand","embeddable":true,"href":"https:\/\/truusk.store\/sv\/wp-json\/wp\/v2\/product_brand?post=105712"},{"taxonomy":"product_cat","embeddable":true,"href":"https:\/\/truusk.store\/sv\/wp-json\/wp\/v2\/product_cat?post=105712"},{"taxonomy":"product_tag","embeddable":true,"href":"https:\/\/truusk.store\/sv\/wp-json\/wp\/v2\/product_tag?post=105712"}],"curies":[{"name":"wp","href":"https:\/\/api.w.org\/{rel}","templated":true}]}}