{"id":105722,"date":"2026-02-24T06:28:16","date_gmt":"2026-02-24T05:28:16","guid":{"rendered":"https:\/\/truusk.store\/product\/3-sits-soffa-soffa-med-armstod-vadderad-kladd-soffa-med-snoreoptik-for-vardagsrum-ljusgra\/"},"modified":"2026-03-12T08:52:23","modified_gmt":"2026-03-12T07:52:23","slug":"truusk-3-sits-soffa-med-armstod-vadderad-kladd-soffa-snoreoptik-ljusgra","status":"publish","type":"product","link":"https:\/\/truusk.store\/sv\/produkt\/truusk-3-sits-soffa-med-armstod-vadderad-kladd-soffa-snoreoptik-ljusgra\/","title":{"rendered":"TRUUSK 3-sits Soffa &#8211; Med Armst\u00f6d &#8211; Vadderad Kl\u00e4dd Soffa &#8211; Sn\u00f6reoptik &#8211; Ljusgr\u00e5"},"content":{"rendered":"<p>Dyk in i den lyxiga komforten hos [BRAND NAME] 3-sits soffa, med en 15 cm tjock, h\u00f6gdensitetsskumstoppning och fickfj\u00e4drar f\u00f6r f\u00f6rstklassigt st\u00f6d. Kl\u00e4dd i sammetig manchester, erbjuder soffans massiva eukalyptusram med sex starka ben en stabil, varaktig tillg\u00e5ng till ditt vardagsrum. Upplev mysig, elegant komfort som \u00e4r gjord f\u00f6r evigheten.<\/p>\n<p>Beskrivning:<\/p>\n<ul>\n<li> Har h\u00f6gdensitetsskum, fickfj\u00e4drar, S-fj\u00e4drar och elastiska band som ger ett mjukt, icke-sjunkande st\u00f6d<\/li>\n<li> Mjukt, strukturerat manchester\u00f6verdrag \u00f6kar daglig komfort och stil<\/li>\n<li> En solid eukalyptusram f\u00f6r soffgruppen med sex st\u00f6dben ger en stabil, tillf\u00f6rlitlig sittbas<\/li>\n<li> Inkluderar justerbara mittenmetallben och filt fotdynor f\u00f6r att skydda golvet och f\u00f6rhindra glidning<\/li>\n<li> Levereras med tydliga instruktioner f\u00f6r snabb och enkel montering p\u00e5 30 minuter<\/li>\n<li> Dragkedjefodral f\u00f6r kuddarna f\u00f6renklar reng\u00f6ring och underh\u00e5ll<\/li>\n<li> En 188 cm ram med en 160 cm sittplats rymmer bekv\u00e4mt upp till tre personer<\/li>\n<li> Soffkuddarna kommer komprimerade. L\u00e5t minst tre dagar f\u00f6r full \u00e5terh\u00e4mtning och knacka dem f\u00f6rsiktigt efter uppackning<\/li>\n<\/ul>\n<p> Tekniska specifikationer:<\/p>\n<ul>\n<li> F\u00e4rg: Ljusgr\u00e5<\/li>\n<li> Material: Manchester tyg (100% polyester), skum, eukalyptustr\u00e4, plast, metall<\/li>\n<li> Totala dimensioner: 188B x 80D x 86H cm<\/li>\n<li> Sittstorlek: 160B x 55D x 45,5H cm<\/li>\n<li> Sitt tjocklek: 15 cm<\/li>\n<li> Ryggstorlek: 160B x 18D x 45H cm<\/li>\n<li> Armst\u00f6dsstorlek: 10\/15B (\u00f6vre\/undre) x 61,5L cm<\/li>\n<li> Armst\u00f6dsh\u00f6jd fr\u00e5n s\u00e4tet: 20,5 cm<\/li>\n<li> Kuddstorlek (varje): 82L x 45B x 18D cm<\/li>\n<li> Benstorlek: 15H cm<\/li>\n<li> Maximal belastning: 330 kg<\/li>\n<\/ul>\n<p>Leverans inneh\u00e5ller:<\/p>\n<ul>\n<li> 1 x 3-sits soffa<\/li>\n<li> 1 x bruksanvisning<\/li>\n<\/ul>\n","protected":false},"excerpt":{"rendered":"<p>Dyk in i den lyxiga komforten hos [BRAND NAME] 3-sits soffa, med en 15 cm tjock, h\u00f6gdensitetsskumstoppning och fickfj\u00e4drar f\u00f6r&#8230;<\/p>\n","protected":false},"featured_media":105713,"template":"","meta":[],"product_brand":[],"product_cat":[1011,871,937,910],"product_tag":[],"class_list":{"0":"post-105722","1":"product","2":"type-product","3":"status-publish","4":"has-post-thumbnail","6":"product_cat-dreisitzer","7":"product_cat-hus-hem","8":"product_cat-soffor","9":"product_cat-vardagsrum","11":"first","12":"instock","13":"sale","14":"taxable","15":"shipping-taxable","16":"purchasable","17":"product-type-simple"},"yoast_head":"<!-- This site is optimized with the Yoast SEO plugin v25.4 - https:\/\/yoast.com\/wordpress\/plugins\/seo\/ -->\n<title>TRUUSK 3-sits Soffa - Med Armst\u00f6d - Vadderad Kl\u00e4dd Soffa - Sn\u00f6reoptik - Ljusgr\u00e5 - TRUUSK - Hem, Tr\u00e4dg\u00e5rd &amp; Fritid<\/title>\n<meta name=\"robots\" content=\"index, follow, max-snippet:-1, max-image-preview:large, max-video-preview:-1\" \/>\n<link rel=\"canonical\" href=\"https:\/\/truusk.store\/sv\/produkt\/truusk-3-sits-soffa-med-armstod-vadderad-kladd-soffa-snoreoptik-ljusgra\/\" \/>\n<meta property=\"og:locale\" content=\"sv_SE\" \/>\n<meta property=\"og:type\" content=\"article\" \/>\n<meta property=\"og:title\" content=\"TRUUSK 3-sits Soffa - Med Armst\u00f6d - Vadderad Kl\u00e4dd Soffa - Sn\u00f6reoptik - Ljusgr\u00e5 - TRUUSK - Hem, Tr\u00e4dg\u00e5rd &amp; Fritid\" \/>\n<meta property=\"og:description\" content=\"Dyk in i den lyxiga komforten hos [BRAND NAME] 3-sits soffa, med en 15 cm tjock, h\u00f6gdensitetsskumstoppning och fickfj\u00e4drar f\u00f6r...\" \/>\n<meta property=\"og:url\" content=\"https:\/\/truusk.store\/sv\/produkt\/truusk-3-sits-soffa-med-armstod-vadderad-kladd-soffa-snoreoptik-ljusgra\/\" \/>\n<meta property=\"og:site_name\" content=\"TRUUSK - Hem, Tr\u00e4dg\u00e5rd &amp; Fritid\" \/>\n<meta property=\"article:modified_time\" content=\"2026-03-12T07:52:23+00:00\" \/>\n<meta property=\"og:image\" content=\"https:\/\/i0.wp.com\/truusk.se\/wp-content\/uploads\/2026\/02\/3-sits-soffa-soffa-med-armstod-vadderad-kladd-soffa-med-snoreoptik-for-vardagsrum-ljusgra-1.webp?fit=2000%2C2000&ssl=1\" \/>\n\t<meta property=\"og:image:width\" content=\"2000\" \/>\n\t<meta property=\"og:image:height\" content=\"2000\" \/>\n\t<meta property=\"og:image:type\" content=\"image\/webp\" \/>\n<meta name=\"twitter:card\" content=\"summary_large_image\" \/>\n<meta name=\"twitter:label1\" content=\"Ber\u00e4knad l\u00e4stid\" \/>\n\t<meta name=\"twitter:data1\" content=\"1 minut\" \/>\n<!-- \/ Yoast SEO plugin. -->","yoast_head_json":{"title":"TRUUSK 3-sits Soffa - Med Armst\u00f6d - Vadderad Kl\u00e4dd Soffa - Sn\u00f6reoptik - Ljusgr\u00e5 - TRUUSK - Hem, Tr\u00e4dg\u00e5rd &amp; Fritid","robots":{"index":"index","follow":"follow","max-snippet":"max-snippet:-1","max-image-preview":"max-image-preview:large","max-video-preview":"max-video-preview:-1"},"canonical":"https:\/\/truusk.store\/sv\/produkt\/truusk-3-sits-soffa-med-armstod-vadderad-kladd-soffa-snoreoptik-ljusgra\/","og_locale":"sv_SE","og_type":"article","og_title":"TRUUSK 3-sits Soffa - Med Armst\u00f6d - Vadderad Kl\u00e4dd Soffa - Sn\u00f6reoptik - Ljusgr\u00e5 - TRUUSK - Hem, Tr\u00e4dg\u00e5rd &amp; Fritid","og_description":"Dyk in i den lyxiga komforten hos [BRAND NAME] 3-sits soffa, med en 15 cm tjock, h\u00f6gdensitetsskumstoppning och fickfj\u00e4drar f\u00f6r...","og_url":"https:\/\/truusk.store\/sv\/produkt\/truusk-3-sits-soffa-med-armstod-vadderad-kladd-soffa-snoreoptik-ljusgra\/","og_site_name":"TRUUSK - Hem, Tr\u00e4dg\u00e5rd &amp; Fritid","article_modified_time":"2026-03-12T07:52:23+00:00","og_image":[{"width":2000,"height":2000,"url":"https:\/\/i0.wp.com\/truusk.se\/wp-content\/uploads\/2026\/02\/3-sits-soffa-soffa-med-armstod-vadderad-kladd-soffa-med-snoreoptik-for-vardagsrum-ljusgra-1.webp?fit=2000%2C2000&ssl=1","type":"image\/webp"}],"twitter_card":"summary_large_image","twitter_misc":{"Ber\u00e4knad l\u00e4stid":"1 minut"},"schema":{"@context":"https:\/\/schema.org","@graph":[{"@type":"WebPage","@id":"https:\/\/truusk.store\/sv\/produkt\/truusk-3-sits-soffa-med-armstod-vadderad-kladd-soffa-snoreoptik-ljusgra\/","url":"https:\/\/truusk.store\/sv\/produkt\/truusk-3-sits-soffa-med-armstod-vadderad-kladd-soffa-snoreoptik-ljusgra\/","name":"TRUUSK 3-sits Soffa - Med Armst\u00f6d - Vadderad Kl\u00e4dd Soffa - Sn\u00f6reoptik - Ljusgr\u00e5 - TRUUSK - Hem, Tr\u00e4dg\u00e5rd &amp; Fritid","isPartOf":{"@id":"https:\/\/truusk.store\/sv\/#website"},"primaryImageOfPage":{"@id":"https:\/\/truusk.store\/sv\/produkt\/truusk-3-sits-soffa-med-armstod-vadderad-kladd-soffa-snoreoptik-ljusgra\/#primaryimage"},"image":{"@id":"https:\/\/truusk.store\/sv\/produkt\/truusk-3-sits-soffa-med-armstod-vadderad-kladd-soffa-snoreoptik-ljusgra\/#primaryimage"},"thumbnailUrl":"https:\/\/i0.wp.com\/truusk.store\/wp-content\/uploads\/2026\/02\/3-sits-soffa-soffa-med-armstod-vadderad-kladd-soffa-med-snoreoptik-for-vardagsrum-ljusgra-1.webp?fit=2000%2C2000&ssl=1","datePublished":"2026-02-24T05:28:16+00:00","dateModified":"2026-03-12T07:52:23+00:00","breadcrumb":{"@id":"https:\/\/truusk.store\/sv\/produkt\/truusk-3-sits-soffa-med-armstod-vadderad-kladd-soffa-snoreoptik-ljusgra\/#breadcrumb"},"inLanguage":"sv-SE","potentialAction":[{"@type":"ReadAction","target":["https:\/\/truusk.store\/sv\/produkt\/truusk-3-sits-soffa-med-armstod-vadderad-kladd-soffa-snoreoptik-ljusgra\/"]}]},{"@type":"ImageObject","inLanguage":"sv-SE","@id":"https:\/\/truusk.store\/sv\/produkt\/truusk-3-sits-soffa-med-armstod-vadderad-kladd-soffa-snoreoptik-ljusgra\/#primaryimage","url":"https:\/\/i0.wp.com\/truusk.store\/wp-content\/uploads\/2026\/02\/3-sits-soffa-soffa-med-armstod-vadderad-kladd-soffa-med-snoreoptik-for-vardagsrum-ljusgra-1.webp?fit=2000%2C2000&ssl=1","contentUrl":"https:\/\/i0.wp.com\/truusk.store\/wp-content\/uploads\/2026\/02\/3-sits-soffa-soffa-med-armstod-vadderad-kladd-soffa-med-snoreoptik-for-vardagsrum-ljusgra-1.webp?fit=2000%2C2000&ssl=1","width":2000,"height":2000},{"@type":"BreadcrumbList","@id":"https:\/\/truusk.store\/sv\/produkt\/truusk-3-sits-soffa-med-armstod-vadderad-kladd-soffa-snoreoptik-ljusgra\/#breadcrumb","itemListElement":[{"@type":"ListItem","position":1,"name":"Home","item":"https:\/\/truusk.store\/sv\/"},{"@type":"ListItem","position":2,"name":"Shop","item":"https:\/\/truusk.store\/shop\/"},{"@type":"ListItem","position":3,"name":"TRUUSK 3-sits Soffa &#8211; Med Armst\u00f6d &#8211; Vadderad Kl\u00e4dd Soffa &#8211; Sn\u00f6reoptik &#8211; Ljusgr\u00e5"}]},{"@type":"WebSite","@id":"https:\/\/truusk.store\/sv\/#website","url":"https:\/\/truusk.store\/sv\/","name":"TRUUSK - Hem, Tr\u00e4dg\u00e5rd & Fritid","description":"","publisher":{"@id":"https:\/\/truusk.store\/sv\/#organization"},"potentialAction":[{"@type":"SearchAction","target":{"@type":"EntryPoint","urlTemplate":"https:\/\/truusk.store\/sv\/?s={search_term_string}"},"query-input":{"@type":"PropertyValueSpecification","valueRequired":true,"valueName":"search_term_string"}}],"inLanguage":"sv-SE"},{"@type":"Organization","@id":"https:\/\/truusk.store\/sv\/#organization","name":"TRUUSK - Hem, Tr\u00e4dg\u00e5rd & Fritid","url":"https:\/\/truusk.store\/sv\/","logo":{"@type":"ImageObject","inLanguage":"sv-SE","@id":"https:\/\/truusk.store\/sv\/#\/schema\/logo\/image\/","url":"https:\/\/i0.wp.com\/truusk.store\/wp-content\/uploads\/2026\/03\/cropped-TRUUSK.png?fit=2032%2C917&ssl=1","contentUrl":"https:\/\/i0.wp.com\/truusk.store\/wp-content\/uploads\/2026\/03\/cropped-TRUUSK.png?fit=2032%2C917&ssl=1","width":2032,"height":917,"caption":"TRUUSK - Hem, Tr\u00e4dg\u00e5rd & Fritid"},"image":{"@id":"https:\/\/truusk.store\/sv\/#\/schema\/logo\/image\/"}}]}},"jetpack_sharing_enabled":true,"_links":{"self":[{"href":"https:\/\/truusk.store\/sv\/wp-json\/wp\/v2\/product\/105722","targetHints":{"allow":["GET"]}}],"collection":[{"href":"https:\/\/truusk.store\/sv\/wp-json\/wp\/v2\/product"}],"about":[{"href":"https:\/\/truusk.store\/sv\/wp-json\/wp\/v2\/types\/product"}],"wp:featuredmedia":[{"embeddable":true,"href":"https:\/\/truusk.store\/sv\/wp-json\/wp\/v2\/media\/105713"}],"wp:attachment":[{"href":"https:\/\/truusk.store\/sv\/wp-json\/wp\/v2\/media?parent=105722"}],"wp:term":[{"taxonomy":"product_brand","embeddable":true,"href":"https:\/\/truusk.store\/sv\/wp-json\/wp\/v2\/product_brand?post=105722"},{"taxonomy":"product_cat","embeddable":true,"href":"https:\/\/truusk.store\/sv\/wp-json\/wp\/v2\/product_cat?post=105722"},{"taxonomy":"product_tag","embeddable":true,"href":"https:\/\/truusk.store\/sv\/wp-json\/wp\/v2\/product_tag?post=105722"}],"curies":[{"name":"wp","href":"https:\/\/api.w.org\/{rel}","templated":true}]}}