{"id":105735,"date":"2026-02-24T06:29:26","date_gmt":"2026-02-24T05:29:26","guid":{"rendered":"https:\/\/truusk.store\/product\/soffa-3-i-1-omvandlingsbar-fatolj-med-sangfunktion-bred-sittplats-for-vardagsrum-beige\/"},"modified":"2026-03-12T08:52:26","modified_gmt":"2026-03-12T07:52:26","slug":"truusk-ergonomisk-kontorsstol-i-mesh-justerbar-hojd-och-ryggstod-svart-bekvam-och-hallbar-for-hemmakontor-och-arbetsplats","status":"publish","type":"product","link":"https:\/\/truusk.store\/sv\/produkt\/truusk-ergonomisk-kontorsstol-i-mesh-justerbar-hojd-och-ryggstod-svart-bekvam-och-hallbar-for-hemmakontor-och-arbetsplats\/","title":{"rendered":"TRUUSK Ergonomisk Kontorsstol i Mesh &#8211; Justerbar H\u00f6jd och Ryggst\u00f6d &#8211; Svart &#8211; Bekv\u00e4m och H\u00e5llbar &#8211; F\u00f6r Hemmakontor och Arbetsplats"},"content":{"rendered":"<p>Har du lite utrymme och ov\u00e4ntade g\u00e4ster? Med [BRAND NAME] sovstol hittar du din l\u00f6sning. F\u00f6rvandla den enkelt fr\u00e5n en avkopplande stol till en chaiselongue eller s\u00e4ng &#8211; helt enkelt. Mjuk skumstoppning, innesluten i unik majs-sammetstyg, ger komfort. Den kompakta s\u00e4ngstolen med trestegs ryggst\u00f6d \u00e4r idealisk f\u00f6r att titta p\u00e5 TV p\u00e5 dagen eller sova p\u00e5 natten. Komfort f\u00f6r dig, stil f\u00f6r ditt hem.<\/p>\n<p>Beskrivning:<\/p>\n<ul>\n<li> Enkel omvandling fr\u00e5n stol till chaiselongue eller s\u00e4ng &#8211; perfekt f\u00f6r sm\u00e5 utrymmen<\/li>\n<li> Klick-klack-mekanism, praktiskt b\u00e4lte och hjul p\u00e5 s\u00e4ngstolen m\u00f6jligg\u00f6r en s\u00e4rskilt enkel omvandling<\/li>\n<li> Trestegs ryggst\u00f6d (105\u00b0, 140\u00b0, 180\u00b0) &#8211; koppla av i den vinkel du \u00f6nskar<\/li>\n<li> 14,5 cm skum bekv\u00e4mt stoppad, extra kudde med tv\u00e4ttbart \u00f6verdrag ing\u00e5r<\/li>\n<li> Tyg\u00f6verdrag med majs-sammet utseende med unik struktur, s\u00e4rskilt mjuk i greppet<\/li>\n<li> Sex praktiska sidofickor p\u00e5 s\u00e4ngstolen f\u00f6r l\u00e4ttillg\u00e4nglig f\u00f6rvaring<\/li>\n<li> Ram av eukalyptustr\u00e4 och metall f\u00f6r stabilitet, ben i tr\u00e4utseende med filtglidare<\/li>\n<li> Maximal belastning 120 kg, sj\u00e4lvmontering kr\u00e4vs p\u00e5 bara 30 minuter<\/li>\n<\/ul>\n<p> Tekniska data:<\/p>\n<ul>\n<li> F\u00e4rg: Beige<\/li>\n<li> Material: Tyg med majs-sammet utseende (100% polyester), skum (100% polyuretan), eukalyptustr\u00e4, metall, plast<\/li>\n<li> Stolm\u00e5tt: 74B x 85,5T x 82H cm<\/li>\n<li> S\u00e4ngm\u00e5tt: 60B x 180T x 44H cm<\/li>\n<li> Sitsstorlek: 60B x 58T cm<\/li>\n<li> Sitth\u00f6jd: 44H cm<\/li>\n<li> Ryggst\u00f6dsstorlek: 60B x 44H cm<\/li>\n<li> Sits-\/ryggst\u00f6dstjocklek: 14,5 cm<\/li>\n<li> Armst\u00f6dsstorlek: 86L x 7B cm<\/li>\n<li> Armst\u00f6d till sitth\u00f6jd: 12 cm<\/li>\n<li> Kuddstorlek: 56L x 34B x 13T cm<\/li>\n<li> Sidofickstorlek: 83B x 26H cm (\u224826\u201327B cm per ficka)<\/li>\n<li> Benh\u00f6jd: 8 cm<\/li>\n<li> Belastningskapacitet: 120 kg<\/li>\n<\/ul>\n<p>Leveransinneh\u00e5ll:<\/p>\n<ul>\n<li> 1 x Sovstol<\/li>\n<li> 1 x Kudde<\/li>\n<li> 1 x Instruktioner<\/li>\n<\/ul>\n","protected":false},"excerpt":{"rendered":"<p>Har du lite utrymme och ov\u00e4ntade g\u00e4ster? Med [BRAND NAME] sovstol hittar du din l\u00f6sning. F\u00f6rvandla den enkelt fr\u00e5n en&#8230;<\/p>\n","protected":false},"featured_media":105723,"template":"","meta":[],"product_brand":[],"product_cat":[521,871,951,910],"product_tag":[],"class_list":{"0":"post-105735","1":"product","2":"type-product","3":"status-publish","4":"has-post-thumbnail","6":"product_cat-fatolj","7":"product_cat-hus-hem","8":"product_cat-schlafsessel","9":"product_cat-vardagsrum","11":"first","12":"instock","13":"sale","14":"taxable","15":"shipping-taxable","16":"purchasable","17":"product-type-simple"},"yoast_head":"<!-- This site is optimized with the Yoast SEO plugin v25.4 - https:\/\/yoast.com\/wordpress\/plugins\/seo\/ -->\n<title>TRUUSK Ergonomisk Kontorsstol i Mesh - Justerbar H\u00f6jd och Ryggst\u00f6d - Svart - Bekv\u00e4m och H\u00e5llbar - F\u00f6r Hemmakontor och Arbetsplats - TRUUSK - Hem, Tr\u00e4dg\u00e5rd &amp; Fritid<\/title>\n<meta name=\"robots\" content=\"index, follow, max-snippet:-1, max-image-preview:large, max-video-preview:-1\" \/>\n<link rel=\"canonical\" href=\"https:\/\/truusk.store\/sv\/produkt\/truusk-ergonomisk-kontorsstol-i-mesh-justerbar-hojd-och-ryggstod-svart-bekvam-och-hallbar-for-hemmakontor-och-arbetsplats\/\" \/>\n<meta property=\"og:locale\" content=\"sv_SE\" \/>\n<meta property=\"og:type\" content=\"article\" \/>\n<meta property=\"og:title\" content=\"TRUUSK Ergonomisk Kontorsstol i Mesh - Justerbar H\u00f6jd och Ryggst\u00f6d - Svart - Bekv\u00e4m och H\u00e5llbar - F\u00f6r Hemmakontor och Arbetsplats - TRUUSK - Hem, Tr\u00e4dg\u00e5rd &amp; Fritid\" \/>\n<meta property=\"og:description\" content=\"Har du lite utrymme och ov\u00e4ntade g\u00e4ster? Med [BRAND NAME] sovstol hittar du din l\u00f6sning. F\u00f6rvandla den enkelt fr\u00e5n en...\" \/>\n<meta property=\"og:url\" content=\"https:\/\/truusk.store\/sv\/produkt\/truusk-ergonomisk-kontorsstol-i-mesh-justerbar-hojd-och-ryggstod-svart-bekvam-och-hallbar-for-hemmakontor-och-arbetsplats\/\" \/>\n<meta property=\"og:site_name\" content=\"TRUUSK - Hem, Tr\u00e4dg\u00e5rd &amp; Fritid\" \/>\n<meta property=\"article:modified_time\" content=\"2026-03-12T07:52:26+00:00\" \/>\n<meta property=\"og:image\" content=\"https:\/\/i0.wp.com\/truusk.se\/wp-content\/uploads\/2026\/02\/soffa-3-i-1-omvandlingsbar-fatolj-med-sangfunktion-bred-sittplats-for-vardagsrum-beige-1.webp?fit=2000%2C2000&ssl=1\" \/>\n\t<meta property=\"og:image:width\" content=\"2000\" \/>\n\t<meta property=\"og:image:height\" content=\"2000\" \/>\n\t<meta property=\"og:image:type\" content=\"image\/webp\" \/>\n<meta name=\"twitter:card\" content=\"summary_large_image\" \/>\n<meta name=\"twitter:label1\" content=\"Ber\u00e4knad l\u00e4stid\" \/>\n\t<meta name=\"twitter:data1\" content=\"1 minut\" \/>\n<!-- \/ Yoast SEO plugin. -->","yoast_head_json":{"title":"TRUUSK Ergonomisk Kontorsstol i Mesh - Justerbar H\u00f6jd och Ryggst\u00f6d - Svart - Bekv\u00e4m och H\u00e5llbar - F\u00f6r Hemmakontor och Arbetsplats - TRUUSK - Hem, Tr\u00e4dg\u00e5rd &amp; Fritid","robots":{"index":"index","follow":"follow","max-snippet":"max-snippet:-1","max-image-preview":"max-image-preview:large","max-video-preview":"max-video-preview:-1"},"canonical":"https:\/\/truusk.store\/sv\/produkt\/truusk-ergonomisk-kontorsstol-i-mesh-justerbar-hojd-och-ryggstod-svart-bekvam-och-hallbar-for-hemmakontor-och-arbetsplats\/","og_locale":"sv_SE","og_type":"article","og_title":"TRUUSK Ergonomisk Kontorsstol i Mesh - Justerbar H\u00f6jd och Ryggst\u00f6d - Svart - Bekv\u00e4m och H\u00e5llbar - F\u00f6r Hemmakontor och Arbetsplats - TRUUSK - Hem, Tr\u00e4dg\u00e5rd &amp; Fritid","og_description":"Har du lite utrymme och ov\u00e4ntade g\u00e4ster? Med [BRAND NAME] sovstol hittar du din l\u00f6sning. F\u00f6rvandla den enkelt fr\u00e5n en...","og_url":"https:\/\/truusk.store\/sv\/produkt\/truusk-ergonomisk-kontorsstol-i-mesh-justerbar-hojd-och-ryggstod-svart-bekvam-och-hallbar-for-hemmakontor-och-arbetsplats\/","og_site_name":"TRUUSK - Hem, Tr\u00e4dg\u00e5rd &amp; Fritid","article_modified_time":"2026-03-12T07:52:26+00:00","og_image":[{"width":2000,"height":2000,"url":"https:\/\/i0.wp.com\/truusk.se\/wp-content\/uploads\/2026\/02\/soffa-3-i-1-omvandlingsbar-fatolj-med-sangfunktion-bred-sittplats-for-vardagsrum-beige-1.webp?fit=2000%2C2000&ssl=1","type":"image\/webp"}],"twitter_card":"summary_large_image","twitter_misc":{"Ber\u00e4knad l\u00e4stid":"1 minut"},"schema":{"@context":"https:\/\/schema.org","@graph":[{"@type":"WebPage","@id":"https:\/\/truusk.store\/sv\/produkt\/truusk-ergonomisk-kontorsstol-i-mesh-justerbar-hojd-och-ryggstod-svart-bekvam-och-hallbar-for-hemmakontor-och-arbetsplats\/","url":"https:\/\/truusk.store\/sv\/produkt\/truusk-ergonomisk-kontorsstol-i-mesh-justerbar-hojd-och-ryggstod-svart-bekvam-och-hallbar-for-hemmakontor-och-arbetsplats\/","name":"TRUUSK Ergonomisk Kontorsstol i Mesh - Justerbar H\u00f6jd och Ryggst\u00f6d - Svart - Bekv\u00e4m och H\u00e5llbar - F\u00f6r Hemmakontor och Arbetsplats - TRUUSK - Hem, Tr\u00e4dg\u00e5rd &amp; Fritid","isPartOf":{"@id":"https:\/\/truusk.store\/sv\/#website"},"primaryImageOfPage":{"@id":"https:\/\/truusk.store\/sv\/produkt\/truusk-ergonomisk-kontorsstol-i-mesh-justerbar-hojd-och-ryggstod-svart-bekvam-och-hallbar-for-hemmakontor-och-arbetsplats\/#primaryimage"},"image":{"@id":"https:\/\/truusk.store\/sv\/produkt\/truusk-ergonomisk-kontorsstol-i-mesh-justerbar-hojd-och-ryggstod-svart-bekvam-och-hallbar-for-hemmakontor-och-arbetsplats\/#primaryimage"},"thumbnailUrl":"https:\/\/i0.wp.com\/truusk.store\/wp-content\/uploads\/2026\/02\/soffa-3-i-1-omvandlingsbar-fatolj-med-sangfunktion-bred-sittplats-for-vardagsrum-beige-1.webp?fit=2000%2C2000&ssl=1","datePublished":"2026-02-24T05:29:26+00:00","dateModified":"2026-03-12T07:52:26+00:00","breadcrumb":{"@id":"https:\/\/truusk.store\/sv\/produkt\/truusk-ergonomisk-kontorsstol-i-mesh-justerbar-hojd-och-ryggstod-svart-bekvam-och-hallbar-for-hemmakontor-och-arbetsplats\/#breadcrumb"},"inLanguage":"sv-SE","potentialAction":[{"@type":"ReadAction","target":["https:\/\/truusk.store\/sv\/produkt\/truusk-ergonomisk-kontorsstol-i-mesh-justerbar-hojd-och-ryggstod-svart-bekvam-och-hallbar-for-hemmakontor-och-arbetsplats\/"]}]},{"@type":"ImageObject","inLanguage":"sv-SE","@id":"https:\/\/truusk.store\/sv\/produkt\/truusk-ergonomisk-kontorsstol-i-mesh-justerbar-hojd-och-ryggstod-svart-bekvam-och-hallbar-for-hemmakontor-och-arbetsplats\/#primaryimage","url":"https:\/\/i0.wp.com\/truusk.store\/wp-content\/uploads\/2026\/02\/soffa-3-i-1-omvandlingsbar-fatolj-med-sangfunktion-bred-sittplats-for-vardagsrum-beige-1.webp?fit=2000%2C2000&ssl=1","contentUrl":"https:\/\/i0.wp.com\/truusk.store\/wp-content\/uploads\/2026\/02\/soffa-3-i-1-omvandlingsbar-fatolj-med-sangfunktion-bred-sittplats-for-vardagsrum-beige-1.webp?fit=2000%2C2000&ssl=1","width":2000,"height":2000},{"@type":"BreadcrumbList","@id":"https:\/\/truusk.store\/sv\/produkt\/truusk-ergonomisk-kontorsstol-i-mesh-justerbar-hojd-och-ryggstod-svart-bekvam-och-hallbar-for-hemmakontor-och-arbetsplats\/#breadcrumb","itemListElement":[{"@type":"ListItem","position":1,"name":"Home","item":"https:\/\/truusk.store\/sv\/"},{"@type":"ListItem","position":2,"name":"Shop","item":"https:\/\/truusk.store\/shop\/"},{"@type":"ListItem","position":3,"name":"TRUUSK Ergonomisk Kontorsstol i Mesh &#8211; Justerbar H\u00f6jd och Ryggst\u00f6d &#8211; Svart &#8211; Bekv\u00e4m och H\u00e5llbar &#8211; F\u00f6r Hemmakontor och Arbetsplats"}]},{"@type":"WebSite","@id":"https:\/\/truusk.store\/sv\/#website","url":"https:\/\/truusk.store\/sv\/","name":"TRUUSK - Hem, Tr\u00e4dg\u00e5rd & Fritid","description":"","publisher":{"@id":"https:\/\/truusk.store\/sv\/#organization"},"potentialAction":[{"@type":"SearchAction","target":{"@type":"EntryPoint","urlTemplate":"https:\/\/truusk.store\/sv\/?s={search_term_string}"},"query-input":{"@type":"PropertyValueSpecification","valueRequired":true,"valueName":"search_term_string"}}],"inLanguage":"sv-SE"},{"@type":"Organization","@id":"https:\/\/truusk.store\/sv\/#organization","name":"TRUUSK - Hem, Tr\u00e4dg\u00e5rd & Fritid","url":"https:\/\/truusk.store\/sv\/","logo":{"@type":"ImageObject","inLanguage":"sv-SE","@id":"https:\/\/truusk.store\/sv\/#\/schema\/logo\/image\/","url":"https:\/\/i0.wp.com\/truusk.store\/wp-content\/uploads\/2026\/03\/cropped-TRUUSK.png?fit=2032%2C917&ssl=1","contentUrl":"https:\/\/i0.wp.com\/truusk.store\/wp-content\/uploads\/2026\/03\/cropped-TRUUSK.png?fit=2032%2C917&ssl=1","width":2032,"height":917,"caption":"TRUUSK - Hem, Tr\u00e4dg\u00e5rd & Fritid"},"image":{"@id":"https:\/\/truusk.store\/sv\/#\/schema\/logo\/image\/"}}]}},"jetpack_sharing_enabled":true,"_links":{"self":[{"href":"https:\/\/truusk.store\/sv\/wp-json\/wp\/v2\/product\/105735","targetHints":{"allow":["GET"]}}],"collection":[{"href":"https:\/\/truusk.store\/sv\/wp-json\/wp\/v2\/product"}],"about":[{"href":"https:\/\/truusk.store\/sv\/wp-json\/wp\/v2\/types\/product"}],"wp:featuredmedia":[{"embeddable":true,"href":"https:\/\/truusk.store\/sv\/wp-json\/wp\/v2\/media\/105723"}],"wp:attachment":[{"href":"https:\/\/truusk.store\/sv\/wp-json\/wp\/v2\/media?parent=105735"}],"wp:term":[{"taxonomy":"product_brand","embeddable":true,"href":"https:\/\/truusk.store\/sv\/wp-json\/wp\/v2\/product_brand?post=105735"},{"taxonomy":"product_cat","embeddable":true,"href":"https:\/\/truusk.store\/sv\/wp-json\/wp\/v2\/product_cat?post=105735"},{"taxonomy":"product_tag","embeddable":true,"href":"https:\/\/truusk.store\/sv\/wp-json\/wp\/v2\/product_tag?post=105735"}],"curies":[{"name":"wp","href":"https:\/\/api.w.org\/{rel}","templated":true}]}}