{"id":105744,"date":"2026-02-24T06:30:18","date_gmt":"2026-02-24T05:30:18","guid":{"rendered":"https:\/\/truusk.store\/product\/hangmatta-med-ram-237-x-90-cm-stabhangmatta-med-sidoficka-huvudstod-metallram-upp-till-150-kg\/"},"modified":"2026-03-12T08:52:28","modified_gmt":"2026-03-12T07:52:28","slug":"truusk-hangmatta-med-ram-237-x-90-cm-stabhangmatta-med-sidoficka-huvudstod-metallram-upp-till-150-kg-bekvam-och-hallbar","status":"publish","type":"product","link":"https:\/\/truusk.store\/sv\/produkt\/truusk-hangmatta-med-ram-237-x-90-cm-stabhangmatta-med-sidoficka-huvudstod-metallram-upp-till-150-kg-bekvam-och-hallbar\/","title":{"rendered":"TRUUSK H\u00e4ngmatta med Ram 237 x 90 cm &#8211; Stabh\u00e4ngmatta med Sidoficka &#8211; Huvudst\u00f6d &#8211; Metallram upp till 150 kg &#8211; Bekv\u00e4m och H\u00e5llbar"},"content":{"rendered":"<p>Att hitta den perfekta platsen f\u00f6r avkoppling kan ofta vara sv\u00e5rt. [BRAND NAME]-h\u00e4ngmattan med stativ erbjuder en mobil tillflyktsort med huvudst\u00f6d f\u00f6r komfort. En sidoficka h\u00e5ller boken och telefonen inom r\u00e4ckh\u00e5ll, s\u00e5 att dina vilopauser f\u00f6rblir ost\u00f6rda och din fritid berikas.<\/p>\n<p>Beskrivning:<\/p>\n<ul>\n<li> Denna h\u00e4ngmatta med stativ kan placeras var som helst i ditt utomhusomr\u00e5de<\/li>\n<li> En praktisk sidoficka p\u00e5 den inomhus h\u00e4ngmattan h\u00e5ller b\u00f6cker, tidskrifter eller din telefon inom r\u00e4ckh\u00e5ll<\/li>\n<li> Inkluderar en mjuk, avtagbar huvudkudde f\u00f6r extra nackst\u00f6d vid l\u00e4sning<\/li>\n<li> Pulverlackerat metallstativ med fyra h\u00e4stskof\u00f6tter b\u00e4r upp till 150 kg<\/li>\n<li> 195 x 90 cm liggyta erbjuder gener\u00f6st utrymme f\u00f6r en persons avkoppling<\/li>\n<li> Idealisk f\u00f6r avkoppling p\u00e5 terrassen eller i tr\u00e4dg\u00e5rden<\/li>\n<li> Montering kr\u00e4vs<\/li>\n<\/ul>\n<p> Tekniska specifikationer:<\/p>\n<ul>\n<li> F\u00e4rg: M\u00f6rkgr\u00e5+Svart<\/li>\n<li> Material: Metall, Polyester, Skum<\/li>\n<li> Totala dimensioner: 237B x 90T x 92H cm<\/li>\n<li> H\u00e4ngmattans b\u00e4ddstorlek: 195L x 90B cm<\/li>\n<li> B\u00e4ddh\u00f6jd: 77 cm<\/li>\n<li> B\u00e4rf\u00f6rm\u00e5ga: 150 kg<\/li>\n<\/ul>\n<p>Leverans inneh\u00e5ller:<\/p>\n<ul>\n<li> 1 x H\u00e4ngmatta<\/li>\n<li> 1 x Instruktioner<\/li>\n<\/ul>\n","protected":false},"excerpt":{"rendered":"<p>Att hitta den perfekta platsen f\u00f6r avkoppling kan ofta vara sv\u00e5rt. [BRAND NAME]-h\u00e4ngmattan med stativ erbjuder en mobil tillflyktsort med&#8230;<\/p>\n","protected":false},"featured_media":105730,"template":"","meta":[],"product_brand":[],"product_cat":[460,858,450],"product_tag":[],"class_list":{"0":"post-105744","1":"product","2":"type-product","3":"status-publish","4":"has-post-thumbnail","6":"product_cat-hangmattor-hangstolar","7":"product_cat-tradgard-terrass","8":"product_cat-tradgardsmobler","10":"first","11":"instock","12":"sale","13":"taxable","14":"shipping-taxable","15":"purchasable","16":"product-type-simple"},"yoast_head":"<!-- This site is optimized with the Yoast SEO plugin v25.4 - https:\/\/yoast.com\/wordpress\/plugins\/seo\/ -->\n<title>TRUUSK H\u00e4ngmatta med Ram 237 x 90 cm - Stabh\u00e4ngmatta med Sidoficka - Huvudst\u00f6d - Metallram upp till 150 kg - Bekv\u00e4m och H\u00e5llbar - TRUUSK - Hem, Tr\u00e4dg\u00e5rd &amp; Fritid<\/title>\n<meta name=\"robots\" content=\"index, follow, max-snippet:-1, max-image-preview:large, max-video-preview:-1\" \/>\n<link rel=\"canonical\" href=\"https:\/\/truusk.store\/sv\/produkt\/truusk-hangmatta-med-ram-237-x-90-cm-stabhangmatta-med-sidoficka-huvudstod-metallram-upp-till-150-kg-bekvam-och-hallbar\/\" \/>\n<meta property=\"og:locale\" content=\"sv_SE\" \/>\n<meta property=\"og:type\" content=\"article\" \/>\n<meta property=\"og:title\" content=\"TRUUSK H\u00e4ngmatta med Ram 237 x 90 cm - Stabh\u00e4ngmatta med Sidoficka - Huvudst\u00f6d - Metallram upp till 150 kg - Bekv\u00e4m och H\u00e5llbar - TRUUSK - Hem, Tr\u00e4dg\u00e5rd &amp; Fritid\" \/>\n<meta property=\"og:description\" content=\"Att hitta den perfekta platsen f\u00f6r avkoppling kan ofta vara sv\u00e5rt. [BRAND NAME]-h\u00e4ngmattan med stativ erbjuder en mobil tillflyktsort med...\" \/>\n<meta property=\"og:url\" content=\"https:\/\/truusk.store\/sv\/produkt\/truusk-hangmatta-med-ram-237-x-90-cm-stabhangmatta-med-sidoficka-huvudstod-metallram-upp-till-150-kg-bekvam-och-hallbar\/\" \/>\n<meta property=\"og:site_name\" content=\"TRUUSK - Hem, Tr\u00e4dg\u00e5rd &amp; Fritid\" \/>\n<meta property=\"article:modified_time\" content=\"2026-03-12T07:52:28+00:00\" \/>\n<meta property=\"og:image\" content=\"https:\/\/i0.wp.com\/truusk.se\/wp-content\/uploads\/2026\/02\/hangmatta-med-ram-237-x-90-cm-stabhangmatta-med-sidoficka-huvudstod-metallram-upp-till-150-kg-1.webp?fit=2000%2C2000&ssl=1\" \/>\n\t<meta property=\"og:image:width\" content=\"2000\" \/>\n\t<meta property=\"og:image:height\" content=\"2000\" \/>\n\t<meta property=\"og:image:type\" content=\"image\/webp\" \/>\n<meta name=\"twitter:card\" content=\"summary_large_image\" \/>\n<meta name=\"twitter:label1\" content=\"Ber\u00e4knad l\u00e4stid\" \/>\n\t<meta name=\"twitter:data1\" content=\"1 minut\" \/>\n<!-- \/ Yoast SEO plugin. -->","yoast_head_json":{"title":"TRUUSK H\u00e4ngmatta med Ram 237 x 90 cm - Stabh\u00e4ngmatta med Sidoficka - Huvudst\u00f6d - Metallram upp till 150 kg - Bekv\u00e4m och H\u00e5llbar - TRUUSK - Hem, Tr\u00e4dg\u00e5rd &amp; Fritid","robots":{"index":"index","follow":"follow","max-snippet":"max-snippet:-1","max-image-preview":"max-image-preview:large","max-video-preview":"max-video-preview:-1"},"canonical":"https:\/\/truusk.store\/sv\/produkt\/truusk-hangmatta-med-ram-237-x-90-cm-stabhangmatta-med-sidoficka-huvudstod-metallram-upp-till-150-kg-bekvam-och-hallbar\/","og_locale":"sv_SE","og_type":"article","og_title":"TRUUSK H\u00e4ngmatta med Ram 237 x 90 cm - Stabh\u00e4ngmatta med Sidoficka - Huvudst\u00f6d - Metallram upp till 150 kg - Bekv\u00e4m och H\u00e5llbar - TRUUSK - Hem, Tr\u00e4dg\u00e5rd &amp; Fritid","og_description":"Att hitta den perfekta platsen f\u00f6r avkoppling kan ofta vara sv\u00e5rt. [BRAND NAME]-h\u00e4ngmattan med stativ erbjuder en mobil tillflyktsort med...","og_url":"https:\/\/truusk.store\/sv\/produkt\/truusk-hangmatta-med-ram-237-x-90-cm-stabhangmatta-med-sidoficka-huvudstod-metallram-upp-till-150-kg-bekvam-och-hallbar\/","og_site_name":"TRUUSK - Hem, Tr\u00e4dg\u00e5rd &amp; Fritid","article_modified_time":"2026-03-12T07:52:28+00:00","og_image":[{"width":2000,"height":2000,"url":"https:\/\/i0.wp.com\/truusk.se\/wp-content\/uploads\/2026\/02\/hangmatta-med-ram-237-x-90-cm-stabhangmatta-med-sidoficka-huvudstod-metallram-upp-till-150-kg-1.webp?fit=2000%2C2000&ssl=1","type":"image\/webp"}],"twitter_card":"summary_large_image","twitter_misc":{"Ber\u00e4knad l\u00e4stid":"1 minut"},"schema":{"@context":"https:\/\/schema.org","@graph":[{"@type":"WebPage","@id":"https:\/\/truusk.store\/sv\/produkt\/truusk-hangmatta-med-ram-237-x-90-cm-stabhangmatta-med-sidoficka-huvudstod-metallram-upp-till-150-kg-bekvam-och-hallbar\/","url":"https:\/\/truusk.store\/sv\/produkt\/truusk-hangmatta-med-ram-237-x-90-cm-stabhangmatta-med-sidoficka-huvudstod-metallram-upp-till-150-kg-bekvam-och-hallbar\/","name":"TRUUSK H\u00e4ngmatta med Ram 237 x 90 cm - Stabh\u00e4ngmatta med Sidoficka - Huvudst\u00f6d - Metallram upp till 150 kg - Bekv\u00e4m och H\u00e5llbar - TRUUSK - Hem, Tr\u00e4dg\u00e5rd &amp; Fritid","isPartOf":{"@id":"https:\/\/truusk.store\/sv\/#website"},"primaryImageOfPage":{"@id":"https:\/\/truusk.store\/sv\/produkt\/truusk-hangmatta-med-ram-237-x-90-cm-stabhangmatta-med-sidoficka-huvudstod-metallram-upp-till-150-kg-bekvam-och-hallbar\/#primaryimage"},"image":{"@id":"https:\/\/truusk.store\/sv\/produkt\/truusk-hangmatta-med-ram-237-x-90-cm-stabhangmatta-med-sidoficka-huvudstod-metallram-upp-till-150-kg-bekvam-och-hallbar\/#primaryimage"},"thumbnailUrl":"https:\/\/i0.wp.com\/truusk.store\/wp-content\/uploads\/2026\/02\/hangmatta-med-ram-237-x-90-cm-stabhangmatta-med-sidoficka-huvudstod-metallram-upp-till-150-kg-1.webp?fit=2000%2C2000&ssl=1","datePublished":"2026-02-24T05:30:18+00:00","dateModified":"2026-03-12T07:52:28+00:00","breadcrumb":{"@id":"https:\/\/truusk.store\/sv\/produkt\/truusk-hangmatta-med-ram-237-x-90-cm-stabhangmatta-med-sidoficka-huvudstod-metallram-upp-till-150-kg-bekvam-och-hallbar\/#breadcrumb"},"inLanguage":"sv-SE","potentialAction":[{"@type":"ReadAction","target":["https:\/\/truusk.store\/sv\/produkt\/truusk-hangmatta-med-ram-237-x-90-cm-stabhangmatta-med-sidoficka-huvudstod-metallram-upp-till-150-kg-bekvam-och-hallbar\/"]}]},{"@type":"ImageObject","inLanguage":"sv-SE","@id":"https:\/\/truusk.store\/sv\/produkt\/truusk-hangmatta-med-ram-237-x-90-cm-stabhangmatta-med-sidoficka-huvudstod-metallram-upp-till-150-kg-bekvam-och-hallbar\/#primaryimage","url":"https:\/\/i0.wp.com\/truusk.store\/wp-content\/uploads\/2026\/02\/hangmatta-med-ram-237-x-90-cm-stabhangmatta-med-sidoficka-huvudstod-metallram-upp-till-150-kg-1.webp?fit=2000%2C2000&ssl=1","contentUrl":"https:\/\/i0.wp.com\/truusk.store\/wp-content\/uploads\/2026\/02\/hangmatta-med-ram-237-x-90-cm-stabhangmatta-med-sidoficka-huvudstod-metallram-upp-till-150-kg-1.webp?fit=2000%2C2000&ssl=1","width":2000,"height":2000},{"@type":"BreadcrumbList","@id":"https:\/\/truusk.store\/sv\/produkt\/truusk-hangmatta-med-ram-237-x-90-cm-stabhangmatta-med-sidoficka-huvudstod-metallram-upp-till-150-kg-bekvam-och-hallbar\/#breadcrumb","itemListElement":[{"@type":"ListItem","position":1,"name":"Home","item":"https:\/\/truusk.store\/sv\/"},{"@type":"ListItem","position":2,"name":"Shop","item":"https:\/\/truusk.store\/shop\/"},{"@type":"ListItem","position":3,"name":"TRUUSK H\u00e4ngmatta med Ram 237 x 90 cm &#8211; Stabh\u00e4ngmatta med Sidoficka &#8211; Huvudst\u00f6d &#8211; Metallram upp till 150 kg &#8211; Bekv\u00e4m och H\u00e5llbar"}]},{"@type":"WebSite","@id":"https:\/\/truusk.store\/sv\/#website","url":"https:\/\/truusk.store\/sv\/","name":"TRUUSK - Hem, Tr\u00e4dg\u00e5rd & Fritid","description":"","publisher":{"@id":"https:\/\/truusk.store\/sv\/#organization"},"potentialAction":[{"@type":"SearchAction","target":{"@type":"EntryPoint","urlTemplate":"https:\/\/truusk.store\/sv\/?s={search_term_string}"},"query-input":{"@type":"PropertyValueSpecification","valueRequired":true,"valueName":"search_term_string"}}],"inLanguage":"sv-SE"},{"@type":"Organization","@id":"https:\/\/truusk.store\/sv\/#organization","name":"TRUUSK - Hem, Tr\u00e4dg\u00e5rd & Fritid","url":"https:\/\/truusk.store\/sv\/","logo":{"@type":"ImageObject","inLanguage":"sv-SE","@id":"https:\/\/truusk.store\/sv\/#\/schema\/logo\/image\/","url":"https:\/\/i0.wp.com\/truusk.store\/wp-content\/uploads\/2026\/03\/cropped-TRUUSK.png?fit=2032%2C917&ssl=1","contentUrl":"https:\/\/i0.wp.com\/truusk.store\/wp-content\/uploads\/2026\/03\/cropped-TRUUSK.png?fit=2032%2C917&ssl=1","width":2032,"height":917,"caption":"TRUUSK - Hem, Tr\u00e4dg\u00e5rd & Fritid"},"image":{"@id":"https:\/\/truusk.store\/sv\/#\/schema\/logo\/image\/"}}]}},"jetpack_sharing_enabled":true,"_links":{"self":[{"href":"https:\/\/truusk.store\/sv\/wp-json\/wp\/v2\/product\/105744","targetHints":{"allow":["GET"]}}],"collection":[{"href":"https:\/\/truusk.store\/sv\/wp-json\/wp\/v2\/product"}],"about":[{"href":"https:\/\/truusk.store\/sv\/wp-json\/wp\/v2\/types\/product"}],"wp:featuredmedia":[{"embeddable":true,"href":"https:\/\/truusk.store\/sv\/wp-json\/wp\/v2\/media\/105730"}],"wp:attachment":[{"href":"https:\/\/truusk.store\/sv\/wp-json\/wp\/v2\/media?parent=105744"}],"wp:term":[{"taxonomy":"product_brand","embeddable":true,"href":"https:\/\/truusk.store\/sv\/wp-json\/wp\/v2\/product_brand?post=105744"},{"taxonomy":"product_cat","embeddable":true,"href":"https:\/\/truusk.store\/sv\/wp-json\/wp\/v2\/product_cat?post=105744"},{"taxonomy":"product_tag","embeddable":true,"href":"https:\/\/truusk.store\/sv\/wp-json\/wp\/v2\/product_tag?post=105744"}],"curies":[{"name":"wp","href":"https:\/\/api.w.org\/{rel}","templated":true}]}}