{"id":105766,"date":"2026-02-24T06:32:15","date_gmt":"2026-02-24T05:32:15","guid":{"rendered":"https:\/\/truusk.store\/product\/stativ-for-hangstol-i-c-form-hojdjusterbar-metallstativ-med-upphangningskedja-upp-till-150kg-svart\/"},"modified":"2026-03-12T08:52:31","modified_gmt":"2026-03-12T07:52:31","slug":"truusk-stativ-for-hangstol-i-c-form-hojdjusterbar-metallstativ-upphangningskedja-upp-till-150kg-svart","status":"publish","type":"product","link":"https:\/\/truusk.store\/sv\/produkt\/truusk-stativ-for-hangstol-i-c-form-hojdjusterbar-metallstativ-upphangningskedja-upp-till-150kg-svart\/","title":{"rendered":"TRUUSK Stativ f\u00f6r H\u00e4ngstol i C-form &#8211; H\u00f6jdjusterbar Metallstativ &#8211; Upph\u00e4ngningskedja &#8211; Upp till 150kg &#8211; Svart"},"content":{"rendered":"<p>F\u00f6rvandla din avkoppling med [BRAND NAME] h\u00e4ngstolsstativ! Det robusta st\u00e5lstativet b\u00e4r upp till 150 kg, h\u00f6jden kan justeras med 13 cm. Den eleganta C-designen och X-basen erbjuder stabilitet. Perfekt f\u00f6r terrasser, balkonger eller inomhus &#8211; kompatibel med \u00e4ggstolar, gungstolar och mer!<\/p>\n<p>Beskrivning:<\/p>\n<ul>\n<li> Tungt st\u00e5lram ger stabil st\u00f6d f\u00f6r upp till 150 kg<\/li>\n<li> Svart sandstrukturerad bel\u00e4ggning \u00f6kar h\u00e5llbarheten och skyddar mot rost<\/li>\n<li> H\u00f6jdjustering anpassar komforten till olika stolstyper<\/li>\n<li> C-formad design ger en balanserad vikt f\u00f6rdelning f\u00f6r s\u00e4ker gungning<\/li>\n<li> Bred X-formad bas \u00f6kar stabiliteten p\u00e5 olika golvbel\u00e4ggningar<\/li>\n<li> Snabbmonteringskedja och -krok f\u00f6r h\u00e4ngstolsstativet g\u00f6r monteringen enkel<\/li>\n<li> L\u00e4tt ram g\u00f6r det enkelt att flytta mellan inomhus och utomhus<\/li>\n<li> Passar perfekt till h\u00e4ngande \u00e4ggstolar, solstolar och gungstolar.<\/li>\n<\/ul>\n<p> Tekniska data:<\/p>\n<ul>\n<li> F\u00e4rg: Svart<\/li>\n<li> Material: Metall<\/li>\n<li> Totala dimensioner: 128L x 105B x 205H cm<\/li>\n<li> B\u00e4rkapacitet: 150 kg<\/li>\n<li> Obs: Endast h\u00e4ngstolsstativ<\/li>\n<\/ul>\n<p>Leverans inneh\u00e5ller:<\/p>\n<ul>\n<li> 1 x H\u00e4ngstolsstativ<\/li>\n<li> 1 x Krok<\/li>\n<li> 1 x Kedja<\/li>\n<li> 1 x Handbok<\/li>\n<\/ul>\n","protected":false},"excerpt":{"rendered":"<p>F\u00f6rvandla din avkoppling med [BRAND NAME] h\u00e4ngstolsstativ! Det robusta st\u00e5lstativet b\u00e4r upp till 150 kg, h\u00f6jden kan justeras med 13&#8230;<\/p>\n","protected":false},"featured_media":105753,"template":"","meta":[],"product_brand":[],"product_cat":[460,858,450],"product_tag":[],"class_list":{"0":"post-105766","1":"product","2":"type-product","3":"status-publish","4":"has-post-thumbnail","6":"product_cat-hangmattor-hangstolar","7":"product_cat-tradgard-terrass","8":"product_cat-tradgardsmobler","10":"first","11":"instock","12":"sale","13":"taxable","14":"shipping-taxable","15":"purchasable","16":"product-type-simple"},"yoast_head":"<!-- This site is optimized with the Yoast SEO plugin v25.4 - https:\/\/yoast.com\/wordpress\/plugins\/seo\/ -->\n<title>TRUUSK Stativ f\u00f6r H\u00e4ngstol i C-form - H\u00f6jdjusterbar Metallstativ - Upph\u00e4ngningskedja - Upp till 150kg - Svart - TRUUSK - Hem, Tr\u00e4dg\u00e5rd &amp; Fritid<\/title>\n<meta name=\"robots\" content=\"index, follow, max-snippet:-1, max-image-preview:large, max-video-preview:-1\" \/>\n<link rel=\"canonical\" href=\"https:\/\/truusk.store\/sv\/produkt\/truusk-stativ-for-hangstol-i-c-form-hojdjusterbar-metallstativ-upphangningskedja-upp-till-150kg-svart\/\" \/>\n<meta property=\"og:locale\" content=\"sv_SE\" \/>\n<meta property=\"og:type\" content=\"article\" \/>\n<meta property=\"og:title\" content=\"TRUUSK Stativ f\u00f6r H\u00e4ngstol i C-form - H\u00f6jdjusterbar Metallstativ - Upph\u00e4ngningskedja - Upp till 150kg - Svart - TRUUSK - Hem, Tr\u00e4dg\u00e5rd &amp; Fritid\" \/>\n<meta property=\"og:description\" content=\"F\u00f6rvandla din avkoppling med [BRAND NAME] h\u00e4ngstolsstativ! Det robusta st\u00e5lstativet b\u00e4r upp till 150 kg, h\u00f6jden kan justeras med 13...\" \/>\n<meta property=\"og:url\" content=\"https:\/\/truusk.store\/sv\/produkt\/truusk-stativ-for-hangstol-i-c-form-hojdjusterbar-metallstativ-upphangningskedja-upp-till-150kg-svart\/\" \/>\n<meta property=\"og:site_name\" content=\"TRUUSK - Hem, Tr\u00e4dg\u00e5rd &amp; Fritid\" \/>\n<meta property=\"article:modified_time\" content=\"2026-03-12T07:52:31+00:00\" \/>\n<meta property=\"og:image\" content=\"https:\/\/i0.wp.com\/truusk.se\/wp-content\/uploads\/2026\/02\/stativ-for-hangstol-i-c-form-hojdjusterbar-metallstativ-med-upphangningskedja-upp-till-150kg-svart-1.webp?fit=2000%2C2000&ssl=1\" \/>\n\t<meta property=\"og:image:width\" content=\"2000\" \/>\n\t<meta property=\"og:image:height\" content=\"2000\" \/>\n\t<meta property=\"og:image:type\" content=\"image\/webp\" \/>\n<meta name=\"twitter:card\" content=\"summary_large_image\" \/>\n<meta name=\"twitter:label1\" content=\"Ber\u00e4knad l\u00e4stid\" \/>\n\t<meta name=\"twitter:data1\" content=\"1 minut\" \/>\n<!-- \/ Yoast SEO plugin. -->","yoast_head_json":{"title":"TRUUSK Stativ f\u00f6r H\u00e4ngstol i C-form - H\u00f6jdjusterbar Metallstativ - Upph\u00e4ngningskedja - Upp till 150kg - Svart - TRUUSK - Hem, Tr\u00e4dg\u00e5rd &amp; Fritid","robots":{"index":"index","follow":"follow","max-snippet":"max-snippet:-1","max-image-preview":"max-image-preview:large","max-video-preview":"max-video-preview:-1"},"canonical":"https:\/\/truusk.store\/sv\/produkt\/truusk-stativ-for-hangstol-i-c-form-hojdjusterbar-metallstativ-upphangningskedja-upp-till-150kg-svart\/","og_locale":"sv_SE","og_type":"article","og_title":"TRUUSK Stativ f\u00f6r H\u00e4ngstol i C-form - H\u00f6jdjusterbar Metallstativ - Upph\u00e4ngningskedja - Upp till 150kg - Svart - TRUUSK - Hem, Tr\u00e4dg\u00e5rd &amp; Fritid","og_description":"F\u00f6rvandla din avkoppling med [BRAND NAME] h\u00e4ngstolsstativ! Det robusta st\u00e5lstativet b\u00e4r upp till 150 kg, h\u00f6jden kan justeras med 13...","og_url":"https:\/\/truusk.store\/sv\/produkt\/truusk-stativ-for-hangstol-i-c-form-hojdjusterbar-metallstativ-upphangningskedja-upp-till-150kg-svart\/","og_site_name":"TRUUSK - Hem, Tr\u00e4dg\u00e5rd &amp; Fritid","article_modified_time":"2026-03-12T07:52:31+00:00","og_image":[{"width":2000,"height":2000,"url":"https:\/\/i0.wp.com\/truusk.se\/wp-content\/uploads\/2026\/02\/stativ-for-hangstol-i-c-form-hojdjusterbar-metallstativ-med-upphangningskedja-upp-till-150kg-svart-1.webp?fit=2000%2C2000&ssl=1","type":"image\/webp"}],"twitter_card":"summary_large_image","twitter_misc":{"Ber\u00e4knad l\u00e4stid":"1 minut"},"schema":{"@context":"https:\/\/schema.org","@graph":[{"@type":"WebPage","@id":"https:\/\/truusk.store\/sv\/produkt\/truusk-stativ-for-hangstol-i-c-form-hojdjusterbar-metallstativ-upphangningskedja-upp-till-150kg-svart\/","url":"https:\/\/truusk.store\/sv\/produkt\/truusk-stativ-for-hangstol-i-c-form-hojdjusterbar-metallstativ-upphangningskedja-upp-till-150kg-svart\/","name":"TRUUSK Stativ f\u00f6r H\u00e4ngstol i C-form - H\u00f6jdjusterbar Metallstativ - Upph\u00e4ngningskedja - Upp till 150kg - Svart - TRUUSK - Hem, Tr\u00e4dg\u00e5rd &amp; Fritid","isPartOf":{"@id":"https:\/\/truusk.store\/sv\/#website"},"primaryImageOfPage":{"@id":"https:\/\/truusk.store\/sv\/produkt\/truusk-stativ-for-hangstol-i-c-form-hojdjusterbar-metallstativ-upphangningskedja-upp-till-150kg-svart\/#primaryimage"},"image":{"@id":"https:\/\/truusk.store\/sv\/produkt\/truusk-stativ-for-hangstol-i-c-form-hojdjusterbar-metallstativ-upphangningskedja-upp-till-150kg-svart\/#primaryimage"},"thumbnailUrl":"https:\/\/i0.wp.com\/truusk.store\/wp-content\/uploads\/2026\/02\/stativ-for-hangstol-i-c-form-hojdjusterbar-metallstativ-med-upphangningskedja-upp-till-150kg-svart-1.webp?fit=2000%2C2000&ssl=1","datePublished":"2026-02-24T05:32:15+00:00","dateModified":"2026-03-12T07:52:31+00:00","breadcrumb":{"@id":"https:\/\/truusk.store\/sv\/produkt\/truusk-stativ-for-hangstol-i-c-form-hojdjusterbar-metallstativ-upphangningskedja-upp-till-150kg-svart\/#breadcrumb"},"inLanguage":"sv-SE","potentialAction":[{"@type":"ReadAction","target":["https:\/\/truusk.store\/sv\/produkt\/truusk-stativ-for-hangstol-i-c-form-hojdjusterbar-metallstativ-upphangningskedja-upp-till-150kg-svart\/"]}]},{"@type":"ImageObject","inLanguage":"sv-SE","@id":"https:\/\/truusk.store\/sv\/produkt\/truusk-stativ-for-hangstol-i-c-form-hojdjusterbar-metallstativ-upphangningskedja-upp-till-150kg-svart\/#primaryimage","url":"https:\/\/i0.wp.com\/truusk.store\/wp-content\/uploads\/2026\/02\/stativ-for-hangstol-i-c-form-hojdjusterbar-metallstativ-med-upphangningskedja-upp-till-150kg-svart-1.webp?fit=2000%2C2000&ssl=1","contentUrl":"https:\/\/i0.wp.com\/truusk.store\/wp-content\/uploads\/2026\/02\/stativ-for-hangstol-i-c-form-hojdjusterbar-metallstativ-med-upphangningskedja-upp-till-150kg-svart-1.webp?fit=2000%2C2000&ssl=1","width":2000,"height":2000},{"@type":"BreadcrumbList","@id":"https:\/\/truusk.store\/sv\/produkt\/truusk-stativ-for-hangstol-i-c-form-hojdjusterbar-metallstativ-upphangningskedja-upp-till-150kg-svart\/#breadcrumb","itemListElement":[{"@type":"ListItem","position":1,"name":"Home","item":"https:\/\/truusk.store\/sv\/"},{"@type":"ListItem","position":2,"name":"Shop","item":"https:\/\/truusk.store\/shop\/"},{"@type":"ListItem","position":3,"name":"TRUUSK Stativ f\u00f6r H\u00e4ngstol i C-form &#8211; H\u00f6jdjusterbar Metallstativ &#8211; Upph\u00e4ngningskedja &#8211; Upp till 150kg &#8211; Svart"}]},{"@type":"WebSite","@id":"https:\/\/truusk.store\/sv\/#website","url":"https:\/\/truusk.store\/sv\/","name":"TRUUSK - Hem, Tr\u00e4dg\u00e5rd & Fritid","description":"","publisher":{"@id":"https:\/\/truusk.store\/sv\/#organization"},"potentialAction":[{"@type":"SearchAction","target":{"@type":"EntryPoint","urlTemplate":"https:\/\/truusk.store\/sv\/?s={search_term_string}"},"query-input":{"@type":"PropertyValueSpecification","valueRequired":true,"valueName":"search_term_string"}}],"inLanguage":"sv-SE"},{"@type":"Organization","@id":"https:\/\/truusk.store\/sv\/#organization","name":"TRUUSK - Hem, Tr\u00e4dg\u00e5rd & Fritid","url":"https:\/\/truusk.store\/sv\/","logo":{"@type":"ImageObject","inLanguage":"sv-SE","@id":"https:\/\/truusk.store\/sv\/#\/schema\/logo\/image\/","url":"https:\/\/i0.wp.com\/truusk.store\/wp-content\/uploads\/2026\/03\/cropped-TRUUSK.png?fit=2032%2C917&ssl=1","contentUrl":"https:\/\/i0.wp.com\/truusk.store\/wp-content\/uploads\/2026\/03\/cropped-TRUUSK.png?fit=2032%2C917&ssl=1","width":2032,"height":917,"caption":"TRUUSK - Hem, Tr\u00e4dg\u00e5rd & Fritid"},"image":{"@id":"https:\/\/truusk.store\/sv\/#\/schema\/logo\/image\/"}}]}},"jetpack_sharing_enabled":true,"_links":{"self":[{"href":"https:\/\/truusk.store\/sv\/wp-json\/wp\/v2\/product\/105766","targetHints":{"allow":["GET"]}}],"collection":[{"href":"https:\/\/truusk.store\/sv\/wp-json\/wp\/v2\/product"}],"about":[{"href":"https:\/\/truusk.store\/sv\/wp-json\/wp\/v2\/types\/product"}],"wp:featuredmedia":[{"embeddable":true,"href":"https:\/\/truusk.store\/sv\/wp-json\/wp\/v2\/media\/105753"}],"wp:attachment":[{"href":"https:\/\/truusk.store\/sv\/wp-json\/wp\/v2\/media?parent=105766"}],"wp:term":[{"taxonomy":"product_brand","embeddable":true,"href":"https:\/\/truusk.store\/sv\/wp-json\/wp\/v2\/product_brand?post=105766"},{"taxonomy":"product_cat","embeddable":true,"href":"https:\/\/truusk.store\/sv\/wp-json\/wp\/v2\/product_cat?post=105766"},{"taxonomy":"product_tag","embeddable":true,"href":"https:\/\/truusk.store\/sv\/wp-json\/wp\/v2\/product_tag?post=105766"}],"curies":[{"name":"wp","href":"https:\/\/api.w.org\/{rel}","templated":true}]}}