{"id":105795,"date":"2026-02-24T06:35:01","date_gmt":"2026-02-24T05:35:01","guid":{"rendered":"https:\/\/truusk.store\/product\/kraftstation-fitnessstation-med-latdrag-butterfly-bar-65kg-vikter-rep-upp-till-120kg\/"},"modified":"2026-03-12T08:52:33","modified_gmt":"2026-03-12T07:52:33","slug":"truusk-kraftstation-fitnessstation-latdrag-butterfly-bar-65kg-vikter-rep-upp-till-120kg","status":"publish","type":"product","link":"https:\/\/truusk.store\/sv\/produkt\/truusk-kraftstation-fitnessstation-latdrag-butterfly-bar-65kg-vikter-rep-upp-till-120kg\/","title":{"rendered":"TRUUSK Kraftstation Fitnessstation &#8211; Latdrag, Butterfly Bar &#8211; 65kg Vikter &#8211; Rep Upp Till 120kg"},"content":{"rendered":"<p>F\u00f6rvandla ditt tr\u00e4ningsprogram med [BRAND NAME] Allt-i-ett Hemmagym! Tr\u00e4na br\u00f6st, rygg, armar, ben och b\u00e5l bekv\u00e4mt hemma. Utf\u00f6r helkroppstr\u00e4ningar, fr\u00e5n br\u00f6stpressar till benstr\u00e4ckningar. Den inbyggda benpressstationen i kraftstationen fokuserar p\u00e5 underkroppen, medan justerbara s\u00e4ten erbjuder individuell anpassning. Effektivt och m\u00e5ngsidigt &#8211; allt f\u00f6r en omfattande tr\u00e4ning!<\/p>\n<p>Beskrivning:<\/p>\n<ul>\n<li> Allt-i-ett hemkraftstation m\u00f6jligg\u00f6r kompletta helkroppstr\u00e4ningspass<\/li>\n<li> Inbyggd benpressstation tr\u00e4nar quadriceps, baksida l\u00e5r och gluteusmuskler<\/li>\n<li> Justerbart s\u00e4te och vaddering p\u00e5 hemmagymmet ger komfort f\u00f6r alla anv\u00e4ndare<\/li>\n<li> Robust st\u00e5lram ger stabilitet och h\u00e5llbarhet \u00f6ver tiden<\/li>\n<li> 65-kg viktstack ger en mjuk och s\u00e4ker motst\u00e5ndstr\u00e4ning<\/li>\n<li> Skyddsgaller garanterar s\u00e4kerhet vid intensiva tr\u00e4ningsrutiner<\/li>\n<li> Kompakt design passar s\u00f6ml\u00f6st in i hemtr\u00e4ningsomr\u00e5den<\/li>\n<li> L\u00e4mplig f\u00f6r b\u00e5de nyb\u00f6rjare och avancerade fitnessentusiaster.<\/li>\n<\/ul>\n<p> Tekniska specifikationer:<\/p>\n<ul>\n<li> F\u00e4rg: Svart<\/li>\n<li> Material: St\u00e5l, konstl\u00e4der<\/li>\n<li> Totala dimensioner: 162B x 162D x 210H cm<\/li>\n<li> Lat dragst\u00e5ng storlek: \u00d82,5 x L38 cm<\/li>\n<li> Pull-up bar storlek: \u00d82,5 x L108 cm<\/li>\n<li> Viktb\u00e4nksits storlek: 30L x 30B x 4D cm<\/li>\n<li> Benpress b\u00e4nksits storlek: 30L x 30B x 4D cm<\/li>\n<li> Viktb\u00e4nk ryggst\u00f6d storlek: 56L x 24B x 4D cm<\/li>\n<li> Benpress b\u00e4nk ryggst\u00f6d: 30L x 30B x 4D cm<\/li>\n<li> Armb\u00e5gspads storlek: 25L x 47B x 80-95H cm<\/li>\n<li> B\u00e4rkapacitet: 120 kg<\/li>\n<\/ul>\n<p>Leveransinneh\u00e5ll:<\/p>\n<ul>\n<li> 1 x Multi-Gym Tr\u00e4ningsstation<\/li>\n<li> 1 x Bruksanvisning<\/li>\n<li>VIKTIGT:Vi levererar artikeln kostnadsfritt till trottoarkanten.V\u00e4nligen se till att adressen och telefonnumret \u00e4r korrekt..<\/li>\n<\/ul>\n","protected":false},"excerpt":{"rendered":"<p>F\u00f6rvandla ditt tr\u00e4ningsprogram med [BRAND NAME] Allt-i-ett Hemmagym! Tr\u00e4na br\u00f6st, rygg, armar, ben och b\u00e5l bekv\u00e4mt hemma. Utf\u00f6r helkroppstr\u00e4ningar, fr\u00e5n&#8230;<\/p>\n","protected":false},"featured_media":105781,"template":"","meta":[],"product_brand":[],"product_cat":[873,647,665],"product_tag":[],"class_list":{"0":"post-105795","1":"product","2":"type-product","3":"status-publish","4":"has-post-thumbnail","6":"product_cat-fitness-styrketraning","7":"product_cat-sport-fritid","8":"product_cat-styrketraning","10":"first","11":"instock","12":"sale","13":"taxable","14":"shipping-taxable","15":"purchasable","16":"product-type-simple"},"yoast_head":"<!-- This site is optimized with the Yoast SEO plugin v25.4 - https:\/\/yoast.com\/wordpress\/plugins\/seo\/ -->\n<title>TRUUSK Kraftstation Fitnessstation - Latdrag, Butterfly Bar - 65kg Vikter - Rep Upp Till 120kg - TRUUSK - Hem, Tr\u00e4dg\u00e5rd &amp; Fritid<\/title>\n<meta name=\"robots\" content=\"index, follow, max-snippet:-1, max-image-preview:large, max-video-preview:-1\" \/>\n<link rel=\"canonical\" href=\"https:\/\/truusk.store\/sv\/produkt\/truusk-kraftstation-fitnessstation-latdrag-butterfly-bar-65kg-vikter-rep-upp-till-120kg\/\" \/>\n<meta property=\"og:locale\" content=\"sv_SE\" \/>\n<meta property=\"og:type\" content=\"article\" \/>\n<meta property=\"og:title\" content=\"TRUUSK Kraftstation Fitnessstation - Latdrag, Butterfly Bar - 65kg Vikter - Rep Upp Till 120kg - TRUUSK - Hem, Tr\u00e4dg\u00e5rd &amp; Fritid\" \/>\n<meta property=\"og:description\" content=\"F\u00f6rvandla ditt tr\u00e4ningsprogram med [BRAND NAME] Allt-i-ett Hemmagym! Tr\u00e4na br\u00f6st, rygg, armar, ben och b\u00e5l bekv\u00e4mt hemma. Utf\u00f6r helkroppstr\u00e4ningar, fr\u00e5n...\" \/>\n<meta property=\"og:url\" content=\"https:\/\/truusk.store\/sv\/produkt\/truusk-kraftstation-fitnessstation-latdrag-butterfly-bar-65kg-vikter-rep-upp-till-120kg\/\" \/>\n<meta property=\"og:site_name\" content=\"TRUUSK - Hem, Tr\u00e4dg\u00e5rd &amp; Fritid\" \/>\n<meta property=\"article:modified_time\" content=\"2026-03-12T07:52:33+00:00\" \/>\n<meta property=\"og:image\" content=\"https:\/\/i0.wp.com\/truusk.se\/wp-content\/uploads\/2026\/02\/kraftstation-fitnessstation-med-latdrag-butterfly-bar-65kg-vikter-rep-upp-till-120kg-1.webp?fit=2000%2C2000&ssl=1\" \/>\n\t<meta property=\"og:image:width\" content=\"2000\" \/>\n\t<meta property=\"og:image:height\" content=\"2000\" \/>\n\t<meta property=\"og:image:type\" content=\"image\/webp\" \/>\n<meta name=\"twitter:card\" content=\"summary_large_image\" \/>\n<meta name=\"twitter:label1\" content=\"Ber\u00e4knad l\u00e4stid\" \/>\n\t<meta name=\"twitter:data1\" content=\"1 minut\" \/>\n<!-- \/ Yoast SEO plugin. -->","yoast_head_json":{"title":"TRUUSK Kraftstation Fitnessstation - Latdrag, Butterfly Bar - 65kg Vikter - Rep Upp Till 120kg - TRUUSK - Hem, Tr\u00e4dg\u00e5rd &amp; Fritid","robots":{"index":"index","follow":"follow","max-snippet":"max-snippet:-1","max-image-preview":"max-image-preview:large","max-video-preview":"max-video-preview:-1"},"canonical":"https:\/\/truusk.store\/sv\/produkt\/truusk-kraftstation-fitnessstation-latdrag-butterfly-bar-65kg-vikter-rep-upp-till-120kg\/","og_locale":"sv_SE","og_type":"article","og_title":"TRUUSK Kraftstation Fitnessstation - Latdrag, Butterfly Bar - 65kg Vikter - Rep Upp Till 120kg - TRUUSK - Hem, Tr\u00e4dg\u00e5rd &amp; Fritid","og_description":"F\u00f6rvandla ditt tr\u00e4ningsprogram med [BRAND NAME] Allt-i-ett Hemmagym! Tr\u00e4na br\u00f6st, rygg, armar, ben och b\u00e5l bekv\u00e4mt hemma. Utf\u00f6r helkroppstr\u00e4ningar, fr\u00e5n...","og_url":"https:\/\/truusk.store\/sv\/produkt\/truusk-kraftstation-fitnessstation-latdrag-butterfly-bar-65kg-vikter-rep-upp-till-120kg\/","og_site_name":"TRUUSK - Hem, Tr\u00e4dg\u00e5rd &amp; Fritid","article_modified_time":"2026-03-12T07:52:33+00:00","og_image":[{"width":2000,"height":2000,"url":"https:\/\/i0.wp.com\/truusk.se\/wp-content\/uploads\/2026\/02\/kraftstation-fitnessstation-med-latdrag-butterfly-bar-65kg-vikter-rep-upp-till-120kg-1.webp?fit=2000%2C2000&ssl=1","type":"image\/webp"}],"twitter_card":"summary_large_image","twitter_misc":{"Ber\u00e4knad l\u00e4stid":"1 minut"},"schema":{"@context":"https:\/\/schema.org","@graph":[{"@type":"WebPage","@id":"https:\/\/truusk.store\/sv\/produkt\/truusk-kraftstation-fitnessstation-latdrag-butterfly-bar-65kg-vikter-rep-upp-till-120kg\/","url":"https:\/\/truusk.store\/sv\/produkt\/truusk-kraftstation-fitnessstation-latdrag-butterfly-bar-65kg-vikter-rep-upp-till-120kg\/","name":"TRUUSK Kraftstation Fitnessstation - Latdrag, Butterfly Bar - 65kg Vikter - Rep Upp Till 120kg - TRUUSK - Hem, Tr\u00e4dg\u00e5rd &amp; Fritid","isPartOf":{"@id":"https:\/\/truusk.store\/sv\/#website"},"primaryImageOfPage":{"@id":"https:\/\/truusk.store\/sv\/produkt\/truusk-kraftstation-fitnessstation-latdrag-butterfly-bar-65kg-vikter-rep-upp-till-120kg\/#primaryimage"},"image":{"@id":"https:\/\/truusk.store\/sv\/produkt\/truusk-kraftstation-fitnessstation-latdrag-butterfly-bar-65kg-vikter-rep-upp-till-120kg\/#primaryimage"},"thumbnailUrl":"https:\/\/i0.wp.com\/truusk.store\/wp-content\/uploads\/2026\/02\/kraftstation-fitnessstation-med-latdrag-butterfly-bar-65kg-vikter-rep-upp-till-120kg-1.webp?fit=2000%2C2000&ssl=1","datePublished":"2026-02-24T05:35:01+00:00","dateModified":"2026-03-12T07:52:33+00:00","breadcrumb":{"@id":"https:\/\/truusk.store\/sv\/produkt\/truusk-kraftstation-fitnessstation-latdrag-butterfly-bar-65kg-vikter-rep-upp-till-120kg\/#breadcrumb"},"inLanguage":"sv-SE","potentialAction":[{"@type":"ReadAction","target":["https:\/\/truusk.store\/sv\/produkt\/truusk-kraftstation-fitnessstation-latdrag-butterfly-bar-65kg-vikter-rep-upp-till-120kg\/"]}]},{"@type":"ImageObject","inLanguage":"sv-SE","@id":"https:\/\/truusk.store\/sv\/produkt\/truusk-kraftstation-fitnessstation-latdrag-butterfly-bar-65kg-vikter-rep-upp-till-120kg\/#primaryimage","url":"https:\/\/i0.wp.com\/truusk.store\/wp-content\/uploads\/2026\/02\/kraftstation-fitnessstation-med-latdrag-butterfly-bar-65kg-vikter-rep-upp-till-120kg-1.webp?fit=2000%2C2000&ssl=1","contentUrl":"https:\/\/i0.wp.com\/truusk.store\/wp-content\/uploads\/2026\/02\/kraftstation-fitnessstation-med-latdrag-butterfly-bar-65kg-vikter-rep-upp-till-120kg-1.webp?fit=2000%2C2000&ssl=1","width":2000,"height":2000},{"@type":"BreadcrumbList","@id":"https:\/\/truusk.store\/sv\/produkt\/truusk-kraftstation-fitnessstation-latdrag-butterfly-bar-65kg-vikter-rep-upp-till-120kg\/#breadcrumb","itemListElement":[{"@type":"ListItem","position":1,"name":"Home","item":"https:\/\/truusk.store\/sv\/"},{"@type":"ListItem","position":2,"name":"Shop","item":"https:\/\/truusk.store\/shop\/"},{"@type":"ListItem","position":3,"name":"TRUUSK Kraftstation Fitnessstation &#8211; Latdrag, Butterfly Bar &#8211; 65kg Vikter &#8211; Rep Upp Till 120kg"}]},{"@type":"WebSite","@id":"https:\/\/truusk.store\/sv\/#website","url":"https:\/\/truusk.store\/sv\/","name":"TRUUSK - Hem, Tr\u00e4dg\u00e5rd & Fritid","description":"","publisher":{"@id":"https:\/\/truusk.store\/sv\/#organization"},"potentialAction":[{"@type":"SearchAction","target":{"@type":"EntryPoint","urlTemplate":"https:\/\/truusk.store\/sv\/?s={search_term_string}"},"query-input":{"@type":"PropertyValueSpecification","valueRequired":true,"valueName":"search_term_string"}}],"inLanguage":"sv-SE"},{"@type":"Organization","@id":"https:\/\/truusk.store\/sv\/#organization","name":"TRUUSK - Hem, Tr\u00e4dg\u00e5rd & Fritid","url":"https:\/\/truusk.store\/sv\/","logo":{"@type":"ImageObject","inLanguage":"sv-SE","@id":"https:\/\/truusk.store\/sv\/#\/schema\/logo\/image\/","url":"https:\/\/i0.wp.com\/truusk.store\/wp-content\/uploads\/2026\/03\/cropped-TRUUSK.png?fit=2032%2C917&ssl=1","contentUrl":"https:\/\/i0.wp.com\/truusk.store\/wp-content\/uploads\/2026\/03\/cropped-TRUUSK.png?fit=2032%2C917&ssl=1","width":2032,"height":917,"caption":"TRUUSK - Hem, Tr\u00e4dg\u00e5rd & Fritid"},"image":{"@id":"https:\/\/truusk.store\/sv\/#\/schema\/logo\/image\/"}}]}},"jetpack_sharing_enabled":true,"_links":{"self":[{"href":"https:\/\/truusk.store\/sv\/wp-json\/wp\/v2\/product\/105795","targetHints":{"allow":["GET"]}}],"collection":[{"href":"https:\/\/truusk.store\/sv\/wp-json\/wp\/v2\/product"}],"about":[{"href":"https:\/\/truusk.store\/sv\/wp-json\/wp\/v2\/types\/product"}],"wp:featuredmedia":[{"embeddable":true,"href":"https:\/\/truusk.store\/sv\/wp-json\/wp\/v2\/media\/105781"}],"wp:attachment":[{"href":"https:\/\/truusk.store\/sv\/wp-json\/wp\/v2\/media?parent=105795"}],"wp:term":[{"taxonomy":"product_brand","embeddable":true,"href":"https:\/\/truusk.store\/sv\/wp-json\/wp\/v2\/product_brand?post=105795"},{"taxonomy":"product_cat","embeddable":true,"href":"https:\/\/truusk.store\/sv\/wp-json\/wp\/v2\/product_cat?post=105795"},{"taxonomy":"product_tag","embeddable":true,"href":"https:\/\/truusk.store\/sv\/wp-json\/wp\/v2\/product_tag?post=105795"}],"curies":[{"name":"wp","href":"https:\/\/api.w.org\/{rel}","templated":true}]}}