{"id":105802,"date":"2026-02-24T06:35:52","date_gmt":"2026-02-24T05:35:52","guid":{"rendered":"https:\/\/truusk.store\/product\/tradgardsmobelset-sittgrupp-150-x-80cm-bord-med-6-andningsbara-stolar-trautseende-stalram-svart\/"},"modified":"2026-03-12T08:52:33","modified_gmt":"2026-03-12T07:52:33","slug":"truusk-tradgardsmobelset-sittgrupp-150-x-80cm-bord-6-andningsbara-stolar-trautseende-stalram-svart","status":"publish","type":"product","link":"https:\/\/truusk.store\/sv\/produkt\/truusk-tradgardsmobelset-sittgrupp-150-x-80cm-bord-6-andningsbara-stolar-trautseende-stalram-svart\/","title":{"rendered":"TRUUSK Tr\u00e4dg\u00e5rdsm\u00f6belset &#8211; Sittgrupp 150 X 80cm Bord &#8211; 6 Andningsbara Stolar &#8211; Tr\u00e4utseende &#8211; St\u00e5lram &#8211; Svart"},"content":{"rendered":"<p>Dr\u00f6mmer du om livliga tr\u00e4dg\u00e5rdsfester, men tr\u00e5nga sittplatser h\u00e5ller dig tillbaka? [BRAND NAME] utomhus sittgrupp f\u00f6rvandlar ditt utomhusomr\u00e5de: sex andningsbara stolar erbjuder sval komfort och en l\u00e4tt att reng\u00f6ra bordsskiva i tr\u00e4utseende ser till att du kan skapa minnen utan att beh\u00f6va oroa dig f\u00f6r reng\u00f6ringen.<\/p>\n<p>Beskrivning:<\/p>\n<ul>\n<li> Sju-delad tr\u00e4dg\u00e5rdsset med ett rektangul\u00e4rt bord och sex stolar f\u00f6r m\u00e5ltider och sammankomster<\/li>\n<li> Matbord med konsttr\u00e4-effekt f\u00f6r ett naturligt utseende<\/li>\n<li> L\u00e4tt att reng\u00f6ra PSPC-plastbordsskiva, resistent mot sprickor och vatten<\/li>\n<li> Andningsbara n\u00e4tstolar f\u00f6r sval och bekv\u00e4m sittning \u00e4ven p\u00e5 heta dagar<\/li>\n<li> Bred sittplats, lutande ryggst\u00f6d och st\u00f6djande armst\u00f6d f\u00f6r komfort<\/li>\n<li> Tr\u00e4dg\u00e5rdsm\u00f6belset av galvaniserat st\u00e5l med pulverlackering f\u00f6r h\u00e5llbarhet<\/li>\n<li> Halkfria fotdynor skyddar golv fr\u00e5n repor<\/li>\n<li> Montering kr\u00e4vs<\/li>\n<\/ul>\n<p> Tekniska data:<\/p>\n<ul>\n<li> F\u00e4rg: Svart+Gr\u00e5<\/li>\n<li> Material: Galvaniserat st\u00e5l, PSPC, Mesh<\/li>\n<li> Stolm\u00e5tt: 56B x 63D x 83H cm<\/li>\n<li> Bordm\u00e5tt: 150L x 80B x 74H cm<\/li>\n<li> Sittstorlek: 50B x 46D cm<\/li>\n<li> Sitth\u00f6jd: 43 cm<\/li>\n<li> Ryggst\u00f6dsstorlek: 50B x 42H cm<\/li>\n<li> Armst\u00f6dsh\u00f6jd till sittplats: 20 cm<\/li>\n<li> Belastningskapacitet: 120 kg (stol), 50 kg (bord)<\/li>\n<\/ul>\n<p>Leveransinneh\u00e5ll:<\/p>\n<ul>\n<li> 1 x Bord<\/li>\n<li> 6 x Stol<\/li>\n<li> 1 x Instruktioner<\/li>\n<\/ul>\n","protected":false},"excerpt":{"rendered":"<p>Dr\u00f6mmer du om livliga tr\u00e4dg\u00e5rdsfester, men tr\u00e5nga sittplatser h\u00e5ller dig tillbaka? [BRAND NAME] utomhus sittgrupp f\u00f6rvandlar ditt utomhusomr\u00e5de: sex andningsbara&#8230;<\/p>\n","protected":false},"featured_media":105789,"template":"","meta":[],"product_brand":[],"product_cat":[858,450,456],"product_tag":[],"class_list":{"0":"post-105802","1":"product","2":"type-product","3":"status-publish","4":"has-post-thumbnail","6":"product_cat-tradgard-terrass","7":"product_cat-tradgardsmobler","8":"product_cat-tradgardsmobler-set","10":"first","11":"instock","12":"sale","13":"taxable","14":"shipping-taxable","15":"purchasable","16":"product-type-simple"},"yoast_head":"<!-- This site is optimized with the Yoast SEO plugin v25.4 - https:\/\/yoast.com\/wordpress\/plugins\/seo\/ -->\n<title>TRUUSK Tr\u00e4dg\u00e5rdsm\u00f6belset - Sittgrupp 150 X 80cm Bord - 6 Andningsbara Stolar - Tr\u00e4utseende - St\u00e5lram - Svart - TRUUSK - Hem, Tr\u00e4dg\u00e5rd &amp; Fritid<\/title>\n<meta name=\"robots\" content=\"index, follow, max-snippet:-1, max-image-preview:large, max-video-preview:-1\" \/>\n<link rel=\"canonical\" href=\"https:\/\/truusk.store\/sv\/produkt\/truusk-tradgardsmobelset-sittgrupp-150-x-80cm-bord-6-andningsbara-stolar-trautseende-stalram-svart\/\" \/>\n<meta property=\"og:locale\" content=\"sv_SE\" \/>\n<meta property=\"og:type\" content=\"article\" \/>\n<meta property=\"og:title\" content=\"TRUUSK Tr\u00e4dg\u00e5rdsm\u00f6belset - Sittgrupp 150 X 80cm Bord - 6 Andningsbara Stolar - Tr\u00e4utseende - St\u00e5lram - Svart - TRUUSK - Hem, Tr\u00e4dg\u00e5rd &amp; Fritid\" \/>\n<meta property=\"og:description\" content=\"Dr\u00f6mmer du om livliga tr\u00e4dg\u00e5rdsfester, men tr\u00e5nga sittplatser h\u00e5ller dig tillbaka? [BRAND NAME] utomhus sittgrupp f\u00f6rvandlar ditt utomhusomr\u00e5de: sex andningsbara...\" \/>\n<meta property=\"og:url\" content=\"https:\/\/truusk.store\/sv\/produkt\/truusk-tradgardsmobelset-sittgrupp-150-x-80cm-bord-6-andningsbara-stolar-trautseende-stalram-svart\/\" \/>\n<meta property=\"og:site_name\" content=\"TRUUSK - Hem, Tr\u00e4dg\u00e5rd &amp; Fritid\" \/>\n<meta property=\"article:modified_time\" content=\"2026-03-12T07:52:33+00:00\" \/>\n<meta property=\"og:image\" content=\"https:\/\/i0.wp.com\/truusk.se\/wp-content\/uploads\/2026\/02\/tradgardsmobelset-sittgrupp-150-x-80cm-bord-med-6-andningsbara-stolar-trautseende-stalram-svart-1.webp?fit=2000%2C2000&ssl=1\" \/>\n\t<meta property=\"og:image:width\" content=\"2000\" \/>\n\t<meta property=\"og:image:height\" content=\"2000\" \/>\n\t<meta property=\"og:image:type\" content=\"image\/webp\" \/>\n<meta name=\"twitter:card\" content=\"summary_large_image\" \/>\n<meta name=\"twitter:label1\" content=\"Ber\u00e4knad l\u00e4stid\" \/>\n\t<meta name=\"twitter:data1\" content=\"1 minut\" \/>\n<!-- \/ Yoast SEO plugin. -->","yoast_head_json":{"title":"TRUUSK Tr\u00e4dg\u00e5rdsm\u00f6belset - Sittgrupp 150 X 80cm Bord - 6 Andningsbara Stolar - Tr\u00e4utseende - St\u00e5lram - Svart - TRUUSK - Hem, Tr\u00e4dg\u00e5rd &amp; Fritid","robots":{"index":"index","follow":"follow","max-snippet":"max-snippet:-1","max-image-preview":"max-image-preview:large","max-video-preview":"max-video-preview:-1"},"canonical":"https:\/\/truusk.store\/sv\/produkt\/truusk-tradgardsmobelset-sittgrupp-150-x-80cm-bord-6-andningsbara-stolar-trautseende-stalram-svart\/","og_locale":"sv_SE","og_type":"article","og_title":"TRUUSK Tr\u00e4dg\u00e5rdsm\u00f6belset - Sittgrupp 150 X 80cm Bord - 6 Andningsbara Stolar - Tr\u00e4utseende - St\u00e5lram - Svart - TRUUSK - Hem, Tr\u00e4dg\u00e5rd &amp; Fritid","og_description":"Dr\u00f6mmer du om livliga tr\u00e4dg\u00e5rdsfester, men tr\u00e5nga sittplatser h\u00e5ller dig tillbaka? [BRAND NAME] utomhus sittgrupp f\u00f6rvandlar ditt utomhusomr\u00e5de: sex andningsbara...","og_url":"https:\/\/truusk.store\/sv\/produkt\/truusk-tradgardsmobelset-sittgrupp-150-x-80cm-bord-6-andningsbara-stolar-trautseende-stalram-svart\/","og_site_name":"TRUUSK - Hem, Tr\u00e4dg\u00e5rd &amp; Fritid","article_modified_time":"2026-03-12T07:52:33+00:00","og_image":[{"width":2000,"height":2000,"url":"https:\/\/i0.wp.com\/truusk.se\/wp-content\/uploads\/2026\/02\/tradgardsmobelset-sittgrupp-150-x-80cm-bord-med-6-andningsbara-stolar-trautseende-stalram-svart-1.webp?fit=2000%2C2000&ssl=1","type":"image\/webp"}],"twitter_card":"summary_large_image","twitter_misc":{"Ber\u00e4knad l\u00e4stid":"1 minut"},"schema":{"@context":"https:\/\/schema.org","@graph":[{"@type":"WebPage","@id":"https:\/\/truusk.store\/sv\/produkt\/truusk-tradgardsmobelset-sittgrupp-150-x-80cm-bord-6-andningsbara-stolar-trautseende-stalram-svart\/","url":"https:\/\/truusk.store\/sv\/produkt\/truusk-tradgardsmobelset-sittgrupp-150-x-80cm-bord-6-andningsbara-stolar-trautseende-stalram-svart\/","name":"TRUUSK Tr\u00e4dg\u00e5rdsm\u00f6belset - Sittgrupp 150 X 80cm Bord - 6 Andningsbara Stolar - Tr\u00e4utseende - St\u00e5lram - Svart - TRUUSK - Hem, Tr\u00e4dg\u00e5rd &amp; Fritid","isPartOf":{"@id":"https:\/\/truusk.store\/sv\/#website"},"primaryImageOfPage":{"@id":"https:\/\/truusk.store\/sv\/produkt\/truusk-tradgardsmobelset-sittgrupp-150-x-80cm-bord-6-andningsbara-stolar-trautseende-stalram-svart\/#primaryimage"},"image":{"@id":"https:\/\/truusk.store\/sv\/produkt\/truusk-tradgardsmobelset-sittgrupp-150-x-80cm-bord-6-andningsbara-stolar-trautseende-stalram-svart\/#primaryimage"},"thumbnailUrl":"https:\/\/i0.wp.com\/truusk.store\/wp-content\/uploads\/2026\/02\/tradgardsmobelset-sittgrupp-150-x-80cm-bord-med-6-andningsbara-stolar-trautseende-stalram-svart-1.webp?fit=2000%2C2000&ssl=1","datePublished":"2026-02-24T05:35:52+00:00","dateModified":"2026-03-12T07:52:33+00:00","breadcrumb":{"@id":"https:\/\/truusk.store\/sv\/produkt\/truusk-tradgardsmobelset-sittgrupp-150-x-80cm-bord-6-andningsbara-stolar-trautseende-stalram-svart\/#breadcrumb"},"inLanguage":"sv-SE","potentialAction":[{"@type":"ReadAction","target":["https:\/\/truusk.store\/sv\/produkt\/truusk-tradgardsmobelset-sittgrupp-150-x-80cm-bord-6-andningsbara-stolar-trautseende-stalram-svart\/"]}]},{"@type":"ImageObject","inLanguage":"sv-SE","@id":"https:\/\/truusk.store\/sv\/produkt\/truusk-tradgardsmobelset-sittgrupp-150-x-80cm-bord-6-andningsbara-stolar-trautseende-stalram-svart\/#primaryimage","url":"https:\/\/i0.wp.com\/truusk.store\/wp-content\/uploads\/2026\/02\/tradgardsmobelset-sittgrupp-150-x-80cm-bord-med-6-andningsbara-stolar-trautseende-stalram-svart-1.webp?fit=2000%2C2000&ssl=1","contentUrl":"https:\/\/i0.wp.com\/truusk.store\/wp-content\/uploads\/2026\/02\/tradgardsmobelset-sittgrupp-150-x-80cm-bord-med-6-andningsbara-stolar-trautseende-stalram-svart-1.webp?fit=2000%2C2000&ssl=1","width":2000,"height":2000},{"@type":"BreadcrumbList","@id":"https:\/\/truusk.store\/sv\/produkt\/truusk-tradgardsmobelset-sittgrupp-150-x-80cm-bord-6-andningsbara-stolar-trautseende-stalram-svart\/#breadcrumb","itemListElement":[{"@type":"ListItem","position":1,"name":"Home","item":"https:\/\/truusk.store\/sv\/"},{"@type":"ListItem","position":2,"name":"Shop","item":"https:\/\/truusk.store\/shop\/"},{"@type":"ListItem","position":3,"name":"TRUUSK Tr\u00e4dg\u00e5rdsm\u00f6belset &#8211; Sittgrupp 150 X 80cm Bord &#8211; 6 Andningsbara Stolar &#8211; Tr\u00e4utseende &#8211; St\u00e5lram &#8211; Svart"}]},{"@type":"WebSite","@id":"https:\/\/truusk.store\/sv\/#website","url":"https:\/\/truusk.store\/sv\/","name":"TRUUSK - Hem, Tr\u00e4dg\u00e5rd & Fritid","description":"","publisher":{"@id":"https:\/\/truusk.store\/sv\/#organization"},"potentialAction":[{"@type":"SearchAction","target":{"@type":"EntryPoint","urlTemplate":"https:\/\/truusk.store\/sv\/?s={search_term_string}"},"query-input":{"@type":"PropertyValueSpecification","valueRequired":true,"valueName":"search_term_string"}}],"inLanguage":"sv-SE"},{"@type":"Organization","@id":"https:\/\/truusk.store\/sv\/#organization","name":"TRUUSK - Hem, Tr\u00e4dg\u00e5rd & Fritid","url":"https:\/\/truusk.store\/sv\/","logo":{"@type":"ImageObject","inLanguage":"sv-SE","@id":"https:\/\/truusk.store\/sv\/#\/schema\/logo\/image\/","url":"https:\/\/i0.wp.com\/truusk.store\/wp-content\/uploads\/2026\/03\/cropped-TRUUSK.png?fit=2032%2C917&ssl=1","contentUrl":"https:\/\/i0.wp.com\/truusk.store\/wp-content\/uploads\/2026\/03\/cropped-TRUUSK.png?fit=2032%2C917&ssl=1","width":2032,"height":917,"caption":"TRUUSK - Hem, Tr\u00e4dg\u00e5rd & Fritid"},"image":{"@id":"https:\/\/truusk.store\/sv\/#\/schema\/logo\/image\/"}}]}},"jetpack_sharing_enabled":true,"_links":{"self":[{"href":"https:\/\/truusk.store\/sv\/wp-json\/wp\/v2\/product\/105802","targetHints":{"allow":["GET"]}}],"collection":[{"href":"https:\/\/truusk.store\/sv\/wp-json\/wp\/v2\/product"}],"about":[{"href":"https:\/\/truusk.store\/sv\/wp-json\/wp\/v2\/types\/product"}],"wp:featuredmedia":[{"embeddable":true,"href":"https:\/\/truusk.store\/sv\/wp-json\/wp\/v2\/media\/105789"}],"wp:attachment":[{"href":"https:\/\/truusk.store\/sv\/wp-json\/wp\/v2\/media?parent=105802"}],"wp:term":[{"taxonomy":"product_brand","embeddable":true,"href":"https:\/\/truusk.store\/sv\/wp-json\/wp\/v2\/product_brand?post=105802"},{"taxonomy":"product_cat","embeddable":true,"href":"https:\/\/truusk.store\/sv\/wp-json\/wp\/v2\/product_cat?post=105802"},{"taxonomy":"product_tag","embeddable":true,"href":"https:\/\/truusk.store\/sv\/wp-json\/wp\/v2\/product_tag?post=105802"}],"curies":[{"name":"wp","href":"https:\/\/api.w.org\/{rel}","templated":true}]}}