{"id":105824,"date":"2026-02-24T06:38:04","date_gmt":"2026-02-24T05:38:04","guid":{"rendered":"https:\/\/truusk.store\/product\/hogbadd-i-tra-planteringsbadd-med-rullar-mobil-kallram-tradgardsbadd-blomlada-60-x-30-x-41cm-for-tradgard-balkong\/"},"modified":"2026-03-12T08:52:38","modified_gmt":"2026-03-12T07:52:38","slug":"truusk-hogbadd-i-tra-med-rullar-mobil-kallram-planteringsbadd-60x30x41cm-for-tradgard-och-balkong","status":"publish","type":"product","link":"https:\/\/truusk.store\/sv\/produkt\/truusk-hogbadd-i-tra-med-rullar-mobil-kallram-planteringsbadd-60x30x41cm-for-tradgard-och-balkong\/","title":{"rendered":"TRUUSK H\u00f6gb\u00e4dd i Tr\u00e4 med Rullar &#8211; Mobil Kallram Planteringsb\u00e4dd &#8211; 60x30x41cm &#8211; F\u00f6r Tr\u00e4dg\u00e5rd och Balkong"},"content":{"rendered":"<p>H\u00f6gb\u00e4dden fr\u00e5n [BRAND NAME] g\u00f6r dina urbana tr\u00e4dg\u00e5rdsdr\u00f6mmar till verklighet, \u00e4ven n\u00e4r det finns lite solljus. Det \u00e4r frustrerande n\u00e4r dina v\u00e4xter p\u00e5 en fast plats inte f\u00e5r tillr\u00e4ckligt med ljus. [BRAND NAME] h\u00f6gb\u00e4dd erbjuder en enkel l\u00f6sning: Rulla den enkelt p\u00e5 sina fyra hjul till det soligaste h\u00f6rnet. Den robusta ramen b\u00e4r upp till 50 kg, medan ett dr\u00e4neringsh\u00e5l och en insats ser till att dina v\u00e4xters r\u00f6tter f\u00f6rblir friska och starka.<\/p>\n<p>Beskrivning:<\/p>\n<ul>\n<li> Har fyra universella hjul, tv\u00e5 av dem l\u00e5sbara, f\u00f6r enkel mobilitet p\u00e5 din terrass<\/li>\n<li> En robust metall- och tr\u00e4ram g\u00f6r att denna balkongh\u00f6gb\u00e4dd kan b\u00e4ra upp till 50 kg<\/li>\n<li> Fr\u00e4mjar h\u00e4lsosam tillv\u00e4xt med en tyginsats, dr\u00e4neringsh\u00e5l och 25 cm djup<\/li>\n<li> Kompakt storlek p\u00e5 60B x 30D x 41H cm, g\u00f6r denna balkong \u00f6rtb\u00e4dd l\u00e4mplig f\u00f6r balkonger och sm\u00e5 utrymmen<\/li>\n<li> Kombinerar en vattenbaserad lackerad tallkista med pulverlackerade metallben<\/li>\n<li> Designen med en bottenh\u00f6jd p\u00e5 11 cm underl\u00e4ttar reng\u00f6ring under planteringsl\u00e5dan<\/li>\n<li> Montering kr\u00e4vs<\/li>\n<\/ul>\n<p> Tekniska data:<\/p>\n<ul>\n<li> F\u00e4rg: M\u00f6rkbrun<\/li>\n<li> Material: Grantr\u00e4, metall<\/li>\n<li> Totala dimensioner: 60L x 30B x 41H cm<\/li>\n<li> Planteringsomr\u00e5desstorlek: 56,5L x 26,5B x 25H cm<\/li>\n<li> Dr\u00e4neringsh\u00e5l: \u00d82 cm<\/li>\n<li> B\u00e4rkapacitet: 50 kg<\/li>\n<\/ul>\n<p>Leveransinneh\u00e5ll:<\/p>\n<ul>\n<li> 1 x H\u00f6gb\u00e4dd<\/li>\n<li> 1 x Bruksanvisning<\/li>\n<\/ul>\n","protected":false},"excerpt":{"rendered":"<p>H\u00f6gb\u00e4dden fr\u00e5n [BRAND NAME] g\u00f6r dina urbana tr\u00e4dg\u00e5rdsdr\u00f6mmar till verklighet, \u00e4ven n\u00e4r det finns lite solljus. Det \u00e4r frustrerande n\u00e4r&#8230;<\/p>\n","protected":false},"featured_media":105810,"template":"","meta":[],"product_brand":[],"product_cat":[924,858,443],"product_tag":[],"class_list":{"0":"post-105824","1":"product","2":"type-product","3":"status-publish","4":"has-post-thumbnail","6":"product_cat-plantkarl","7":"product_cat-tradgard-terrass","8":"product_cat-vaxthus-tradgardsskotsel","10":"first","11":"instock","12":"sale","13":"taxable","14":"shipping-taxable","15":"purchasable","16":"product-type-simple"},"yoast_head":"<!-- This site is optimized with the Yoast SEO plugin v25.4 - https:\/\/yoast.com\/wordpress\/plugins\/seo\/ -->\n<title>TRUUSK H\u00f6gb\u00e4dd i Tr\u00e4 med Rullar - Mobil Kallram Planteringsb\u00e4dd - 60x30x41cm - F\u00f6r Tr\u00e4dg\u00e5rd och Balkong - TRUUSK - Hem, Tr\u00e4dg\u00e5rd &amp; Fritid<\/title>\n<meta name=\"robots\" content=\"index, follow, max-snippet:-1, max-image-preview:large, max-video-preview:-1\" \/>\n<link rel=\"canonical\" href=\"https:\/\/truusk.store\/sv\/produkt\/truusk-hogbadd-i-tra-med-rullar-mobil-kallram-planteringsbadd-60x30x41cm-for-tradgard-och-balkong\/\" \/>\n<meta property=\"og:locale\" content=\"sv_SE\" \/>\n<meta property=\"og:type\" content=\"article\" \/>\n<meta property=\"og:title\" content=\"TRUUSK H\u00f6gb\u00e4dd i Tr\u00e4 med Rullar - Mobil Kallram Planteringsb\u00e4dd - 60x30x41cm - F\u00f6r Tr\u00e4dg\u00e5rd och Balkong - TRUUSK - Hem, Tr\u00e4dg\u00e5rd &amp; Fritid\" \/>\n<meta property=\"og:description\" content=\"H\u00f6gb\u00e4dden fr\u00e5n [BRAND NAME] g\u00f6r dina urbana tr\u00e4dg\u00e5rdsdr\u00f6mmar till verklighet, \u00e4ven n\u00e4r det finns lite solljus. Det \u00e4r frustrerande n\u00e4r...\" \/>\n<meta property=\"og:url\" content=\"https:\/\/truusk.store\/sv\/produkt\/truusk-hogbadd-i-tra-med-rullar-mobil-kallram-planteringsbadd-60x30x41cm-for-tradgard-och-balkong\/\" \/>\n<meta property=\"og:site_name\" content=\"TRUUSK - Hem, Tr\u00e4dg\u00e5rd &amp; Fritid\" \/>\n<meta property=\"article:modified_time\" content=\"2026-03-12T07:52:38+00:00\" \/>\n<meta property=\"og:image\" content=\"https:\/\/i0.wp.com\/truusk.se\/wp-content\/uploads\/2026\/02\/hogbadd-i-tra-planteringsbadd-med-rullar-mobil-kallram-tradgardsbadd-blomlada-60-x-30-x-41cm-for-tradgard-balkong-1.webp?fit=2000%2C2000&ssl=1\" \/>\n\t<meta property=\"og:image:width\" content=\"2000\" \/>\n\t<meta property=\"og:image:height\" content=\"2000\" \/>\n\t<meta property=\"og:image:type\" content=\"image\/webp\" \/>\n<meta name=\"twitter:card\" content=\"summary_large_image\" \/>\n<meta name=\"twitter:label1\" content=\"Ber\u00e4knad l\u00e4stid\" \/>\n\t<meta name=\"twitter:data1\" content=\"1 minut\" \/>\n<!-- \/ Yoast SEO plugin. -->","yoast_head_json":{"title":"TRUUSK H\u00f6gb\u00e4dd i Tr\u00e4 med Rullar - Mobil Kallram Planteringsb\u00e4dd - 60x30x41cm - F\u00f6r Tr\u00e4dg\u00e5rd och Balkong - TRUUSK - Hem, Tr\u00e4dg\u00e5rd &amp; Fritid","robots":{"index":"index","follow":"follow","max-snippet":"max-snippet:-1","max-image-preview":"max-image-preview:large","max-video-preview":"max-video-preview:-1"},"canonical":"https:\/\/truusk.store\/sv\/produkt\/truusk-hogbadd-i-tra-med-rullar-mobil-kallram-planteringsbadd-60x30x41cm-for-tradgard-och-balkong\/","og_locale":"sv_SE","og_type":"article","og_title":"TRUUSK H\u00f6gb\u00e4dd i Tr\u00e4 med Rullar - Mobil Kallram Planteringsb\u00e4dd - 60x30x41cm - F\u00f6r Tr\u00e4dg\u00e5rd och Balkong - TRUUSK - Hem, Tr\u00e4dg\u00e5rd &amp; Fritid","og_description":"H\u00f6gb\u00e4dden fr\u00e5n [BRAND NAME] g\u00f6r dina urbana tr\u00e4dg\u00e5rdsdr\u00f6mmar till verklighet, \u00e4ven n\u00e4r det finns lite solljus. Det \u00e4r frustrerande n\u00e4r...","og_url":"https:\/\/truusk.store\/sv\/produkt\/truusk-hogbadd-i-tra-med-rullar-mobil-kallram-planteringsbadd-60x30x41cm-for-tradgard-och-balkong\/","og_site_name":"TRUUSK - Hem, Tr\u00e4dg\u00e5rd &amp; Fritid","article_modified_time":"2026-03-12T07:52:38+00:00","og_image":[{"width":2000,"height":2000,"url":"https:\/\/i0.wp.com\/truusk.se\/wp-content\/uploads\/2026\/02\/hogbadd-i-tra-planteringsbadd-med-rullar-mobil-kallram-tradgardsbadd-blomlada-60-x-30-x-41cm-for-tradgard-balkong-1.webp?fit=2000%2C2000&ssl=1","type":"image\/webp"}],"twitter_card":"summary_large_image","twitter_misc":{"Ber\u00e4knad l\u00e4stid":"1 minut"},"schema":{"@context":"https:\/\/schema.org","@graph":[{"@type":"WebPage","@id":"https:\/\/truusk.store\/sv\/produkt\/truusk-hogbadd-i-tra-med-rullar-mobil-kallram-planteringsbadd-60x30x41cm-for-tradgard-och-balkong\/","url":"https:\/\/truusk.store\/sv\/produkt\/truusk-hogbadd-i-tra-med-rullar-mobil-kallram-planteringsbadd-60x30x41cm-for-tradgard-och-balkong\/","name":"TRUUSK H\u00f6gb\u00e4dd i Tr\u00e4 med Rullar - Mobil Kallram Planteringsb\u00e4dd - 60x30x41cm - F\u00f6r Tr\u00e4dg\u00e5rd och Balkong - TRUUSK - Hem, Tr\u00e4dg\u00e5rd &amp; Fritid","isPartOf":{"@id":"https:\/\/truusk.store\/sv\/#website"},"primaryImageOfPage":{"@id":"https:\/\/truusk.store\/sv\/produkt\/truusk-hogbadd-i-tra-med-rullar-mobil-kallram-planteringsbadd-60x30x41cm-for-tradgard-och-balkong\/#primaryimage"},"image":{"@id":"https:\/\/truusk.store\/sv\/produkt\/truusk-hogbadd-i-tra-med-rullar-mobil-kallram-planteringsbadd-60x30x41cm-for-tradgard-och-balkong\/#primaryimage"},"thumbnailUrl":"https:\/\/i0.wp.com\/truusk.store\/wp-content\/uploads\/2026\/02\/hogbadd-i-tra-planteringsbadd-med-rullar-mobil-kallram-tradgardsbadd-blomlada-60-x-30-x-41cm-for-tradgard-balkong-1.webp?fit=2000%2C2000&ssl=1","datePublished":"2026-02-24T05:38:04+00:00","dateModified":"2026-03-12T07:52:38+00:00","breadcrumb":{"@id":"https:\/\/truusk.store\/sv\/produkt\/truusk-hogbadd-i-tra-med-rullar-mobil-kallram-planteringsbadd-60x30x41cm-for-tradgard-och-balkong\/#breadcrumb"},"inLanguage":"sv-SE","potentialAction":[{"@type":"ReadAction","target":["https:\/\/truusk.store\/sv\/produkt\/truusk-hogbadd-i-tra-med-rullar-mobil-kallram-planteringsbadd-60x30x41cm-for-tradgard-och-balkong\/"]}]},{"@type":"ImageObject","inLanguage":"sv-SE","@id":"https:\/\/truusk.store\/sv\/produkt\/truusk-hogbadd-i-tra-med-rullar-mobil-kallram-planteringsbadd-60x30x41cm-for-tradgard-och-balkong\/#primaryimage","url":"https:\/\/i0.wp.com\/truusk.store\/wp-content\/uploads\/2026\/02\/hogbadd-i-tra-planteringsbadd-med-rullar-mobil-kallram-tradgardsbadd-blomlada-60-x-30-x-41cm-for-tradgard-balkong-1.webp?fit=2000%2C2000&ssl=1","contentUrl":"https:\/\/i0.wp.com\/truusk.store\/wp-content\/uploads\/2026\/02\/hogbadd-i-tra-planteringsbadd-med-rullar-mobil-kallram-tradgardsbadd-blomlada-60-x-30-x-41cm-for-tradgard-balkong-1.webp?fit=2000%2C2000&ssl=1","width":2000,"height":2000},{"@type":"BreadcrumbList","@id":"https:\/\/truusk.store\/sv\/produkt\/truusk-hogbadd-i-tra-med-rullar-mobil-kallram-planteringsbadd-60x30x41cm-for-tradgard-och-balkong\/#breadcrumb","itemListElement":[{"@type":"ListItem","position":1,"name":"Home","item":"https:\/\/truusk.store\/sv\/"},{"@type":"ListItem","position":2,"name":"Shop","item":"https:\/\/truusk.store\/shop\/"},{"@type":"ListItem","position":3,"name":"TRUUSK H\u00f6gb\u00e4dd i Tr\u00e4 med Rullar &#8211; Mobil Kallram Planteringsb\u00e4dd &#8211; 60x30x41cm &#8211; F\u00f6r Tr\u00e4dg\u00e5rd och Balkong"}]},{"@type":"WebSite","@id":"https:\/\/truusk.store\/sv\/#website","url":"https:\/\/truusk.store\/sv\/","name":"TRUUSK - Hem, Tr\u00e4dg\u00e5rd & Fritid","description":"","publisher":{"@id":"https:\/\/truusk.store\/sv\/#organization"},"potentialAction":[{"@type":"SearchAction","target":{"@type":"EntryPoint","urlTemplate":"https:\/\/truusk.store\/sv\/?s={search_term_string}"},"query-input":{"@type":"PropertyValueSpecification","valueRequired":true,"valueName":"search_term_string"}}],"inLanguage":"sv-SE"},{"@type":"Organization","@id":"https:\/\/truusk.store\/sv\/#organization","name":"TRUUSK - Hem, Tr\u00e4dg\u00e5rd & Fritid","url":"https:\/\/truusk.store\/sv\/","logo":{"@type":"ImageObject","inLanguage":"sv-SE","@id":"https:\/\/truusk.store\/sv\/#\/schema\/logo\/image\/","url":"https:\/\/i0.wp.com\/truusk.store\/wp-content\/uploads\/2026\/03\/cropped-TRUUSK.png?fit=2032%2C917&ssl=1","contentUrl":"https:\/\/i0.wp.com\/truusk.store\/wp-content\/uploads\/2026\/03\/cropped-TRUUSK.png?fit=2032%2C917&ssl=1","width":2032,"height":917,"caption":"TRUUSK - Hem, Tr\u00e4dg\u00e5rd & Fritid"},"image":{"@id":"https:\/\/truusk.store\/sv\/#\/schema\/logo\/image\/"}}]}},"jetpack_sharing_enabled":true,"_links":{"self":[{"href":"https:\/\/truusk.store\/sv\/wp-json\/wp\/v2\/product\/105824","targetHints":{"allow":["GET"]}}],"collection":[{"href":"https:\/\/truusk.store\/sv\/wp-json\/wp\/v2\/product"}],"about":[{"href":"https:\/\/truusk.store\/sv\/wp-json\/wp\/v2\/types\/product"}],"wp:featuredmedia":[{"embeddable":true,"href":"https:\/\/truusk.store\/sv\/wp-json\/wp\/v2\/media\/105810"}],"wp:attachment":[{"href":"https:\/\/truusk.store\/sv\/wp-json\/wp\/v2\/media?parent=105824"}],"wp:term":[{"taxonomy":"product_brand","embeddable":true,"href":"https:\/\/truusk.store\/sv\/wp-json\/wp\/v2\/product_brand?post=105824"},{"taxonomy":"product_cat","embeddable":true,"href":"https:\/\/truusk.store\/sv\/wp-json\/wp\/v2\/product_cat?post=105824"},{"taxonomy":"product_tag","embeddable":true,"href":"https:\/\/truusk.store\/sv\/wp-json\/wp\/v2\/product_tag?post=105824"}],"curies":[{"name":"wp","href":"https:\/\/api.w.org\/{rel}","templated":true}]}}