{"id":105835,"date":"2026-02-24T06:39:01","date_gmt":"2026-02-24T05:39:01","guid":{"rendered":"https:\/\/truusk.store\/product\/tradgardsmobelset-sittgrupp-150-x-80cm-glasbord-med-6-andningsbara-stolar-dekorativa-armstod-svart\/"},"modified":"2026-03-12T08:52:38","modified_gmt":"2026-03-12T07:52:38","slug":"truusk-tradgardsmobelset-sittgrupp-med-glasbord-6-andningsbara-stolar-dekorativa-armstod-svart-150-x-80cm","status":"publish","type":"product","link":"https:\/\/truusk.store\/sv\/produkt\/truusk-tradgardsmobelset-sittgrupp-med-glasbord-6-andningsbara-stolar-dekorativa-armstod-svart-150-x-80cm\/","title":{"rendered":"TRUUSK Tr\u00e4dg\u00e5rdsm\u00f6belset &#8211; Sittgrupp med Glasbord &#8211; 6 Andningsbara Stolar &#8211; Dekorativa Armst\u00f6d &#8211; Svart &#8211; 150 X 80cm"},"content":{"rendered":"<p>Oavsett om du vill njuta av din helgbrunch, middag eller ett m\u00f6te med v\u00e4nner n\u00e4r kv\u00e4llen g\u00e5r mot sitt slut &#8211; denna utomhus sittgrupp fr\u00e5n [BRAND NAME] \u00e4r den perfekta platsen f\u00f6r det. Ramarna f\u00f6r de sex stolarna och det matchande bordet \u00e4r gjorda av st\u00e5l, vilket g\u00f6r setet robust. Stolarna \u00e4r utrustade med andningsbart mesh-tyg, s\u00e5 att din hud kan andas behagligt och du kan sitta bekv\u00e4mt. Utomhus tr\u00e4dg\u00e5rdsm\u00f6belsetet \u00e4r idealiskt f\u00f6r sommarkv\u00e4llar och -dagar.<\/p>\n<p>Beskrivning:<\/p>\n<ul>\n<li> Sjuttiodelat tr\u00e4dg\u00e5rdsm\u00f6belset f\u00f6r familjem\u00e5ltider och sammankomster<\/li>\n<li> Andningsbara mesh-stolar f\u00f6rb\u00e4ttrar andningsf\u00f6rm\u00e5ga och komfort<\/li>\n<li> Lutande ryggst\u00f6d och sittfront med armst\u00f6d f\u00f6r bekv\u00e4mt st\u00f6d<\/li>\n<li> Dekorativa armst\u00f6dspaneler i teakton f\u00f6r en stilfull accent<\/li>\n<li> Matbordsskiva av h\u00e4rdat glas f\u00f6r en s\u00e4ker och elegant yta<\/li>\n<li> Tr\u00e4dg\u00e5rdsm\u00f6belset av galvaniserat st\u00e5l med pulverlackering f\u00f6r h\u00e5llbarhet<\/li>\n<li> Halkfria fotdynor skyddar golv fr\u00e5n repor<\/li>\n<li> Montering kr\u00e4vs<\/li>\n<\/ul>\n<p> Tekniska specifikationer:<\/p>\n<ul>\n<li> F\u00e4rg: Svart<\/li>\n<li> Material: Galvaniserat st\u00e5l, n\u00e4ttyg, h\u00e4rdat glas<\/li>\n<li> Stolm\u00e5tt: 53B x 59D x 83H cm<\/li>\n<li> Bordm\u00e5tt: 150L x 80B x 73H cm<\/li>\n<li> Sittstorlek: 45B x 41D cm<\/li>\n<li> Sitth\u00f6jd: 43 cm<\/li>\n<li> Ryggst\u00f6dsm\u00e5tt: 45B x 42H cm<\/li>\n<li> Armst\u00f6dsh\u00f6jd till sittplats: 20 cm<\/li>\n<li> Belastningskapacitet: 120 kg (stol), 50 kg (bord)<\/li>\n<\/ul>\n<p>Leveransinneh\u00e5ll:<\/p>\n<ul>\n<li> 1 x Bord<\/li>\n<li> 6 x Stol<\/li>\n<li> 1 x Instruktion<\/li>\n<\/ul>\n","protected":false},"excerpt":{"rendered":"<p>Oavsett om du vill njuta av din helgbrunch, middag eller ett m\u00f6te med v\u00e4nner n\u00e4r kv\u00e4llen g\u00e5r mot sitt slut&#8230;<\/p>\n","protected":false},"featured_media":105821,"template":"","meta":[],"product_brand":[],"product_cat":[858,450,456],"product_tag":[],"class_list":{"0":"post-105835","1":"product","2":"type-product","3":"status-publish","4":"has-post-thumbnail","6":"product_cat-tradgard-terrass","7":"product_cat-tradgardsmobler","8":"product_cat-tradgardsmobler-set","10":"first","11":"instock","12":"sale","13":"taxable","14":"shipping-taxable","15":"purchasable","16":"product-type-simple"},"yoast_head":"<!-- This site is optimized with the Yoast SEO plugin v25.4 - https:\/\/yoast.com\/wordpress\/plugins\/seo\/ -->\n<title>TRUUSK Tr\u00e4dg\u00e5rdsm\u00f6belset - Sittgrupp med Glasbord - 6 Andningsbara Stolar - Dekorativa Armst\u00f6d - Svart - 150 X 80cm - TRUUSK - Hem, Tr\u00e4dg\u00e5rd &amp; Fritid<\/title>\n<meta name=\"robots\" content=\"index, follow, max-snippet:-1, max-image-preview:large, max-video-preview:-1\" \/>\n<link rel=\"canonical\" href=\"https:\/\/truusk.store\/sv\/produkt\/truusk-tradgardsmobelset-sittgrupp-med-glasbord-6-andningsbara-stolar-dekorativa-armstod-svart-150-x-80cm\/\" \/>\n<meta property=\"og:locale\" content=\"sv_SE\" \/>\n<meta property=\"og:type\" content=\"article\" \/>\n<meta property=\"og:title\" content=\"TRUUSK Tr\u00e4dg\u00e5rdsm\u00f6belset - Sittgrupp med Glasbord - 6 Andningsbara Stolar - Dekorativa Armst\u00f6d - Svart - 150 X 80cm - TRUUSK - Hem, Tr\u00e4dg\u00e5rd &amp; Fritid\" \/>\n<meta property=\"og:description\" content=\"Oavsett om du vill njuta av din helgbrunch, middag eller ett m\u00f6te med v\u00e4nner n\u00e4r kv\u00e4llen g\u00e5r mot sitt slut...\" \/>\n<meta property=\"og:url\" content=\"https:\/\/truusk.store\/sv\/produkt\/truusk-tradgardsmobelset-sittgrupp-med-glasbord-6-andningsbara-stolar-dekorativa-armstod-svart-150-x-80cm\/\" \/>\n<meta property=\"og:site_name\" content=\"TRUUSK - Hem, Tr\u00e4dg\u00e5rd &amp; Fritid\" \/>\n<meta property=\"article:modified_time\" content=\"2026-03-12T07:52:38+00:00\" \/>\n<meta property=\"og:image\" content=\"https:\/\/i0.wp.com\/truusk.se\/wp-content\/uploads\/2026\/02\/tradgardsmobelset-sittgrupp-150-x-80cm-glasbord-med-6-andningsbara-stolar-dekorativa-armstod-svart-1.webp?fit=2000%2C2000&ssl=1\" \/>\n\t<meta property=\"og:image:width\" content=\"2000\" \/>\n\t<meta property=\"og:image:height\" content=\"2000\" \/>\n\t<meta property=\"og:image:type\" content=\"image\/webp\" \/>\n<meta name=\"twitter:card\" content=\"summary_large_image\" \/>\n<meta name=\"twitter:label1\" content=\"Ber\u00e4knad l\u00e4stid\" \/>\n\t<meta name=\"twitter:data1\" content=\"1 minut\" \/>\n<!-- \/ Yoast SEO plugin. -->","yoast_head_json":{"title":"TRUUSK Tr\u00e4dg\u00e5rdsm\u00f6belset - Sittgrupp med Glasbord - 6 Andningsbara Stolar - Dekorativa Armst\u00f6d - Svart - 150 X 80cm - TRUUSK - Hem, Tr\u00e4dg\u00e5rd &amp; Fritid","robots":{"index":"index","follow":"follow","max-snippet":"max-snippet:-1","max-image-preview":"max-image-preview:large","max-video-preview":"max-video-preview:-1"},"canonical":"https:\/\/truusk.store\/sv\/produkt\/truusk-tradgardsmobelset-sittgrupp-med-glasbord-6-andningsbara-stolar-dekorativa-armstod-svart-150-x-80cm\/","og_locale":"sv_SE","og_type":"article","og_title":"TRUUSK Tr\u00e4dg\u00e5rdsm\u00f6belset - Sittgrupp med Glasbord - 6 Andningsbara Stolar - Dekorativa Armst\u00f6d - Svart - 150 X 80cm - TRUUSK - Hem, Tr\u00e4dg\u00e5rd &amp; Fritid","og_description":"Oavsett om du vill njuta av din helgbrunch, middag eller ett m\u00f6te med v\u00e4nner n\u00e4r kv\u00e4llen g\u00e5r mot sitt slut...","og_url":"https:\/\/truusk.store\/sv\/produkt\/truusk-tradgardsmobelset-sittgrupp-med-glasbord-6-andningsbara-stolar-dekorativa-armstod-svart-150-x-80cm\/","og_site_name":"TRUUSK - Hem, Tr\u00e4dg\u00e5rd &amp; Fritid","article_modified_time":"2026-03-12T07:52:38+00:00","og_image":[{"width":2000,"height":2000,"url":"https:\/\/i0.wp.com\/truusk.se\/wp-content\/uploads\/2026\/02\/tradgardsmobelset-sittgrupp-150-x-80cm-glasbord-med-6-andningsbara-stolar-dekorativa-armstod-svart-1.webp?fit=2000%2C2000&ssl=1","type":"image\/webp"}],"twitter_card":"summary_large_image","twitter_misc":{"Ber\u00e4knad l\u00e4stid":"1 minut"},"schema":{"@context":"https:\/\/schema.org","@graph":[{"@type":"WebPage","@id":"https:\/\/truusk.store\/sv\/produkt\/truusk-tradgardsmobelset-sittgrupp-med-glasbord-6-andningsbara-stolar-dekorativa-armstod-svart-150-x-80cm\/","url":"https:\/\/truusk.store\/sv\/produkt\/truusk-tradgardsmobelset-sittgrupp-med-glasbord-6-andningsbara-stolar-dekorativa-armstod-svart-150-x-80cm\/","name":"TRUUSK Tr\u00e4dg\u00e5rdsm\u00f6belset - Sittgrupp med Glasbord - 6 Andningsbara Stolar - Dekorativa Armst\u00f6d - Svart - 150 X 80cm - TRUUSK - Hem, Tr\u00e4dg\u00e5rd &amp; Fritid","isPartOf":{"@id":"https:\/\/truusk.store\/sv\/#website"},"primaryImageOfPage":{"@id":"https:\/\/truusk.store\/sv\/produkt\/truusk-tradgardsmobelset-sittgrupp-med-glasbord-6-andningsbara-stolar-dekorativa-armstod-svart-150-x-80cm\/#primaryimage"},"image":{"@id":"https:\/\/truusk.store\/sv\/produkt\/truusk-tradgardsmobelset-sittgrupp-med-glasbord-6-andningsbara-stolar-dekorativa-armstod-svart-150-x-80cm\/#primaryimage"},"thumbnailUrl":"https:\/\/i0.wp.com\/truusk.store\/wp-content\/uploads\/2026\/02\/tradgardsmobelset-sittgrupp-150-x-80cm-glasbord-med-6-andningsbara-stolar-dekorativa-armstod-svart-1.webp?fit=2000%2C2000&ssl=1","datePublished":"2026-02-24T05:39:01+00:00","dateModified":"2026-03-12T07:52:38+00:00","breadcrumb":{"@id":"https:\/\/truusk.store\/sv\/produkt\/truusk-tradgardsmobelset-sittgrupp-med-glasbord-6-andningsbara-stolar-dekorativa-armstod-svart-150-x-80cm\/#breadcrumb"},"inLanguage":"sv-SE","potentialAction":[{"@type":"ReadAction","target":["https:\/\/truusk.store\/sv\/produkt\/truusk-tradgardsmobelset-sittgrupp-med-glasbord-6-andningsbara-stolar-dekorativa-armstod-svart-150-x-80cm\/"]}]},{"@type":"ImageObject","inLanguage":"sv-SE","@id":"https:\/\/truusk.store\/sv\/produkt\/truusk-tradgardsmobelset-sittgrupp-med-glasbord-6-andningsbara-stolar-dekorativa-armstod-svart-150-x-80cm\/#primaryimage","url":"https:\/\/i0.wp.com\/truusk.store\/wp-content\/uploads\/2026\/02\/tradgardsmobelset-sittgrupp-150-x-80cm-glasbord-med-6-andningsbara-stolar-dekorativa-armstod-svart-1.webp?fit=2000%2C2000&ssl=1","contentUrl":"https:\/\/i0.wp.com\/truusk.store\/wp-content\/uploads\/2026\/02\/tradgardsmobelset-sittgrupp-150-x-80cm-glasbord-med-6-andningsbara-stolar-dekorativa-armstod-svart-1.webp?fit=2000%2C2000&ssl=1","width":2000,"height":2000},{"@type":"BreadcrumbList","@id":"https:\/\/truusk.store\/sv\/produkt\/truusk-tradgardsmobelset-sittgrupp-med-glasbord-6-andningsbara-stolar-dekorativa-armstod-svart-150-x-80cm\/#breadcrumb","itemListElement":[{"@type":"ListItem","position":1,"name":"Home","item":"https:\/\/truusk.store\/sv\/"},{"@type":"ListItem","position":2,"name":"Shop","item":"https:\/\/truusk.store\/shop\/"},{"@type":"ListItem","position":3,"name":"TRUUSK Tr\u00e4dg\u00e5rdsm\u00f6belset &#8211; Sittgrupp med Glasbord &#8211; 6 Andningsbara Stolar &#8211; Dekorativa Armst\u00f6d &#8211; Svart &#8211; 150 X 80cm"}]},{"@type":"WebSite","@id":"https:\/\/truusk.store\/sv\/#website","url":"https:\/\/truusk.store\/sv\/","name":"TRUUSK - Hem, Tr\u00e4dg\u00e5rd & Fritid","description":"","publisher":{"@id":"https:\/\/truusk.store\/sv\/#organization"},"potentialAction":[{"@type":"SearchAction","target":{"@type":"EntryPoint","urlTemplate":"https:\/\/truusk.store\/sv\/?s={search_term_string}"},"query-input":{"@type":"PropertyValueSpecification","valueRequired":true,"valueName":"search_term_string"}}],"inLanguage":"sv-SE"},{"@type":"Organization","@id":"https:\/\/truusk.store\/sv\/#organization","name":"TRUUSK - Hem, Tr\u00e4dg\u00e5rd & Fritid","url":"https:\/\/truusk.store\/sv\/","logo":{"@type":"ImageObject","inLanguage":"sv-SE","@id":"https:\/\/truusk.store\/sv\/#\/schema\/logo\/image\/","url":"https:\/\/i0.wp.com\/truusk.store\/wp-content\/uploads\/2026\/03\/cropped-TRUUSK.png?fit=2032%2C917&ssl=1","contentUrl":"https:\/\/i0.wp.com\/truusk.store\/wp-content\/uploads\/2026\/03\/cropped-TRUUSK.png?fit=2032%2C917&ssl=1","width":2032,"height":917,"caption":"TRUUSK - Hem, Tr\u00e4dg\u00e5rd & Fritid"},"image":{"@id":"https:\/\/truusk.store\/sv\/#\/schema\/logo\/image\/"}}]}},"jetpack_sharing_enabled":true,"_links":{"self":[{"href":"https:\/\/truusk.store\/sv\/wp-json\/wp\/v2\/product\/105835","targetHints":{"allow":["GET"]}}],"collection":[{"href":"https:\/\/truusk.store\/sv\/wp-json\/wp\/v2\/product"}],"about":[{"href":"https:\/\/truusk.store\/sv\/wp-json\/wp\/v2\/types\/product"}],"wp:featuredmedia":[{"embeddable":true,"href":"https:\/\/truusk.store\/sv\/wp-json\/wp\/v2\/media\/105821"}],"wp:attachment":[{"href":"https:\/\/truusk.store\/sv\/wp-json\/wp\/v2\/media?parent=105835"}],"wp:term":[{"taxonomy":"product_brand","embeddable":true,"href":"https:\/\/truusk.store\/sv\/wp-json\/wp\/v2\/product_brand?post=105835"},{"taxonomy":"product_cat","embeddable":true,"href":"https:\/\/truusk.store\/sv\/wp-json\/wp\/v2\/product_cat?post=105835"},{"taxonomy":"product_tag","embeddable":true,"href":"https:\/\/truusk.store\/sv\/wp-json\/wp\/v2\/product_tag?post=105835"}],"curies":[{"name":"wp","href":"https:\/\/api.w.org\/{rel}","templated":true}]}}