{"id":105842,"date":"2026-02-24T06:39:51","date_gmt":"2026-02-24T05:39:51","guid":{"rendered":"https:\/\/truusk.store\/product\/avfallstunnebox-for-2-tunnor-lasbar-avfallstunnekladsel-med-uppfallbart-lock-morkgra\/"},"modified":"2026-03-12T08:52:39","modified_gmt":"2026-03-12T07:52:39","slug":"truusk-avfallstunnebox-for-2-tunnor-lasbar-uppfallbart-lock-morkgra-hall-din-tradgard-ren-och-organiserad-enkel-att","status":"publish","type":"product","link":"https:\/\/truusk.store\/sv\/produkt\/truusk-avfallstunnebox-for-2-tunnor-lasbar-uppfallbart-lock-morkgra-hall-din-tradgard-ren-och-organiserad-enkel-att\/","title":{"rendered":"TRUUSK Avfallstunnebox f\u00f6r 2 tunnor &#8211; L\u00e5sbar &#8211; Uppf\u00e4llbart lock &#8211; M\u00f6rkgr\u00e5 &#8211; H\u00e5ll din tr\u00e4dg\u00e5rd ren och organiserad &#8211; Enkel att"},"content":{"rendered":"<p>K\u00e4nns din tr\u00e4dg\u00e5rd \u00f6verbelastad med \u00f6verfulla soptunnor och utspridda verktyg? [BRAND NAME] soptunnef\u00f6rr\u00e5d av galvaniserat st\u00e5l ger ordning och skydd. Med ett uppf\u00e4llbart lock f\u00f6r snabb bortskaffning och dubbla fr\u00e4mre d\u00f6rrar f\u00f6r enkel \u00e5tkomst, f\u00f6rvandlar det din tr\u00e4dg\u00e5rd till en prydlig tillflyktsort.<\/p>\n<p>Beskrivning:<\/p>\n<ul>\n<li> G\u00f6mmer snyggt tv\u00e5 standardsoptunnor, cyklar eller verktyg och ger en prydlig tr\u00e4dg\u00e5rd<\/li>\n<li> Tillverkad av rostfritt, galvaniserat st\u00e5l f\u00f6r l\u00e5ngvarigt, v\u00e4derbest\u00e4ndigt skydd utomhus<\/li>\n<li> Ett uppf\u00e4llbart lock och dubbla fr\u00e4mre d\u00f6rrar ger bekv\u00e4m, okomplicerad \u00e5tkomst<\/li>\n<li> Det praktiska l\u00e5ssystemet f\u00f6r soptunnef\u00f6rr\u00e5det ger v\u00e4sentlig s\u00e4kerhet f\u00f6r dina utomhusartiklar<\/li>\n<li> Med en snedtakdesign som f\u00f6rhindrar vattenansamling och korrosion<\/li>\n<li> Detta stilfulla, djupgr\u00e5a soptunnehus sm\u00e4lter s\u00f6ml\u00f6st in i alla utomhusomr\u00e5den<\/li>\n<li> Montering kr\u00e4vs<\/li>\n<\/ul>\n<p> Tekniska specifikationer:<\/p>\n<ul>\n<li> F\u00e4rg: M\u00f6rkgr\u00e5<\/li>\n<li> Material: Galvaniserat st\u00e5l, f\u00e4rgbelagt st\u00e5l<\/li>\n<li> Totala dimensioner: 150B x 80D x 117\/115H cm<\/li>\n<li> Inre dimensioner: 136B x 70D x 110H cm<\/li>\n<li> D\u00f6rrstorlek: 121B x 109H cm<\/li>\n<li> Basstorlek: 141B x 76D cm<\/li>\n<\/ul>\n<p>Ing\u00e5r i leveransen:<\/p>\n<ul>\n<li> 1 x lagerhus<\/li>\n<li> 1 x instruktioner<\/li>\n<\/ul>\n","protected":false},"excerpt":{"rendered":"<p>K\u00e4nns din tr\u00e4dg\u00e5rd \u00f6verbelastad med \u00f6verfulla soptunnor och utspridda verktyg? [BRAND NAME] soptunnef\u00f6rr\u00e5d av galvaniserat st\u00e5l ger ordning och skydd&#8230;.<\/p>\n","protected":false},"featured_media":105830,"template":"","meta":[],"product_brand":[],"product_cat":[867,869,870],"product_tag":[],"class_list":{"0":"post-105842","1":"product","2":"type-product","3":"status-publish","4":"has-post-thumbnail","6":"product_cat-byggmarknad","7":"product_cat-rengoring-ordning","8":"product_cat-sopkorgar","10":"first","11":"instock","12":"sale","13":"taxable","14":"shipping-taxable","15":"purchasable","16":"product-type-simple"},"yoast_head":"<!-- This site is optimized with the Yoast SEO plugin v25.4 - https:\/\/yoast.com\/wordpress\/plugins\/seo\/ -->\n<title>TRUUSK Avfallstunnebox f\u00f6r 2 tunnor - L\u00e5sbar - Uppf\u00e4llbart lock - M\u00f6rkgr\u00e5 - H\u00e5ll din tr\u00e4dg\u00e5rd ren och organiserad - Enkel att - TRUUSK - Hem, Tr\u00e4dg\u00e5rd &amp; Fritid<\/title>\n<meta name=\"robots\" content=\"index, follow, max-snippet:-1, max-image-preview:large, max-video-preview:-1\" \/>\n<link rel=\"canonical\" href=\"https:\/\/truusk.store\/sv\/produkt\/truusk-avfallstunnebox-for-2-tunnor-lasbar-uppfallbart-lock-morkgra-hall-din-tradgard-ren-och-organiserad-enkel-att\/\" \/>\n<meta property=\"og:locale\" content=\"sv_SE\" \/>\n<meta property=\"og:type\" content=\"article\" \/>\n<meta property=\"og:title\" content=\"TRUUSK Avfallstunnebox f\u00f6r 2 tunnor - L\u00e5sbar - Uppf\u00e4llbart lock - M\u00f6rkgr\u00e5 - H\u00e5ll din tr\u00e4dg\u00e5rd ren och organiserad - Enkel att - TRUUSK - Hem, Tr\u00e4dg\u00e5rd &amp; Fritid\" \/>\n<meta property=\"og:description\" content=\"K\u00e4nns din tr\u00e4dg\u00e5rd \u00f6verbelastad med \u00f6verfulla soptunnor och utspridda verktyg? [BRAND NAME] soptunnef\u00f6rr\u00e5d av galvaniserat st\u00e5l ger ordning och skydd....\" \/>\n<meta property=\"og:url\" content=\"https:\/\/truusk.store\/sv\/produkt\/truusk-avfallstunnebox-for-2-tunnor-lasbar-uppfallbart-lock-morkgra-hall-din-tradgard-ren-och-organiserad-enkel-att\/\" \/>\n<meta property=\"og:site_name\" content=\"TRUUSK - Hem, Tr\u00e4dg\u00e5rd &amp; Fritid\" \/>\n<meta property=\"article:modified_time\" content=\"2026-03-12T07:52:39+00:00\" \/>\n<meta property=\"og:image\" content=\"https:\/\/i0.wp.com\/truusk.se\/wp-content\/uploads\/2026\/02\/avfallstunnebox-for-2-tunnor-lasbar-avfallstunnekladsel-med-uppfallbart-lock-morkgra-1.webp?fit=2000%2C2000&ssl=1\" \/>\n\t<meta property=\"og:image:width\" content=\"2000\" \/>\n\t<meta property=\"og:image:height\" content=\"2000\" \/>\n\t<meta property=\"og:image:type\" content=\"image\/webp\" \/>\n<meta name=\"twitter:card\" content=\"summary_large_image\" \/>\n<meta name=\"twitter:label1\" content=\"Ber\u00e4knad l\u00e4stid\" \/>\n\t<meta name=\"twitter:data1\" content=\"1 minut\" \/>\n<!-- \/ Yoast SEO plugin. -->","yoast_head_json":{"title":"TRUUSK Avfallstunnebox f\u00f6r 2 tunnor - L\u00e5sbar - Uppf\u00e4llbart lock - M\u00f6rkgr\u00e5 - H\u00e5ll din tr\u00e4dg\u00e5rd ren och organiserad - Enkel att - TRUUSK - Hem, Tr\u00e4dg\u00e5rd &amp; Fritid","robots":{"index":"index","follow":"follow","max-snippet":"max-snippet:-1","max-image-preview":"max-image-preview:large","max-video-preview":"max-video-preview:-1"},"canonical":"https:\/\/truusk.store\/sv\/produkt\/truusk-avfallstunnebox-for-2-tunnor-lasbar-uppfallbart-lock-morkgra-hall-din-tradgard-ren-och-organiserad-enkel-att\/","og_locale":"sv_SE","og_type":"article","og_title":"TRUUSK Avfallstunnebox f\u00f6r 2 tunnor - L\u00e5sbar - Uppf\u00e4llbart lock - M\u00f6rkgr\u00e5 - H\u00e5ll din tr\u00e4dg\u00e5rd ren och organiserad - Enkel att - TRUUSK - Hem, Tr\u00e4dg\u00e5rd &amp; Fritid","og_description":"K\u00e4nns din tr\u00e4dg\u00e5rd \u00f6verbelastad med \u00f6verfulla soptunnor och utspridda verktyg? [BRAND NAME] soptunnef\u00f6rr\u00e5d av galvaniserat st\u00e5l ger ordning och skydd....","og_url":"https:\/\/truusk.store\/sv\/produkt\/truusk-avfallstunnebox-for-2-tunnor-lasbar-uppfallbart-lock-morkgra-hall-din-tradgard-ren-och-organiserad-enkel-att\/","og_site_name":"TRUUSK - Hem, Tr\u00e4dg\u00e5rd &amp; Fritid","article_modified_time":"2026-03-12T07:52:39+00:00","og_image":[{"width":2000,"height":2000,"url":"https:\/\/i0.wp.com\/truusk.se\/wp-content\/uploads\/2026\/02\/avfallstunnebox-for-2-tunnor-lasbar-avfallstunnekladsel-med-uppfallbart-lock-morkgra-1.webp?fit=2000%2C2000&ssl=1","type":"image\/webp"}],"twitter_card":"summary_large_image","twitter_misc":{"Ber\u00e4knad l\u00e4stid":"1 minut"},"schema":{"@context":"https:\/\/schema.org","@graph":[{"@type":"WebPage","@id":"https:\/\/truusk.store\/sv\/produkt\/truusk-avfallstunnebox-for-2-tunnor-lasbar-uppfallbart-lock-morkgra-hall-din-tradgard-ren-och-organiserad-enkel-att\/","url":"https:\/\/truusk.store\/sv\/produkt\/truusk-avfallstunnebox-for-2-tunnor-lasbar-uppfallbart-lock-morkgra-hall-din-tradgard-ren-och-organiserad-enkel-att\/","name":"TRUUSK Avfallstunnebox f\u00f6r 2 tunnor - L\u00e5sbar - Uppf\u00e4llbart lock - M\u00f6rkgr\u00e5 - H\u00e5ll din tr\u00e4dg\u00e5rd ren och organiserad - Enkel att - TRUUSK - Hem, Tr\u00e4dg\u00e5rd &amp; Fritid","isPartOf":{"@id":"https:\/\/truusk.store\/sv\/#website"},"primaryImageOfPage":{"@id":"https:\/\/truusk.store\/sv\/produkt\/truusk-avfallstunnebox-for-2-tunnor-lasbar-uppfallbart-lock-morkgra-hall-din-tradgard-ren-och-organiserad-enkel-att\/#primaryimage"},"image":{"@id":"https:\/\/truusk.store\/sv\/produkt\/truusk-avfallstunnebox-for-2-tunnor-lasbar-uppfallbart-lock-morkgra-hall-din-tradgard-ren-och-organiserad-enkel-att\/#primaryimage"},"thumbnailUrl":"https:\/\/i0.wp.com\/truusk.store\/wp-content\/uploads\/2026\/02\/avfallstunnebox-for-2-tunnor-lasbar-avfallstunnekladsel-med-uppfallbart-lock-morkgra-1.webp?fit=2000%2C2000&ssl=1","datePublished":"2026-02-24T05:39:51+00:00","dateModified":"2026-03-12T07:52:39+00:00","breadcrumb":{"@id":"https:\/\/truusk.store\/sv\/produkt\/truusk-avfallstunnebox-for-2-tunnor-lasbar-uppfallbart-lock-morkgra-hall-din-tradgard-ren-och-organiserad-enkel-att\/#breadcrumb"},"inLanguage":"sv-SE","potentialAction":[{"@type":"ReadAction","target":["https:\/\/truusk.store\/sv\/produkt\/truusk-avfallstunnebox-for-2-tunnor-lasbar-uppfallbart-lock-morkgra-hall-din-tradgard-ren-och-organiserad-enkel-att\/"]}]},{"@type":"ImageObject","inLanguage":"sv-SE","@id":"https:\/\/truusk.store\/sv\/produkt\/truusk-avfallstunnebox-for-2-tunnor-lasbar-uppfallbart-lock-morkgra-hall-din-tradgard-ren-och-organiserad-enkel-att\/#primaryimage","url":"https:\/\/i0.wp.com\/truusk.store\/wp-content\/uploads\/2026\/02\/avfallstunnebox-for-2-tunnor-lasbar-avfallstunnekladsel-med-uppfallbart-lock-morkgra-1.webp?fit=2000%2C2000&ssl=1","contentUrl":"https:\/\/i0.wp.com\/truusk.store\/wp-content\/uploads\/2026\/02\/avfallstunnebox-for-2-tunnor-lasbar-avfallstunnekladsel-med-uppfallbart-lock-morkgra-1.webp?fit=2000%2C2000&ssl=1","width":2000,"height":2000},{"@type":"BreadcrumbList","@id":"https:\/\/truusk.store\/sv\/produkt\/truusk-avfallstunnebox-for-2-tunnor-lasbar-uppfallbart-lock-morkgra-hall-din-tradgard-ren-och-organiserad-enkel-att\/#breadcrumb","itemListElement":[{"@type":"ListItem","position":1,"name":"Home","item":"https:\/\/truusk.store\/sv\/"},{"@type":"ListItem","position":2,"name":"Shop","item":"https:\/\/truusk.store\/shop\/"},{"@type":"ListItem","position":3,"name":"TRUUSK Avfallstunnebox f\u00f6r 2 tunnor &#8211; L\u00e5sbar &#8211; Uppf\u00e4llbart lock &#8211; M\u00f6rkgr\u00e5 &#8211; H\u00e5ll din tr\u00e4dg\u00e5rd ren och organiserad &#8211; Enkel att"}]},{"@type":"WebSite","@id":"https:\/\/truusk.store\/sv\/#website","url":"https:\/\/truusk.store\/sv\/","name":"TRUUSK - Hem, Tr\u00e4dg\u00e5rd & Fritid","description":"","publisher":{"@id":"https:\/\/truusk.store\/sv\/#organization"},"potentialAction":[{"@type":"SearchAction","target":{"@type":"EntryPoint","urlTemplate":"https:\/\/truusk.store\/sv\/?s={search_term_string}"},"query-input":{"@type":"PropertyValueSpecification","valueRequired":true,"valueName":"search_term_string"}}],"inLanguage":"sv-SE"},{"@type":"Organization","@id":"https:\/\/truusk.store\/sv\/#organization","name":"TRUUSK - Hem, Tr\u00e4dg\u00e5rd & Fritid","url":"https:\/\/truusk.store\/sv\/","logo":{"@type":"ImageObject","inLanguage":"sv-SE","@id":"https:\/\/truusk.store\/sv\/#\/schema\/logo\/image\/","url":"https:\/\/i0.wp.com\/truusk.store\/wp-content\/uploads\/2026\/03\/cropped-TRUUSK.png?fit=2032%2C917&ssl=1","contentUrl":"https:\/\/i0.wp.com\/truusk.store\/wp-content\/uploads\/2026\/03\/cropped-TRUUSK.png?fit=2032%2C917&ssl=1","width":2032,"height":917,"caption":"TRUUSK - Hem, Tr\u00e4dg\u00e5rd & Fritid"},"image":{"@id":"https:\/\/truusk.store\/sv\/#\/schema\/logo\/image\/"}}]}},"jetpack_sharing_enabled":true,"_links":{"self":[{"href":"https:\/\/truusk.store\/sv\/wp-json\/wp\/v2\/product\/105842","targetHints":{"allow":["GET"]}}],"collection":[{"href":"https:\/\/truusk.store\/sv\/wp-json\/wp\/v2\/product"}],"about":[{"href":"https:\/\/truusk.store\/sv\/wp-json\/wp\/v2\/types\/product"}],"wp:featuredmedia":[{"embeddable":true,"href":"https:\/\/truusk.store\/sv\/wp-json\/wp\/v2\/media\/105830"}],"wp:attachment":[{"href":"https:\/\/truusk.store\/sv\/wp-json\/wp\/v2\/media?parent=105842"}],"wp:term":[{"taxonomy":"product_brand","embeddable":true,"href":"https:\/\/truusk.store\/sv\/wp-json\/wp\/v2\/product_brand?post=105842"},{"taxonomy":"product_cat","embeddable":true,"href":"https:\/\/truusk.store\/sv\/wp-json\/wp\/v2\/product_cat?post=105842"},{"taxonomy":"product_tag","embeddable":true,"href":"https:\/\/truusk.store\/sv\/wp-json\/wp\/v2\/product_tag?post=105842"}],"curies":[{"name":"wp","href":"https:\/\/api.w.org\/{rel}","templated":true}]}}