{"id":105854,"date":"2026-02-24T06:40:56","date_gmt":"2026-02-24T05:40:56","guid":{"rendered":"https:\/\/truusk.store\/product\/uppblasbart-stand-up-paddling-board-set-335cm-sup-board-med-kajaksits-justerbart-dubbel-paddel-fotrem\/"},"modified":"2026-03-12T08:52:40","modified_gmt":"2026-03-12T07:52:40","slug":"truusk-uppblasbart-sup-board-set-335cm-med-kajaksits-justerbart-dubbel-paddel-fotrem-stand-up-paddling-board-kit","status":"publish","type":"product","link":"https:\/\/truusk.store\/sv\/produkt\/truusk-uppblasbart-sup-board-set-335cm-med-kajaksits-justerbart-dubbel-paddel-fotrem-stand-up-paddling-board-kit\/","title":{"rendered":"TRUUSK Uppbl\u00e5sbart SUP Board Set 335cm &#8211; Med Kajaksits &#8211; Justerbart Dubbel-paddel &#8211; Fotrem &#8211; Stand Up Paddling Board Kit &#8211;"},"content":{"rendered":"<p>Upplev vatten\u00e4ventyr enligt dina \u00f6nskem\u00e5l &#8211; avslappnad, stabil och bekymmersfri. Det uppbl\u00e5sbara Stand Up Paddle Board fr\u00e5n [BRAND NAME] imponerar med komfort, s\u00e4kerhet och stabilitet. Med 335 x 82 cm och en b\u00e4rkapacitet upp till 180 kg erbjuder denna Stand Up Paddle Board utm\u00e4rkt balans och utrymme &#8211; perfekt f\u00f6r nyb\u00f6rjare, familjer och tyngre personer som f\u00f6redrar en s\u00e4ker och f\u00f6rl\u00e5tande anv\u00e4ndning.<\/p>\n<p>Beskrivning:<\/p>\n<ul>\n<li> Extra-l\u00e5ng 335 x 82 cm Standup Paddle Board erbjuder stabilitet och balans och st\u00f6djer upp till 180 kg f\u00f6r solo- eller tandempaddling<\/li>\n<li> En avtagbar sits g\u00f6r det enkelt att v\u00e4xla mellan st\u00e5ende och sittande paddling f\u00f6r komfort och m\u00e5ngsidighet<\/li>\n<li> All-in-One SUP-Kit: 3 avtagbara fenor, pump, reparationsset, b\u00e4rv\u00e4ska, fotledsrem, vattent\u00e4t mobilfodral och kopph\u00e5llare<\/li>\n<li> Det konvertibla paddeldesignen g\u00f6r det m\u00f6jligt att fritt v\u00e4xla mellan en enbladig SUP-paddel och en dubbelbladig kajakpaddel<\/li>\n<li> 3 mm tjock EVA halkfri d\u00e4ck ger p\u00e5litligt grepp, \u00e4ven n\u00e4r det \u00e4r v\u00e5tt<\/li>\n<li> 500D dubbelskiktat material med f\u00f6rst\u00e4rkta sidov\u00e4ggar, motst\u00e5r l\u00e4ckage, st\u00f6tar och \u00e4r h\u00e5llbart<\/li>\n<li> Den ca 15 minuter uppbl\u00e5sbara, hopf\u00e4llbara designen passar i en ryggs\u00e4ck och \u00e4r l\u00e4tt att transportera eller f\u00f6rvara<\/li>\n<\/ul>\n<p> Tekniska specifikationer:<\/p>\n<ul>\n<li> F\u00e4rg: Brun+Gr\u00f6n+Gul<\/li>\n<li> Material: 500D borstad plast, EVA<\/li>\n<li> Totala dimensioner: 335L x 82B x 15H cm<\/li>\n<li> Hopf\u00e4llbar storlek: 90L x 36B x 18H cm<\/li>\n<li> Halkfri EVA-yta: 196L x 69B cm<\/li>\n<li> Paddelh\u00f6jd: 166\u2013207 cm<\/li>\n<li> Maximal s\u00e4kerhetstryck: 15\u201318 PSI<\/li>\n<li> B\u00e4rkapacitet: 180 kg<\/li>\n<\/ul>\n<p>Leverans inneh\u00e5ller:<\/p>\n<ul>\n<li> 1 x Paddleboard<\/li>\n<li> 1 x Sits<\/li>\n<li> 1 x Vattent\u00e4t mobilfodral<\/li>\n<li> Dryckesh\u00e5llare<\/li>\n<li> 2 x Paddel<\/li>\n<li> 1 x S\u00e4kerhetslina f\u00f6r fotleden<\/li>\n<li> 3 x Avtagbar fena<\/li>\n<li> 1 x Luftpump<\/li>\n<li> Reparationsset<\/li>\n<li> 1 x Resv\u00e4ska<\/li>\n<li> 1 x Instruktioner<\/li>\n<\/ul>\n","protected":false},"excerpt":{"rendered":"<p>Upplev vatten\u00e4ventyr enligt dina \u00f6nskem\u00e5l &#8211; avslappnad, stabil och bekymmersfri. Det uppbl\u00e5sbara Stand Up Paddle Board fr\u00e5n [BRAND NAME] imponerar&#8230;<\/p>\n","protected":false},"featured_media":105843,"template":"","meta":[],"product_brand":[],"product_cat":[647,904],"product_tag":[],"class_list":{"0":"post-105854","1":"product","2":"type-product","3":"status-publish","4":"has-post-thumbnail","6":"product_cat-sport-fritid","7":"product_cat-vattensport","9":"first","10":"instock","11":"sale","12":"taxable","13":"shipping-taxable","14":"purchasable","15":"product-type-simple"},"yoast_head":"<!-- This site is optimized with the Yoast SEO plugin v25.4 - https:\/\/yoast.com\/wordpress\/plugins\/seo\/ -->\n<title>TRUUSK Uppbl\u00e5sbart SUP Board Set 335cm - Med Kajaksits - Justerbart Dubbel-paddel - Fotrem - Stand Up Paddling Board Kit - TRUUSK - Hem, Tr\u00e4dg\u00e5rd &amp; Fritid<\/title>\n<meta name=\"robots\" content=\"index, follow, max-snippet:-1, max-image-preview:large, max-video-preview:-1\" \/>\n<link rel=\"canonical\" href=\"https:\/\/truusk.store\/sv\/produkt\/truusk-uppblasbart-sup-board-set-335cm-med-kajaksits-justerbart-dubbel-paddel-fotrem-stand-up-paddling-board-kit\/\" \/>\n<meta property=\"og:locale\" content=\"sv_SE\" \/>\n<meta property=\"og:type\" content=\"article\" \/>\n<meta property=\"og:title\" content=\"TRUUSK Uppbl\u00e5sbart SUP Board Set 335cm - Med Kajaksits - Justerbart Dubbel-paddel - Fotrem - Stand Up Paddling Board Kit - TRUUSK - Hem, Tr\u00e4dg\u00e5rd &amp; Fritid\" \/>\n<meta property=\"og:description\" content=\"Upplev vatten\u00e4ventyr enligt dina \u00f6nskem\u00e5l &#8211; avslappnad, stabil och bekymmersfri. Det uppbl\u00e5sbara Stand Up Paddle Board fr\u00e5n [BRAND NAME] imponerar...\" \/>\n<meta property=\"og:url\" content=\"https:\/\/truusk.store\/sv\/produkt\/truusk-uppblasbart-sup-board-set-335cm-med-kajaksits-justerbart-dubbel-paddel-fotrem-stand-up-paddling-board-kit\/\" \/>\n<meta property=\"og:site_name\" content=\"TRUUSK - Hem, Tr\u00e4dg\u00e5rd &amp; Fritid\" \/>\n<meta property=\"article:modified_time\" content=\"2026-03-12T07:52:40+00:00\" \/>\n<meta property=\"og:image\" content=\"https:\/\/i0.wp.com\/truusk.se\/wp-content\/uploads\/2026\/02\/uppblasbart-stand-up-paddling-board-set-335cm-sup-board-med-kajaksits-justerbart-dubbel-paddel-fotrem-1.webp?fit=2000%2C2000&ssl=1\" \/>\n\t<meta property=\"og:image:width\" content=\"2000\" \/>\n\t<meta property=\"og:image:height\" content=\"2000\" \/>\n\t<meta property=\"og:image:type\" content=\"image\/webp\" \/>\n<meta name=\"twitter:card\" content=\"summary_large_image\" \/>\n<meta name=\"twitter:label1\" content=\"Ber\u00e4knad l\u00e4stid\" \/>\n\t<meta name=\"twitter:data1\" content=\"1 minut\" \/>\n<!-- \/ Yoast SEO plugin. -->","yoast_head_json":{"title":"TRUUSK Uppbl\u00e5sbart SUP Board Set 335cm - Med Kajaksits - Justerbart Dubbel-paddel - Fotrem - Stand Up Paddling Board Kit - TRUUSK - Hem, Tr\u00e4dg\u00e5rd &amp; Fritid","robots":{"index":"index","follow":"follow","max-snippet":"max-snippet:-1","max-image-preview":"max-image-preview:large","max-video-preview":"max-video-preview:-1"},"canonical":"https:\/\/truusk.store\/sv\/produkt\/truusk-uppblasbart-sup-board-set-335cm-med-kajaksits-justerbart-dubbel-paddel-fotrem-stand-up-paddling-board-kit\/","og_locale":"sv_SE","og_type":"article","og_title":"TRUUSK Uppbl\u00e5sbart SUP Board Set 335cm - Med Kajaksits - Justerbart Dubbel-paddel - Fotrem - Stand Up Paddling Board Kit - TRUUSK - Hem, Tr\u00e4dg\u00e5rd &amp; Fritid","og_description":"Upplev vatten\u00e4ventyr enligt dina \u00f6nskem\u00e5l &#8211; avslappnad, stabil och bekymmersfri. Det uppbl\u00e5sbara Stand Up Paddle Board fr\u00e5n [BRAND NAME] imponerar...","og_url":"https:\/\/truusk.store\/sv\/produkt\/truusk-uppblasbart-sup-board-set-335cm-med-kajaksits-justerbart-dubbel-paddel-fotrem-stand-up-paddling-board-kit\/","og_site_name":"TRUUSK - Hem, Tr\u00e4dg\u00e5rd &amp; Fritid","article_modified_time":"2026-03-12T07:52:40+00:00","og_image":[{"width":2000,"height":2000,"url":"https:\/\/i0.wp.com\/truusk.se\/wp-content\/uploads\/2026\/02\/uppblasbart-stand-up-paddling-board-set-335cm-sup-board-med-kajaksits-justerbart-dubbel-paddel-fotrem-1.webp?fit=2000%2C2000&ssl=1","type":"image\/webp"}],"twitter_card":"summary_large_image","twitter_misc":{"Ber\u00e4knad l\u00e4stid":"1 minut"},"schema":{"@context":"https:\/\/schema.org","@graph":[{"@type":"WebPage","@id":"https:\/\/truusk.store\/sv\/produkt\/truusk-uppblasbart-sup-board-set-335cm-med-kajaksits-justerbart-dubbel-paddel-fotrem-stand-up-paddling-board-kit\/","url":"https:\/\/truusk.store\/sv\/produkt\/truusk-uppblasbart-sup-board-set-335cm-med-kajaksits-justerbart-dubbel-paddel-fotrem-stand-up-paddling-board-kit\/","name":"TRUUSK Uppbl\u00e5sbart SUP Board Set 335cm - Med Kajaksits - Justerbart Dubbel-paddel - Fotrem - Stand Up Paddling Board Kit - TRUUSK - Hem, Tr\u00e4dg\u00e5rd &amp; Fritid","isPartOf":{"@id":"https:\/\/truusk.store\/sv\/#website"},"primaryImageOfPage":{"@id":"https:\/\/truusk.store\/sv\/produkt\/truusk-uppblasbart-sup-board-set-335cm-med-kajaksits-justerbart-dubbel-paddel-fotrem-stand-up-paddling-board-kit\/#primaryimage"},"image":{"@id":"https:\/\/truusk.store\/sv\/produkt\/truusk-uppblasbart-sup-board-set-335cm-med-kajaksits-justerbart-dubbel-paddel-fotrem-stand-up-paddling-board-kit\/#primaryimage"},"thumbnailUrl":"https:\/\/i0.wp.com\/truusk.store\/wp-content\/uploads\/2026\/02\/uppblasbart-stand-up-paddling-board-set-335cm-sup-board-med-kajaksits-justerbart-dubbel-paddel-fotrem-1.webp?fit=2000%2C2000&ssl=1","datePublished":"2026-02-24T05:40:56+00:00","dateModified":"2026-03-12T07:52:40+00:00","breadcrumb":{"@id":"https:\/\/truusk.store\/sv\/produkt\/truusk-uppblasbart-sup-board-set-335cm-med-kajaksits-justerbart-dubbel-paddel-fotrem-stand-up-paddling-board-kit\/#breadcrumb"},"inLanguage":"sv-SE","potentialAction":[{"@type":"ReadAction","target":["https:\/\/truusk.store\/sv\/produkt\/truusk-uppblasbart-sup-board-set-335cm-med-kajaksits-justerbart-dubbel-paddel-fotrem-stand-up-paddling-board-kit\/"]}]},{"@type":"ImageObject","inLanguage":"sv-SE","@id":"https:\/\/truusk.store\/sv\/produkt\/truusk-uppblasbart-sup-board-set-335cm-med-kajaksits-justerbart-dubbel-paddel-fotrem-stand-up-paddling-board-kit\/#primaryimage","url":"https:\/\/i0.wp.com\/truusk.store\/wp-content\/uploads\/2026\/02\/uppblasbart-stand-up-paddling-board-set-335cm-sup-board-med-kajaksits-justerbart-dubbel-paddel-fotrem-1.webp?fit=2000%2C2000&ssl=1","contentUrl":"https:\/\/i0.wp.com\/truusk.store\/wp-content\/uploads\/2026\/02\/uppblasbart-stand-up-paddling-board-set-335cm-sup-board-med-kajaksits-justerbart-dubbel-paddel-fotrem-1.webp?fit=2000%2C2000&ssl=1","width":2000,"height":2000},{"@type":"BreadcrumbList","@id":"https:\/\/truusk.store\/sv\/produkt\/truusk-uppblasbart-sup-board-set-335cm-med-kajaksits-justerbart-dubbel-paddel-fotrem-stand-up-paddling-board-kit\/#breadcrumb","itemListElement":[{"@type":"ListItem","position":1,"name":"Home","item":"https:\/\/truusk.store\/sv\/"},{"@type":"ListItem","position":2,"name":"Shop","item":"https:\/\/truusk.store\/shop\/"},{"@type":"ListItem","position":3,"name":"TRUUSK Uppbl\u00e5sbart SUP Board Set 335cm &#8211; Med Kajaksits &#8211; Justerbart Dubbel-paddel &#8211; Fotrem &#8211; Stand Up Paddling Board Kit &#8211;"}]},{"@type":"WebSite","@id":"https:\/\/truusk.store\/sv\/#website","url":"https:\/\/truusk.store\/sv\/","name":"TRUUSK - Hem, Tr\u00e4dg\u00e5rd & Fritid","description":"","publisher":{"@id":"https:\/\/truusk.store\/sv\/#organization"},"potentialAction":[{"@type":"SearchAction","target":{"@type":"EntryPoint","urlTemplate":"https:\/\/truusk.store\/sv\/?s={search_term_string}"},"query-input":{"@type":"PropertyValueSpecification","valueRequired":true,"valueName":"search_term_string"}}],"inLanguage":"sv-SE"},{"@type":"Organization","@id":"https:\/\/truusk.store\/sv\/#organization","name":"TRUUSK - Hem, Tr\u00e4dg\u00e5rd & Fritid","url":"https:\/\/truusk.store\/sv\/","logo":{"@type":"ImageObject","inLanguage":"sv-SE","@id":"https:\/\/truusk.store\/sv\/#\/schema\/logo\/image\/","url":"https:\/\/i0.wp.com\/truusk.store\/wp-content\/uploads\/2026\/03\/cropped-TRUUSK.png?fit=2032%2C917&ssl=1","contentUrl":"https:\/\/i0.wp.com\/truusk.store\/wp-content\/uploads\/2026\/03\/cropped-TRUUSK.png?fit=2032%2C917&ssl=1","width":2032,"height":917,"caption":"TRUUSK - Hem, Tr\u00e4dg\u00e5rd & Fritid"},"image":{"@id":"https:\/\/truusk.store\/sv\/#\/schema\/logo\/image\/"}}]}},"jetpack_sharing_enabled":true,"_links":{"self":[{"href":"https:\/\/truusk.store\/sv\/wp-json\/wp\/v2\/product\/105854","targetHints":{"allow":["GET"]}}],"collection":[{"href":"https:\/\/truusk.store\/sv\/wp-json\/wp\/v2\/product"}],"about":[{"href":"https:\/\/truusk.store\/sv\/wp-json\/wp\/v2\/types\/product"}],"wp:featuredmedia":[{"embeddable":true,"href":"https:\/\/truusk.store\/sv\/wp-json\/wp\/v2\/media\/105843"}],"wp:attachment":[{"href":"https:\/\/truusk.store\/sv\/wp-json\/wp\/v2\/media?parent=105854"}],"wp:term":[{"taxonomy":"product_brand","embeddable":true,"href":"https:\/\/truusk.store\/sv\/wp-json\/wp\/v2\/product_brand?post=105854"},{"taxonomy":"product_cat","embeddable":true,"href":"https:\/\/truusk.store\/sv\/wp-json\/wp\/v2\/product_cat?post=105854"},{"taxonomy":"product_tag","embeddable":true,"href":"https:\/\/truusk.store\/sv\/wp-json\/wp\/v2\/product_tag?post=105854"}],"curies":[{"name":"wp","href":"https:\/\/api.w.org\/{rel}","templated":true}]}}