{"id":105864,"date":"2026-02-24T06:41:52","date_gmt":"2026-02-24T05:41:52","guid":{"rendered":"https:\/\/truusk.store\/product\/uppblasbart-stand-up-paddling-board-set-320cm-sup-board-med-justerbart-paddel-halkfritt-eva-dack-fotrem-pump\/"},"modified":"2026-03-12T08:52:41","modified_gmt":"2026-03-12T07:52:41","slug":"truusk-uppblasbart-stand-up-paddling-board-set-320cm-med-justerbart-paddel-halkfritt-eva-dack-fotrem-pump","status":"publish","type":"product","link":"https:\/\/truusk.store\/sv\/produkt\/truusk-uppblasbart-stand-up-paddling-board-set-320cm-med-justerbart-paddel-halkfritt-eva-dack-fotrem-pump\/","title":{"rendered":"TRUUSK Uppbl\u00e5sbart Stand Up Paddling Board Set &#8211; 320cm &#8211; Med Justerbart Paddel &#8211; Halkfritt EVA-D\u00e4ck &#8211; Fotrem &#8211; Pump"},"content":{"rendered":"<p>Upplev vattnet avslappnat, stabilt och stressfritt. Det uppbl\u00e5sbara Stand Up Paddling Board fr\u00e5n [BRAND NAME] erbjuder komfort, s\u00e4kerhet och f\u00f6rtroende. Med en storlek p\u00e5 320 x 82 cm och en b\u00e4rkapacitet p\u00e5 160 kg erbjuder detta Stand Up Paddle Board optimal balans och utrymme. Perfekt f\u00f6r nyb\u00f6rjare, familjer och tyngre anv\u00e4ndare som f\u00f6redrar en s\u00e4ker och stabil \u00e5ktur. Idealisk f\u00f6r alla som uppskattar avslappnad paddling.<\/p>\n<p>Beskrivning:<\/p>\n<ul>\n<li> Designen p\u00e5 320 x 82 cm p\u00e5 detta Stand Up Paddling Board erbjuder mer stabilitet och komfort f\u00f6r nyb\u00f6rjare och tyngre \u00e5kare<\/li>\n<li> Stor 3 mm EVA-matta erbjuder starkt grepp och komfort, \u00e4ven n\u00e4r det \u00e4r v\u00e5tt, l\u00e4mpligt f\u00f6r ditt Stand Up Paddle<\/li>\n<li> B\u00e4r upp till 160 kg, s\u00e5 att du kan paddla med f\u00f6rtroende och r\u00f6relsefrihet p\u00e5 Stand Up Paddle Board<\/li>\n<li> 500D dubbelskiktat material med f\u00f6rst\u00e4rkta sidov\u00e4ggar f\u00f6r l\u00e5ngvarig h\u00e5llbarhet<\/li>\n<li> Komplett SUP-set ing\u00e5r: Justerbart paddel, pump (max. 18 PSI), fen, leash, reparationsset och ryggs\u00e4ck &#8211; allt i en l\u00e5da<\/li>\n<li> Kan snabbt t\u00f6mmas och f\u00f6rvaras i en kompakt ryggs\u00e4ck f\u00f6r resor eller f\u00f6rvaring hemma<\/li>\n<li> F\u00f6r vuxna upp till 2 personer<\/li>\n<\/ul>\n<p> Tekniska data:<\/p>\n<ul>\n<li> F\u00e4rg: Bl\u00e5<\/li>\n<li> Material: 500D borstad plast, EVA<\/li>\n<li> Totala dimensioner: 320L x 82B x 15H cm<\/li>\n<li> Vikt m\u00e5tt: 90L x 36B x 18H cm<\/li>\n<li> Halkfri EVA-yta: 198L x 72B cm<\/li>\n<li> Paddelh\u00f6jd: 166-207 cm<\/li>\n<li> Maximal s\u00e4kerhetstryck: 15\u201318 PSI<\/li>\n<li> Nettovikt: 11 kg<\/li>\n<li> B\u00e4rkapacitet: 160 kg<\/li>\n<\/ul>\n<p>Leverans inneh\u00e5ller:<\/p>\n<ul>\n<li> 1 x Paddle Board<\/li>\n<li> 1 x Paddel<\/li>\n<li> 1 x S\u00e4kerhetslina f\u00f6r fotleden<\/li>\n<li> 1 x Avtagbar fen<\/li>\n<li> 1 x Luftpump<\/li>\n<li> Reparationsset<\/li>\n<li> 1 x Reseryggs\u00e4ck<\/li>\n<li> 1 x Instruktioner<\/li>\n<\/ul>\n","protected":false},"excerpt":{"rendered":"<p>Upplev vattnet avslappnat, stabilt och stressfritt. Det uppbl\u00e5sbara Stand Up Paddling Board fr\u00e5n [BRAND NAME] erbjuder komfort, s\u00e4kerhet och f\u00f6rtroende&#8230;.<\/p>\n","protected":false},"featured_media":105851,"template":"","meta":[],"product_brand":[],"product_cat":[647,904],"product_tag":[],"class_list":{"0":"post-105864","1":"product","2":"type-product","3":"status-publish","4":"has-post-thumbnail","6":"product_cat-sport-fritid","7":"product_cat-vattensport","9":"first","10":"instock","11":"sale","12":"taxable","13":"shipping-taxable","14":"purchasable","15":"product-type-simple"},"yoast_head":"<!-- This site is optimized with the Yoast SEO plugin v25.4 - https:\/\/yoast.com\/wordpress\/plugins\/seo\/ -->\n<title>TRUUSK Uppbl\u00e5sbart Stand Up Paddling Board Set - 320cm - Med Justerbart Paddel - Halkfritt EVA-D\u00e4ck - Fotrem - Pump - TRUUSK - Hem, Tr\u00e4dg\u00e5rd &amp; Fritid<\/title>\n<meta name=\"robots\" content=\"index, follow, max-snippet:-1, max-image-preview:large, max-video-preview:-1\" \/>\n<link rel=\"canonical\" href=\"https:\/\/truusk.store\/sv\/produkt\/truusk-uppblasbart-stand-up-paddling-board-set-320cm-med-justerbart-paddel-halkfritt-eva-dack-fotrem-pump\/\" \/>\n<meta property=\"og:locale\" content=\"sv_SE\" \/>\n<meta property=\"og:type\" content=\"article\" \/>\n<meta property=\"og:title\" content=\"TRUUSK Uppbl\u00e5sbart Stand Up Paddling Board Set - 320cm - Med Justerbart Paddel - Halkfritt EVA-D\u00e4ck - Fotrem - Pump - TRUUSK - Hem, Tr\u00e4dg\u00e5rd &amp; Fritid\" \/>\n<meta property=\"og:description\" content=\"Upplev vattnet avslappnat, stabilt och stressfritt. Det uppbl\u00e5sbara Stand Up Paddling Board fr\u00e5n [BRAND NAME] erbjuder komfort, s\u00e4kerhet och f\u00f6rtroende....\" \/>\n<meta property=\"og:url\" content=\"https:\/\/truusk.store\/sv\/produkt\/truusk-uppblasbart-stand-up-paddling-board-set-320cm-med-justerbart-paddel-halkfritt-eva-dack-fotrem-pump\/\" \/>\n<meta property=\"og:site_name\" content=\"TRUUSK - Hem, Tr\u00e4dg\u00e5rd &amp; Fritid\" \/>\n<meta property=\"article:modified_time\" content=\"2026-03-12T07:52:41+00:00\" \/>\n<meta property=\"og:image\" content=\"https:\/\/i0.wp.com\/truusk.se\/wp-content\/uploads\/2026\/02\/uppblasbart-stand-up-paddling-board-set-320cm-sup-board-med-justerbart-paddel-halkfritt-eva-dack-fotrem-pump-1.webp?fit=2000%2C2000&ssl=1\" \/>\n\t<meta property=\"og:image:width\" content=\"2000\" \/>\n\t<meta property=\"og:image:height\" content=\"2000\" \/>\n\t<meta property=\"og:image:type\" content=\"image\/webp\" \/>\n<meta name=\"twitter:card\" content=\"summary_large_image\" \/>\n<meta name=\"twitter:label1\" content=\"Ber\u00e4knad l\u00e4stid\" \/>\n\t<meta name=\"twitter:data1\" content=\"1 minut\" \/>\n<!-- \/ Yoast SEO plugin. -->","yoast_head_json":{"title":"TRUUSK Uppbl\u00e5sbart Stand Up Paddling Board Set - 320cm - Med Justerbart Paddel - Halkfritt EVA-D\u00e4ck - Fotrem - Pump - TRUUSK - Hem, Tr\u00e4dg\u00e5rd &amp; Fritid","robots":{"index":"index","follow":"follow","max-snippet":"max-snippet:-1","max-image-preview":"max-image-preview:large","max-video-preview":"max-video-preview:-1"},"canonical":"https:\/\/truusk.store\/sv\/produkt\/truusk-uppblasbart-stand-up-paddling-board-set-320cm-med-justerbart-paddel-halkfritt-eva-dack-fotrem-pump\/","og_locale":"sv_SE","og_type":"article","og_title":"TRUUSK Uppbl\u00e5sbart Stand Up Paddling Board Set - 320cm - Med Justerbart Paddel - Halkfritt EVA-D\u00e4ck - Fotrem - Pump - TRUUSK - Hem, Tr\u00e4dg\u00e5rd &amp; Fritid","og_description":"Upplev vattnet avslappnat, stabilt och stressfritt. Det uppbl\u00e5sbara Stand Up Paddling Board fr\u00e5n [BRAND NAME] erbjuder komfort, s\u00e4kerhet och f\u00f6rtroende....","og_url":"https:\/\/truusk.store\/sv\/produkt\/truusk-uppblasbart-stand-up-paddling-board-set-320cm-med-justerbart-paddel-halkfritt-eva-dack-fotrem-pump\/","og_site_name":"TRUUSK - Hem, Tr\u00e4dg\u00e5rd &amp; Fritid","article_modified_time":"2026-03-12T07:52:41+00:00","og_image":[{"width":2000,"height":2000,"url":"https:\/\/i0.wp.com\/truusk.se\/wp-content\/uploads\/2026\/02\/uppblasbart-stand-up-paddling-board-set-320cm-sup-board-med-justerbart-paddel-halkfritt-eva-dack-fotrem-pump-1.webp?fit=2000%2C2000&ssl=1","type":"image\/webp"}],"twitter_card":"summary_large_image","twitter_misc":{"Ber\u00e4knad l\u00e4stid":"1 minut"},"schema":{"@context":"https:\/\/schema.org","@graph":[{"@type":"WebPage","@id":"https:\/\/truusk.store\/sv\/produkt\/truusk-uppblasbart-stand-up-paddling-board-set-320cm-med-justerbart-paddel-halkfritt-eva-dack-fotrem-pump\/","url":"https:\/\/truusk.store\/sv\/produkt\/truusk-uppblasbart-stand-up-paddling-board-set-320cm-med-justerbart-paddel-halkfritt-eva-dack-fotrem-pump\/","name":"TRUUSK Uppbl\u00e5sbart Stand Up Paddling Board Set - 320cm - Med Justerbart Paddel - Halkfritt EVA-D\u00e4ck - Fotrem - Pump - TRUUSK - Hem, Tr\u00e4dg\u00e5rd &amp; Fritid","isPartOf":{"@id":"https:\/\/truusk.store\/sv\/#website"},"primaryImageOfPage":{"@id":"https:\/\/truusk.store\/sv\/produkt\/truusk-uppblasbart-stand-up-paddling-board-set-320cm-med-justerbart-paddel-halkfritt-eva-dack-fotrem-pump\/#primaryimage"},"image":{"@id":"https:\/\/truusk.store\/sv\/produkt\/truusk-uppblasbart-stand-up-paddling-board-set-320cm-med-justerbart-paddel-halkfritt-eva-dack-fotrem-pump\/#primaryimage"},"thumbnailUrl":"https:\/\/i0.wp.com\/truusk.store\/wp-content\/uploads\/2026\/02\/uppblasbart-stand-up-paddling-board-set-320cm-sup-board-med-justerbart-paddel-halkfritt-eva-dack-fotrem-pump-1.webp?fit=2000%2C2000&ssl=1","datePublished":"2026-02-24T05:41:52+00:00","dateModified":"2026-03-12T07:52:41+00:00","breadcrumb":{"@id":"https:\/\/truusk.store\/sv\/produkt\/truusk-uppblasbart-stand-up-paddling-board-set-320cm-med-justerbart-paddel-halkfritt-eva-dack-fotrem-pump\/#breadcrumb"},"inLanguage":"sv-SE","potentialAction":[{"@type":"ReadAction","target":["https:\/\/truusk.store\/sv\/produkt\/truusk-uppblasbart-stand-up-paddling-board-set-320cm-med-justerbart-paddel-halkfritt-eva-dack-fotrem-pump\/"]}]},{"@type":"ImageObject","inLanguage":"sv-SE","@id":"https:\/\/truusk.store\/sv\/produkt\/truusk-uppblasbart-stand-up-paddling-board-set-320cm-med-justerbart-paddel-halkfritt-eva-dack-fotrem-pump\/#primaryimage","url":"https:\/\/i0.wp.com\/truusk.store\/wp-content\/uploads\/2026\/02\/uppblasbart-stand-up-paddling-board-set-320cm-sup-board-med-justerbart-paddel-halkfritt-eva-dack-fotrem-pump-1.webp?fit=2000%2C2000&ssl=1","contentUrl":"https:\/\/i0.wp.com\/truusk.store\/wp-content\/uploads\/2026\/02\/uppblasbart-stand-up-paddling-board-set-320cm-sup-board-med-justerbart-paddel-halkfritt-eva-dack-fotrem-pump-1.webp?fit=2000%2C2000&ssl=1","width":2000,"height":2000},{"@type":"BreadcrumbList","@id":"https:\/\/truusk.store\/sv\/produkt\/truusk-uppblasbart-stand-up-paddling-board-set-320cm-med-justerbart-paddel-halkfritt-eva-dack-fotrem-pump\/#breadcrumb","itemListElement":[{"@type":"ListItem","position":1,"name":"Home","item":"https:\/\/truusk.store\/sv\/"},{"@type":"ListItem","position":2,"name":"Shop","item":"https:\/\/truusk.store\/shop\/"},{"@type":"ListItem","position":3,"name":"TRUUSK Uppbl\u00e5sbart Stand Up Paddling Board Set &#8211; 320cm &#8211; Med Justerbart Paddel &#8211; Halkfritt EVA-D\u00e4ck &#8211; Fotrem &#8211; Pump"}]},{"@type":"WebSite","@id":"https:\/\/truusk.store\/sv\/#website","url":"https:\/\/truusk.store\/sv\/","name":"TRUUSK - Hem, Tr\u00e4dg\u00e5rd & Fritid","description":"","publisher":{"@id":"https:\/\/truusk.store\/sv\/#organization"},"potentialAction":[{"@type":"SearchAction","target":{"@type":"EntryPoint","urlTemplate":"https:\/\/truusk.store\/sv\/?s={search_term_string}"},"query-input":{"@type":"PropertyValueSpecification","valueRequired":true,"valueName":"search_term_string"}}],"inLanguage":"sv-SE"},{"@type":"Organization","@id":"https:\/\/truusk.store\/sv\/#organization","name":"TRUUSK - Hem, Tr\u00e4dg\u00e5rd & Fritid","url":"https:\/\/truusk.store\/sv\/","logo":{"@type":"ImageObject","inLanguage":"sv-SE","@id":"https:\/\/truusk.store\/sv\/#\/schema\/logo\/image\/","url":"https:\/\/i0.wp.com\/truusk.store\/wp-content\/uploads\/2026\/03\/cropped-TRUUSK.png?fit=2032%2C917&ssl=1","contentUrl":"https:\/\/i0.wp.com\/truusk.store\/wp-content\/uploads\/2026\/03\/cropped-TRUUSK.png?fit=2032%2C917&ssl=1","width":2032,"height":917,"caption":"TRUUSK - Hem, Tr\u00e4dg\u00e5rd & Fritid"},"image":{"@id":"https:\/\/truusk.store\/sv\/#\/schema\/logo\/image\/"}}]}},"jetpack_sharing_enabled":true,"_links":{"self":[{"href":"https:\/\/truusk.store\/sv\/wp-json\/wp\/v2\/product\/105864","targetHints":{"allow":["GET"]}}],"collection":[{"href":"https:\/\/truusk.store\/sv\/wp-json\/wp\/v2\/product"}],"about":[{"href":"https:\/\/truusk.store\/sv\/wp-json\/wp\/v2\/types\/product"}],"wp:featuredmedia":[{"embeddable":true,"href":"https:\/\/truusk.store\/sv\/wp-json\/wp\/v2\/media\/105851"}],"wp:attachment":[{"href":"https:\/\/truusk.store\/sv\/wp-json\/wp\/v2\/media?parent=105864"}],"wp:term":[{"taxonomy":"product_brand","embeddable":true,"href":"https:\/\/truusk.store\/sv\/wp-json\/wp\/v2\/product_brand?post=105864"},{"taxonomy":"product_cat","embeddable":true,"href":"https:\/\/truusk.store\/sv\/wp-json\/wp\/v2\/product_cat?post=105864"},{"taxonomy":"product_tag","embeddable":true,"href":"https:\/\/truusk.store\/sv\/wp-json\/wp\/v2\/product_tag?post=105864"}],"curies":[{"name":"wp","href":"https:\/\/api.w.org\/{rel}","templated":true}]}}