{"id":105873,"date":"2026-02-24T06:42:47","date_gmt":"2026-02-24T05:42:47","guid":{"rendered":"https:\/\/truusk.store\/product\/agility-set-for-hundar-4-delat-agilityutrustning-med-hinder-justerbar-hojd-traningsset-for-sma-hundar-barvaska\/"},"modified":"2026-03-12T08:52:41","modified_gmt":"2026-03-12T07:52:41","slug":"truusk-agility-set-for-hundar-4-delat-hinder-justerbar-hojd-barvaska-inkluderad-traningsset-for-sma-hundar","status":"publish","type":"product","link":"https:\/\/truusk.store\/sv\/produkt\/truusk-agility-set-for-hundar-4-delat-hinder-justerbar-hojd-barvaska-inkluderad-traningsset-for-sma-hundar\/","title":{"rendered":"TRUUSK Agility Set f\u00f6r Hundar &#8211; 4-delat Hinder &#8211; Justerbar H\u00f6jd &#8211; B\u00e4rv\u00e4ska inkluderad &#8211; Tr\u00e4ningsset f\u00f6r Sm\u00e5 Hundar"},"content":{"rendered":"<p>Tr\u00f6tt p\u00e5 samma gamla apporteringsspel i tr\u00e4dg\u00e5rden? Det kan vara sv\u00e5rt att h\u00e5lla din hund aktiv och intresserad, s\u00e4rskilt n\u00e4r tr\u00e4ningsutrustning \u00e4r klumpig. [BRAND NAME] Agility Set f\u00f6r hundar f\u00f6rvandlar vilket omr\u00e5de som helst till en dynamisk tr\u00e4ningsplats. Denna agility-tr\u00e4ningsutrustning f\u00f6r hundar \u00e4r uppsatt p\u00e5 n\u00e5gra minuter, erbjuder tre justerbara h\u00f6jder f\u00f6r v\u00e4xande f\u00e4rdigheter och kan kompakt f\u00f6rvaras, s\u00e5 att du kan tr\u00e4na var som helst.<\/p>\n<p>Beskrivning:<\/p>\n<ul>\n<li> Agility Set f\u00f6r hundar inneh\u00e5ller fyra hopp f\u00f6r m\u00e5ngsidig tr\u00e4ning f\u00f6r att h\u00e5lla din hund upptagen och aktiv<\/li>\n<li> Har tre justerbara h\u00f6jder f\u00f6r hundar p\u00e5 alla f\u00e4rdighetsniv\u00e5er<\/li>\n<li> Kan s\u00e4ttas upp p\u00e5 n\u00e5gra minuter utan verktyg, f\u00f6r enkel installation<\/li>\n<li> Levereras med en Oxford-v\u00e4ska f\u00f6r praktisk transport till parker eller tr\u00e4dg\u00e5rdar<\/li>\n<li> Tillverkad av robust plast f\u00f6r s\u00e4ker anv\u00e4ndning<\/li>\n<li> St\u00e4rker bandet till ditt husdjur genom roliga, interaktiva tr\u00e4ningspass<\/li>\n<li> Montering kr\u00e4vs<\/li>\n<\/ul>\n<p> Tekniska specifikationer:<\/p>\n<ul>\n<li> F\u00e4rg: Orange+Bl\u00e5+Svart<\/li>\n<li> Material: Plast, 600D Oxford-tyg<\/li>\n<li> Totala dimensioner: 87B x 56T x 41H cm (enskild upps\u00e4ttning)<\/li>\n<li> Justerbar h\u00f6jd: 13 cm, 21 cm, 28 cm<\/li>\n<li> R\u00f6rdiameter: \u00d825 mm<\/li>\n<\/ul>\n<p>Leverans inneh\u00e5ller:<\/p>\n<ul>\n<li> 1 x Husdjurs-Agility-Set<\/li>\n<li> 1 x Instruktioner<\/li>\n<\/ul>\n","protected":false},"excerpt":{"rendered":"<p>Tr\u00f6tt p\u00e5 samma gamla apporteringsspel i tr\u00e4dg\u00e5rden? Det kan vara sv\u00e5rt att h\u00e5lla din hund aktiv och intresserad, s\u00e4rskilt n\u00e4r&#8230;<\/p>\n","protected":false},"featured_media":105861,"template":"","meta":[],"product_brand":[],"product_cat":[578,878,574],"product_tag":[],"class_list":{"0":"post-105873","1":"product","2":"type-product","3":"status-publish","4":"has-post-thumbnail","6":"product_cat-agility-set","7":"product_cat-djurbehov","8":"product_cat-hundtillbehor","10":"first","11":"instock","12":"sale","13":"taxable","14":"shipping-taxable","15":"purchasable","16":"product-type-simple"},"yoast_head":"<!-- This site is optimized with the Yoast SEO plugin v25.4 - https:\/\/yoast.com\/wordpress\/plugins\/seo\/ -->\n<title>TRUUSK Agility Set f\u00f6r Hundar - 4-delat Hinder - Justerbar H\u00f6jd - B\u00e4rv\u00e4ska inkluderad - Tr\u00e4ningsset f\u00f6r Sm\u00e5 Hundar - TRUUSK - Hem, Tr\u00e4dg\u00e5rd &amp; Fritid<\/title>\n<meta name=\"robots\" content=\"index, follow, max-snippet:-1, max-image-preview:large, max-video-preview:-1\" \/>\n<link rel=\"canonical\" href=\"https:\/\/truusk.store\/sv\/produkt\/truusk-agility-set-for-hundar-4-delat-hinder-justerbar-hojd-barvaska-inkluderad-traningsset-for-sma-hundar\/\" \/>\n<meta property=\"og:locale\" content=\"sv_SE\" \/>\n<meta property=\"og:type\" content=\"article\" \/>\n<meta property=\"og:title\" content=\"TRUUSK Agility Set f\u00f6r Hundar - 4-delat Hinder - Justerbar H\u00f6jd - B\u00e4rv\u00e4ska inkluderad - Tr\u00e4ningsset f\u00f6r Sm\u00e5 Hundar - TRUUSK - Hem, Tr\u00e4dg\u00e5rd &amp; Fritid\" \/>\n<meta property=\"og:description\" content=\"Tr\u00f6tt p\u00e5 samma gamla apporteringsspel i tr\u00e4dg\u00e5rden? Det kan vara sv\u00e5rt att h\u00e5lla din hund aktiv och intresserad, s\u00e4rskilt n\u00e4r...\" \/>\n<meta property=\"og:url\" content=\"https:\/\/truusk.store\/sv\/produkt\/truusk-agility-set-for-hundar-4-delat-hinder-justerbar-hojd-barvaska-inkluderad-traningsset-for-sma-hundar\/\" \/>\n<meta property=\"og:site_name\" content=\"TRUUSK - Hem, Tr\u00e4dg\u00e5rd &amp; Fritid\" \/>\n<meta property=\"article:modified_time\" content=\"2026-03-12T07:52:41+00:00\" \/>\n<meta property=\"og:image\" content=\"https:\/\/i0.wp.com\/truusk.se\/wp-content\/uploads\/2026\/02\/agility-set-for-hundar-4-delat-agilityutrustning-med-hinder-justerbar-hojd-traningsset-for-sma-hundar-barvaska-1.webp?fit=2000%2C2000&ssl=1\" \/>\n\t<meta property=\"og:image:width\" content=\"2000\" \/>\n\t<meta property=\"og:image:height\" content=\"2000\" \/>\n\t<meta property=\"og:image:type\" content=\"image\/webp\" \/>\n<meta name=\"twitter:card\" content=\"summary_large_image\" \/>\n<meta name=\"twitter:label1\" content=\"Ber\u00e4knad l\u00e4stid\" \/>\n\t<meta name=\"twitter:data1\" content=\"1 minut\" \/>\n<!-- \/ Yoast SEO plugin. -->","yoast_head_json":{"title":"TRUUSK Agility Set f\u00f6r Hundar - 4-delat Hinder - Justerbar H\u00f6jd - B\u00e4rv\u00e4ska inkluderad - Tr\u00e4ningsset f\u00f6r Sm\u00e5 Hundar - TRUUSK - Hem, Tr\u00e4dg\u00e5rd &amp; Fritid","robots":{"index":"index","follow":"follow","max-snippet":"max-snippet:-1","max-image-preview":"max-image-preview:large","max-video-preview":"max-video-preview:-1"},"canonical":"https:\/\/truusk.store\/sv\/produkt\/truusk-agility-set-for-hundar-4-delat-hinder-justerbar-hojd-barvaska-inkluderad-traningsset-for-sma-hundar\/","og_locale":"sv_SE","og_type":"article","og_title":"TRUUSK Agility Set f\u00f6r Hundar - 4-delat Hinder - Justerbar H\u00f6jd - B\u00e4rv\u00e4ska inkluderad - Tr\u00e4ningsset f\u00f6r Sm\u00e5 Hundar - TRUUSK - Hem, Tr\u00e4dg\u00e5rd &amp; Fritid","og_description":"Tr\u00f6tt p\u00e5 samma gamla apporteringsspel i tr\u00e4dg\u00e5rden? Det kan vara sv\u00e5rt att h\u00e5lla din hund aktiv och intresserad, s\u00e4rskilt n\u00e4r...","og_url":"https:\/\/truusk.store\/sv\/produkt\/truusk-agility-set-for-hundar-4-delat-hinder-justerbar-hojd-barvaska-inkluderad-traningsset-for-sma-hundar\/","og_site_name":"TRUUSK - Hem, Tr\u00e4dg\u00e5rd &amp; Fritid","article_modified_time":"2026-03-12T07:52:41+00:00","og_image":[{"width":2000,"height":2000,"url":"https:\/\/i0.wp.com\/truusk.se\/wp-content\/uploads\/2026\/02\/agility-set-for-hundar-4-delat-agilityutrustning-med-hinder-justerbar-hojd-traningsset-for-sma-hundar-barvaska-1.webp?fit=2000%2C2000&ssl=1","type":"image\/webp"}],"twitter_card":"summary_large_image","twitter_misc":{"Ber\u00e4knad l\u00e4stid":"1 minut"},"schema":{"@context":"https:\/\/schema.org","@graph":[{"@type":"WebPage","@id":"https:\/\/truusk.store\/sv\/produkt\/truusk-agility-set-for-hundar-4-delat-hinder-justerbar-hojd-barvaska-inkluderad-traningsset-for-sma-hundar\/","url":"https:\/\/truusk.store\/sv\/produkt\/truusk-agility-set-for-hundar-4-delat-hinder-justerbar-hojd-barvaska-inkluderad-traningsset-for-sma-hundar\/","name":"TRUUSK Agility Set f\u00f6r Hundar - 4-delat Hinder - Justerbar H\u00f6jd - B\u00e4rv\u00e4ska inkluderad - Tr\u00e4ningsset f\u00f6r Sm\u00e5 Hundar - TRUUSK - Hem, Tr\u00e4dg\u00e5rd &amp; Fritid","isPartOf":{"@id":"https:\/\/truusk.store\/sv\/#website"},"primaryImageOfPage":{"@id":"https:\/\/truusk.store\/sv\/produkt\/truusk-agility-set-for-hundar-4-delat-hinder-justerbar-hojd-barvaska-inkluderad-traningsset-for-sma-hundar\/#primaryimage"},"image":{"@id":"https:\/\/truusk.store\/sv\/produkt\/truusk-agility-set-for-hundar-4-delat-hinder-justerbar-hojd-barvaska-inkluderad-traningsset-for-sma-hundar\/#primaryimage"},"thumbnailUrl":"https:\/\/i0.wp.com\/truusk.store\/wp-content\/uploads\/2026\/02\/agility-set-for-hundar-4-delat-agilityutrustning-med-hinder-justerbar-hojd-traningsset-for-sma-hundar-barvaska-1.webp?fit=2000%2C2000&ssl=1","datePublished":"2026-02-24T05:42:47+00:00","dateModified":"2026-03-12T07:52:41+00:00","breadcrumb":{"@id":"https:\/\/truusk.store\/sv\/produkt\/truusk-agility-set-for-hundar-4-delat-hinder-justerbar-hojd-barvaska-inkluderad-traningsset-for-sma-hundar\/#breadcrumb"},"inLanguage":"sv-SE","potentialAction":[{"@type":"ReadAction","target":["https:\/\/truusk.store\/sv\/produkt\/truusk-agility-set-for-hundar-4-delat-hinder-justerbar-hojd-barvaska-inkluderad-traningsset-for-sma-hundar\/"]}]},{"@type":"ImageObject","inLanguage":"sv-SE","@id":"https:\/\/truusk.store\/sv\/produkt\/truusk-agility-set-for-hundar-4-delat-hinder-justerbar-hojd-barvaska-inkluderad-traningsset-for-sma-hundar\/#primaryimage","url":"https:\/\/i0.wp.com\/truusk.store\/wp-content\/uploads\/2026\/02\/agility-set-for-hundar-4-delat-agilityutrustning-med-hinder-justerbar-hojd-traningsset-for-sma-hundar-barvaska-1.webp?fit=2000%2C2000&ssl=1","contentUrl":"https:\/\/i0.wp.com\/truusk.store\/wp-content\/uploads\/2026\/02\/agility-set-for-hundar-4-delat-agilityutrustning-med-hinder-justerbar-hojd-traningsset-for-sma-hundar-barvaska-1.webp?fit=2000%2C2000&ssl=1","width":2000,"height":2000},{"@type":"BreadcrumbList","@id":"https:\/\/truusk.store\/sv\/produkt\/truusk-agility-set-for-hundar-4-delat-hinder-justerbar-hojd-barvaska-inkluderad-traningsset-for-sma-hundar\/#breadcrumb","itemListElement":[{"@type":"ListItem","position":1,"name":"Home","item":"https:\/\/truusk.store\/sv\/"},{"@type":"ListItem","position":2,"name":"Shop","item":"https:\/\/truusk.store\/shop\/"},{"@type":"ListItem","position":3,"name":"TRUUSK Agility Set f\u00f6r Hundar &#8211; 4-delat Hinder &#8211; Justerbar H\u00f6jd &#8211; B\u00e4rv\u00e4ska inkluderad &#8211; Tr\u00e4ningsset f\u00f6r Sm\u00e5 Hundar"}]},{"@type":"WebSite","@id":"https:\/\/truusk.store\/sv\/#website","url":"https:\/\/truusk.store\/sv\/","name":"TRUUSK - Hem, Tr\u00e4dg\u00e5rd & Fritid","description":"","publisher":{"@id":"https:\/\/truusk.store\/sv\/#organization"},"potentialAction":[{"@type":"SearchAction","target":{"@type":"EntryPoint","urlTemplate":"https:\/\/truusk.store\/sv\/?s={search_term_string}"},"query-input":{"@type":"PropertyValueSpecification","valueRequired":true,"valueName":"search_term_string"}}],"inLanguage":"sv-SE"},{"@type":"Organization","@id":"https:\/\/truusk.store\/sv\/#organization","name":"TRUUSK - Hem, Tr\u00e4dg\u00e5rd & Fritid","url":"https:\/\/truusk.store\/sv\/","logo":{"@type":"ImageObject","inLanguage":"sv-SE","@id":"https:\/\/truusk.store\/sv\/#\/schema\/logo\/image\/","url":"https:\/\/i0.wp.com\/truusk.store\/wp-content\/uploads\/2026\/03\/cropped-TRUUSK.png?fit=2032%2C917&ssl=1","contentUrl":"https:\/\/i0.wp.com\/truusk.store\/wp-content\/uploads\/2026\/03\/cropped-TRUUSK.png?fit=2032%2C917&ssl=1","width":2032,"height":917,"caption":"TRUUSK - Hem, Tr\u00e4dg\u00e5rd & Fritid"},"image":{"@id":"https:\/\/truusk.store\/sv\/#\/schema\/logo\/image\/"}}]}},"jetpack_sharing_enabled":true,"_links":{"self":[{"href":"https:\/\/truusk.store\/sv\/wp-json\/wp\/v2\/product\/105873","targetHints":{"allow":["GET"]}}],"collection":[{"href":"https:\/\/truusk.store\/sv\/wp-json\/wp\/v2\/product"}],"about":[{"href":"https:\/\/truusk.store\/sv\/wp-json\/wp\/v2\/types\/product"}],"wp:featuredmedia":[{"embeddable":true,"href":"https:\/\/truusk.store\/sv\/wp-json\/wp\/v2\/media\/105861"}],"wp:attachment":[{"href":"https:\/\/truusk.store\/sv\/wp-json\/wp\/v2\/media?parent=105873"}],"wp:term":[{"taxonomy":"product_brand","embeddable":true,"href":"https:\/\/truusk.store\/sv\/wp-json\/wp\/v2\/product_brand?post=105873"},{"taxonomy":"product_cat","embeddable":true,"href":"https:\/\/truusk.store\/sv\/wp-json\/wp\/v2\/product_cat?post=105873"},{"taxonomy":"product_tag","embeddable":true,"href":"https:\/\/truusk.store\/sv\/wp-json\/wp\/v2\/product_tag?post=105873"}],"curies":[{"name":"wp","href":"https:\/\/api.w.org\/{rel}","templated":true}]}}