{"id":105892,"date":"2026-02-24T06:44:39","date_gmt":"2026-02-24T05:44:39","guid":{"rendered":"https:\/\/truusk.store\/product\/vaxthus-med-nat-fonster-rullbar-dorr-stalvaxthus-200-x-75-x-188-cm-gron\/"},"modified":"2026-03-12T08:52:45","modified_gmt":"2026-03-12T07:52:45","slug":"truusk-vaxthus-med-natfonster-rullbar-dorr-stalvaxthus-200-x-75-x-188-cm-gron","status":"publish","type":"product","link":"https:\/\/truusk.store\/sv\/produkt\/truusk-vaxthus-med-natfonster-rullbar-dorr-stalvaxthus-200-x-75-x-188-cm-gron\/","title":{"rendered":"TRUUSK V\u00e4xthus med N\u00e4tf\u00f6nster &#8211; Rullbar D\u00f6rr &#8211; St\u00e5lv\u00e4xthus 200 x 75 x 188 cm &#8211; Gr\u00f6n"},"content":{"rendered":"<p>Tr\u00f6tt p\u00e5 ostadigt v\u00e4der och oinbjudna g\u00e4ster? [BRAND NAME]-v\u00e4xthuset erbjuder stabilitet tack vare st\u00e5lramen och PE-t\u00e4ckningen f\u00f6r ett idealiskt mikroklimat. Den upprullbara d\u00f6rren och ventilerade n\u00e4tverksf\u00f6nstren st\u00f6djer ventilation och v\u00e4xtv\u00e5rd. Perfekt f\u00f6r hobbytr\u00e4dg\u00e5rdsm\u00e4stare som s\u00f6ker ett s\u00e4kert skyddsrum f\u00f6r att odla sin tr\u00e4dg\u00e5rdsparadis!<\/p>\n<p>Beskrivning:<\/p>\n<ul>\n<li> Pulverlackerad st\u00e5lram ger stabilitet<\/li>\n<li> Diagonalst\u00e4nger och f\u00e4stelement erbjuder \u00f6kad stabilitet<\/li>\n<li> PE-t\u00e4ckningen av tomatv\u00e4xthuset \u00e4r vattent\u00e4t och UV-resistent<\/li>\n<li> Upprullbar d\u00f6rr \u00e4r utm\u00e4rkt f\u00f6r ventilation och v\u00e4xtv\u00e5rd<\/li>\n<li> N\u00e4tverksf\u00f6nster f\u00f6rb\u00e4ttrar ventilationen och h\u00e5ller o\u00f6nskade g\u00e4ster borta<\/li>\n<li> Montering kr\u00e4vs<\/li>\n<\/ul>\n<p> Tekniska data:<\/p>\n<ul>\n<li> F\u00e4rg: Gr\u00f6n+M\u00f6rkgr\u00f6n<\/li>\n<li> Material: St\u00e5l, PE<\/li>\n<li> Totala dimensioner: 200B x 75T x 188H cm<\/li>\n<li> D\u00f6rrstorlek: 163B x 163H cm<\/li>\n<li> F\u00f6nsterstorlek: 35B x 35H cm<\/li>\n<li> Vindt\u00e4t: Niv\u00e5 4<\/li>\n<\/ul>\n<p>Leveransinneh\u00e5ll:<\/p>\n<ul>\n<li> 1 x V\u00e4xthus<\/li>\n<li> 4 x Markankare<\/li>\n<li> 4 x F\u00f6rankringslina<\/li>\n<li> 1 x Instruktioner<\/li>\n<\/ul>\n","protected":false},"excerpt":{"rendered":"<p>Tr\u00f6tt p\u00e5 ostadigt v\u00e4der och oinbjudna g\u00e4ster? [BRAND NAME]-v\u00e4xthuset erbjuder stabilitet tack vare st\u00e5lramen och PE-t\u00e4ckningen f\u00f6r ett idealiskt mikroklimat&#8230;.<\/p>\n","protected":false},"featured_media":105881,"template":"","meta":[],"product_brand":[],"product_cat":[1105,858,443],"product_tag":[],"class_list":{"0":"post-105892","1":"product","2":"type-product","3":"status-publish","4":"has-post-thumbnail","6":"product_cat-plastfolie-vaxthus-vaxthus-tradgardsskotsel","7":"product_cat-tradgard-terrass","8":"product_cat-vaxthus-tradgardsskotsel","10":"first","11":"instock","12":"sale","13":"taxable","14":"shipping-taxable","15":"purchasable","16":"product-type-simple"},"yoast_head":"<!-- This site is optimized with the Yoast SEO plugin v25.4 - https:\/\/yoast.com\/wordpress\/plugins\/seo\/ -->\n<title>TRUUSK V\u00e4xthus med N\u00e4tf\u00f6nster - Rullbar D\u00f6rr - St\u00e5lv\u00e4xthus 200 x 75 x 188 cm - Gr\u00f6n - TRUUSK - Hem, Tr\u00e4dg\u00e5rd &amp; Fritid<\/title>\n<meta name=\"robots\" content=\"index, follow, max-snippet:-1, max-image-preview:large, max-video-preview:-1\" \/>\n<link rel=\"canonical\" href=\"https:\/\/truusk.store\/sv\/produkt\/truusk-vaxthus-med-natfonster-rullbar-dorr-stalvaxthus-200-x-75-x-188-cm-gron\/\" \/>\n<meta property=\"og:locale\" content=\"sv_SE\" \/>\n<meta property=\"og:type\" content=\"article\" \/>\n<meta property=\"og:title\" content=\"TRUUSK V\u00e4xthus med N\u00e4tf\u00f6nster - Rullbar D\u00f6rr - St\u00e5lv\u00e4xthus 200 x 75 x 188 cm - Gr\u00f6n - TRUUSK - Hem, Tr\u00e4dg\u00e5rd &amp; Fritid\" \/>\n<meta property=\"og:description\" content=\"Tr\u00f6tt p\u00e5 ostadigt v\u00e4der och oinbjudna g\u00e4ster? [BRAND NAME]-v\u00e4xthuset erbjuder stabilitet tack vare st\u00e5lramen och PE-t\u00e4ckningen f\u00f6r ett idealiskt mikroklimat....\" \/>\n<meta property=\"og:url\" content=\"https:\/\/truusk.store\/sv\/produkt\/truusk-vaxthus-med-natfonster-rullbar-dorr-stalvaxthus-200-x-75-x-188-cm-gron\/\" \/>\n<meta property=\"og:site_name\" content=\"TRUUSK - Hem, Tr\u00e4dg\u00e5rd &amp; Fritid\" \/>\n<meta property=\"article:modified_time\" content=\"2026-03-12T07:52:45+00:00\" \/>\n<meta property=\"og:image\" content=\"https:\/\/i0.wp.com\/truusk.se\/wp-content\/uploads\/2026\/02\/vaxthus-med-nat-fonster-rullbar-dorr-stalvaxthus-200-x-75-x-188-cm-gron-1.webp?fit=2000%2C2000&ssl=1\" \/>\n\t<meta property=\"og:image:width\" content=\"2000\" \/>\n\t<meta property=\"og:image:height\" content=\"2000\" \/>\n\t<meta property=\"og:image:type\" content=\"image\/webp\" \/>\n<meta name=\"twitter:card\" content=\"summary_large_image\" \/>\n<meta name=\"twitter:label1\" content=\"Ber\u00e4knad l\u00e4stid\" \/>\n\t<meta name=\"twitter:data1\" content=\"1 minut\" \/>\n<!-- \/ Yoast SEO plugin. -->","yoast_head_json":{"title":"TRUUSK V\u00e4xthus med N\u00e4tf\u00f6nster - Rullbar D\u00f6rr - St\u00e5lv\u00e4xthus 200 x 75 x 188 cm - Gr\u00f6n - TRUUSK - Hem, Tr\u00e4dg\u00e5rd &amp; Fritid","robots":{"index":"index","follow":"follow","max-snippet":"max-snippet:-1","max-image-preview":"max-image-preview:large","max-video-preview":"max-video-preview:-1"},"canonical":"https:\/\/truusk.store\/sv\/produkt\/truusk-vaxthus-med-natfonster-rullbar-dorr-stalvaxthus-200-x-75-x-188-cm-gron\/","og_locale":"sv_SE","og_type":"article","og_title":"TRUUSK V\u00e4xthus med N\u00e4tf\u00f6nster - Rullbar D\u00f6rr - St\u00e5lv\u00e4xthus 200 x 75 x 188 cm - Gr\u00f6n - TRUUSK - Hem, Tr\u00e4dg\u00e5rd &amp; Fritid","og_description":"Tr\u00f6tt p\u00e5 ostadigt v\u00e4der och oinbjudna g\u00e4ster? [BRAND NAME]-v\u00e4xthuset erbjuder stabilitet tack vare st\u00e5lramen och PE-t\u00e4ckningen f\u00f6r ett idealiskt mikroklimat....","og_url":"https:\/\/truusk.store\/sv\/produkt\/truusk-vaxthus-med-natfonster-rullbar-dorr-stalvaxthus-200-x-75-x-188-cm-gron\/","og_site_name":"TRUUSK - Hem, Tr\u00e4dg\u00e5rd &amp; Fritid","article_modified_time":"2026-03-12T07:52:45+00:00","og_image":[{"width":2000,"height":2000,"url":"https:\/\/i0.wp.com\/truusk.se\/wp-content\/uploads\/2026\/02\/vaxthus-med-nat-fonster-rullbar-dorr-stalvaxthus-200-x-75-x-188-cm-gron-1.webp?fit=2000%2C2000&ssl=1","type":"image\/webp"}],"twitter_card":"summary_large_image","twitter_misc":{"Ber\u00e4knad l\u00e4stid":"1 minut"},"schema":{"@context":"https:\/\/schema.org","@graph":[{"@type":"WebPage","@id":"https:\/\/truusk.store\/sv\/produkt\/truusk-vaxthus-med-natfonster-rullbar-dorr-stalvaxthus-200-x-75-x-188-cm-gron\/","url":"https:\/\/truusk.store\/sv\/produkt\/truusk-vaxthus-med-natfonster-rullbar-dorr-stalvaxthus-200-x-75-x-188-cm-gron\/","name":"TRUUSK V\u00e4xthus med N\u00e4tf\u00f6nster - Rullbar D\u00f6rr - St\u00e5lv\u00e4xthus 200 x 75 x 188 cm - Gr\u00f6n - TRUUSK - Hem, Tr\u00e4dg\u00e5rd &amp; Fritid","isPartOf":{"@id":"https:\/\/truusk.store\/sv\/#website"},"primaryImageOfPage":{"@id":"https:\/\/truusk.store\/sv\/produkt\/truusk-vaxthus-med-natfonster-rullbar-dorr-stalvaxthus-200-x-75-x-188-cm-gron\/#primaryimage"},"image":{"@id":"https:\/\/truusk.store\/sv\/produkt\/truusk-vaxthus-med-natfonster-rullbar-dorr-stalvaxthus-200-x-75-x-188-cm-gron\/#primaryimage"},"thumbnailUrl":"https:\/\/i0.wp.com\/truusk.store\/wp-content\/uploads\/2026\/02\/vaxthus-med-nat-fonster-rullbar-dorr-stalvaxthus-200-x-75-x-188-cm-gron-1.webp?fit=2000%2C2000&ssl=1","datePublished":"2026-02-24T05:44:39+00:00","dateModified":"2026-03-12T07:52:45+00:00","breadcrumb":{"@id":"https:\/\/truusk.store\/sv\/produkt\/truusk-vaxthus-med-natfonster-rullbar-dorr-stalvaxthus-200-x-75-x-188-cm-gron\/#breadcrumb"},"inLanguage":"sv-SE","potentialAction":[{"@type":"ReadAction","target":["https:\/\/truusk.store\/sv\/produkt\/truusk-vaxthus-med-natfonster-rullbar-dorr-stalvaxthus-200-x-75-x-188-cm-gron\/"]}]},{"@type":"ImageObject","inLanguage":"sv-SE","@id":"https:\/\/truusk.store\/sv\/produkt\/truusk-vaxthus-med-natfonster-rullbar-dorr-stalvaxthus-200-x-75-x-188-cm-gron\/#primaryimage","url":"https:\/\/i0.wp.com\/truusk.store\/wp-content\/uploads\/2026\/02\/vaxthus-med-nat-fonster-rullbar-dorr-stalvaxthus-200-x-75-x-188-cm-gron-1.webp?fit=2000%2C2000&ssl=1","contentUrl":"https:\/\/i0.wp.com\/truusk.store\/wp-content\/uploads\/2026\/02\/vaxthus-med-nat-fonster-rullbar-dorr-stalvaxthus-200-x-75-x-188-cm-gron-1.webp?fit=2000%2C2000&ssl=1","width":2000,"height":2000},{"@type":"BreadcrumbList","@id":"https:\/\/truusk.store\/sv\/produkt\/truusk-vaxthus-med-natfonster-rullbar-dorr-stalvaxthus-200-x-75-x-188-cm-gron\/#breadcrumb","itemListElement":[{"@type":"ListItem","position":1,"name":"Home","item":"https:\/\/truusk.store\/sv\/"},{"@type":"ListItem","position":2,"name":"Shop","item":"https:\/\/truusk.store\/shop\/"},{"@type":"ListItem","position":3,"name":"TRUUSK V\u00e4xthus med N\u00e4tf\u00f6nster &#8211; Rullbar D\u00f6rr &#8211; St\u00e5lv\u00e4xthus 200 x 75 x 188 cm &#8211; Gr\u00f6n"}]},{"@type":"WebSite","@id":"https:\/\/truusk.store\/sv\/#website","url":"https:\/\/truusk.store\/sv\/","name":"TRUUSK - Hem, Tr\u00e4dg\u00e5rd & Fritid","description":"","publisher":{"@id":"https:\/\/truusk.store\/sv\/#organization"},"potentialAction":[{"@type":"SearchAction","target":{"@type":"EntryPoint","urlTemplate":"https:\/\/truusk.store\/sv\/?s={search_term_string}"},"query-input":{"@type":"PropertyValueSpecification","valueRequired":true,"valueName":"search_term_string"}}],"inLanguage":"sv-SE"},{"@type":"Organization","@id":"https:\/\/truusk.store\/sv\/#organization","name":"TRUUSK - Hem, Tr\u00e4dg\u00e5rd & Fritid","url":"https:\/\/truusk.store\/sv\/","logo":{"@type":"ImageObject","inLanguage":"sv-SE","@id":"https:\/\/truusk.store\/sv\/#\/schema\/logo\/image\/","url":"https:\/\/i0.wp.com\/truusk.store\/wp-content\/uploads\/2026\/03\/cropped-TRUUSK.png?fit=2032%2C917&ssl=1","contentUrl":"https:\/\/i0.wp.com\/truusk.store\/wp-content\/uploads\/2026\/03\/cropped-TRUUSK.png?fit=2032%2C917&ssl=1","width":2032,"height":917,"caption":"TRUUSK - Hem, Tr\u00e4dg\u00e5rd & Fritid"},"image":{"@id":"https:\/\/truusk.store\/sv\/#\/schema\/logo\/image\/"}}]}},"jetpack_sharing_enabled":true,"_links":{"self":[{"href":"https:\/\/truusk.store\/sv\/wp-json\/wp\/v2\/product\/105892","targetHints":{"allow":["GET"]}}],"collection":[{"href":"https:\/\/truusk.store\/sv\/wp-json\/wp\/v2\/product"}],"about":[{"href":"https:\/\/truusk.store\/sv\/wp-json\/wp\/v2\/types\/product"}],"wp:featuredmedia":[{"embeddable":true,"href":"https:\/\/truusk.store\/sv\/wp-json\/wp\/v2\/media\/105881"}],"wp:attachment":[{"href":"https:\/\/truusk.store\/sv\/wp-json\/wp\/v2\/media?parent=105892"}],"wp:term":[{"taxonomy":"product_brand","embeddable":true,"href":"https:\/\/truusk.store\/sv\/wp-json\/wp\/v2\/product_brand?post=105892"},{"taxonomy":"product_cat","embeddable":true,"href":"https:\/\/truusk.store\/sv\/wp-json\/wp\/v2\/product_cat?post=105892"},{"taxonomy":"product_tag","embeddable":true,"href":"https:\/\/truusk.store\/sv\/wp-json\/wp\/v2\/product_tag?post=105892"}],"curies":[{"name":"wp","href":"https:\/\/api.w.org\/{rel}","templated":true}]}}