{"id":105903,"date":"2026-02-24T06:45:42","date_gmt":"2026-02-24T05:45:42","guid":{"rendered":"https:\/\/truusk.store\/product\/agility-set-hundar-3-delat-agility-utrustning-med-slalomstanger-barbar-vaska-traningsset-for-alla-hundstorlekar-orange\/"},"modified":"2026-03-12T08:52:45","modified_gmt":"2026-03-12T07:52:45","slug":"truusk-agility-set-for-hundar-3-delat-traningsset-slalomstanger-barbar-vaska-for-alla-hundstorlekar-orange","status":"publish","type":"product","link":"https:\/\/truusk.store\/sv\/produkt\/truusk-agility-set-for-hundar-3-delat-traningsset-slalomstanger-barbar-vaska-for-alla-hundstorlekar-orange\/","title":{"rendered":"TRUUSK Agility Set f\u00f6r Hundar &#8211; 3-delat Tr\u00e4ningsset &#8211; Slalomst\u00e4nger &#8211; B\u00e4rbar V\u00e4ska &#8211; F\u00f6r Alla Hundstorlekar &#8211; Orange"},"content":{"rendered":"<p>Har du sv\u00e5rt att hitta m\u00e5ngsidiga tr\u00e4ningsm\u00f6jligheter f\u00f6r din energifyllda hund? Ofta inneb\u00e4r detta att era gemensamma aktiviteter \u00e4r begr\u00e4nsade till en plats. [BRAND NAME] Agility Set f\u00f6r hundar \u00e4ndrar detta. Med en stabil bas p\u00e5 alla ytor och en anpassningsbar layout f\u00f6r alla f\u00e4rdighetsniv\u00e5er kan du packa det i den medf\u00f6ljande v\u00e4skan och ta med det f\u00f6r berikande tr\u00e4ningspass i parken eller p\u00e5 stranden.<\/p>\n<p>Beskrivning:<\/p>\n<ul>\n<li> Slalomst\u00e4ngerna kan l\u00e4tt flyttas f\u00f6r en underh\u00e5llande och varierad agilitytr\u00e4ning<\/li>\n<li> Frist\u00e5ende bas ger stabilitet inomhus, anv\u00e4nd t\u00e4ltspikar f\u00f6r extra st\u00f6d utomhus<\/li>\n<li> Inneh\u00e5ller en Oxford-v\u00e4ska f\u00f6r enkel transport och tr\u00e4ning var som helst<\/li>\n<li> Verktygsfri design m\u00f6jligg\u00f6r snabb montering s\u00e5 att du kan leka mer<\/li>\n<li> Robust konstruktion t\u00e5l intensiv anv\u00e4ndning och \u00e4r l\u00e4tt att reng\u00f6ra<\/li>\n<li> Ljusa, kontrastrika f\u00e4rger f\u00f6rb\u00e4ttrar synligheten f\u00f6r en s\u00e4krare och mer effektiv tr\u00e4ning<\/li>\n<li> L\u00e4mplig f\u00f6r alla hundstorlekar, fr\u00e5n sm\u00e5 valpar till stora raser<\/li>\n<\/ul>\n<p> Tekniska specifikationer:<\/p>\n<ul>\n<li> F\u00e4rg: Orange+Bl\u00e5+Svart<\/li>\n<li> Material: PE, Oxford-tyg<\/li>\n<li> Enskild v\u00e4vst\u00e5ng: 65B x 64T x 69H cm<\/li>\n<li> St\u00e5ngdiameter: \u00d827 mm<\/li>\n<\/ul>\n<p>Ing\u00e5r i leveransen:<\/p>\n<ul>\n<li> 1 x Husdjurs-Agility-Set<\/li>\n<li> 1 x Instruktioner<\/li>\n<\/ul>\n","protected":false},"excerpt":{"rendered":"<p>Har du sv\u00e5rt att hitta m\u00e5ngsidiga tr\u00e4ningsm\u00f6jligheter f\u00f6r din energifyllda hund? Ofta inneb\u00e4r detta att era gemensamma aktiviteter \u00e4r begr\u00e4nsade&#8230;<\/p>\n","protected":false},"featured_media":105893,"template":"","meta":[],"product_brand":[],"product_cat":[578,878,574],"product_tag":[],"class_list":{"0":"post-105903","1":"product","2":"type-product","3":"status-publish","4":"has-post-thumbnail","6":"product_cat-agility-set","7":"product_cat-djurbehov","8":"product_cat-hundtillbehor","10":"first","11":"instock","12":"sale","13":"taxable","14":"shipping-taxable","15":"purchasable","16":"product-type-simple"},"yoast_head":"<!-- This site is optimized with the Yoast SEO plugin v25.4 - https:\/\/yoast.com\/wordpress\/plugins\/seo\/ -->\n<title>TRUUSK Agility Set f\u00f6r Hundar - 3-delat Tr\u00e4ningsset - Slalomst\u00e4nger - B\u00e4rbar V\u00e4ska - F\u00f6r Alla Hundstorlekar - Orange - TRUUSK - Hem, Tr\u00e4dg\u00e5rd &amp; Fritid<\/title>\n<meta name=\"robots\" content=\"index, follow, max-snippet:-1, max-image-preview:large, max-video-preview:-1\" \/>\n<link rel=\"canonical\" href=\"https:\/\/truusk.store\/sv\/produkt\/truusk-agility-set-for-hundar-3-delat-traningsset-slalomstanger-barbar-vaska-for-alla-hundstorlekar-orange\/\" \/>\n<meta property=\"og:locale\" content=\"sv_SE\" \/>\n<meta property=\"og:type\" content=\"article\" \/>\n<meta property=\"og:title\" content=\"TRUUSK Agility Set f\u00f6r Hundar - 3-delat Tr\u00e4ningsset - Slalomst\u00e4nger - B\u00e4rbar V\u00e4ska - F\u00f6r Alla Hundstorlekar - Orange - TRUUSK - Hem, Tr\u00e4dg\u00e5rd &amp; Fritid\" \/>\n<meta property=\"og:description\" content=\"Har du sv\u00e5rt att hitta m\u00e5ngsidiga tr\u00e4ningsm\u00f6jligheter f\u00f6r din energifyllda hund? Ofta inneb\u00e4r detta att era gemensamma aktiviteter \u00e4r begr\u00e4nsade...\" \/>\n<meta property=\"og:url\" content=\"https:\/\/truusk.store\/sv\/produkt\/truusk-agility-set-for-hundar-3-delat-traningsset-slalomstanger-barbar-vaska-for-alla-hundstorlekar-orange\/\" \/>\n<meta property=\"og:site_name\" content=\"TRUUSK - Hem, Tr\u00e4dg\u00e5rd &amp; Fritid\" \/>\n<meta property=\"article:modified_time\" content=\"2026-03-12T07:52:45+00:00\" \/>\n<meta property=\"og:image\" content=\"https:\/\/i0.wp.com\/truusk.se\/wp-content\/uploads\/2026\/02\/agility-set-hundar-3-delat-agility-utrustning-med-slalomstanger-barbar-vaska-traningsset-for-alla-hundstorlekar-orange-1.webp?fit=2000%2C2000&ssl=1\" \/>\n\t<meta property=\"og:image:width\" content=\"2000\" \/>\n\t<meta property=\"og:image:height\" content=\"2000\" \/>\n\t<meta property=\"og:image:type\" content=\"image\/webp\" \/>\n<meta name=\"twitter:card\" content=\"summary_large_image\" \/>\n<meta name=\"twitter:label1\" content=\"Ber\u00e4knad l\u00e4stid\" \/>\n\t<meta name=\"twitter:data1\" content=\"1 minut\" \/>\n<!-- \/ Yoast SEO plugin. -->","yoast_head_json":{"title":"TRUUSK Agility Set f\u00f6r Hundar - 3-delat Tr\u00e4ningsset - Slalomst\u00e4nger - B\u00e4rbar V\u00e4ska - F\u00f6r Alla Hundstorlekar - Orange - TRUUSK - Hem, Tr\u00e4dg\u00e5rd &amp; Fritid","robots":{"index":"index","follow":"follow","max-snippet":"max-snippet:-1","max-image-preview":"max-image-preview:large","max-video-preview":"max-video-preview:-1"},"canonical":"https:\/\/truusk.store\/sv\/produkt\/truusk-agility-set-for-hundar-3-delat-traningsset-slalomstanger-barbar-vaska-for-alla-hundstorlekar-orange\/","og_locale":"sv_SE","og_type":"article","og_title":"TRUUSK Agility Set f\u00f6r Hundar - 3-delat Tr\u00e4ningsset - Slalomst\u00e4nger - B\u00e4rbar V\u00e4ska - F\u00f6r Alla Hundstorlekar - Orange - TRUUSK - Hem, Tr\u00e4dg\u00e5rd &amp; Fritid","og_description":"Har du sv\u00e5rt att hitta m\u00e5ngsidiga tr\u00e4ningsm\u00f6jligheter f\u00f6r din energifyllda hund? Ofta inneb\u00e4r detta att era gemensamma aktiviteter \u00e4r begr\u00e4nsade...","og_url":"https:\/\/truusk.store\/sv\/produkt\/truusk-agility-set-for-hundar-3-delat-traningsset-slalomstanger-barbar-vaska-for-alla-hundstorlekar-orange\/","og_site_name":"TRUUSK - Hem, Tr\u00e4dg\u00e5rd &amp; Fritid","article_modified_time":"2026-03-12T07:52:45+00:00","og_image":[{"width":2000,"height":2000,"url":"https:\/\/i0.wp.com\/truusk.se\/wp-content\/uploads\/2026\/02\/agility-set-hundar-3-delat-agility-utrustning-med-slalomstanger-barbar-vaska-traningsset-for-alla-hundstorlekar-orange-1.webp?fit=2000%2C2000&ssl=1","type":"image\/webp"}],"twitter_card":"summary_large_image","twitter_misc":{"Ber\u00e4knad l\u00e4stid":"1 minut"},"schema":{"@context":"https:\/\/schema.org","@graph":[{"@type":"WebPage","@id":"https:\/\/truusk.store\/sv\/produkt\/truusk-agility-set-for-hundar-3-delat-traningsset-slalomstanger-barbar-vaska-for-alla-hundstorlekar-orange\/","url":"https:\/\/truusk.store\/sv\/produkt\/truusk-agility-set-for-hundar-3-delat-traningsset-slalomstanger-barbar-vaska-for-alla-hundstorlekar-orange\/","name":"TRUUSK Agility Set f\u00f6r Hundar - 3-delat Tr\u00e4ningsset - Slalomst\u00e4nger - B\u00e4rbar V\u00e4ska - F\u00f6r Alla Hundstorlekar - Orange - TRUUSK - Hem, Tr\u00e4dg\u00e5rd &amp; Fritid","isPartOf":{"@id":"https:\/\/truusk.store\/sv\/#website"},"primaryImageOfPage":{"@id":"https:\/\/truusk.store\/sv\/produkt\/truusk-agility-set-for-hundar-3-delat-traningsset-slalomstanger-barbar-vaska-for-alla-hundstorlekar-orange\/#primaryimage"},"image":{"@id":"https:\/\/truusk.store\/sv\/produkt\/truusk-agility-set-for-hundar-3-delat-traningsset-slalomstanger-barbar-vaska-for-alla-hundstorlekar-orange\/#primaryimage"},"thumbnailUrl":"https:\/\/i0.wp.com\/truusk.store\/wp-content\/uploads\/2026\/02\/agility-set-hundar-3-delat-agility-utrustning-med-slalomstanger-barbar-vaska-traningsset-for-alla-hundstorlekar-orange-1.webp?fit=2000%2C2000&ssl=1","datePublished":"2026-02-24T05:45:42+00:00","dateModified":"2026-03-12T07:52:45+00:00","breadcrumb":{"@id":"https:\/\/truusk.store\/sv\/produkt\/truusk-agility-set-for-hundar-3-delat-traningsset-slalomstanger-barbar-vaska-for-alla-hundstorlekar-orange\/#breadcrumb"},"inLanguage":"sv-SE","potentialAction":[{"@type":"ReadAction","target":["https:\/\/truusk.store\/sv\/produkt\/truusk-agility-set-for-hundar-3-delat-traningsset-slalomstanger-barbar-vaska-for-alla-hundstorlekar-orange\/"]}]},{"@type":"ImageObject","inLanguage":"sv-SE","@id":"https:\/\/truusk.store\/sv\/produkt\/truusk-agility-set-for-hundar-3-delat-traningsset-slalomstanger-barbar-vaska-for-alla-hundstorlekar-orange\/#primaryimage","url":"https:\/\/i0.wp.com\/truusk.store\/wp-content\/uploads\/2026\/02\/agility-set-hundar-3-delat-agility-utrustning-med-slalomstanger-barbar-vaska-traningsset-for-alla-hundstorlekar-orange-1.webp?fit=2000%2C2000&ssl=1","contentUrl":"https:\/\/i0.wp.com\/truusk.store\/wp-content\/uploads\/2026\/02\/agility-set-hundar-3-delat-agility-utrustning-med-slalomstanger-barbar-vaska-traningsset-for-alla-hundstorlekar-orange-1.webp?fit=2000%2C2000&ssl=1","width":2000,"height":2000},{"@type":"BreadcrumbList","@id":"https:\/\/truusk.store\/sv\/produkt\/truusk-agility-set-for-hundar-3-delat-traningsset-slalomstanger-barbar-vaska-for-alla-hundstorlekar-orange\/#breadcrumb","itemListElement":[{"@type":"ListItem","position":1,"name":"Home","item":"https:\/\/truusk.store\/sv\/"},{"@type":"ListItem","position":2,"name":"Shop","item":"https:\/\/truusk.store\/shop\/"},{"@type":"ListItem","position":3,"name":"TRUUSK Agility Set f\u00f6r Hundar &#8211; 3-delat Tr\u00e4ningsset &#8211; Slalomst\u00e4nger &#8211; B\u00e4rbar V\u00e4ska &#8211; F\u00f6r Alla Hundstorlekar &#8211; Orange"}]},{"@type":"WebSite","@id":"https:\/\/truusk.store\/sv\/#website","url":"https:\/\/truusk.store\/sv\/","name":"TRUUSK - Hem, Tr\u00e4dg\u00e5rd & Fritid","description":"","publisher":{"@id":"https:\/\/truusk.store\/sv\/#organization"},"potentialAction":[{"@type":"SearchAction","target":{"@type":"EntryPoint","urlTemplate":"https:\/\/truusk.store\/sv\/?s={search_term_string}"},"query-input":{"@type":"PropertyValueSpecification","valueRequired":true,"valueName":"search_term_string"}}],"inLanguage":"sv-SE"},{"@type":"Organization","@id":"https:\/\/truusk.store\/sv\/#organization","name":"TRUUSK - Hem, Tr\u00e4dg\u00e5rd & Fritid","url":"https:\/\/truusk.store\/sv\/","logo":{"@type":"ImageObject","inLanguage":"sv-SE","@id":"https:\/\/truusk.store\/sv\/#\/schema\/logo\/image\/","url":"https:\/\/i0.wp.com\/truusk.store\/wp-content\/uploads\/2026\/03\/cropped-TRUUSK.png?fit=2032%2C917&ssl=1","contentUrl":"https:\/\/i0.wp.com\/truusk.store\/wp-content\/uploads\/2026\/03\/cropped-TRUUSK.png?fit=2032%2C917&ssl=1","width":2032,"height":917,"caption":"TRUUSK - Hem, Tr\u00e4dg\u00e5rd & Fritid"},"image":{"@id":"https:\/\/truusk.store\/sv\/#\/schema\/logo\/image\/"}}]}},"jetpack_sharing_enabled":true,"_links":{"self":[{"href":"https:\/\/truusk.store\/sv\/wp-json\/wp\/v2\/product\/105903","targetHints":{"allow":["GET"]}}],"collection":[{"href":"https:\/\/truusk.store\/sv\/wp-json\/wp\/v2\/product"}],"about":[{"href":"https:\/\/truusk.store\/sv\/wp-json\/wp\/v2\/types\/product"}],"wp:featuredmedia":[{"embeddable":true,"href":"https:\/\/truusk.store\/sv\/wp-json\/wp\/v2\/media\/105893"}],"wp:attachment":[{"href":"https:\/\/truusk.store\/sv\/wp-json\/wp\/v2\/media?parent=105903"}],"wp:term":[{"taxonomy":"product_brand","embeddable":true,"href":"https:\/\/truusk.store\/sv\/wp-json\/wp\/v2\/product_brand?post=105903"},{"taxonomy":"product_cat","embeddable":true,"href":"https:\/\/truusk.store\/sv\/wp-json\/wp\/v2\/product_cat?post=105903"},{"taxonomy":"product_tag","embeddable":true,"href":"https:\/\/truusk.store\/sv\/wp-json\/wp\/v2\/product_tag?post=105903"}],"curies":[{"name":"wp","href":"https:\/\/api.w.org\/{rel}","templated":true}]}}