{"id":105912,"date":"2026-02-24T06:46:47","date_gmt":"2026-02-24T05:46:47","guid":{"rendered":"https:\/\/truusk.store\/product\/metallklatterstod-for-instickning-rostfritt-bojt-stod-for-gurkor-210-x-250-x-216-cm-morkgron\/"},"modified":"2026-03-12T08:52:46","modified_gmt":"2026-03-12T07:52:46","slug":"truusk-metallklatterstod-for-gurkor-rostfritt-bojt-morkgron-210-x-250-x-216-cm","status":"publish","type":"product","link":"https:\/\/truusk.store\/sv\/produkt\/truusk-metallklatterstod-for-gurkor-rostfritt-bojt-morkgron-210-x-250-x-216-cm\/","title":{"rendered":"TRUUSK Metallkl\u00e4tterst\u00f6d f\u00f6r Gurkor &#8211; Rostfritt &#8211; B\u00f6jt &#8211; M\u00f6rkgr\u00f6n &#8211; 210 x 250 x 216 cm"},"content":{"rendered":"<p>Tomatst\u00f6det fr\u00e5n [BRAND NAME] berikar din tr\u00e4dg\u00e5rdsupplevelse, m\u00f6jligg\u00f6r vertikal v\u00e4xttillv\u00e4xt och maximerar tr\u00e4dg\u00e5rdsutrymmet. Detta metallst\u00f6d st\u00f6djer vinstockar och kl\u00e4tterv\u00e4xter f\u00f6r en imponerande tr\u00e4dg\u00e5rdsvisning. Den h\u00f6ga spalj\u00e9n erbjuder plats f\u00f6r odling av pumpor, meloner, \u00e4rtor, tomater, druvor och st\u00e5ngb\u00f6nor.<\/p>\n<p>Beskrivning:<\/p>\n<ul>\n<li> B\u00e5gformad design erbjuder tillr\u00e4ckligt med vertikalt v\u00e4xtutrymme f\u00f6r kl\u00e4tterv\u00e4xter<\/li>\n<li> Med ett kl\u00e4ttern\u00e4t f\u00f6r extra st\u00f6d vid kl\u00e4ttring<\/li>\n<li> De spetsiga nedre benen g\u00f6r att metallst\u00f6det l\u00e4tt kan s\u00e4ttas i marken<\/li>\n<li> Tillverkat av st\u00e5lr\u00f6r, det kan b\u00e4ra tunga laster och anv\u00e4ndas om och om igen<\/li>\n<li> Enkel montering<\/li>\n<\/ul>\n<p> Tekniska specifikationer:<\/p>\n<ul>\n<li> F\u00e4rg: M\u00f6rkgr\u00f6n<\/li>\n<li> Material: St\u00e5l<\/li>\n<li> Totala dimensioner: 210B x 250T x 216H cm<\/li>\n<li> M\u00e5tt p\u00e5 r\u00f6rf\u00f6rbindningen: \u00d825 x T0,5 mm<\/li>\n<\/ul>\n<p>Leveransinneh\u00e5ll:<\/p>\n<ul>\n<li> 1 x Tr\u00e4dg\u00e5rdsb\u00e5ge spalj\u00e9<\/li>\n<li> 1 x Kl\u00e4ttern\u00e4t<\/li>\n<li> 1 x Instruktioner<\/li>\n<\/ul>\n","protected":false},"excerpt":{"rendered":"<p>Tomatst\u00f6det fr\u00e5n [BRAND NAME] berikar din tr\u00e4dg\u00e5rdsupplevelse, m\u00f6jligg\u00f6r vertikal v\u00e4xttillv\u00e4xt och maximerar tr\u00e4dg\u00e5rdsutrymmet. Detta metallst\u00f6d st\u00f6djer vinstockar och kl\u00e4tterv\u00e4xter f\u00f6r&#8230;<\/p>\n","protected":false},"featured_media":105902,"template":"","meta":[],"product_brand":[],"product_cat":[922,858,443],"product_tag":[],"class_list":{"0":"post-105912","1":"product","2":"type-product","3":"status-publish","4":"has-post-thumbnail","6":"product_cat-planteringskarl","7":"product_cat-tradgard-terrass","8":"product_cat-vaxthus-tradgardsskotsel","10":"first","11":"instock","12":"sale","13":"taxable","14":"shipping-taxable","15":"purchasable","16":"product-type-simple"},"yoast_head":"<!-- This site is optimized with the Yoast SEO plugin v25.4 - https:\/\/yoast.com\/wordpress\/plugins\/seo\/ -->\n<title>TRUUSK Metallkl\u00e4tterst\u00f6d f\u00f6r Gurkor - Rostfritt - B\u00f6jt - M\u00f6rkgr\u00f6n - 210 x 250 x 216 cm - TRUUSK - Hem, Tr\u00e4dg\u00e5rd &amp; Fritid<\/title>\n<meta name=\"robots\" content=\"index, follow, max-snippet:-1, max-image-preview:large, max-video-preview:-1\" \/>\n<link rel=\"canonical\" href=\"https:\/\/truusk.store\/sv\/produkt\/truusk-metallklatterstod-for-gurkor-rostfritt-bojt-morkgron-210-x-250-x-216-cm\/\" \/>\n<meta property=\"og:locale\" content=\"sv_SE\" \/>\n<meta property=\"og:type\" content=\"article\" \/>\n<meta property=\"og:title\" content=\"TRUUSK Metallkl\u00e4tterst\u00f6d f\u00f6r Gurkor - Rostfritt - B\u00f6jt - M\u00f6rkgr\u00f6n - 210 x 250 x 216 cm - TRUUSK - Hem, Tr\u00e4dg\u00e5rd &amp; Fritid\" \/>\n<meta property=\"og:description\" content=\"Tomatst\u00f6det fr\u00e5n [BRAND NAME] berikar din tr\u00e4dg\u00e5rdsupplevelse, m\u00f6jligg\u00f6r vertikal v\u00e4xttillv\u00e4xt och maximerar tr\u00e4dg\u00e5rdsutrymmet. Detta metallst\u00f6d st\u00f6djer vinstockar och kl\u00e4tterv\u00e4xter f\u00f6r...\" \/>\n<meta property=\"og:url\" content=\"https:\/\/truusk.store\/sv\/produkt\/truusk-metallklatterstod-for-gurkor-rostfritt-bojt-morkgron-210-x-250-x-216-cm\/\" \/>\n<meta property=\"og:site_name\" content=\"TRUUSK - Hem, Tr\u00e4dg\u00e5rd &amp; Fritid\" \/>\n<meta property=\"article:modified_time\" content=\"2026-03-12T07:52:46+00:00\" \/>\n<meta property=\"og:image\" content=\"https:\/\/i0.wp.com\/truusk.se\/wp-content\/uploads\/2026\/02\/metallklatterstod-for-instickning-rostfritt-bojt-stod-for-gurkor-210-x-250-x-216-cm-morkgron-1.webp?fit=2000%2C2000&ssl=1\" \/>\n\t<meta property=\"og:image:width\" content=\"2000\" \/>\n\t<meta property=\"og:image:height\" content=\"2000\" \/>\n\t<meta property=\"og:image:type\" content=\"image\/webp\" \/>\n<meta name=\"twitter:card\" content=\"summary_large_image\" \/>\n<meta name=\"twitter:label1\" content=\"Ber\u00e4knad l\u00e4stid\" \/>\n\t<meta name=\"twitter:data1\" content=\"1 minut\" \/>\n<!-- \/ Yoast SEO plugin. -->","yoast_head_json":{"title":"TRUUSK Metallkl\u00e4tterst\u00f6d f\u00f6r Gurkor - Rostfritt - B\u00f6jt - M\u00f6rkgr\u00f6n - 210 x 250 x 216 cm - TRUUSK - Hem, Tr\u00e4dg\u00e5rd &amp; Fritid","robots":{"index":"index","follow":"follow","max-snippet":"max-snippet:-1","max-image-preview":"max-image-preview:large","max-video-preview":"max-video-preview:-1"},"canonical":"https:\/\/truusk.store\/sv\/produkt\/truusk-metallklatterstod-for-gurkor-rostfritt-bojt-morkgron-210-x-250-x-216-cm\/","og_locale":"sv_SE","og_type":"article","og_title":"TRUUSK Metallkl\u00e4tterst\u00f6d f\u00f6r Gurkor - Rostfritt - B\u00f6jt - M\u00f6rkgr\u00f6n - 210 x 250 x 216 cm - TRUUSK - Hem, Tr\u00e4dg\u00e5rd &amp; Fritid","og_description":"Tomatst\u00f6det fr\u00e5n [BRAND NAME] berikar din tr\u00e4dg\u00e5rdsupplevelse, m\u00f6jligg\u00f6r vertikal v\u00e4xttillv\u00e4xt och maximerar tr\u00e4dg\u00e5rdsutrymmet. Detta metallst\u00f6d st\u00f6djer vinstockar och kl\u00e4tterv\u00e4xter f\u00f6r...","og_url":"https:\/\/truusk.store\/sv\/produkt\/truusk-metallklatterstod-for-gurkor-rostfritt-bojt-morkgron-210-x-250-x-216-cm\/","og_site_name":"TRUUSK - Hem, Tr\u00e4dg\u00e5rd &amp; Fritid","article_modified_time":"2026-03-12T07:52:46+00:00","og_image":[{"width":2000,"height":2000,"url":"https:\/\/i0.wp.com\/truusk.se\/wp-content\/uploads\/2026\/02\/metallklatterstod-for-instickning-rostfritt-bojt-stod-for-gurkor-210-x-250-x-216-cm-morkgron-1.webp?fit=2000%2C2000&ssl=1","type":"image\/webp"}],"twitter_card":"summary_large_image","twitter_misc":{"Ber\u00e4knad l\u00e4stid":"1 minut"},"schema":{"@context":"https:\/\/schema.org","@graph":[{"@type":"WebPage","@id":"https:\/\/truusk.store\/sv\/produkt\/truusk-metallklatterstod-for-gurkor-rostfritt-bojt-morkgron-210-x-250-x-216-cm\/","url":"https:\/\/truusk.store\/sv\/produkt\/truusk-metallklatterstod-for-gurkor-rostfritt-bojt-morkgron-210-x-250-x-216-cm\/","name":"TRUUSK Metallkl\u00e4tterst\u00f6d f\u00f6r Gurkor - Rostfritt - B\u00f6jt - M\u00f6rkgr\u00f6n - 210 x 250 x 216 cm - TRUUSK - Hem, Tr\u00e4dg\u00e5rd &amp; Fritid","isPartOf":{"@id":"https:\/\/truusk.store\/sv\/#website"},"primaryImageOfPage":{"@id":"https:\/\/truusk.store\/sv\/produkt\/truusk-metallklatterstod-for-gurkor-rostfritt-bojt-morkgron-210-x-250-x-216-cm\/#primaryimage"},"image":{"@id":"https:\/\/truusk.store\/sv\/produkt\/truusk-metallklatterstod-for-gurkor-rostfritt-bojt-morkgron-210-x-250-x-216-cm\/#primaryimage"},"thumbnailUrl":"https:\/\/i0.wp.com\/truusk.store\/wp-content\/uploads\/2026\/02\/metallklatterstod-for-instickning-rostfritt-bojt-stod-for-gurkor-210-x-250-x-216-cm-morkgron-1.webp?fit=2000%2C2000&ssl=1","datePublished":"2026-02-24T05:46:47+00:00","dateModified":"2026-03-12T07:52:46+00:00","breadcrumb":{"@id":"https:\/\/truusk.store\/sv\/produkt\/truusk-metallklatterstod-for-gurkor-rostfritt-bojt-morkgron-210-x-250-x-216-cm\/#breadcrumb"},"inLanguage":"sv-SE","potentialAction":[{"@type":"ReadAction","target":["https:\/\/truusk.store\/sv\/produkt\/truusk-metallklatterstod-for-gurkor-rostfritt-bojt-morkgron-210-x-250-x-216-cm\/"]}]},{"@type":"ImageObject","inLanguage":"sv-SE","@id":"https:\/\/truusk.store\/sv\/produkt\/truusk-metallklatterstod-for-gurkor-rostfritt-bojt-morkgron-210-x-250-x-216-cm\/#primaryimage","url":"https:\/\/i0.wp.com\/truusk.store\/wp-content\/uploads\/2026\/02\/metallklatterstod-for-instickning-rostfritt-bojt-stod-for-gurkor-210-x-250-x-216-cm-morkgron-1.webp?fit=2000%2C2000&ssl=1","contentUrl":"https:\/\/i0.wp.com\/truusk.store\/wp-content\/uploads\/2026\/02\/metallklatterstod-for-instickning-rostfritt-bojt-stod-for-gurkor-210-x-250-x-216-cm-morkgron-1.webp?fit=2000%2C2000&ssl=1","width":2000,"height":2000},{"@type":"BreadcrumbList","@id":"https:\/\/truusk.store\/sv\/produkt\/truusk-metallklatterstod-for-gurkor-rostfritt-bojt-morkgron-210-x-250-x-216-cm\/#breadcrumb","itemListElement":[{"@type":"ListItem","position":1,"name":"Home","item":"https:\/\/truusk.store\/sv\/"},{"@type":"ListItem","position":2,"name":"Shop","item":"https:\/\/truusk.store\/shop\/"},{"@type":"ListItem","position":3,"name":"TRUUSK Metallkl\u00e4tterst\u00f6d f\u00f6r Gurkor &#8211; Rostfritt &#8211; B\u00f6jt &#8211; M\u00f6rkgr\u00f6n &#8211; 210 x 250 x 216 cm"}]},{"@type":"WebSite","@id":"https:\/\/truusk.store\/sv\/#website","url":"https:\/\/truusk.store\/sv\/","name":"TRUUSK - Hem, Tr\u00e4dg\u00e5rd & Fritid","description":"","publisher":{"@id":"https:\/\/truusk.store\/sv\/#organization"},"potentialAction":[{"@type":"SearchAction","target":{"@type":"EntryPoint","urlTemplate":"https:\/\/truusk.store\/sv\/?s={search_term_string}"},"query-input":{"@type":"PropertyValueSpecification","valueRequired":true,"valueName":"search_term_string"}}],"inLanguage":"sv-SE"},{"@type":"Organization","@id":"https:\/\/truusk.store\/sv\/#organization","name":"TRUUSK - Hem, Tr\u00e4dg\u00e5rd & Fritid","url":"https:\/\/truusk.store\/sv\/","logo":{"@type":"ImageObject","inLanguage":"sv-SE","@id":"https:\/\/truusk.store\/sv\/#\/schema\/logo\/image\/","url":"https:\/\/i0.wp.com\/truusk.store\/wp-content\/uploads\/2026\/03\/cropped-TRUUSK.png?fit=2032%2C917&ssl=1","contentUrl":"https:\/\/i0.wp.com\/truusk.store\/wp-content\/uploads\/2026\/03\/cropped-TRUUSK.png?fit=2032%2C917&ssl=1","width":2032,"height":917,"caption":"TRUUSK - Hem, Tr\u00e4dg\u00e5rd & Fritid"},"image":{"@id":"https:\/\/truusk.store\/sv\/#\/schema\/logo\/image\/"}}]}},"jetpack_sharing_enabled":true,"_links":{"self":[{"href":"https:\/\/truusk.store\/sv\/wp-json\/wp\/v2\/product\/105912","targetHints":{"allow":["GET"]}}],"collection":[{"href":"https:\/\/truusk.store\/sv\/wp-json\/wp\/v2\/product"}],"about":[{"href":"https:\/\/truusk.store\/sv\/wp-json\/wp\/v2\/types\/product"}],"wp:featuredmedia":[{"embeddable":true,"href":"https:\/\/truusk.store\/sv\/wp-json\/wp\/v2\/media\/105902"}],"wp:attachment":[{"href":"https:\/\/truusk.store\/sv\/wp-json\/wp\/v2\/media?parent=105912"}],"wp:term":[{"taxonomy":"product_brand","embeddable":true,"href":"https:\/\/truusk.store\/sv\/wp-json\/wp\/v2\/product_brand?post=105912"},{"taxonomy":"product_cat","embeddable":true,"href":"https:\/\/truusk.store\/sv\/wp-json\/wp\/v2\/product_cat?post=105912"},{"taxonomy":"product_tag","embeddable":true,"href":"https:\/\/truusk.store\/sv\/wp-json\/wp\/v2\/product_tag?post=105912"}],"curies":[{"name":"wp","href":"https:\/\/api.w.org\/{rel}","templated":true}]}}