{"id":105926,"date":"2026-02-24T06:48:03","date_gmt":"2026-02-24T05:48:03","guid":{"rendered":"https:\/\/truusk.store\/product\/agility-set-for-hundar-11-delar-agility-utrustning-for-hundar-med-2-tunnlar-hojdjusterbar-hopp-ring-hinder-slalomstav\/"},"modified":"2026-03-12T08:52:46","modified_gmt":"2026-03-12T07:52:46","slug":"truusk-agility-set-for-hundar-11-delar-2-tunnlar-hojdjusterbar-hopp-ring-hinder-slalomstav","status":"publish","type":"product","link":"https:\/\/truusk.store\/sv\/produkt\/truusk-agility-set-for-hundar-11-delar-2-tunnlar-hojdjusterbar-hopp-ring-hinder-slalomstav\/","title":{"rendered":"TRUUSK Agility Set f\u00f6r Hundar &#8211; 11-delar &#8211; 2 Tunnlar &#8211; H\u00f6jdjusterbar &#8211; Hopp Ring &#8211; Hinder &#8211; Slalomstav"},"content":{"rendered":"<p>Har du sv\u00e5rt att kanalisera ditt husdjurs energi? Detta [BRAND NAME] Agility Set Hundar med justerbara hopp, slalomst\u00e4nger och tunnlar utmanar hundar fysiskt och mentalt, st\u00e4rker band och sj\u00e4lvf\u00f6rtroende. Agility Set Hundar erbjuder s\u00e4ker underh\u00e5llning, f\u00f6rhindrar tristess och fr\u00e4mjar disciplin, s\u00e5 att ditt husdjur blir en lycklig agility-proffs.<\/p>\n<p>Beskrivning:<\/p>\n<ul>\n<li> Agility Set Hundar inneh\u00e5ller tv\u00e5 tunnlar, hopp och st\u00e4nger f\u00f6r en komplett professionell bana<\/li>\n<li> H\u00f6jdjusterbara inst\u00e4llningar anpassar sig till olika hundstorlekar och m\u00f6jligg\u00f6r progressiva tr\u00e4ningsniv\u00e5er<\/li>\n<li> Interaktiva hinder fr\u00e4mjar intelligens och st\u00e4rker bandet mellan \u00e4gare och husdjur<\/li>\n<li> Robusta material t\u00e5l energiska belastningar f\u00f6r att s\u00e4kerst\u00e4lla s\u00e4kert, intensivt spel<\/li>\n<li> Snabbt och verktygsl\u00f6st monterbart och kan f\u00f6rvaras i en v\u00e4ska f\u00f6r enkel transport<\/li>\n<li> Golvv\u00e4nlig design m\u00f6jligg\u00f6r \u00e5ret runt inomhustr\u00e4ning f\u00f6r att f\u00f6rhindra tristess hos husdjur<\/li>\n<\/ul>\n<p> Tekniska data:<\/p>\n<ul>\n<li> F\u00e4rg: Orange+Bl\u00e5+Svart<\/li>\n<li> Material: Plast, Oxford-tyg<\/li>\n<li> H\u00f6jdhoppm\u00e5tt: 72B x 93T x 92,5H cm<\/li>\n<li> Justerbar h\u00f6jdhoppsh\u00f6jd: 8,5-89 cm<\/li>\n<li> Ringhoppm\u00e5tt: 72B x 93T x 92,5H cm<\/li>\n<li> Justerbar ringhoppsh\u00f6jd: 6,5-56 cm<\/li>\n<li> Slalomst\u00e5ngsm\u00e5tt: 350B x 68T x 70H cm<\/li>\n<li> Tunnelm\u00e5tt: 300L x \u00d860 cm<\/li>\n<li> Molntunnelm\u00e5tt: 100L x \u00d860 cm (huvuddel), 200L (\u00e4nddel)<\/li>\n<li> Pausboxm\u00e5tt: 87B x 87T cm<\/li>\n<li> Godisp\u00e5sem\u00e5tt: 9B x 9T x 17H cm<\/li>\n<\/ul>\n<p>Leveransinneh\u00e5ll:<\/p>\n<ul>\n<li> 2 x Hinderhopp<\/li>\n<li> 1 x Ringhopp<\/li>\n<li> 1 x Slalomst\u00e5ngsset<\/li>\n<li> 1 x Rak tunnel<\/li>\n<li> 1 x Molntunnel<\/li>\n<li> 1 x Pausbox<\/li>\n<li> 1 x Kastskiva<\/li>\n<li> 1 x Tennisboll<\/li>\n<li> 1 x Hopf\u00e4llbar sk\u00e5l<\/li>\n<li> 1 x Godisp\u00e5se<\/li>\n<li> 1 x F\u00f6rvaringsv\u00e4ska<\/li>\n<li> 1 x Instruktioner<\/li>\n<\/ul>\n","protected":false},"excerpt":{"rendered":"<p>Har du sv\u00e5rt att kanalisera ditt husdjurs energi? Detta [BRAND NAME] Agility Set Hundar med justerbara hopp, slalomst\u00e4nger och tunnlar&#8230;<\/p>\n","protected":false},"featured_media":105913,"template":"","meta":[],"product_brand":[],"product_cat":[578,878,574],"product_tag":[],"class_list":{"0":"post-105926","1":"product","2":"type-product","3":"status-publish","4":"has-post-thumbnail","6":"product_cat-agility-set","7":"product_cat-djurbehov","8":"product_cat-hundtillbehor","10":"first","11":"instock","12":"sale","13":"taxable","14":"shipping-taxable","15":"purchasable","16":"product-type-simple"},"yoast_head":"<!-- This site is optimized with the Yoast SEO plugin v25.4 - https:\/\/yoast.com\/wordpress\/plugins\/seo\/ -->\n<title>TRUUSK Agility Set f\u00f6r Hundar - 11-delar - 2 Tunnlar - H\u00f6jdjusterbar - Hopp Ring - Hinder - Slalomstav - TRUUSK - Hem, Tr\u00e4dg\u00e5rd &amp; Fritid<\/title>\n<meta name=\"robots\" content=\"index, follow, max-snippet:-1, max-image-preview:large, max-video-preview:-1\" \/>\n<link rel=\"canonical\" href=\"https:\/\/truusk.store\/sv\/produkt\/truusk-agility-set-for-hundar-11-delar-2-tunnlar-hojdjusterbar-hopp-ring-hinder-slalomstav\/\" \/>\n<meta property=\"og:locale\" content=\"sv_SE\" \/>\n<meta property=\"og:type\" content=\"article\" \/>\n<meta property=\"og:title\" content=\"TRUUSK Agility Set f\u00f6r Hundar - 11-delar - 2 Tunnlar - H\u00f6jdjusterbar - Hopp Ring - Hinder - Slalomstav - TRUUSK - Hem, Tr\u00e4dg\u00e5rd &amp; Fritid\" \/>\n<meta property=\"og:description\" content=\"Har du sv\u00e5rt att kanalisera ditt husdjurs energi? Detta [BRAND NAME] Agility Set Hundar med justerbara hopp, slalomst\u00e4nger och tunnlar...\" \/>\n<meta property=\"og:url\" content=\"https:\/\/truusk.store\/sv\/produkt\/truusk-agility-set-for-hundar-11-delar-2-tunnlar-hojdjusterbar-hopp-ring-hinder-slalomstav\/\" \/>\n<meta property=\"og:site_name\" content=\"TRUUSK - Hem, Tr\u00e4dg\u00e5rd &amp; Fritid\" \/>\n<meta property=\"article:modified_time\" content=\"2026-03-12T07:52:46+00:00\" \/>\n<meta property=\"og:image\" content=\"https:\/\/i0.wp.com\/truusk.se\/wp-content\/uploads\/2026\/02\/agility-set-for-hundar-11-delar-agility-utrustning-for-hundar-med-2-tunnlar-hojdjusterbar-hopp-ring-hinder-slalomstav-1.webp?fit=2000%2C2000&ssl=1\" \/>\n\t<meta property=\"og:image:width\" content=\"2000\" \/>\n\t<meta property=\"og:image:height\" content=\"2000\" \/>\n\t<meta property=\"og:image:type\" content=\"image\/webp\" \/>\n<meta name=\"twitter:card\" content=\"summary_large_image\" \/>\n<meta name=\"twitter:label1\" content=\"Ber\u00e4knad l\u00e4stid\" \/>\n\t<meta name=\"twitter:data1\" content=\"1 minut\" \/>\n<!-- \/ Yoast SEO plugin. -->","yoast_head_json":{"title":"TRUUSK Agility Set f\u00f6r Hundar - 11-delar - 2 Tunnlar - H\u00f6jdjusterbar - Hopp Ring - Hinder - Slalomstav - TRUUSK - Hem, Tr\u00e4dg\u00e5rd &amp; Fritid","robots":{"index":"index","follow":"follow","max-snippet":"max-snippet:-1","max-image-preview":"max-image-preview:large","max-video-preview":"max-video-preview:-1"},"canonical":"https:\/\/truusk.store\/sv\/produkt\/truusk-agility-set-for-hundar-11-delar-2-tunnlar-hojdjusterbar-hopp-ring-hinder-slalomstav\/","og_locale":"sv_SE","og_type":"article","og_title":"TRUUSK Agility Set f\u00f6r Hundar - 11-delar - 2 Tunnlar - H\u00f6jdjusterbar - Hopp Ring - Hinder - Slalomstav - TRUUSK - Hem, Tr\u00e4dg\u00e5rd &amp; Fritid","og_description":"Har du sv\u00e5rt att kanalisera ditt husdjurs energi? Detta [BRAND NAME] Agility Set Hundar med justerbara hopp, slalomst\u00e4nger och tunnlar...","og_url":"https:\/\/truusk.store\/sv\/produkt\/truusk-agility-set-for-hundar-11-delar-2-tunnlar-hojdjusterbar-hopp-ring-hinder-slalomstav\/","og_site_name":"TRUUSK - Hem, Tr\u00e4dg\u00e5rd &amp; Fritid","article_modified_time":"2026-03-12T07:52:46+00:00","og_image":[{"width":2000,"height":2000,"url":"https:\/\/i0.wp.com\/truusk.se\/wp-content\/uploads\/2026\/02\/agility-set-for-hundar-11-delar-agility-utrustning-for-hundar-med-2-tunnlar-hojdjusterbar-hopp-ring-hinder-slalomstav-1.webp?fit=2000%2C2000&ssl=1","type":"image\/webp"}],"twitter_card":"summary_large_image","twitter_misc":{"Ber\u00e4knad l\u00e4stid":"1 minut"},"schema":{"@context":"https:\/\/schema.org","@graph":[{"@type":"WebPage","@id":"https:\/\/truusk.store\/sv\/produkt\/truusk-agility-set-for-hundar-11-delar-2-tunnlar-hojdjusterbar-hopp-ring-hinder-slalomstav\/","url":"https:\/\/truusk.store\/sv\/produkt\/truusk-agility-set-for-hundar-11-delar-2-tunnlar-hojdjusterbar-hopp-ring-hinder-slalomstav\/","name":"TRUUSK Agility Set f\u00f6r Hundar - 11-delar - 2 Tunnlar - H\u00f6jdjusterbar - Hopp Ring - Hinder - Slalomstav - TRUUSK - Hem, Tr\u00e4dg\u00e5rd &amp; Fritid","isPartOf":{"@id":"https:\/\/truusk.store\/sv\/#website"},"primaryImageOfPage":{"@id":"https:\/\/truusk.store\/sv\/produkt\/truusk-agility-set-for-hundar-11-delar-2-tunnlar-hojdjusterbar-hopp-ring-hinder-slalomstav\/#primaryimage"},"image":{"@id":"https:\/\/truusk.store\/sv\/produkt\/truusk-agility-set-for-hundar-11-delar-2-tunnlar-hojdjusterbar-hopp-ring-hinder-slalomstav\/#primaryimage"},"thumbnailUrl":"https:\/\/i0.wp.com\/truusk.store\/wp-content\/uploads\/2026\/02\/agility-set-for-hundar-11-delar-agility-utrustning-for-hundar-med-2-tunnlar-hojdjusterbar-hopp-ring-hinder-slalomstav-1.webp?fit=2000%2C2000&ssl=1","datePublished":"2026-02-24T05:48:03+00:00","dateModified":"2026-03-12T07:52:46+00:00","breadcrumb":{"@id":"https:\/\/truusk.store\/sv\/produkt\/truusk-agility-set-for-hundar-11-delar-2-tunnlar-hojdjusterbar-hopp-ring-hinder-slalomstav\/#breadcrumb"},"inLanguage":"sv-SE","potentialAction":[{"@type":"ReadAction","target":["https:\/\/truusk.store\/sv\/produkt\/truusk-agility-set-for-hundar-11-delar-2-tunnlar-hojdjusterbar-hopp-ring-hinder-slalomstav\/"]}]},{"@type":"ImageObject","inLanguage":"sv-SE","@id":"https:\/\/truusk.store\/sv\/produkt\/truusk-agility-set-for-hundar-11-delar-2-tunnlar-hojdjusterbar-hopp-ring-hinder-slalomstav\/#primaryimage","url":"https:\/\/i0.wp.com\/truusk.store\/wp-content\/uploads\/2026\/02\/agility-set-for-hundar-11-delar-agility-utrustning-for-hundar-med-2-tunnlar-hojdjusterbar-hopp-ring-hinder-slalomstav-1.webp?fit=2000%2C2000&ssl=1","contentUrl":"https:\/\/i0.wp.com\/truusk.store\/wp-content\/uploads\/2026\/02\/agility-set-for-hundar-11-delar-agility-utrustning-for-hundar-med-2-tunnlar-hojdjusterbar-hopp-ring-hinder-slalomstav-1.webp?fit=2000%2C2000&ssl=1","width":2000,"height":2000},{"@type":"BreadcrumbList","@id":"https:\/\/truusk.store\/sv\/produkt\/truusk-agility-set-for-hundar-11-delar-2-tunnlar-hojdjusterbar-hopp-ring-hinder-slalomstav\/#breadcrumb","itemListElement":[{"@type":"ListItem","position":1,"name":"Home","item":"https:\/\/truusk.store\/sv\/"},{"@type":"ListItem","position":2,"name":"Shop","item":"https:\/\/truusk.store\/shop\/"},{"@type":"ListItem","position":3,"name":"TRUUSK Agility Set f\u00f6r Hundar &#8211; 11-delar &#8211; 2 Tunnlar &#8211; H\u00f6jdjusterbar &#8211; Hopp Ring &#8211; Hinder &#8211; Slalomstav"}]},{"@type":"WebSite","@id":"https:\/\/truusk.store\/sv\/#website","url":"https:\/\/truusk.store\/sv\/","name":"TRUUSK - Hem, Tr\u00e4dg\u00e5rd & Fritid","description":"","publisher":{"@id":"https:\/\/truusk.store\/sv\/#organization"},"potentialAction":[{"@type":"SearchAction","target":{"@type":"EntryPoint","urlTemplate":"https:\/\/truusk.store\/sv\/?s={search_term_string}"},"query-input":{"@type":"PropertyValueSpecification","valueRequired":true,"valueName":"search_term_string"}}],"inLanguage":"sv-SE"},{"@type":"Organization","@id":"https:\/\/truusk.store\/sv\/#organization","name":"TRUUSK - Hem, Tr\u00e4dg\u00e5rd & Fritid","url":"https:\/\/truusk.store\/sv\/","logo":{"@type":"ImageObject","inLanguage":"sv-SE","@id":"https:\/\/truusk.store\/sv\/#\/schema\/logo\/image\/","url":"https:\/\/i0.wp.com\/truusk.store\/wp-content\/uploads\/2026\/03\/cropped-TRUUSK.png?fit=2032%2C917&ssl=1","contentUrl":"https:\/\/i0.wp.com\/truusk.store\/wp-content\/uploads\/2026\/03\/cropped-TRUUSK.png?fit=2032%2C917&ssl=1","width":2032,"height":917,"caption":"TRUUSK - Hem, Tr\u00e4dg\u00e5rd & Fritid"},"image":{"@id":"https:\/\/truusk.store\/sv\/#\/schema\/logo\/image\/"}}]}},"jetpack_sharing_enabled":true,"_links":{"self":[{"href":"https:\/\/truusk.store\/sv\/wp-json\/wp\/v2\/product\/105926","targetHints":{"allow":["GET"]}}],"collection":[{"href":"https:\/\/truusk.store\/sv\/wp-json\/wp\/v2\/product"}],"about":[{"href":"https:\/\/truusk.store\/sv\/wp-json\/wp\/v2\/types\/product"}],"wp:featuredmedia":[{"embeddable":true,"href":"https:\/\/truusk.store\/sv\/wp-json\/wp\/v2\/media\/105913"}],"wp:attachment":[{"href":"https:\/\/truusk.store\/sv\/wp-json\/wp\/v2\/media?parent=105926"}],"wp:term":[{"taxonomy":"product_brand","embeddable":true,"href":"https:\/\/truusk.store\/sv\/wp-json\/wp\/v2\/product_brand?post=105926"},{"taxonomy":"product_cat","embeddable":true,"href":"https:\/\/truusk.store\/sv\/wp-json\/wp\/v2\/product_cat?post=105926"},{"taxonomy":"product_tag","embeddable":true,"href":"https:\/\/truusk.store\/sv\/wp-json\/wp\/v2\/product_tag?post=105926"}],"curies":[{"name":"wp","href":"https:\/\/api.w.org\/{rel}","templated":true}]}}