{"id":105934,"date":"2026-02-24T06:48:49","date_gmt":"2026-02-24T05:48:49","guid":{"rendered":"https:\/\/truusk.store\/product\/hogbadd-med-vaxthusoverdel-planteringslada-med-uppfallbart-lock-rullbar-dragkedjadorr-draneringshal-svart\/"},"modified":"2026-03-12T08:52:46","modified_gmt":"2026-03-12T07:52:46","slug":"truusk-hogbadd-med-vaxthusoverdel-planteringslada-med-uppfallbart-lock-rullbar-dragkedjadorr-draneringshal-svart","status":"publish","type":"product","link":"https:\/\/truusk.store\/sv\/produkt\/truusk-hogbadd-med-vaxthusoverdel-planteringslada-med-uppfallbart-lock-rullbar-dragkedjadorr-draneringshal-svart\/","title":{"rendered":"TRUUSK H\u00f6gb\u00e4dd Med V\u00e4xthus\u00f6verdel &#8211; Planteringsl\u00e5da Med Uppf\u00e4llbart Lock &#8211; Rullbar &#8211; Dragkedjad\u00f6rr &#8211; Dr\u00e4neringsh\u00e5l &#8211; Svart"},"content":{"rendered":"<p>Det [BRAND NAME] h\u00f6ga b\u00e4ddet med transparent lock erbjuder ett varmt, skyddat utrymme f\u00f6r h\u00e4lsosam v\u00e4xtodling och m\u00f6jligg\u00f6r enkel \u00f6vervakning av tillv\u00e4xten. Det uppf\u00e4llbara locket p\u00e5 planteringsb\u00e4dden underl\u00e4ttar bevattning och v\u00e5rd. Det \u00e4r avtagbart f\u00f6r m\u00e5ngsidig anv\u00e4ndning, och de f\u00f6rl\u00e4ngda kanterna till\u00e5ter till\u00e4gg av stenar eller jord f\u00f6r \u00f6kad stabilitet utomhus.<\/p>\n<p>Beskrivning:<\/p>\n<ul>\n<li> Lock p\u00e5 h\u00f6gb\u00e4dden skyddar v\u00e4xter fr\u00e5n kyla, frost och f\u00e5glar<\/li>\n<li> Det transparenta locket m\u00f6jligg\u00f6r enkel \u00f6vervakning av v\u00e4xttillv\u00e4xten<\/li>\n<li> Uppf\u00e4llbart lock med dragkedja och upprullbar d\u00f6rr underl\u00e4ttar bevattning och v\u00e5rd<\/li>\n<li> Avtagbart v\u00e4xthuslock m\u00f6jligg\u00f6r flexibel, separat anv\u00e4ndning<\/li>\n<li> H\u00f6gb\u00e4dden i metall st\u00e5r h\u00f6gt f\u00f6r att minska b\u00f6jning och belastning<\/li>\n<li> Avloppsh\u00e5l f\u00f6rhindrar vattenansamlingar och rotr\u00f6ta<\/li>\n<li> Det tjockare 0,6 mm metallen motst\u00e5r rost och deformation utomhus<\/li>\n<li> Sl\u00e4ta rundade kanter och de medf\u00f6ljande handskarna s\u00e4kerst\u00e4ller en s\u00e4krare montering.<\/li>\n<\/ul>\n<p> Tekniska specifikationer:<\/p>\n<ul>\n<li> F\u00e4rg: Svart<\/li>\n<li> Material: Plast, Metall<\/li>\n<li> Totala dimensioner: 100L x 49B x 136H cm<\/li>\n<li> Planteringsomr\u00e5dets dimensioner: 96L x 45B x 22,5H cm<\/li>\n<li> Mini-v\u00e4xthusdimensioner: 100L x 49B x 53H cm<\/li>\n<li> D\u00f6rrdimensioner: 83B x 74H cm<\/li>\n<li> Belastningskapacitet: 80 kg<\/li>\n<\/ul>\n<p>Leveransinneh\u00e5ll:<\/p>\n<ul>\n<li> 1 x H\u00f6gb\u00e4dd<\/li>\n<li> 1 par handskar<\/li>\n<li> 1 x Instruktioner<\/li>\n<\/ul>\n","protected":false},"excerpt":{"rendered":"<p>Det [BRAND NAME] h\u00f6ga b\u00e4ddet med transparent lock erbjuder ett varmt, skyddat utrymme f\u00f6r h\u00e4lsosam v\u00e4xtodling och m\u00f6jligg\u00f6r enkel \u00f6vervakning&#8230;<\/p>\n","protected":false},"featured_media":105919,"template":"","meta":[],"product_brand":[],"product_cat":[922,858,443],"product_tag":[],"class_list":{"0":"post-105934","1":"product","2":"type-product","3":"status-publish","4":"has-post-thumbnail","6":"product_cat-planteringskarl","7":"product_cat-tradgard-terrass","8":"product_cat-vaxthus-tradgardsskotsel","10":"first","11":"instock","12":"sale","13":"taxable","14":"shipping-taxable","15":"purchasable","16":"product-type-simple"},"yoast_head":"<!-- This site is optimized with the Yoast SEO plugin v25.4 - https:\/\/yoast.com\/wordpress\/plugins\/seo\/ -->\n<title>TRUUSK H\u00f6gb\u00e4dd Med V\u00e4xthus\u00f6verdel - Planteringsl\u00e5da Med Uppf\u00e4llbart Lock - Rullbar - Dragkedjad\u00f6rr - Dr\u00e4neringsh\u00e5l - Svart - TRUUSK - Hem, Tr\u00e4dg\u00e5rd &amp; Fritid<\/title>\n<meta name=\"robots\" content=\"index, follow, max-snippet:-1, max-image-preview:large, max-video-preview:-1\" \/>\n<link rel=\"canonical\" href=\"https:\/\/truusk.store\/sv\/produkt\/truusk-hogbadd-med-vaxthusoverdel-planteringslada-med-uppfallbart-lock-rullbar-dragkedjadorr-draneringshal-svart\/\" \/>\n<meta property=\"og:locale\" content=\"sv_SE\" \/>\n<meta property=\"og:type\" content=\"article\" \/>\n<meta property=\"og:title\" content=\"TRUUSK H\u00f6gb\u00e4dd Med V\u00e4xthus\u00f6verdel - Planteringsl\u00e5da Med Uppf\u00e4llbart Lock - Rullbar - Dragkedjad\u00f6rr - Dr\u00e4neringsh\u00e5l - Svart - TRUUSK - Hem, Tr\u00e4dg\u00e5rd &amp; Fritid\" \/>\n<meta property=\"og:description\" content=\"Det [BRAND NAME] h\u00f6ga b\u00e4ddet med transparent lock erbjuder ett varmt, skyddat utrymme f\u00f6r h\u00e4lsosam v\u00e4xtodling och m\u00f6jligg\u00f6r enkel \u00f6vervakning...\" \/>\n<meta property=\"og:url\" content=\"https:\/\/truusk.store\/sv\/produkt\/truusk-hogbadd-med-vaxthusoverdel-planteringslada-med-uppfallbart-lock-rullbar-dragkedjadorr-draneringshal-svart\/\" \/>\n<meta property=\"og:site_name\" content=\"TRUUSK - Hem, Tr\u00e4dg\u00e5rd &amp; Fritid\" \/>\n<meta property=\"article:modified_time\" content=\"2026-03-12T07:52:46+00:00\" \/>\n<meta property=\"og:image\" content=\"https:\/\/i0.wp.com\/truusk.se\/wp-content\/uploads\/2026\/02\/hogbadd-med-vaxthusoverdel-planteringslada-med-uppfallbart-lock-rullbar-dragkedjadorr-draneringshal-svart-1.webp?fit=2000%2C2000&ssl=1\" \/>\n\t<meta property=\"og:image:width\" content=\"2000\" \/>\n\t<meta property=\"og:image:height\" content=\"2000\" \/>\n\t<meta property=\"og:image:type\" content=\"image\/webp\" \/>\n<meta name=\"twitter:card\" content=\"summary_large_image\" \/>\n<meta name=\"twitter:label1\" content=\"Ber\u00e4knad l\u00e4stid\" \/>\n\t<meta name=\"twitter:data1\" content=\"1 minut\" \/>\n<!-- \/ Yoast SEO plugin. -->","yoast_head_json":{"title":"TRUUSK H\u00f6gb\u00e4dd Med V\u00e4xthus\u00f6verdel - Planteringsl\u00e5da Med Uppf\u00e4llbart Lock - Rullbar - Dragkedjad\u00f6rr - Dr\u00e4neringsh\u00e5l - Svart - TRUUSK - Hem, Tr\u00e4dg\u00e5rd &amp; Fritid","robots":{"index":"index","follow":"follow","max-snippet":"max-snippet:-1","max-image-preview":"max-image-preview:large","max-video-preview":"max-video-preview:-1"},"canonical":"https:\/\/truusk.store\/sv\/produkt\/truusk-hogbadd-med-vaxthusoverdel-planteringslada-med-uppfallbart-lock-rullbar-dragkedjadorr-draneringshal-svart\/","og_locale":"sv_SE","og_type":"article","og_title":"TRUUSK H\u00f6gb\u00e4dd Med V\u00e4xthus\u00f6verdel - Planteringsl\u00e5da Med Uppf\u00e4llbart Lock - Rullbar - Dragkedjad\u00f6rr - Dr\u00e4neringsh\u00e5l - Svart - TRUUSK - Hem, Tr\u00e4dg\u00e5rd &amp; Fritid","og_description":"Det [BRAND NAME] h\u00f6ga b\u00e4ddet med transparent lock erbjuder ett varmt, skyddat utrymme f\u00f6r h\u00e4lsosam v\u00e4xtodling och m\u00f6jligg\u00f6r enkel \u00f6vervakning...","og_url":"https:\/\/truusk.store\/sv\/produkt\/truusk-hogbadd-med-vaxthusoverdel-planteringslada-med-uppfallbart-lock-rullbar-dragkedjadorr-draneringshal-svart\/","og_site_name":"TRUUSK - Hem, Tr\u00e4dg\u00e5rd &amp; Fritid","article_modified_time":"2026-03-12T07:52:46+00:00","og_image":[{"width":2000,"height":2000,"url":"https:\/\/i0.wp.com\/truusk.se\/wp-content\/uploads\/2026\/02\/hogbadd-med-vaxthusoverdel-planteringslada-med-uppfallbart-lock-rullbar-dragkedjadorr-draneringshal-svart-1.webp?fit=2000%2C2000&ssl=1","type":"image\/webp"}],"twitter_card":"summary_large_image","twitter_misc":{"Ber\u00e4knad l\u00e4stid":"1 minut"},"schema":{"@context":"https:\/\/schema.org","@graph":[{"@type":"WebPage","@id":"https:\/\/truusk.store\/sv\/produkt\/truusk-hogbadd-med-vaxthusoverdel-planteringslada-med-uppfallbart-lock-rullbar-dragkedjadorr-draneringshal-svart\/","url":"https:\/\/truusk.store\/sv\/produkt\/truusk-hogbadd-med-vaxthusoverdel-planteringslada-med-uppfallbart-lock-rullbar-dragkedjadorr-draneringshal-svart\/","name":"TRUUSK H\u00f6gb\u00e4dd Med V\u00e4xthus\u00f6verdel - Planteringsl\u00e5da Med Uppf\u00e4llbart Lock - Rullbar - Dragkedjad\u00f6rr - Dr\u00e4neringsh\u00e5l - Svart - TRUUSK - Hem, Tr\u00e4dg\u00e5rd &amp; Fritid","isPartOf":{"@id":"https:\/\/truusk.store\/sv\/#website"},"primaryImageOfPage":{"@id":"https:\/\/truusk.store\/sv\/produkt\/truusk-hogbadd-med-vaxthusoverdel-planteringslada-med-uppfallbart-lock-rullbar-dragkedjadorr-draneringshal-svart\/#primaryimage"},"image":{"@id":"https:\/\/truusk.store\/sv\/produkt\/truusk-hogbadd-med-vaxthusoverdel-planteringslada-med-uppfallbart-lock-rullbar-dragkedjadorr-draneringshal-svart\/#primaryimage"},"thumbnailUrl":"https:\/\/i0.wp.com\/truusk.store\/wp-content\/uploads\/2026\/02\/hogbadd-med-vaxthusoverdel-planteringslada-med-uppfallbart-lock-rullbar-dragkedjadorr-draneringshal-svart-1.webp?fit=2000%2C2000&ssl=1","datePublished":"2026-02-24T05:48:49+00:00","dateModified":"2026-03-12T07:52:46+00:00","breadcrumb":{"@id":"https:\/\/truusk.store\/sv\/produkt\/truusk-hogbadd-med-vaxthusoverdel-planteringslada-med-uppfallbart-lock-rullbar-dragkedjadorr-draneringshal-svart\/#breadcrumb"},"inLanguage":"sv-SE","potentialAction":[{"@type":"ReadAction","target":["https:\/\/truusk.store\/sv\/produkt\/truusk-hogbadd-med-vaxthusoverdel-planteringslada-med-uppfallbart-lock-rullbar-dragkedjadorr-draneringshal-svart\/"]}]},{"@type":"ImageObject","inLanguage":"sv-SE","@id":"https:\/\/truusk.store\/sv\/produkt\/truusk-hogbadd-med-vaxthusoverdel-planteringslada-med-uppfallbart-lock-rullbar-dragkedjadorr-draneringshal-svart\/#primaryimage","url":"https:\/\/i0.wp.com\/truusk.store\/wp-content\/uploads\/2026\/02\/hogbadd-med-vaxthusoverdel-planteringslada-med-uppfallbart-lock-rullbar-dragkedjadorr-draneringshal-svart-1.webp?fit=2000%2C2000&ssl=1","contentUrl":"https:\/\/i0.wp.com\/truusk.store\/wp-content\/uploads\/2026\/02\/hogbadd-med-vaxthusoverdel-planteringslada-med-uppfallbart-lock-rullbar-dragkedjadorr-draneringshal-svart-1.webp?fit=2000%2C2000&ssl=1","width":2000,"height":2000},{"@type":"BreadcrumbList","@id":"https:\/\/truusk.store\/sv\/produkt\/truusk-hogbadd-med-vaxthusoverdel-planteringslada-med-uppfallbart-lock-rullbar-dragkedjadorr-draneringshal-svart\/#breadcrumb","itemListElement":[{"@type":"ListItem","position":1,"name":"Home","item":"https:\/\/truusk.store\/sv\/"},{"@type":"ListItem","position":2,"name":"Shop","item":"https:\/\/truusk.store\/shop\/"},{"@type":"ListItem","position":3,"name":"TRUUSK H\u00f6gb\u00e4dd Med V\u00e4xthus\u00f6verdel &#8211; Planteringsl\u00e5da Med Uppf\u00e4llbart Lock &#8211; Rullbar &#8211; Dragkedjad\u00f6rr &#8211; Dr\u00e4neringsh\u00e5l &#8211; Svart"}]},{"@type":"WebSite","@id":"https:\/\/truusk.store\/sv\/#website","url":"https:\/\/truusk.store\/sv\/","name":"TRUUSK - Hem, Tr\u00e4dg\u00e5rd & Fritid","description":"","publisher":{"@id":"https:\/\/truusk.store\/sv\/#organization"},"potentialAction":[{"@type":"SearchAction","target":{"@type":"EntryPoint","urlTemplate":"https:\/\/truusk.store\/sv\/?s={search_term_string}"},"query-input":{"@type":"PropertyValueSpecification","valueRequired":true,"valueName":"search_term_string"}}],"inLanguage":"sv-SE"},{"@type":"Organization","@id":"https:\/\/truusk.store\/sv\/#organization","name":"TRUUSK - Hem, Tr\u00e4dg\u00e5rd & Fritid","url":"https:\/\/truusk.store\/sv\/","logo":{"@type":"ImageObject","inLanguage":"sv-SE","@id":"https:\/\/truusk.store\/sv\/#\/schema\/logo\/image\/","url":"https:\/\/i0.wp.com\/truusk.store\/wp-content\/uploads\/2026\/03\/cropped-TRUUSK.png?fit=2032%2C917&ssl=1","contentUrl":"https:\/\/i0.wp.com\/truusk.store\/wp-content\/uploads\/2026\/03\/cropped-TRUUSK.png?fit=2032%2C917&ssl=1","width":2032,"height":917,"caption":"TRUUSK - Hem, Tr\u00e4dg\u00e5rd & Fritid"},"image":{"@id":"https:\/\/truusk.store\/sv\/#\/schema\/logo\/image\/"}}]}},"jetpack_sharing_enabled":true,"_links":{"self":[{"href":"https:\/\/truusk.store\/sv\/wp-json\/wp\/v2\/product\/105934","targetHints":{"allow":["GET"]}}],"collection":[{"href":"https:\/\/truusk.store\/sv\/wp-json\/wp\/v2\/product"}],"about":[{"href":"https:\/\/truusk.store\/sv\/wp-json\/wp\/v2\/types\/product"}],"wp:featuredmedia":[{"embeddable":true,"href":"https:\/\/truusk.store\/sv\/wp-json\/wp\/v2\/media\/105919"}],"wp:attachment":[{"href":"https:\/\/truusk.store\/sv\/wp-json\/wp\/v2\/media?parent=105934"}],"wp:term":[{"taxonomy":"product_brand","embeddable":true,"href":"https:\/\/truusk.store\/sv\/wp-json\/wp\/v2\/product_brand?post=105934"},{"taxonomy":"product_cat","embeddable":true,"href":"https:\/\/truusk.store\/sv\/wp-json\/wp\/v2\/product_cat?post=105934"},{"taxonomy":"product_tag","embeddable":true,"href":"https:\/\/truusk.store\/sv\/wp-json\/wp\/v2\/product_tag?post=105934"}],"curies":[{"name":"wp","href":"https:\/\/api.w.org\/{rel}","templated":true}]}}