{"id":105954,"date":"2026-02-24T06:50:52","date_gmt":"2026-02-24T05:50:52","guid":{"rendered":"https:\/\/truusk.store\/product\/4-vanings-vaxtstall-110-cm-hog-blomstall-med-24-klammor-vaxthylla-i-morkgron-stal\/"},"modified":"2026-03-12T08:52:47","modified_gmt":"2026-03-12T07:52:47","slug":"truusk-4-vanings-vaxtstall-110-cm-hog-blomstall-med-24-klammor-vaxthylla-i-morkgron-stal","status":"publish","type":"product","link":"https:\/\/truusk.store\/sv\/produkt\/truusk-4-vanings-vaxtstall-110-cm-hog-blomstall-med-24-klammor-vaxthylla-i-morkgron-stal\/","title":{"rendered":"TRUUSK 4-v\u00e5nings V\u00e4xtst\u00e4ll &#8211; 110 Cm H\u00f6g Blomst\u00e4ll Med 24 Kl\u00e4mmor &#8211; V\u00e4xthylla I M\u00f6rkgr\u00f6n St\u00e5l"},"content":{"rendered":"<p>K\u00e4nns din plantsamling mer som oordning \u00e4n som en tillflyktsort? Det st\u00e4ndiga flyttandet av krukor bara f\u00f6r att vattna dem kan vara tr\u00f6ttsamt, och ostabila hyllor kan orsaka oro. Blomst\u00e4llningen fr\u00e5n [BRAND NAME] erbjuder en l\u00f6sning med sin \u00f6ppna design och fyra niv\u00e5er, vilket underl\u00e4ttar v\u00e4xtv\u00e5rden. Denna robusta blomhylla, f\u00f6rst\u00e4rkt med 24 kl\u00e4mmor, b\u00e4r s\u00e4kert upp till 10 kg per hylla och ger dig tryggheten att skapa din gr\u00f6na oas.<\/p>\n<p>Beskrivning:<\/p>\n<ul>\n<li> Har en fyra niv\u00e5ers stege design som ger tillr\u00e4ckligt med utrymme f\u00f6r olika v\u00e4xter<\/li>\n<li> Den \u00f6ppna strukturen f\u00f6renklar vattning och g\u00f6dsling, vilket g\u00f6r v\u00e4xtv\u00e5rden enkel<\/li>\n<li> Det pulverlackerade st\u00e5lramen garanterar h\u00e5llbarhet b\u00e5de inomhus och utomhus<\/li>\n<li> Inneh\u00e5ller 24 kl\u00e4mmor f\u00f6r att s\u00e4kra hyllorna, varje niv\u00e5 b\u00e4r upp till 10 kg<\/li>\n<li> Denna m\u00e5ngsidiga blomst\u00e4llning fungerar ocks\u00e5 som en bokhylla eller f\u00f6rvaringshylla<\/li>\n<li> Verktygsl\u00f6s montering g\u00f6r att alla delar kan monteras p\u00e5 bara n\u00e5gra minuter<\/li>\n<li> Montering kr\u00e4vs<\/li>\n<\/ul>\n<p> Tekniska specifikationer:<\/p>\n<ul>\n<li> F\u00e4rg: M\u00f6rkgr\u00f6n<\/li>\n<li> Material: St\u00e5l<\/li>\n<li> Totala dimensioner: 94B x 84T x 110H cm<\/li>\n<li> Hyllstorlek: 82L x 57B cm (1-3 niv\u00e5), 82L x 28,5B cm (\u00f6vre niv\u00e5)<\/li>\n<li> Hyllh\u00f6jd fr\u00e5n golvet: (nedifr\u00e5n och upp) 5 cm, 40 cm, 75 cm, 110 cm<\/li>\n<li> Max. belastning: 10 kg (per hylla)<\/li>\n<\/ul>\n<p>Leverans inneh\u00e5ller:<\/p>\n<ul>\n<li> 1 x Blomst\u00e4llning<\/li>\n<li> 1 x Instruktioner<\/li>\n<\/ul>\n","protected":false},"excerpt":{"rendered":"<p>K\u00e4nns din plantsamling mer som oordning \u00e4n som en tillflyktsort? Det st\u00e4ndiga flyttandet av krukor bara f\u00f6r att vattna dem&#8230;<\/p>\n","protected":false},"featured_media":105943,"template":"","meta":[],"product_brand":[],"product_cat":[884,858,443,883],"product_tag":[],"class_list":{"0":"post-105954","1":"product","2":"type-product","3":"status-publish","4":"has-post-thumbnail","6":"product_cat-pflanzentreppen","7":"product_cat-tradgard-terrass","8":"product_cat-vaxthus-tradgardsskotsel","9":"product_cat-vaxttrappor-hyllor","11":"first","12":"instock","13":"sale","14":"taxable","15":"shipping-taxable","16":"purchasable","17":"product-type-simple"},"yoast_head":"<!-- This site is optimized with the Yoast SEO plugin v25.4 - https:\/\/yoast.com\/wordpress\/plugins\/seo\/ -->\n<title>TRUUSK 4-v\u00e5nings V\u00e4xtst\u00e4ll - 110 Cm H\u00f6g Blomst\u00e4ll Med 24 Kl\u00e4mmor - V\u00e4xthylla I M\u00f6rkgr\u00f6n St\u00e5l - TRUUSK - Hem, Tr\u00e4dg\u00e5rd &amp; Fritid<\/title>\n<meta name=\"robots\" content=\"index, follow, max-snippet:-1, max-image-preview:large, max-video-preview:-1\" \/>\n<link rel=\"canonical\" href=\"https:\/\/truusk.store\/sv\/produkt\/truusk-4-vanings-vaxtstall-110-cm-hog-blomstall-med-24-klammor-vaxthylla-i-morkgron-stal\/\" \/>\n<meta property=\"og:locale\" content=\"sv_SE\" \/>\n<meta property=\"og:type\" content=\"article\" \/>\n<meta property=\"og:title\" content=\"TRUUSK 4-v\u00e5nings V\u00e4xtst\u00e4ll - 110 Cm H\u00f6g Blomst\u00e4ll Med 24 Kl\u00e4mmor - V\u00e4xthylla I M\u00f6rkgr\u00f6n St\u00e5l - TRUUSK - Hem, Tr\u00e4dg\u00e5rd &amp; Fritid\" \/>\n<meta property=\"og:description\" content=\"K\u00e4nns din plantsamling mer som oordning \u00e4n som en tillflyktsort? Det st\u00e4ndiga flyttandet av krukor bara f\u00f6r att vattna dem...\" \/>\n<meta property=\"og:url\" content=\"https:\/\/truusk.store\/sv\/produkt\/truusk-4-vanings-vaxtstall-110-cm-hog-blomstall-med-24-klammor-vaxthylla-i-morkgron-stal\/\" \/>\n<meta property=\"og:site_name\" content=\"TRUUSK - Hem, Tr\u00e4dg\u00e5rd &amp; Fritid\" \/>\n<meta property=\"article:modified_time\" content=\"2026-03-12T07:52:47+00:00\" \/>\n<meta property=\"og:image\" content=\"https:\/\/i0.wp.com\/truusk.se\/wp-content\/uploads\/2026\/02\/4-vanings-vaxtstall-110-cm-hog-blomstall-med-24-klammor-vaxthylla-i-morkgron-stal-1.webp?fit=2000%2C2000&ssl=1\" \/>\n\t<meta property=\"og:image:width\" content=\"2000\" \/>\n\t<meta property=\"og:image:height\" content=\"2000\" \/>\n\t<meta property=\"og:image:type\" content=\"image\/webp\" \/>\n<meta name=\"twitter:card\" content=\"summary_large_image\" \/>\n<meta name=\"twitter:label1\" content=\"Ber\u00e4knad l\u00e4stid\" \/>\n\t<meta name=\"twitter:data1\" content=\"1 minut\" \/>\n<!-- \/ Yoast SEO plugin. -->","yoast_head_json":{"title":"TRUUSK 4-v\u00e5nings V\u00e4xtst\u00e4ll - 110 Cm H\u00f6g Blomst\u00e4ll Med 24 Kl\u00e4mmor - V\u00e4xthylla I M\u00f6rkgr\u00f6n St\u00e5l - TRUUSK - Hem, Tr\u00e4dg\u00e5rd &amp; Fritid","robots":{"index":"index","follow":"follow","max-snippet":"max-snippet:-1","max-image-preview":"max-image-preview:large","max-video-preview":"max-video-preview:-1"},"canonical":"https:\/\/truusk.store\/sv\/produkt\/truusk-4-vanings-vaxtstall-110-cm-hog-blomstall-med-24-klammor-vaxthylla-i-morkgron-stal\/","og_locale":"sv_SE","og_type":"article","og_title":"TRUUSK 4-v\u00e5nings V\u00e4xtst\u00e4ll - 110 Cm H\u00f6g Blomst\u00e4ll Med 24 Kl\u00e4mmor - V\u00e4xthylla I M\u00f6rkgr\u00f6n St\u00e5l - TRUUSK - Hem, Tr\u00e4dg\u00e5rd &amp; Fritid","og_description":"K\u00e4nns din plantsamling mer som oordning \u00e4n som en tillflyktsort? Det st\u00e4ndiga flyttandet av krukor bara f\u00f6r att vattna dem...","og_url":"https:\/\/truusk.store\/sv\/produkt\/truusk-4-vanings-vaxtstall-110-cm-hog-blomstall-med-24-klammor-vaxthylla-i-morkgron-stal\/","og_site_name":"TRUUSK - Hem, Tr\u00e4dg\u00e5rd &amp; Fritid","article_modified_time":"2026-03-12T07:52:47+00:00","og_image":[{"width":2000,"height":2000,"url":"https:\/\/i0.wp.com\/truusk.se\/wp-content\/uploads\/2026\/02\/4-vanings-vaxtstall-110-cm-hog-blomstall-med-24-klammor-vaxthylla-i-morkgron-stal-1.webp?fit=2000%2C2000&ssl=1","type":"image\/webp"}],"twitter_card":"summary_large_image","twitter_misc":{"Ber\u00e4knad l\u00e4stid":"1 minut"},"schema":{"@context":"https:\/\/schema.org","@graph":[{"@type":"WebPage","@id":"https:\/\/truusk.store\/sv\/produkt\/truusk-4-vanings-vaxtstall-110-cm-hog-blomstall-med-24-klammor-vaxthylla-i-morkgron-stal\/","url":"https:\/\/truusk.store\/sv\/produkt\/truusk-4-vanings-vaxtstall-110-cm-hog-blomstall-med-24-klammor-vaxthylla-i-morkgron-stal\/","name":"TRUUSK 4-v\u00e5nings V\u00e4xtst\u00e4ll - 110 Cm H\u00f6g Blomst\u00e4ll Med 24 Kl\u00e4mmor - V\u00e4xthylla I M\u00f6rkgr\u00f6n St\u00e5l - TRUUSK - Hem, Tr\u00e4dg\u00e5rd &amp; Fritid","isPartOf":{"@id":"https:\/\/truusk.store\/sv\/#website"},"primaryImageOfPage":{"@id":"https:\/\/truusk.store\/sv\/produkt\/truusk-4-vanings-vaxtstall-110-cm-hog-blomstall-med-24-klammor-vaxthylla-i-morkgron-stal\/#primaryimage"},"image":{"@id":"https:\/\/truusk.store\/sv\/produkt\/truusk-4-vanings-vaxtstall-110-cm-hog-blomstall-med-24-klammor-vaxthylla-i-morkgron-stal\/#primaryimage"},"thumbnailUrl":"https:\/\/i0.wp.com\/truusk.store\/wp-content\/uploads\/2026\/02\/4-vanings-vaxtstall-110-cm-hog-blomstall-med-24-klammor-vaxthylla-i-morkgron-stal-1.webp?fit=2000%2C2000&ssl=1","datePublished":"2026-02-24T05:50:52+00:00","dateModified":"2026-03-12T07:52:47+00:00","breadcrumb":{"@id":"https:\/\/truusk.store\/sv\/produkt\/truusk-4-vanings-vaxtstall-110-cm-hog-blomstall-med-24-klammor-vaxthylla-i-morkgron-stal\/#breadcrumb"},"inLanguage":"sv-SE","potentialAction":[{"@type":"ReadAction","target":["https:\/\/truusk.store\/sv\/produkt\/truusk-4-vanings-vaxtstall-110-cm-hog-blomstall-med-24-klammor-vaxthylla-i-morkgron-stal\/"]}]},{"@type":"ImageObject","inLanguage":"sv-SE","@id":"https:\/\/truusk.store\/sv\/produkt\/truusk-4-vanings-vaxtstall-110-cm-hog-blomstall-med-24-klammor-vaxthylla-i-morkgron-stal\/#primaryimage","url":"https:\/\/i0.wp.com\/truusk.store\/wp-content\/uploads\/2026\/02\/4-vanings-vaxtstall-110-cm-hog-blomstall-med-24-klammor-vaxthylla-i-morkgron-stal-1.webp?fit=2000%2C2000&ssl=1","contentUrl":"https:\/\/i0.wp.com\/truusk.store\/wp-content\/uploads\/2026\/02\/4-vanings-vaxtstall-110-cm-hog-blomstall-med-24-klammor-vaxthylla-i-morkgron-stal-1.webp?fit=2000%2C2000&ssl=1","width":2000,"height":2000},{"@type":"BreadcrumbList","@id":"https:\/\/truusk.store\/sv\/produkt\/truusk-4-vanings-vaxtstall-110-cm-hog-blomstall-med-24-klammor-vaxthylla-i-morkgron-stal\/#breadcrumb","itemListElement":[{"@type":"ListItem","position":1,"name":"Home","item":"https:\/\/truusk.store\/sv\/"},{"@type":"ListItem","position":2,"name":"Shop","item":"https:\/\/truusk.store\/shop\/"},{"@type":"ListItem","position":3,"name":"TRUUSK 4-v\u00e5nings V\u00e4xtst\u00e4ll &#8211; 110 Cm H\u00f6g Blomst\u00e4ll Med 24 Kl\u00e4mmor &#8211; V\u00e4xthylla I M\u00f6rkgr\u00f6n St\u00e5l"}]},{"@type":"WebSite","@id":"https:\/\/truusk.store\/sv\/#website","url":"https:\/\/truusk.store\/sv\/","name":"TRUUSK - Hem, Tr\u00e4dg\u00e5rd & Fritid","description":"","publisher":{"@id":"https:\/\/truusk.store\/sv\/#organization"},"potentialAction":[{"@type":"SearchAction","target":{"@type":"EntryPoint","urlTemplate":"https:\/\/truusk.store\/sv\/?s={search_term_string}"},"query-input":{"@type":"PropertyValueSpecification","valueRequired":true,"valueName":"search_term_string"}}],"inLanguage":"sv-SE"},{"@type":"Organization","@id":"https:\/\/truusk.store\/sv\/#organization","name":"TRUUSK - Hem, Tr\u00e4dg\u00e5rd & Fritid","url":"https:\/\/truusk.store\/sv\/","logo":{"@type":"ImageObject","inLanguage":"sv-SE","@id":"https:\/\/truusk.store\/sv\/#\/schema\/logo\/image\/","url":"https:\/\/i0.wp.com\/truusk.store\/wp-content\/uploads\/2026\/03\/cropped-TRUUSK.png?fit=2032%2C917&ssl=1","contentUrl":"https:\/\/i0.wp.com\/truusk.store\/wp-content\/uploads\/2026\/03\/cropped-TRUUSK.png?fit=2032%2C917&ssl=1","width":2032,"height":917,"caption":"TRUUSK - Hem, Tr\u00e4dg\u00e5rd & Fritid"},"image":{"@id":"https:\/\/truusk.store\/sv\/#\/schema\/logo\/image\/"}}]}},"jetpack_sharing_enabled":true,"_links":{"self":[{"href":"https:\/\/truusk.store\/sv\/wp-json\/wp\/v2\/product\/105954","targetHints":{"allow":["GET"]}}],"collection":[{"href":"https:\/\/truusk.store\/sv\/wp-json\/wp\/v2\/product"}],"about":[{"href":"https:\/\/truusk.store\/sv\/wp-json\/wp\/v2\/types\/product"}],"wp:featuredmedia":[{"embeddable":true,"href":"https:\/\/truusk.store\/sv\/wp-json\/wp\/v2\/media\/105943"}],"wp:attachment":[{"href":"https:\/\/truusk.store\/sv\/wp-json\/wp\/v2\/media?parent=105954"}],"wp:term":[{"taxonomy":"product_brand","embeddable":true,"href":"https:\/\/truusk.store\/sv\/wp-json\/wp\/v2\/product_brand?post=105954"},{"taxonomy":"product_cat","embeddable":true,"href":"https:\/\/truusk.store\/sv\/wp-json\/wp\/v2\/product_cat?post=105954"},{"taxonomy":"product_tag","embeddable":true,"href":"https:\/\/truusk.store\/sv\/wp-json\/wp\/v2\/product_tag?post=105954"}],"curies":[{"name":"wp","href":"https:\/\/api.w.org\/{rel}","templated":true}]}}