{"id":105962,"date":"2026-02-24T06:51:37","date_gmt":"2026-02-24T05:51:37","guid":{"rendered":"https:\/\/truusk.store\/?post_type=product&#038;p=105962"},"modified":"2026-03-12T08:52:48","modified_gmt":"2026-03-12T07:52:48","slug":"truusk-konstgjorda-boston-fernbuskar-uv-resistenta-set-om-2-60-cm-for-tradgard-veranda","status":"publish","type":"product","link":"https:\/\/truusk.store\/sv\/produkt\/truusk-konstgjorda-boston-fernbuskar-uv-resistenta-set-om-2-60-cm-for-tradgard-veranda\/","title":{"rendered":"TRUUSK Konstgjorda Boston-fernbuskar &#8211; UV-resistenta &#8211; Set Om 2 &#8211; 60 Cm &#8211; F\u00f6r Tr\u00e4dg\u00e5rd, Veranda"},"content":{"rendered":"<p>Vissnar dina v\u00e4xter p\u00e5 verandan i solen? Konstgjorda v\u00e4xter fr\u00e5n [BRAND NAME] erbjuder en varaktig l\u00f6sning. Dessa UV-resistenta ormbunkar med 91 blad beh\u00e5ller sitt gr\u00f6na utseende \u00e5ret runt. Stick in dessa konstgjorda v\u00e4xter i marken eller blomkrukor f\u00f6r en enkel, vacker och h\u00e5llbar utomhusinredning.<\/p>\n<p>Beskrivning:<\/p>\n<ul>\n<li> Njut av frodigt gr\u00f6nt \u00e5ret runt med UV-resistent design f\u00f6r utomhusbruk<\/li>\n<li> Dessa frodiga Boston-ormbunkar har 91 realistiska PE-blad f\u00f6r ett naturligt utseende<\/li>\n<li> Levereras som ett praktiskt tv\u00e5pack f\u00f6r symmetrisk dekoration i din tr\u00e4dg\u00e5rd<\/li>\n<li> M\u00e4ter 40 cm i diameter och 60 cm p\u00e5 h\u00f6jden och ger ett fylligt utseende<\/li>\n<li> M\u00e5ngsidiga plast-aluminiumspikar g\u00f6r det m\u00f6jligt att sticka in i marken eller placera i krukor<\/li>\n<li> Dessa konstgjorda v\u00e4xter kr\u00e4ver varken bevattning eller besk\u00e4rning och sparar dig tid<\/li>\n<li> Ingen montering kr\u00e4vs<\/li>\n<\/ul>\n<p> Tekniska specifikationer:<\/p>\n<ul>\n<li> F\u00e4rg: Gr\u00f6n<\/li>\n<li> Material: PE, Aluminium<\/li>\n<li> Typ: Boston-ormbunke<\/li>\n<li> Total storlek: \u00d840 x 60 cm<\/li>\n<li> Krukstorlek: \u00d811,5 x 16H cm<\/li>\n<\/ul>\n<p>Ing\u00e5r i leveransen:<\/p>\n<ul>\n<li> 2 x Konstgjorda Boston ormbunkar;<\/li>\n<\/ul>\n","protected":false},"excerpt":{"rendered":"<p>Vissnar dina v\u00e4xter p\u00e5 verandan i solen? Konstgjorda v\u00e4xter fr\u00e5n [BRAND NAME] erbjuder en varaktig l\u00f6sning. Dessa UV-resistenta ormbunkar med&#8230;<\/p>\n","protected":false},"featured_media":105950,"template":"","meta":[],"product_brand":[],"product_cat":[962,871,681],"product_tag":[],"class_list":{"0":"post-105962","1":"product","2":"type-product","3":"status-publish","4":"has-post-thumbnail","6":"product_cat-dekoration","7":"product_cat-hus-hem","8":"product_cat-konstgjorda-vaxter","10":"first","11":"instock","12":"sale","13":"taxable","14":"shipping-taxable","15":"purchasable","16":"product-type-simple"},"yoast_head":"<!-- This site is optimized with the Yoast SEO plugin v25.4 - https:\/\/yoast.com\/wordpress\/plugins\/seo\/ -->\n<title>TRUUSK Konstgjorda Boston-fernbuskar - UV-resistenta - Set Om 2 - 60 Cm - F\u00f6r Tr\u00e4dg\u00e5rd, Veranda - TRUUSK - Hem, Tr\u00e4dg\u00e5rd &amp; Fritid<\/title>\n<meta name=\"robots\" content=\"index, follow, max-snippet:-1, max-image-preview:large, max-video-preview:-1\" \/>\n<link rel=\"canonical\" href=\"https:\/\/truusk.store\/sv\/produkt\/truusk-konstgjorda-boston-fernbuskar-uv-resistenta-set-om-2-60-cm-for-tradgard-veranda\/\" \/>\n<meta property=\"og:locale\" content=\"sv_SE\" \/>\n<meta property=\"og:type\" content=\"article\" \/>\n<meta property=\"og:title\" content=\"TRUUSK Konstgjorda Boston-fernbuskar - UV-resistenta - Set Om 2 - 60 Cm - F\u00f6r Tr\u00e4dg\u00e5rd, Veranda - TRUUSK - Hem, Tr\u00e4dg\u00e5rd &amp; Fritid\" \/>\n<meta property=\"og:description\" content=\"Vissnar dina v\u00e4xter p\u00e5 verandan i solen? Konstgjorda v\u00e4xter fr\u00e5n [BRAND NAME] erbjuder en varaktig l\u00f6sning. Dessa UV-resistenta ormbunkar med...\" \/>\n<meta property=\"og:url\" content=\"https:\/\/truusk.store\/sv\/produkt\/truusk-konstgjorda-boston-fernbuskar-uv-resistenta-set-om-2-60-cm-for-tradgard-veranda\/\" \/>\n<meta property=\"og:site_name\" content=\"TRUUSK - Hem, Tr\u00e4dg\u00e5rd &amp; Fritid\" \/>\n<meta property=\"article:modified_time\" content=\"2026-03-12T07:52:48+00:00\" \/>\n<meta property=\"og:image\" content=\"https:\/\/i0.wp.com\/truusk.se\/wp-content\/uploads\/2026\/02\/konstgjorda-boston-fernbuskar-uv-resistenta-konstvaxter-med-pinnar-set-om-2-60-cm-for-tradgard-veranda-1.webp?fit=2000%2C2000&ssl=1\" \/>\n\t<meta property=\"og:image:width\" content=\"2000\" \/>\n\t<meta property=\"og:image:height\" content=\"2000\" \/>\n\t<meta property=\"og:image:type\" content=\"image\/webp\" \/>\n<meta name=\"twitter:card\" content=\"summary_large_image\" \/>\n<meta name=\"twitter:label1\" content=\"Ber\u00e4knad l\u00e4stid\" \/>\n\t<meta name=\"twitter:data1\" content=\"1 minut\" \/>\n<!-- \/ Yoast SEO plugin. -->","yoast_head_json":{"title":"TRUUSK Konstgjorda Boston-fernbuskar - UV-resistenta - Set Om 2 - 60 Cm - F\u00f6r Tr\u00e4dg\u00e5rd, Veranda - TRUUSK - Hem, Tr\u00e4dg\u00e5rd &amp; Fritid","robots":{"index":"index","follow":"follow","max-snippet":"max-snippet:-1","max-image-preview":"max-image-preview:large","max-video-preview":"max-video-preview:-1"},"canonical":"https:\/\/truusk.store\/sv\/produkt\/truusk-konstgjorda-boston-fernbuskar-uv-resistenta-set-om-2-60-cm-for-tradgard-veranda\/","og_locale":"sv_SE","og_type":"article","og_title":"TRUUSK Konstgjorda Boston-fernbuskar - UV-resistenta - Set Om 2 - 60 Cm - F\u00f6r Tr\u00e4dg\u00e5rd, Veranda - TRUUSK - Hem, Tr\u00e4dg\u00e5rd &amp; Fritid","og_description":"Vissnar dina v\u00e4xter p\u00e5 verandan i solen? Konstgjorda v\u00e4xter fr\u00e5n [BRAND NAME] erbjuder en varaktig l\u00f6sning. Dessa UV-resistenta ormbunkar med...","og_url":"https:\/\/truusk.store\/sv\/produkt\/truusk-konstgjorda-boston-fernbuskar-uv-resistenta-set-om-2-60-cm-for-tradgard-veranda\/","og_site_name":"TRUUSK - Hem, Tr\u00e4dg\u00e5rd &amp; Fritid","article_modified_time":"2026-03-12T07:52:48+00:00","og_image":[{"width":2000,"height":2000,"url":"https:\/\/i0.wp.com\/truusk.se\/wp-content\/uploads\/2026\/02\/konstgjorda-boston-fernbuskar-uv-resistenta-konstvaxter-med-pinnar-set-om-2-60-cm-for-tradgard-veranda-1.webp?fit=2000%2C2000&ssl=1","type":"image\/webp"}],"twitter_card":"summary_large_image","twitter_misc":{"Ber\u00e4knad l\u00e4stid":"1 minut"},"schema":{"@context":"https:\/\/schema.org","@graph":[{"@type":"WebPage","@id":"https:\/\/truusk.store\/sv\/produkt\/truusk-konstgjorda-boston-fernbuskar-uv-resistenta-set-om-2-60-cm-for-tradgard-veranda\/","url":"https:\/\/truusk.store\/sv\/produkt\/truusk-konstgjorda-boston-fernbuskar-uv-resistenta-set-om-2-60-cm-for-tradgard-veranda\/","name":"TRUUSK Konstgjorda Boston-fernbuskar - UV-resistenta - Set Om 2 - 60 Cm - F\u00f6r Tr\u00e4dg\u00e5rd, Veranda - TRUUSK - Hem, Tr\u00e4dg\u00e5rd &amp; Fritid","isPartOf":{"@id":"https:\/\/truusk.store\/sv\/#website"},"primaryImageOfPage":{"@id":"https:\/\/truusk.store\/sv\/produkt\/truusk-konstgjorda-boston-fernbuskar-uv-resistenta-set-om-2-60-cm-for-tradgard-veranda\/#primaryimage"},"image":{"@id":"https:\/\/truusk.store\/sv\/produkt\/truusk-konstgjorda-boston-fernbuskar-uv-resistenta-set-om-2-60-cm-for-tradgard-veranda\/#primaryimage"},"thumbnailUrl":"https:\/\/i0.wp.com\/truusk.store\/wp-content\/uploads\/2026\/02\/konstgjorda-boston-fernbuskar-uv-resistenta-konstvaxter-med-pinnar-set-om-2-60-cm-for-tradgard-veranda-1.webp?fit=2000%2C2000&ssl=1","datePublished":"2026-02-24T05:51:37+00:00","dateModified":"2026-03-12T07:52:48+00:00","breadcrumb":{"@id":"https:\/\/truusk.store\/sv\/produkt\/truusk-konstgjorda-boston-fernbuskar-uv-resistenta-set-om-2-60-cm-for-tradgard-veranda\/#breadcrumb"},"inLanguage":"sv-SE","potentialAction":[{"@type":"ReadAction","target":["https:\/\/truusk.store\/sv\/produkt\/truusk-konstgjorda-boston-fernbuskar-uv-resistenta-set-om-2-60-cm-for-tradgard-veranda\/"]}]},{"@type":"ImageObject","inLanguage":"sv-SE","@id":"https:\/\/truusk.store\/sv\/produkt\/truusk-konstgjorda-boston-fernbuskar-uv-resistenta-set-om-2-60-cm-for-tradgard-veranda\/#primaryimage","url":"https:\/\/i0.wp.com\/truusk.store\/wp-content\/uploads\/2026\/02\/konstgjorda-boston-fernbuskar-uv-resistenta-konstvaxter-med-pinnar-set-om-2-60-cm-for-tradgard-veranda-1.webp?fit=2000%2C2000&ssl=1","contentUrl":"https:\/\/i0.wp.com\/truusk.store\/wp-content\/uploads\/2026\/02\/konstgjorda-boston-fernbuskar-uv-resistenta-konstvaxter-med-pinnar-set-om-2-60-cm-for-tradgard-veranda-1.webp?fit=2000%2C2000&ssl=1","width":2000,"height":2000},{"@type":"BreadcrumbList","@id":"https:\/\/truusk.store\/sv\/produkt\/truusk-konstgjorda-boston-fernbuskar-uv-resistenta-set-om-2-60-cm-for-tradgard-veranda\/#breadcrumb","itemListElement":[{"@type":"ListItem","position":1,"name":"Home","item":"https:\/\/truusk.store\/sv\/"},{"@type":"ListItem","position":2,"name":"Shop","item":"https:\/\/truusk.store\/shop\/"},{"@type":"ListItem","position":3,"name":"TRUUSK Konstgjorda Boston-fernbuskar &#8211; UV-resistenta &#8211; Set Om 2 &#8211; 60 Cm &#8211; F\u00f6r Tr\u00e4dg\u00e5rd, Veranda"}]},{"@type":"WebSite","@id":"https:\/\/truusk.store\/sv\/#website","url":"https:\/\/truusk.store\/sv\/","name":"TRUUSK - Hem, Tr\u00e4dg\u00e5rd & Fritid","description":"","publisher":{"@id":"https:\/\/truusk.store\/sv\/#organization"},"potentialAction":[{"@type":"SearchAction","target":{"@type":"EntryPoint","urlTemplate":"https:\/\/truusk.store\/sv\/?s={search_term_string}"},"query-input":{"@type":"PropertyValueSpecification","valueRequired":true,"valueName":"search_term_string"}}],"inLanguage":"sv-SE"},{"@type":"Organization","@id":"https:\/\/truusk.store\/sv\/#organization","name":"TRUUSK - Hem, Tr\u00e4dg\u00e5rd & Fritid","url":"https:\/\/truusk.store\/sv\/","logo":{"@type":"ImageObject","inLanguage":"sv-SE","@id":"https:\/\/truusk.store\/sv\/#\/schema\/logo\/image\/","url":"https:\/\/i0.wp.com\/truusk.store\/wp-content\/uploads\/2026\/03\/cropped-TRUUSK.png?fit=2032%2C917&ssl=1","contentUrl":"https:\/\/i0.wp.com\/truusk.store\/wp-content\/uploads\/2026\/03\/cropped-TRUUSK.png?fit=2032%2C917&ssl=1","width":2032,"height":917,"caption":"TRUUSK - Hem, Tr\u00e4dg\u00e5rd & Fritid"},"image":{"@id":"https:\/\/truusk.store\/sv\/#\/schema\/logo\/image\/"}}]}},"jetpack_sharing_enabled":true,"_links":{"self":[{"href":"https:\/\/truusk.store\/sv\/wp-json\/wp\/v2\/product\/105962","targetHints":{"allow":["GET"]}}],"collection":[{"href":"https:\/\/truusk.store\/sv\/wp-json\/wp\/v2\/product"}],"about":[{"href":"https:\/\/truusk.store\/sv\/wp-json\/wp\/v2\/types\/product"}],"wp:featuredmedia":[{"embeddable":true,"href":"https:\/\/truusk.store\/sv\/wp-json\/wp\/v2\/media\/105950"}],"wp:attachment":[{"href":"https:\/\/truusk.store\/sv\/wp-json\/wp\/v2\/media?parent=105962"}],"wp:term":[{"taxonomy":"product_brand","embeddable":true,"href":"https:\/\/truusk.store\/sv\/wp-json\/wp\/v2\/product_brand?post=105962"},{"taxonomy":"product_cat","embeddable":true,"href":"https:\/\/truusk.store\/sv\/wp-json\/wp\/v2\/product_cat?post=105962"},{"taxonomy":"product_tag","embeddable":true,"href":"https:\/\/truusk.store\/sv\/wp-json\/wp\/v2\/product_tag?post=105962"}],"curies":[{"name":"wp","href":"https:\/\/api.w.org\/{rel}","templated":true}]}}