{"id":105975,"date":"2026-02-24T06:52:59","date_gmt":"2026-02-24T05:52:59","guid":{"rendered":"https:\/\/truusk.store\/product\/hogbadd-med-tidig-baddtillagg-av-metall-planteringslada-med-vaxthus-forhojd-120-x-55-x-140cm\/"},"modified":"2026-03-12T08:52:48","modified_gmt":"2026-03-12T07:52:48","slug":"truusk-hogbadd-med-metallram-planteringslada-med-vaxthus-forhojd-120-x-55-x-140cm","status":"publish","type":"product","link":"https:\/\/truusk.store\/sv\/produkt\/truusk-hogbadd-med-metallram-planteringslada-med-vaxthus-forhojd-120-x-55-x-140cm\/","title":{"rendered":"TRUUSK H\u00f6gb\u00e4dd Med Metallram &#8211; Planteringsl\u00e5da Med V\u00e4xthus &#8211; F\u00f6rh\u00f6jd 120 x 55 x 140cm"},"content":{"rendered":"<p>F\u00f6rvandla din tr\u00e4dg\u00e5rdsupplevelse med [BRAND NAME] h\u00f6g s\u00e4ng med PE-v\u00e4xthus\u00f6verdrag. Det skyddar v\u00e4xter, ger luftcirkulation och solljus. Den upph\u00f6jda \u00f6rtb\u00e4dden \u00e4r skonsam f\u00f6r rygg och kn\u00e4n. En nedre gallerhylla h\u00e5ller verktyg till hands f\u00f6r effektiv, organiserad tr\u00e4dg\u00e5rdsarbete och gl\u00e4dje i v\u00e4xtv\u00e5rd \u00e5ret runt.<\/p>\n<p>Beskrivning:<\/p>\n<ul>\n<li> 140 g\/m\u00b2 PE-v\u00e4xthus\u00f6verdrag skyddar v\u00e4xter mot frost och vind<\/li>\n<li> Upprullbar d\u00f6rr och bundna sidventiler ger luftcirkulation och solljus f\u00f6r en h\u00e4lsosam tillv\u00e4xt<\/li>\n<li> Upph\u00f6jd balkong h\u00f6g s\u00e4ng minskar rygg- och kn\u00e4sm\u00e4rta vid tr\u00e4dg\u00e5rdsarbete<\/li>\n<li> Nedre gallerhylla h\u00e5ller verktyg och tillbeh\u00f6r till hands<\/li>\n<li> F\u00f6rzinkad metallram med pulverlackerad yta motst\u00e5r rost och deformation<\/li>\n<li> Sl\u00e4ta rullade kanter och medf\u00f6ljande handskar s\u00e4kerst\u00e4ller en s\u00e4ker montering<\/li>\n<li> Fj\u00e4rilsmuttrar m\u00f6jligg\u00f6r enkel montering f\u00f6r nyb\u00f6rjare<\/li>\n<li> Sk\u00e4rbar gummiremsa kan anv\u00e4ndas som fotdyna f\u00f6r att f\u00f6rb\u00e4ttra stabiliteten och skydda golv.<\/li>\n<\/ul>\n<p> Tekniska specifikationer:<\/p>\n<ul>\n<li> F\u00e4rg: M\u00f6rkgr\u00e5<\/li>\n<li> Material: PE, f\u00f6rzinkad metall<\/li>\n<li> Totala dimensioner: 120L x 55B x 140H cm<\/li>\n<li> M\u00e5tt p\u00e5 planteringsomr\u00e5det: 119L x 54B x 26H cm<\/li>\n<li> D\u00f6rrm\u00e5tt: 100B x 92H cm<\/li>\n<li> M\u00e5tt p\u00e5 varje f\u00f6nster: 25L x 24B cm<\/li>\n<li> M\u00e5tt p\u00e5 lagringshylla: 107L x 54B cm<\/li>\n<li> Belastningskapacitet: 180 kg (totalt), 15 kg (hylla)<\/li>\n<\/ul>\n<p>Leveransinneh\u00e5ll:<\/p>\n<ul>\n<li> 1 x h\u00f6g s\u00e4ng<\/li>\n<li> 1 par handskar<\/li>\n<li> 1 x gummiremsa<\/li>\n<li> 1 x bruksanvisning<\/li>\n<\/ul>\n","protected":false},"excerpt":{"rendered":"<p>F\u00f6rvandla din tr\u00e4dg\u00e5rdsupplevelse med [BRAND NAME] h\u00f6g s\u00e4ng med PE-v\u00e4xthus\u00f6verdrag. Det skyddar v\u00e4xter, ger luftcirkulation och solljus. Den upph\u00f6jda \u00f6rtb\u00e4dden&#8230;<\/p>\n","protected":false},"featured_media":105963,"template":"","meta":[],"product_brand":[],"product_cat":[924,858,443],"product_tag":[],"class_list":{"0":"post-105975","1":"product","2":"type-product","3":"status-publish","4":"has-post-thumbnail","6":"product_cat-plantkarl","7":"product_cat-tradgard-terrass","8":"product_cat-vaxthus-tradgardsskotsel","10":"first","11":"instock","12":"sale","13":"taxable","14":"shipping-taxable","15":"purchasable","16":"product-type-simple"},"yoast_head":"<!-- This site is optimized with the Yoast SEO plugin v25.4 - https:\/\/yoast.com\/wordpress\/plugins\/seo\/ -->\n<title>TRUUSK H\u00f6gb\u00e4dd Med Metallram - Planteringsl\u00e5da Med V\u00e4xthus - F\u00f6rh\u00f6jd 120 x 55 x 140cm - TRUUSK - Hem, Tr\u00e4dg\u00e5rd &amp; Fritid<\/title>\n<meta name=\"robots\" content=\"index, follow, max-snippet:-1, max-image-preview:large, max-video-preview:-1\" \/>\n<link rel=\"canonical\" href=\"https:\/\/truusk.store\/sv\/produkt\/truusk-hogbadd-med-metallram-planteringslada-med-vaxthus-forhojd-120-x-55-x-140cm\/\" \/>\n<meta property=\"og:locale\" content=\"sv_SE\" \/>\n<meta property=\"og:type\" content=\"article\" \/>\n<meta property=\"og:title\" content=\"TRUUSK H\u00f6gb\u00e4dd Med Metallram - Planteringsl\u00e5da Med V\u00e4xthus - F\u00f6rh\u00f6jd 120 x 55 x 140cm - TRUUSK - Hem, Tr\u00e4dg\u00e5rd &amp; Fritid\" \/>\n<meta property=\"og:description\" content=\"F\u00f6rvandla din tr\u00e4dg\u00e5rdsupplevelse med [BRAND NAME] h\u00f6g s\u00e4ng med PE-v\u00e4xthus\u00f6verdrag. Det skyddar v\u00e4xter, ger luftcirkulation och solljus. Den upph\u00f6jda \u00f6rtb\u00e4dden...\" \/>\n<meta property=\"og:url\" content=\"https:\/\/truusk.store\/sv\/produkt\/truusk-hogbadd-med-metallram-planteringslada-med-vaxthus-forhojd-120-x-55-x-140cm\/\" \/>\n<meta property=\"og:site_name\" content=\"TRUUSK - Hem, Tr\u00e4dg\u00e5rd &amp; Fritid\" \/>\n<meta property=\"article:modified_time\" content=\"2026-03-12T07:52:48+00:00\" \/>\n<meta property=\"og:image\" content=\"https:\/\/i0.wp.com\/truusk.se\/wp-content\/uploads\/2026\/02\/hogbadd-med-tidig-baddtillagg-av-metall-planteringslada-med-vaxthus-forhojd-120-x-55-x-140cm-1.webp?fit=2000%2C2000&ssl=1\" \/>\n\t<meta property=\"og:image:width\" content=\"2000\" \/>\n\t<meta property=\"og:image:height\" content=\"2000\" \/>\n\t<meta property=\"og:image:type\" content=\"image\/webp\" \/>\n<meta name=\"twitter:card\" content=\"summary_large_image\" \/>\n<meta name=\"twitter:label1\" content=\"Ber\u00e4knad l\u00e4stid\" \/>\n\t<meta name=\"twitter:data1\" content=\"1 minut\" \/>\n<!-- \/ Yoast SEO plugin. -->","yoast_head_json":{"title":"TRUUSK H\u00f6gb\u00e4dd Med Metallram - Planteringsl\u00e5da Med V\u00e4xthus - F\u00f6rh\u00f6jd 120 x 55 x 140cm - TRUUSK - Hem, Tr\u00e4dg\u00e5rd &amp; Fritid","robots":{"index":"index","follow":"follow","max-snippet":"max-snippet:-1","max-image-preview":"max-image-preview:large","max-video-preview":"max-video-preview:-1"},"canonical":"https:\/\/truusk.store\/sv\/produkt\/truusk-hogbadd-med-metallram-planteringslada-med-vaxthus-forhojd-120-x-55-x-140cm\/","og_locale":"sv_SE","og_type":"article","og_title":"TRUUSK H\u00f6gb\u00e4dd Med Metallram - Planteringsl\u00e5da Med V\u00e4xthus - F\u00f6rh\u00f6jd 120 x 55 x 140cm - TRUUSK - Hem, Tr\u00e4dg\u00e5rd &amp; Fritid","og_description":"F\u00f6rvandla din tr\u00e4dg\u00e5rdsupplevelse med [BRAND NAME] h\u00f6g s\u00e4ng med PE-v\u00e4xthus\u00f6verdrag. Det skyddar v\u00e4xter, ger luftcirkulation och solljus. Den upph\u00f6jda \u00f6rtb\u00e4dden...","og_url":"https:\/\/truusk.store\/sv\/produkt\/truusk-hogbadd-med-metallram-planteringslada-med-vaxthus-forhojd-120-x-55-x-140cm\/","og_site_name":"TRUUSK - Hem, Tr\u00e4dg\u00e5rd &amp; Fritid","article_modified_time":"2026-03-12T07:52:48+00:00","og_image":[{"width":2000,"height":2000,"url":"https:\/\/i0.wp.com\/truusk.se\/wp-content\/uploads\/2026\/02\/hogbadd-med-tidig-baddtillagg-av-metall-planteringslada-med-vaxthus-forhojd-120-x-55-x-140cm-1.webp?fit=2000%2C2000&ssl=1","type":"image\/webp"}],"twitter_card":"summary_large_image","twitter_misc":{"Ber\u00e4knad l\u00e4stid":"1 minut"},"schema":{"@context":"https:\/\/schema.org","@graph":[{"@type":"WebPage","@id":"https:\/\/truusk.store\/sv\/produkt\/truusk-hogbadd-med-metallram-planteringslada-med-vaxthus-forhojd-120-x-55-x-140cm\/","url":"https:\/\/truusk.store\/sv\/produkt\/truusk-hogbadd-med-metallram-planteringslada-med-vaxthus-forhojd-120-x-55-x-140cm\/","name":"TRUUSK H\u00f6gb\u00e4dd Med Metallram - Planteringsl\u00e5da Med V\u00e4xthus - F\u00f6rh\u00f6jd 120 x 55 x 140cm - TRUUSK - Hem, Tr\u00e4dg\u00e5rd &amp; Fritid","isPartOf":{"@id":"https:\/\/truusk.store\/sv\/#website"},"primaryImageOfPage":{"@id":"https:\/\/truusk.store\/sv\/produkt\/truusk-hogbadd-med-metallram-planteringslada-med-vaxthus-forhojd-120-x-55-x-140cm\/#primaryimage"},"image":{"@id":"https:\/\/truusk.store\/sv\/produkt\/truusk-hogbadd-med-metallram-planteringslada-med-vaxthus-forhojd-120-x-55-x-140cm\/#primaryimage"},"thumbnailUrl":"https:\/\/i0.wp.com\/truusk.store\/wp-content\/uploads\/2026\/02\/hogbadd-med-tidig-baddtillagg-av-metall-planteringslada-med-vaxthus-forhojd-120-x-55-x-140cm-1.webp?fit=2000%2C2000&ssl=1","datePublished":"2026-02-24T05:52:59+00:00","dateModified":"2026-03-12T07:52:48+00:00","breadcrumb":{"@id":"https:\/\/truusk.store\/sv\/produkt\/truusk-hogbadd-med-metallram-planteringslada-med-vaxthus-forhojd-120-x-55-x-140cm\/#breadcrumb"},"inLanguage":"sv-SE","potentialAction":[{"@type":"ReadAction","target":["https:\/\/truusk.store\/sv\/produkt\/truusk-hogbadd-med-metallram-planteringslada-med-vaxthus-forhojd-120-x-55-x-140cm\/"]}]},{"@type":"ImageObject","inLanguage":"sv-SE","@id":"https:\/\/truusk.store\/sv\/produkt\/truusk-hogbadd-med-metallram-planteringslada-med-vaxthus-forhojd-120-x-55-x-140cm\/#primaryimage","url":"https:\/\/i0.wp.com\/truusk.store\/wp-content\/uploads\/2026\/02\/hogbadd-med-tidig-baddtillagg-av-metall-planteringslada-med-vaxthus-forhojd-120-x-55-x-140cm-1.webp?fit=2000%2C2000&ssl=1","contentUrl":"https:\/\/i0.wp.com\/truusk.store\/wp-content\/uploads\/2026\/02\/hogbadd-med-tidig-baddtillagg-av-metall-planteringslada-med-vaxthus-forhojd-120-x-55-x-140cm-1.webp?fit=2000%2C2000&ssl=1","width":2000,"height":2000},{"@type":"BreadcrumbList","@id":"https:\/\/truusk.store\/sv\/produkt\/truusk-hogbadd-med-metallram-planteringslada-med-vaxthus-forhojd-120-x-55-x-140cm\/#breadcrumb","itemListElement":[{"@type":"ListItem","position":1,"name":"Home","item":"https:\/\/truusk.store\/sv\/"},{"@type":"ListItem","position":2,"name":"Shop","item":"https:\/\/truusk.store\/shop\/"},{"@type":"ListItem","position":3,"name":"TRUUSK H\u00f6gb\u00e4dd Med Metallram &#8211; Planteringsl\u00e5da Med V\u00e4xthus &#8211; F\u00f6rh\u00f6jd 120 x 55 x 140cm"}]},{"@type":"WebSite","@id":"https:\/\/truusk.store\/sv\/#website","url":"https:\/\/truusk.store\/sv\/","name":"TRUUSK - Hem, Tr\u00e4dg\u00e5rd & Fritid","description":"","publisher":{"@id":"https:\/\/truusk.store\/sv\/#organization"},"potentialAction":[{"@type":"SearchAction","target":{"@type":"EntryPoint","urlTemplate":"https:\/\/truusk.store\/sv\/?s={search_term_string}"},"query-input":{"@type":"PropertyValueSpecification","valueRequired":true,"valueName":"search_term_string"}}],"inLanguage":"sv-SE"},{"@type":"Organization","@id":"https:\/\/truusk.store\/sv\/#organization","name":"TRUUSK - Hem, Tr\u00e4dg\u00e5rd & Fritid","url":"https:\/\/truusk.store\/sv\/","logo":{"@type":"ImageObject","inLanguage":"sv-SE","@id":"https:\/\/truusk.store\/sv\/#\/schema\/logo\/image\/","url":"https:\/\/i0.wp.com\/truusk.store\/wp-content\/uploads\/2026\/03\/cropped-TRUUSK.png?fit=2032%2C917&ssl=1","contentUrl":"https:\/\/i0.wp.com\/truusk.store\/wp-content\/uploads\/2026\/03\/cropped-TRUUSK.png?fit=2032%2C917&ssl=1","width":2032,"height":917,"caption":"TRUUSK - Hem, Tr\u00e4dg\u00e5rd & Fritid"},"image":{"@id":"https:\/\/truusk.store\/sv\/#\/schema\/logo\/image\/"}}]}},"jetpack_sharing_enabled":true,"_links":{"self":[{"href":"https:\/\/truusk.store\/sv\/wp-json\/wp\/v2\/product\/105975","targetHints":{"allow":["GET"]}}],"collection":[{"href":"https:\/\/truusk.store\/sv\/wp-json\/wp\/v2\/product"}],"about":[{"href":"https:\/\/truusk.store\/sv\/wp-json\/wp\/v2\/types\/product"}],"wp:featuredmedia":[{"embeddable":true,"href":"https:\/\/truusk.store\/sv\/wp-json\/wp\/v2\/media\/105963"}],"wp:attachment":[{"href":"https:\/\/truusk.store\/sv\/wp-json\/wp\/v2\/media?parent=105975"}],"wp:term":[{"taxonomy":"product_brand","embeddable":true,"href":"https:\/\/truusk.store\/sv\/wp-json\/wp\/v2\/product_brand?post=105975"},{"taxonomy":"product_cat","embeddable":true,"href":"https:\/\/truusk.store\/sv\/wp-json\/wp\/v2\/product_cat?post=105975"},{"taxonomy":"product_tag","embeddable":true,"href":"https:\/\/truusk.store\/sv\/wp-json\/wp\/v2\/product_tag?post=105975"}],"curies":[{"name":"wp","href":"https:\/\/api.w.org\/{rel}","templated":true}]}}