{"id":105993,"date":"2026-02-24T06:54:59","date_gmt":"2026-02-24T05:54:59","guid":{"rendered":"https:\/\/truusk.store\/product\/garage-for-grasklippare-i-stal-108-x-86-x-625-cm-garage-for-grasklippare-med-sadeltak-skyddskant-galvaniserat-stal\/"},"modified":"2026-03-12T08:52:49","modified_gmt":"2026-03-12T07:52:49","slug":"truusk-garage-for-grasklippare-i-stal-108-x-86-x-625-cm-med-sadeltak-skyddskant-galvaniserat-stal","status":"publish","type":"product","link":"https:\/\/truusk.store\/sv\/produkt\/truusk-garage-for-grasklippare-i-stal-108-x-86-x-625-cm-med-sadeltak-skyddskant-galvaniserat-stal\/","title":{"rendered":"TRUUSK Garage f\u00f6r gr\u00e4sklippare i st\u00e5l 108 x 86 x 62,5 cm &#8211; Med sadeltak &#8211; Skyddskant &#8211; Galvaniserat st\u00e5l"},"content":{"rendered":"<p>Tr\u00f6tt p\u00e5 att oroa dig f\u00f6r v\u00e4dret f\u00f6r din gr\u00e4sklippare? [BRAND NAME] gr\u00e4sklippargarage skyddar med galvaniserat st\u00e5l och lutande tak mot skador fr\u00e5n regn och sol. Det rymliga designen av skjulet m\u00f6jligg\u00f6r enkel dockning och laddning, samtidigt som din investering f\u00f6rblir s\u00e4ker och torr &#8211; f\u00f6r bekymmersfri anv\u00e4ndning i alla v\u00e4der.<\/p>\n<p>Beskrivning:<\/p>\n<ul>\n<li> Galvaniserat metall skyddar din gr\u00e4sklippare fr\u00e5n regn och sol och f\u00f6rl\u00e4nger dess livsl\u00e4ngd<\/li>\n<li> Det lutande takdesignen s\u00e4kerst\u00e4ller snabb vattenavledning och f\u00f6rhindrar effektivt rostbildning<\/li>\n<li> Det rymliga inre passar de flesta robotgr\u00e4sklippare f\u00f6r enkel, automatisk dockning och laddning<\/li>\n<li> Tillverkad av tjock, rostfritt belagt st\u00e5l f\u00f6r l\u00e5ngvarig h\u00e5llbarhet utomhus<\/li>\n<li> Sl\u00e4ta kanter p\u00e5 gr\u00e4sklippargaraget f\u00f6rhindrar repor och s\u00e4kerst\u00e4ller s\u00e4kerhet f\u00f6r dig och din familj<\/li>\n<li> Enkel montering med de medf\u00f6ljande handskarna m\u00f6jligg\u00f6r en snabb och okomplicerad uppbyggnad<\/li>\n<\/ul>\n<p> Tekniska data:<\/p>\n<ul>\n<li> F\u00e4rg: M\u00f6rkgr\u00e5<\/li>\n<li> Material: Galvaniserat st\u00e5l<\/li>\n<li> Totala dimensioner: 108L x 86B x 62,5H cm<\/li>\n<li> Inre dimensioner: 94L x 72,5B cm<\/li>\n<li> D\u00f6rrstorlek: 84B x 57H cm<\/li>\n<li> Takets h\u00f6jd: 62,5 cm<\/li>\n<li> Golvarea: 0,76 m\u00b2<\/li>\n<\/ul>\n<p>Leveransinneh\u00e5ll:<\/p>\n<ul>\n<li> 1 x Gr\u00e4sklippargarage<\/li>\n<li> 1 x Par handskar<\/li>\n<li> 1 x Instruktioner<\/li>\n<\/ul>\n","protected":false},"excerpt":{"rendered":"<p>Tr\u00f6tt p\u00e5 att oroa dig f\u00f6r v\u00e4dret f\u00f6r din gr\u00e4sklippare? [BRAND NAME] gr\u00e4sklippargarage skyddar med galvaniserat st\u00e5l och lutande tak&#8230;<\/p>\n","protected":false},"featured_media":105982,"template":"","meta":[],"product_brand":[],"product_cat":[901,902,858],"product_tag":[],"class_list":{"0":"post-105993","1":"product","2":"type-product","3":"status-publish","4":"has-post-thumbnail","6":"product_cat-ordning-i-tradgarden","7":"product_cat-redskapsskjul-och-redskapshus","8":"product_cat-tradgard-terrass","10":"first","11":"instock","12":"sale","13":"taxable","14":"shipping-taxable","15":"purchasable","16":"product-type-simple"},"yoast_head":"<!-- This site is optimized with the Yoast SEO plugin v25.4 - https:\/\/yoast.com\/wordpress\/plugins\/seo\/ -->\n<title>TRUUSK Garage f\u00f6r gr\u00e4sklippare i st\u00e5l 108 x 86 x 62,5 cm - Med sadeltak - Skyddskant - Galvaniserat st\u00e5l - TRUUSK - Hem, Tr\u00e4dg\u00e5rd &amp; Fritid<\/title>\n<meta name=\"robots\" content=\"index, follow, max-snippet:-1, max-image-preview:large, max-video-preview:-1\" \/>\n<link rel=\"canonical\" href=\"https:\/\/truusk.store\/sv\/produkt\/truusk-garage-for-grasklippare-i-stal-108-x-86-x-625-cm-med-sadeltak-skyddskant-galvaniserat-stal\/\" \/>\n<meta property=\"og:locale\" content=\"sv_SE\" \/>\n<meta property=\"og:type\" content=\"article\" \/>\n<meta property=\"og:title\" content=\"TRUUSK Garage f\u00f6r gr\u00e4sklippare i st\u00e5l 108 x 86 x 62,5 cm - Med sadeltak - Skyddskant - Galvaniserat st\u00e5l - TRUUSK - Hem, Tr\u00e4dg\u00e5rd &amp; Fritid\" \/>\n<meta property=\"og:description\" content=\"Tr\u00f6tt p\u00e5 att oroa dig f\u00f6r v\u00e4dret f\u00f6r din gr\u00e4sklippare? [BRAND NAME] gr\u00e4sklippargarage skyddar med galvaniserat st\u00e5l och lutande tak...\" \/>\n<meta property=\"og:url\" content=\"https:\/\/truusk.store\/sv\/produkt\/truusk-garage-for-grasklippare-i-stal-108-x-86-x-625-cm-med-sadeltak-skyddskant-galvaniserat-stal\/\" \/>\n<meta property=\"og:site_name\" content=\"TRUUSK - Hem, Tr\u00e4dg\u00e5rd &amp; Fritid\" \/>\n<meta property=\"article:modified_time\" content=\"2026-03-12T07:52:49+00:00\" \/>\n<meta property=\"og:image\" content=\"https:\/\/i0.wp.com\/truusk.se\/wp-content\/uploads\/2026\/02\/garage-for-grasklippare-i-stal-108-x-86-x-625-cm-garage-for-grasklippare-med-sadeltak-skyddskant-galvaniserat-stal-1.webp?fit=2000%2C2000&ssl=1\" \/>\n\t<meta property=\"og:image:width\" content=\"2000\" \/>\n\t<meta property=\"og:image:height\" content=\"2000\" \/>\n\t<meta property=\"og:image:type\" content=\"image\/webp\" \/>\n<meta name=\"twitter:card\" content=\"summary_large_image\" \/>\n<meta name=\"twitter:label1\" content=\"Ber\u00e4knad l\u00e4stid\" \/>\n\t<meta name=\"twitter:data1\" content=\"1 minut\" \/>\n<!-- \/ Yoast SEO plugin. -->","yoast_head_json":{"title":"TRUUSK Garage f\u00f6r gr\u00e4sklippare i st\u00e5l 108 x 86 x 62,5 cm - Med sadeltak - Skyddskant - Galvaniserat st\u00e5l - TRUUSK - Hem, Tr\u00e4dg\u00e5rd &amp; Fritid","robots":{"index":"index","follow":"follow","max-snippet":"max-snippet:-1","max-image-preview":"max-image-preview:large","max-video-preview":"max-video-preview:-1"},"canonical":"https:\/\/truusk.store\/sv\/produkt\/truusk-garage-for-grasklippare-i-stal-108-x-86-x-625-cm-med-sadeltak-skyddskant-galvaniserat-stal\/","og_locale":"sv_SE","og_type":"article","og_title":"TRUUSK Garage f\u00f6r gr\u00e4sklippare i st\u00e5l 108 x 86 x 62,5 cm - Med sadeltak - Skyddskant - Galvaniserat st\u00e5l - TRUUSK - Hem, Tr\u00e4dg\u00e5rd &amp; Fritid","og_description":"Tr\u00f6tt p\u00e5 att oroa dig f\u00f6r v\u00e4dret f\u00f6r din gr\u00e4sklippare? [BRAND NAME] gr\u00e4sklippargarage skyddar med galvaniserat st\u00e5l och lutande tak...","og_url":"https:\/\/truusk.store\/sv\/produkt\/truusk-garage-for-grasklippare-i-stal-108-x-86-x-625-cm-med-sadeltak-skyddskant-galvaniserat-stal\/","og_site_name":"TRUUSK - Hem, Tr\u00e4dg\u00e5rd &amp; Fritid","article_modified_time":"2026-03-12T07:52:49+00:00","og_image":[{"width":2000,"height":2000,"url":"https:\/\/i0.wp.com\/truusk.se\/wp-content\/uploads\/2026\/02\/garage-for-grasklippare-i-stal-108-x-86-x-625-cm-garage-for-grasklippare-med-sadeltak-skyddskant-galvaniserat-stal-1.webp?fit=2000%2C2000&ssl=1","type":"image\/webp"}],"twitter_card":"summary_large_image","twitter_misc":{"Ber\u00e4knad l\u00e4stid":"1 minut"},"schema":{"@context":"https:\/\/schema.org","@graph":[{"@type":"WebPage","@id":"https:\/\/truusk.store\/sv\/produkt\/truusk-garage-for-grasklippare-i-stal-108-x-86-x-625-cm-med-sadeltak-skyddskant-galvaniserat-stal\/","url":"https:\/\/truusk.store\/sv\/produkt\/truusk-garage-for-grasklippare-i-stal-108-x-86-x-625-cm-med-sadeltak-skyddskant-galvaniserat-stal\/","name":"TRUUSK Garage f\u00f6r gr\u00e4sklippare i st\u00e5l 108 x 86 x 62,5 cm - Med sadeltak - Skyddskant - Galvaniserat st\u00e5l - TRUUSK - Hem, Tr\u00e4dg\u00e5rd &amp; Fritid","isPartOf":{"@id":"https:\/\/truusk.store\/sv\/#website"},"primaryImageOfPage":{"@id":"https:\/\/truusk.store\/sv\/produkt\/truusk-garage-for-grasklippare-i-stal-108-x-86-x-625-cm-med-sadeltak-skyddskant-galvaniserat-stal\/#primaryimage"},"image":{"@id":"https:\/\/truusk.store\/sv\/produkt\/truusk-garage-for-grasklippare-i-stal-108-x-86-x-625-cm-med-sadeltak-skyddskant-galvaniserat-stal\/#primaryimage"},"thumbnailUrl":"https:\/\/i0.wp.com\/truusk.store\/wp-content\/uploads\/2026\/02\/garage-for-grasklippare-i-stal-108-x-86-x-625-cm-garage-for-grasklippare-med-sadeltak-skyddskant-galvaniserat-stal-1.webp?fit=2000%2C2000&ssl=1","datePublished":"2026-02-24T05:54:59+00:00","dateModified":"2026-03-12T07:52:49+00:00","breadcrumb":{"@id":"https:\/\/truusk.store\/sv\/produkt\/truusk-garage-for-grasklippare-i-stal-108-x-86-x-625-cm-med-sadeltak-skyddskant-galvaniserat-stal\/#breadcrumb"},"inLanguage":"sv-SE","potentialAction":[{"@type":"ReadAction","target":["https:\/\/truusk.store\/sv\/produkt\/truusk-garage-for-grasklippare-i-stal-108-x-86-x-625-cm-med-sadeltak-skyddskant-galvaniserat-stal\/"]}]},{"@type":"ImageObject","inLanguage":"sv-SE","@id":"https:\/\/truusk.store\/sv\/produkt\/truusk-garage-for-grasklippare-i-stal-108-x-86-x-625-cm-med-sadeltak-skyddskant-galvaniserat-stal\/#primaryimage","url":"https:\/\/i0.wp.com\/truusk.store\/wp-content\/uploads\/2026\/02\/garage-for-grasklippare-i-stal-108-x-86-x-625-cm-garage-for-grasklippare-med-sadeltak-skyddskant-galvaniserat-stal-1.webp?fit=2000%2C2000&ssl=1","contentUrl":"https:\/\/i0.wp.com\/truusk.store\/wp-content\/uploads\/2026\/02\/garage-for-grasklippare-i-stal-108-x-86-x-625-cm-garage-for-grasklippare-med-sadeltak-skyddskant-galvaniserat-stal-1.webp?fit=2000%2C2000&ssl=1","width":2000,"height":2000},{"@type":"BreadcrumbList","@id":"https:\/\/truusk.store\/sv\/produkt\/truusk-garage-for-grasklippare-i-stal-108-x-86-x-625-cm-med-sadeltak-skyddskant-galvaniserat-stal\/#breadcrumb","itemListElement":[{"@type":"ListItem","position":1,"name":"Home","item":"https:\/\/truusk.store\/sv\/"},{"@type":"ListItem","position":2,"name":"Shop","item":"https:\/\/truusk.store\/shop\/"},{"@type":"ListItem","position":3,"name":"TRUUSK Garage f\u00f6r gr\u00e4sklippare i st\u00e5l 108 x 86 x 62,5 cm &#8211; Med sadeltak &#8211; Skyddskant &#8211; Galvaniserat st\u00e5l"}]},{"@type":"WebSite","@id":"https:\/\/truusk.store\/sv\/#website","url":"https:\/\/truusk.store\/sv\/","name":"TRUUSK - Hem, Tr\u00e4dg\u00e5rd & Fritid","description":"","publisher":{"@id":"https:\/\/truusk.store\/sv\/#organization"},"potentialAction":[{"@type":"SearchAction","target":{"@type":"EntryPoint","urlTemplate":"https:\/\/truusk.store\/sv\/?s={search_term_string}"},"query-input":{"@type":"PropertyValueSpecification","valueRequired":true,"valueName":"search_term_string"}}],"inLanguage":"sv-SE"},{"@type":"Organization","@id":"https:\/\/truusk.store\/sv\/#organization","name":"TRUUSK - Hem, Tr\u00e4dg\u00e5rd & Fritid","url":"https:\/\/truusk.store\/sv\/","logo":{"@type":"ImageObject","inLanguage":"sv-SE","@id":"https:\/\/truusk.store\/sv\/#\/schema\/logo\/image\/","url":"https:\/\/i0.wp.com\/truusk.store\/wp-content\/uploads\/2026\/03\/cropped-TRUUSK.png?fit=2032%2C917&ssl=1","contentUrl":"https:\/\/i0.wp.com\/truusk.store\/wp-content\/uploads\/2026\/03\/cropped-TRUUSK.png?fit=2032%2C917&ssl=1","width":2032,"height":917,"caption":"TRUUSK - Hem, Tr\u00e4dg\u00e5rd & Fritid"},"image":{"@id":"https:\/\/truusk.store\/sv\/#\/schema\/logo\/image\/"}}]}},"jetpack_sharing_enabled":true,"_links":{"self":[{"href":"https:\/\/truusk.store\/sv\/wp-json\/wp\/v2\/product\/105993","targetHints":{"allow":["GET"]}}],"collection":[{"href":"https:\/\/truusk.store\/sv\/wp-json\/wp\/v2\/product"}],"about":[{"href":"https:\/\/truusk.store\/sv\/wp-json\/wp\/v2\/types\/product"}],"wp:featuredmedia":[{"embeddable":true,"href":"https:\/\/truusk.store\/sv\/wp-json\/wp\/v2\/media\/105982"}],"wp:attachment":[{"href":"https:\/\/truusk.store\/sv\/wp-json\/wp\/v2\/media?parent=105993"}],"wp:term":[{"taxonomy":"product_brand","embeddable":true,"href":"https:\/\/truusk.store\/sv\/wp-json\/wp\/v2\/product_brand?post=105993"},{"taxonomy":"product_cat","embeddable":true,"href":"https:\/\/truusk.store\/sv\/wp-json\/wp\/v2\/product_cat?post=105993"},{"taxonomy":"product_tag","embeddable":true,"href":"https:\/\/truusk.store\/sv\/wp-json\/wp\/v2\/product_tag?post=105993"}],"curies":[{"name":"wp","href":"https:\/\/api.w.org\/{rel}","templated":true}]}}