{"id":106004,"date":"2026-02-24T06:56:21","date_gmt":"2026-02-24T05:56:21","guid":{"rendered":"https:\/\/truusk.store\/product\/metallverktygshus-268-m%c2%b2-lasbart-verktygsskjul-med-3-dorrar-ventilation-sadeltak-handskar\/"},"modified":"2026-03-12T08:53:09","modified_gmt":"2026-03-12T07:53:09","slug":"truusk-metallverktygshus-268-m%c2%b2-lasbart-med-3-dorrar-ventilation-sadeltak-handskar","status":"publish","type":"product","link":"https:\/\/truusk.store\/sv\/produkt\/truusk-metallverktygshus-268-m%c2%b2-lasbart-med-3-dorrar-ventilation-sadeltak-handskar\/","title":{"rendered":"TRUUSK Metallverktygshus 2,68 M\u00b2 &#8211; L\u00e5sbart med 3 D\u00f6rrar &#8211; Ventilation &#8211; Sadeltak &#8211; Handskar"},"content":{"rendered":"<p>Skapa ordning i ditt utomhusomr\u00e5de med detta eleganta metallf\u00f6rr\u00e5d! Med flera ing\u00e5ngsd\u00f6rrar, inklusive dubbla fr\u00e4mre d\u00f6rrar och en enkel sidod\u00f6rr, \u00e4r detta metalltr\u00e4dg\u00e5rdshus enkelt att f\u00f6rvara och ta ut st\u00f6rre f\u00f6rem\u00e5l som cyklar eller tr\u00e4dg\u00e5rdsmaskiner. Den l\u00e5sbara designen ger s\u00e4kerhet, medan det rymliga inre \u00e4r idealiskt f\u00f6r verktyg, tr\u00e4dg\u00e5rdsutrustning och mer. Tillverkat av galvaniserat st\u00e5l, st\u00e5r det emot alla v\u00e4der!<\/p>\n<p>Beskrivning:<\/p>\n<ul>\n<li> Framdubbeld\u00f6rrar och sidod\u00f6rr p\u00e5 tr\u00e4dg\u00e5rdsskjulet ger enkel tillg\u00e5ng<\/li>\n<li> L\u00e5sbara d\u00f6rrar med beslag h\u00e5ller f\u00f6rem\u00e5l s\u00e4kra och skyddade<\/li>\n<li> Rymligt inre erbjuder plats f\u00f6r verktyg, cyklar och tr\u00e4dg\u00e5rdsutrustning<\/li>\n<li> Konstruktion av galvaniserat st\u00e5l ger h\u00e5llbarhet och v\u00e4derbest\u00e4ndighet<\/li>\n<li> Pulverlackerad yta f\u00f6rhindrar rost och st\u00e5r emot v\u00e4xlande f\u00f6rh\u00e5llanden<\/li>\n<li> Snedtakskonstruktionen p\u00e5 metallf\u00f6rr\u00e5det leder effektivt bort regn och sn\u00f6belastningar<\/li>\n<li> Ventilations\u00f6ppningar f\u00f6rb\u00e4ttrar luftcirkulationen och minskar effektivt lukter<\/li>\n<li> Montering kr\u00e4vs, handskar ing\u00e5r f\u00f6r att underl\u00e4tta monteringsprocessen.<\/li>\n<\/ul>\n<p> Tekniska data:<\/p>\n<ul>\n<li> F\u00e4rg: M\u00f6rkgr\u00e5<\/li>\n<li> Material: Galvaniserat st\u00e5l<\/li>\n<li> Totala dimensioner: 234B x 132D x 163\/185H cm<\/li>\n<li> Inre dimensioner: 220B x 114D x 163H cm<\/li>\n<li> Golvstorlek: 226,5B x 118,5D cm (2,68 m\u00b2)<\/li>\n<li> Dubbeld\u00f6rrstorlek: 120B x 159H cm<\/li>\n<li> Enkeld\u00f6rrstorlek: 73B x 159H cm<\/li>\n<li> Sn\u00f6lastkapacitet: 25 kg\/\u33a1<\/li>\n<\/ul>\n<p>Leveransinneh\u00e5ll:<\/p>\n<ul>\n<li> 1 x Tr\u00e4dg\u00e5rdsf\u00f6rvaringsskjul<\/li>\n<li> L\u00e5s och nyckel<\/li>\n<li> 1 x Par handskar<\/li>\n<li> 1 x Bruksanvisning<\/li>\n<\/ul>\n","protected":false},"excerpt":{"rendered":"<p>Skapa ordning i ditt utomhusomr\u00e5de med detta eleganta metallf\u00f6rr\u00e5d! Med flera ing\u00e5ngsd\u00f6rrar, inklusive dubbla fr\u00e4mre d\u00f6rrar och en enkel sidod\u00f6rr,&#8230;<\/p>\n","protected":false},"featured_media":105992,"template":"","meta":[],"product_brand":[],"product_cat":[901,1013,858],"product_tag":[],"class_list":{"0":"post-106004","1":"product","2":"type-product","3":"status-publish","4":"has-post-thumbnail","6":"product_cat-ordning-i-tradgarden","7":"product_cat-redskapsskjul-och-verktygshus","8":"product_cat-tradgard-terrass","10":"first","11":"instock","12":"sale","13":"taxable","14":"shipping-taxable","15":"purchasable","16":"product-type-simple"},"yoast_head":"<!-- This site is optimized with the Yoast SEO plugin v25.4 - https:\/\/yoast.com\/wordpress\/plugins\/seo\/ -->\n<title>TRUUSK Metallverktygshus 2,68 M\u00b2 - L\u00e5sbart med 3 D\u00f6rrar - Ventilation - Sadeltak - Handskar - TRUUSK - Hem, Tr\u00e4dg\u00e5rd &amp; Fritid<\/title>\n<meta name=\"robots\" content=\"index, follow, max-snippet:-1, max-image-preview:large, max-video-preview:-1\" \/>\n<link rel=\"canonical\" href=\"https:\/\/truusk.store\/sv\/produkt\/truusk-metallverktygshus-268-m%c2%b2-lasbart-med-3-dorrar-ventilation-sadeltak-handskar\/\" \/>\n<meta property=\"og:locale\" content=\"sv_SE\" \/>\n<meta property=\"og:type\" content=\"article\" \/>\n<meta property=\"og:title\" content=\"TRUUSK Metallverktygshus 2,68 M\u00b2 - L\u00e5sbart med 3 D\u00f6rrar - Ventilation - Sadeltak - Handskar - TRUUSK - Hem, Tr\u00e4dg\u00e5rd &amp; Fritid\" \/>\n<meta property=\"og:description\" content=\"Skapa ordning i ditt utomhusomr\u00e5de med detta eleganta metallf\u00f6rr\u00e5d! Med flera ing\u00e5ngsd\u00f6rrar, inklusive dubbla fr\u00e4mre d\u00f6rrar och en enkel sidod\u00f6rr,...\" \/>\n<meta property=\"og:url\" content=\"https:\/\/truusk.store\/sv\/produkt\/truusk-metallverktygshus-268-m%c2%b2-lasbart-med-3-dorrar-ventilation-sadeltak-handskar\/\" \/>\n<meta property=\"og:site_name\" content=\"TRUUSK - Hem, Tr\u00e4dg\u00e5rd &amp; Fritid\" \/>\n<meta property=\"article:modified_time\" content=\"2026-03-12T07:53:09+00:00\" \/>\n<meta property=\"og:image\" content=\"https:\/\/i0.wp.com\/truusk.se\/wp-content\/uploads\/2026\/02\/metallverktygshus-268-mc2b2-lasbart-verktygsskjul-med-3-dorrar-ventilation-sadeltak-handskar-1.webp?fit=2000%2C2000&ssl=1\" \/>\n\t<meta property=\"og:image:width\" content=\"2000\" \/>\n\t<meta property=\"og:image:height\" content=\"2000\" \/>\n\t<meta property=\"og:image:type\" content=\"image\/webp\" \/>\n<meta name=\"twitter:card\" content=\"summary_large_image\" \/>\n<meta name=\"twitter:label1\" content=\"Ber\u00e4knad l\u00e4stid\" \/>\n\t<meta name=\"twitter:data1\" content=\"1 minut\" \/>\n<!-- \/ Yoast SEO plugin. -->","yoast_head_json":{"title":"TRUUSK Metallverktygshus 2,68 M\u00b2 - L\u00e5sbart med 3 D\u00f6rrar - Ventilation - Sadeltak - Handskar - TRUUSK - Hem, Tr\u00e4dg\u00e5rd &amp; Fritid","robots":{"index":"index","follow":"follow","max-snippet":"max-snippet:-1","max-image-preview":"max-image-preview:large","max-video-preview":"max-video-preview:-1"},"canonical":"https:\/\/truusk.store\/sv\/produkt\/truusk-metallverktygshus-268-m%c2%b2-lasbart-med-3-dorrar-ventilation-sadeltak-handskar\/","og_locale":"sv_SE","og_type":"article","og_title":"TRUUSK Metallverktygshus 2,68 M\u00b2 - L\u00e5sbart med 3 D\u00f6rrar - Ventilation - Sadeltak - Handskar - TRUUSK - Hem, Tr\u00e4dg\u00e5rd &amp; Fritid","og_description":"Skapa ordning i ditt utomhusomr\u00e5de med detta eleganta metallf\u00f6rr\u00e5d! Med flera ing\u00e5ngsd\u00f6rrar, inklusive dubbla fr\u00e4mre d\u00f6rrar och en enkel sidod\u00f6rr,...","og_url":"https:\/\/truusk.store\/sv\/produkt\/truusk-metallverktygshus-268-m%c2%b2-lasbart-med-3-dorrar-ventilation-sadeltak-handskar\/","og_site_name":"TRUUSK - Hem, Tr\u00e4dg\u00e5rd &amp; Fritid","article_modified_time":"2026-03-12T07:53:09+00:00","og_image":[{"width":2000,"height":2000,"url":"https:\/\/i0.wp.com\/truusk.se\/wp-content\/uploads\/2026\/02\/metallverktygshus-268-mc2b2-lasbart-verktygsskjul-med-3-dorrar-ventilation-sadeltak-handskar-1.webp?fit=2000%2C2000&ssl=1","type":"image\/webp"}],"twitter_card":"summary_large_image","twitter_misc":{"Ber\u00e4knad l\u00e4stid":"1 minut"},"schema":{"@context":"https:\/\/schema.org","@graph":[{"@type":"WebPage","@id":"https:\/\/truusk.store\/sv\/produkt\/truusk-metallverktygshus-268-m%c2%b2-lasbart-med-3-dorrar-ventilation-sadeltak-handskar\/","url":"https:\/\/truusk.store\/sv\/produkt\/truusk-metallverktygshus-268-m%c2%b2-lasbart-med-3-dorrar-ventilation-sadeltak-handskar\/","name":"TRUUSK Metallverktygshus 2,68 M\u00b2 - L\u00e5sbart med 3 D\u00f6rrar - Ventilation - Sadeltak - Handskar - TRUUSK - Hem, Tr\u00e4dg\u00e5rd &amp; Fritid","isPartOf":{"@id":"https:\/\/truusk.store\/sv\/#website"},"primaryImageOfPage":{"@id":"https:\/\/truusk.store\/sv\/produkt\/truusk-metallverktygshus-268-m%c2%b2-lasbart-med-3-dorrar-ventilation-sadeltak-handskar\/#primaryimage"},"image":{"@id":"https:\/\/truusk.store\/sv\/produkt\/truusk-metallverktygshus-268-m%c2%b2-lasbart-med-3-dorrar-ventilation-sadeltak-handskar\/#primaryimage"},"thumbnailUrl":"https:\/\/i0.wp.com\/truusk.store\/wp-content\/uploads\/2026\/02\/metallverktygshus-268-mc2b2-lasbart-verktygsskjul-med-3-dorrar-ventilation-sadeltak-handskar-1.webp?fit=2000%2C2000&ssl=1","datePublished":"2026-02-24T05:56:21+00:00","dateModified":"2026-03-12T07:53:09+00:00","breadcrumb":{"@id":"https:\/\/truusk.store\/sv\/produkt\/truusk-metallverktygshus-268-m%c2%b2-lasbart-med-3-dorrar-ventilation-sadeltak-handskar\/#breadcrumb"},"inLanguage":"sv-SE","potentialAction":[{"@type":"ReadAction","target":["https:\/\/truusk.store\/sv\/produkt\/truusk-metallverktygshus-268-m%c2%b2-lasbart-med-3-dorrar-ventilation-sadeltak-handskar\/"]}]},{"@type":"ImageObject","inLanguage":"sv-SE","@id":"https:\/\/truusk.store\/sv\/produkt\/truusk-metallverktygshus-268-m%c2%b2-lasbart-med-3-dorrar-ventilation-sadeltak-handskar\/#primaryimage","url":"https:\/\/i0.wp.com\/truusk.store\/wp-content\/uploads\/2026\/02\/metallverktygshus-268-mc2b2-lasbart-verktygsskjul-med-3-dorrar-ventilation-sadeltak-handskar-1.webp?fit=2000%2C2000&ssl=1","contentUrl":"https:\/\/i0.wp.com\/truusk.store\/wp-content\/uploads\/2026\/02\/metallverktygshus-268-mc2b2-lasbart-verktygsskjul-med-3-dorrar-ventilation-sadeltak-handskar-1.webp?fit=2000%2C2000&ssl=1","width":2000,"height":2000},{"@type":"BreadcrumbList","@id":"https:\/\/truusk.store\/sv\/produkt\/truusk-metallverktygshus-268-m%c2%b2-lasbart-med-3-dorrar-ventilation-sadeltak-handskar\/#breadcrumb","itemListElement":[{"@type":"ListItem","position":1,"name":"Home","item":"https:\/\/truusk.store\/sv\/"},{"@type":"ListItem","position":2,"name":"Shop","item":"https:\/\/truusk.store\/shop\/"},{"@type":"ListItem","position":3,"name":"TRUUSK Metallverktygshus 2,68 M\u00b2 &#8211; L\u00e5sbart med 3 D\u00f6rrar &#8211; Ventilation &#8211; Sadeltak &#8211; Handskar"}]},{"@type":"WebSite","@id":"https:\/\/truusk.store\/sv\/#website","url":"https:\/\/truusk.store\/sv\/","name":"TRUUSK - Hem, Tr\u00e4dg\u00e5rd & Fritid","description":"","publisher":{"@id":"https:\/\/truusk.store\/sv\/#organization"},"potentialAction":[{"@type":"SearchAction","target":{"@type":"EntryPoint","urlTemplate":"https:\/\/truusk.store\/sv\/?s={search_term_string}"},"query-input":{"@type":"PropertyValueSpecification","valueRequired":true,"valueName":"search_term_string"}}],"inLanguage":"sv-SE"},{"@type":"Organization","@id":"https:\/\/truusk.store\/sv\/#organization","name":"TRUUSK - Hem, Tr\u00e4dg\u00e5rd & Fritid","url":"https:\/\/truusk.store\/sv\/","logo":{"@type":"ImageObject","inLanguage":"sv-SE","@id":"https:\/\/truusk.store\/sv\/#\/schema\/logo\/image\/","url":"https:\/\/i0.wp.com\/truusk.store\/wp-content\/uploads\/2026\/03\/cropped-TRUUSK.png?fit=2032%2C917&ssl=1","contentUrl":"https:\/\/i0.wp.com\/truusk.store\/wp-content\/uploads\/2026\/03\/cropped-TRUUSK.png?fit=2032%2C917&ssl=1","width":2032,"height":917,"caption":"TRUUSK - Hem, Tr\u00e4dg\u00e5rd & Fritid"},"image":{"@id":"https:\/\/truusk.store\/sv\/#\/schema\/logo\/image\/"}}]}},"jetpack_sharing_enabled":true,"_links":{"self":[{"href":"https:\/\/truusk.store\/sv\/wp-json\/wp\/v2\/product\/106004","targetHints":{"allow":["GET"]}}],"collection":[{"href":"https:\/\/truusk.store\/sv\/wp-json\/wp\/v2\/product"}],"about":[{"href":"https:\/\/truusk.store\/sv\/wp-json\/wp\/v2\/types\/product"}],"wp:featuredmedia":[{"embeddable":true,"href":"https:\/\/truusk.store\/sv\/wp-json\/wp\/v2\/media\/105992"}],"wp:attachment":[{"href":"https:\/\/truusk.store\/sv\/wp-json\/wp\/v2\/media?parent=106004"}],"wp:term":[{"taxonomy":"product_brand","embeddable":true,"href":"https:\/\/truusk.store\/sv\/wp-json\/wp\/v2\/product_brand?post=106004"},{"taxonomy":"product_cat","embeddable":true,"href":"https:\/\/truusk.store\/sv\/wp-json\/wp\/v2\/product_cat?post=106004"},{"taxonomy":"product_tag","embeddable":true,"href":"https:\/\/truusk.store\/sv\/wp-json\/wp\/v2\/product_tag?post=106004"}],"curies":[{"name":"wp","href":"https:\/\/api.w.org\/{rel}","templated":true}]}}