{"id":106014,"date":"2026-02-24T06:57:16","date_gmt":"2026-02-24T05:57:16","guid":{"rendered":"https:\/\/truusk.store\/product\/ninja-line-barn-10m-9-delat-slackline-set-med-2-gymnastikringar-3-i-1-gunga-2-klatterstanger-for-3-8-ar-flerfargad\/"},"modified":"2026-03-12T08:53:11","modified_gmt":"2026-03-12T07:53:11","slug":"truusk-ninja-line-barn-10m-9-delat-slackline-set-med-2-gymnastikringar-3-i-1-gunga-2-klatterstanger-for-3-8-ar","status":"publish","type":"product","link":"https:\/\/truusk.store\/sv\/produkt\/truusk-ninja-line-barn-10m-9-delat-slackline-set-med-2-gymnastikringar-3-i-1-gunga-2-klatterstanger-for-3-8-ar\/","title":{"rendered":"TRUUSK Ninja Line Barn 10m &#8211; 9-delat Slackline Set &#8211; Med 2 Gymnastikringar &#8211; 3-i-1 Gunga &#8211; 2 Kl\u00e4tterst\u00e4nger &#8211; F\u00f6r 3-8 \u00c5r &#8211;"},"content":{"rendered":"<p> Tiden inomhus kan begr\u00e4nsa barn. L\u00e5t dem bli aktiva och kreativa med [BRAND NAME] barns kl\u00e4tterrepset. Ninja Slackline fr\u00e4mjar tillv\u00e4xt, styrka, balans, koordination och sj\u00e4lvf\u00f6rtroende genom kl\u00e4ttring och gungande roligt. Dina barn skapar utomhusminnen och blomstrar i detta \u00e4ventyr medan du slappnar av.<\/p>\n<p>Beskrivning:<\/p>\n<ul>\n<li> Utvecklar k\u00e4rnstyrka, balans och sj\u00e4lvf\u00f6rtroende genom roligt, aktivt fysiskt spel<\/li>\n<li> Inneh\u00e5ller en 3-i-1-gunga och olika hinder f\u00f6r o\u00e4ndliga tr\u00e4dg\u00e5rds\u00e4ventyr<\/li>\n<li> Snabb och enkel installation med medf\u00f6ljande sp\u00e4nnband, l\u00e4mplig f\u00f6r parker eller camping<\/li>\n<li> Fullt anpassningsbar hinderbana som v\u00e4xer med ditt barns f\u00e4rdigheter och f\u00f6rm\u00e5gor<\/li>\n<li> H\u00e5ller upp till 100 kg med h\u00f6gkvalitativa material och erbjuder s\u00e4kert spel f\u00f6r barn<\/li>\n<li> Fr\u00e4mjar teamwork och sociala f\u00e4rdigheter n\u00e4r barn leker och t\u00e4vlar tillsammans<\/li>\n<li> Levande r\u00f6da och bl\u00e5a f\u00e4rger skapar en sp\u00e4nnande estetik f\u00f6r din tr\u00e4dg\u00e5rd<\/li>\n<\/ul>\n<p> Tekniska specifikationer:<\/p>\n<ul>\n<li> F\u00e4rg: Flerf\u00e4rgad<\/li>\n<li> Material: Plastfl\u00e4tat rep, massivt tr\u00e4, polyester, plast<\/li>\n<li> Spak f\u00f6r sp\u00e4nnband: 15L x 8,4B x 4,2H cm<\/li>\n<li> Sp\u00e4nnband: 190L x 5B cm<\/li>\n<li> Slackline-band: 1000L x 5B x 0,18T cm<\/li>\n<li> Handtagsboll: \u00d81,05 x 35L cm<\/li>\n<li> Ring: 12B x 30L cm<\/li>\n<li> Kl\u00e4tterst\u00e5ng: 40B x 3,5L cm<\/li>\n<li> 3-i-1-gunga: 40,8L x 20,4B x 150H cm<\/li>\n<li> Triangul\u00e4r kopplingsring: 7,3L x 5,6B cm<\/li>\n<li> ABS-ringkedja: \u00d812 x 165H cm<\/li>\n<li> Tr\u00e4dskyddsfilt: 100L x 11B cm<\/li>\n<li> F\u00f6rvaringsv\u00e4ska: 47L x 52B cm<\/li>\n<li> Bandsp\u00e4nne: 7L x 4B cm<\/li>\n<li> Bandsp\u00e4nne + band: 10L x 5B cm<\/li>\n<li> Maximal anv\u00e4ndningsl\u00e4ngd: 1000 cm<\/li>\n<li> B\u00e4rkapacitet: 100 kg<\/li>\n<li> Godk\u00e4nd \u00e5lder: 3+ \u00e5r<\/li>\n<li> Rekommenderad \u00e5lder: 3-8 \u00e5r<\/li>\n<\/ul>\n<p>Leverans inneh\u00e5ller:<\/p>\n<ul>\n<li>1 x kl\u00e4tterrepset f\u00f6r barn<\/li>\n<li>1 x instruktioner<\/li>\n<\/ul>\n","protected":false},"excerpt":{"rendered":"<p>Tiden inomhus kan begr\u00e4nsa barn. L\u00e5t dem bli aktiva och kreativa med [BRAND NAME] barns kl\u00e4tterrepset. Ninja Slackline fr\u00e4mjar tillv\u00e4xt,&#8230;<\/p>\n","protected":false},"featured_media":106001,"template":"","meta":[],"product_brand":[],"product_cat":[880,619,616],"product_tag":[],"class_list":{"0":"post-106014","1":"product","2":"type-product","3":"status-publish","4":"has-post-thumbnail","6":"product_cat-baby-barn-2","7":"product_cat-barngungor","8":"product_cat-utomhusleksaker","10":"first","11":"instock","12":"sale","13":"taxable","14":"shipping-taxable","15":"purchasable","16":"product-type-simple"},"yoast_head":"<!-- This site is optimized with the Yoast SEO plugin v25.4 - https:\/\/yoast.com\/wordpress\/plugins\/seo\/ -->\n<title>TRUUSK Ninja Line Barn 10m - 9-delat Slackline Set - Med 2 Gymnastikringar - 3-i-1 Gunga - 2 Kl\u00e4tterst\u00e4nger - F\u00f6r 3-8 \u00c5r - TRUUSK - Hem, Tr\u00e4dg\u00e5rd &amp; Fritid<\/title>\n<meta name=\"robots\" content=\"index, follow, max-snippet:-1, max-image-preview:large, max-video-preview:-1\" \/>\n<link rel=\"canonical\" href=\"https:\/\/truusk.store\/sv\/produkt\/truusk-ninja-line-barn-10m-9-delat-slackline-set-med-2-gymnastikringar-3-i-1-gunga-2-klatterstanger-for-3-8-ar\/\" \/>\n<meta property=\"og:locale\" content=\"sv_SE\" \/>\n<meta property=\"og:type\" content=\"article\" \/>\n<meta property=\"og:title\" content=\"TRUUSK Ninja Line Barn 10m - 9-delat Slackline Set - Med 2 Gymnastikringar - 3-i-1 Gunga - 2 Kl\u00e4tterst\u00e4nger - F\u00f6r 3-8 \u00c5r - TRUUSK - Hem, Tr\u00e4dg\u00e5rd &amp; Fritid\" \/>\n<meta property=\"og:description\" content=\"Tiden inomhus kan begr\u00e4nsa barn. L\u00e5t dem bli aktiva och kreativa med [BRAND NAME] barns kl\u00e4tterrepset. Ninja Slackline fr\u00e4mjar tillv\u00e4xt,...\" \/>\n<meta property=\"og:url\" content=\"https:\/\/truusk.store\/sv\/produkt\/truusk-ninja-line-barn-10m-9-delat-slackline-set-med-2-gymnastikringar-3-i-1-gunga-2-klatterstanger-for-3-8-ar\/\" \/>\n<meta property=\"og:site_name\" content=\"TRUUSK - Hem, Tr\u00e4dg\u00e5rd &amp; Fritid\" \/>\n<meta property=\"article:modified_time\" content=\"2026-03-12T07:53:11+00:00\" \/>\n<meta property=\"og:image\" content=\"https:\/\/i0.wp.com\/truusk.se\/wp-content\/uploads\/2026\/02\/ninja-line-barn-10m-9-delat-slackline-set-med-2-gymnastikringar-3-i-1-gunga-2-klatterstanger-for-3-8-ar-flerfargad-1.webp?fit=2000%2C2000&ssl=1\" \/>\n\t<meta property=\"og:image:width\" content=\"2000\" \/>\n\t<meta property=\"og:image:height\" content=\"2000\" \/>\n\t<meta property=\"og:image:type\" content=\"image\/webp\" \/>\n<meta name=\"twitter:card\" content=\"summary_large_image\" \/>\n<meta name=\"twitter:label1\" content=\"Ber\u00e4knad l\u00e4stid\" \/>\n\t<meta name=\"twitter:data1\" content=\"1 minut\" \/>\n<!-- \/ Yoast SEO plugin. -->","yoast_head_json":{"title":"TRUUSK Ninja Line Barn 10m - 9-delat Slackline Set - Med 2 Gymnastikringar - 3-i-1 Gunga - 2 Kl\u00e4tterst\u00e4nger - F\u00f6r 3-8 \u00c5r - TRUUSK - Hem, Tr\u00e4dg\u00e5rd &amp; Fritid","robots":{"index":"index","follow":"follow","max-snippet":"max-snippet:-1","max-image-preview":"max-image-preview:large","max-video-preview":"max-video-preview:-1"},"canonical":"https:\/\/truusk.store\/sv\/produkt\/truusk-ninja-line-barn-10m-9-delat-slackline-set-med-2-gymnastikringar-3-i-1-gunga-2-klatterstanger-for-3-8-ar\/","og_locale":"sv_SE","og_type":"article","og_title":"TRUUSK Ninja Line Barn 10m - 9-delat Slackline Set - Med 2 Gymnastikringar - 3-i-1 Gunga - 2 Kl\u00e4tterst\u00e4nger - F\u00f6r 3-8 \u00c5r - TRUUSK - Hem, Tr\u00e4dg\u00e5rd &amp; Fritid","og_description":"Tiden inomhus kan begr\u00e4nsa barn. L\u00e5t dem bli aktiva och kreativa med [BRAND NAME] barns kl\u00e4tterrepset. Ninja Slackline fr\u00e4mjar tillv\u00e4xt,...","og_url":"https:\/\/truusk.store\/sv\/produkt\/truusk-ninja-line-barn-10m-9-delat-slackline-set-med-2-gymnastikringar-3-i-1-gunga-2-klatterstanger-for-3-8-ar\/","og_site_name":"TRUUSK - Hem, Tr\u00e4dg\u00e5rd &amp; Fritid","article_modified_time":"2026-03-12T07:53:11+00:00","og_image":[{"width":2000,"height":2000,"url":"https:\/\/i0.wp.com\/truusk.se\/wp-content\/uploads\/2026\/02\/ninja-line-barn-10m-9-delat-slackline-set-med-2-gymnastikringar-3-i-1-gunga-2-klatterstanger-for-3-8-ar-flerfargad-1.webp?fit=2000%2C2000&ssl=1","type":"image\/webp"}],"twitter_card":"summary_large_image","twitter_misc":{"Ber\u00e4knad l\u00e4stid":"1 minut"},"schema":{"@context":"https:\/\/schema.org","@graph":[{"@type":"WebPage","@id":"https:\/\/truusk.store\/sv\/produkt\/truusk-ninja-line-barn-10m-9-delat-slackline-set-med-2-gymnastikringar-3-i-1-gunga-2-klatterstanger-for-3-8-ar\/","url":"https:\/\/truusk.store\/sv\/produkt\/truusk-ninja-line-barn-10m-9-delat-slackline-set-med-2-gymnastikringar-3-i-1-gunga-2-klatterstanger-for-3-8-ar\/","name":"TRUUSK Ninja Line Barn 10m - 9-delat Slackline Set - Med 2 Gymnastikringar - 3-i-1 Gunga - 2 Kl\u00e4tterst\u00e4nger - F\u00f6r 3-8 \u00c5r - TRUUSK - Hem, Tr\u00e4dg\u00e5rd &amp; Fritid","isPartOf":{"@id":"https:\/\/truusk.store\/sv\/#website"},"primaryImageOfPage":{"@id":"https:\/\/truusk.store\/sv\/produkt\/truusk-ninja-line-barn-10m-9-delat-slackline-set-med-2-gymnastikringar-3-i-1-gunga-2-klatterstanger-for-3-8-ar\/#primaryimage"},"image":{"@id":"https:\/\/truusk.store\/sv\/produkt\/truusk-ninja-line-barn-10m-9-delat-slackline-set-med-2-gymnastikringar-3-i-1-gunga-2-klatterstanger-for-3-8-ar\/#primaryimage"},"thumbnailUrl":"https:\/\/i0.wp.com\/truusk.store\/wp-content\/uploads\/2026\/02\/ninja-line-barn-10m-9-delat-slackline-set-med-2-gymnastikringar-3-i-1-gunga-2-klatterstanger-for-3-8-ar-flerfargad-1.webp?fit=2000%2C2000&ssl=1","datePublished":"2026-02-24T05:57:16+00:00","dateModified":"2026-03-12T07:53:11+00:00","breadcrumb":{"@id":"https:\/\/truusk.store\/sv\/produkt\/truusk-ninja-line-barn-10m-9-delat-slackline-set-med-2-gymnastikringar-3-i-1-gunga-2-klatterstanger-for-3-8-ar\/#breadcrumb"},"inLanguage":"sv-SE","potentialAction":[{"@type":"ReadAction","target":["https:\/\/truusk.store\/sv\/produkt\/truusk-ninja-line-barn-10m-9-delat-slackline-set-med-2-gymnastikringar-3-i-1-gunga-2-klatterstanger-for-3-8-ar\/"]}]},{"@type":"ImageObject","inLanguage":"sv-SE","@id":"https:\/\/truusk.store\/sv\/produkt\/truusk-ninja-line-barn-10m-9-delat-slackline-set-med-2-gymnastikringar-3-i-1-gunga-2-klatterstanger-for-3-8-ar\/#primaryimage","url":"https:\/\/i0.wp.com\/truusk.store\/wp-content\/uploads\/2026\/02\/ninja-line-barn-10m-9-delat-slackline-set-med-2-gymnastikringar-3-i-1-gunga-2-klatterstanger-for-3-8-ar-flerfargad-1.webp?fit=2000%2C2000&ssl=1","contentUrl":"https:\/\/i0.wp.com\/truusk.store\/wp-content\/uploads\/2026\/02\/ninja-line-barn-10m-9-delat-slackline-set-med-2-gymnastikringar-3-i-1-gunga-2-klatterstanger-for-3-8-ar-flerfargad-1.webp?fit=2000%2C2000&ssl=1","width":2000,"height":2000},{"@type":"BreadcrumbList","@id":"https:\/\/truusk.store\/sv\/produkt\/truusk-ninja-line-barn-10m-9-delat-slackline-set-med-2-gymnastikringar-3-i-1-gunga-2-klatterstanger-for-3-8-ar\/#breadcrumb","itemListElement":[{"@type":"ListItem","position":1,"name":"Home","item":"https:\/\/truusk.store\/sv\/"},{"@type":"ListItem","position":2,"name":"Shop","item":"https:\/\/truusk.store\/shop\/"},{"@type":"ListItem","position":3,"name":"TRUUSK Ninja Line Barn 10m &#8211; 9-delat Slackline Set &#8211; Med 2 Gymnastikringar &#8211; 3-i-1 Gunga &#8211; 2 Kl\u00e4tterst\u00e4nger &#8211; F\u00f6r 3-8 \u00c5r &#8211;"}]},{"@type":"WebSite","@id":"https:\/\/truusk.store\/sv\/#website","url":"https:\/\/truusk.store\/sv\/","name":"TRUUSK - Hem, Tr\u00e4dg\u00e5rd & Fritid","description":"","publisher":{"@id":"https:\/\/truusk.store\/sv\/#organization"},"potentialAction":[{"@type":"SearchAction","target":{"@type":"EntryPoint","urlTemplate":"https:\/\/truusk.store\/sv\/?s={search_term_string}"},"query-input":{"@type":"PropertyValueSpecification","valueRequired":true,"valueName":"search_term_string"}}],"inLanguage":"sv-SE"},{"@type":"Organization","@id":"https:\/\/truusk.store\/sv\/#organization","name":"TRUUSK - Hem, Tr\u00e4dg\u00e5rd & Fritid","url":"https:\/\/truusk.store\/sv\/","logo":{"@type":"ImageObject","inLanguage":"sv-SE","@id":"https:\/\/truusk.store\/sv\/#\/schema\/logo\/image\/","url":"https:\/\/i0.wp.com\/truusk.store\/wp-content\/uploads\/2026\/03\/cropped-TRUUSK.png?fit=2032%2C917&ssl=1","contentUrl":"https:\/\/i0.wp.com\/truusk.store\/wp-content\/uploads\/2026\/03\/cropped-TRUUSK.png?fit=2032%2C917&ssl=1","width":2032,"height":917,"caption":"TRUUSK - Hem, Tr\u00e4dg\u00e5rd & Fritid"},"image":{"@id":"https:\/\/truusk.store\/sv\/#\/schema\/logo\/image\/"}}]}},"jetpack_sharing_enabled":true,"_links":{"self":[{"href":"https:\/\/truusk.store\/sv\/wp-json\/wp\/v2\/product\/106014","targetHints":{"allow":["GET"]}}],"collection":[{"href":"https:\/\/truusk.store\/sv\/wp-json\/wp\/v2\/product"}],"about":[{"href":"https:\/\/truusk.store\/sv\/wp-json\/wp\/v2\/types\/product"}],"wp:featuredmedia":[{"embeddable":true,"href":"https:\/\/truusk.store\/sv\/wp-json\/wp\/v2\/media\/106001"}],"wp:attachment":[{"href":"https:\/\/truusk.store\/sv\/wp-json\/wp\/v2\/media?parent=106014"}],"wp:term":[{"taxonomy":"product_brand","embeddable":true,"href":"https:\/\/truusk.store\/sv\/wp-json\/wp\/v2\/product_brand?post=106014"},{"taxonomy":"product_cat","embeddable":true,"href":"https:\/\/truusk.store\/sv\/wp-json\/wp\/v2\/product_cat?post=106014"},{"taxonomy":"product_tag","embeddable":true,"href":"https:\/\/truusk.store\/sv\/wp-json\/wp\/v2\/product_tag?post=106014"}],"curies":[{"name":"wp","href":"https:\/\/api.w.org\/{rel}","templated":true}]}}