{"id":106032,"date":"2026-02-24T06:58:35","date_gmt":"2026-02-24T05:58:35","guid":{"rendered":"https:\/\/truusk.store\/product\/justerbar-babyswing-vaxande-babysits-med-ryggstod-sakerhetsracke-for-barn-fran-9-36-manader-rod\/"},"modified":"2026-03-12T08:53:13","modified_gmt":"2026-03-12T07:53:13","slug":"truusk-justerbar-babyswing-vaxande-babysits-med-ryggstod-sakerhetsracke-for-barn-9-36-manader-rod","status":"publish","type":"product","link":"https:\/\/truusk.store\/sv\/produkt\/truusk-justerbar-babyswing-vaxande-babysits-med-ryggstod-sakerhetsracke-for-barn-9-36-manader-rod\/","title":{"rendered":"TRUUSK Justerbar Babyswing &#8211; V\u00e4xande Babysits med Ryggst\u00f6d &#8211; S\u00e4kerhetsr\u00e4cke &#8211; F\u00f6r Barn 9-36 M\u00e5nader &#8211; R\u00f6d"},"content":{"rendered":"<p>Gungning ska vara full av gl\u00e4dje, inte pr\u00e4glad av bekymmer. [BRAND NAME] utomhus babyswing erbjuder s\u00e4kerhet och komfort tack vare h\u00f6g ryggdesign och certifierade material. H\u00e4ng upp var som helst och skapa s\u00e4kra, glada stunder d\u00e4r ditt barn kan gunga med entusiasm &#8211; inomhus eller utomhus.<\/p>\n<p>Beskrivning:<\/p>\n<ul>\n<li> Utvecklad med h\u00f6g ryggst\u00f6d och s\u00e4kerhetsr\u00e4cken f\u00f6r s\u00e4ker st\u00f6d f\u00f6r sm\u00e5barn<\/li>\n<li> Inneh\u00e5ller tv\u00e5 tr\u00e4dstroppar och karbinhakar f\u00f6r enkel installation inomhus eller utomhus<\/li>\n<li> Det robusta PE-materialet garanterar en s\u00e4ker spelupplevelse<\/li>\n<li> Denna barnswing har justerbara rep som v\u00e4xer med ditt barn \u00f6ver tiden<\/li>\n<li> UV-resistent och vattent\u00e4t design \u00e4r l\u00e4mplig f\u00f6r v\u00e4derbest\u00e4ndig kul i tr\u00e4dg\u00e5rden<\/li>\n<li> B\u00e4r upp till 70 kg och erbjuder en stabil och p\u00e5litlig sm\u00e5barnssvingstol<\/li>\n<li> Montering kr\u00e4vs<\/li>\n<\/ul>\n<p> Tekniska specifikationer:<\/p>\n<ul>\n<li> F\u00e4rg: R\u00f6d+Gul<\/li>\n<li> Material: PE<\/li>\n<li> Totala dimensioner: 28L x 36B x 180H cm<\/li>\n<li> Sitsstorlek: 22B x 24T cm<\/li>\n<li> Ryggst\u00f6dsh\u00f6jd: 43 cm<\/li>\n<li> B\u00e4rkapacitet: 70 kg<\/li>\n<li> Rekommenderad \u00e5lder: 9-36 m\u00e5nader<\/li>\n<li> Godk\u00e4nd \u00e5lder: 9+ m\u00e5nader<\/li>\n<\/ul>\n<p>Leverans inneh\u00e5ller:<\/p>\n<ul>\n<li> 1 x Barnswing-set<\/li>\n<li> 1 x Instruktioner<\/li>\n<\/ul>\n","protected":false},"excerpt":{"rendered":"<p>Gungning ska vara full av gl\u00e4dje, inte pr\u00e4glad av bekymmer. [BRAND NAME] utomhus babyswing erbjuder s\u00e4kerhet och komfort tack vare&#8230;<\/p>\n","protected":false},"featured_media":106018,"template":"","meta":[],"product_brand":[],"product_cat":[880,619,616],"product_tag":[],"class_list":{"0":"post-106032","1":"product","2":"type-product","3":"status-publish","4":"has-post-thumbnail","6":"product_cat-baby-barn-2","7":"product_cat-barngungor","8":"product_cat-utomhusleksaker","10":"first","11":"instock","12":"sale","13":"taxable","14":"shipping-taxable","15":"purchasable","16":"product-type-simple"},"yoast_head":"<!-- This site is optimized with the Yoast SEO plugin v25.4 - https:\/\/yoast.com\/wordpress\/plugins\/seo\/ -->\n<title>TRUUSK Justerbar Babyswing - V\u00e4xande Babysits med Ryggst\u00f6d - S\u00e4kerhetsr\u00e4cke - F\u00f6r Barn 9-36 M\u00e5nader - R\u00f6d - TRUUSK - Hem, Tr\u00e4dg\u00e5rd &amp; Fritid<\/title>\n<meta name=\"robots\" content=\"index, follow, max-snippet:-1, max-image-preview:large, max-video-preview:-1\" \/>\n<link rel=\"canonical\" href=\"https:\/\/truusk.store\/sv\/produkt\/truusk-justerbar-babyswing-vaxande-babysits-med-ryggstod-sakerhetsracke-for-barn-9-36-manader-rod\/\" \/>\n<meta property=\"og:locale\" content=\"sv_SE\" \/>\n<meta property=\"og:type\" content=\"article\" \/>\n<meta property=\"og:title\" content=\"TRUUSK Justerbar Babyswing - V\u00e4xande Babysits med Ryggst\u00f6d - S\u00e4kerhetsr\u00e4cke - F\u00f6r Barn 9-36 M\u00e5nader - R\u00f6d - TRUUSK - Hem, Tr\u00e4dg\u00e5rd &amp; Fritid\" \/>\n<meta property=\"og:description\" content=\"Gungning ska vara full av gl\u00e4dje, inte pr\u00e4glad av bekymmer. [BRAND NAME] utomhus babyswing erbjuder s\u00e4kerhet och komfort tack vare...\" \/>\n<meta property=\"og:url\" content=\"https:\/\/truusk.store\/sv\/produkt\/truusk-justerbar-babyswing-vaxande-babysits-med-ryggstod-sakerhetsracke-for-barn-9-36-manader-rod\/\" \/>\n<meta property=\"og:site_name\" content=\"TRUUSK - Hem, Tr\u00e4dg\u00e5rd &amp; Fritid\" \/>\n<meta property=\"article:modified_time\" content=\"2026-03-12T07:53:13+00:00\" \/>\n<meta property=\"og:image\" content=\"https:\/\/i0.wp.com\/truusk.se\/wp-content\/uploads\/2026\/02\/justerbar-babyswing-vaxande-babysits-med-ryggstod-sakerhetsracke-for-barn-fran-9-36-manader-rod-1.webp?fit=2000%2C2000&ssl=1\" \/>\n\t<meta property=\"og:image:width\" content=\"2000\" \/>\n\t<meta property=\"og:image:height\" content=\"2000\" \/>\n\t<meta property=\"og:image:type\" content=\"image\/webp\" \/>\n<meta name=\"twitter:card\" content=\"summary_large_image\" \/>\n<meta name=\"twitter:label1\" content=\"Ber\u00e4knad l\u00e4stid\" \/>\n\t<meta name=\"twitter:data1\" content=\"1 minut\" \/>\n<!-- \/ Yoast SEO plugin. -->","yoast_head_json":{"title":"TRUUSK Justerbar Babyswing - V\u00e4xande Babysits med Ryggst\u00f6d - S\u00e4kerhetsr\u00e4cke - F\u00f6r Barn 9-36 M\u00e5nader - R\u00f6d - TRUUSK - Hem, Tr\u00e4dg\u00e5rd &amp; Fritid","robots":{"index":"index","follow":"follow","max-snippet":"max-snippet:-1","max-image-preview":"max-image-preview:large","max-video-preview":"max-video-preview:-1"},"canonical":"https:\/\/truusk.store\/sv\/produkt\/truusk-justerbar-babyswing-vaxande-babysits-med-ryggstod-sakerhetsracke-for-barn-9-36-manader-rod\/","og_locale":"sv_SE","og_type":"article","og_title":"TRUUSK Justerbar Babyswing - V\u00e4xande Babysits med Ryggst\u00f6d - S\u00e4kerhetsr\u00e4cke - F\u00f6r Barn 9-36 M\u00e5nader - R\u00f6d - TRUUSK - Hem, Tr\u00e4dg\u00e5rd &amp; Fritid","og_description":"Gungning ska vara full av gl\u00e4dje, inte pr\u00e4glad av bekymmer. [BRAND NAME] utomhus babyswing erbjuder s\u00e4kerhet och komfort tack vare...","og_url":"https:\/\/truusk.store\/sv\/produkt\/truusk-justerbar-babyswing-vaxande-babysits-med-ryggstod-sakerhetsracke-for-barn-9-36-manader-rod\/","og_site_name":"TRUUSK - Hem, Tr\u00e4dg\u00e5rd &amp; Fritid","article_modified_time":"2026-03-12T07:53:13+00:00","og_image":[{"width":2000,"height":2000,"url":"https:\/\/i0.wp.com\/truusk.se\/wp-content\/uploads\/2026\/02\/justerbar-babyswing-vaxande-babysits-med-ryggstod-sakerhetsracke-for-barn-fran-9-36-manader-rod-1.webp?fit=2000%2C2000&ssl=1","type":"image\/webp"}],"twitter_card":"summary_large_image","twitter_misc":{"Ber\u00e4knad l\u00e4stid":"1 minut"},"schema":{"@context":"https:\/\/schema.org","@graph":[{"@type":"WebPage","@id":"https:\/\/truusk.store\/sv\/produkt\/truusk-justerbar-babyswing-vaxande-babysits-med-ryggstod-sakerhetsracke-for-barn-9-36-manader-rod\/","url":"https:\/\/truusk.store\/sv\/produkt\/truusk-justerbar-babyswing-vaxande-babysits-med-ryggstod-sakerhetsracke-for-barn-9-36-manader-rod\/","name":"TRUUSK Justerbar Babyswing - V\u00e4xande Babysits med Ryggst\u00f6d - S\u00e4kerhetsr\u00e4cke - F\u00f6r Barn 9-36 M\u00e5nader - R\u00f6d - TRUUSK - Hem, Tr\u00e4dg\u00e5rd &amp; Fritid","isPartOf":{"@id":"https:\/\/truusk.store\/sv\/#website"},"primaryImageOfPage":{"@id":"https:\/\/truusk.store\/sv\/produkt\/truusk-justerbar-babyswing-vaxande-babysits-med-ryggstod-sakerhetsracke-for-barn-9-36-manader-rod\/#primaryimage"},"image":{"@id":"https:\/\/truusk.store\/sv\/produkt\/truusk-justerbar-babyswing-vaxande-babysits-med-ryggstod-sakerhetsracke-for-barn-9-36-manader-rod\/#primaryimage"},"thumbnailUrl":"https:\/\/i0.wp.com\/truusk.store\/wp-content\/uploads\/2026\/02\/justerbar-babyswing-vaxande-babysits-med-ryggstod-sakerhetsracke-for-barn-fran-9-36-manader-rod-1.webp?fit=2000%2C2000&ssl=1","datePublished":"2026-02-24T05:58:35+00:00","dateModified":"2026-03-12T07:53:13+00:00","breadcrumb":{"@id":"https:\/\/truusk.store\/sv\/produkt\/truusk-justerbar-babyswing-vaxande-babysits-med-ryggstod-sakerhetsracke-for-barn-9-36-manader-rod\/#breadcrumb"},"inLanguage":"sv-SE","potentialAction":[{"@type":"ReadAction","target":["https:\/\/truusk.store\/sv\/produkt\/truusk-justerbar-babyswing-vaxande-babysits-med-ryggstod-sakerhetsracke-for-barn-9-36-manader-rod\/"]}]},{"@type":"ImageObject","inLanguage":"sv-SE","@id":"https:\/\/truusk.store\/sv\/produkt\/truusk-justerbar-babyswing-vaxande-babysits-med-ryggstod-sakerhetsracke-for-barn-9-36-manader-rod\/#primaryimage","url":"https:\/\/i0.wp.com\/truusk.store\/wp-content\/uploads\/2026\/02\/justerbar-babyswing-vaxande-babysits-med-ryggstod-sakerhetsracke-for-barn-fran-9-36-manader-rod-1.webp?fit=2000%2C2000&ssl=1","contentUrl":"https:\/\/i0.wp.com\/truusk.store\/wp-content\/uploads\/2026\/02\/justerbar-babyswing-vaxande-babysits-med-ryggstod-sakerhetsracke-for-barn-fran-9-36-manader-rod-1.webp?fit=2000%2C2000&ssl=1","width":2000,"height":2000},{"@type":"BreadcrumbList","@id":"https:\/\/truusk.store\/sv\/produkt\/truusk-justerbar-babyswing-vaxande-babysits-med-ryggstod-sakerhetsracke-for-barn-9-36-manader-rod\/#breadcrumb","itemListElement":[{"@type":"ListItem","position":1,"name":"Home","item":"https:\/\/truusk.store\/sv\/"},{"@type":"ListItem","position":2,"name":"Shop","item":"https:\/\/truusk.store\/shop\/"},{"@type":"ListItem","position":3,"name":"TRUUSK Justerbar Babyswing &#8211; V\u00e4xande Babysits med Ryggst\u00f6d &#8211; S\u00e4kerhetsr\u00e4cke &#8211; F\u00f6r Barn 9-36 M\u00e5nader &#8211; R\u00f6d"}]},{"@type":"WebSite","@id":"https:\/\/truusk.store\/sv\/#website","url":"https:\/\/truusk.store\/sv\/","name":"TRUUSK - Hem, Tr\u00e4dg\u00e5rd & Fritid","description":"","publisher":{"@id":"https:\/\/truusk.store\/sv\/#organization"},"potentialAction":[{"@type":"SearchAction","target":{"@type":"EntryPoint","urlTemplate":"https:\/\/truusk.store\/sv\/?s={search_term_string}"},"query-input":{"@type":"PropertyValueSpecification","valueRequired":true,"valueName":"search_term_string"}}],"inLanguage":"sv-SE"},{"@type":"Organization","@id":"https:\/\/truusk.store\/sv\/#organization","name":"TRUUSK - Hem, Tr\u00e4dg\u00e5rd & Fritid","url":"https:\/\/truusk.store\/sv\/","logo":{"@type":"ImageObject","inLanguage":"sv-SE","@id":"https:\/\/truusk.store\/sv\/#\/schema\/logo\/image\/","url":"https:\/\/i0.wp.com\/truusk.store\/wp-content\/uploads\/2026\/03\/cropped-TRUUSK.png?fit=2032%2C917&ssl=1","contentUrl":"https:\/\/i0.wp.com\/truusk.store\/wp-content\/uploads\/2026\/03\/cropped-TRUUSK.png?fit=2032%2C917&ssl=1","width":2032,"height":917,"caption":"TRUUSK - Hem, Tr\u00e4dg\u00e5rd & Fritid"},"image":{"@id":"https:\/\/truusk.store\/sv\/#\/schema\/logo\/image\/"}}]}},"jetpack_sharing_enabled":true,"_links":{"self":[{"href":"https:\/\/truusk.store\/sv\/wp-json\/wp\/v2\/product\/106032","targetHints":{"allow":["GET"]}}],"collection":[{"href":"https:\/\/truusk.store\/sv\/wp-json\/wp\/v2\/product"}],"about":[{"href":"https:\/\/truusk.store\/sv\/wp-json\/wp\/v2\/types\/product"}],"wp:featuredmedia":[{"embeddable":true,"href":"https:\/\/truusk.store\/sv\/wp-json\/wp\/v2\/media\/106018"}],"wp:attachment":[{"href":"https:\/\/truusk.store\/sv\/wp-json\/wp\/v2\/media?parent=106032"}],"wp:term":[{"taxonomy":"product_brand","embeddable":true,"href":"https:\/\/truusk.store\/sv\/wp-json\/wp\/v2\/product_brand?post=106032"},{"taxonomy":"product_cat","embeddable":true,"href":"https:\/\/truusk.store\/sv\/wp-json\/wp\/v2\/product_cat?post=106032"},{"taxonomy":"product_tag","embeddable":true,"href":"https:\/\/truusk.store\/sv\/wp-json\/wp\/v2\/product_tag?post=106032"}],"curies":[{"name":"wp","href":"https:\/\/api.w.org\/{rel}","templated":true}]}}