{"id":106104,"date":"2026-02-24T07:05:44","date_gmt":"2026-02-24T06:05:44","guid":{"rendered":"https:\/\/truusk.store\/product\/frigaende-honshus-i-forzinkat-stal-med-vaderbestandig-uv-takoverdrag-lasbar-dorr-2x2x2-m-silver\/"},"modified":"2026-03-12T08:53:26","modified_gmt":"2026-03-12T07:53:26","slug":"truusk-hundgard-i-forzinkat-stal-uv-bestandigt-tak-lasbar-dorr-2x2x2m-silver","status":"publish","type":"product","link":"https:\/\/truusk.store\/sv\/produkt\/truusk-hundgard-i-forzinkat-stal-uv-bestandigt-tak-lasbar-dorr-2x2x2m-silver\/","title":{"rendered":"TRUUSK Hundg\u00e5rd i F\u00f6rzinkat St\u00e5l &#8211; UV-best\u00e4ndigt Tak &#8211; L\u00e5sbar D\u00f6rr &#8211; 2x2x2m &#8211; Silver"},"content":{"rendered":"<p>Uppt\u00e4ck [BRAND NAME] h\u00f6nsg\u00e5rd! Tillverkad av robust st\u00e5l och belagd tr\u00e5d, erbjuder h\u00f6nsg\u00e5rden plats f\u00f6r att krafsa och fladdra. Dubbla l\u00e5s ger s\u00e4kerhet, medan det v\u00e4derbest\u00e4ndiga taket skyddar mot regn och UV-str\u00e5lar. Idealisk f\u00f6r 4\u20136 h\u00f6ns, underl\u00e4ttar h\u00f6nsg\u00e5rden utfodring, reng\u00f6ring och kontroll och \u00e4r l\u00e4mplig f\u00f6r daglig anv\u00e4ndning.<\/p>\n<p>Beskrivning:<\/p>\n<ul>\n<li> Erbjuder 4 m\u00b2 utrymme f\u00f6r 4\u20136 h\u00f6ns att r\u00f6ra sig fritt<\/li>\n<li> Passar perfekt till ett tr\u00e4hus f\u00f6r ett s\u00e4kert hem<\/li>\n<li> Dubbla l\u00e5s f\u00f6rhindrar att smarta h\u00f6ns rymmer fr\u00e5n h\u00f6nsg\u00e5rden<\/li>\n<li> Robust, galvaniserad st\u00e5lram med plastbelagd tr\u00e5dn\u00e4t garanterar h\u00f6nsens s\u00e4kerhet<\/li>\n<li> V\u00e4derbest\u00e4ndigt tak av 420D Oxford-polyester skyddar mot sol och regn<\/li>\n<li> Fullt g\u00e5ngbart design underl\u00e4ttar utfodring och reng\u00f6ring<\/li>\n<li> Montering kr\u00e4vs<\/li>\n<\/ul>\n<p> Tekniska data:<\/p>\n<ul>\n<li> F\u00e4rg: Silver<\/li>\n<li> Material: Galvaniserat st\u00e5l, 420D Oxford-tyg<\/li>\n<li> Totala dimensioner: 200L x 200B x 200H cm<\/li>\n<li> Framd\u00f6rr: 56B x 167H cm<\/li>\n<li> N\u00e4tstorlek: 4L x 2,5B cm<\/li>\n<\/ul>\n<p>Leveransinneh\u00e5ll:<\/p>\n<ul>\n<li> 1 x H\u00f6nsg\u00e5rd<\/li>\n<li> 1 x T\u00e4ckning<\/li>\n<li> 1 x Instruktioner<\/li>\n<\/ul>\n","protected":false},"excerpt":{"rendered":"<p>Uppt\u00e4ck [BRAND NAME] h\u00f6nsg\u00e5rd! Tillverkad av robust st\u00e5l och belagd tr\u00e5d, erbjuder h\u00f6nsg\u00e5rden plats f\u00f6r att krafsa och fladdra. Dubbla&#8230;<\/p>\n","protected":false},"featured_media":106095,"template":"","meta":[],"product_brand":[],"product_cat":[878,601,602],"product_tag":[],"class_list":{"0":"post-106104","1":"product","2":"type-product","3":"status-publish","4":"has-post-thumbnail","6":"product_cat-djurbehov","7":"product_cat-fageltillbehor","8":"product_cat-honshus","10":"first","11":"instock","12":"sale","13":"taxable","14":"shipping-taxable","15":"purchasable","16":"product-type-simple"},"yoast_head":"<!-- This site is optimized with the Yoast SEO plugin v25.4 - https:\/\/yoast.com\/wordpress\/plugins\/seo\/ -->\n<title>TRUUSK Hundg\u00e5rd i F\u00f6rzinkat St\u00e5l - UV-best\u00e4ndigt Tak - L\u00e5sbar D\u00f6rr - 2x2x2m - Silver - TRUUSK - Hem, Tr\u00e4dg\u00e5rd &amp; Fritid<\/title>\n<meta name=\"robots\" content=\"index, follow, max-snippet:-1, max-image-preview:large, max-video-preview:-1\" \/>\n<link rel=\"canonical\" href=\"https:\/\/truusk.store\/sv\/produkt\/truusk-hundgard-i-forzinkat-stal-uv-bestandigt-tak-lasbar-dorr-2x2x2m-silver\/\" \/>\n<meta property=\"og:locale\" content=\"sv_SE\" \/>\n<meta property=\"og:type\" content=\"article\" \/>\n<meta property=\"og:title\" content=\"TRUUSK Hundg\u00e5rd i F\u00f6rzinkat St\u00e5l - UV-best\u00e4ndigt Tak - L\u00e5sbar D\u00f6rr - 2x2x2m - Silver - TRUUSK - Hem, Tr\u00e4dg\u00e5rd &amp; Fritid\" \/>\n<meta property=\"og:description\" content=\"Uppt\u00e4ck [BRAND NAME] h\u00f6nsg\u00e5rd! Tillverkad av robust st\u00e5l och belagd tr\u00e5d, erbjuder h\u00f6nsg\u00e5rden plats f\u00f6r att krafsa och fladdra. Dubbla...\" \/>\n<meta property=\"og:url\" content=\"https:\/\/truusk.store\/sv\/produkt\/truusk-hundgard-i-forzinkat-stal-uv-bestandigt-tak-lasbar-dorr-2x2x2m-silver\/\" \/>\n<meta property=\"og:site_name\" content=\"TRUUSK - Hem, Tr\u00e4dg\u00e5rd &amp; Fritid\" \/>\n<meta property=\"article:modified_time\" content=\"2026-03-12T07:53:26+00:00\" \/>\n<meta property=\"og:image\" content=\"https:\/\/i0.wp.com\/truusk.se\/wp-content\/uploads\/2026\/02\/frigaende-honshus-i-forzinkat-stal-med-vaderbestandig-uv-takoverdrag-lasbar-dorr-2x2x2-m-silver-1.webp?fit=2000%2C2000&ssl=1\" \/>\n\t<meta property=\"og:image:width\" content=\"2000\" \/>\n\t<meta property=\"og:image:height\" content=\"2000\" \/>\n\t<meta property=\"og:image:type\" content=\"image\/webp\" \/>\n<meta name=\"twitter:card\" content=\"summary_large_image\" \/>\n<meta name=\"twitter:label1\" content=\"Ber\u00e4knad l\u00e4stid\" \/>\n\t<meta name=\"twitter:data1\" content=\"1 minut\" \/>\n<!-- \/ Yoast SEO plugin. -->","yoast_head_json":{"title":"TRUUSK Hundg\u00e5rd i F\u00f6rzinkat St\u00e5l - UV-best\u00e4ndigt Tak - L\u00e5sbar D\u00f6rr - 2x2x2m - Silver - TRUUSK - Hem, Tr\u00e4dg\u00e5rd &amp; Fritid","robots":{"index":"index","follow":"follow","max-snippet":"max-snippet:-1","max-image-preview":"max-image-preview:large","max-video-preview":"max-video-preview:-1"},"canonical":"https:\/\/truusk.store\/sv\/produkt\/truusk-hundgard-i-forzinkat-stal-uv-bestandigt-tak-lasbar-dorr-2x2x2m-silver\/","og_locale":"sv_SE","og_type":"article","og_title":"TRUUSK Hundg\u00e5rd i F\u00f6rzinkat St\u00e5l - UV-best\u00e4ndigt Tak - L\u00e5sbar D\u00f6rr - 2x2x2m - Silver - TRUUSK - Hem, Tr\u00e4dg\u00e5rd &amp; Fritid","og_description":"Uppt\u00e4ck [BRAND NAME] h\u00f6nsg\u00e5rd! Tillverkad av robust st\u00e5l och belagd tr\u00e5d, erbjuder h\u00f6nsg\u00e5rden plats f\u00f6r att krafsa och fladdra. Dubbla...","og_url":"https:\/\/truusk.store\/sv\/produkt\/truusk-hundgard-i-forzinkat-stal-uv-bestandigt-tak-lasbar-dorr-2x2x2m-silver\/","og_site_name":"TRUUSK - Hem, Tr\u00e4dg\u00e5rd &amp; Fritid","article_modified_time":"2026-03-12T07:53:26+00:00","og_image":[{"width":2000,"height":2000,"url":"https:\/\/i0.wp.com\/truusk.se\/wp-content\/uploads\/2026\/02\/frigaende-honshus-i-forzinkat-stal-med-vaderbestandig-uv-takoverdrag-lasbar-dorr-2x2x2-m-silver-1.webp?fit=2000%2C2000&ssl=1","type":"image\/webp"}],"twitter_card":"summary_large_image","twitter_misc":{"Ber\u00e4knad l\u00e4stid":"1 minut"},"schema":{"@context":"https:\/\/schema.org","@graph":[{"@type":"WebPage","@id":"https:\/\/truusk.store\/sv\/produkt\/truusk-hundgard-i-forzinkat-stal-uv-bestandigt-tak-lasbar-dorr-2x2x2m-silver\/","url":"https:\/\/truusk.store\/sv\/produkt\/truusk-hundgard-i-forzinkat-stal-uv-bestandigt-tak-lasbar-dorr-2x2x2m-silver\/","name":"TRUUSK Hundg\u00e5rd i F\u00f6rzinkat St\u00e5l - UV-best\u00e4ndigt Tak - L\u00e5sbar D\u00f6rr - 2x2x2m - Silver - TRUUSK - Hem, Tr\u00e4dg\u00e5rd &amp; Fritid","isPartOf":{"@id":"https:\/\/truusk.store\/sv\/#website"},"primaryImageOfPage":{"@id":"https:\/\/truusk.store\/sv\/produkt\/truusk-hundgard-i-forzinkat-stal-uv-bestandigt-tak-lasbar-dorr-2x2x2m-silver\/#primaryimage"},"image":{"@id":"https:\/\/truusk.store\/sv\/produkt\/truusk-hundgard-i-forzinkat-stal-uv-bestandigt-tak-lasbar-dorr-2x2x2m-silver\/#primaryimage"},"thumbnailUrl":"https:\/\/i0.wp.com\/truusk.store\/wp-content\/uploads\/2026\/02\/frigaende-honshus-i-forzinkat-stal-med-vaderbestandig-uv-takoverdrag-lasbar-dorr-2x2x2-m-silver-1.webp?fit=2000%2C2000&ssl=1","datePublished":"2026-02-24T06:05:44+00:00","dateModified":"2026-03-12T07:53:26+00:00","breadcrumb":{"@id":"https:\/\/truusk.store\/sv\/produkt\/truusk-hundgard-i-forzinkat-stal-uv-bestandigt-tak-lasbar-dorr-2x2x2m-silver\/#breadcrumb"},"inLanguage":"sv-SE","potentialAction":[{"@type":"ReadAction","target":["https:\/\/truusk.store\/sv\/produkt\/truusk-hundgard-i-forzinkat-stal-uv-bestandigt-tak-lasbar-dorr-2x2x2m-silver\/"]}]},{"@type":"ImageObject","inLanguage":"sv-SE","@id":"https:\/\/truusk.store\/sv\/produkt\/truusk-hundgard-i-forzinkat-stal-uv-bestandigt-tak-lasbar-dorr-2x2x2m-silver\/#primaryimage","url":"https:\/\/i0.wp.com\/truusk.store\/wp-content\/uploads\/2026\/02\/frigaende-honshus-i-forzinkat-stal-med-vaderbestandig-uv-takoverdrag-lasbar-dorr-2x2x2-m-silver-1.webp?fit=2000%2C2000&ssl=1","contentUrl":"https:\/\/i0.wp.com\/truusk.store\/wp-content\/uploads\/2026\/02\/frigaende-honshus-i-forzinkat-stal-med-vaderbestandig-uv-takoverdrag-lasbar-dorr-2x2x2-m-silver-1.webp?fit=2000%2C2000&ssl=1","width":2000,"height":2000},{"@type":"BreadcrumbList","@id":"https:\/\/truusk.store\/sv\/produkt\/truusk-hundgard-i-forzinkat-stal-uv-bestandigt-tak-lasbar-dorr-2x2x2m-silver\/#breadcrumb","itemListElement":[{"@type":"ListItem","position":1,"name":"Home","item":"https:\/\/truusk.store\/sv\/"},{"@type":"ListItem","position":2,"name":"Shop","item":"https:\/\/truusk.store\/shop\/"},{"@type":"ListItem","position":3,"name":"TRUUSK Hundg\u00e5rd i F\u00f6rzinkat St\u00e5l &#8211; UV-best\u00e4ndigt Tak &#8211; L\u00e5sbar D\u00f6rr &#8211; 2x2x2m &#8211; Silver"}]},{"@type":"WebSite","@id":"https:\/\/truusk.store\/sv\/#website","url":"https:\/\/truusk.store\/sv\/","name":"TRUUSK - Hem, Tr\u00e4dg\u00e5rd & Fritid","description":"","publisher":{"@id":"https:\/\/truusk.store\/sv\/#organization"},"potentialAction":[{"@type":"SearchAction","target":{"@type":"EntryPoint","urlTemplate":"https:\/\/truusk.store\/sv\/?s={search_term_string}"},"query-input":{"@type":"PropertyValueSpecification","valueRequired":true,"valueName":"search_term_string"}}],"inLanguage":"sv-SE"},{"@type":"Organization","@id":"https:\/\/truusk.store\/sv\/#organization","name":"TRUUSK - Hem, Tr\u00e4dg\u00e5rd & Fritid","url":"https:\/\/truusk.store\/sv\/","logo":{"@type":"ImageObject","inLanguage":"sv-SE","@id":"https:\/\/truusk.store\/sv\/#\/schema\/logo\/image\/","url":"https:\/\/i0.wp.com\/truusk.store\/wp-content\/uploads\/2026\/03\/cropped-TRUUSK.png?fit=2032%2C917&ssl=1","contentUrl":"https:\/\/i0.wp.com\/truusk.store\/wp-content\/uploads\/2026\/03\/cropped-TRUUSK.png?fit=2032%2C917&ssl=1","width":2032,"height":917,"caption":"TRUUSK - Hem, Tr\u00e4dg\u00e5rd & Fritid"},"image":{"@id":"https:\/\/truusk.store\/sv\/#\/schema\/logo\/image\/"}}]}},"jetpack_sharing_enabled":true,"_links":{"self":[{"href":"https:\/\/truusk.store\/sv\/wp-json\/wp\/v2\/product\/106104","targetHints":{"allow":["GET"]}}],"collection":[{"href":"https:\/\/truusk.store\/sv\/wp-json\/wp\/v2\/product"}],"about":[{"href":"https:\/\/truusk.store\/sv\/wp-json\/wp\/v2\/types\/product"}],"wp:featuredmedia":[{"embeddable":true,"href":"https:\/\/truusk.store\/sv\/wp-json\/wp\/v2\/media\/106095"}],"wp:attachment":[{"href":"https:\/\/truusk.store\/sv\/wp-json\/wp\/v2\/media?parent=106104"}],"wp:term":[{"taxonomy":"product_brand","embeddable":true,"href":"https:\/\/truusk.store\/sv\/wp-json\/wp\/v2\/product_brand?post=106104"},{"taxonomy":"product_cat","embeddable":true,"href":"https:\/\/truusk.store\/sv\/wp-json\/wp\/v2\/product_cat?post=106104"},{"taxonomy":"product_tag","embeddable":true,"href":"https:\/\/truusk.store\/sv\/wp-json\/wp\/v2\/product_tag?post=106104"}],"curies":[{"name":"wp","href":"https:\/\/api.w.org\/{rel}","templated":true}]}}