{"id":106114,"date":"2026-02-24T07:06:43","date_gmt":"2026-02-24T06:06:43","guid":{"rendered":"https:\/\/truusk.store\/product\/liten-datorbord-med-2-lador-skrivbord-med-stor-arbetsyta-120-x-60-x-77-cm-svart\/"},"modified":"2026-03-12T08:53:27","modified_gmt":"2026-03-12T07:53:27","slug":"truusk-liten-datorbord-med-2-lador-skrivbord-med-stor-arbetsyta-matt-120-x-60-x-77-cm-farg-svart","status":"publish","type":"product","link":"https:\/\/truusk.store\/sv\/produkt\/truusk-liten-datorbord-med-2-lador-skrivbord-med-stor-arbetsyta-matt-120-x-60-x-77-cm-farg-svart\/","title":{"rendered":"TRUUSK Liten Datorbord Med 2 L\u00e5dor &#8211; Skrivbord Med Stor Arbetsyta &#8211; M\u00e5tt 120 x 60 x 77 cm &#8211; F\u00e4rg: Svart"},"content":{"rendered":"<p>Har du problem med ett \u00f6verfullt arbetsutrymme? [BRAND NAME] lilla datorbord erbjuder en l\u00f6sning med sin minimalistiska design, dolda l\u00e5dor och gener\u00f6sa bordsskiva. Det skapar en organiserad milj\u00f6, fr\u00e4mjar koncentration och kreativitet och l\u00e5ter din stil och ambition lysa \u2013 perfekt f\u00f6r kreativa eller professionella uppgifter.<\/p>\n<p>Beskrivning:<\/p>\n<ul>\n<li> Elegant, helt svart design<\/li>\n<li>detta skrivbord ger varje rum en modern atmosf\u00e4r<\/li>\n<li> Har tv\u00e5 inbyggda l\u00e5dor som h\u00e5ller ditt datorbord snyggt och organiserat<\/li>\n<li> En gener\u00f6s 120 cm stor bordsskiva erbjuder mycket utrymme f\u00f6r arbete eller studier<\/li>\n<li> Gener\u00f6st benutrymme ger komfort under l\u00e5nga sitt- och arbetstimmar<\/li>\n<li> Unik f\u00f6rst\u00e4rkt struktur inneh\u00e5ller ett anti-tip-set f\u00f6r extra s\u00e4kerhet i familjen<\/li>\n<li> Justerbara f\u00f6tter ger stabilitet p\u00e5 oj\u00e4mna golv f\u00f6r s\u00e4ker anv\u00e4ndning<\/li>\n<li> Montering kr\u00e4vs<\/li>\n<\/ul>\n<p> Tekniska specifikationer:<\/p>\n<ul>\n<li> F\u00e4rg: Svart<\/li>\n<li> Material: Sp\u00e5nskiva, st\u00e5l<\/li>\n<li> Totala dimensioner: 120B x 60T x 77H cm<\/li>\n<li> Bordsskivans storlek: 120L x 60B cm<\/li>\n<li> Benutrymme: 92,2B x 40T x 63,5H cm<\/li>\n<li> Inre dimensioner p\u00e5 l\u00e5dorna: 53,8B x 33,5T x 7,5H cm<\/li>\n<li> Maximal belastning: 20 kg (totalt), 5 kg (bordsskiva), 5 kg (per l\u00e5da)<\/li>\n<\/ul>\n<p>Leverans inneh\u00e5ller:<\/p>\n<ul>\n<li> 1 x skrivbord<\/li>\n<li> 1 x instruktioner<\/li>\n<\/ul>\n","protected":false},"excerpt":{"rendered":"<p>Har du problem med ett \u00f6verfullt arbetsutrymme? [BRAND NAME] lilla datorbord erbjuder en l\u00f6sning med sin minimalistiska design, dolda l\u00e5dor&#8230;<\/p>\n","protected":false},"featured_media":106105,"template":"","meta":[],"product_brand":[],"product_cat":[872,871,502],"product_tag":[],"class_list":{"0":"post-106114","1":"product","2":"type-product","3":"status-publish","4":"has-post-thumbnail","6":"product_cat-hemmakontor-arbetsplats","7":"product_cat-hus-hem","8":"product_cat-skrivbord","10":"first","11":"instock","12":"sale","13":"taxable","14":"shipping-taxable","15":"purchasable","16":"product-type-simple"},"yoast_head":"<!-- This site is optimized with the Yoast SEO plugin v25.4 - https:\/\/yoast.com\/wordpress\/plugins\/seo\/ -->\n<title>TRUUSK Liten Datorbord Med 2 L\u00e5dor - Skrivbord Med Stor Arbetsyta - M\u00e5tt 120 x 60 x 77 cm - F\u00e4rg: Svart - TRUUSK - Hem, Tr\u00e4dg\u00e5rd &amp; Fritid<\/title>\n<meta name=\"robots\" content=\"index, follow, max-snippet:-1, max-image-preview:large, max-video-preview:-1\" \/>\n<link rel=\"canonical\" href=\"https:\/\/truusk.store\/sv\/produkt\/truusk-liten-datorbord-med-2-lador-skrivbord-med-stor-arbetsyta-matt-120-x-60-x-77-cm-farg-svart\/\" \/>\n<meta property=\"og:locale\" content=\"sv_SE\" \/>\n<meta property=\"og:type\" content=\"article\" \/>\n<meta property=\"og:title\" content=\"TRUUSK Liten Datorbord Med 2 L\u00e5dor - Skrivbord Med Stor Arbetsyta - M\u00e5tt 120 x 60 x 77 cm - F\u00e4rg: Svart - TRUUSK - Hem, Tr\u00e4dg\u00e5rd &amp; Fritid\" \/>\n<meta property=\"og:description\" content=\"Har du problem med ett \u00f6verfullt arbetsutrymme? [BRAND NAME] lilla datorbord erbjuder en l\u00f6sning med sin minimalistiska design, dolda l\u00e5dor...\" \/>\n<meta property=\"og:url\" content=\"https:\/\/truusk.store\/sv\/produkt\/truusk-liten-datorbord-med-2-lador-skrivbord-med-stor-arbetsyta-matt-120-x-60-x-77-cm-farg-svart\/\" \/>\n<meta property=\"og:site_name\" content=\"TRUUSK - Hem, Tr\u00e4dg\u00e5rd &amp; Fritid\" \/>\n<meta property=\"article:modified_time\" content=\"2026-03-12T07:53:27+00:00\" \/>\n<meta property=\"og:image\" content=\"https:\/\/i0.wp.com\/truusk.se\/wp-content\/uploads\/2026\/02\/liten-datorbord-med-2-lador-skrivbord-med-stor-arbetsyta-120-x-60-x-77-cm-svart-1.webp?fit=2000%2C2000&ssl=1\" \/>\n\t<meta property=\"og:image:width\" content=\"2000\" \/>\n\t<meta property=\"og:image:height\" content=\"2000\" \/>\n\t<meta property=\"og:image:type\" content=\"image\/webp\" \/>\n<meta name=\"twitter:card\" content=\"summary_large_image\" \/>\n<meta name=\"twitter:label1\" content=\"Ber\u00e4knad l\u00e4stid\" \/>\n\t<meta name=\"twitter:data1\" content=\"1 minut\" \/>\n<!-- \/ Yoast SEO plugin. -->","yoast_head_json":{"title":"TRUUSK Liten Datorbord Med 2 L\u00e5dor - Skrivbord Med Stor Arbetsyta - M\u00e5tt 120 x 60 x 77 cm - F\u00e4rg: Svart - TRUUSK - Hem, Tr\u00e4dg\u00e5rd &amp; Fritid","robots":{"index":"index","follow":"follow","max-snippet":"max-snippet:-1","max-image-preview":"max-image-preview:large","max-video-preview":"max-video-preview:-1"},"canonical":"https:\/\/truusk.store\/sv\/produkt\/truusk-liten-datorbord-med-2-lador-skrivbord-med-stor-arbetsyta-matt-120-x-60-x-77-cm-farg-svart\/","og_locale":"sv_SE","og_type":"article","og_title":"TRUUSK Liten Datorbord Med 2 L\u00e5dor - Skrivbord Med Stor Arbetsyta - M\u00e5tt 120 x 60 x 77 cm - F\u00e4rg: Svart - TRUUSK - Hem, Tr\u00e4dg\u00e5rd &amp; Fritid","og_description":"Har du problem med ett \u00f6verfullt arbetsutrymme? [BRAND NAME] lilla datorbord erbjuder en l\u00f6sning med sin minimalistiska design, dolda l\u00e5dor...","og_url":"https:\/\/truusk.store\/sv\/produkt\/truusk-liten-datorbord-med-2-lador-skrivbord-med-stor-arbetsyta-matt-120-x-60-x-77-cm-farg-svart\/","og_site_name":"TRUUSK - Hem, Tr\u00e4dg\u00e5rd &amp; Fritid","article_modified_time":"2026-03-12T07:53:27+00:00","og_image":[{"width":2000,"height":2000,"url":"https:\/\/i0.wp.com\/truusk.se\/wp-content\/uploads\/2026\/02\/liten-datorbord-med-2-lador-skrivbord-med-stor-arbetsyta-120-x-60-x-77-cm-svart-1.webp?fit=2000%2C2000&ssl=1","type":"image\/webp"}],"twitter_card":"summary_large_image","twitter_misc":{"Ber\u00e4knad l\u00e4stid":"1 minut"},"schema":{"@context":"https:\/\/schema.org","@graph":[{"@type":"WebPage","@id":"https:\/\/truusk.store\/sv\/produkt\/truusk-liten-datorbord-med-2-lador-skrivbord-med-stor-arbetsyta-matt-120-x-60-x-77-cm-farg-svart\/","url":"https:\/\/truusk.store\/sv\/produkt\/truusk-liten-datorbord-med-2-lador-skrivbord-med-stor-arbetsyta-matt-120-x-60-x-77-cm-farg-svart\/","name":"TRUUSK Liten Datorbord Med 2 L\u00e5dor - Skrivbord Med Stor Arbetsyta - M\u00e5tt 120 x 60 x 77 cm - F\u00e4rg: Svart - TRUUSK - Hem, Tr\u00e4dg\u00e5rd &amp; Fritid","isPartOf":{"@id":"https:\/\/truusk.store\/sv\/#website"},"primaryImageOfPage":{"@id":"https:\/\/truusk.store\/sv\/produkt\/truusk-liten-datorbord-med-2-lador-skrivbord-med-stor-arbetsyta-matt-120-x-60-x-77-cm-farg-svart\/#primaryimage"},"image":{"@id":"https:\/\/truusk.store\/sv\/produkt\/truusk-liten-datorbord-med-2-lador-skrivbord-med-stor-arbetsyta-matt-120-x-60-x-77-cm-farg-svart\/#primaryimage"},"thumbnailUrl":"https:\/\/i0.wp.com\/truusk.store\/wp-content\/uploads\/2026\/02\/liten-datorbord-med-2-lador-skrivbord-med-stor-arbetsyta-120-x-60-x-77-cm-svart-1.webp?fit=2000%2C2000&ssl=1","datePublished":"2026-02-24T06:06:43+00:00","dateModified":"2026-03-12T07:53:27+00:00","breadcrumb":{"@id":"https:\/\/truusk.store\/sv\/produkt\/truusk-liten-datorbord-med-2-lador-skrivbord-med-stor-arbetsyta-matt-120-x-60-x-77-cm-farg-svart\/#breadcrumb"},"inLanguage":"sv-SE","potentialAction":[{"@type":"ReadAction","target":["https:\/\/truusk.store\/sv\/produkt\/truusk-liten-datorbord-med-2-lador-skrivbord-med-stor-arbetsyta-matt-120-x-60-x-77-cm-farg-svart\/"]}]},{"@type":"ImageObject","inLanguage":"sv-SE","@id":"https:\/\/truusk.store\/sv\/produkt\/truusk-liten-datorbord-med-2-lador-skrivbord-med-stor-arbetsyta-matt-120-x-60-x-77-cm-farg-svart\/#primaryimage","url":"https:\/\/i0.wp.com\/truusk.store\/wp-content\/uploads\/2026\/02\/liten-datorbord-med-2-lador-skrivbord-med-stor-arbetsyta-120-x-60-x-77-cm-svart-1.webp?fit=2000%2C2000&ssl=1","contentUrl":"https:\/\/i0.wp.com\/truusk.store\/wp-content\/uploads\/2026\/02\/liten-datorbord-med-2-lador-skrivbord-med-stor-arbetsyta-120-x-60-x-77-cm-svart-1.webp?fit=2000%2C2000&ssl=1","width":2000,"height":2000},{"@type":"BreadcrumbList","@id":"https:\/\/truusk.store\/sv\/produkt\/truusk-liten-datorbord-med-2-lador-skrivbord-med-stor-arbetsyta-matt-120-x-60-x-77-cm-farg-svart\/#breadcrumb","itemListElement":[{"@type":"ListItem","position":1,"name":"Home","item":"https:\/\/truusk.store\/sv\/"},{"@type":"ListItem","position":2,"name":"Shop","item":"https:\/\/truusk.store\/shop\/"},{"@type":"ListItem","position":3,"name":"TRUUSK Liten Datorbord Med 2 L\u00e5dor &#8211; Skrivbord Med Stor Arbetsyta &#8211; M\u00e5tt 120 x 60 x 77 cm &#8211; F\u00e4rg: Svart"}]},{"@type":"WebSite","@id":"https:\/\/truusk.store\/sv\/#website","url":"https:\/\/truusk.store\/sv\/","name":"TRUUSK - Hem, Tr\u00e4dg\u00e5rd & Fritid","description":"","publisher":{"@id":"https:\/\/truusk.store\/sv\/#organization"},"potentialAction":[{"@type":"SearchAction","target":{"@type":"EntryPoint","urlTemplate":"https:\/\/truusk.store\/sv\/?s={search_term_string}"},"query-input":{"@type":"PropertyValueSpecification","valueRequired":true,"valueName":"search_term_string"}}],"inLanguage":"sv-SE"},{"@type":"Organization","@id":"https:\/\/truusk.store\/sv\/#organization","name":"TRUUSK - Hem, Tr\u00e4dg\u00e5rd & Fritid","url":"https:\/\/truusk.store\/sv\/","logo":{"@type":"ImageObject","inLanguage":"sv-SE","@id":"https:\/\/truusk.store\/sv\/#\/schema\/logo\/image\/","url":"https:\/\/i0.wp.com\/truusk.store\/wp-content\/uploads\/2026\/03\/cropped-TRUUSK.png?fit=2032%2C917&ssl=1","contentUrl":"https:\/\/i0.wp.com\/truusk.store\/wp-content\/uploads\/2026\/03\/cropped-TRUUSK.png?fit=2032%2C917&ssl=1","width":2032,"height":917,"caption":"TRUUSK - Hem, Tr\u00e4dg\u00e5rd & Fritid"},"image":{"@id":"https:\/\/truusk.store\/sv\/#\/schema\/logo\/image\/"}}]}},"jetpack_sharing_enabled":true,"_links":{"self":[{"href":"https:\/\/truusk.store\/sv\/wp-json\/wp\/v2\/product\/106114","targetHints":{"allow":["GET"]}}],"collection":[{"href":"https:\/\/truusk.store\/sv\/wp-json\/wp\/v2\/product"}],"about":[{"href":"https:\/\/truusk.store\/sv\/wp-json\/wp\/v2\/types\/product"}],"wp:featuredmedia":[{"embeddable":true,"href":"https:\/\/truusk.store\/sv\/wp-json\/wp\/v2\/media\/106105"}],"wp:attachment":[{"href":"https:\/\/truusk.store\/sv\/wp-json\/wp\/v2\/media?parent=106114"}],"wp:term":[{"taxonomy":"product_brand","embeddable":true,"href":"https:\/\/truusk.store\/sv\/wp-json\/wp\/v2\/product_brand?post=106114"},{"taxonomy":"product_cat","embeddable":true,"href":"https:\/\/truusk.store\/sv\/wp-json\/wp\/v2\/product_cat?post=106114"},{"taxonomy":"product_tag","embeddable":true,"href":"https:\/\/truusk.store\/sv\/wp-json\/wp\/v2\/product_tag?post=106114"}],"curies":[{"name":"wp","href":"https:\/\/api.w.org\/{rel}","templated":true}]}}