{"id":106127,"date":"2026-02-24T07:07:54","date_gmt":"2026-02-24T06:07:54","guid":{"rendered":"https:\/\/truusk.store\/product\/dubbel-solparaply-292-x-150-cm-solparaply-med-led-belysning-handvev-vinkelfunktion-khaki\/"},"modified":"2026-03-12T08:53:27","modified_gmt":"2026-03-12T07:53:27","slug":"truusk-dubbel-solparaply-292-x-150-cm-med-led-belysning-vinkelfunktion-handvev-khaki","status":"publish","type":"product","link":"https:\/\/truusk.store\/sv\/produkt\/truusk-dubbel-solparaply-292-x-150-cm-med-led-belysning-vinkelfunktion-handvev-khaki\/","title":{"rendered":"TRUUSK Dubbel Solparaply 292 X 150 cm &#8211; Med LED-belysning &#8211; Vinkelfunktion &#8211; Handvev &#8211; Khaki"},"content":{"rendered":"<p>Njut av att l\u00e4sa utomhus eller en picknick i sommarbrisen? Denna stora dubbel-parasoll fr\u00e5n [BRAND NAME] skyddar inte bara dina g\u00e4ster och tr\u00e4dg\u00e5rdsm\u00f6bler fr\u00e5n solen, utan kan ocks\u00e5 lutas f\u00f6r att justera skuggan efter behov. Solpanelen laddar upp under dagen och ger tillr\u00e4ckligt med energi f\u00f6r de inbyggda LED-lamporna, s\u00e5 att din tr\u00e4dg\u00e5rdsfest kan forts\u00e4tta ost\u00f6rt \u00e4ven efter solnedg\u00e5ngen. Sommaren \u00e4r h\u00e4r!<\/p>\n<p>Beskrivning:<\/p>\n<ul>\n<li> Justerbart tak kan lutas upp till 40\u00b0 f\u00f6r att skydda mot l\u00e5gt st\u00e5ende sol<\/li>\n<li> 35 LED-lampor p\u00e5 ribborna ger mysig belysning p\u00e5 natten<\/li>\n<li> Tillverkad av robust 180 g\/m\u00b2 polyestertyg och en stabil st\u00e5lram<\/li>\n<li> Tv\u00e5 vind\u00f6ppningar och 12 ribbor \u00f6kar stabiliteten i bl\u00e5siga f\u00f6rh\u00e5llanden<\/li>\n<li> Handvev f\u00f6r dubbel solskyddsparasoll f\u00f6r snabb \u00f6ppning och st\u00e4ngning<\/li>\n<li> Tv\u00e5delad st\u00e5ngdesign f\u00f6r enkel transport<\/li>\n<li> Montering kr\u00e4vs<\/li>\n<\/ul>\n<p> Tekniska data:<\/p>\n<ul>\n<li> F\u00e4rg: Khaki<\/li>\n<li> Material: Polyester, St\u00e5l<\/li>\n<li> Totala dimensioner: 292L x 150B x 218H cm<\/li>\n<li> H\u00f6jd till kanten: (av baldakinen) 188 cm<\/li>\n<li> Dimensioner f\u00f6r solpanel: 12L x 12B cm<\/li>\n<li> Dimensioner f\u00f6r st\u00e5lst\u00e5ng: \u00d838 x 0,8T mm<\/li>\n<li> LED-effekt: 0,3 W per ljus<\/li>\n<li> Solpanel: 1,6 W, 3,7 V<\/li>\n<li> Anm\u00e4rkningar: 1. Anv\u00e4nd inte parasollet under extrema v\u00e4derf\u00f6rh\u00e5llanden (stark vind, kraftigt regn, sn\u00f6). 2. Kr\u00e4vd vikt f\u00f6r parasollbas: 60 kg (ing\u00e5r ej)<\/li>\n<\/ul>\n<p>Leveransinneh\u00e5ll:<\/p>\n<ul>\n<li> 1 x Dubbelsidig parasoll<\/li>\n<li> 3 x Batteri<\/li>\n<li> 1 x Bruksanvisning<\/li>\n<\/ul>\n","protected":false},"excerpt":{"rendered":"<p>Njut av att l\u00e4sa utomhus eller en picknick i sommarbrisen? Denna stora dubbel-parasoll fr\u00e5n [BRAND NAME] skyddar inte bara dina&#8230;<\/p>\n","protected":false},"featured_media":106115,"template":"","meta":[],"product_brand":[],"product_cat":[472,862,858],"product_tag":[],"class_list":{"0":"post-106127","1":"product","2":"type-product","3":"status-publish","4":"has-post-thumbnail","6":"product_cat-parasoller","7":"product_cat-sol-insynsskydd","8":"product_cat-tradgard-terrass","10":"first","11":"instock","12":"sale","13":"taxable","14":"shipping-taxable","15":"purchasable","16":"product-type-simple"},"yoast_head":"<!-- This site is optimized with the Yoast SEO plugin v25.4 - https:\/\/yoast.com\/wordpress\/plugins\/seo\/ -->\n<title>TRUUSK Dubbel Solparaply 292 X 150 cm - Med LED-belysning - Vinkelfunktion - Handvev - Khaki - TRUUSK - Hem, Tr\u00e4dg\u00e5rd &amp; Fritid<\/title>\n<meta name=\"robots\" content=\"index, follow, max-snippet:-1, max-image-preview:large, max-video-preview:-1\" \/>\n<link rel=\"canonical\" href=\"https:\/\/truusk.store\/sv\/produkt\/truusk-dubbel-solparaply-292-x-150-cm-med-led-belysning-vinkelfunktion-handvev-khaki\/\" \/>\n<meta property=\"og:locale\" content=\"sv_SE\" \/>\n<meta property=\"og:type\" content=\"article\" \/>\n<meta property=\"og:title\" content=\"TRUUSK Dubbel Solparaply 292 X 150 cm - Med LED-belysning - Vinkelfunktion - Handvev - Khaki - TRUUSK - Hem, Tr\u00e4dg\u00e5rd &amp; Fritid\" \/>\n<meta property=\"og:description\" content=\"Njut av att l\u00e4sa utomhus eller en picknick i sommarbrisen? Denna stora dubbel-parasoll fr\u00e5n [BRAND NAME] skyddar inte bara dina...\" \/>\n<meta property=\"og:url\" content=\"https:\/\/truusk.store\/sv\/produkt\/truusk-dubbel-solparaply-292-x-150-cm-med-led-belysning-vinkelfunktion-handvev-khaki\/\" \/>\n<meta property=\"og:site_name\" content=\"TRUUSK - Hem, Tr\u00e4dg\u00e5rd &amp; Fritid\" \/>\n<meta property=\"article:modified_time\" content=\"2026-03-12T07:53:27+00:00\" \/>\n<meta property=\"og:image\" content=\"https:\/\/i0.wp.com\/truusk.se\/wp-content\/uploads\/2026\/02\/dubbel-solparaply-292-x-150-cm-solparaply-med-led-belysning-handvev-vinkelfunktion-khaki-1.webp?fit=2000%2C2000&ssl=1\" \/>\n\t<meta property=\"og:image:width\" content=\"2000\" \/>\n\t<meta property=\"og:image:height\" content=\"2000\" \/>\n\t<meta property=\"og:image:type\" content=\"image\/webp\" \/>\n<meta name=\"twitter:card\" content=\"summary_large_image\" \/>\n<meta name=\"twitter:label1\" content=\"Ber\u00e4knad l\u00e4stid\" \/>\n\t<meta name=\"twitter:data1\" content=\"1 minut\" \/>\n<!-- \/ Yoast SEO plugin. -->","yoast_head_json":{"title":"TRUUSK Dubbel Solparaply 292 X 150 cm - Med LED-belysning - Vinkelfunktion - Handvev - Khaki - TRUUSK - Hem, Tr\u00e4dg\u00e5rd &amp; Fritid","robots":{"index":"index","follow":"follow","max-snippet":"max-snippet:-1","max-image-preview":"max-image-preview:large","max-video-preview":"max-video-preview:-1"},"canonical":"https:\/\/truusk.store\/sv\/produkt\/truusk-dubbel-solparaply-292-x-150-cm-med-led-belysning-vinkelfunktion-handvev-khaki\/","og_locale":"sv_SE","og_type":"article","og_title":"TRUUSK Dubbel Solparaply 292 X 150 cm - Med LED-belysning - Vinkelfunktion - Handvev - Khaki - TRUUSK - Hem, Tr\u00e4dg\u00e5rd &amp; Fritid","og_description":"Njut av att l\u00e4sa utomhus eller en picknick i sommarbrisen? Denna stora dubbel-parasoll fr\u00e5n [BRAND NAME] skyddar inte bara dina...","og_url":"https:\/\/truusk.store\/sv\/produkt\/truusk-dubbel-solparaply-292-x-150-cm-med-led-belysning-vinkelfunktion-handvev-khaki\/","og_site_name":"TRUUSK - Hem, Tr\u00e4dg\u00e5rd &amp; Fritid","article_modified_time":"2026-03-12T07:53:27+00:00","og_image":[{"width":2000,"height":2000,"url":"https:\/\/i0.wp.com\/truusk.se\/wp-content\/uploads\/2026\/02\/dubbel-solparaply-292-x-150-cm-solparaply-med-led-belysning-handvev-vinkelfunktion-khaki-1.webp?fit=2000%2C2000&ssl=1","type":"image\/webp"}],"twitter_card":"summary_large_image","twitter_misc":{"Ber\u00e4knad l\u00e4stid":"1 minut"},"schema":{"@context":"https:\/\/schema.org","@graph":[{"@type":"WebPage","@id":"https:\/\/truusk.store\/sv\/produkt\/truusk-dubbel-solparaply-292-x-150-cm-med-led-belysning-vinkelfunktion-handvev-khaki\/","url":"https:\/\/truusk.store\/sv\/produkt\/truusk-dubbel-solparaply-292-x-150-cm-med-led-belysning-vinkelfunktion-handvev-khaki\/","name":"TRUUSK Dubbel Solparaply 292 X 150 cm - Med LED-belysning - Vinkelfunktion - Handvev - Khaki - TRUUSK - Hem, Tr\u00e4dg\u00e5rd &amp; Fritid","isPartOf":{"@id":"https:\/\/truusk.store\/sv\/#website"},"primaryImageOfPage":{"@id":"https:\/\/truusk.store\/sv\/produkt\/truusk-dubbel-solparaply-292-x-150-cm-med-led-belysning-vinkelfunktion-handvev-khaki\/#primaryimage"},"image":{"@id":"https:\/\/truusk.store\/sv\/produkt\/truusk-dubbel-solparaply-292-x-150-cm-med-led-belysning-vinkelfunktion-handvev-khaki\/#primaryimage"},"thumbnailUrl":"https:\/\/i0.wp.com\/truusk.store\/wp-content\/uploads\/2026\/02\/dubbel-solparaply-292-x-150-cm-solparaply-med-led-belysning-handvev-vinkelfunktion-khaki-1.webp?fit=2000%2C2000&ssl=1","datePublished":"2026-02-24T06:07:54+00:00","dateModified":"2026-03-12T07:53:27+00:00","breadcrumb":{"@id":"https:\/\/truusk.store\/sv\/produkt\/truusk-dubbel-solparaply-292-x-150-cm-med-led-belysning-vinkelfunktion-handvev-khaki\/#breadcrumb"},"inLanguage":"sv-SE","potentialAction":[{"@type":"ReadAction","target":["https:\/\/truusk.store\/sv\/produkt\/truusk-dubbel-solparaply-292-x-150-cm-med-led-belysning-vinkelfunktion-handvev-khaki\/"]}]},{"@type":"ImageObject","inLanguage":"sv-SE","@id":"https:\/\/truusk.store\/sv\/produkt\/truusk-dubbel-solparaply-292-x-150-cm-med-led-belysning-vinkelfunktion-handvev-khaki\/#primaryimage","url":"https:\/\/i0.wp.com\/truusk.store\/wp-content\/uploads\/2026\/02\/dubbel-solparaply-292-x-150-cm-solparaply-med-led-belysning-handvev-vinkelfunktion-khaki-1.webp?fit=2000%2C2000&ssl=1","contentUrl":"https:\/\/i0.wp.com\/truusk.store\/wp-content\/uploads\/2026\/02\/dubbel-solparaply-292-x-150-cm-solparaply-med-led-belysning-handvev-vinkelfunktion-khaki-1.webp?fit=2000%2C2000&ssl=1","width":2000,"height":2000},{"@type":"BreadcrumbList","@id":"https:\/\/truusk.store\/sv\/produkt\/truusk-dubbel-solparaply-292-x-150-cm-med-led-belysning-vinkelfunktion-handvev-khaki\/#breadcrumb","itemListElement":[{"@type":"ListItem","position":1,"name":"Home","item":"https:\/\/truusk.store\/sv\/"},{"@type":"ListItem","position":2,"name":"Shop","item":"https:\/\/truusk.store\/shop\/"},{"@type":"ListItem","position":3,"name":"TRUUSK Dubbel Solparaply 292 X 150 cm &#8211; Med LED-belysning &#8211; Vinkelfunktion &#8211; Handvev &#8211; Khaki"}]},{"@type":"WebSite","@id":"https:\/\/truusk.store\/sv\/#website","url":"https:\/\/truusk.store\/sv\/","name":"TRUUSK - Hem, Tr\u00e4dg\u00e5rd & Fritid","description":"","publisher":{"@id":"https:\/\/truusk.store\/sv\/#organization"},"potentialAction":[{"@type":"SearchAction","target":{"@type":"EntryPoint","urlTemplate":"https:\/\/truusk.store\/sv\/?s={search_term_string}"},"query-input":{"@type":"PropertyValueSpecification","valueRequired":true,"valueName":"search_term_string"}}],"inLanguage":"sv-SE"},{"@type":"Organization","@id":"https:\/\/truusk.store\/sv\/#organization","name":"TRUUSK - Hem, Tr\u00e4dg\u00e5rd & Fritid","url":"https:\/\/truusk.store\/sv\/","logo":{"@type":"ImageObject","inLanguage":"sv-SE","@id":"https:\/\/truusk.store\/sv\/#\/schema\/logo\/image\/","url":"https:\/\/i0.wp.com\/truusk.store\/wp-content\/uploads\/2026\/03\/cropped-TRUUSK.png?fit=2032%2C917&ssl=1","contentUrl":"https:\/\/i0.wp.com\/truusk.store\/wp-content\/uploads\/2026\/03\/cropped-TRUUSK.png?fit=2032%2C917&ssl=1","width":2032,"height":917,"caption":"TRUUSK - Hem, Tr\u00e4dg\u00e5rd & Fritid"},"image":{"@id":"https:\/\/truusk.store\/sv\/#\/schema\/logo\/image\/"}}]}},"jetpack_sharing_enabled":true,"_links":{"self":[{"href":"https:\/\/truusk.store\/sv\/wp-json\/wp\/v2\/product\/106127","targetHints":{"allow":["GET"]}}],"collection":[{"href":"https:\/\/truusk.store\/sv\/wp-json\/wp\/v2\/product"}],"about":[{"href":"https:\/\/truusk.store\/sv\/wp-json\/wp\/v2\/types\/product"}],"wp:featuredmedia":[{"embeddable":true,"href":"https:\/\/truusk.store\/sv\/wp-json\/wp\/v2\/media\/106115"}],"wp:attachment":[{"href":"https:\/\/truusk.store\/sv\/wp-json\/wp\/v2\/media?parent=106127"}],"wp:term":[{"taxonomy":"product_brand","embeddable":true,"href":"https:\/\/truusk.store\/sv\/wp-json\/wp\/v2\/product_brand?post=106127"},{"taxonomy":"product_cat","embeddable":true,"href":"https:\/\/truusk.store\/sv\/wp-json\/wp\/v2\/product_cat?post=106127"},{"taxonomy":"product_tag","embeddable":true,"href":"https:\/\/truusk.store\/sv\/wp-json\/wp\/v2\/product_tag?post=106127"}],"curies":[{"name":"wp","href":"https:\/\/api.w.org\/{rel}","templated":true}]}}