{"id":10615,"date":"2024-02-13T10:18:47","date_gmt":"2024-02-13T09:18:47","guid":{"rendered":"https:\/\/truusk.store\/product\/puppy-run-puppy-staket-lekhage-outdoor-run-puppy-gate-5-storlekar-matt-71x61cm\/"},"modified":"2026-03-12T08:57:12","modified_gmt":"2026-03-12T07:57:12","slug":"truusk-hundgard-med-staket-5-storlekar-71x61cm-utomhus-latt-att-montera-hallbar-saker-hundar-upp-till-10-kg-svart","status":"publish","type":"product","link":"https:\/\/truusk.store\/sv\/produkt\/truusk-hundgard-med-staket-5-storlekar-71x61cm-utomhus-latt-att-montera-hallbar-saker-hundar-upp-till-10-kg-svart\/","title":{"rendered":"TRUUSK Hundg\u00e5rd med Staket &#8211; 5 Storlekar (71x61cm) &#8211; Utomhus &#8211; L\u00e4tt att montera &#8211; H\u00e5llbar &#8211; S\u00e4ker &#8211; Hundar upp till 10 kg &#8211; Svart"},"content":{"rendered":"<p>Detta praktiska valplopp erbjuder dina djur ett skyddat och separat omr\u00e5de att springa runt p\u00e5. Lek och vila. Loppet \u00e4r l\u00e4mpligt f\u00f6r hundar, katter, h\u00f6ns, minigrisar, kaniner och andra sm\u00e5djur. Det finns 8 metallgaller anslutna med metallsp\u00e4nnen. Varje galler kan f\u00e4stas med markspetsar. D\u00f6rren har ett s\u00e4kert l\u00e5s som f\u00f6rhindrar husdjur fr\u00e5n att fly.<\/p>\n<h3>Beskrivning:<\/h3>\n<ul>\n<li>8 galler med metallsp\u00e4nnen vardera 71 cm x 61 cm<\/li>\n<li>Tillverkad av rostbest\u00e4ndig metall f\u00f6r l\u00e5ngvarig anv\u00e4ndning<\/li>\n<li>Den kan placeras i en \u00e5ttakantig, kvadratisk och rektangul\u00e4r form<\/li>\n<li>Inklusive en grind med inbyggd d\u00f6rr f\u00f6r enkel in- och utg\u00e5ng f\u00f6r husdjur<\/li>\n<li>D\u00f6rren har en l\u00e5sbar sp\u00e4rr f\u00f6r \u00f6kad s\u00e4kerhet<\/li>\n<li>Pipen f\u00e4lls ihop n\u00e4r den inte anv\u00e4nds f\u00f6r enkel f\u00f6rvaring och transport<\/li>\n<li>8 markspetsar f\u00f6r utomhusbruk ing\u00e5r<\/li>\n<li>L\u00e4tt att s\u00e4tta upp och inga verktyg kr\u00e4vs f\u00f6r montering<\/li>\n<\/ul>\n<h3>Teknisk data:<\/h3>\n<ul>\n<li>Material: st\u00e5ltr\u00e5d<\/li>\n<li>Svart f\u00e4rg<\/li>\n<li>Enkelplatta: 71W x 61H cm<\/li>\n<li>Tr storlek: 35W x 47H cm<\/li>\n<li>Nettovikt av tr\u00e5d: 5,5 kg<\/li>\n<li>Horisontell st\u00e5ngstorlek: 3,0 mm, vertikal st\u00e5ngstorlek: 2,2 mm<\/li>\n<li>Vertikalt st\u00e5ngavst\u00e5nd: 3,1 cm<\/li>\n<li>Tillbeh\u00f6r: 8 x markspetsar<\/li>\n<\/ul>\n<h3>Leveransens omfattning:<\/h3>\n<ul>\n<li>1 x Puppy Run<\/li>\n<\/ul>\n","protected":false},"excerpt":{"rendered":"<p>Detta praktiska valplopp erbjuder dina djur ett skyddat och separat omr\u00e5de att springa runt p\u00e5. Lek och vila. Loppet \u00e4r&#8230;<\/p>\n","protected":false},"featured_media":10616,"template":"","meta":[],"product_brand":[],"product_cat":[583,574,573],"product_tag":[],"class_list":{"0":"post-10615","1":"product","2":"type-product","3":"status-publish","4":"has-post-thumbnail","6":"product_cat-hundburar","7":"product_cat-hundtillbehor","8":"product_cat-husdjursmaterial","10":"first","11":"instock","12":"sale","13":"taxable","14":"shipping-taxable","15":"purchasable","16":"product-type-simple"},"yoast_head":"<!-- This site is optimized with the Yoast SEO plugin v25.4 - https:\/\/yoast.com\/wordpress\/plugins\/seo\/ -->\n<title>TRUUSK Hundg\u00e5rd med Staket - 5 Storlekar (71x61cm) - Utomhus - L\u00e4tt att montera - H\u00e5llbar - S\u00e4ker - Hundar upp till 10 kg - Svart - TRUUSK - Hem, Tr\u00e4dg\u00e5rd &amp; Fritid<\/title>\n<meta name=\"robots\" content=\"index, follow, max-snippet:-1, max-image-preview:large, max-video-preview:-1\" \/>\n<link rel=\"canonical\" href=\"https:\/\/truusk.store\/sv\/produkt\/truusk-hundgard-med-staket-5-storlekar-71x61cm-utomhus-latt-att-montera-hallbar-saker-hundar-upp-till-10-kg-svart\/\" \/>\n<meta property=\"og:locale\" content=\"sv_SE\" \/>\n<meta property=\"og:type\" content=\"article\" \/>\n<meta property=\"og:title\" content=\"TRUUSK Hundg\u00e5rd med Staket - 5 Storlekar (71x61cm) - Utomhus - L\u00e4tt att montera - H\u00e5llbar - S\u00e4ker - Hundar upp till 10 kg - Svart - TRUUSK - Hem, Tr\u00e4dg\u00e5rd &amp; Fritid\" \/>\n<meta property=\"og:description\" content=\"Detta praktiska valplopp erbjuder dina djur ett skyddat och separat omr\u00e5de att springa runt p\u00e5. Lek och vila. Loppet \u00e4r...\" \/>\n<meta property=\"og:url\" content=\"https:\/\/truusk.store\/sv\/produkt\/truusk-hundgard-med-staket-5-storlekar-71x61cm-utomhus-latt-att-montera-hallbar-saker-hundar-upp-till-10-kg-svart\/\" \/>\n<meta property=\"og:site_name\" content=\"TRUUSK - Hem, Tr\u00e4dg\u00e5rd &amp; Fritid\" \/>\n<meta property=\"article:modified_time\" content=\"2026-03-12T07:57:12+00:00\" \/>\n<meta property=\"og:image\" content=\"https:\/\/i0.wp.com\/truusk.se\/wp-content\/uploads\/2024\/02\/puppy-run-puppy-staket-lekhage-outdoor-run-puppy-gate-5-storlekar-matt-71x61cm.webp?fit=800%2C800&ssl=1\" \/>\n\t<meta property=\"og:image:width\" content=\"800\" \/>\n\t<meta property=\"og:image:height\" content=\"800\" \/>\n\t<meta property=\"og:image:type\" content=\"image\/webp\" \/>\n<meta name=\"twitter:card\" content=\"summary_large_image\" \/>\n<meta name=\"twitter:label1\" content=\"Ber\u00e4knad l\u00e4stid\" \/>\n\t<meta name=\"twitter:data1\" content=\"1 minut\" \/>\n<!-- \/ Yoast SEO plugin. -->","yoast_head_json":{"title":"TRUUSK Hundg\u00e5rd med Staket - 5 Storlekar (71x61cm) - Utomhus - L\u00e4tt att montera - H\u00e5llbar - S\u00e4ker - Hundar upp till 10 kg - Svart - TRUUSK - Hem, Tr\u00e4dg\u00e5rd &amp; Fritid","robots":{"index":"index","follow":"follow","max-snippet":"max-snippet:-1","max-image-preview":"max-image-preview:large","max-video-preview":"max-video-preview:-1"},"canonical":"https:\/\/truusk.store\/sv\/produkt\/truusk-hundgard-med-staket-5-storlekar-71x61cm-utomhus-latt-att-montera-hallbar-saker-hundar-upp-till-10-kg-svart\/","og_locale":"sv_SE","og_type":"article","og_title":"TRUUSK Hundg\u00e5rd med Staket - 5 Storlekar (71x61cm) - Utomhus - L\u00e4tt att montera - H\u00e5llbar - S\u00e4ker - Hundar upp till 10 kg - Svart - TRUUSK - Hem, Tr\u00e4dg\u00e5rd &amp; Fritid","og_description":"Detta praktiska valplopp erbjuder dina djur ett skyddat och separat omr\u00e5de att springa runt p\u00e5. Lek och vila. Loppet \u00e4r...","og_url":"https:\/\/truusk.store\/sv\/produkt\/truusk-hundgard-med-staket-5-storlekar-71x61cm-utomhus-latt-att-montera-hallbar-saker-hundar-upp-till-10-kg-svart\/","og_site_name":"TRUUSK - Hem, Tr\u00e4dg\u00e5rd &amp; Fritid","article_modified_time":"2026-03-12T07:57:12+00:00","og_image":[{"width":800,"height":800,"url":"https:\/\/i0.wp.com\/truusk.se\/wp-content\/uploads\/2024\/02\/puppy-run-puppy-staket-lekhage-outdoor-run-puppy-gate-5-storlekar-matt-71x61cm.webp?fit=800%2C800&ssl=1","type":"image\/webp"}],"twitter_card":"summary_large_image","twitter_misc":{"Ber\u00e4knad l\u00e4stid":"1 minut"},"schema":{"@context":"https:\/\/schema.org","@graph":[{"@type":"WebPage","@id":"https:\/\/truusk.store\/sv\/produkt\/truusk-hundgard-med-staket-5-storlekar-71x61cm-utomhus-latt-att-montera-hallbar-saker-hundar-upp-till-10-kg-svart\/","url":"https:\/\/truusk.store\/sv\/produkt\/truusk-hundgard-med-staket-5-storlekar-71x61cm-utomhus-latt-att-montera-hallbar-saker-hundar-upp-till-10-kg-svart\/","name":"TRUUSK Hundg\u00e5rd med Staket - 5 Storlekar (71x61cm) - Utomhus - L\u00e4tt att montera - H\u00e5llbar - S\u00e4ker - Hundar upp till 10 kg - Svart - TRUUSK - Hem, Tr\u00e4dg\u00e5rd &amp; Fritid","isPartOf":{"@id":"https:\/\/truusk.store\/sv\/#website"},"primaryImageOfPage":{"@id":"https:\/\/truusk.store\/sv\/produkt\/truusk-hundgard-med-staket-5-storlekar-71x61cm-utomhus-latt-att-montera-hallbar-saker-hundar-upp-till-10-kg-svart\/#primaryimage"},"image":{"@id":"https:\/\/truusk.store\/sv\/produkt\/truusk-hundgard-med-staket-5-storlekar-71x61cm-utomhus-latt-att-montera-hallbar-saker-hundar-upp-till-10-kg-svart\/#primaryimage"},"thumbnailUrl":"https:\/\/i0.wp.com\/truusk.store\/wp-content\/uploads\/2024\/02\/puppy-run-puppy-staket-lekhage-outdoor-run-puppy-gate-5-storlekar-matt-71x61cm.webp?fit=800%2C800&ssl=1","datePublished":"2024-02-13T09:18:47+00:00","dateModified":"2026-03-12T07:57:12+00:00","breadcrumb":{"@id":"https:\/\/truusk.store\/sv\/produkt\/truusk-hundgard-med-staket-5-storlekar-71x61cm-utomhus-latt-att-montera-hallbar-saker-hundar-upp-till-10-kg-svart\/#breadcrumb"},"inLanguage":"sv-SE","potentialAction":[{"@type":"ReadAction","target":["https:\/\/truusk.store\/sv\/produkt\/truusk-hundgard-med-staket-5-storlekar-71x61cm-utomhus-latt-att-montera-hallbar-saker-hundar-upp-till-10-kg-svart\/"]}]},{"@type":"ImageObject","inLanguage":"sv-SE","@id":"https:\/\/truusk.store\/sv\/produkt\/truusk-hundgard-med-staket-5-storlekar-71x61cm-utomhus-latt-att-montera-hallbar-saker-hundar-upp-till-10-kg-svart\/#primaryimage","url":"https:\/\/i0.wp.com\/truusk.store\/wp-content\/uploads\/2024\/02\/puppy-run-puppy-staket-lekhage-outdoor-run-puppy-gate-5-storlekar-matt-71x61cm.webp?fit=800%2C800&ssl=1","contentUrl":"https:\/\/i0.wp.com\/truusk.store\/wp-content\/uploads\/2024\/02\/puppy-run-puppy-staket-lekhage-outdoor-run-puppy-gate-5-storlekar-matt-71x61cm.webp?fit=800%2C800&ssl=1","width":800,"height":800,"caption":"Puppy Run Puppy Staket Lekhage Outdoor Run Puppy Gate 5 Storlekar (m\u00e5tt: 71x61cm) 1"},{"@type":"BreadcrumbList","@id":"https:\/\/truusk.store\/sv\/produkt\/truusk-hundgard-med-staket-5-storlekar-71x61cm-utomhus-latt-att-montera-hallbar-saker-hundar-upp-till-10-kg-svart\/#breadcrumb","itemListElement":[{"@type":"ListItem","position":1,"name":"Home","item":"https:\/\/truusk.store\/sv\/"},{"@type":"ListItem","position":2,"name":"Shop","item":"https:\/\/truusk.store\/shop\/"},{"@type":"ListItem","position":3,"name":"TRUUSK Hundg\u00e5rd med Staket &#8211; 5 Storlekar (71x61cm) &#8211; Utomhus &#8211; L\u00e4tt att montera &#8211; H\u00e5llbar &#8211; S\u00e4ker &#8211; Hundar upp till 10 kg &#8211; Svart"}]},{"@type":"WebSite","@id":"https:\/\/truusk.store\/sv\/#website","url":"https:\/\/truusk.store\/sv\/","name":"TRUUSK - Hem, Tr\u00e4dg\u00e5rd & Fritid","description":"","publisher":{"@id":"https:\/\/truusk.store\/sv\/#organization"},"potentialAction":[{"@type":"SearchAction","target":{"@type":"EntryPoint","urlTemplate":"https:\/\/truusk.store\/sv\/?s={search_term_string}"},"query-input":{"@type":"PropertyValueSpecification","valueRequired":true,"valueName":"search_term_string"}}],"inLanguage":"sv-SE"},{"@type":"Organization","@id":"https:\/\/truusk.store\/sv\/#organization","name":"TRUUSK - Hem, Tr\u00e4dg\u00e5rd & Fritid","url":"https:\/\/truusk.store\/sv\/","logo":{"@type":"ImageObject","inLanguage":"sv-SE","@id":"https:\/\/truusk.store\/sv\/#\/schema\/logo\/image\/","url":"https:\/\/i0.wp.com\/truusk.store\/wp-content\/uploads\/2026\/03\/cropped-TRUUSK.png?fit=2032%2C917&ssl=1","contentUrl":"https:\/\/i0.wp.com\/truusk.store\/wp-content\/uploads\/2026\/03\/cropped-TRUUSK.png?fit=2032%2C917&ssl=1","width":2032,"height":917,"caption":"TRUUSK - Hem, Tr\u00e4dg\u00e5rd & Fritid"},"image":{"@id":"https:\/\/truusk.store\/sv\/#\/schema\/logo\/image\/"}}]}},"jetpack_sharing_enabled":true,"_links":{"self":[{"href":"https:\/\/truusk.store\/sv\/wp-json\/wp\/v2\/product\/10615","targetHints":{"allow":["GET"]}}],"collection":[{"href":"https:\/\/truusk.store\/sv\/wp-json\/wp\/v2\/product"}],"about":[{"href":"https:\/\/truusk.store\/sv\/wp-json\/wp\/v2\/types\/product"}],"wp:featuredmedia":[{"embeddable":true,"href":"https:\/\/truusk.store\/sv\/wp-json\/wp\/v2\/media\/10616"}],"wp:attachment":[{"href":"https:\/\/truusk.store\/sv\/wp-json\/wp\/v2\/media?parent=10615"}],"wp:term":[{"taxonomy":"product_brand","embeddable":true,"href":"https:\/\/truusk.store\/sv\/wp-json\/wp\/v2\/product_brand?post=10615"},{"taxonomy":"product_cat","embeddable":true,"href":"https:\/\/truusk.store\/sv\/wp-json\/wp\/v2\/product_cat?post=10615"},{"taxonomy":"product_tag","embeddable":true,"href":"https:\/\/truusk.store\/sv\/wp-json\/wp\/v2\/product_tag?post=10615"}],"curies":[{"name":"wp","href":"https:\/\/api.w.org\/{rel}","templated":true}]}}