{"id":106176,"date":"2026-02-24T07:13:08","date_gmt":"2026-02-24T06:13:08","guid":{"rendered":"https:\/\/truusk.store\/product\/kolgrill-bbq-rokare-med-sidobord-lock-termometer-hjul-129-x-635-x-1065-cm\/"},"modified":"2026-03-12T08:53:30","modified_gmt":"2026-03-12T07:53:30","slug":"truusk-kolgrill-bbq-rokare-med-sidobord-lock-termometer-hjul-129-x-635-x-1065-cm","status":"publish","type":"product","link":"https:\/\/truusk.store\/sv\/produkt\/truusk-kolgrill-bbq-rokare-med-sidobord-lock-termometer-hjul-129-x-635-x-1065-cm\/","title":{"rendered":"TRUUSK Kolgrill BBQ R\u00f6kare &#8211; Med Sidobord &amp; Lock &#8211; Termometer &#8211; Hjul &#8211; 129 x 63,5 x 106,5 cm"},"content":{"rendered":"<p>G\u00f6r kaoset av tallrikar, s\u00e5ser och redskap dina familjegrillkv\u00e4llar stressiga? Den st\u00e4ndiga oron f\u00f6r br\u00e4nda biffar eller underkokt kyckling kan f\u00f6rst\u00f6ra n\u00f6jet. [BRAND NAME] klotgrill f\u00f6rvandlar din terrass till en perfekt matlagningsstation. Med tv\u00e5 sidobord f\u00f6r f\u00f6rberedelser och exakt temperaturkontroll kan du koppla av och servera l\u00e4ckra m\u00e5ltider. Varje grillkv\u00e4ll blir ett of\u00f6rgl\u00f6mligt minne med denna BBQ-grill.<\/p>\n<p>Beskrivning:<\/p>\n<ul>\n<li> Har en 54 cm huvudgrillgaller och en v\u00e4rmehylla f\u00f6r tillr\u00e4ckligt med grillutrymme<\/li>\n<li> Tv\u00e5 sidobord och en nedre f\u00f6rvaringshylla erbjuder gott om f\u00f6rvaringsutrymme<\/li>\n<li> Denna klotgrill inneh\u00e5ller ett locktermometer och justerbara ventilationsluckor f\u00f6r v\u00e4rmereglering<\/li>\n<li> En avtagbar askl\u00e5da underl\u00e4ttar reng\u00f6ring efter grillning<\/li>\n<li> Inneh\u00e5ller verktygshakar och ett v\u00e4rmebest\u00e4ndigt handtag f\u00f6r en bekv\u00e4m grillupplevelse<\/li>\n<li> Tv\u00e5 stora 17 cm hjul g\u00f6r det m\u00f6jligt att enkelt flytta denna runda grill<\/li>\n<li> Montering kr\u00e4vs<\/li>\n<\/ul>\n<p> Tekniska data:<\/p>\n<ul>\n<li> F\u00e4rg: Svart<\/li>\n<li> Material: Metall, plast<\/li>\n<li> Br\u00e4nsletyp: Kol<\/li>\n<li> V\u00e4rmet\u00e5lighet: 650 \u00b0C<\/li>\n<li> Totala dimensioner: 129B x 63,5T x 106,5H cm<\/li>\n<li> Ugnsm\u00e5tt: \u00d856 x 20H cm (kropp), \u00d856 x 17H cm (lock)<\/li>\n<li> Grilln\u00e4tsstorlek: \u00d854 cm<\/li>\n<li> Grillh\u00f6jd: 87 cm<\/li>\n<li> Sidkorgstorlek: 38,5L x 44,5B cm<\/li>\n<li> Nedre hyllstorlek: 65L x 44,5B cm<\/li>\n<li> Benl\u00e4ngd: 68 cm<\/li>\n<li> Belastningskapacitet: 15 kg (sidoplatta), 30 kg (nedre hylla), 2 kg (krok), 2 kg (v\u00e4rmehylla), 5 kg (grilln\u00e4t)<\/li>\n<\/ul>\n<p>Leveransinneh\u00e5ll:<\/p>\n<ul>\n<li> 1 x BBQ-grill<\/li>\n<li> 1 x Grillgaller<\/li>\n<li> 1 x V\u00e4rmehylla<\/li>\n<li> 1 x Kolgaller<\/li>\n<li> 1 x Bruksanvisning<\/li>\n<\/ul>\n","protected":false},"excerpt":{"rendered":"<p>G\u00f6r kaoset av tallrikar, s\u00e5ser och redskap dina familjegrillkv\u00e4llar stressiga? Den st\u00e4ndiga oron f\u00f6r br\u00e4nda biffar eller underkokt kyckling kan&#8230;<\/p>\n","protected":false},"featured_media":106165,"template":"","meta":[],"product_brand":[],"product_cat":[1043,440,858],"product_tag":[],"class_list":{"0":"post-106176","1":"product","2":"type-product","3":"status-publish","4":"has-post-thumbnail","6":"product_cat-grilla-varma","7":"product_cat-grillar","8":"product_cat-tradgard-terrass","10":"first","11":"instock","12":"sale","13":"taxable","14":"shipping-taxable","15":"purchasable","16":"product-type-simple"},"yoast_head":"<!-- This site is optimized with the Yoast SEO plugin v25.4 - https:\/\/yoast.com\/wordpress\/plugins\/seo\/ -->\n<title>TRUUSK Kolgrill BBQ R\u00f6kare - Med Sidobord &amp; Lock - Termometer - Hjul - 129 x 63,5 x 106,5 cm - TRUUSK - Hem, Tr\u00e4dg\u00e5rd &amp; Fritid<\/title>\n<meta name=\"robots\" content=\"index, follow, max-snippet:-1, max-image-preview:large, max-video-preview:-1\" \/>\n<link rel=\"canonical\" href=\"https:\/\/truusk.store\/sv\/produkt\/truusk-kolgrill-bbq-rokare-med-sidobord-lock-termometer-hjul-129-x-635-x-1065-cm\/\" \/>\n<meta property=\"og:locale\" content=\"sv_SE\" \/>\n<meta property=\"og:type\" content=\"article\" \/>\n<meta property=\"og:title\" content=\"TRUUSK Kolgrill BBQ R\u00f6kare - Med Sidobord &amp; Lock - Termometer - Hjul - 129 x 63,5 x 106,5 cm - TRUUSK - Hem, Tr\u00e4dg\u00e5rd &amp; Fritid\" \/>\n<meta property=\"og:description\" content=\"G\u00f6r kaoset av tallrikar, s\u00e5ser och redskap dina familjegrillkv\u00e4llar stressiga? Den st\u00e4ndiga oron f\u00f6r br\u00e4nda biffar eller underkokt kyckling kan...\" \/>\n<meta property=\"og:url\" content=\"https:\/\/truusk.store\/sv\/produkt\/truusk-kolgrill-bbq-rokare-med-sidobord-lock-termometer-hjul-129-x-635-x-1065-cm\/\" \/>\n<meta property=\"og:site_name\" content=\"TRUUSK - Hem, Tr\u00e4dg\u00e5rd &amp; Fritid\" \/>\n<meta property=\"article:modified_time\" content=\"2026-03-12T07:53:30+00:00\" \/>\n<meta property=\"og:image\" content=\"https:\/\/i0.wp.com\/truusk.se\/wp-content\/uploads\/2026\/02\/kolgrill-bbq-rokare-med-sidobord-lock-termometer-hjul-129-x-635-x-1065-cm-1.webp?fit=2000%2C2000&ssl=1\" \/>\n\t<meta property=\"og:image:width\" content=\"2000\" \/>\n\t<meta property=\"og:image:height\" content=\"2000\" \/>\n\t<meta property=\"og:image:type\" content=\"image\/webp\" \/>\n<meta name=\"twitter:card\" content=\"summary_large_image\" \/>\n<meta name=\"twitter:label1\" content=\"Ber\u00e4knad l\u00e4stid\" \/>\n\t<meta name=\"twitter:data1\" content=\"1 minut\" \/>\n<!-- \/ Yoast SEO plugin. -->","yoast_head_json":{"title":"TRUUSK Kolgrill BBQ R\u00f6kare - Med Sidobord &amp; Lock - Termometer - Hjul - 129 x 63,5 x 106,5 cm - TRUUSK - Hem, Tr\u00e4dg\u00e5rd &amp; Fritid","robots":{"index":"index","follow":"follow","max-snippet":"max-snippet:-1","max-image-preview":"max-image-preview:large","max-video-preview":"max-video-preview:-1"},"canonical":"https:\/\/truusk.store\/sv\/produkt\/truusk-kolgrill-bbq-rokare-med-sidobord-lock-termometer-hjul-129-x-635-x-1065-cm\/","og_locale":"sv_SE","og_type":"article","og_title":"TRUUSK Kolgrill BBQ R\u00f6kare - Med Sidobord &amp; Lock - Termometer - Hjul - 129 x 63,5 x 106,5 cm - TRUUSK - Hem, Tr\u00e4dg\u00e5rd &amp; Fritid","og_description":"G\u00f6r kaoset av tallrikar, s\u00e5ser och redskap dina familjegrillkv\u00e4llar stressiga? Den st\u00e4ndiga oron f\u00f6r br\u00e4nda biffar eller underkokt kyckling kan...","og_url":"https:\/\/truusk.store\/sv\/produkt\/truusk-kolgrill-bbq-rokare-med-sidobord-lock-termometer-hjul-129-x-635-x-1065-cm\/","og_site_name":"TRUUSK - Hem, Tr\u00e4dg\u00e5rd &amp; Fritid","article_modified_time":"2026-03-12T07:53:30+00:00","og_image":[{"width":2000,"height":2000,"url":"https:\/\/i0.wp.com\/truusk.se\/wp-content\/uploads\/2026\/02\/kolgrill-bbq-rokare-med-sidobord-lock-termometer-hjul-129-x-635-x-1065-cm-1.webp?fit=2000%2C2000&ssl=1","type":"image\/webp"}],"twitter_card":"summary_large_image","twitter_misc":{"Ber\u00e4knad l\u00e4stid":"1 minut"},"schema":{"@context":"https:\/\/schema.org","@graph":[{"@type":"WebPage","@id":"https:\/\/truusk.store\/sv\/produkt\/truusk-kolgrill-bbq-rokare-med-sidobord-lock-termometer-hjul-129-x-635-x-1065-cm\/","url":"https:\/\/truusk.store\/sv\/produkt\/truusk-kolgrill-bbq-rokare-med-sidobord-lock-termometer-hjul-129-x-635-x-1065-cm\/","name":"TRUUSK Kolgrill BBQ R\u00f6kare - Med Sidobord &amp; Lock - Termometer - Hjul - 129 x 63,5 x 106,5 cm - TRUUSK - Hem, Tr\u00e4dg\u00e5rd &amp; Fritid","isPartOf":{"@id":"https:\/\/truusk.store\/sv\/#website"},"primaryImageOfPage":{"@id":"https:\/\/truusk.store\/sv\/produkt\/truusk-kolgrill-bbq-rokare-med-sidobord-lock-termometer-hjul-129-x-635-x-1065-cm\/#primaryimage"},"image":{"@id":"https:\/\/truusk.store\/sv\/produkt\/truusk-kolgrill-bbq-rokare-med-sidobord-lock-termometer-hjul-129-x-635-x-1065-cm\/#primaryimage"},"thumbnailUrl":"https:\/\/i0.wp.com\/truusk.store\/wp-content\/uploads\/2026\/02\/kolgrill-bbq-rokare-med-sidobord-lock-termometer-hjul-129-x-635-x-1065-cm-1.webp?fit=2000%2C2000&ssl=1","datePublished":"2026-02-24T06:13:08+00:00","dateModified":"2026-03-12T07:53:30+00:00","breadcrumb":{"@id":"https:\/\/truusk.store\/sv\/produkt\/truusk-kolgrill-bbq-rokare-med-sidobord-lock-termometer-hjul-129-x-635-x-1065-cm\/#breadcrumb"},"inLanguage":"sv-SE","potentialAction":[{"@type":"ReadAction","target":["https:\/\/truusk.store\/sv\/produkt\/truusk-kolgrill-bbq-rokare-med-sidobord-lock-termometer-hjul-129-x-635-x-1065-cm\/"]}]},{"@type":"ImageObject","inLanguage":"sv-SE","@id":"https:\/\/truusk.store\/sv\/produkt\/truusk-kolgrill-bbq-rokare-med-sidobord-lock-termometer-hjul-129-x-635-x-1065-cm\/#primaryimage","url":"https:\/\/i0.wp.com\/truusk.store\/wp-content\/uploads\/2026\/02\/kolgrill-bbq-rokare-med-sidobord-lock-termometer-hjul-129-x-635-x-1065-cm-1.webp?fit=2000%2C2000&ssl=1","contentUrl":"https:\/\/i0.wp.com\/truusk.store\/wp-content\/uploads\/2026\/02\/kolgrill-bbq-rokare-med-sidobord-lock-termometer-hjul-129-x-635-x-1065-cm-1.webp?fit=2000%2C2000&ssl=1","width":2000,"height":2000},{"@type":"BreadcrumbList","@id":"https:\/\/truusk.store\/sv\/produkt\/truusk-kolgrill-bbq-rokare-med-sidobord-lock-termometer-hjul-129-x-635-x-1065-cm\/#breadcrumb","itemListElement":[{"@type":"ListItem","position":1,"name":"Home","item":"https:\/\/truusk.store\/sv\/"},{"@type":"ListItem","position":2,"name":"Shop","item":"https:\/\/truusk.store\/shop\/"},{"@type":"ListItem","position":3,"name":"TRUUSK Kolgrill BBQ R\u00f6kare &#8211; Med Sidobord &amp; Lock &#8211; Termometer &#8211; Hjul &#8211; 129 x 63,5 x 106,5 cm"}]},{"@type":"WebSite","@id":"https:\/\/truusk.store\/sv\/#website","url":"https:\/\/truusk.store\/sv\/","name":"TRUUSK - Hem, Tr\u00e4dg\u00e5rd & Fritid","description":"","publisher":{"@id":"https:\/\/truusk.store\/sv\/#organization"},"potentialAction":[{"@type":"SearchAction","target":{"@type":"EntryPoint","urlTemplate":"https:\/\/truusk.store\/sv\/?s={search_term_string}"},"query-input":{"@type":"PropertyValueSpecification","valueRequired":true,"valueName":"search_term_string"}}],"inLanguage":"sv-SE"},{"@type":"Organization","@id":"https:\/\/truusk.store\/sv\/#organization","name":"TRUUSK - Hem, Tr\u00e4dg\u00e5rd & Fritid","url":"https:\/\/truusk.store\/sv\/","logo":{"@type":"ImageObject","inLanguage":"sv-SE","@id":"https:\/\/truusk.store\/sv\/#\/schema\/logo\/image\/","url":"https:\/\/i0.wp.com\/truusk.store\/wp-content\/uploads\/2026\/03\/cropped-TRUUSK.png?fit=2032%2C917&ssl=1","contentUrl":"https:\/\/i0.wp.com\/truusk.store\/wp-content\/uploads\/2026\/03\/cropped-TRUUSK.png?fit=2032%2C917&ssl=1","width":2032,"height":917,"caption":"TRUUSK - Hem, Tr\u00e4dg\u00e5rd & Fritid"},"image":{"@id":"https:\/\/truusk.store\/sv\/#\/schema\/logo\/image\/"}}]}},"jetpack_sharing_enabled":true,"_links":{"self":[{"href":"https:\/\/truusk.store\/sv\/wp-json\/wp\/v2\/product\/106176","targetHints":{"allow":["GET"]}}],"collection":[{"href":"https:\/\/truusk.store\/sv\/wp-json\/wp\/v2\/product"}],"about":[{"href":"https:\/\/truusk.store\/sv\/wp-json\/wp\/v2\/types\/product"}],"wp:featuredmedia":[{"embeddable":true,"href":"https:\/\/truusk.store\/sv\/wp-json\/wp\/v2\/media\/106165"}],"wp:attachment":[{"href":"https:\/\/truusk.store\/sv\/wp-json\/wp\/v2\/media?parent=106176"}],"wp:term":[{"taxonomy":"product_brand","embeddable":true,"href":"https:\/\/truusk.store\/sv\/wp-json\/wp\/v2\/product_brand?post=106176"},{"taxonomy":"product_cat","embeddable":true,"href":"https:\/\/truusk.store\/sv\/wp-json\/wp\/v2\/product_cat?post=106176"},{"taxonomy":"product_tag","embeddable":true,"href":"https:\/\/truusk.store\/sv\/wp-json\/wp\/v2\/product_tag?post=106176"}],"curies":[{"name":"wp","href":"https:\/\/api.w.org\/{rel}","templated":true}]}}