{"id":106184,"date":"2026-02-24T07:13:54","date_gmt":"2026-02-24T06:13:54","guid":{"rendered":"https:\/\/truusk.store\/product\/50-led-gardinvarmeljus-18-m-anslutningsbar-ljusslinga-ip44-vattentat-inomhus-och-utomhusdekoration\/"},"modified":"2026-03-12T08:53:31","modified_gmt":"2026-03-12T07:53:31","slug":"truusk-led-gardinljusslinga-50-ljus-18m-anslutningsbar-ip44-vattentat-inomhus-utomhus-dekoration","status":"publish","type":"product","link":"https:\/\/truusk.store\/sv\/produkt\/truusk-led-gardinljusslinga-50-ljus-18m-anslutningsbar-ip44-vattentat-inomhus-utomhus-dekoration\/","title":{"rendered":"TRUUSK LED Gardinljusslinga &#8211; 50 Ljus &#8211; 18m Anslutningsbar &#8211; IP44 Vattent\u00e4t &#8211; Inomhus &amp; Utomhus &#8211; Dekoration"},"content":{"rendered":"<p> Otillr\u00e4cklig LED-belysning kan f\u00f6rst\u00f6ra kv\u00e4llsevenemang. [BRAND NAME] LED-ljusslinga med varmt vintage-ljus \u00f6ver 18 m skapar en magisk atmosf\u00e4r. Anslut upp till \u00e5tta set f\u00f6r omfattande t\u00e4ckning. Tack vare enkel, flexibel installation skapas en f\u00f6rtrollande milj\u00f6 som g\u00f6r ditt dr\u00f6mevenemang till verklighet. <\/p>\n<p> Beskrivning: <\/p>\n<ul>\n<li> Inneh\u00e5ller 50 vintage-Edison-lampor p\u00e5 en 18 m l\u00e5ng kabel, som skapar en varm, retroliknande atmosf\u00e4r f\u00f6r ditt vardagsrum <\/li>\n<li> En gener\u00f6s 3 m l\u00e5ng ing\u00e5ngskabel f\u00f6r ljusslingan erbjuder flexibel placering och n\u00e5r l\u00e4tt avl\u00e4gsna uttag utan extra f\u00f6rl\u00e4ngningskablar <\/li>\n<li> Praktiskt kan upp till \u00e5tta str\u00e4ngar anslutas till varandra, f\u00f6r en total l\u00e4ngd p\u00e5 144 m &#8211; idealisk f\u00f6r belysning av stora terrasser eller fester <\/li>\n<li> Denna IP44 vattent\u00e4ta LED-ljusslinga \u00e4r tillverkad med okrossbara PET-lampor och erbjuder h\u00e5llbarhet f\u00f6r utomhusbruk <\/li>\n<li> Varje sockel p\u00e5 partyljusslingan har en inbyggd krok, vilket g\u00f6r det enkelt att h\u00e4nga upp eller linda ljusen f\u00f6r enkel dekoration <\/li>\n<li> Inneh\u00e5ller tv\u00e5 reservlampor f\u00f6r snabb utbyte, vilket f\u00f6rl\u00e4nger livsl\u00e4ngden p\u00e5 din LED-ljusslinga <\/li>\n<li> Ingen montering kr\u00e4vs <\/li>\n<\/ul>\n<p> Tekniska data: <\/p>\n<ul>\n<li> F\u00e4rg: Svart+Transparent <\/li>\n<li> Ljusf\u00e4rg: Varmt ljus <\/li>\n<li> Material: Plast, PET <\/li>\n<li> Totala dimensioner: 1800L x 3,8B x 9H cm <\/li>\n<li> Kontrollmetod: Uttag <\/li>\n<li> Sp\u00e4nning: 230V, 50Hz <\/li>\n<li> Maximal effekt: 30W <\/li>\n<\/ul>\n<p> Leveransinneh\u00e5ll: <\/p>\n<ul>\n<li> 1 x LED-gardinljus <\/li>\n<li> 1 x Manual <\/li>\n<\/ul>\n","protected":false},"excerpt":{"rendered":"<p>Otillr\u00e4cklig LED-belysning kan f\u00f6rst\u00f6ra kv\u00e4llsevenemang. [BRAND NAME] LED-ljusslinga med varmt vintage-ljus \u00f6ver 18 m skapar en magisk atmosf\u00e4r. Anslut upp&#8230;<\/p>\n","protected":false},"featured_media":106172,"template":"","meta":[],"product_brand":[],"product_cat":[486,871],"product_tag":[],"class_list":{"0":"post-106184","1":"product","2":"type-product","3":"status-publish","4":"has-post-thumbnail","6":"product_cat-belysning","7":"product_cat-hus-hem","9":"first","10":"instock","11":"sale","12":"taxable","13":"shipping-taxable","14":"purchasable","15":"product-type-simple"},"yoast_head":"<!-- This site is optimized with the Yoast SEO plugin v25.4 - https:\/\/yoast.com\/wordpress\/plugins\/seo\/ -->\n<title>TRUUSK LED Gardinljusslinga - 50 Ljus - 18m Anslutningsbar - IP44 Vattent\u00e4t - Inomhus &amp; Utomhus - Dekoration - TRUUSK - Hem, Tr\u00e4dg\u00e5rd &amp; Fritid<\/title>\n<meta name=\"robots\" content=\"index, follow, max-snippet:-1, max-image-preview:large, max-video-preview:-1\" \/>\n<link rel=\"canonical\" href=\"https:\/\/truusk.store\/sv\/produkt\/truusk-led-gardinljusslinga-50-ljus-18m-anslutningsbar-ip44-vattentat-inomhus-utomhus-dekoration\/\" \/>\n<meta property=\"og:locale\" content=\"sv_SE\" \/>\n<meta property=\"og:type\" content=\"article\" \/>\n<meta property=\"og:title\" content=\"TRUUSK LED Gardinljusslinga - 50 Ljus - 18m Anslutningsbar - IP44 Vattent\u00e4t - Inomhus &amp; Utomhus - Dekoration - TRUUSK - Hem, Tr\u00e4dg\u00e5rd &amp; Fritid\" \/>\n<meta property=\"og:description\" content=\"Otillr\u00e4cklig LED-belysning kan f\u00f6rst\u00f6ra kv\u00e4llsevenemang. [BRAND NAME] LED-ljusslinga med varmt vintage-ljus \u00f6ver 18 m skapar en magisk atmosf\u00e4r. Anslut upp...\" \/>\n<meta property=\"og:url\" content=\"https:\/\/truusk.store\/sv\/produkt\/truusk-led-gardinljusslinga-50-ljus-18m-anslutningsbar-ip44-vattentat-inomhus-utomhus-dekoration\/\" \/>\n<meta property=\"og:site_name\" content=\"TRUUSK - Hem, Tr\u00e4dg\u00e5rd &amp; Fritid\" \/>\n<meta property=\"article:modified_time\" content=\"2026-03-12T07:53:31+00:00\" \/>\n<meta property=\"og:image\" content=\"https:\/\/i0.wp.com\/truusk.se\/wp-content\/uploads\/2026\/02\/50-led-gardinvarmeljus-18-m-anslutningsbar-ljusslinga-ip44-vattentat-inomhus-och-utomhusdekoration-1.webp?fit=2000%2C2000&ssl=1\" \/>\n\t<meta property=\"og:image:width\" content=\"2000\" \/>\n\t<meta property=\"og:image:height\" content=\"2000\" \/>\n\t<meta property=\"og:image:type\" content=\"image\/webp\" \/>\n<meta name=\"twitter:card\" content=\"summary_large_image\" \/>\n<meta name=\"twitter:label1\" content=\"Ber\u00e4knad l\u00e4stid\" \/>\n\t<meta name=\"twitter:data1\" content=\"1 minut\" \/>\n<!-- \/ Yoast SEO plugin. -->","yoast_head_json":{"title":"TRUUSK LED Gardinljusslinga - 50 Ljus - 18m Anslutningsbar - IP44 Vattent\u00e4t - Inomhus &amp; Utomhus - Dekoration - TRUUSK - Hem, Tr\u00e4dg\u00e5rd &amp; Fritid","robots":{"index":"index","follow":"follow","max-snippet":"max-snippet:-1","max-image-preview":"max-image-preview:large","max-video-preview":"max-video-preview:-1"},"canonical":"https:\/\/truusk.store\/sv\/produkt\/truusk-led-gardinljusslinga-50-ljus-18m-anslutningsbar-ip44-vattentat-inomhus-utomhus-dekoration\/","og_locale":"sv_SE","og_type":"article","og_title":"TRUUSK LED Gardinljusslinga - 50 Ljus - 18m Anslutningsbar - IP44 Vattent\u00e4t - Inomhus &amp; Utomhus - Dekoration - TRUUSK - Hem, Tr\u00e4dg\u00e5rd &amp; Fritid","og_description":"Otillr\u00e4cklig LED-belysning kan f\u00f6rst\u00f6ra kv\u00e4llsevenemang. [BRAND NAME] LED-ljusslinga med varmt vintage-ljus \u00f6ver 18 m skapar en magisk atmosf\u00e4r. Anslut upp...","og_url":"https:\/\/truusk.store\/sv\/produkt\/truusk-led-gardinljusslinga-50-ljus-18m-anslutningsbar-ip44-vattentat-inomhus-utomhus-dekoration\/","og_site_name":"TRUUSK - Hem, Tr\u00e4dg\u00e5rd &amp; Fritid","article_modified_time":"2026-03-12T07:53:31+00:00","og_image":[{"width":2000,"height":2000,"url":"https:\/\/i0.wp.com\/truusk.se\/wp-content\/uploads\/2026\/02\/50-led-gardinvarmeljus-18-m-anslutningsbar-ljusslinga-ip44-vattentat-inomhus-och-utomhusdekoration-1.webp?fit=2000%2C2000&ssl=1","type":"image\/webp"}],"twitter_card":"summary_large_image","twitter_misc":{"Ber\u00e4knad l\u00e4stid":"1 minut"},"schema":{"@context":"https:\/\/schema.org","@graph":[{"@type":"WebPage","@id":"https:\/\/truusk.store\/sv\/produkt\/truusk-led-gardinljusslinga-50-ljus-18m-anslutningsbar-ip44-vattentat-inomhus-utomhus-dekoration\/","url":"https:\/\/truusk.store\/sv\/produkt\/truusk-led-gardinljusslinga-50-ljus-18m-anslutningsbar-ip44-vattentat-inomhus-utomhus-dekoration\/","name":"TRUUSK LED Gardinljusslinga - 50 Ljus - 18m Anslutningsbar - IP44 Vattent\u00e4t - Inomhus &amp; Utomhus - Dekoration - TRUUSK - Hem, Tr\u00e4dg\u00e5rd &amp; Fritid","isPartOf":{"@id":"https:\/\/truusk.store\/sv\/#website"},"primaryImageOfPage":{"@id":"https:\/\/truusk.store\/sv\/produkt\/truusk-led-gardinljusslinga-50-ljus-18m-anslutningsbar-ip44-vattentat-inomhus-utomhus-dekoration\/#primaryimage"},"image":{"@id":"https:\/\/truusk.store\/sv\/produkt\/truusk-led-gardinljusslinga-50-ljus-18m-anslutningsbar-ip44-vattentat-inomhus-utomhus-dekoration\/#primaryimage"},"thumbnailUrl":"https:\/\/i0.wp.com\/truusk.store\/wp-content\/uploads\/2026\/02\/50-led-gardinvarmeljus-18-m-anslutningsbar-ljusslinga-ip44-vattentat-inomhus-och-utomhusdekoration-1.webp?fit=2000%2C2000&ssl=1","datePublished":"2026-02-24T06:13:54+00:00","dateModified":"2026-03-12T07:53:31+00:00","breadcrumb":{"@id":"https:\/\/truusk.store\/sv\/produkt\/truusk-led-gardinljusslinga-50-ljus-18m-anslutningsbar-ip44-vattentat-inomhus-utomhus-dekoration\/#breadcrumb"},"inLanguage":"sv-SE","potentialAction":[{"@type":"ReadAction","target":["https:\/\/truusk.store\/sv\/produkt\/truusk-led-gardinljusslinga-50-ljus-18m-anslutningsbar-ip44-vattentat-inomhus-utomhus-dekoration\/"]}]},{"@type":"ImageObject","inLanguage":"sv-SE","@id":"https:\/\/truusk.store\/sv\/produkt\/truusk-led-gardinljusslinga-50-ljus-18m-anslutningsbar-ip44-vattentat-inomhus-utomhus-dekoration\/#primaryimage","url":"https:\/\/i0.wp.com\/truusk.store\/wp-content\/uploads\/2026\/02\/50-led-gardinvarmeljus-18-m-anslutningsbar-ljusslinga-ip44-vattentat-inomhus-och-utomhusdekoration-1.webp?fit=2000%2C2000&ssl=1","contentUrl":"https:\/\/i0.wp.com\/truusk.store\/wp-content\/uploads\/2026\/02\/50-led-gardinvarmeljus-18-m-anslutningsbar-ljusslinga-ip44-vattentat-inomhus-och-utomhusdekoration-1.webp?fit=2000%2C2000&ssl=1","width":2000,"height":2000},{"@type":"BreadcrumbList","@id":"https:\/\/truusk.store\/sv\/produkt\/truusk-led-gardinljusslinga-50-ljus-18m-anslutningsbar-ip44-vattentat-inomhus-utomhus-dekoration\/#breadcrumb","itemListElement":[{"@type":"ListItem","position":1,"name":"Home","item":"https:\/\/truusk.store\/sv\/"},{"@type":"ListItem","position":2,"name":"Shop","item":"https:\/\/truusk.store\/shop\/"},{"@type":"ListItem","position":3,"name":"TRUUSK LED Gardinljusslinga &#8211; 50 Ljus &#8211; 18m Anslutningsbar &#8211; IP44 Vattent\u00e4t &#8211; Inomhus &amp; Utomhus &#8211; Dekoration"}]},{"@type":"WebSite","@id":"https:\/\/truusk.store\/sv\/#website","url":"https:\/\/truusk.store\/sv\/","name":"TRUUSK - Hem, Tr\u00e4dg\u00e5rd & Fritid","description":"","publisher":{"@id":"https:\/\/truusk.store\/sv\/#organization"},"potentialAction":[{"@type":"SearchAction","target":{"@type":"EntryPoint","urlTemplate":"https:\/\/truusk.store\/sv\/?s={search_term_string}"},"query-input":{"@type":"PropertyValueSpecification","valueRequired":true,"valueName":"search_term_string"}}],"inLanguage":"sv-SE"},{"@type":"Organization","@id":"https:\/\/truusk.store\/sv\/#organization","name":"TRUUSK - Hem, Tr\u00e4dg\u00e5rd & Fritid","url":"https:\/\/truusk.store\/sv\/","logo":{"@type":"ImageObject","inLanguage":"sv-SE","@id":"https:\/\/truusk.store\/sv\/#\/schema\/logo\/image\/","url":"https:\/\/i0.wp.com\/truusk.store\/wp-content\/uploads\/2026\/03\/cropped-TRUUSK.png?fit=2032%2C917&ssl=1","contentUrl":"https:\/\/i0.wp.com\/truusk.store\/wp-content\/uploads\/2026\/03\/cropped-TRUUSK.png?fit=2032%2C917&ssl=1","width":2032,"height":917,"caption":"TRUUSK - Hem, Tr\u00e4dg\u00e5rd & Fritid"},"image":{"@id":"https:\/\/truusk.store\/sv\/#\/schema\/logo\/image\/"}}]}},"jetpack_sharing_enabled":true,"_links":{"self":[{"href":"https:\/\/truusk.store\/sv\/wp-json\/wp\/v2\/product\/106184","targetHints":{"allow":["GET"]}}],"collection":[{"href":"https:\/\/truusk.store\/sv\/wp-json\/wp\/v2\/product"}],"about":[{"href":"https:\/\/truusk.store\/sv\/wp-json\/wp\/v2\/types\/product"}],"wp:featuredmedia":[{"embeddable":true,"href":"https:\/\/truusk.store\/sv\/wp-json\/wp\/v2\/media\/106172"}],"wp:attachment":[{"href":"https:\/\/truusk.store\/sv\/wp-json\/wp\/v2\/media?parent=106184"}],"wp:term":[{"taxonomy":"product_brand","embeddable":true,"href":"https:\/\/truusk.store\/sv\/wp-json\/wp\/v2\/product_brand?post=106184"},{"taxonomy":"product_cat","embeddable":true,"href":"https:\/\/truusk.store\/sv\/wp-json\/wp\/v2\/product_cat?post=106184"},{"taxonomy":"product_tag","embeddable":true,"href":"https:\/\/truusk.store\/sv\/wp-json\/wp\/v2\/product_tag?post=106184"}],"curies":[{"name":"wp","href":"https:\/\/api.w.org\/{rel}","templated":true}]}}