{"id":106204,"date":"2026-02-24T07:15:46","date_gmt":"2026-02-24T06:15:46","guid":{"rendered":"https:\/\/truusk.store\/product\/hopfallbar-hundramp-hundtrappa-med-halkskydd-hjalpmedel-for-bagageutrymme-for-djur-upp-till-90-kg-155x385x155-cm-svart\/"},"modified":"2026-03-12T08:53:33","modified_gmt":"2026-03-12T07:53:33","slug":"truusk-hopfallbar-hundramp-hundtrappa-med-halkskydd-for-djur-upp-till-90-kg-155x385x155-cm-svart","status":"publish","type":"product","link":"https:\/\/truusk.store\/sv\/produkt\/truusk-hopfallbar-hundramp-hundtrappa-med-halkskydd-for-djur-upp-till-90-kg-155x385x155-cm-svart\/","title":{"rendered":"TRUUSK Hopf\u00e4llbar Hundramp &#8211; Hundtrappa Med Halkskydd &#8211; F\u00f6r Djur Upp Till 90 Kg &#8211; 155&#215;38,5&#215;15,5 Cm &#8211; Svart"},"content":{"rendered":"<p>\u00c4r du orolig \u00f6ver att se din hund k\u00e4mpa f\u00f6r att komma in i bilen? Varje resa kan inneb\u00e4ra \u00e5ngest och belastning f\u00f6r hans \u00e5ldrande leder. Hundrampen fr\u00e5n [BRAND NAME] erbjuder en l\u00f6sning med en mild lutning och en husdjursv\u00e4nlig gr\u00e4syta f\u00f6r s\u00e4kert grepp. Denna hopf\u00e4llbara hundtrappa f\u00f6r bilen underl\u00e4ttar resandet och f\u00f6rvandlar stressiga bilturer till gl\u00e4djefyllda \u00e4ventyr f\u00f6r er b\u00e5da.<\/p>\n<p>Beskrivning:<\/p>\n<ul>\n<li> Extra-l\u00e5ng 155 cm husdjursramp skapar en mild lutning och skyddar ditt husdjurs leder<\/li>\n<li> Utrustad med en h\u00f6ggripande gr\u00e4syta som ger din hund ett s\u00e4kert grepp<\/li>\n<li> Kan l\u00e4tt vikas ihop p\u00e5 mitten och har ett handtag, perfekt f\u00f6r f\u00f6rvaring och resor<\/li>\n<li> Halkfria f\u00f6tter ger dubbel stabilitet och f\u00f6rhindrar att rampen r\u00f6r sig<\/li>\n<li> H\u00f6jda sidokanter leder ditt husdjur och st\u00e4rker dess sj\u00e4lvf\u00f6rtroende n\u00e4r det g\u00e5r<\/li>\n<li> Den robusta plastramen kan enkelt reng\u00f6ras med en fuktig trasa f\u00f6r enkel sk\u00f6tsel<\/li>\n<li> Montering kr\u00e4vs<\/li>\n<\/ul>\n<p> Tekniska data:<\/p>\n<ul>\n<li> F\u00e4rg: Svart+Gr\u00f6n<\/li>\n<li> Material: Plast<\/li>\n<li> Totala dimensioner: 155L x 38,5B x 15,5H cm<\/li>\n<li> Hopf\u00e4lld storlek: 78L x 48,5B x 17,5H cm<\/li>\n<li> Rampbredd: 33 cm<\/li>\n<li> Maximal belastning: 90 kg<\/li>\n<\/ul>\n<p>Leveransinneh\u00e5ll:<\/p>\n<ul>\n<li> 1 x Hundramp f\u00f6r bilar<\/li>\n<li> 1 x Bruksanvisning<\/li>\n<\/ul>\n","protected":false},"excerpt":{"rendered":"<p>\u00c4r du orolig \u00f6ver att se din hund k\u00e4mpa f\u00f6r att komma in i bilen? Varje resa kan inneb\u00e4ra \u00e5ngest&#8230;<\/p>\n","protected":false},"featured_media":106191,"template":"","meta":[],"product_brand":[],"product_cat":[878,574,990],"product_tag":[],"class_list":{"0":"post-106204","1":"product","2":"type-product","3":"status-publish","4":"has-post-thumbnail","6":"product_cat-djurbehov","7":"product_cat-hundtillbehor","8":"product_cat-hundtrappor-hundramp","10":"first","11":"instock","12":"sale","13":"taxable","14":"shipping-taxable","15":"purchasable","16":"product-type-simple"},"yoast_head":"<!-- This site is optimized with the Yoast SEO plugin v25.4 - https:\/\/yoast.com\/wordpress\/plugins\/seo\/ -->\n<title>TRUUSK Hopf\u00e4llbar Hundramp - Hundtrappa Med Halkskydd - F\u00f6r Djur Upp Till 90 Kg - 155x38,5x15,5 Cm - Svart - TRUUSK - Hem, Tr\u00e4dg\u00e5rd &amp; Fritid<\/title>\n<meta name=\"robots\" content=\"index, follow, max-snippet:-1, max-image-preview:large, max-video-preview:-1\" \/>\n<link rel=\"canonical\" href=\"https:\/\/truusk.store\/sv\/produkt\/truusk-hopfallbar-hundramp-hundtrappa-med-halkskydd-for-djur-upp-till-90-kg-155x385x155-cm-svart\/\" \/>\n<meta property=\"og:locale\" content=\"sv_SE\" \/>\n<meta property=\"og:type\" content=\"article\" \/>\n<meta property=\"og:title\" content=\"TRUUSK Hopf\u00e4llbar Hundramp - Hundtrappa Med Halkskydd - F\u00f6r Djur Upp Till 90 Kg - 155x38,5x15,5 Cm - Svart - TRUUSK - Hem, Tr\u00e4dg\u00e5rd &amp; Fritid\" \/>\n<meta property=\"og:description\" content=\"\u00c4r du orolig \u00f6ver att se din hund k\u00e4mpa f\u00f6r att komma in i bilen? Varje resa kan inneb\u00e4ra \u00e5ngest...\" \/>\n<meta property=\"og:url\" content=\"https:\/\/truusk.store\/sv\/produkt\/truusk-hopfallbar-hundramp-hundtrappa-med-halkskydd-for-djur-upp-till-90-kg-155x385x155-cm-svart\/\" \/>\n<meta property=\"og:site_name\" content=\"TRUUSK - Hem, Tr\u00e4dg\u00e5rd &amp; Fritid\" \/>\n<meta property=\"article:modified_time\" content=\"2026-03-12T07:53:33+00:00\" \/>\n<meta property=\"og:image\" content=\"https:\/\/i0.wp.com\/truusk.se\/wp-content\/uploads\/2026\/02\/hopfallbar-hundramp-hundtrappa-med-halkskydd-hjalpmedel-for-bagageutrymme-for-djur-upp-till-90-kg-155x385x155-cm-svart-1.webp?fit=2000%2C2000&ssl=1\" \/>\n\t<meta property=\"og:image:width\" content=\"2000\" \/>\n\t<meta property=\"og:image:height\" content=\"2000\" \/>\n\t<meta property=\"og:image:type\" content=\"image\/webp\" \/>\n<meta name=\"twitter:card\" content=\"summary_large_image\" \/>\n<meta name=\"twitter:label1\" content=\"Ber\u00e4knad l\u00e4stid\" \/>\n\t<meta name=\"twitter:data1\" content=\"1 minut\" \/>\n<!-- \/ Yoast SEO plugin. -->","yoast_head_json":{"title":"TRUUSK Hopf\u00e4llbar Hundramp - Hundtrappa Med Halkskydd - F\u00f6r Djur Upp Till 90 Kg - 155x38,5x15,5 Cm - Svart - TRUUSK - Hem, Tr\u00e4dg\u00e5rd &amp; Fritid","robots":{"index":"index","follow":"follow","max-snippet":"max-snippet:-1","max-image-preview":"max-image-preview:large","max-video-preview":"max-video-preview:-1"},"canonical":"https:\/\/truusk.store\/sv\/produkt\/truusk-hopfallbar-hundramp-hundtrappa-med-halkskydd-for-djur-upp-till-90-kg-155x385x155-cm-svart\/","og_locale":"sv_SE","og_type":"article","og_title":"TRUUSK Hopf\u00e4llbar Hundramp - Hundtrappa Med Halkskydd - F\u00f6r Djur Upp Till 90 Kg - 155x38,5x15,5 Cm - Svart - TRUUSK - Hem, Tr\u00e4dg\u00e5rd &amp; Fritid","og_description":"\u00c4r du orolig \u00f6ver att se din hund k\u00e4mpa f\u00f6r att komma in i bilen? Varje resa kan inneb\u00e4ra \u00e5ngest...","og_url":"https:\/\/truusk.store\/sv\/produkt\/truusk-hopfallbar-hundramp-hundtrappa-med-halkskydd-for-djur-upp-till-90-kg-155x385x155-cm-svart\/","og_site_name":"TRUUSK - Hem, Tr\u00e4dg\u00e5rd &amp; Fritid","article_modified_time":"2026-03-12T07:53:33+00:00","og_image":[{"width":2000,"height":2000,"url":"https:\/\/i0.wp.com\/truusk.se\/wp-content\/uploads\/2026\/02\/hopfallbar-hundramp-hundtrappa-med-halkskydd-hjalpmedel-for-bagageutrymme-for-djur-upp-till-90-kg-155x385x155-cm-svart-1.webp?fit=2000%2C2000&ssl=1","type":"image\/webp"}],"twitter_card":"summary_large_image","twitter_misc":{"Ber\u00e4knad l\u00e4stid":"1 minut"},"schema":{"@context":"https:\/\/schema.org","@graph":[{"@type":"WebPage","@id":"https:\/\/truusk.store\/sv\/produkt\/truusk-hopfallbar-hundramp-hundtrappa-med-halkskydd-for-djur-upp-till-90-kg-155x385x155-cm-svart\/","url":"https:\/\/truusk.store\/sv\/produkt\/truusk-hopfallbar-hundramp-hundtrappa-med-halkskydd-for-djur-upp-till-90-kg-155x385x155-cm-svart\/","name":"TRUUSK Hopf\u00e4llbar Hundramp - Hundtrappa Med Halkskydd - F\u00f6r Djur Upp Till 90 Kg - 155x38,5x15,5 Cm - Svart - TRUUSK - Hem, Tr\u00e4dg\u00e5rd &amp; Fritid","isPartOf":{"@id":"https:\/\/truusk.store\/sv\/#website"},"primaryImageOfPage":{"@id":"https:\/\/truusk.store\/sv\/produkt\/truusk-hopfallbar-hundramp-hundtrappa-med-halkskydd-for-djur-upp-till-90-kg-155x385x155-cm-svart\/#primaryimage"},"image":{"@id":"https:\/\/truusk.store\/sv\/produkt\/truusk-hopfallbar-hundramp-hundtrappa-med-halkskydd-for-djur-upp-till-90-kg-155x385x155-cm-svart\/#primaryimage"},"thumbnailUrl":"https:\/\/i0.wp.com\/truusk.store\/wp-content\/uploads\/2026\/02\/hopfallbar-hundramp-hundtrappa-med-halkskydd-hjalpmedel-for-bagageutrymme-for-djur-upp-till-90-kg-155x385x155-cm-svart-1.webp?fit=2000%2C2000&ssl=1","datePublished":"2026-02-24T06:15:46+00:00","dateModified":"2026-03-12T07:53:33+00:00","breadcrumb":{"@id":"https:\/\/truusk.store\/sv\/produkt\/truusk-hopfallbar-hundramp-hundtrappa-med-halkskydd-for-djur-upp-till-90-kg-155x385x155-cm-svart\/#breadcrumb"},"inLanguage":"sv-SE","potentialAction":[{"@type":"ReadAction","target":["https:\/\/truusk.store\/sv\/produkt\/truusk-hopfallbar-hundramp-hundtrappa-med-halkskydd-for-djur-upp-till-90-kg-155x385x155-cm-svart\/"]}]},{"@type":"ImageObject","inLanguage":"sv-SE","@id":"https:\/\/truusk.store\/sv\/produkt\/truusk-hopfallbar-hundramp-hundtrappa-med-halkskydd-for-djur-upp-till-90-kg-155x385x155-cm-svart\/#primaryimage","url":"https:\/\/i0.wp.com\/truusk.store\/wp-content\/uploads\/2026\/02\/hopfallbar-hundramp-hundtrappa-med-halkskydd-hjalpmedel-for-bagageutrymme-for-djur-upp-till-90-kg-155x385x155-cm-svart-1.webp?fit=2000%2C2000&ssl=1","contentUrl":"https:\/\/i0.wp.com\/truusk.store\/wp-content\/uploads\/2026\/02\/hopfallbar-hundramp-hundtrappa-med-halkskydd-hjalpmedel-for-bagageutrymme-for-djur-upp-till-90-kg-155x385x155-cm-svart-1.webp?fit=2000%2C2000&ssl=1","width":2000,"height":2000},{"@type":"BreadcrumbList","@id":"https:\/\/truusk.store\/sv\/produkt\/truusk-hopfallbar-hundramp-hundtrappa-med-halkskydd-for-djur-upp-till-90-kg-155x385x155-cm-svart\/#breadcrumb","itemListElement":[{"@type":"ListItem","position":1,"name":"Home","item":"https:\/\/truusk.store\/sv\/"},{"@type":"ListItem","position":2,"name":"Shop","item":"https:\/\/truusk.store\/shop\/"},{"@type":"ListItem","position":3,"name":"TRUUSK Hopf\u00e4llbar Hundramp &#8211; Hundtrappa Med Halkskydd &#8211; F\u00f6r Djur Upp Till 90 Kg &#8211; 155&#215;38,5&#215;15,5 Cm &#8211; Svart"}]},{"@type":"WebSite","@id":"https:\/\/truusk.store\/sv\/#website","url":"https:\/\/truusk.store\/sv\/","name":"TRUUSK - Hem, Tr\u00e4dg\u00e5rd & Fritid","description":"","publisher":{"@id":"https:\/\/truusk.store\/sv\/#organization"},"potentialAction":[{"@type":"SearchAction","target":{"@type":"EntryPoint","urlTemplate":"https:\/\/truusk.store\/sv\/?s={search_term_string}"},"query-input":{"@type":"PropertyValueSpecification","valueRequired":true,"valueName":"search_term_string"}}],"inLanguage":"sv-SE"},{"@type":"Organization","@id":"https:\/\/truusk.store\/sv\/#organization","name":"TRUUSK - Hem, Tr\u00e4dg\u00e5rd & Fritid","url":"https:\/\/truusk.store\/sv\/","logo":{"@type":"ImageObject","inLanguage":"sv-SE","@id":"https:\/\/truusk.store\/sv\/#\/schema\/logo\/image\/","url":"https:\/\/i0.wp.com\/truusk.store\/wp-content\/uploads\/2026\/03\/cropped-TRUUSK.png?fit=2032%2C917&ssl=1","contentUrl":"https:\/\/i0.wp.com\/truusk.store\/wp-content\/uploads\/2026\/03\/cropped-TRUUSK.png?fit=2032%2C917&ssl=1","width":2032,"height":917,"caption":"TRUUSK - Hem, Tr\u00e4dg\u00e5rd & Fritid"},"image":{"@id":"https:\/\/truusk.store\/sv\/#\/schema\/logo\/image\/"}}]}},"jetpack_sharing_enabled":true,"_links":{"self":[{"href":"https:\/\/truusk.store\/sv\/wp-json\/wp\/v2\/product\/106204","targetHints":{"allow":["GET"]}}],"collection":[{"href":"https:\/\/truusk.store\/sv\/wp-json\/wp\/v2\/product"}],"about":[{"href":"https:\/\/truusk.store\/sv\/wp-json\/wp\/v2\/types\/product"}],"wp:featuredmedia":[{"embeddable":true,"href":"https:\/\/truusk.store\/sv\/wp-json\/wp\/v2\/media\/106191"}],"wp:attachment":[{"href":"https:\/\/truusk.store\/sv\/wp-json\/wp\/v2\/media?parent=106204"}],"wp:term":[{"taxonomy":"product_brand","embeddable":true,"href":"https:\/\/truusk.store\/sv\/wp-json\/wp\/v2\/product_brand?post=106204"},{"taxonomy":"product_cat","embeddable":true,"href":"https:\/\/truusk.store\/sv\/wp-json\/wp\/v2\/product_cat?post=106204"},{"taxonomy":"product_tag","embeddable":true,"href":"https:\/\/truusk.store\/sv\/wp-json\/wp\/v2\/product_tag?post=106204"}],"curies":[{"name":"wp","href":"https:\/\/api.w.org\/{rel}","templated":true}]}}