{"id":106217,"date":"2026-02-24T07:16:55","date_gmt":"2026-02-24T06:16:55","guid":{"rendered":"https:\/\/truusk.store\/product\/kullada-for-valpar-valplada-med-7-paneler-2-omraden-tvattbar-kullunderlagg-203x102x60cm-svart\/"},"modified":"2026-03-12T08:53:33","modified_gmt":"2026-03-12T07:53:33","slug":"truusk-valpkullada-med-7-paneler-tva-separata-omraden-tvattbart-underlagg-203x102x60cm-svart","status":"publish","type":"product","link":"https:\/\/truusk.store\/sv\/produkt\/truusk-valpkullada-med-7-paneler-tva-separata-omraden-tvattbart-underlagg-203x102x60cm-svart\/","title":{"rendered":"TRUUSK Valpkull\u00e5da med 7 paneler &#8211; Tv\u00e5 separata omr\u00e5den &#8211; Tv\u00e4ttbart underl\u00e4gg &#8211; 203x102x60cm &#8211; Svart"},"content":{"rendered":"<p>Uppt\u00e4ck m\u00e5ngsidigheten hos [BRAND NAME] valpl\u00e5da f\u00f6r hundar! Designad med sju paneler, f\u00f6rvandlas den enkelt fr\u00e5n en s\u00e4ker valpl\u00e5da till en lekfull hundg\u00e5rd n\u00e4r dina valpar v\u00e4xer upp. Njut av extra skydd genom det vindresistenta 600D Oxford-tyget samt tv\u00e4ttbara valpmattor som skapar ett rent, mysigt utrymme f\u00f6r hundmamman och hennes valpar. L\u00e4mplig f\u00f6r sm\u00e5 till medelstora hundraser.<\/p>\n<p>Beskrivning:<\/p>\n<ul>\n<li> Sju paneler, omvandlingsbar fr\u00e5n en valpl\u00e5da till en djurg\u00e5rd<\/li>\n<li> 600D Oxford-tyg erbjuder vindskydd och inneh\u00e5ller tv\u00e4ttbara skummattor<\/li>\n<li> Enkel montering garanterar bekv\u00e4m anv\u00e4ndning och f\u00f6rvaring<\/li>\n<li> St\u00e5lkonstruktion med en d\u00f6rr f\u00f6r enkel tillg\u00e5ng f\u00f6r modern och f\u00f6r att avgr\u00e4nsa valparna<\/li>\n<li> Sju markankare f\u00f6r \u00f6kad stabilitet ing\u00e5r<\/li>\n<li> L\u00e4mplig f\u00f6r sm\u00e5 och medelstora hundar<\/li>\n<\/ul>\n<p> Tekniska specifikationer:<\/p>\n<ul>\n<li> F\u00e4rg: Svart<\/li>\n<li> Material: St\u00e5l, Polyester<\/li>\n<li> Totala dimensioner: 203L x 102B x 60H cm<\/li>\n<li> Enskild panel: 100B x 60H cm<\/li>\n<li> D\u00f6rrstorlek: 38B x 41H cm<\/li>\n<li> Valpmatta: 109L x 109B cm<\/li>\n<li> Jordspikar: 69L cm<\/li>\n<li> St\u00e5ngavst\u00e5nd: 5,5 cm<\/li>\n<\/ul>\n<p>Leveransinneh\u00e5ll:<\/p>\n<ul>\n<li> 1 x Valpl\u00e5da<\/li>\n<li> 1 x Oxford-tyg<\/li>\n<li> 2 x Urinmatta<\/li>\n<li> 7 x Markankare<\/li>\n<li> 1 x Bruksanvisning<\/li>\n<\/ul>\n","protected":false},"excerpt":{"rendered":"<p>Uppt\u00e4ck m\u00e5ngsidigheten hos [BRAND NAME] valpl\u00e5da f\u00f6r hundar! Designad med sju paneler, f\u00f6rvandlas den enkelt fr\u00e5n en s\u00e4ker valpl\u00e5da till&#8230;<\/p>\n","protected":false},"featured_media":106205,"template":"","meta":[],"product_brand":[],"product_cat":[947,948,574],"product_tag":[],"class_list":{"0":"post-106217","1":"product","2":"type-product","3":"status-publish","4":"has-post-thumbnail","6":"product_cat-djurtillbehor","7":"product_cat-hundgaller-skiljevaggar","8":"product_cat-hundtillbehor","10":"first","11":"instock","12":"sale","13":"taxable","14":"shipping-taxable","15":"purchasable","16":"product-type-simple"},"yoast_head":"<!-- This site is optimized with the Yoast SEO plugin v25.4 - https:\/\/yoast.com\/wordpress\/plugins\/seo\/ -->\n<title>TRUUSK Valpkull\u00e5da med 7 paneler - Tv\u00e5 separata omr\u00e5den - Tv\u00e4ttbart underl\u00e4gg - 203x102x60cm - Svart - TRUUSK - Hem, Tr\u00e4dg\u00e5rd &amp; Fritid<\/title>\n<meta name=\"robots\" content=\"index, follow, max-snippet:-1, max-image-preview:large, max-video-preview:-1\" \/>\n<link rel=\"canonical\" href=\"https:\/\/truusk.store\/sv\/produkt\/truusk-valpkullada-med-7-paneler-tva-separata-omraden-tvattbart-underlagg-203x102x60cm-svart\/\" \/>\n<meta property=\"og:locale\" content=\"sv_SE\" \/>\n<meta property=\"og:type\" content=\"article\" \/>\n<meta property=\"og:title\" content=\"TRUUSK Valpkull\u00e5da med 7 paneler - Tv\u00e5 separata omr\u00e5den - Tv\u00e4ttbart underl\u00e4gg - 203x102x60cm - Svart - TRUUSK - Hem, Tr\u00e4dg\u00e5rd &amp; Fritid\" \/>\n<meta property=\"og:description\" content=\"Uppt\u00e4ck m\u00e5ngsidigheten hos [BRAND NAME] valpl\u00e5da f\u00f6r hundar! Designad med sju paneler, f\u00f6rvandlas den enkelt fr\u00e5n en s\u00e4ker valpl\u00e5da till...\" \/>\n<meta property=\"og:url\" content=\"https:\/\/truusk.store\/sv\/produkt\/truusk-valpkullada-med-7-paneler-tva-separata-omraden-tvattbart-underlagg-203x102x60cm-svart\/\" \/>\n<meta property=\"og:site_name\" content=\"TRUUSK - Hem, Tr\u00e4dg\u00e5rd &amp; Fritid\" \/>\n<meta property=\"article:modified_time\" content=\"2026-03-12T07:53:33+00:00\" \/>\n<meta property=\"og:image\" content=\"https:\/\/i0.wp.com\/truusk.se\/wp-content\/uploads\/2026\/02\/kullada-for-valpar-valplada-med-7-paneler-2-omraden-tvattbar-kullunderlagg-203x102x60cm-svart-1.webp?fit=2000%2C2000&ssl=1\" \/>\n\t<meta property=\"og:image:width\" content=\"2000\" \/>\n\t<meta property=\"og:image:height\" content=\"2000\" \/>\n\t<meta property=\"og:image:type\" content=\"image\/webp\" \/>\n<meta name=\"twitter:card\" content=\"summary_large_image\" \/>\n<meta name=\"twitter:label1\" content=\"Ber\u00e4knad l\u00e4stid\" \/>\n\t<meta name=\"twitter:data1\" content=\"1 minut\" \/>\n<!-- \/ Yoast SEO plugin. -->","yoast_head_json":{"title":"TRUUSK Valpkull\u00e5da med 7 paneler - Tv\u00e5 separata omr\u00e5den - Tv\u00e4ttbart underl\u00e4gg - 203x102x60cm - Svart - TRUUSK - Hem, Tr\u00e4dg\u00e5rd &amp; Fritid","robots":{"index":"index","follow":"follow","max-snippet":"max-snippet:-1","max-image-preview":"max-image-preview:large","max-video-preview":"max-video-preview:-1"},"canonical":"https:\/\/truusk.store\/sv\/produkt\/truusk-valpkullada-med-7-paneler-tva-separata-omraden-tvattbart-underlagg-203x102x60cm-svart\/","og_locale":"sv_SE","og_type":"article","og_title":"TRUUSK Valpkull\u00e5da med 7 paneler - Tv\u00e5 separata omr\u00e5den - Tv\u00e4ttbart underl\u00e4gg - 203x102x60cm - Svart - TRUUSK - Hem, Tr\u00e4dg\u00e5rd &amp; Fritid","og_description":"Uppt\u00e4ck m\u00e5ngsidigheten hos [BRAND NAME] valpl\u00e5da f\u00f6r hundar! Designad med sju paneler, f\u00f6rvandlas den enkelt fr\u00e5n en s\u00e4ker valpl\u00e5da till...","og_url":"https:\/\/truusk.store\/sv\/produkt\/truusk-valpkullada-med-7-paneler-tva-separata-omraden-tvattbart-underlagg-203x102x60cm-svart\/","og_site_name":"TRUUSK - Hem, Tr\u00e4dg\u00e5rd &amp; Fritid","article_modified_time":"2026-03-12T07:53:33+00:00","og_image":[{"width":2000,"height":2000,"url":"https:\/\/i0.wp.com\/truusk.se\/wp-content\/uploads\/2026\/02\/kullada-for-valpar-valplada-med-7-paneler-2-omraden-tvattbar-kullunderlagg-203x102x60cm-svart-1.webp?fit=2000%2C2000&ssl=1","type":"image\/webp"}],"twitter_card":"summary_large_image","twitter_misc":{"Ber\u00e4knad l\u00e4stid":"1 minut"},"schema":{"@context":"https:\/\/schema.org","@graph":[{"@type":"WebPage","@id":"https:\/\/truusk.store\/sv\/produkt\/truusk-valpkullada-med-7-paneler-tva-separata-omraden-tvattbart-underlagg-203x102x60cm-svart\/","url":"https:\/\/truusk.store\/sv\/produkt\/truusk-valpkullada-med-7-paneler-tva-separata-omraden-tvattbart-underlagg-203x102x60cm-svart\/","name":"TRUUSK Valpkull\u00e5da med 7 paneler - Tv\u00e5 separata omr\u00e5den - Tv\u00e4ttbart underl\u00e4gg - 203x102x60cm - Svart - TRUUSK - Hem, Tr\u00e4dg\u00e5rd &amp; Fritid","isPartOf":{"@id":"https:\/\/truusk.store\/sv\/#website"},"primaryImageOfPage":{"@id":"https:\/\/truusk.store\/sv\/produkt\/truusk-valpkullada-med-7-paneler-tva-separata-omraden-tvattbart-underlagg-203x102x60cm-svart\/#primaryimage"},"image":{"@id":"https:\/\/truusk.store\/sv\/produkt\/truusk-valpkullada-med-7-paneler-tva-separata-omraden-tvattbart-underlagg-203x102x60cm-svart\/#primaryimage"},"thumbnailUrl":"https:\/\/i0.wp.com\/truusk.store\/wp-content\/uploads\/2026\/02\/kullada-for-valpar-valplada-med-7-paneler-2-omraden-tvattbar-kullunderlagg-203x102x60cm-svart-1.webp?fit=2000%2C2000&ssl=1","datePublished":"2026-02-24T06:16:55+00:00","dateModified":"2026-03-12T07:53:33+00:00","breadcrumb":{"@id":"https:\/\/truusk.store\/sv\/produkt\/truusk-valpkullada-med-7-paneler-tva-separata-omraden-tvattbart-underlagg-203x102x60cm-svart\/#breadcrumb"},"inLanguage":"sv-SE","potentialAction":[{"@type":"ReadAction","target":["https:\/\/truusk.store\/sv\/produkt\/truusk-valpkullada-med-7-paneler-tva-separata-omraden-tvattbart-underlagg-203x102x60cm-svart\/"]}]},{"@type":"ImageObject","inLanguage":"sv-SE","@id":"https:\/\/truusk.store\/sv\/produkt\/truusk-valpkullada-med-7-paneler-tva-separata-omraden-tvattbart-underlagg-203x102x60cm-svart\/#primaryimage","url":"https:\/\/i0.wp.com\/truusk.store\/wp-content\/uploads\/2026\/02\/kullada-for-valpar-valplada-med-7-paneler-2-omraden-tvattbar-kullunderlagg-203x102x60cm-svart-1.webp?fit=2000%2C2000&ssl=1","contentUrl":"https:\/\/i0.wp.com\/truusk.store\/wp-content\/uploads\/2026\/02\/kullada-for-valpar-valplada-med-7-paneler-2-omraden-tvattbar-kullunderlagg-203x102x60cm-svart-1.webp?fit=2000%2C2000&ssl=1","width":2000,"height":2000},{"@type":"BreadcrumbList","@id":"https:\/\/truusk.store\/sv\/produkt\/truusk-valpkullada-med-7-paneler-tva-separata-omraden-tvattbart-underlagg-203x102x60cm-svart\/#breadcrumb","itemListElement":[{"@type":"ListItem","position":1,"name":"Home","item":"https:\/\/truusk.store\/sv\/"},{"@type":"ListItem","position":2,"name":"Shop","item":"https:\/\/truusk.store\/shop\/"},{"@type":"ListItem","position":3,"name":"TRUUSK Valpkull\u00e5da med 7 paneler &#8211; Tv\u00e5 separata omr\u00e5den &#8211; Tv\u00e4ttbart underl\u00e4gg &#8211; 203x102x60cm &#8211; Svart"}]},{"@type":"WebSite","@id":"https:\/\/truusk.store\/sv\/#website","url":"https:\/\/truusk.store\/sv\/","name":"TRUUSK - Hem, Tr\u00e4dg\u00e5rd & Fritid","description":"","publisher":{"@id":"https:\/\/truusk.store\/sv\/#organization"},"potentialAction":[{"@type":"SearchAction","target":{"@type":"EntryPoint","urlTemplate":"https:\/\/truusk.store\/sv\/?s={search_term_string}"},"query-input":{"@type":"PropertyValueSpecification","valueRequired":true,"valueName":"search_term_string"}}],"inLanguage":"sv-SE"},{"@type":"Organization","@id":"https:\/\/truusk.store\/sv\/#organization","name":"TRUUSK - Hem, Tr\u00e4dg\u00e5rd & Fritid","url":"https:\/\/truusk.store\/sv\/","logo":{"@type":"ImageObject","inLanguage":"sv-SE","@id":"https:\/\/truusk.store\/sv\/#\/schema\/logo\/image\/","url":"https:\/\/i0.wp.com\/truusk.store\/wp-content\/uploads\/2026\/03\/cropped-TRUUSK.png?fit=2032%2C917&ssl=1","contentUrl":"https:\/\/i0.wp.com\/truusk.store\/wp-content\/uploads\/2026\/03\/cropped-TRUUSK.png?fit=2032%2C917&ssl=1","width":2032,"height":917,"caption":"TRUUSK - Hem, Tr\u00e4dg\u00e5rd & Fritid"},"image":{"@id":"https:\/\/truusk.store\/sv\/#\/schema\/logo\/image\/"}}]}},"jetpack_sharing_enabled":true,"_links":{"self":[{"href":"https:\/\/truusk.store\/sv\/wp-json\/wp\/v2\/product\/106217","targetHints":{"allow":["GET"]}}],"collection":[{"href":"https:\/\/truusk.store\/sv\/wp-json\/wp\/v2\/product"}],"about":[{"href":"https:\/\/truusk.store\/sv\/wp-json\/wp\/v2\/types\/product"}],"wp:featuredmedia":[{"embeddable":true,"href":"https:\/\/truusk.store\/sv\/wp-json\/wp\/v2\/media\/106205"}],"wp:attachment":[{"href":"https:\/\/truusk.store\/sv\/wp-json\/wp\/v2\/media?parent=106217"}],"wp:term":[{"taxonomy":"product_brand","embeddable":true,"href":"https:\/\/truusk.store\/sv\/wp-json\/wp\/v2\/product_brand?post=106217"},{"taxonomy":"product_cat","embeddable":true,"href":"https:\/\/truusk.store\/sv\/wp-json\/wp\/v2\/product_cat?post=106217"},{"taxonomy":"product_tag","embeddable":true,"href":"https:\/\/truusk.store\/sv\/wp-json\/wp\/v2\/product_tag?post=106217"}],"curies":[{"name":"wp","href":"https:\/\/api.w.org\/{rel}","templated":true}]}}