{"id":106224,"date":"2026-02-24T07:17:38","date_gmt":"2026-02-24T06:17:38","guid":{"rendered":"https:\/\/truusk.store\/product\/frigangshagn-friluftshagn-med-12-paneler-lopbur-for-smadjur-kaniner-marsvin-120x60x40-cm-svart\/"},"modified":"2026-03-12T08:53:34","modified_gmt":"2026-03-12T07:53:34","slug":"truusk-frigangshagn-for-smadjur-12-paneler-lopbur-kaniner-marsvin-120x60x40-cm-svart","status":"publish","type":"product","link":"https:\/\/truusk.store\/sv\/produkt\/truusk-frigangshagn-for-smadjur-12-paneler-lopbur-kaniner-marsvin-120x60x40-cm-svart\/","title":{"rendered":"TRUUSK Frig\u00e5ngsh\u00e4gn f\u00f6r Sm\u00e5djur &#8211; 12 Paneler &#8211; L\u00f6pbur &#8211; Kaniner, Marsvin &#8211; 120x60x40 cm &#8211; Svart"},"content":{"rendered":"<p>Oordning och utbrott i sm\u00e5 djurburar g\u00f6r husdjurssk\u00f6tsel stressigt. Med [BRAND NAME] sm\u00e5djursbur skapar du ett s\u00e4kert lekparadis. T\u00e4tmaskigt n\u00e4t skyddar dina djur, vattent\u00e4t underl\u00e4gg underl\u00e4ttar reng\u00f6ring. Bygg ett bekv\u00e4mt hem och njut av mer lugn och ro.<\/p>\n<p>Beskrivning:<\/p>\n<ul>\n<li> Inneh\u00e5ller en avtagbar 600D plastinsats som \u00e4r vattent\u00e4t och l\u00e4tt att reng\u00f6ra<\/li>\n<li> Skapa individuella former med DIY-paneler f\u00f6r att skapa ett unikt lekomr\u00e5de f\u00f6r husdjur<\/li>\n<li> T\u00e4tt n\u00e4t design f\u00f6rhindrar att sm\u00e5 djur som marsvin eller kaniner flyr<\/li>\n<li> Detta inh\u00e4gnad har en d\u00f6rrpanel som m\u00f6jligg\u00f6r enkel interaktion med husdjur<\/li>\n<li> Tillverkad av pulverlackerade st\u00e5ltr\u00e5dar som garanterar en stabil och tillf\u00f6rlitlig inh\u00e4gnad<\/li>\n<li> Dess enkla design passar f\u00f6r inomhusutrymmen som vardagsrum eller utomhusomr\u00e5den som terrasser<\/li>\n<li> Montering kr\u00e4vs<\/li>\n<\/ul>\n<p> Tekniska specifikationer:<\/p>\n<ul>\n<li> F\u00e4rg: Svart<\/li>\n<li> Material: St\u00e5l, Oxford-tyg (600D belagt tyg)<\/li>\n<li> Totala dimensioner: 120L x 60B x 40H cm<\/li>\n<li> Tr\u00e5dn\u00e4t: 30L x 40B cm<\/li>\n<\/ul>\n<p>Leverans inneh\u00e5ller:<\/p>\n<ul>\n<li> 1 x sm\u00e5djursbur<\/li>\n<li> 1 x instruktioner<\/li>\n<\/ul>\n","protected":false},"excerpt":{"rendered":"<p>Oordning och utbrott i sm\u00e5 djurburar g\u00f6r husdjurssk\u00f6tsel stressigt. Med [BRAND NAME] sm\u00e5djursbur skapar du ett s\u00e4kert lekparadis. T\u00e4tmaskigt n\u00e4t&#8230;<\/p>\n","protected":false},"featured_media":106212,"template":"","meta":[],"product_brand":[],"product_cat":[878,599,597],"product_tag":[],"class_list":{"0":"post-106224","1":"product","2":"type-product","3":"status-publish","4":"has-post-thumbnail","6":"product_cat-djurbehov","7":"product_cat-sma-djurburar","8":"product_cat-sma-djurtillbehor","10":"first","11":"instock","12":"sale","13":"taxable","14":"shipping-taxable","15":"purchasable","16":"product-type-simple"},"yoast_head":"<!-- This site is optimized with the Yoast SEO plugin v25.4 - https:\/\/yoast.com\/wordpress\/plugins\/seo\/ -->\n<title>TRUUSK Frig\u00e5ngsh\u00e4gn f\u00f6r Sm\u00e5djur - 12 Paneler - L\u00f6pbur - Kaniner, Marsvin - 120x60x40 cm - Svart - TRUUSK - Hem, Tr\u00e4dg\u00e5rd &amp; Fritid<\/title>\n<meta name=\"robots\" content=\"index, follow, max-snippet:-1, max-image-preview:large, max-video-preview:-1\" \/>\n<link rel=\"canonical\" href=\"https:\/\/truusk.store\/sv\/produkt\/truusk-frigangshagn-for-smadjur-12-paneler-lopbur-kaniner-marsvin-120x60x40-cm-svart\/\" \/>\n<meta property=\"og:locale\" content=\"sv_SE\" \/>\n<meta property=\"og:type\" content=\"article\" \/>\n<meta property=\"og:title\" content=\"TRUUSK Frig\u00e5ngsh\u00e4gn f\u00f6r Sm\u00e5djur - 12 Paneler - L\u00f6pbur - Kaniner, Marsvin - 120x60x40 cm - Svart - TRUUSK - Hem, Tr\u00e4dg\u00e5rd &amp; Fritid\" \/>\n<meta property=\"og:description\" content=\"Oordning och utbrott i sm\u00e5 djurburar g\u00f6r husdjurssk\u00f6tsel stressigt. Med [BRAND NAME] sm\u00e5djursbur skapar du ett s\u00e4kert lekparadis. T\u00e4tmaskigt n\u00e4t...\" \/>\n<meta property=\"og:url\" content=\"https:\/\/truusk.store\/sv\/produkt\/truusk-frigangshagn-for-smadjur-12-paneler-lopbur-kaniner-marsvin-120x60x40-cm-svart\/\" \/>\n<meta property=\"og:site_name\" content=\"TRUUSK - Hem, Tr\u00e4dg\u00e5rd &amp; Fritid\" \/>\n<meta property=\"article:modified_time\" content=\"2026-03-12T07:53:34+00:00\" \/>\n<meta property=\"og:image\" content=\"https:\/\/i0.wp.com\/truusk.se\/wp-content\/uploads\/2026\/02\/frigangshagn-friluftshagn-med-12-paneler-lopbur-for-smadjur-kaniner-marsvin-120x60x40-cm-svart-1.webp?fit=2000%2C2000&ssl=1\" \/>\n\t<meta property=\"og:image:width\" content=\"2000\" \/>\n\t<meta property=\"og:image:height\" content=\"2000\" \/>\n\t<meta property=\"og:image:type\" content=\"image\/webp\" \/>\n<meta name=\"twitter:card\" content=\"summary_large_image\" \/>\n<meta name=\"twitter:label1\" content=\"Ber\u00e4knad l\u00e4stid\" \/>\n\t<meta name=\"twitter:data1\" content=\"1 minut\" \/>\n<!-- \/ Yoast SEO plugin. -->","yoast_head_json":{"title":"TRUUSK Frig\u00e5ngsh\u00e4gn f\u00f6r Sm\u00e5djur - 12 Paneler - L\u00f6pbur - Kaniner, Marsvin - 120x60x40 cm - Svart - TRUUSK - Hem, Tr\u00e4dg\u00e5rd &amp; Fritid","robots":{"index":"index","follow":"follow","max-snippet":"max-snippet:-1","max-image-preview":"max-image-preview:large","max-video-preview":"max-video-preview:-1"},"canonical":"https:\/\/truusk.store\/sv\/produkt\/truusk-frigangshagn-for-smadjur-12-paneler-lopbur-kaniner-marsvin-120x60x40-cm-svart\/","og_locale":"sv_SE","og_type":"article","og_title":"TRUUSK Frig\u00e5ngsh\u00e4gn f\u00f6r Sm\u00e5djur - 12 Paneler - L\u00f6pbur - Kaniner, Marsvin - 120x60x40 cm - Svart - TRUUSK - Hem, Tr\u00e4dg\u00e5rd &amp; Fritid","og_description":"Oordning och utbrott i sm\u00e5 djurburar g\u00f6r husdjurssk\u00f6tsel stressigt. Med [BRAND NAME] sm\u00e5djursbur skapar du ett s\u00e4kert lekparadis. T\u00e4tmaskigt n\u00e4t...","og_url":"https:\/\/truusk.store\/sv\/produkt\/truusk-frigangshagn-for-smadjur-12-paneler-lopbur-kaniner-marsvin-120x60x40-cm-svart\/","og_site_name":"TRUUSK - Hem, Tr\u00e4dg\u00e5rd &amp; Fritid","article_modified_time":"2026-03-12T07:53:34+00:00","og_image":[{"width":2000,"height":2000,"url":"https:\/\/i0.wp.com\/truusk.se\/wp-content\/uploads\/2026\/02\/frigangshagn-friluftshagn-med-12-paneler-lopbur-for-smadjur-kaniner-marsvin-120x60x40-cm-svart-1.webp?fit=2000%2C2000&ssl=1","type":"image\/webp"}],"twitter_card":"summary_large_image","twitter_misc":{"Ber\u00e4knad l\u00e4stid":"1 minut"},"schema":{"@context":"https:\/\/schema.org","@graph":[{"@type":"WebPage","@id":"https:\/\/truusk.store\/sv\/produkt\/truusk-frigangshagn-for-smadjur-12-paneler-lopbur-kaniner-marsvin-120x60x40-cm-svart\/","url":"https:\/\/truusk.store\/sv\/produkt\/truusk-frigangshagn-for-smadjur-12-paneler-lopbur-kaniner-marsvin-120x60x40-cm-svart\/","name":"TRUUSK Frig\u00e5ngsh\u00e4gn f\u00f6r Sm\u00e5djur - 12 Paneler - L\u00f6pbur - Kaniner, Marsvin - 120x60x40 cm - Svart - TRUUSK - Hem, Tr\u00e4dg\u00e5rd &amp; Fritid","isPartOf":{"@id":"https:\/\/truusk.store\/sv\/#website"},"primaryImageOfPage":{"@id":"https:\/\/truusk.store\/sv\/produkt\/truusk-frigangshagn-for-smadjur-12-paneler-lopbur-kaniner-marsvin-120x60x40-cm-svart\/#primaryimage"},"image":{"@id":"https:\/\/truusk.store\/sv\/produkt\/truusk-frigangshagn-for-smadjur-12-paneler-lopbur-kaniner-marsvin-120x60x40-cm-svart\/#primaryimage"},"thumbnailUrl":"https:\/\/i0.wp.com\/truusk.store\/wp-content\/uploads\/2026\/02\/frigangshagn-friluftshagn-med-12-paneler-lopbur-for-smadjur-kaniner-marsvin-120x60x40-cm-svart-1.webp?fit=2000%2C2000&ssl=1","datePublished":"2026-02-24T06:17:38+00:00","dateModified":"2026-03-12T07:53:34+00:00","breadcrumb":{"@id":"https:\/\/truusk.store\/sv\/produkt\/truusk-frigangshagn-for-smadjur-12-paneler-lopbur-kaniner-marsvin-120x60x40-cm-svart\/#breadcrumb"},"inLanguage":"sv-SE","potentialAction":[{"@type":"ReadAction","target":["https:\/\/truusk.store\/sv\/produkt\/truusk-frigangshagn-for-smadjur-12-paneler-lopbur-kaniner-marsvin-120x60x40-cm-svart\/"]}]},{"@type":"ImageObject","inLanguage":"sv-SE","@id":"https:\/\/truusk.store\/sv\/produkt\/truusk-frigangshagn-for-smadjur-12-paneler-lopbur-kaniner-marsvin-120x60x40-cm-svart\/#primaryimage","url":"https:\/\/i0.wp.com\/truusk.store\/wp-content\/uploads\/2026\/02\/frigangshagn-friluftshagn-med-12-paneler-lopbur-for-smadjur-kaniner-marsvin-120x60x40-cm-svart-1.webp?fit=2000%2C2000&ssl=1","contentUrl":"https:\/\/i0.wp.com\/truusk.store\/wp-content\/uploads\/2026\/02\/frigangshagn-friluftshagn-med-12-paneler-lopbur-for-smadjur-kaniner-marsvin-120x60x40-cm-svart-1.webp?fit=2000%2C2000&ssl=1","width":2000,"height":2000},{"@type":"BreadcrumbList","@id":"https:\/\/truusk.store\/sv\/produkt\/truusk-frigangshagn-for-smadjur-12-paneler-lopbur-kaniner-marsvin-120x60x40-cm-svart\/#breadcrumb","itemListElement":[{"@type":"ListItem","position":1,"name":"Home","item":"https:\/\/truusk.store\/sv\/"},{"@type":"ListItem","position":2,"name":"Shop","item":"https:\/\/truusk.store\/shop\/"},{"@type":"ListItem","position":3,"name":"TRUUSK Frig\u00e5ngsh\u00e4gn f\u00f6r Sm\u00e5djur &#8211; 12 Paneler &#8211; L\u00f6pbur &#8211; Kaniner, Marsvin &#8211; 120x60x40 cm &#8211; Svart"}]},{"@type":"WebSite","@id":"https:\/\/truusk.store\/sv\/#website","url":"https:\/\/truusk.store\/sv\/","name":"TRUUSK - Hem, Tr\u00e4dg\u00e5rd & Fritid","description":"","publisher":{"@id":"https:\/\/truusk.store\/sv\/#organization"},"potentialAction":[{"@type":"SearchAction","target":{"@type":"EntryPoint","urlTemplate":"https:\/\/truusk.store\/sv\/?s={search_term_string}"},"query-input":{"@type":"PropertyValueSpecification","valueRequired":true,"valueName":"search_term_string"}}],"inLanguage":"sv-SE"},{"@type":"Organization","@id":"https:\/\/truusk.store\/sv\/#organization","name":"TRUUSK - Hem, Tr\u00e4dg\u00e5rd & Fritid","url":"https:\/\/truusk.store\/sv\/","logo":{"@type":"ImageObject","inLanguage":"sv-SE","@id":"https:\/\/truusk.store\/sv\/#\/schema\/logo\/image\/","url":"https:\/\/i0.wp.com\/truusk.store\/wp-content\/uploads\/2026\/03\/cropped-TRUUSK.png?fit=2032%2C917&ssl=1","contentUrl":"https:\/\/i0.wp.com\/truusk.store\/wp-content\/uploads\/2026\/03\/cropped-TRUUSK.png?fit=2032%2C917&ssl=1","width":2032,"height":917,"caption":"TRUUSK - Hem, Tr\u00e4dg\u00e5rd & Fritid"},"image":{"@id":"https:\/\/truusk.store\/sv\/#\/schema\/logo\/image\/"}}]}},"jetpack_sharing_enabled":true,"_links":{"self":[{"href":"https:\/\/truusk.store\/sv\/wp-json\/wp\/v2\/product\/106224","targetHints":{"allow":["GET"]}}],"collection":[{"href":"https:\/\/truusk.store\/sv\/wp-json\/wp\/v2\/product"}],"about":[{"href":"https:\/\/truusk.store\/sv\/wp-json\/wp\/v2\/types\/product"}],"wp:featuredmedia":[{"embeddable":true,"href":"https:\/\/truusk.store\/sv\/wp-json\/wp\/v2\/media\/106212"}],"wp:attachment":[{"href":"https:\/\/truusk.store\/sv\/wp-json\/wp\/v2\/media?parent=106224"}],"wp:term":[{"taxonomy":"product_brand","embeddable":true,"href":"https:\/\/truusk.store\/sv\/wp-json\/wp\/v2\/product_brand?post=106224"},{"taxonomy":"product_cat","embeddable":true,"href":"https:\/\/truusk.store\/sv\/wp-json\/wp\/v2\/product_cat?post=106224"},{"taxonomy":"product_tag","embeddable":true,"href":"https:\/\/truusk.store\/sv\/wp-json\/wp\/v2\/product_tag?post=106224"}],"curies":[{"name":"wp","href":"https:\/\/api.w.org\/{rel}","templated":true}]}}