{"id":106234,"date":"2026-02-24T07:18:40","date_gmt":"2026-02-24T06:18:40","guid":{"rendered":"https:\/\/truusk.store\/product\/eldskal-60-x-53-x-66cm-justerbar-eldstad-med-pokersats-kolgaller-stativ-svart\/"},"modified":"2026-03-12T08:53:35","modified_gmt":"2026-03-12T07:53:35","slug":"truusk-justerbar-eldstad-60-x-53-x-66cm-med-pokersats-kolgaller-stativ-svart","status":"publish","type":"product","link":"https:\/\/truusk.store\/sv\/produkt\/truusk-justerbar-eldstad-60-x-53-x-66cm-med-pokersats-kolgaller-stativ-svart\/","title":{"rendered":"TRUUSK Justerbar Eldstad 60 x 53 x 66cm &#8211; Med Pokersats &#8211; Kolgaller &#8211; Stativ Svart"},"content":{"rendered":"<p>Eldstaden skapar en varm, mysig tr\u00e4dg\u00e5rd. Med horisontell eldstad, v\u00e4rme reflektor, stabil trebenskonstruktion och v\u00e4derbest\u00e4ndig bel\u00e4ggning \u00e4r den h\u00e5llbar. Verktygsfri montering p\u00e5 medf\u00f6ljande stativ. Koln\u00e4t underl\u00e4ttar luftcirkulation och askreng\u00f6ring. Tillverkad av pulverlackerat metall, erbjuder den stabilitet och tillf\u00f6rlitlighet \u00e5ret runt.<\/p>\n<p>Beskrivning:<\/p>\n<ul>\n<li> Rund brinnande metall eldstad skapar en varm och inbjudande m\u00f6tesplats i tr\u00e4dg\u00e5rden<\/li>\n<li> Med horisontell orientering och v\u00e4rmereflektor vid lutning<\/li>\n<li> Tillverkad av metall och belagd med h\u00f6gtemperaturbest\u00e4ndig f\u00e4rg<\/li>\n<li> Koln\u00e4tet l\u00e5ter luften cirkulera vertikalt och underl\u00e4ttar reng\u00f6ring av askan<\/li>\n<li> Poker inkluderad f\u00f6r att s\u00e4kert t\u00e4nda elden och ta bort koln\u00e4tet<\/li>\n<li> 360-graders vy av elden ger en mysig atmosf\u00e4r och f\u00f6rb\u00e4ttrar luftcirkulationen<\/li>\n<li> Ingen montering kr\u00e4vs<\/li>\n<\/ul>\n<p> Tekniska data:<\/p>\n<ul>\n<li> F\u00e4rg: Svart<\/li>\n<li> Material: Metall<\/li>\n<li> Total storlek: 60L x 53B x 66H cm<\/li>\n<li> Eldstadens storlek: \u00d861 x 30H cm<\/li>\n<li> Koln\u00e4tets storlek: \u00d832 cm<\/li>\n<li> Pokerns storlek: 53L x 6B cm<\/li>\n<li> Obs: Inte l\u00e4mplig f\u00f6r inomhusbruk. Anv\u00e4nd inte p\u00e5 tr\u00e4golv eller brandfarliga ytor som gr\u00e4s eller l\u00f6v<\/li>\n<\/ul>\n<p>Leverans inneh\u00e5ller:<\/p>\n<ul>\n<li> 1 x Eldstad<\/li>\n<li> 1 x Poker<\/li>\n<li> 1 x Koln\u00e4t<\/li>\n<li> 1 x Stativ<\/li>\n<li> 1 x Instruktioner<\/li>\n<\/ul>\n","protected":false},"excerpt":{"rendered":"<p>Eldstaden skapar en varm, mysig tr\u00e4dg\u00e5rd. Med horisontell eldstad, v\u00e4rme reflektor, stabil trebenskonstruktion och v\u00e4derbest\u00e4ndig bel\u00e4ggning \u00e4r den h\u00e5llbar. Verktygsfri&#8230;<\/p>\n","protected":false},"featured_media":106225,"template":"","meta":[],"product_brand":[],"product_cat":[441,439,858],"product_tag":[],"class_list":{"0":"post-106234","1":"product","2":"type-product","3":"status-publish","4":"has-post-thumbnail","6":"product_cat-eldskalar","7":"product_cat-grillning-uppvarmning","8":"product_cat-tradgard-terrass","10":"first","11":"instock","12":"sale","13":"taxable","14":"shipping-taxable","15":"purchasable","16":"product-type-simple"},"yoast_head":"<!-- This site is optimized with the Yoast SEO plugin v25.4 - https:\/\/yoast.com\/wordpress\/plugins\/seo\/ -->\n<title>TRUUSK Justerbar Eldstad 60 x 53 x 66cm - Med Pokersats - Kolgaller - Stativ Svart - TRUUSK - Hem, Tr\u00e4dg\u00e5rd &amp; Fritid<\/title>\n<meta name=\"robots\" content=\"index, follow, max-snippet:-1, max-image-preview:large, max-video-preview:-1\" \/>\n<link rel=\"canonical\" href=\"https:\/\/truusk.store\/sv\/produkt\/truusk-justerbar-eldstad-60-x-53-x-66cm-med-pokersats-kolgaller-stativ-svart\/\" \/>\n<meta property=\"og:locale\" content=\"sv_SE\" \/>\n<meta property=\"og:type\" content=\"article\" \/>\n<meta property=\"og:title\" content=\"TRUUSK Justerbar Eldstad 60 x 53 x 66cm - Med Pokersats - Kolgaller - Stativ Svart - TRUUSK - Hem, Tr\u00e4dg\u00e5rd &amp; Fritid\" \/>\n<meta property=\"og:description\" content=\"Eldstaden skapar en varm, mysig tr\u00e4dg\u00e5rd. Med horisontell eldstad, v\u00e4rme reflektor, stabil trebenskonstruktion och v\u00e4derbest\u00e4ndig bel\u00e4ggning \u00e4r den h\u00e5llbar. Verktygsfri...\" \/>\n<meta property=\"og:url\" content=\"https:\/\/truusk.store\/sv\/produkt\/truusk-justerbar-eldstad-60-x-53-x-66cm-med-pokersats-kolgaller-stativ-svart\/\" \/>\n<meta property=\"og:site_name\" content=\"TRUUSK - Hem, Tr\u00e4dg\u00e5rd &amp; Fritid\" \/>\n<meta property=\"article:modified_time\" content=\"2026-03-12T07:53:35+00:00\" \/>\n<meta property=\"og:image\" content=\"https:\/\/i0.wp.com\/truusk.se\/wp-content\/uploads\/2026\/02\/eldskal-60-x-53-x-66cm-justerbar-eldstad-med-pokersats-kolgaller-stativ-svart-1.webp?fit=2000%2C2000&ssl=1\" \/>\n\t<meta property=\"og:image:width\" content=\"2000\" \/>\n\t<meta property=\"og:image:height\" content=\"2000\" \/>\n\t<meta property=\"og:image:type\" content=\"image\/webp\" \/>\n<meta name=\"twitter:card\" content=\"summary_large_image\" \/>\n<meta name=\"twitter:label1\" content=\"Ber\u00e4knad l\u00e4stid\" \/>\n\t<meta name=\"twitter:data1\" content=\"1 minut\" \/>\n<!-- \/ Yoast SEO plugin. -->","yoast_head_json":{"title":"TRUUSK Justerbar Eldstad 60 x 53 x 66cm - Med Pokersats - Kolgaller - Stativ Svart - TRUUSK - Hem, Tr\u00e4dg\u00e5rd &amp; Fritid","robots":{"index":"index","follow":"follow","max-snippet":"max-snippet:-1","max-image-preview":"max-image-preview:large","max-video-preview":"max-video-preview:-1"},"canonical":"https:\/\/truusk.store\/sv\/produkt\/truusk-justerbar-eldstad-60-x-53-x-66cm-med-pokersats-kolgaller-stativ-svart\/","og_locale":"sv_SE","og_type":"article","og_title":"TRUUSK Justerbar Eldstad 60 x 53 x 66cm - Med Pokersats - Kolgaller - Stativ Svart - TRUUSK - Hem, Tr\u00e4dg\u00e5rd &amp; Fritid","og_description":"Eldstaden skapar en varm, mysig tr\u00e4dg\u00e5rd. Med horisontell eldstad, v\u00e4rme reflektor, stabil trebenskonstruktion och v\u00e4derbest\u00e4ndig bel\u00e4ggning \u00e4r den h\u00e5llbar. Verktygsfri...","og_url":"https:\/\/truusk.store\/sv\/produkt\/truusk-justerbar-eldstad-60-x-53-x-66cm-med-pokersats-kolgaller-stativ-svart\/","og_site_name":"TRUUSK - Hem, Tr\u00e4dg\u00e5rd &amp; Fritid","article_modified_time":"2026-03-12T07:53:35+00:00","og_image":[{"width":2000,"height":2000,"url":"https:\/\/i0.wp.com\/truusk.se\/wp-content\/uploads\/2026\/02\/eldskal-60-x-53-x-66cm-justerbar-eldstad-med-pokersats-kolgaller-stativ-svart-1.webp?fit=2000%2C2000&ssl=1","type":"image\/webp"}],"twitter_card":"summary_large_image","twitter_misc":{"Ber\u00e4knad l\u00e4stid":"1 minut"},"schema":{"@context":"https:\/\/schema.org","@graph":[{"@type":"WebPage","@id":"https:\/\/truusk.store\/sv\/produkt\/truusk-justerbar-eldstad-60-x-53-x-66cm-med-pokersats-kolgaller-stativ-svart\/","url":"https:\/\/truusk.store\/sv\/produkt\/truusk-justerbar-eldstad-60-x-53-x-66cm-med-pokersats-kolgaller-stativ-svart\/","name":"TRUUSK Justerbar Eldstad 60 x 53 x 66cm - Med Pokersats - Kolgaller - Stativ Svart - TRUUSK - Hem, Tr\u00e4dg\u00e5rd &amp; Fritid","isPartOf":{"@id":"https:\/\/truusk.store\/sv\/#website"},"primaryImageOfPage":{"@id":"https:\/\/truusk.store\/sv\/produkt\/truusk-justerbar-eldstad-60-x-53-x-66cm-med-pokersats-kolgaller-stativ-svart\/#primaryimage"},"image":{"@id":"https:\/\/truusk.store\/sv\/produkt\/truusk-justerbar-eldstad-60-x-53-x-66cm-med-pokersats-kolgaller-stativ-svart\/#primaryimage"},"thumbnailUrl":"https:\/\/i0.wp.com\/truusk.store\/wp-content\/uploads\/2026\/02\/eldskal-60-x-53-x-66cm-justerbar-eldstad-med-pokersats-kolgaller-stativ-svart-1.webp?fit=2000%2C2000&ssl=1","datePublished":"2026-02-24T06:18:40+00:00","dateModified":"2026-03-12T07:53:35+00:00","breadcrumb":{"@id":"https:\/\/truusk.store\/sv\/produkt\/truusk-justerbar-eldstad-60-x-53-x-66cm-med-pokersats-kolgaller-stativ-svart\/#breadcrumb"},"inLanguage":"sv-SE","potentialAction":[{"@type":"ReadAction","target":["https:\/\/truusk.store\/sv\/produkt\/truusk-justerbar-eldstad-60-x-53-x-66cm-med-pokersats-kolgaller-stativ-svart\/"]}]},{"@type":"ImageObject","inLanguage":"sv-SE","@id":"https:\/\/truusk.store\/sv\/produkt\/truusk-justerbar-eldstad-60-x-53-x-66cm-med-pokersats-kolgaller-stativ-svart\/#primaryimage","url":"https:\/\/i0.wp.com\/truusk.store\/wp-content\/uploads\/2026\/02\/eldskal-60-x-53-x-66cm-justerbar-eldstad-med-pokersats-kolgaller-stativ-svart-1.webp?fit=2000%2C2000&ssl=1","contentUrl":"https:\/\/i0.wp.com\/truusk.store\/wp-content\/uploads\/2026\/02\/eldskal-60-x-53-x-66cm-justerbar-eldstad-med-pokersats-kolgaller-stativ-svart-1.webp?fit=2000%2C2000&ssl=1","width":2000,"height":2000},{"@type":"BreadcrumbList","@id":"https:\/\/truusk.store\/sv\/produkt\/truusk-justerbar-eldstad-60-x-53-x-66cm-med-pokersats-kolgaller-stativ-svart\/#breadcrumb","itemListElement":[{"@type":"ListItem","position":1,"name":"Home","item":"https:\/\/truusk.store\/sv\/"},{"@type":"ListItem","position":2,"name":"Shop","item":"https:\/\/truusk.store\/shop\/"},{"@type":"ListItem","position":3,"name":"TRUUSK Justerbar Eldstad 60 x 53 x 66cm &#8211; Med Pokersats &#8211; Kolgaller &#8211; Stativ Svart"}]},{"@type":"WebSite","@id":"https:\/\/truusk.store\/sv\/#website","url":"https:\/\/truusk.store\/sv\/","name":"TRUUSK - Hem, Tr\u00e4dg\u00e5rd & Fritid","description":"","publisher":{"@id":"https:\/\/truusk.store\/sv\/#organization"},"potentialAction":[{"@type":"SearchAction","target":{"@type":"EntryPoint","urlTemplate":"https:\/\/truusk.store\/sv\/?s={search_term_string}"},"query-input":{"@type":"PropertyValueSpecification","valueRequired":true,"valueName":"search_term_string"}}],"inLanguage":"sv-SE"},{"@type":"Organization","@id":"https:\/\/truusk.store\/sv\/#organization","name":"TRUUSK - Hem, Tr\u00e4dg\u00e5rd & Fritid","url":"https:\/\/truusk.store\/sv\/","logo":{"@type":"ImageObject","inLanguage":"sv-SE","@id":"https:\/\/truusk.store\/sv\/#\/schema\/logo\/image\/","url":"https:\/\/i0.wp.com\/truusk.store\/wp-content\/uploads\/2026\/03\/cropped-TRUUSK.png?fit=2032%2C917&ssl=1","contentUrl":"https:\/\/i0.wp.com\/truusk.store\/wp-content\/uploads\/2026\/03\/cropped-TRUUSK.png?fit=2032%2C917&ssl=1","width":2032,"height":917,"caption":"TRUUSK - Hem, Tr\u00e4dg\u00e5rd & Fritid"},"image":{"@id":"https:\/\/truusk.store\/sv\/#\/schema\/logo\/image\/"}}]}},"jetpack_sharing_enabled":true,"_links":{"self":[{"href":"https:\/\/truusk.store\/sv\/wp-json\/wp\/v2\/product\/106234","targetHints":{"allow":["GET"]}}],"collection":[{"href":"https:\/\/truusk.store\/sv\/wp-json\/wp\/v2\/product"}],"about":[{"href":"https:\/\/truusk.store\/sv\/wp-json\/wp\/v2\/types\/product"}],"wp:featuredmedia":[{"embeddable":true,"href":"https:\/\/truusk.store\/sv\/wp-json\/wp\/v2\/media\/106225"}],"wp:attachment":[{"href":"https:\/\/truusk.store\/sv\/wp-json\/wp\/v2\/media?parent=106234"}],"wp:term":[{"taxonomy":"product_brand","embeddable":true,"href":"https:\/\/truusk.store\/sv\/wp-json\/wp\/v2\/product_brand?post=106234"},{"taxonomy":"product_cat","embeddable":true,"href":"https:\/\/truusk.store\/sv\/wp-json\/wp\/v2\/product_cat?post=106234"},{"taxonomy":"product_tag","embeddable":true,"href":"https:\/\/truusk.store\/sv\/wp-json\/wp\/v2\/product_tag?post=106234"}],"curies":[{"name":"wp","href":"https:\/\/api.w.org\/{rel}","templated":true}]}}