{"id":106254,"date":"2026-02-24T07:20:41","date_gmt":"2026-02-24T06:20:41","guid":{"rendered":"https:\/\/truusk.store\/product\/hogbadd-med-klatterstallning-mobil-blomlada-med-rullar-och-avloppshal-planteringslada-40-x-40-x-185-cm\/"},"modified":"2026-03-12T08:53:36","modified_gmt":"2026-03-12T07:53:36","slug":"truusk-hogbadd-med-klatterstallning-mobil-blomlada-med-rullar-avloppshal-planteringslada-40-x-40-x-185-cm","status":"publish","type":"product","link":"https:\/\/truusk.store\/sv\/produkt\/truusk-hogbadd-med-klatterstallning-mobil-blomlada-med-rullar-avloppshal-planteringslada-40-x-40-x-185-cm\/","title":{"rendered":"TRUUSK H\u00f6gb\u00e4dd Med Kl\u00e4tterst\u00e4llning &#8211; Mobil Bloml\u00e5da Med Rullar &#8211; Avloppsh\u00e5l &#8211; Planteringsl\u00e5da 40 X 40 X 185 Cm"},"content":{"rendered":"<p>V\u00e5r bloml\u00e5da med kl\u00e4tterst\u00e4llning f\u00f6rvandlar din lilla terrass till en livlig, vertikal oas. T\u00e4nk dig frustrationen n\u00e4r v\u00e4xter vissnar p\u00e5 fel plats &#8211; denna planteringsl\u00e5da kan enkelt flyttas tack vare fyra hjul f\u00f6r optimal solinstr\u00e5lning. Den v\u00e4derbest\u00e4ndiga planteringskrukan med kl\u00e4tterst\u00e4llning fr\u00e5n [BRAND NAME] \u00e4r h\u00e5llbar och ger dig en s\u00e4ker, blomstrande tr\u00e4dg\u00e5rd som ger dig komfort och naturlig sk\u00f6nhet direkt till din d\u00f6rr, s\u00e4song efter s\u00e4song.<\/p>\n<p>Beskrivning:<\/p>\n<ul>\n<li> Har en 185 cm h\u00f6g kl\u00e4tterst\u00e4llning f\u00f6r att st\u00f6dja kl\u00e4tterv\u00e4xter och blommor<\/li>\n<li> Multifunktionell h\u00f6g s\u00e4ng med fyra l\u00e5sbara hjul f\u00f6r enkel flyttning p\u00e5 din terrass<\/li>\n<li> Tillverkad av PE-belagt st\u00e5l och en plastplanteringskruka f\u00f6r l\u00e5ngvarig utomhusanv\u00e4ndning<\/li>\n<li> Planteringskrukan har en kapacitet p\u00e5 24 L f\u00f6r dina gr\u00f6nsaker eller blommor<\/li>\n<li> Inneh\u00e5ller fyra dr\u00e4neringsh\u00e5l f\u00f6r att undvika vattensamling och skydda v\u00e4xternas r\u00f6tter<\/li>\n<li> B\u00e4r s\u00e4kert upp till 10 kg jord och v\u00e4xter f\u00f6r stabil tr\u00e4dg\u00e5rdssk\u00f6tsel<\/li>\n<li> Montering kr\u00e4vs<\/li>\n<\/ul>\n<p> Tekniska specifikationer:<\/p>\n<ul>\n<li> F\u00e4rg: Svart<\/li>\n<li> Material: PE-belagt st\u00e5l, plast<\/li>\n<li> Totala dimensioner: 40L x 40B x 185H cm<\/li>\n<li> Planteringsomr\u00e5dets storlek: 35L x 35B x 19H cm<\/li>\n<li> B\u00e4rkapacitet: 10 kg<\/li>\n<\/ul>\n<p>Leveransinneh\u00e5ll:<\/p>\n<ul>\n<li> 1 x h\u00f6g s\u00e4ng med kl\u00e4tterst\u00e4llning<\/li>\n<li> 1 x instruktioner<\/li>\n<\/ul>\n","protected":false},"excerpt":{"rendered":"<p>V\u00e5r bloml\u00e5da med kl\u00e4tterst\u00e4llning f\u00f6rvandlar din lilla terrass till en livlig, vertikal oas. T\u00e4nk dig frustrationen n\u00e4r v\u00e4xter vissnar p\u00e5&#8230;<\/p>\n","protected":false},"featured_media":106242,"template":"","meta":[],"product_brand":[],"product_cat":[924,858,443],"product_tag":[],"class_list":{"0":"post-106254","1":"product","2":"type-product","3":"status-publish","4":"has-post-thumbnail","6":"product_cat-plantkarl","7":"product_cat-tradgard-terrass","8":"product_cat-vaxthus-tradgardsskotsel","10":"first","11":"instock","12":"sale","13":"taxable","14":"shipping-taxable","15":"purchasable","16":"product-type-simple"},"yoast_head":"<!-- This site is optimized with the Yoast SEO plugin v25.4 - https:\/\/yoast.com\/wordpress\/plugins\/seo\/ -->\n<title>TRUUSK H\u00f6gb\u00e4dd Med Kl\u00e4tterst\u00e4llning - Mobil Bloml\u00e5da Med Rullar - Avloppsh\u00e5l - Planteringsl\u00e5da 40 X 40 X 185 Cm - TRUUSK - Hem, Tr\u00e4dg\u00e5rd &amp; Fritid<\/title>\n<meta name=\"robots\" content=\"index, follow, max-snippet:-1, max-image-preview:large, max-video-preview:-1\" \/>\n<link rel=\"canonical\" href=\"https:\/\/truusk.store\/sv\/produkt\/truusk-hogbadd-med-klatterstallning-mobil-blomlada-med-rullar-avloppshal-planteringslada-40-x-40-x-185-cm\/\" \/>\n<meta property=\"og:locale\" content=\"sv_SE\" \/>\n<meta property=\"og:type\" content=\"article\" \/>\n<meta property=\"og:title\" content=\"TRUUSK H\u00f6gb\u00e4dd Med Kl\u00e4tterst\u00e4llning - Mobil Bloml\u00e5da Med Rullar - Avloppsh\u00e5l - Planteringsl\u00e5da 40 X 40 X 185 Cm - TRUUSK - Hem, Tr\u00e4dg\u00e5rd &amp; Fritid\" \/>\n<meta property=\"og:description\" content=\"V\u00e5r bloml\u00e5da med kl\u00e4tterst\u00e4llning f\u00f6rvandlar din lilla terrass till en livlig, vertikal oas. T\u00e4nk dig frustrationen n\u00e4r v\u00e4xter vissnar p\u00e5...\" \/>\n<meta property=\"og:url\" content=\"https:\/\/truusk.store\/sv\/produkt\/truusk-hogbadd-med-klatterstallning-mobil-blomlada-med-rullar-avloppshal-planteringslada-40-x-40-x-185-cm\/\" \/>\n<meta property=\"og:site_name\" content=\"TRUUSK - Hem, Tr\u00e4dg\u00e5rd &amp; Fritid\" \/>\n<meta property=\"article:modified_time\" content=\"2026-03-12T07:53:36+00:00\" \/>\n<meta property=\"og:image\" content=\"https:\/\/i0.wp.com\/truusk.se\/wp-content\/uploads\/2026\/02\/hogbadd-med-klatterstallning-mobil-blomlada-med-rullar-och-avloppshal-planteringslada-40-x-40-x-185-cm-1.webp?fit=2000%2C2000&ssl=1\" \/>\n\t<meta property=\"og:image:width\" content=\"2000\" \/>\n\t<meta property=\"og:image:height\" content=\"2000\" \/>\n\t<meta property=\"og:image:type\" content=\"image\/webp\" \/>\n<meta name=\"twitter:card\" content=\"summary_large_image\" \/>\n<meta name=\"twitter:label1\" content=\"Ber\u00e4knad l\u00e4stid\" \/>\n\t<meta name=\"twitter:data1\" content=\"1 minut\" \/>\n<!-- \/ Yoast SEO plugin. -->","yoast_head_json":{"title":"TRUUSK H\u00f6gb\u00e4dd Med Kl\u00e4tterst\u00e4llning - Mobil Bloml\u00e5da Med Rullar - Avloppsh\u00e5l - Planteringsl\u00e5da 40 X 40 X 185 Cm - TRUUSK - Hem, Tr\u00e4dg\u00e5rd &amp; Fritid","robots":{"index":"index","follow":"follow","max-snippet":"max-snippet:-1","max-image-preview":"max-image-preview:large","max-video-preview":"max-video-preview:-1"},"canonical":"https:\/\/truusk.store\/sv\/produkt\/truusk-hogbadd-med-klatterstallning-mobil-blomlada-med-rullar-avloppshal-planteringslada-40-x-40-x-185-cm\/","og_locale":"sv_SE","og_type":"article","og_title":"TRUUSK H\u00f6gb\u00e4dd Med Kl\u00e4tterst\u00e4llning - Mobil Bloml\u00e5da Med Rullar - Avloppsh\u00e5l - Planteringsl\u00e5da 40 X 40 X 185 Cm - TRUUSK - Hem, Tr\u00e4dg\u00e5rd &amp; Fritid","og_description":"V\u00e5r bloml\u00e5da med kl\u00e4tterst\u00e4llning f\u00f6rvandlar din lilla terrass till en livlig, vertikal oas. T\u00e4nk dig frustrationen n\u00e4r v\u00e4xter vissnar p\u00e5...","og_url":"https:\/\/truusk.store\/sv\/produkt\/truusk-hogbadd-med-klatterstallning-mobil-blomlada-med-rullar-avloppshal-planteringslada-40-x-40-x-185-cm\/","og_site_name":"TRUUSK - Hem, Tr\u00e4dg\u00e5rd &amp; Fritid","article_modified_time":"2026-03-12T07:53:36+00:00","og_image":[{"width":2000,"height":2000,"url":"https:\/\/i0.wp.com\/truusk.se\/wp-content\/uploads\/2026\/02\/hogbadd-med-klatterstallning-mobil-blomlada-med-rullar-och-avloppshal-planteringslada-40-x-40-x-185-cm-1.webp?fit=2000%2C2000&ssl=1","type":"image\/webp"}],"twitter_card":"summary_large_image","twitter_misc":{"Ber\u00e4knad l\u00e4stid":"1 minut"},"schema":{"@context":"https:\/\/schema.org","@graph":[{"@type":"WebPage","@id":"https:\/\/truusk.store\/sv\/produkt\/truusk-hogbadd-med-klatterstallning-mobil-blomlada-med-rullar-avloppshal-planteringslada-40-x-40-x-185-cm\/","url":"https:\/\/truusk.store\/sv\/produkt\/truusk-hogbadd-med-klatterstallning-mobil-blomlada-med-rullar-avloppshal-planteringslada-40-x-40-x-185-cm\/","name":"TRUUSK H\u00f6gb\u00e4dd Med Kl\u00e4tterst\u00e4llning - Mobil Bloml\u00e5da Med Rullar - Avloppsh\u00e5l - Planteringsl\u00e5da 40 X 40 X 185 Cm - TRUUSK - Hem, Tr\u00e4dg\u00e5rd &amp; Fritid","isPartOf":{"@id":"https:\/\/truusk.store\/sv\/#website"},"primaryImageOfPage":{"@id":"https:\/\/truusk.store\/sv\/produkt\/truusk-hogbadd-med-klatterstallning-mobil-blomlada-med-rullar-avloppshal-planteringslada-40-x-40-x-185-cm\/#primaryimage"},"image":{"@id":"https:\/\/truusk.store\/sv\/produkt\/truusk-hogbadd-med-klatterstallning-mobil-blomlada-med-rullar-avloppshal-planteringslada-40-x-40-x-185-cm\/#primaryimage"},"thumbnailUrl":"https:\/\/i0.wp.com\/truusk.store\/wp-content\/uploads\/2026\/02\/hogbadd-med-klatterstallning-mobil-blomlada-med-rullar-och-avloppshal-planteringslada-40-x-40-x-185-cm-1.webp?fit=2000%2C2000&ssl=1","datePublished":"2026-02-24T06:20:41+00:00","dateModified":"2026-03-12T07:53:36+00:00","breadcrumb":{"@id":"https:\/\/truusk.store\/sv\/produkt\/truusk-hogbadd-med-klatterstallning-mobil-blomlada-med-rullar-avloppshal-planteringslada-40-x-40-x-185-cm\/#breadcrumb"},"inLanguage":"sv-SE","potentialAction":[{"@type":"ReadAction","target":["https:\/\/truusk.store\/sv\/produkt\/truusk-hogbadd-med-klatterstallning-mobil-blomlada-med-rullar-avloppshal-planteringslada-40-x-40-x-185-cm\/"]}]},{"@type":"ImageObject","inLanguage":"sv-SE","@id":"https:\/\/truusk.store\/sv\/produkt\/truusk-hogbadd-med-klatterstallning-mobil-blomlada-med-rullar-avloppshal-planteringslada-40-x-40-x-185-cm\/#primaryimage","url":"https:\/\/i0.wp.com\/truusk.store\/wp-content\/uploads\/2026\/02\/hogbadd-med-klatterstallning-mobil-blomlada-med-rullar-och-avloppshal-planteringslada-40-x-40-x-185-cm-1.webp?fit=2000%2C2000&ssl=1","contentUrl":"https:\/\/i0.wp.com\/truusk.store\/wp-content\/uploads\/2026\/02\/hogbadd-med-klatterstallning-mobil-blomlada-med-rullar-och-avloppshal-planteringslada-40-x-40-x-185-cm-1.webp?fit=2000%2C2000&ssl=1","width":2000,"height":2000},{"@type":"BreadcrumbList","@id":"https:\/\/truusk.store\/sv\/produkt\/truusk-hogbadd-med-klatterstallning-mobil-blomlada-med-rullar-avloppshal-planteringslada-40-x-40-x-185-cm\/#breadcrumb","itemListElement":[{"@type":"ListItem","position":1,"name":"Home","item":"https:\/\/truusk.store\/sv\/"},{"@type":"ListItem","position":2,"name":"Shop","item":"https:\/\/truusk.store\/shop\/"},{"@type":"ListItem","position":3,"name":"TRUUSK H\u00f6gb\u00e4dd Med Kl\u00e4tterst\u00e4llning &#8211; Mobil Bloml\u00e5da Med Rullar &#8211; Avloppsh\u00e5l &#8211; Planteringsl\u00e5da 40 X 40 X 185 Cm"}]},{"@type":"WebSite","@id":"https:\/\/truusk.store\/sv\/#website","url":"https:\/\/truusk.store\/sv\/","name":"TRUUSK - Hem, Tr\u00e4dg\u00e5rd & Fritid","description":"","publisher":{"@id":"https:\/\/truusk.store\/sv\/#organization"},"potentialAction":[{"@type":"SearchAction","target":{"@type":"EntryPoint","urlTemplate":"https:\/\/truusk.store\/sv\/?s={search_term_string}"},"query-input":{"@type":"PropertyValueSpecification","valueRequired":true,"valueName":"search_term_string"}}],"inLanguage":"sv-SE"},{"@type":"Organization","@id":"https:\/\/truusk.store\/sv\/#organization","name":"TRUUSK - Hem, Tr\u00e4dg\u00e5rd & Fritid","url":"https:\/\/truusk.store\/sv\/","logo":{"@type":"ImageObject","inLanguage":"sv-SE","@id":"https:\/\/truusk.store\/sv\/#\/schema\/logo\/image\/","url":"https:\/\/i0.wp.com\/truusk.store\/wp-content\/uploads\/2026\/03\/cropped-TRUUSK.png?fit=2032%2C917&ssl=1","contentUrl":"https:\/\/i0.wp.com\/truusk.store\/wp-content\/uploads\/2026\/03\/cropped-TRUUSK.png?fit=2032%2C917&ssl=1","width":2032,"height":917,"caption":"TRUUSK - Hem, Tr\u00e4dg\u00e5rd & Fritid"},"image":{"@id":"https:\/\/truusk.store\/sv\/#\/schema\/logo\/image\/"}}]}},"jetpack_sharing_enabled":true,"_links":{"self":[{"href":"https:\/\/truusk.store\/sv\/wp-json\/wp\/v2\/product\/106254","targetHints":{"allow":["GET"]}}],"collection":[{"href":"https:\/\/truusk.store\/sv\/wp-json\/wp\/v2\/product"}],"about":[{"href":"https:\/\/truusk.store\/sv\/wp-json\/wp\/v2\/types\/product"}],"wp:featuredmedia":[{"embeddable":true,"href":"https:\/\/truusk.store\/sv\/wp-json\/wp\/v2\/media\/106242"}],"wp:attachment":[{"href":"https:\/\/truusk.store\/sv\/wp-json\/wp\/v2\/media?parent=106254"}],"wp:term":[{"taxonomy":"product_brand","embeddable":true,"href":"https:\/\/truusk.store\/sv\/wp-json\/wp\/v2\/product_brand?post=106254"},{"taxonomy":"product_cat","embeddable":true,"href":"https:\/\/truusk.store\/sv\/wp-json\/wp\/v2\/product_cat?post=106254"},{"taxonomy":"product_tag","embeddable":true,"href":"https:\/\/truusk.store\/sv\/wp-json\/wp\/v2\/product_tag?post=106254"}],"curies":[{"name":"wp","href":"https:\/\/api.w.org\/{rel}","templated":true}]}}