{"id":106265,"date":"2026-02-24T07:21:57","date_gmt":"2026-02-24T06:21:57","guid":{"rendered":"https:\/\/truusk.store\/product\/honshus-i-tra-med-varprede-vattentatt-tak-sittpinne-utegard-ramp-204x85x93-cm-naturligt-tra\/"},"modified":"2026-03-12T08:53:37","modified_gmt":"2026-03-12T07:53:37","slug":"truusk-honshus-i-tra-varprede-vattentatt-tak-sittpinne-utegard-ramp-204x85x93-cm-naturligt-tra","status":"publish","type":"product","link":"https:\/\/truusk.store\/sv\/produkt\/truusk-honshus-i-tra-varprede-vattentatt-tak-sittpinne-utegard-ramp-204x85x93-cm-naturligt-tra\/","title":{"rendered":"TRUUSK H\u00f6nshus i Tr\u00e4 &#8211; V\u00e4rprede &#8211; Vattent\u00e4tt Tak &#8211; Sittpinne &#8211; Uteg\u00e5rd &#8211; Ramp &#8211; 204x85x93 cm &#8211; Naturligt Tr\u00e4"},"content":{"rendered":"<p>Ge ditt lilla husdjur ett fint och lyckligt hem. Detta grantr\u00e4sh\u00f6nshus erbjuder inomhus- och utomhusomr\u00e5den, privat retr\u00e4tt och frisk luft plats. En v\u00e4rpningsl\u00e5da ger enkel tillg\u00e5ng till \u00e4gg, och flera d\u00f6rrar underl\u00e4ttar p\u00e5fyllning av vatten och mat. S\u00e5 blir sk\u00f6tsel av dina husdjur enkelt och trevligt.<\/p>\n<p>Beskrivning:<\/p>\n<ul>\n<li> Tv\u00e5v\u00e5nings h\u00f6nshus med uteg\u00e5rdar och ramp ger h\u00f6nsen utrymme att springa runt och leka<\/li>\n<li> Massivt grantr\u00e4 och vattent\u00e4tt tak ser till att h\u00f6nsen \u00e4r bekv\u00e4ma i alla v\u00e4der<\/li>\n<li> Stabil konstruktion och galvaniserat tr\u00e5dn\u00e4t skyddar din h\u00f6nsflock fr\u00e5n rovdjur<\/li>\n<li> Ventilerad design ger frisk luft och friskare, lyckligare h\u00f6ns<\/li>\n<li> Uttagbar l\u00e5da och fem tillg\u00e5ngsd\u00f6rrar underl\u00e4ttar reng\u00f6ring och kontroll av stallet<\/li>\n<li> V\u00e4rpningsl\u00e5da ger h\u00f6norna en privat plats att l\u00e4gga \u00e4gg och vila.<\/li>\n<li> Montering kr\u00e4vs<\/li>\n<\/ul>\n<p> Tekniska data:<\/p>\n<ul>\n<li> F\u00e4rg: Naturtr\u00e4+Gr\u00f6n<\/li>\n<li> Material: Grantr\u00e4, Galvaniserat st\u00e5l<\/li>\n<li> Totala dimensioner: 204L x 85B x 93H cm<\/li>\n<li> Huvudhus: 65B x 48T x 52H cm<\/li>\n<li> Huvudd\u00f6rr: 28L x 28H cm<\/li>\n<li> L\u00e5da: 58L x 46B cm<\/li>\n<li> L\u00f6pbox: 67L x 48B x 66H cm (sidan), 65L x 48B x 35H cm (botten)<\/li>\n<li> L\u00f6pboxd\u00f6rr: 27L x 58H cm (sidan), 28L x 28H cm (botten)<\/li>\n<li> Anslutningsd\u00f6rr: 18L x 20H cm<\/li>\n<li> V\u00e4rpningsl\u00e5da: 61L x 31B x 35H cm<\/li>\n<li> Ramp: 63L x 18B cm<\/li>\n<\/ul>\n<p>Leveransinneh\u00e5ll:<\/p>\n<ul>\n<li> 1 x H\u00f6nshus<\/li>\n<li> 1 x Bruksanvisning<\/li>\n<\/ul>\n","protected":false},"excerpt":{"rendered":"<p>Ge ditt lilla husdjur ett fint och lyckligt hem. Detta grantr\u00e4sh\u00f6nshus erbjuder inomhus- och utomhusomr\u00e5den, privat retr\u00e4tt och frisk luft&#8230;<\/p>\n","protected":false},"featured_media":106255,"template":"","meta":[],"product_brand":[],"product_cat":[895,601,602],"product_tag":[],"class_list":{"0":"post-106265","1":"product","2":"type-product","3":"status-publish","4":"has-post-thumbnail","6":"product_cat-djurutrustning","7":"product_cat-fageltillbehor","8":"product_cat-honshus","10":"first","11":"instock","12":"sale","13":"taxable","14":"shipping-taxable","15":"purchasable","16":"product-type-simple"},"yoast_head":"<!-- This site is optimized with the Yoast SEO plugin v25.4 - https:\/\/yoast.com\/wordpress\/plugins\/seo\/ -->\n<title>TRUUSK H\u00f6nshus i Tr\u00e4 - V\u00e4rprede - Vattent\u00e4tt Tak - Sittpinne - Uteg\u00e5rd - Ramp - 204x85x93 cm - Naturligt Tr\u00e4 - TRUUSK - Hem, Tr\u00e4dg\u00e5rd &amp; Fritid<\/title>\n<meta name=\"robots\" content=\"index, follow, max-snippet:-1, max-image-preview:large, max-video-preview:-1\" \/>\n<link rel=\"canonical\" href=\"https:\/\/truusk.store\/sv\/produkt\/truusk-honshus-i-tra-varprede-vattentatt-tak-sittpinne-utegard-ramp-204x85x93-cm-naturligt-tra\/\" \/>\n<meta property=\"og:locale\" content=\"sv_SE\" \/>\n<meta property=\"og:type\" content=\"article\" \/>\n<meta property=\"og:title\" content=\"TRUUSK H\u00f6nshus i Tr\u00e4 - V\u00e4rprede - Vattent\u00e4tt Tak - Sittpinne - Uteg\u00e5rd - Ramp - 204x85x93 cm - Naturligt Tr\u00e4 - TRUUSK - Hem, Tr\u00e4dg\u00e5rd &amp; Fritid\" \/>\n<meta property=\"og:description\" content=\"Ge ditt lilla husdjur ett fint och lyckligt hem. Detta grantr\u00e4sh\u00f6nshus erbjuder inomhus- och utomhusomr\u00e5den, privat retr\u00e4tt och frisk luft...\" \/>\n<meta property=\"og:url\" content=\"https:\/\/truusk.store\/sv\/produkt\/truusk-honshus-i-tra-varprede-vattentatt-tak-sittpinne-utegard-ramp-204x85x93-cm-naturligt-tra\/\" \/>\n<meta property=\"og:site_name\" content=\"TRUUSK - Hem, Tr\u00e4dg\u00e5rd &amp; Fritid\" \/>\n<meta property=\"article:modified_time\" content=\"2026-03-12T07:53:37+00:00\" \/>\n<meta property=\"og:image\" content=\"https:\/\/i0.wp.com\/truusk.se\/wp-content\/uploads\/2026\/02\/honshus-i-tra-med-varprede-vattentatt-tak-sittpinne-utegard-ramp-204x85x93-cm-naturligt-tra-1.webp?fit=2000%2C2000&ssl=1\" \/>\n\t<meta property=\"og:image:width\" content=\"2000\" \/>\n\t<meta property=\"og:image:height\" content=\"2000\" \/>\n\t<meta property=\"og:image:type\" content=\"image\/webp\" \/>\n<meta name=\"twitter:card\" content=\"summary_large_image\" \/>\n<meta name=\"twitter:label1\" content=\"Ber\u00e4knad l\u00e4stid\" \/>\n\t<meta name=\"twitter:data1\" content=\"1 minut\" \/>\n<!-- \/ Yoast SEO plugin. -->","yoast_head_json":{"title":"TRUUSK H\u00f6nshus i Tr\u00e4 - V\u00e4rprede - Vattent\u00e4tt Tak - Sittpinne - Uteg\u00e5rd - Ramp - 204x85x93 cm - Naturligt Tr\u00e4 - TRUUSK - Hem, Tr\u00e4dg\u00e5rd &amp; Fritid","robots":{"index":"index","follow":"follow","max-snippet":"max-snippet:-1","max-image-preview":"max-image-preview:large","max-video-preview":"max-video-preview:-1"},"canonical":"https:\/\/truusk.store\/sv\/produkt\/truusk-honshus-i-tra-varprede-vattentatt-tak-sittpinne-utegard-ramp-204x85x93-cm-naturligt-tra\/","og_locale":"sv_SE","og_type":"article","og_title":"TRUUSK H\u00f6nshus i Tr\u00e4 - V\u00e4rprede - Vattent\u00e4tt Tak - Sittpinne - Uteg\u00e5rd - Ramp - 204x85x93 cm - Naturligt Tr\u00e4 - TRUUSK - Hem, Tr\u00e4dg\u00e5rd &amp; Fritid","og_description":"Ge ditt lilla husdjur ett fint och lyckligt hem. Detta grantr\u00e4sh\u00f6nshus erbjuder inomhus- och utomhusomr\u00e5den, privat retr\u00e4tt och frisk luft...","og_url":"https:\/\/truusk.store\/sv\/produkt\/truusk-honshus-i-tra-varprede-vattentatt-tak-sittpinne-utegard-ramp-204x85x93-cm-naturligt-tra\/","og_site_name":"TRUUSK - Hem, Tr\u00e4dg\u00e5rd &amp; Fritid","article_modified_time":"2026-03-12T07:53:37+00:00","og_image":[{"width":2000,"height":2000,"url":"https:\/\/i0.wp.com\/truusk.se\/wp-content\/uploads\/2026\/02\/honshus-i-tra-med-varprede-vattentatt-tak-sittpinne-utegard-ramp-204x85x93-cm-naturligt-tra-1.webp?fit=2000%2C2000&ssl=1","type":"image\/webp"}],"twitter_card":"summary_large_image","twitter_misc":{"Ber\u00e4knad l\u00e4stid":"1 minut"},"schema":{"@context":"https:\/\/schema.org","@graph":[{"@type":"WebPage","@id":"https:\/\/truusk.store\/sv\/produkt\/truusk-honshus-i-tra-varprede-vattentatt-tak-sittpinne-utegard-ramp-204x85x93-cm-naturligt-tra\/","url":"https:\/\/truusk.store\/sv\/produkt\/truusk-honshus-i-tra-varprede-vattentatt-tak-sittpinne-utegard-ramp-204x85x93-cm-naturligt-tra\/","name":"TRUUSK H\u00f6nshus i Tr\u00e4 - V\u00e4rprede - Vattent\u00e4tt Tak - Sittpinne - Uteg\u00e5rd - Ramp - 204x85x93 cm - Naturligt Tr\u00e4 - TRUUSK - Hem, Tr\u00e4dg\u00e5rd &amp; Fritid","isPartOf":{"@id":"https:\/\/truusk.store\/sv\/#website"},"primaryImageOfPage":{"@id":"https:\/\/truusk.store\/sv\/produkt\/truusk-honshus-i-tra-varprede-vattentatt-tak-sittpinne-utegard-ramp-204x85x93-cm-naturligt-tra\/#primaryimage"},"image":{"@id":"https:\/\/truusk.store\/sv\/produkt\/truusk-honshus-i-tra-varprede-vattentatt-tak-sittpinne-utegard-ramp-204x85x93-cm-naturligt-tra\/#primaryimage"},"thumbnailUrl":"https:\/\/i0.wp.com\/truusk.store\/wp-content\/uploads\/2026\/02\/honshus-i-tra-med-varprede-vattentatt-tak-sittpinne-utegard-ramp-204x85x93-cm-naturligt-tra-1.webp?fit=2000%2C2000&ssl=1","datePublished":"2026-02-24T06:21:57+00:00","dateModified":"2026-03-12T07:53:37+00:00","breadcrumb":{"@id":"https:\/\/truusk.store\/sv\/produkt\/truusk-honshus-i-tra-varprede-vattentatt-tak-sittpinne-utegard-ramp-204x85x93-cm-naturligt-tra\/#breadcrumb"},"inLanguage":"sv-SE","potentialAction":[{"@type":"ReadAction","target":["https:\/\/truusk.store\/sv\/produkt\/truusk-honshus-i-tra-varprede-vattentatt-tak-sittpinne-utegard-ramp-204x85x93-cm-naturligt-tra\/"]}]},{"@type":"ImageObject","inLanguage":"sv-SE","@id":"https:\/\/truusk.store\/sv\/produkt\/truusk-honshus-i-tra-varprede-vattentatt-tak-sittpinne-utegard-ramp-204x85x93-cm-naturligt-tra\/#primaryimage","url":"https:\/\/i0.wp.com\/truusk.store\/wp-content\/uploads\/2026\/02\/honshus-i-tra-med-varprede-vattentatt-tak-sittpinne-utegard-ramp-204x85x93-cm-naturligt-tra-1.webp?fit=2000%2C2000&ssl=1","contentUrl":"https:\/\/i0.wp.com\/truusk.store\/wp-content\/uploads\/2026\/02\/honshus-i-tra-med-varprede-vattentatt-tak-sittpinne-utegard-ramp-204x85x93-cm-naturligt-tra-1.webp?fit=2000%2C2000&ssl=1","width":2000,"height":2000},{"@type":"BreadcrumbList","@id":"https:\/\/truusk.store\/sv\/produkt\/truusk-honshus-i-tra-varprede-vattentatt-tak-sittpinne-utegard-ramp-204x85x93-cm-naturligt-tra\/#breadcrumb","itemListElement":[{"@type":"ListItem","position":1,"name":"Home","item":"https:\/\/truusk.store\/sv\/"},{"@type":"ListItem","position":2,"name":"Shop","item":"https:\/\/truusk.store\/shop\/"},{"@type":"ListItem","position":3,"name":"TRUUSK H\u00f6nshus i Tr\u00e4 &#8211; V\u00e4rprede &#8211; Vattent\u00e4tt Tak &#8211; Sittpinne &#8211; Uteg\u00e5rd &#8211; Ramp &#8211; 204x85x93 cm &#8211; Naturligt Tr\u00e4"}]},{"@type":"WebSite","@id":"https:\/\/truusk.store\/sv\/#website","url":"https:\/\/truusk.store\/sv\/","name":"TRUUSK - Hem, Tr\u00e4dg\u00e5rd & Fritid","description":"","publisher":{"@id":"https:\/\/truusk.store\/sv\/#organization"},"potentialAction":[{"@type":"SearchAction","target":{"@type":"EntryPoint","urlTemplate":"https:\/\/truusk.store\/sv\/?s={search_term_string}"},"query-input":{"@type":"PropertyValueSpecification","valueRequired":true,"valueName":"search_term_string"}}],"inLanguage":"sv-SE"},{"@type":"Organization","@id":"https:\/\/truusk.store\/sv\/#organization","name":"TRUUSK - Hem, Tr\u00e4dg\u00e5rd & Fritid","url":"https:\/\/truusk.store\/sv\/","logo":{"@type":"ImageObject","inLanguage":"sv-SE","@id":"https:\/\/truusk.store\/sv\/#\/schema\/logo\/image\/","url":"https:\/\/i0.wp.com\/truusk.store\/wp-content\/uploads\/2026\/03\/cropped-TRUUSK.png?fit=2032%2C917&ssl=1","contentUrl":"https:\/\/i0.wp.com\/truusk.store\/wp-content\/uploads\/2026\/03\/cropped-TRUUSK.png?fit=2032%2C917&ssl=1","width":2032,"height":917,"caption":"TRUUSK - Hem, Tr\u00e4dg\u00e5rd & Fritid"},"image":{"@id":"https:\/\/truusk.store\/sv\/#\/schema\/logo\/image\/"}}]}},"jetpack_sharing_enabled":true,"_links":{"self":[{"href":"https:\/\/truusk.store\/sv\/wp-json\/wp\/v2\/product\/106265","targetHints":{"allow":["GET"]}}],"collection":[{"href":"https:\/\/truusk.store\/sv\/wp-json\/wp\/v2\/product"}],"about":[{"href":"https:\/\/truusk.store\/sv\/wp-json\/wp\/v2\/types\/product"}],"wp:featuredmedia":[{"embeddable":true,"href":"https:\/\/truusk.store\/sv\/wp-json\/wp\/v2\/media\/106255"}],"wp:attachment":[{"href":"https:\/\/truusk.store\/sv\/wp-json\/wp\/v2\/media?parent=106265"}],"wp:term":[{"taxonomy":"product_brand","embeddable":true,"href":"https:\/\/truusk.store\/sv\/wp-json\/wp\/v2\/product_brand?post=106265"},{"taxonomy":"product_cat","embeddable":true,"href":"https:\/\/truusk.store\/sv\/wp-json\/wp\/v2\/product_cat?post=106265"},{"taxonomy":"product_tag","embeddable":true,"href":"https:\/\/truusk.store\/sv\/wp-json\/wp\/v2\/product_tag?post=106265"}],"curies":[{"name":"wp","href":"https:\/\/api.w.org\/{rel}","templated":true}]}}