{"id":106275,"date":"2026-02-24T07:23:04","date_gmt":"2026-02-24T06:23:04","guid":{"rendered":"https:\/\/truusk.store\/product\/kycklingkoja-i-tra-med-utegard-varpreda-asfalts-tak-utdragbar-bricka-for-8-10-kycklingar-347x160x150-cm-morkgra\/"},"modified":"2026-03-12T08:53:37","modified_gmt":"2026-03-12T07:53:37","slug":"truusk-kycklingkoja-i-tra-med-utegard-varpreda-asfalts-tak-utdragbar-bricka-for-8-10-kycklingar-morkgra","status":"publish","type":"product","link":"https:\/\/truusk.store\/sv\/produkt\/truusk-kycklingkoja-i-tra-med-utegard-varpreda-asfalts-tak-utdragbar-bricka-for-8-10-kycklingar-morkgra\/","title":{"rendered":"TRUUSK Kycklingkoja i tr\u00e4 med uteg\u00e5rd &#8211; V\u00e4rpreda &#8211; Asfalts tak &#8211; Utdragbar bricka &#8211; F\u00f6r 8-10 kycklingar &#8211; M\u00f6rkgr\u00e5"},"content":{"rendered":"<p>Sk\u00e4m bort dina h\u00f6ns med denna stiliga och funktionella h\u00f6nsg\u00e5rd fr\u00e5n [BRAND NAME]. Denna modell erbjuder dina h\u00f6ns inomhus- och utomhusomr\u00e5den d\u00e4r de kan trivas samtidigt som de \u00e4r skyddade mot rovdjur och v\u00e4der och vind. Tack vare de uppf\u00e4llbara takdelarna p\u00e5 v\u00e4rpredet eller de l\u00e5sbara d\u00f6rrarna p\u00e5 framsidan av stallet och h\u00f6nsg\u00e5rden \u00e4r det enkelt att komma \u00e5t insidan av h\u00f6nshuset. Ge dina h\u00f6nor deras alldeles egna h\u00f6ns-palats fr\u00e5n [BRAND NAME].<\/p>\n<p>Beskrivning:<\/p>\n<ul>\n<li> Upph\u00f6jt hus, v\u00e4rpreden, ramp, d\u00f6rr och ansluten h\u00f6nsg\u00e5rd, s\u00e5 att h\u00f6nsen kan r\u00f6ra sig och koppla av<\/li>\n<li> H\u00f6gkvalitativ konstruktion av grantr\u00e4 f\u00f6r daglig anv\u00e4ndning<\/li>\n<li> Anti-UV och v\u00e4derbest\u00e4ndig takpapp<\/li>\n<li> Ett ventilerat sovomr\u00e5de ger luftcirkulation och ljus<\/li>\n<li> H\u00f6nsg\u00e5rden inneh\u00e5ller tv\u00e5 sittpinnar f\u00f6r att h\u00e5lla dina djur s\u00e4kra och varma<\/li>\n<li> Rampen ger h\u00f6nsen enkel tillg\u00e5ng till insidan<\/li>\n<li> Uttagbar botten-skjutbricka f\u00f6r enkel reng\u00f6ring<\/li>\n<li> Huset och v\u00e4rpreden \u00e4r l\u00e4ttillg\u00e4ngliga via l\u00e5sbara d\u00f6rrar<\/li>\n<\/ul>\n<p> Tekniska data:<\/p>\n<ul>\n<li> Material: Grantr\u00e4<\/li>\n<li> F\u00e4rg: Gr\u00e5<\/li>\n<li> Totala dimensioner: 347L x 160B x 150H cm<\/li>\n<li> Storlek p\u00e5 bostadshuset: 101,5L x 90B x 108,5H cm<\/li>\n<li> Storlek p\u00e5 h\u00f6nsg\u00e5rden: 239,5L x 90B x 98,5H cm<\/li>\n<li> Storlek p\u00e5 den nedre h\u00f6nsg\u00e5rden: 101,5L x 90B x 42H cm<\/li>\n<li> Storlek p\u00e5 v\u00e4rpredet: 83,5L x 31,5B x 32,5H cm<\/li>\n<li> Storlek p\u00e5 rampen: 88L x 21B cm<\/li>\n<li> D\u00f6rrstorlek: 77,5B x 54,5H cm (sidod\u00f6rr), 72B x 88H cm (innerd\u00f6rr), 25L x 32H cm (h\u00f6nsg\u00e5rdens d\u00f6rr)<\/li>\n<li> Storlek p\u00e5 skjutbrickorna: 84,5L x 97B x 5,5H cm<\/li>\n<\/ul>\n<p>Leveransinneh\u00e5ll:<\/p>\n<ul>\n<li> 1 x H\u00f6nsg\u00e5rd<\/li>\n<li> 1 x Installationsmanual<\/li>\n<li>Viktigt: Vi levererar artikeln kostnadsfritt till trottoarkanten. Var v\u00e4nlig och se till att adressen och telefonnumret \u00e4r korrekt..<\/li>\n<\/ul>\n","protected":false},"excerpt":{"rendered":"<p>Sk\u00e4m bort dina h\u00f6ns med denna stiliga och funktionella h\u00f6nsg\u00e5rd fr\u00e5n [BRAND NAME]. Denna modell erbjuder dina h\u00f6ns inomhus- och&#8230;<\/p>\n","protected":false},"featured_media":106264,"template":"","meta":[],"product_brand":[],"product_cat":[878,601,602],"product_tag":[],"class_list":{"0":"post-106275","1":"product","2":"type-product","3":"status-publish","4":"has-post-thumbnail","6":"product_cat-djurbehov","7":"product_cat-fageltillbehor","8":"product_cat-honshus","10":"first","11":"instock","12":"sale","13":"taxable","14":"shipping-taxable","15":"purchasable","16":"product-type-simple"},"yoast_head":"<!-- This site is optimized with the Yoast SEO plugin v25.4 - https:\/\/yoast.com\/wordpress\/plugins\/seo\/ -->\n<title>TRUUSK Kycklingkoja i tr\u00e4 med uteg\u00e5rd - V\u00e4rpreda - Asfalts tak - Utdragbar bricka - F\u00f6r 8-10 kycklingar - M\u00f6rkgr\u00e5 - TRUUSK - Hem, Tr\u00e4dg\u00e5rd &amp; Fritid<\/title>\n<meta name=\"robots\" content=\"index, follow, max-snippet:-1, max-image-preview:large, max-video-preview:-1\" \/>\n<link rel=\"canonical\" href=\"https:\/\/truusk.store\/sv\/produkt\/truusk-kycklingkoja-i-tra-med-utegard-varpreda-asfalts-tak-utdragbar-bricka-for-8-10-kycklingar-morkgra\/\" \/>\n<meta property=\"og:locale\" content=\"sv_SE\" \/>\n<meta property=\"og:type\" content=\"article\" \/>\n<meta property=\"og:title\" content=\"TRUUSK Kycklingkoja i tr\u00e4 med uteg\u00e5rd - V\u00e4rpreda - Asfalts tak - Utdragbar bricka - F\u00f6r 8-10 kycklingar - M\u00f6rkgr\u00e5 - TRUUSK - Hem, Tr\u00e4dg\u00e5rd &amp; Fritid\" \/>\n<meta property=\"og:description\" content=\"Sk\u00e4m bort dina h\u00f6ns med denna stiliga och funktionella h\u00f6nsg\u00e5rd fr\u00e5n [BRAND NAME]. Denna modell erbjuder dina h\u00f6ns inomhus- och...\" \/>\n<meta property=\"og:url\" content=\"https:\/\/truusk.store\/sv\/produkt\/truusk-kycklingkoja-i-tra-med-utegard-varpreda-asfalts-tak-utdragbar-bricka-for-8-10-kycklingar-morkgra\/\" \/>\n<meta property=\"og:site_name\" content=\"TRUUSK - Hem, Tr\u00e4dg\u00e5rd &amp; Fritid\" \/>\n<meta property=\"article:modified_time\" content=\"2026-03-12T07:53:37+00:00\" \/>\n<meta property=\"og:image\" content=\"https:\/\/i0.wp.com\/truusk.se\/wp-content\/uploads\/2026\/02\/kycklingkoja-i-tra-med-utegard-varpreda-asfalts-tak-utdragbar-bricka-for-8-10-kycklingar-347x160x150-cm-morkgra-1.webp?fit=2000%2C2000&ssl=1\" \/>\n\t<meta property=\"og:image:width\" content=\"2000\" \/>\n\t<meta property=\"og:image:height\" content=\"2000\" \/>\n\t<meta property=\"og:image:type\" content=\"image\/webp\" \/>\n<meta name=\"twitter:card\" content=\"summary_large_image\" \/>\n<meta name=\"twitter:label1\" content=\"Ber\u00e4knad l\u00e4stid\" \/>\n\t<meta name=\"twitter:data1\" content=\"2 minuter\" \/>\n<!-- \/ Yoast SEO plugin. -->","yoast_head_json":{"title":"TRUUSK Kycklingkoja i tr\u00e4 med uteg\u00e5rd - V\u00e4rpreda - Asfalts tak - Utdragbar bricka - F\u00f6r 8-10 kycklingar - M\u00f6rkgr\u00e5 - TRUUSK - Hem, Tr\u00e4dg\u00e5rd &amp; Fritid","robots":{"index":"index","follow":"follow","max-snippet":"max-snippet:-1","max-image-preview":"max-image-preview:large","max-video-preview":"max-video-preview:-1"},"canonical":"https:\/\/truusk.store\/sv\/produkt\/truusk-kycklingkoja-i-tra-med-utegard-varpreda-asfalts-tak-utdragbar-bricka-for-8-10-kycklingar-morkgra\/","og_locale":"sv_SE","og_type":"article","og_title":"TRUUSK Kycklingkoja i tr\u00e4 med uteg\u00e5rd - V\u00e4rpreda - Asfalts tak - Utdragbar bricka - F\u00f6r 8-10 kycklingar - M\u00f6rkgr\u00e5 - TRUUSK - Hem, Tr\u00e4dg\u00e5rd &amp; Fritid","og_description":"Sk\u00e4m bort dina h\u00f6ns med denna stiliga och funktionella h\u00f6nsg\u00e5rd fr\u00e5n [BRAND NAME]. Denna modell erbjuder dina h\u00f6ns inomhus- och...","og_url":"https:\/\/truusk.store\/sv\/produkt\/truusk-kycklingkoja-i-tra-med-utegard-varpreda-asfalts-tak-utdragbar-bricka-for-8-10-kycklingar-morkgra\/","og_site_name":"TRUUSK - Hem, Tr\u00e4dg\u00e5rd &amp; Fritid","article_modified_time":"2026-03-12T07:53:37+00:00","og_image":[{"width":2000,"height":2000,"url":"https:\/\/i0.wp.com\/truusk.se\/wp-content\/uploads\/2026\/02\/kycklingkoja-i-tra-med-utegard-varpreda-asfalts-tak-utdragbar-bricka-for-8-10-kycklingar-347x160x150-cm-morkgra-1.webp?fit=2000%2C2000&ssl=1","type":"image\/webp"}],"twitter_card":"summary_large_image","twitter_misc":{"Ber\u00e4knad l\u00e4stid":"2 minuter"},"schema":{"@context":"https:\/\/schema.org","@graph":[{"@type":"WebPage","@id":"https:\/\/truusk.store\/sv\/produkt\/truusk-kycklingkoja-i-tra-med-utegard-varpreda-asfalts-tak-utdragbar-bricka-for-8-10-kycklingar-morkgra\/","url":"https:\/\/truusk.store\/sv\/produkt\/truusk-kycklingkoja-i-tra-med-utegard-varpreda-asfalts-tak-utdragbar-bricka-for-8-10-kycklingar-morkgra\/","name":"TRUUSK Kycklingkoja i tr\u00e4 med uteg\u00e5rd - V\u00e4rpreda - Asfalts tak - Utdragbar bricka - F\u00f6r 8-10 kycklingar - M\u00f6rkgr\u00e5 - TRUUSK - Hem, Tr\u00e4dg\u00e5rd &amp; Fritid","isPartOf":{"@id":"https:\/\/truusk.store\/sv\/#website"},"primaryImageOfPage":{"@id":"https:\/\/truusk.store\/sv\/produkt\/truusk-kycklingkoja-i-tra-med-utegard-varpreda-asfalts-tak-utdragbar-bricka-for-8-10-kycklingar-morkgra\/#primaryimage"},"image":{"@id":"https:\/\/truusk.store\/sv\/produkt\/truusk-kycklingkoja-i-tra-med-utegard-varpreda-asfalts-tak-utdragbar-bricka-for-8-10-kycklingar-morkgra\/#primaryimage"},"thumbnailUrl":"https:\/\/i0.wp.com\/truusk.store\/wp-content\/uploads\/2026\/02\/kycklingkoja-i-tra-med-utegard-varpreda-asfalts-tak-utdragbar-bricka-for-8-10-kycklingar-347x160x150-cm-morkgra-1.webp?fit=2000%2C2000&ssl=1","datePublished":"2026-02-24T06:23:04+00:00","dateModified":"2026-03-12T07:53:37+00:00","breadcrumb":{"@id":"https:\/\/truusk.store\/sv\/produkt\/truusk-kycklingkoja-i-tra-med-utegard-varpreda-asfalts-tak-utdragbar-bricka-for-8-10-kycklingar-morkgra\/#breadcrumb"},"inLanguage":"sv-SE","potentialAction":[{"@type":"ReadAction","target":["https:\/\/truusk.store\/sv\/produkt\/truusk-kycklingkoja-i-tra-med-utegard-varpreda-asfalts-tak-utdragbar-bricka-for-8-10-kycklingar-morkgra\/"]}]},{"@type":"ImageObject","inLanguage":"sv-SE","@id":"https:\/\/truusk.store\/sv\/produkt\/truusk-kycklingkoja-i-tra-med-utegard-varpreda-asfalts-tak-utdragbar-bricka-for-8-10-kycklingar-morkgra\/#primaryimage","url":"https:\/\/i0.wp.com\/truusk.store\/wp-content\/uploads\/2026\/02\/kycklingkoja-i-tra-med-utegard-varpreda-asfalts-tak-utdragbar-bricka-for-8-10-kycklingar-347x160x150-cm-morkgra-1.webp?fit=2000%2C2000&ssl=1","contentUrl":"https:\/\/i0.wp.com\/truusk.store\/wp-content\/uploads\/2026\/02\/kycklingkoja-i-tra-med-utegard-varpreda-asfalts-tak-utdragbar-bricka-for-8-10-kycklingar-347x160x150-cm-morkgra-1.webp?fit=2000%2C2000&ssl=1","width":2000,"height":2000},{"@type":"BreadcrumbList","@id":"https:\/\/truusk.store\/sv\/produkt\/truusk-kycklingkoja-i-tra-med-utegard-varpreda-asfalts-tak-utdragbar-bricka-for-8-10-kycklingar-morkgra\/#breadcrumb","itemListElement":[{"@type":"ListItem","position":1,"name":"Home","item":"https:\/\/truusk.store\/sv\/"},{"@type":"ListItem","position":2,"name":"Shop","item":"https:\/\/truusk.store\/shop\/"},{"@type":"ListItem","position":3,"name":"TRUUSK Kycklingkoja i tr\u00e4 med uteg\u00e5rd &#8211; V\u00e4rpreda &#8211; Asfalts tak &#8211; Utdragbar bricka &#8211; F\u00f6r 8-10 kycklingar &#8211; M\u00f6rkgr\u00e5"}]},{"@type":"WebSite","@id":"https:\/\/truusk.store\/sv\/#website","url":"https:\/\/truusk.store\/sv\/","name":"TRUUSK - Hem, Tr\u00e4dg\u00e5rd & Fritid","description":"","publisher":{"@id":"https:\/\/truusk.store\/sv\/#organization"},"potentialAction":[{"@type":"SearchAction","target":{"@type":"EntryPoint","urlTemplate":"https:\/\/truusk.store\/sv\/?s={search_term_string}"},"query-input":{"@type":"PropertyValueSpecification","valueRequired":true,"valueName":"search_term_string"}}],"inLanguage":"sv-SE"},{"@type":"Organization","@id":"https:\/\/truusk.store\/sv\/#organization","name":"TRUUSK - Hem, Tr\u00e4dg\u00e5rd & Fritid","url":"https:\/\/truusk.store\/sv\/","logo":{"@type":"ImageObject","inLanguage":"sv-SE","@id":"https:\/\/truusk.store\/sv\/#\/schema\/logo\/image\/","url":"https:\/\/i0.wp.com\/truusk.store\/wp-content\/uploads\/2026\/03\/cropped-TRUUSK.png?fit=2032%2C917&ssl=1","contentUrl":"https:\/\/i0.wp.com\/truusk.store\/wp-content\/uploads\/2026\/03\/cropped-TRUUSK.png?fit=2032%2C917&ssl=1","width":2032,"height":917,"caption":"TRUUSK - Hem, Tr\u00e4dg\u00e5rd & Fritid"},"image":{"@id":"https:\/\/truusk.store\/sv\/#\/schema\/logo\/image\/"}}]}},"jetpack_sharing_enabled":true,"_links":{"self":[{"href":"https:\/\/truusk.store\/sv\/wp-json\/wp\/v2\/product\/106275","targetHints":{"allow":["GET"]}}],"collection":[{"href":"https:\/\/truusk.store\/sv\/wp-json\/wp\/v2\/product"}],"about":[{"href":"https:\/\/truusk.store\/sv\/wp-json\/wp\/v2\/types\/product"}],"wp:featuredmedia":[{"embeddable":true,"href":"https:\/\/truusk.store\/sv\/wp-json\/wp\/v2\/media\/106264"}],"wp:attachment":[{"href":"https:\/\/truusk.store\/sv\/wp-json\/wp\/v2\/media?parent=106275"}],"wp:term":[{"taxonomy":"product_brand","embeddable":true,"href":"https:\/\/truusk.store\/sv\/wp-json\/wp\/v2\/product_brand?post=106275"},{"taxonomy":"product_cat","embeddable":true,"href":"https:\/\/truusk.store\/sv\/wp-json\/wp\/v2\/product_cat?post=106275"},{"taxonomy":"product_tag","embeddable":true,"href":"https:\/\/truusk.store\/sv\/wp-json\/wp\/v2\/product_tag?post=106275"}],"curies":[{"name":"wp","href":"https:\/\/api.w.org\/{rel}","templated":true}]}}