{"id":106287,"date":"2026-02-24T07:24:08","date_gmt":"2026-02-24T06:24:08","guid":{"rendered":"https:\/\/truusk.store\/product\/ergonomisk-gamingstol-kattoron-gamerstol-i-konstlader-med-landstod-fotstod-huvudstod-rosa\/"},"modified":"2026-03-12T08:53:39","modified_gmt":"2026-03-12T07:53:39","slug":"truusk-ergonomisk-gamingstol-kattoron-design-konstlader-landstod-fotstod-huvudstod-rosa","status":"publish","type":"product","link":"https:\/\/truusk.store\/sv\/produkt\/truusk-ergonomisk-gamingstol-kattoron-design-konstlader-landstod-fotstod-huvudstod-rosa\/","title":{"rendered":"TRUUSK Ergonomisk Gamingstol &#8211; Katt\u00f6ron-design &#8211; Konstl\u00e4der &#8211; L\u00e4ndst\u00f6d &#8211; Fotst\u00f6d &#8211; Huvudst\u00f6d &#8211; Rosa"},"content":{"rendered":"<p>Ge ditt setup charm och komfort med [BRAND NAME] Gamer Stol! S\u00f6ta detaljer som katt\u00f6ron, ett katttass-l\u00e4ndkudde och den delikata rosa f\u00e4rgen g\u00f6r den till en h\u00f6jdpunkt f\u00f6r gamers. Den ergonomiska h\u00f6ga ryggen, den avtagbara huvudst\u00f6det och den bekv\u00e4ma l\u00e4ndst\u00f6det p\u00e5 spelstolen ger komfort. Tack vare den lutande ryggst\u00f6det och fotst\u00f6det kan du njuta av stilfullt spelande, arbete eller avkoppling!<\/p>\n<p>Beskrivning:<\/p>\n<ul>\n<li> S\u00f6tt kattunge-design med charmiga katt\u00f6ron och en tass-l\u00e4ndkudde<\/li>\n<li> H\u00f6gt ryggst\u00f6d, avtagbart huvudst\u00f6d och l\u00e4ndkudde ger st\u00f6d f\u00f6r nacke och rygg, bekv\u00e4mt hela dagen<\/li>\n<li> Sitsen av dubbel densitet skum ger mjukt men fast st\u00f6d i timmar<\/li>\n<li> Lutande ryggst\u00f6d och inf\u00e4llbart fotst\u00f6d p\u00e5 PC-stolen m\u00f6jligg\u00f6r avkoppling under spel pauser<\/li>\n<li> Mjukt konstl\u00e4der p\u00e5 datorstolen \u00e4r slitstarkt, resistent mot fl\u00e4ckar och l\u00e4tt att reng\u00f6ra<\/li>\n<li> H\u00f6jdjustering fr\u00e5n 118\u2013128 cm ger optimal inriktning med skrivbord<\/li>\n<li> Tysta PU-hjul glider mjukt \u00f6ver golvet utan att orsaka skador<\/li>\n<li> Montering kr\u00e4vs<\/li>\n<\/ul>\n<p> Tekniska data:<\/p>\n<ul>\n<li> F\u00e4rg: Rosa+Vit<\/li>\n<li> Material: Konstl\u00e4der, skum, dockbomull, flerskiktsplatta, st\u00e5l, plast<\/li>\n<li> Totala dimensioner: 63,5B x 53D x 118-128H cm<\/li>\n<li> Liggande dimensioner: 63,5B x 100D x 103-113H cm<\/li>\n<li> Sitsstorlek: 52B x 50D x 49-59H cm<\/li>\n<li> Ryggstorlek: 53,5B x 78,5H cm<\/li>\n<li> Tjocklek: 16 cm (sits), 14,5 cm (rygg)<\/li>\n<li> Armst\u00f6dsstorlek: 43,5L x 8B cm<\/li>\n<li> Armst\u00f6dsh\u00f6jd fr\u00e5n golvet: 70-80 cm<\/li>\n<li> Fotst\u00f6dsstorlek: 36L x 22B x 7D cm<\/li>\n<li> L\u00e4ndst\u00f6dsstorlek: 49L x 34B x 14D cm<\/li>\n<li> Huvudst\u00f6dsstorlek: 30L x 18B x 8D cm<\/li>\n<li> B\u00e4rkapacitet: 120 kg<\/li>\n<\/ul>\n<p>Leveransinneh\u00e5ll:<\/p>\n<ul>\n<li> 1 x Gaming-stol<\/li>\n<li> 1 x Bruksanvisning<\/li>\n<\/ul>\n","protected":false},"excerpt":{"rendered":"<p>Ge ditt setup charm och komfort med [BRAND NAME] Gamer Stol! S\u00f6ta detaljer som katt\u00f6ron, ett katttass-l\u00e4ndkudde och den delikata&#8230;<\/p>\n","protected":false},"featured_media":106274,"template":"","meta":[],"product_brand":[],"product_cat":[1009,872,871],"product_tag":[],"class_list":{"0":"post-106287","1":"product","2":"type-product","3":"status-publish","4":"has-post-thumbnail","6":"product_cat-gamingstolar","7":"product_cat-hemmakontor-arbetsplats","8":"product_cat-hus-hem","10":"first","11":"instock","12":"sale","13":"taxable","14":"shipping-taxable","15":"purchasable","16":"product-type-simple"},"yoast_head":"<!-- This site is optimized with the Yoast SEO plugin v25.4 - https:\/\/yoast.com\/wordpress\/plugins\/seo\/ -->\n<title>TRUUSK Ergonomisk Gamingstol - Katt\u00f6ron-design - Konstl\u00e4der - L\u00e4ndst\u00f6d - Fotst\u00f6d - Huvudst\u00f6d - Rosa - TRUUSK - Hem, Tr\u00e4dg\u00e5rd &amp; Fritid<\/title>\n<meta name=\"robots\" content=\"index, follow, max-snippet:-1, max-image-preview:large, max-video-preview:-1\" \/>\n<link rel=\"canonical\" href=\"https:\/\/truusk.store\/sv\/produkt\/truusk-ergonomisk-gamingstol-kattoron-design-konstlader-landstod-fotstod-huvudstod-rosa\/\" \/>\n<meta property=\"og:locale\" content=\"sv_SE\" \/>\n<meta property=\"og:type\" content=\"article\" \/>\n<meta property=\"og:title\" content=\"TRUUSK Ergonomisk Gamingstol - Katt\u00f6ron-design - Konstl\u00e4der - L\u00e4ndst\u00f6d - Fotst\u00f6d - Huvudst\u00f6d - Rosa - TRUUSK - Hem, Tr\u00e4dg\u00e5rd &amp; Fritid\" \/>\n<meta property=\"og:description\" content=\"Ge ditt setup charm och komfort med [BRAND NAME] Gamer Stol! S\u00f6ta detaljer som katt\u00f6ron, ett katttass-l\u00e4ndkudde och den delikata...\" \/>\n<meta property=\"og:url\" content=\"https:\/\/truusk.store\/sv\/produkt\/truusk-ergonomisk-gamingstol-kattoron-design-konstlader-landstod-fotstod-huvudstod-rosa\/\" \/>\n<meta property=\"og:site_name\" content=\"TRUUSK - Hem, Tr\u00e4dg\u00e5rd &amp; Fritid\" \/>\n<meta property=\"article:modified_time\" content=\"2026-03-12T07:53:39+00:00\" \/>\n<meta property=\"og:image\" content=\"https:\/\/i0.wp.com\/truusk.se\/wp-content\/uploads\/2026\/02\/ergonomisk-gamingstol-kattoron-gamerstol-i-konstlader-med-landstod-fotstod-huvudstod-rosa-1.webp?fit=2000%2C2000&ssl=1\" \/>\n\t<meta property=\"og:image:width\" content=\"2000\" \/>\n\t<meta property=\"og:image:height\" content=\"2000\" \/>\n\t<meta property=\"og:image:type\" content=\"image\/webp\" \/>\n<meta name=\"twitter:card\" content=\"summary_large_image\" \/>\n<meta name=\"twitter:label1\" content=\"Ber\u00e4knad l\u00e4stid\" \/>\n\t<meta name=\"twitter:data1\" content=\"1 minut\" \/>\n<!-- \/ Yoast SEO plugin. -->","yoast_head_json":{"title":"TRUUSK Ergonomisk Gamingstol - Katt\u00f6ron-design - Konstl\u00e4der - L\u00e4ndst\u00f6d - Fotst\u00f6d - Huvudst\u00f6d - Rosa - TRUUSK - Hem, Tr\u00e4dg\u00e5rd &amp; Fritid","robots":{"index":"index","follow":"follow","max-snippet":"max-snippet:-1","max-image-preview":"max-image-preview:large","max-video-preview":"max-video-preview:-1"},"canonical":"https:\/\/truusk.store\/sv\/produkt\/truusk-ergonomisk-gamingstol-kattoron-design-konstlader-landstod-fotstod-huvudstod-rosa\/","og_locale":"sv_SE","og_type":"article","og_title":"TRUUSK Ergonomisk Gamingstol - Katt\u00f6ron-design - Konstl\u00e4der - L\u00e4ndst\u00f6d - Fotst\u00f6d - Huvudst\u00f6d - Rosa - TRUUSK - Hem, Tr\u00e4dg\u00e5rd &amp; Fritid","og_description":"Ge ditt setup charm och komfort med [BRAND NAME] Gamer Stol! S\u00f6ta detaljer som katt\u00f6ron, ett katttass-l\u00e4ndkudde och den delikata...","og_url":"https:\/\/truusk.store\/sv\/produkt\/truusk-ergonomisk-gamingstol-kattoron-design-konstlader-landstod-fotstod-huvudstod-rosa\/","og_site_name":"TRUUSK - Hem, Tr\u00e4dg\u00e5rd &amp; Fritid","article_modified_time":"2026-03-12T07:53:39+00:00","og_image":[{"width":2000,"height":2000,"url":"https:\/\/i0.wp.com\/truusk.se\/wp-content\/uploads\/2026\/02\/ergonomisk-gamingstol-kattoron-gamerstol-i-konstlader-med-landstod-fotstod-huvudstod-rosa-1.webp?fit=2000%2C2000&ssl=1","type":"image\/webp"}],"twitter_card":"summary_large_image","twitter_misc":{"Ber\u00e4knad l\u00e4stid":"1 minut"},"schema":{"@context":"https:\/\/schema.org","@graph":[{"@type":"WebPage","@id":"https:\/\/truusk.store\/sv\/produkt\/truusk-ergonomisk-gamingstol-kattoron-design-konstlader-landstod-fotstod-huvudstod-rosa\/","url":"https:\/\/truusk.store\/sv\/produkt\/truusk-ergonomisk-gamingstol-kattoron-design-konstlader-landstod-fotstod-huvudstod-rosa\/","name":"TRUUSK Ergonomisk Gamingstol - Katt\u00f6ron-design - Konstl\u00e4der - L\u00e4ndst\u00f6d - Fotst\u00f6d - Huvudst\u00f6d - Rosa - TRUUSK - Hem, Tr\u00e4dg\u00e5rd &amp; Fritid","isPartOf":{"@id":"https:\/\/truusk.store\/sv\/#website"},"primaryImageOfPage":{"@id":"https:\/\/truusk.store\/sv\/produkt\/truusk-ergonomisk-gamingstol-kattoron-design-konstlader-landstod-fotstod-huvudstod-rosa\/#primaryimage"},"image":{"@id":"https:\/\/truusk.store\/sv\/produkt\/truusk-ergonomisk-gamingstol-kattoron-design-konstlader-landstod-fotstod-huvudstod-rosa\/#primaryimage"},"thumbnailUrl":"https:\/\/i0.wp.com\/truusk.store\/wp-content\/uploads\/2026\/02\/ergonomisk-gamingstol-kattoron-gamerstol-i-konstlader-med-landstod-fotstod-huvudstod-rosa-1.webp?fit=2000%2C2000&ssl=1","datePublished":"2026-02-24T06:24:08+00:00","dateModified":"2026-03-12T07:53:39+00:00","breadcrumb":{"@id":"https:\/\/truusk.store\/sv\/produkt\/truusk-ergonomisk-gamingstol-kattoron-design-konstlader-landstod-fotstod-huvudstod-rosa\/#breadcrumb"},"inLanguage":"sv-SE","potentialAction":[{"@type":"ReadAction","target":["https:\/\/truusk.store\/sv\/produkt\/truusk-ergonomisk-gamingstol-kattoron-design-konstlader-landstod-fotstod-huvudstod-rosa\/"]}]},{"@type":"ImageObject","inLanguage":"sv-SE","@id":"https:\/\/truusk.store\/sv\/produkt\/truusk-ergonomisk-gamingstol-kattoron-design-konstlader-landstod-fotstod-huvudstod-rosa\/#primaryimage","url":"https:\/\/i0.wp.com\/truusk.store\/wp-content\/uploads\/2026\/02\/ergonomisk-gamingstol-kattoron-gamerstol-i-konstlader-med-landstod-fotstod-huvudstod-rosa-1.webp?fit=2000%2C2000&ssl=1","contentUrl":"https:\/\/i0.wp.com\/truusk.store\/wp-content\/uploads\/2026\/02\/ergonomisk-gamingstol-kattoron-gamerstol-i-konstlader-med-landstod-fotstod-huvudstod-rosa-1.webp?fit=2000%2C2000&ssl=1","width":2000,"height":2000},{"@type":"BreadcrumbList","@id":"https:\/\/truusk.store\/sv\/produkt\/truusk-ergonomisk-gamingstol-kattoron-design-konstlader-landstod-fotstod-huvudstod-rosa\/#breadcrumb","itemListElement":[{"@type":"ListItem","position":1,"name":"Home","item":"https:\/\/truusk.store\/sv\/"},{"@type":"ListItem","position":2,"name":"Shop","item":"https:\/\/truusk.store\/shop\/"},{"@type":"ListItem","position":3,"name":"TRUUSK Ergonomisk Gamingstol &#8211; Katt\u00f6ron-design &#8211; Konstl\u00e4der &#8211; L\u00e4ndst\u00f6d &#8211; Fotst\u00f6d &#8211; Huvudst\u00f6d &#8211; Rosa"}]},{"@type":"WebSite","@id":"https:\/\/truusk.store\/sv\/#website","url":"https:\/\/truusk.store\/sv\/","name":"TRUUSK - Hem, Tr\u00e4dg\u00e5rd & Fritid","description":"","publisher":{"@id":"https:\/\/truusk.store\/sv\/#organization"},"potentialAction":[{"@type":"SearchAction","target":{"@type":"EntryPoint","urlTemplate":"https:\/\/truusk.store\/sv\/?s={search_term_string}"},"query-input":{"@type":"PropertyValueSpecification","valueRequired":true,"valueName":"search_term_string"}}],"inLanguage":"sv-SE"},{"@type":"Organization","@id":"https:\/\/truusk.store\/sv\/#organization","name":"TRUUSK - Hem, Tr\u00e4dg\u00e5rd & Fritid","url":"https:\/\/truusk.store\/sv\/","logo":{"@type":"ImageObject","inLanguage":"sv-SE","@id":"https:\/\/truusk.store\/sv\/#\/schema\/logo\/image\/","url":"https:\/\/i0.wp.com\/truusk.store\/wp-content\/uploads\/2026\/03\/cropped-TRUUSK.png?fit=2032%2C917&ssl=1","contentUrl":"https:\/\/i0.wp.com\/truusk.store\/wp-content\/uploads\/2026\/03\/cropped-TRUUSK.png?fit=2032%2C917&ssl=1","width":2032,"height":917,"caption":"TRUUSK - Hem, Tr\u00e4dg\u00e5rd & Fritid"},"image":{"@id":"https:\/\/truusk.store\/sv\/#\/schema\/logo\/image\/"}}]}},"jetpack_sharing_enabled":true,"_links":{"self":[{"href":"https:\/\/truusk.store\/sv\/wp-json\/wp\/v2\/product\/106287","targetHints":{"allow":["GET"]}}],"collection":[{"href":"https:\/\/truusk.store\/sv\/wp-json\/wp\/v2\/product"}],"about":[{"href":"https:\/\/truusk.store\/sv\/wp-json\/wp\/v2\/types\/product"}],"wp:featuredmedia":[{"embeddable":true,"href":"https:\/\/truusk.store\/sv\/wp-json\/wp\/v2\/media\/106274"}],"wp:attachment":[{"href":"https:\/\/truusk.store\/sv\/wp-json\/wp\/v2\/media?parent=106287"}],"wp:term":[{"taxonomy":"product_brand","embeddable":true,"href":"https:\/\/truusk.store\/sv\/wp-json\/wp\/v2\/product_brand?post=106287"},{"taxonomy":"product_cat","embeddable":true,"href":"https:\/\/truusk.store\/sv\/wp-json\/wp\/v2\/product_cat?post=106287"},{"taxonomy":"product_tag","embeddable":true,"href":"https:\/\/truusk.store\/sv\/wp-json\/wp\/v2\/product_tag?post=106287"}],"curies":[{"name":"wp","href":"https:\/\/api.w.org\/{rel}","templated":true}]}}