{"id":106305,"date":"2026-02-24T07:25:47","date_gmt":"2026-02-24T06:25:47","guid":{"rendered":"https:\/\/truusk.store\/product\/barn-sminkbord-set-med-pall-spegel-lador-kladstanger-for-3-8-ar-56-x-38-x-878-cm-vit\/"},"modified":"2026-03-12T08:53:39","modified_gmt":"2026-03-12T07:53:39","slug":"truusk-sminkbord-set-for-barn-inklusive-pall-spegel-lador-kladstanger-for-3-8-ar-56-x-38-x-878-cm-vit","status":"publish","type":"product","link":"https:\/\/truusk.store\/sv\/produkt\/truusk-sminkbord-set-for-barn-inklusive-pall-spegel-lador-kladstanger-for-3-8-ar-56-x-38-x-878-cm-vit\/","title":{"rendered":"TRUUSK Sminkbord Set f\u00f6r Barn &#8211; Inklusive Pall, Spegel, L\u00e5dor, Kl\u00e4dst\u00e4nger &#8211; F\u00f6r 3-8 \u00e5r &#8211; 56 x 38 x 87,8 cm &#8211; Vit"},"content":{"rendered":"<p>Det \u00e4r f\u00f6rtjusande att se ditt barn g\u00f6ra sig redo, men att organisera kan vara utmanande. [BRAND NAME] barnsminkbordset med s\u00e4ker design erbjuder ett lekfullt utrymme. L\u00e5dor och kl\u00e4dst\u00e4nger underl\u00e4ttar st\u00e4dningen, fr\u00e4mjar ordning och skapar ett vackert h\u00f6rn. F\u00f6r\u00e4ldrar blir glada n\u00e4r deras barn stolt tar hand om sitt speciella utrymme.<\/p>\n<p>Beskrivning:<\/p>\n<ul>\n<li> Barnsminkbordset f\u00f6r barn med pall och spegel, erbjuder kreativt f\u00f6rvaringsutrymme<\/li>\n<li> Utrustad med en br\u00e4ckfri akrylspegel och rundade kanter f\u00f6r s\u00e4kert spel<\/li>\n<li> Erbjuder 2 l\u00e5dor och kl\u00e4dst\u00e4nger f\u00f6r att organisera barnens skatter<\/li>\n<li> Ben av massivt furutr\u00e4 ger en stabil och robust struktur \u00f6ver \u00e5ren<\/li>\n<li> B\u00e4r 30 kg (bord) och 50 kg (stol), v\u00e4xer med ditt barn<\/li>\n<li> Uppmuntrar till fantasifullt spel, fr\u00e4mjar kreativitet och st\u00e4rker ditt barns sj\u00e4lvf\u00f6rtroende<\/li>\n<li> En fantastisk f\u00f6delsedags- eller julklapp f\u00f6r barn i \u00e5ldern 3 till 8 \u00e5r<\/li>\n<li> Montering kr\u00e4vs<\/li>\n<\/ul>\n<p> Tekniska specifikationer:<\/p>\n<ul>\n<li> F\u00e4rg: Vit+Brun<\/li>\n<li> Material: MDF, furutr\u00e4, akryl<\/li>\n<li> Sminkbordets dimensioner: 56L x 38B x 87,8H cm<\/li>\n<li> Pallens dimensioner: 25L x 25B x 24H cm<\/li>\n<li> Bordsskivans h\u00f6jd: 44 cm<\/li>\n<li> Sitt h\u00f6jd: 24 cm<\/li>\n<li> Spegelstorlek: 25,5L x 20,8B cm<\/li>\n<li> Inre m\u00e5tt p\u00e5 l\u00e5dan: 24,2L x 14,3B x 7,8H cm<\/li>\n<li> Maximal belastning: 30 kg (bordsskiva), 50 kg (pall)<\/li>\n<li> Rekommenderad \u00e5lder: 3 \u00e5r+<\/li>\n<li> L\u00e4mplig \u00e5lder: 3-8 \u00e5r<\/li>\n<\/ul>\n<p>Leveransinneh\u00e5ll:<\/p>\n<ul>\n<li> 1 x Sminkbord<\/li>\n<li> 1 x Stol<\/li>\n<li> 1 x Instruktioner<\/li>\n<\/ul>\n","protected":false},"excerpt":{"rendered":"<p>Det \u00e4r f\u00f6rtjusande att se ditt barn g\u00f6ra sig redo, men att organisera kan vara utmanande. [BRAND NAME] barnsminkbordset med&#8230;<\/p>\n","protected":false},"featured_media":106294,"template":"","meta":[],"product_brand":[],"product_cat":[880,626,918],"product_tag":[],"class_list":{"0":"post-106305","1":"product","2":"type-product","3":"status-publish","4":"has-post-thumbnail","6":"product_cat-baby-barn-2","7":"product_cat-barns-rollspel","8":"product_cat-leksaker","10":"first","11":"instock","12":"sale","13":"taxable","14":"shipping-taxable","15":"purchasable","16":"product-type-simple"},"yoast_head":"<!-- This site is optimized with the Yoast SEO plugin v25.4 - https:\/\/yoast.com\/wordpress\/plugins\/seo\/ -->\n<title>TRUUSK Sminkbord Set f\u00f6r Barn - Inklusive Pall, Spegel, L\u00e5dor, Kl\u00e4dst\u00e4nger - F\u00f6r 3-8 \u00e5r - 56 x 38 x 87,8 cm - Vit - TRUUSK - Hem, Tr\u00e4dg\u00e5rd &amp; Fritid<\/title>\n<meta name=\"robots\" content=\"index, follow, max-snippet:-1, max-image-preview:large, max-video-preview:-1\" \/>\n<link rel=\"canonical\" href=\"https:\/\/truusk.store\/sv\/produkt\/truusk-sminkbord-set-for-barn-inklusive-pall-spegel-lador-kladstanger-for-3-8-ar-56-x-38-x-878-cm-vit\/\" \/>\n<meta property=\"og:locale\" content=\"sv_SE\" \/>\n<meta property=\"og:type\" content=\"article\" \/>\n<meta property=\"og:title\" content=\"TRUUSK Sminkbord Set f\u00f6r Barn - Inklusive Pall, Spegel, L\u00e5dor, Kl\u00e4dst\u00e4nger - F\u00f6r 3-8 \u00e5r - 56 x 38 x 87,8 cm - Vit - TRUUSK - Hem, Tr\u00e4dg\u00e5rd &amp; Fritid\" \/>\n<meta property=\"og:description\" content=\"Det \u00e4r f\u00f6rtjusande att se ditt barn g\u00f6ra sig redo, men att organisera kan vara utmanande. [BRAND NAME] barnsminkbordset med...\" \/>\n<meta property=\"og:url\" content=\"https:\/\/truusk.store\/sv\/produkt\/truusk-sminkbord-set-for-barn-inklusive-pall-spegel-lador-kladstanger-for-3-8-ar-56-x-38-x-878-cm-vit\/\" \/>\n<meta property=\"og:site_name\" content=\"TRUUSK - Hem, Tr\u00e4dg\u00e5rd &amp; Fritid\" \/>\n<meta property=\"article:modified_time\" content=\"2026-03-12T07:53:39+00:00\" \/>\n<meta property=\"og:image\" content=\"https:\/\/i0.wp.com\/truusk.se\/wp-content\/uploads\/2026\/02\/barn-sminkbord-set-med-pall-spegel-lador-kladstanger-for-3-8-ar-56-x-38-x-878-cm-vit-1.webp?fit=2000%2C2000&ssl=1\" \/>\n\t<meta property=\"og:image:width\" content=\"2000\" \/>\n\t<meta property=\"og:image:height\" content=\"2000\" \/>\n\t<meta property=\"og:image:type\" content=\"image\/webp\" \/>\n<meta name=\"twitter:card\" content=\"summary_large_image\" \/>\n<meta name=\"twitter:label1\" content=\"Ber\u00e4knad l\u00e4stid\" \/>\n\t<meta name=\"twitter:data1\" content=\"1 minut\" \/>\n<!-- \/ Yoast SEO plugin. -->","yoast_head_json":{"title":"TRUUSK Sminkbord Set f\u00f6r Barn - Inklusive Pall, Spegel, L\u00e5dor, Kl\u00e4dst\u00e4nger - F\u00f6r 3-8 \u00e5r - 56 x 38 x 87,8 cm - Vit - TRUUSK - Hem, Tr\u00e4dg\u00e5rd &amp; Fritid","robots":{"index":"index","follow":"follow","max-snippet":"max-snippet:-1","max-image-preview":"max-image-preview:large","max-video-preview":"max-video-preview:-1"},"canonical":"https:\/\/truusk.store\/sv\/produkt\/truusk-sminkbord-set-for-barn-inklusive-pall-spegel-lador-kladstanger-for-3-8-ar-56-x-38-x-878-cm-vit\/","og_locale":"sv_SE","og_type":"article","og_title":"TRUUSK Sminkbord Set f\u00f6r Barn - Inklusive Pall, Spegel, L\u00e5dor, Kl\u00e4dst\u00e4nger - F\u00f6r 3-8 \u00e5r - 56 x 38 x 87,8 cm - Vit - TRUUSK - Hem, Tr\u00e4dg\u00e5rd &amp; Fritid","og_description":"Det \u00e4r f\u00f6rtjusande att se ditt barn g\u00f6ra sig redo, men att organisera kan vara utmanande. [BRAND NAME] barnsminkbordset med...","og_url":"https:\/\/truusk.store\/sv\/produkt\/truusk-sminkbord-set-for-barn-inklusive-pall-spegel-lador-kladstanger-for-3-8-ar-56-x-38-x-878-cm-vit\/","og_site_name":"TRUUSK - Hem, Tr\u00e4dg\u00e5rd &amp; Fritid","article_modified_time":"2026-03-12T07:53:39+00:00","og_image":[{"width":2000,"height":2000,"url":"https:\/\/i0.wp.com\/truusk.se\/wp-content\/uploads\/2026\/02\/barn-sminkbord-set-med-pall-spegel-lador-kladstanger-for-3-8-ar-56-x-38-x-878-cm-vit-1.webp?fit=2000%2C2000&ssl=1","type":"image\/webp"}],"twitter_card":"summary_large_image","twitter_misc":{"Ber\u00e4knad l\u00e4stid":"1 minut"},"schema":{"@context":"https:\/\/schema.org","@graph":[{"@type":"WebPage","@id":"https:\/\/truusk.store\/sv\/produkt\/truusk-sminkbord-set-for-barn-inklusive-pall-spegel-lador-kladstanger-for-3-8-ar-56-x-38-x-878-cm-vit\/","url":"https:\/\/truusk.store\/sv\/produkt\/truusk-sminkbord-set-for-barn-inklusive-pall-spegel-lador-kladstanger-for-3-8-ar-56-x-38-x-878-cm-vit\/","name":"TRUUSK Sminkbord Set f\u00f6r Barn - Inklusive Pall, Spegel, L\u00e5dor, Kl\u00e4dst\u00e4nger - F\u00f6r 3-8 \u00e5r - 56 x 38 x 87,8 cm - Vit - TRUUSK - Hem, Tr\u00e4dg\u00e5rd &amp; Fritid","isPartOf":{"@id":"https:\/\/truusk.store\/sv\/#website"},"primaryImageOfPage":{"@id":"https:\/\/truusk.store\/sv\/produkt\/truusk-sminkbord-set-for-barn-inklusive-pall-spegel-lador-kladstanger-for-3-8-ar-56-x-38-x-878-cm-vit\/#primaryimage"},"image":{"@id":"https:\/\/truusk.store\/sv\/produkt\/truusk-sminkbord-set-for-barn-inklusive-pall-spegel-lador-kladstanger-for-3-8-ar-56-x-38-x-878-cm-vit\/#primaryimage"},"thumbnailUrl":"https:\/\/i0.wp.com\/truusk.store\/wp-content\/uploads\/2026\/02\/barn-sminkbord-set-med-pall-spegel-lador-kladstanger-for-3-8-ar-56-x-38-x-878-cm-vit-1.webp?fit=2000%2C2000&ssl=1","datePublished":"2026-02-24T06:25:47+00:00","dateModified":"2026-03-12T07:53:39+00:00","breadcrumb":{"@id":"https:\/\/truusk.store\/sv\/produkt\/truusk-sminkbord-set-for-barn-inklusive-pall-spegel-lador-kladstanger-for-3-8-ar-56-x-38-x-878-cm-vit\/#breadcrumb"},"inLanguage":"sv-SE","potentialAction":[{"@type":"ReadAction","target":["https:\/\/truusk.store\/sv\/produkt\/truusk-sminkbord-set-for-barn-inklusive-pall-spegel-lador-kladstanger-for-3-8-ar-56-x-38-x-878-cm-vit\/"]}]},{"@type":"ImageObject","inLanguage":"sv-SE","@id":"https:\/\/truusk.store\/sv\/produkt\/truusk-sminkbord-set-for-barn-inklusive-pall-spegel-lador-kladstanger-for-3-8-ar-56-x-38-x-878-cm-vit\/#primaryimage","url":"https:\/\/i0.wp.com\/truusk.store\/wp-content\/uploads\/2026\/02\/barn-sminkbord-set-med-pall-spegel-lador-kladstanger-for-3-8-ar-56-x-38-x-878-cm-vit-1.webp?fit=2000%2C2000&ssl=1","contentUrl":"https:\/\/i0.wp.com\/truusk.store\/wp-content\/uploads\/2026\/02\/barn-sminkbord-set-med-pall-spegel-lador-kladstanger-for-3-8-ar-56-x-38-x-878-cm-vit-1.webp?fit=2000%2C2000&ssl=1","width":2000,"height":2000},{"@type":"BreadcrumbList","@id":"https:\/\/truusk.store\/sv\/produkt\/truusk-sminkbord-set-for-barn-inklusive-pall-spegel-lador-kladstanger-for-3-8-ar-56-x-38-x-878-cm-vit\/#breadcrumb","itemListElement":[{"@type":"ListItem","position":1,"name":"Home","item":"https:\/\/truusk.store\/sv\/"},{"@type":"ListItem","position":2,"name":"Shop","item":"https:\/\/truusk.store\/shop\/"},{"@type":"ListItem","position":3,"name":"TRUUSK Sminkbord Set f\u00f6r Barn &#8211; Inklusive Pall, Spegel, L\u00e5dor, Kl\u00e4dst\u00e4nger &#8211; F\u00f6r 3-8 \u00e5r &#8211; 56 x 38 x 87,8 cm &#8211; Vit"}]},{"@type":"WebSite","@id":"https:\/\/truusk.store\/sv\/#website","url":"https:\/\/truusk.store\/sv\/","name":"TRUUSK - Hem, Tr\u00e4dg\u00e5rd & Fritid","description":"","publisher":{"@id":"https:\/\/truusk.store\/sv\/#organization"},"potentialAction":[{"@type":"SearchAction","target":{"@type":"EntryPoint","urlTemplate":"https:\/\/truusk.store\/sv\/?s={search_term_string}"},"query-input":{"@type":"PropertyValueSpecification","valueRequired":true,"valueName":"search_term_string"}}],"inLanguage":"sv-SE"},{"@type":"Organization","@id":"https:\/\/truusk.store\/sv\/#organization","name":"TRUUSK - Hem, Tr\u00e4dg\u00e5rd & Fritid","url":"https:\/\/truusk.store\/sv\/","logo":{"@type":"ImageObject","inLanguage":"sv-SE","@id":"https:\/\/truusk.store\/sv\/#\/schema\/logo\/image\/","url":"https:\/\/i0.wp.com\/truusk.store\/wp-content\/uploads\/2026\/03\/cropped-TRUUSK.png?fit=2032%2C917&ssl=1","contentUrl":"https:\/\/i0.wp.com\/truusk.store\/wp-content\/uploads\/2026\/03\/cropped-TRUUSK.png?fit=2032%2C917&ssl=1","width":2032,"height":917,"caption":"TRUUSK - Hem, Tr\u00e4dg\u00e5rd & Fritid"},"image":{"@id":"https:\/\/truusk.store\/sv\/#\/schema\/logo\/image\/"}}]}},"jetpack_sharing_enabled":true,"_links":{"self":[{"href":"https:\/\/truusk.store\/sv\/wp-json\/wp\/v2\/product\/106305","targetHints":{"allow":["GET"]}}],"collection":[{"href":"https:\/\/truusk.store\/sv\/wp-json\/wp\/v2\/product"}],"about":[{"href":"https:\/\/truusk.store\/sv\/wp-json\/wp\/v2\/types\/product"}],"wp:featuredmedia":[{"embeddable":true,"href":"https:\/\/truusk.store\/sv\/wp-json\/wp\/v2\/media\/106294"}],"wp:attachment":[{"href":"https:\/\/truusk.store\/sv\/wp-json\/wp\/v2\/media?parent=106305"}],"wp:term":[{"taxonomy":"product_brand","embeddable":true,"href":"https:\/\/truusk.store\/sv\/wp-json\/wp\/v2\/product_brand?post=106305"},{"taxonomy":"product_cat","embeddable":true,"href":"https:\/\/truusk.store\/sv\/wp-json\/wp\/v2\/product_cat?post=106305"},{"taxonomy":"product_tag","embeddable":true,"href":"https:\/\/truusk.store\/sv\/wp-json\/wp\/v2\/product_tag?post=106305"}],"curies":[{"name":"wp","href":"https:\/\/api.w.org\/{rel}","templated":true}]}}